{"id":3762,"date":"2023-06-08T20:16:48","date_gmt":"2023-06-08T18:16:48","guid":{"rendered":"https:\/\/anderskafka.cz\/eshop\/?post_type=product&#038;p=3762"},"modified":"2026-01-19T08:39:17","modified_gmt":"2026-01-19T07:39:17","slug":"luin-living-saunove-pantofle-cerne","status":"publish","type":"product","link":"https:\/\/anderskafka.cz\/eshop\/produkt\/luin-living-saunove-pantofle-cerne\/","title":{"rendered":"LUIN LIVING saunov\u00e9 pantofle, \u010dern\u00e9"},"content":{"rendered":"<p>\u00da\u017easn\u011b m\u011bkk\u00e9 a pohodln\u00e9 pantofle do sauny LUIN LIVING jsou vyrobeny ze sav\u00e9ho a super m\u011bkk\u00e9ho materi\u00e1lu Signature Towel s certifik\u00e1tem \u00d6ko-Tex. Pantofle V\u00e1m zp\u0159\u00edjemn\u00ed chv\u00edle p\u0159i relaxaci a budou skv\u011bl\u00fdm spole\u010dn\u00edkem p\u0159i ka\u017edodenn\u00edm no\u0161en\u00ed.<\/p>\n<p>Luin Living Signature 100% low-twist bavlna s certifik\u00e1tem \u00d6ko-Tex\u00ae zaru\u010duj\u00ed pohodln\u00e9, luxusn\u011b m\u011bkk\u00e9, ply\u0161ov\u00e9 a vysoce sav\u00e9 textilie.<\/p>\n<p>P\u0159i p\u00e9\u010di o pantofle se \u0159i\u010fte o\u0161et\u0159ovac\u00edmi symboly uveden\u00fdmi na v\u00fdrobku. Perte max. na 60 stup\u0148\u016f. Nedoporu\u010dujeme pou\u017e\u00edvat aviv\u00e1\u017e pro n\u00e1slednou ni\u017e\u0161\u00ed savost. Neb\u011blte. Su\u0161te v su\u0161i\u010dce.<\/p>\n<p>Kilt nen\u00ed sou\u010d\u00e1st\u00ed balen\u00ed.<\/p>\n","protected":false},"excerpt":{"rendered":"<p style=\"text-align: left;\">\u00da\u017easn\u011b m\u011bkk\u00e9 a pohodln\u00e9 pantofle do sauny LUIN LIVING V\u00e1m zp\u0159\u00edjemn\u00ed chv\u00edle p\u0159i relaxaci a budou skv\u011bl\u00fdm spole\u010dn\u00edkem p\u0159i ka\u017edodenn\u00edm no\u0161en\u00ed.<\/p>\n<p style=\"text-align: left;\">Finsk\u00e1 spole\u010dnost Luin Living si zakl\u00e1d\u00e1 na vysok\u00e9 kvalit\u011b a udr\u017eitelnosti sv\u00fdch v\u00fdrobk\u016f, kter\u00e9 V\u00e1m zp\u0159\u00edjemn\u00ed \u010das str\u00e1ven\u00fd v saun\u011b. Stejn\u011b tak je ocen\u00edte i p\u0159i ka\u017edodenn\u00edm no\u0161en\u00ed.<\/p>\n<p style=\"text-align: left;\"><img loading=\"lazy\" class=\" wp-image-135 aligncenter\" src=\"https:\/\/anderskafka.cz\/eshop\/wp-content\/uploads\/sites\/3\/2022\/06\/DesignFromFinland_web-1-300x300.png\" alt=\"\" width=\"171\" height=\"171\" \/><\/p>\n<p><strong>Tabulka velikost\u00ed<br \/>\n<\/strong><\/p>\n<table width=\"264\">\n<tbody>\n<tr>\n<td width=\"66\"><strong>Velikost (cm)<\/strong><\/td>\n<td width=\"66\">\n<p style=\"text-align: center;\"><strong>XS <\/strong><br \/>\n<strong>34-36<\/strong><\/p>\n<\/td>\n<td style=\"text-align: center;\" width=\"66\"><strong>S\/M<\/strong><br \/>\n<strong>37-40<\/strong><\/td>\n<td style=\"text-align: center;\" width=\"66\"><strong>L\/XL<\/strong><br \/>\n<strong>41-44<\/strong><\/td>\n<\/tr>\n<tr>\n<td>D\u00e9lka<\/td>\n<td style=\"text-align: center;\">26<\/td>\n<td style=\"text-align: center;\">28<\/td>\n<td style=\"text-align: center;\">31,5<\/td>\n<\/tr>\n<\/tbody>\n<\/table>\n<p>&nbsp;<\/p>\n","protected":false},"featured_media":3766,"comment_status":"open","ping_status":"closed","template":"","meta":{"site-sidebar-layout":"default","site-content-layout":"default","ast-main-header-display":"","ast-hfb-above-header-display":"","ast-hfb-below-header-display":"","ast-hfb-mobile-header-display":"","site-post-title":"","ast-breadcrumbs-content":"","ast-featured-img":"","footer-sml-layout":"","theme-transparent-header-meta":"","adv-header-id-meta":"","stick-header-meta":"","header-above-stick-meta":"","header-main-stick-meta":"","header-below-stick-meta":""},"location":[],"product_cat":[773],"product_tag":[787],"yoast_head":"<!-- This site is optimized with the Yoast SEO plugin v18.5.1 - https:\/\/yoast.com\/wordpress\/plugins\/seo\/ -->\n<title>LUIN LIVING saunov\u00e9 pantofle, \u010dern\u00e9 - Anders &amp; Kafka E-SHOP<\/title>\n<meta name=\"description\" content=\"\u00da\u017easn\u011b m\u011bkk\u00e9 a pohodln\u00e9 pantofle do sauny LUIN LIVING V\u00e1m zp\u0159\u00edjemn\u00ed chv\u00edle p\u0159i relaxaci a budou skv\u011bl\u00fdm spole\u010dn\u00edkem p\u0159i ka\u017edodenn\u00edm no\u0161en\u00ed. Finsk\u00e1 spole\u010dnost Luin Living si zakl\u00e1d\u00e1 na vysok\u00e9 kvalit\u011b a udr\u017eitelnosti sv\u00fdch v\u00fdrobk\u016f, kter\u00e9 V\u00e1m zp\u0159\u00edjemn\u00ed \u010das str\u00e1ven\u00fd v saun\u011b. Stejn\u011b tak je ocen\u00edte i p\u0159i ka\u017edodenn\u00edm no\u0161en\u00ed.  Tabulka velikost\u00ed     Velikost (cm)  XS  34-36  S\/M 37-40 L\/XL 41-44   D\u00e9lka 26 28 31,5    &nbsp;\" \/>\n<meta name=\"robots\" content=\"index, follow, max-snippet:-1, max-image-preview:large, max-video-preview:-1\" \/>\n<link rel=\"canonical\" href=\"https:\/\/anderskafka.cz\/eshop\/produkt\/luin-living-saunove-pantofle-cerne\/\" \/>\n<meta property=\"og:locale\" content=\"cs_CZ\" \/>\n<meta property=\"og:type\" content=\"article\" \/>\n<meta property=\"og:title\" content=\"LUIN LIVING saunov\u00e9 pantofle, \u010dern\u00e9 - Anders &amp; Kafka E-SHOP\" \/>\n<meta property=\"og:description\" content=\"\u00da\u017easn\u011b m\u011bkk\u00e9 a pohodln\u00e9 pantofle do sauny LUIN LIVING V\u00e1m zp\u0159\u00edjemn\u00ed chv\u00edle p\u0159i relaxaci a budou skv\u011bl\u00fdm spole\u010dn\u00edkem p\u0159i ka\u017edodenn\u00edm no\u0161en\u00ed. Finsk\u00e1 spole\u010dnost Luin Living si zakl\u00e1d\u00e1 na vysok\u00e9 kvalit\u011b a udr\u017eitelnosti sv\u00fdch v\u00fdrobk\u016f, kter\u00e9 V\u00e1m zp\u0159\u00edjemn\u00ed \u010das str\u00e1ven\u00fd v saun\u011b. Stejn\u011b tak je ocen\u00edte i p\u0159i ka\u017edodenn\u00edm no\u0161en\u00ed.  Tabulka velikost\u00ed     Velikost (cm)  XS  34-36  S\/M 37-40 L\/XL 41-44   D\u00e9lka 26 28 31,5    &nbsp;\" \/>\n<meta property=\"og:url\" content=\"https:\/\/anderskafka.cz\/eshop\/produkt\/luin-living-saunove-pantofle-cerne\/\" \/>\n<meta property=\"og:site_name\" content=\"Anders &amp; Kafka E-SHOP\" \/>\n<meta property=\"article:modified_time\" content=\"2026-01-19T07:39:17+00:00\" \/>\n<meta property=\"og:image\" content=\"https:\/\/anderskafka.cz\/eshop\/wp-content\/uploads\/sites\/3\/2023\/06\/Cosy-Slippers-Black-Luin-Living-4-1229x1536-1.jpg\" \/>\n\t<meta property=\"og:image:width\" content=\"1229\" \/>\n\t<meta property=\"og:image:height\" content=\"1536\" \/>\n\t<meta property=\"og:image:type\" content=\"image\/jpeg\" \/>\n<meta name=\"twitter:card\" content=\"summary_large_image\" \/>\n<meta name=\"twitter:label1\" content=\"Odhadovan\u00e1 doba \u010dten\u00ed\" \/>\n\t<meta name=\"twitter:data1\" content=\"1 minuta\" \/>\n<script type=\"application\/ld+json\" class=\"yoast-schema-graph\">{\"@context\":\"https:\/\/schema.org\",\"@graph\":[{\"@type\":\"WebSite\",\"@id\":\"https:\/\/anderskafka.cz\/eshop\/#website\",\"url\":\"https:\/\/anderskafka.cz\/eshop\/\",\"name\":\"Anders &amp; Kafka E-SHOP\",\"description\":\"Anders &amp; Kafka E-SHOP\",\"potentialAction\":[{\"@type\":\"SearchAction\",\"target\":{\"@type\":\"EntryPoint\",\"urlTemplate\":\"https:\/\/anderskafka.cz\/eshop\/?s={search_term_string}\"},\"query-input\":\"required name=search_term_string\"}],\"inLanguage\":\"cs\"},{\"@type\":\"ImageObject\",\"@id\":\"https:\/\/anderskafka.cz\/eshop\/produkt\/luin-living-saunove-pantofle-cerne\/#primaryimage\",\"inLanguage\":\"cs\",\"url\":\"https:\/\/anderskafka.cz\/eshop\/wp-content\/uploads\/sites\/3\/2023\/06\/Cosy-Slippers-Black-Luin-Living-4-1229x1536-1.jpg\",\"contentUrl\":\"https:\/\/anderskafka.cz\/eshop\/wp-content\/uploads\/sites\/3\/2023\/06\/Cosy-Slippers-Black-Luin-Living-4-1229x1536-1.jpg\",\"width\":1229,\"height\":1536},{\"@type\":\"WebPage\",\"@id\":\"https:\/\/anderskafka.cz\/eshop\/produkt\/luin-living-saunove-pantofle-cerne\/#webpage\",\"url\":\"https:\/\/anderskafka.cz\/eshop\/produkt\/luin-living-saunove-pantofle-cerne\/\",\"name\":\"LUIN LIVING saunov\u00e9 pantofle, \u010dern\u00e9 - Anders &amp; Kafka E-SHOP\",\"isPartOf\":{\"@id\":\"https:\/\/anderskafka.cz\/eshop\/#website\"},\"primaryImageOfPage\":{\"@id\":\"https:\/\/anderskafka.cz\/eshop\/produkt\/luin-living-saunove-pantofle-cerne\/#primaryimage\"},\"datePublished\":\"2023-06-08T18:16:48+00:00\",\"dateModified\":\"2026-01-19T07:39:17+00:00\",\"description\":\"\u00da\u017easn\u011b m\u011bkk\u00e9 a pohodln\u00e9 pantofle do sauny LUIN LIVING V\u00e1m zp\u0159\u00edjemn\u00ed chv\u00edle p\u0159i relaxaci a budou skv\u011bl\u00fdm spole\u010dn\u00edkem p\u0159i ka\u017edodenn\u00edm no\u0161en\u00ed. Finsk\u00e1 spole\u010dnost Luin Living si zakl\u00e1d\u00e1 na vysok\u00e9 kvalit\u011b a udr\u017eitelnosti sv\u00fdch v\u00fdrobk\u016f, kter\u00e9 V\u00e1m zp\u0159\u00edjemn\u00ed \u010das str\u00e1ven\u00fd v saun\u011b. Stejn\u011b tak je ocen\u00edte i p\u0159i ka\u017edodenn\u00edm no\u0161en\u00ed. Tabulka velikost\u00ed Velikost (cm) XS 34-36 S\/M 37-40 L\/XL 41-44 D\u00e9lka 26 28 31,5 &nbsp;\",\"breadcrumb\":{\"@id\":\"https:\/\/anderskafka.cz\/eshop\/produkt\/luin-living-saunove-pantofle-cerne\/#breadcrumb\"},\"inLanguage\":\"cs\",\"potentialAction\":[{\"@type\":\"ReadAction\",\"target\":[\"https:\/\/anderskafka.cz\/eshop\/produkt\/luin-living-saunove-pantofle-cerne\/\"]}]},{\"@type\":\"BreadcrumbList\",\"@id\":\"https:\/\/anderskafka.cz\/eshop\/produkt\/luin-living-saunove-pantofle-cerne\/#breadcrumb\",\"itemListElement\":[{\"@type\":\"ListItem\",\"position\":1,\"name\":\"Obchod\",\"item\":\"https:\/\/anderskafka.cz\/eshop\/obchod\/\"},{\"@type\":\"ListItem\",\"position\":2,\"name\":\"LUIN LIVING saunov\u00e9 pantofle, \u010dern\u00e9\"}]}]}<\/script>\n<!-- \/ Yoast SEO plugin. -->","yoast_head_json":{"title":"LUIN LIVING saunov\u00e9 pantofle, \u010dern\u00e9 - Anders &amp; Kafka E-SHOP","description":"\u00da\u017easn\u011b m\u011bkk\u00e9 a pohodln\u00e9 pantofle do sauny LUIN LIVING V\u00e1m zp\u0159\u00edjemn\u00ed chv\u00edle p\u0159i relaxaci a budou skv\u011bl\u00fdm spole\u010dn\u00edkem p\u0159i ka\u017edodenn\u00edm no\u0161en\u00ed. Finsk\u00e1 spole\u010dnost Luin Living si zakl\u00e1d\u00e1 na vysok\u00e9 kvalit\u011b a udr\u017eitelnosti sv\u00fdch v\u00fdrobk\u016f, kter\u00e9 V\u00e1m zp\u0159\u00edjemn\u00ed \u010das str\u00e1ven\u00fd v saun\u011b. Stejn\u011b tak je ocen\u00edte i p\u0159i ka\u017edodenn\u00edm no\u0161en\u00ed.  Tabulka velikost\u00ed     Velikost (cm)  XS  34-36  S\/M 37-40 L\/XL 41-44   D\u00e9lka 26 28 31,5    &nbsp;","robots":{"index":"index","follow":"follow","max-snippet":"max-snippet:-1","max-image-preview":"max-image-preview:large","max-video-preview":"max-video-preview:-1"},"canonical":"https:\/\/anderskafka.cz\/eshop\/produkt\/luin-living-saunove-pantofle-cerne\/","og_locale":"cs_CZ","og_type":"article","og_title":"LUIN LIVING saunov\u00e9 pantofle, \u010dern\u00e9 - Anders &amp; Kafka E-SHOP","og_description":"\u00da\u017easn\u011b m\u011bkk\u00e9 a pohodln\u00e9 pantofle do sauny LUIN LIVING V\u00e1m zp\u0159\u00edjemn\u00ed chv\u00edle p\u0159i relaxaci a budou skv\u011bl\u00fdm spole\u010dn\u00edkem p\u0159i ka\u017edodenn\u00edm no\u0161en\u00ed. Finsk\u00e1 spole\u010dnost Luin Living si zakl\u00e1d\u00e1 na vysok\u00e9 kvalit\u011b a udr\u017eitelnosti sv\u00fdch v\u00fdrobk\u016f, kter\u00e9 V\u00e1m zp\u0159\u00edjemn\u00ed \u010das str\u00e1ven\u00fd v saun\u011b. Stejn\u011b tak je ocen\u00edte i p\u0159i ka\u017edodenn\u00edm no\u0161en\u00ed.  Tabulka velikost\u00ed     Velikost (cm)  XS  34-36  S\/M 37-40 L\/XL 41-44   D\u00e9lka 26 28 31,5    &nbsp;","og_url":"https:\/\/anderskafka.cz\/eshop\/produkt\/luin-living-saunove-pantofle-cerne\/","og_site_name":"Anders &amp; Kafka E-SHOP","article_modified_time":"2026-01-19T07:39:17+00:00","og_image":[{"width":1229,"height":1536,"url":"https:\/\/anderskafka.cz\/eshop\/wp-content\/uploads\/sites\/3\/2023\/06\/Cosy-Slippers-Black-Luin-Living-4-1229x1536-1.jpg","type":"image\/jpeg"}],"twitter_card":"summary_large_image","twitter_misc":{"Odhadovan\u00e1 doba \u010dten\u00ed":"1 minuta"},"schema":{"@context":"https:\/\/schema.org","@graph":[{"@type":"WebSite","@id":"https:\/\/anderskafka.cz\/eshop\/#website","url":"https:\/\/anderskafka.cz\/eshop\/","name":"Anders &amp; Kafka E-SHOP","description":"Anders &amp; Kafka E-SHOP","potentialAction":[{"@type":"SearchAction","target":{"@type":"EntryPoint","urlTemplate":"https:\/\/anderskafka.cz\/eshop\/?s={search_term_string}"},"query-input":"required name=search_term_string"}],"inLanguage":"cs"},{"@type":"ImageObject","@id":"https:\/\/anderskafka.cz\/eshop\/produkt\/luin-living-saunove-pantofle-cerne\/#primaryimage","inLanguage":"cs","url":"https:\/\/anderskafka.cz\/eshop\/wp-content\/uploads\/sites\/3\/2023\/06\/Cosy-Slippers-Black-Luin-Living-4-1229x1536-1.jpg","contentUrl":"https:\/\/anderskafka.cz\/eshop\/wp-content\/uploads\/sites\/3\/2023\/06\/Cosy-Slippers-Black-Luin-Living-4-1229x1536-1.jpg","width":1229,"height":1536},{"@type":"WebPage","@id":"https:\/\/anderskafka.cz\/eshop\/produkt\/luin-living-saunove-pantofle-cerne\/#webpage","url":"https:\/\/anderskafka.cz\/eshop\/produkt\/luin-living-saunove-pantofle-cerne\/","name":"LUIN LIVING saunov\u00e9 pantofle, \u010dern\u00e9 - Anders &amp; Kafka E-SHOP","isPartOf":{"@id":"https:\/\/anderskafka.cz\/eshop\/#website"},"primaryImageOfPage":{"@id":"https:\/\/anderskafka.cz\/eshop\/produkt\/luin-living-saunove-pantofle-cerne\/#primaryimage"},"datePublished":"2023-06-08T18:16:48+00:00","dateModified":"2026-01-19T07:39:17+00:00","description":"\u00da\u017easn\u011b m\u011bkk\u00e9 a pohodln\u00e9 pantofle do sauny LUIN LIVING V\u00e1m zp\u0159\u00edjemn\u00ed chv\u00edle p\u0159i relaxaci a budou skv\u011bl\u00fdm spole\u010dn\u00edkem p\u0159i ka\u017edodenn\u00edm no\u0161en\u00ed. Finsk\u00e1 spole\u010dnost Luin Living si zakl\u00e1d\u00e1 na vysok\u00e9 kvalit\u011b a udr\u017eitelnosti sv\u00fdch v\u00fdrobk\u016f, kter\u00e9 V\u00e1m zp\u0159\u00edjemn\u00ed \u010das str\u00e1ven\u00fd v saun\u011b. Stejn\u011b tak je ocen\u00edte i p\u0159i ka\u017edodenn\u00edm no\u0161en\u00ed. Tabulka velikost\u00ed Velikost (cm) XS 34-36 S\/M 37-40 L\/XL 41-44 D\u00e9lka 26 28 31,5 &nbsp;","breadcrumb":{"@id":"https:\/\/anderskafka.cz\/eshop\/produkt\/luin-living-saunove-pantofle-cerne\/#breadcrumb"},"inLanguage":"cs","potentialAction":[{"@type":"ReadAction","target":["https:\/\/anderskafka.cz\/eshop\/produkt\/luin-living-saunove-pantofle-cerne\/"]}]},{"@type":"BreadcrumbList","@id":"https:\/\/anderskafka.cz\/eshop\/produkt\/luin-living-saunove-pantofle-cerne\/#breadcrumb","itemListElement":[{"@type":"ListItem","position":1,"name":"Obchod","item":"https:\/\/anderskafka.cz\/eshop\/obchod\/"},{"@type":"ListItem","position":2,"name":"LUIN LIVING saunov\u00e9 pantofle, \u010dern\u00e9"}]}]}},"locations":[],"_links":{"self":[{"href":"https:\/\/anderskafka.cz\/eshop\/wp-json\/wp\/v2\/product\/3762"}],"collection":[{"href":"https:\/\/anderskafka.cz\/eshop\/wp-json\/wp\/v2\/product"}],"about":[{"href":"https:\/\/anderskafka.cz\/eshop\/wp-json\/wp\/v2\/types\/product"}],"replies":[{"embeddable":true,"href":"https:\/\/anderskafka.cz\/eshop\/wp-json\/wp\/v2\/comments?post=3762"}],"wp:featuredmedia":[{"embeddable":true,"href":"https:\/\/anderskafka.cz\/eshop\/wp-json\/wp\/v2\/media\/3766"}],"wp:attachment":[{"href":"https:\/\/anderskafka.cz\/eshop\/wp-json\/wp\/v2\/media?parent=3762"}],"wp:term":[{"taxonomy":"location","embeddable":true,"href":"https:\/\/anderskafka.cz\/eshop\/wp-json\/wp\/v2\/location?post=3762"},{"taxonomy":"product_cat","embeddable":true,"href":"https:\/\/anderskafka.cz\/eshop\/wp-json\/wp\/v2\/product_cat?post=3762"},{"taxonomy":"product_tag","embeddable":true,"href":"https:\/\/anderskafka.cz\/eshop\/wp-json\/wp\/v2\/product_tag?post=3762"}],"curies":[{"name":"wp","href":"https:\/\/api.w.org\/{rel}","templated":true}]}}