{"id":3777,"date":"2023-06-08T20:33:15","date_gmt":"2023-06-08T18:33:15","guid":{"rendered":"https:\/\/anderskafka.cz\/eshop\/?post_type=product&#038;p=3777"},"modified":"2026-01-19T08:35:31","modified_gmt":"2026-01-19T07:35:31","slug":"luin-living-turban-na-vlasy-cerny","status":"publish","type":"product","link":"https:\/\/anderskafka.cz\/eshop\/produkt\/luin-living-turban-na-vlasy-cerny\/","title":{"rendered":"LUIN LIVING turban na vlasy, \u010dern\u00fd"},"content":{"rendered":"<p>P\u0159\u00edb\u011bh finsk\u00e9 spole\u010dnosti LUIN LIVING za\u010dal snem navrhnout nejlep\u0161\u00ed vlasov\u00fd ru\u010dn\u00edk na sv\u011bt\u011b.<br \/>\nVlasov\u00e9 ru\u010dn\u00edky LUIN LIVING jsou vyrobeny ze sav\u00e9ho a super m\u011bkk\u00e9ho materi\u00e1lu Signature Towel s certifik\u00e1tem \u00d6ko-Tex. Turban na vlasy je \u00fa\u017easn\u011b m\u011bkk\u00fd a dr\u017e\u00ed pevn\u011b na sv\u00e9m m\u00edst\u011b d\u00edky patentn\u00edmu uz\u00e1v\u011bru a speci\u00e1ln\u00edmu designu.<br \/>\nNyn\u00ed m\u016f\u017eete zapomenout na n\u00e1ro\u010dn\u00fd pocit, kdy V\u00e1m osu\u0161ka omotan\u00e1 kolem mokr\u00fdch vlas\u016f snadno pad\u00e1. Turban na vlasy je dokonal\u00fdm \u0159e\u0161en\u00edm tohoto ka\u017edodenn\u00edho probl\u00e9mu.<\/p>\n<p>Luin Living Signature 100% low-twist bavlna s certifik\u00e1tem \u00d6ko-Tex\u00ae zaru\u010duj\u00ed pohodln\u00e9, luxusn\u011b m\u011bkk\u00e9, ply\u0161ov\u00e9 a vysoce sav\u00e9 textilie.<\/p>\n<p>P\u0159i p\u00e9\u010di o turban se \u0159i\u010fte o\u0161et\u0159ovac\u00edmi symboly uveden\u00fdmi na v\u00fdrobku. Perte max. na 60 stup\u0148\u016f. Nedoporu\u010dujeme pou\u017e\u00edvat aviv\u00e1\u017e pro n\u00e1slednou ni\u017e\u0161\u00ed savost. Neb\u011blte. Su\u0161te v su\u0161i\u010dce.<\/p>\n<p>Baleno v kr\u00e1sn\u00e9 d\u00e1rkov\u00e9 krabi\u010dce, rozm\u011bry krabi\u010dky jsou d\u00e9lka 32 cm, \u0161\u00ed\u0159ka 20 \u2013 26,5 cm\u00a0 a hloubka 1 \u2013 6,5 cm.<\/p>\n<p>&nbsp;<\/p>\n","protected":false},"excerpt":{"rendered":"<p>Turban na vlasy, kter\u00fd mus\u00ed m\u00edt ka\u017ed\u00e1 \u017eena. Jedna velikost je vhodn\u00e1 pro v\u0161echny v\u011bkov\u00e9 kategorie a d\u00e9lky vlas\u016f, d\u00edky patentku dr\u017e\u00ed pevn\u011b na sv\u00e9m m\u00edst\u011b.<br \/>\nFinsk\u00e1 spole\u010dnost Luin Living si zakl\u00e1d\u00e1 na vysok\u00e9 kvalit\u011b a udr\u017eitelnosti sv\u00fdch v\u00fdrobk\u016f, kter\u00e9 V\u00e1m zp\u0159\u00edjemn\u00ed \u010das str\u00e1ven\u00fd v saun\u011b. Stejn\u011b tak je ocen\u00edte i p\u0159i ka\u017edodenn\u00edm pou\u017e\u00edv\u00e1n\u00ed.<\/p>\n<p>&nbsp;<\/p>\n<p style=\"text-align: left\"><img loading=\"lazy\" class=\" wp-image-135 aligncenter\" src=\"https:\/\/anderskafka.cz\/eshop\/wp-content\/uploads\/sites\/3\/2022\/06\/DesignFromFinland_web-1-300x300.png\" alt=\"\" width=\"171\" height=\"171\" \/><\/p>\n","protected":false},"featured_media":5449,"comment_status":"open","ping_status":"closed","template":"","meta":{"site-sidebar-layout":"default","site-content-layout":"default","ast-main-header-display":"","ast-hfb-above-header-display":"","ast-hfb-below-header-display":"","ast-hfb-mobile-header-display":"","site-post-title":"","ast-breadcrumbs-content":"","ast-featured-img":"","footer-sml-layout":"","theme-transparent-header-meta":"","adv-header-id-meta":"","stick-header-meta":"","header-above-stick-meta":"","header-main-stick-meta":"","header-below-stick-meta":""},"location":[],"product_cat":[755,34],"product_tag":[787],"yoast_head":"<!-- This site is optimized with the Yoast SEO plugin v18.5.1 - https:\/\/yoast.com\/wordpress\/plugins\/seo\/ -->\n<title>LUIN LIVING turban na vlasy, \u010dern\u00fd - Anders &amp; Kafka E-SHOP<\/title>\n<meta name=\"description\" content=\"Turban na vlasy, kter\u00fd mus\u00ed m\u00edt ka\u017ed\u00e1 \u017eena. Jedna velikost je vhodn\u00e1 pro v\u0161echny v\u011bkov\u00e9 kategorie a d\u00e9lky vlas\u016f, d\u00edky patentku dr\u017e\u00ed pevn\u011b na sv\u00e9m m\u00edst\u011b. Finsk\u00e1 spole\u010dnost Luin Living si zakl\u00e1d\u00e1 na vysok\u00e9 kvalit\u011b a udr\u017eitelnosti sv\u00fdch v\u00fdrobk\u016f, kter\u00e9 V\u00e1m zp\u0159\u00edjemn\u00ed \u010das str\u00e1ven\u00fd v saun\u011b. Stejn\u011b tak je ocen\u00edte i p\u0159i ka\u017edodenn\u00edm pou\u017e\u00edv\u00e1n\u00ed.  &nbsp;\" \/>\n<meta name=\"robots\" content=\"index, follow, max-snippet:-1, max-image-preview:large, max-video-preview:-1\" \/>\n<link rel=\"canonical\" href=\"https:\/\/anderskafka.cz\/eshop\/produkt\/luin-living-turban-na-vlasy-cerny\/\" \/>\n<meta property=\"og:locale\" content=\"cs_CZ\" \/>\n<meta property=\"og:type\" content=\"article\" \/>\n<meta property=\"og:title\" content=\"LUIN LIVING turban na vlasy, \u010dern\u00fd - Anders &amp; Kafka E-SHOP\" \/>\n<meta property=\"og:description\" content=\"Turban na vlasy, kter\u00fd mus\u00ed m\u00edt ka\u017ed\u00e1 \u017eena. Jedna velikost je vhodn\u00e1 pro v\u0161echny v\u011bkov\u00e9 kategorie a d\u00e9lky vlas\u016f, d\u00edky patentku dr\u017e\u00ed pevn\u011b na sv\u00e9m m\u00edst\u011b. Finsk\u00e1 spole\u010dnost Luin Living si zakl\u00e1d\u00e1 na vysok\u00e9 kvalit\u011b a udr\u017eitelnosti sv\u00fdch v\u00fdrobk\u016f, kter\u00e9 V\u00e1m zp\u0159\u00edjemn\u00ed \u010das str\u00e1ven\u00fd v saun\u011b. Stejn\u011b tak je ocen\u00edte i p\u0159i ka\u017edodenn\u00edm pou\u017e\u00edv\u00e1n\u00ed.  &nbsp;\" \/>\n<meta property=\"og:url\" content=\"https:\/\/anderskafka.cz\/eshop\/produkt\/luin-living-turban-na-vlasy-cerny\/\" \/>\n<meta property=\"og:site_name\" content=\"Anders &amp; Kafka E-SHOP\" \/>\n<meta property=\"article:modified_time\" content=\"2026-01-19T07:35:31+00:00\" \/>\n<meta property=\"og:image\" content=\"https:\/\/anderskafka.cz\/eshop\/wp-content\/uploads\/sites\/3\/2023\/06\/Hair-Towel-Black-Luin-Living-1024x1536-1-2.jpg\" \/>\n\t<meta property=\"og:image:width\" content=\"1536\" \/>\n\t<meta property=\"og:image:height\" content=\"1536\" \/>\n\t<meta property=\"og:image:type\" content=\"image\/jpeg\" \/>\n<meta name=\"twitter:card\" content=\"summary_large_image\" \/>\n<meta name=\"twitter:label1\" content=\"Odhadovan\u00e1 doba \u010dten\u00ed\" \/>\n\t<meta name=\"twitter:data1\" content=\"1 minuta\" \/>\n<script type=\"application\/ld+json\" class=\"yoast-schema-graph\">{\"@context\":\"https:\/\/schema.org\",\"@graph\":[{\"@type\":\"WebSite\",\"@id\":\"https:\/\/anderskafka.cz\/eshop\/#website\",\"url\":\"https:\/\/anderskafka.cz\/eshop\/\",\"name\":\"Anders &amp; Kafka E-SHOP\",\"description\":\"Anders &amp; Kafka E-SHOP\",\"potentialAction\":[{\"@type\":\"SearchAction\",\"target\":{\"@type\":\"EntryPoint\",\"urlTemplate\":\"https:\/\/anderskafka.cz\/eshop\/?s={search_term_string}\"},\"query-input\":\"required name=search_term_string\"}],\"inLanguage\":\"cs\"},{\"@type\":\"ImageObject\",\"@id\":\"https:\/\/anderskafka.cz\/eshop\/produkt\/luin-living-turban-na-vlasy-cerny\/#primaryimage\",\"inLanguage\":\"cs\",\"url\":\"https:\/\/anderskafka.cz\/eshop\/wp-content\/uploads\/sites\/3\/2023\/06\/Hair-Towel-Black-Luin-Living-1024x1536-1-2.jpg\",\"contentUrl\":\"https:\/\/anderskafka.cz\/eshop\/wp-content\/uploads\/sites\/3\/2023\/06\/Hair-Towel-Black-Luin-Living-1024x1536-1-2.jpg\",\"width\":1536,\"height\":1536},{\"@type\":\"WebPage\",\"@id\":\"https:\/\/anderskafka.cz\/eshop\/produkt\/luin-living-turban-na-vlasy-cerny\/#webpage\",\"url\":\"https:\/\/anderskafka.cz\/eshop\/produkt\/luin-living-turban-na-vlasy-cerny\/\",\"name\":\"LUIN LIVING turban na vlasy, \u010dern\u00fd - Anders &amp; Kafka E-SHOP\",\"isPartOf\":{\"@id\":\"https:\/\/anderskafka.cz\/eshop\/#website\"},\"primaryImageOfPage\":{\"@id\":\"https:\/\/anderskafka.cz\/eshop\/produkt\/luin-living-turban-na-vlasy-cerny\/#primaryimage\"},\"datePublished\":\"2023-06-08T18:33:15+00:00\",\"dateModified\":\"2026-01-19T07:35:31+00:00\",\"description\":\"Turban na vlasy, kter\u00fd mus\u00ed m\u00edt ka\u017ed\u00e1 \u017eena. Jedna velikost je vhodn\u00e1 pro v\u0161echny v\u011bkov\u00e9 kategorie a d\u00e9lky vlas\u016f, d\u00edky patentku dr\u017e\u00ed pevn\u011b na sv\u00e9m m\u00edst\u011b. Finsk\u00e1 spole\u010dnost Luin Living si zakl\u00e1d\u00e1 na vysok\u00e9 kvalit\u011b a udr\u017eitelnosti sv\u00fdch v\u00fdrobk\u016f, kter\u00e9 V\u00e1m zp\u0159\u00edjemn\u00ed \u010das str\u00e1ven\u00fd v saun\u011b. Stejn\u011b tak je ocen\u00edte i p\u0159i ka\u017edodenn\u00edm pou\u017e\u00edv\u00e1n\u00ed. &nbsp;\",\"breadcrumb\":{\"@id\":\"https:\/\/anderskafka.cz\/eshop\/produkt\/luin-living-turban-na-vlasy-cerny\/#breadcrumb\"},\"inLanguage\":\"cs\",\"potentialAction\":[{\"@type\":\"ReadAction\",\"target\":[\"https:\/\/anderskafka.cz\/eshop\/produkt\/luin-living-turban-na-vlasy-cerny\/\"]}]},{\"@type\":\"BreadcrumbList\",\"@id\":\"https:\/\/anderskafka.cz\/eshop\/produkt\/luin-living-turban-na-vlasy-cerny\/#breadcrumb\",\"itemListElement\":[{\"@type\":\"ListItem\",\"position\":1,\"name\":\"Obchod\",\"item\":\"https:\/\/anderskafka.cz\/eshop\/obchod\/\"},{\"@type\":\"ListItem\",\"position\":2,\"name\":\"LUIN LIVING turban na vlasy, \u010dern\u00fd\"}]}]}<\/script>\n<!-- \/ Yoast SEO plugin. -->","yoast_head_json":{"title":"LUIN LIVING turban na vlasy, \u010dern\u00fd - Anders &amp; Kafka E-SHOP","description":"Turban na vlasy, kter\u00fd mus\u00ed m\u00edt ka\u017ed\u00e1 \u017eena. Jedna velikost je vhodn\u00e1 pro v\u0161echny v\u011bkov\u00e9 kategorie a d\u00e9lky vlas\u016f, d\u00edky patentku dr\u017e\u00ed pevn\u011b na sv\u00e9m m\u00edst\u011b. Finsk\u00e1 spole\u010dnost Luin Living si zakl\u00e1d\u00e1 na vysok\u00e9 kvalit\u011b a udr\u017eitelnosti sv\u00fdch v\u00fdrobk\u016f, kter\u00e9 V\u00e1m zp\u0159\u00edjemn\u00ed \u010das str\u00e1ven\u00fd v saun\u011b. Stejn\u011b tak je ocen\u00edte i p\u0159i ka\u017edodenn\u00edm pou\u017e\u00edv\u00e1n\u00ed.  &nbsp;","robots":{"index":"index","follow":"follow","max-snippet":"max-snippet:-1","max-image-preview":"max-image-preview:large","max-video-preview":"max-video-preview:-1"},"canonical":"https:\/\/anderskafka.cz\/eshop\/produkt\/luin-living-turban-na-vlasy-cerny\/","og_locale":"cs_CZ","og_type":"article","og_title":"LUIN LIVING turban na vlasy, \u010dern\u00fd - Anders &amp; Kafka E-SHOP","og_description":"Turban na vlasy, kter\u00fd mus\u00ed m\u00edt ka\u017ed\u00e1 \u017eena. Jedna velikost je vhodn\u00e1 pro v\u0161echny v\u011bkov\u00e9 kategorie a d\u00e9lky vlas\u016f, d\u00edky patentku dr\u017e\u00ed pevn\u011b na sv\u00e9m m\u00edst\u011b. Finsk\u00e1 spole\u010dnost Luin Living si zakl\u00e1d\u00e1 na vysok\u00e9 kvalit\u011b a udr\u017eitelnosti sv\u00fdch v\u00fdrobk\u016f, kter\u00e9 V\u00e1m zp\u0159\u00edjemn\u00ed \u010das str\u00e1ven\u00fd v saun\u011b. Stejn\u011b tak je ocen\u00edte i p\u0159i ka\u017edodenn\u00edm pou\u017e\u00edv\u00e1n\u00ed.  &nbsp;","og_url":"https:\/\/anderskafka.cz\/eshop\/produkt\/luin-living-turban-na-vlasy-cerny\/","og_site_name":"Anders &amp; Kafka E-SHOP","article_modified_time":"2026-01-19T07:35:31+00:00","og_image":[{"width":1536,"height":1536,"url":"https:\/\/anderskafka.cz\/eshop\/wp-content\/uploads\/sites\/3\/2023\/06\/Hair-Towel-Black-Luin-Living-1024x1536-1-2.jpg","type":"image\/jpeg"}],"twitter_card":"summary_large_image","twitter_misc":{"Odhadovan\u00e1 doba \u010dten\u00ed":"1 minuta"},"schema":{"@context":"https:\/\/schema.org","@graph":[{"@type":"WebSite","@id":"https:\/\/anderskafka.cz\/eshop\/#website","url":"https:\/\/anderskafka.cz\/eshop\/","name":"Anders &amp; Kafka E-SHOP","description":"Anders &amp; Kafka E-SHOP","potentialAction":[{"@type":"SearchAction","target":{"@type":"EntryPoint","urlTemplate":"https:\/\/anderskafka.cz\/eshop\/?s={search_term_string}"},"query-input":"required name=search_term_string"}],"inLanguage":"cs"},{"@type":"ImageObject","@id":"https:\/\/anderskafka.cz\/eshop\/produkt\/luin-living-turban-na-vlasy-cerny\/#primaryimage","inLanguage":"cs","url":"https:\/\/anderskafka.cz\/eshop\/wp-content\/uploads\/sites\/3\/2023\/06\/Hair-Towel-Black-Luin-Living-1024x1536-1-2.jpg","contentUrl":"https:\/\/anderskafka.cz\/eshop\/wp-content\/uploads\/sites\/3\/2023\/06\/Hair-Towel-Black-Luin-Living-1024x1536-1-2.jpg","width":1536,"height":1536},{"@type":"WebPage","@id":"https:\/\/anderskafka.cz\/eshop\/produkt\/luin-living-turban-na-vlasy-cerny\/#webpage","url":"https:\/\/anderskafka.cz\/eshop\/produkt\/luin-living-turban-na-vlasy-cerny\/","name":"LUIN LIVING turban na vlasy, \u010dern\u00fd - Anders &amp; Kafka E-SHOP","isPartOf":{"@id":"https:\/\/anderskafka.cz\/eshop\/#website"},"primaryImageOfPage":{"@id":"https:\/\/anderskafka.cz\/eshop\/produkt\/luin-living-turban-na-vlasy-cerny\/#primaryimage"},"datePublished":"2023-06-08T18:33:15+00:00","dateModified":"2026-01-19T07:35:31+00:00","description":"Turban na vlasy, kter\u00fd mus\u00ed m\u00edt ka\u017ed\u00e1 \u017eena. Jedna velikost je vhodn\u00e1 pro v\u0161echny v\u011bkov\u00e9 kategorie a d\u00e9lky vlas\u016f, d\u00edky patentku dr\u017e\u00ed pevn\u011b na sv\u00e9m m\u00edst\u011b. Finsk\u00e1 spole\u010dnost Luin Living si zakl\u00e1d\u00e1 na vysok\u00e9 kvalit\u011b a udr\u017eitelnosti sv\u00fdch v\u00fdrobk\u016f, kter\u00e9 V\u00e1m zp\u0159\u00edjemn\u00ed \u010das str\u00e1ven\u00fd v saun\u011b. Stejn\u011b tak je ocen\u00edte i p\u0159i ka\u017edodenn\u00edm pou\u017e\u00edv\u00e1n\u00ed. &nbsp;","breadcrumb":{"@id":"https:\/\/anderskafka.cz\/eshop\/produkt\/luin-living-turban-na-vlasy-cerny\/#breadcrumb"},"inLanguage":"cs","potentialAction":[{"@type":"ReadAction","target":["https:\/\/anderskafka.cz\/eshop\/produkt\/luin-living-turban-na-vlasy-cerny\/"]}]},{"@type":"BreadcrumbList","@id":"https:\/\/anderskafka.cz\/eshop\/produkt\/luin-living-turban-na-vlasy-cerny\/#breadcrumb","itemListElement":[{"@type":"ListItem","position":1,"name":"Obchod","item":"https:\/\/anderskafka.cz\/eshop\/obchod\/"},{"@type":"ListItem","position":2,"name":"LUIN LIVING turban na vlasy, \u010dern\u00fd"}]}]}},"locations":[],"_links":{"self":[{"href":"https:\/\/anderskafka.cz\/eshop\/wp-json\/wp\/v2\/product\/3777"}],"collection":[{"href":"https:\/\/anderskafka.cz\/eshop\/wp-json\/wp\/v2\/product"}],"about":[{"href":"https:\/\/anderskafka.cz\/eshop\/wp-json\/wp\/v2\/types\/product"}],"replies":[{"embeddable":true,"href":"https:\/\/anderskafka.cz\/eshop\/wp-json\/wp\/v2\/comments?post=3777"}],"wp:featuredmedia":[{"embeddable":true,"href":"https:\/\/anderskafka.cz\/eshop\/wp-json\/wp\/v2\/media\/5449"}],"wp:attachment":[{"href":"https:\/\/anderskafka.cz\/eshop\/wp-json\/wp\/v2\/media?parent=3777"}],"wp:term":[{"taxonomy":"location","embeddable":true,"href":"https:\/\/anderskafka.cz\/eshop\/wp-json\/wp\/v2\/location?post=3777"},{"taxonomy":"product_cat","embeddable":true,"href":"https:\/\/anderskafka.cz\/eshop\/wp-json\/wp\/v2\/product_cat?post=3777"},{"taxonomy":"product_tag","embeddable":true,"href":"https:\/\/anderskafka.cz\/eshop\/wp-json\/wp\/v2\/product_tag?post=3777"}],"curies":[{"name":"wp","href":"https:\/\/api.w.org\/{rel}","templated":true}]}}