{"id":3799,"date":"2023-06-08T21:30:34","date_gmt":"2023-06-08T19:30:34","guid":{"rendered":"https:\/\/anderskafka.cz\/eshop\/?post_type=product&#038;p=3799"},"modified":"2026-03-13T09:06:56","modified_gmt":"2026-03-13T08:06:56","slug":"doterra-sun-telovy-sprej-po-opalovani","status":"publish","type":"product","link":"https:\/\/anderskafka.cz\/eshop\/produkt\/doterra-sun-telovy-sprej-po-opalovani\/","title":{"rendered":"doTERRA\u2122 sun t\u011blov\u00fd sprej po opalov\u00e1n\u00ed"},"content":{"rendered":"<p>Pe\u010dujte s\u00a0l\u00e1skou o\u00a0svou poko\u017eku s\u00a0T\u011blov\u00fdm sprejem po opalov\u00e1n\u00ed d\u014dTERRA.<br \/>\nEsenci\u00e1ln\u00ed oleje Kopaiva, Levandule, Citronov\u00e1 tr\u00e1va, M\u00e1ta peprn\u00e1, M\u00e1ta japonsk\u00e1, Smil italsk\u00fd, Santalov\u00e9 d\u0159evo, Marock\u00fd he\u0159m\u00e1nek, Kadidlo a\u00a0Koriandr (semeno) nab\u00edzej\u00ed sv\u011b\u017e\u00ed a\u00a0jasnou, a\u00a0p\u0159esto uzem\u0148uj\u00edc\u00ed a\u00a0jemnou v\u016fni.<br \/>\nP\u0159in\u00e1\u0161\u00ed poko\u017ece zklidn\u011bn\u00ed a chladivou \u00falevu.\u00a0Obsahuje aloe vera, kyselinu hyaluronovou, zelen\u00fd \u010daj a vitamin E.\u00a0Neobsahuje ftal\u00e1ty, oxybenzon ani syntetick\u00e9 v\u016fn\u011b.\u00a0V\u00fd\u017eivn\u00e9, intenzivn\u011b hydrata\u010dn\u00ed slo\u017een\u00ed je dermatologicky testov\u00e1no a je vod\u011bodoln\u00e9.\u00a0Vhodn\u00e9 pro vegany a bezpe\u010dn\u00e9 pro kor\u00e1lov\u00e9 \u00fatesy.<\/p>\n<p>P\u0159ed pou\u017eit\u00edm d\u016fkladn\u011b prot\u0159epejte. Na t\u011blo: Dr\u017ete ve vzd\u00e1lenosti 10 a\u017e 15\u00a0cm od poko\u017eky. Plynul\u00fdm pohybem nast\u0159\u00edkejte v\u00a0dostate\u010dn\u00e9m mno\u017estv\u00ed na poko\u017eku. Vet\u0159ete do poko\u017eky, aby byla hydratovan\u00e1. Na obli\u010dej: Nast\u0159\u00edkejte na ruce a\u00a0vet\u0159ete do obli\u010deje. Nest\u0159\u00edkejte p\u0159\u00edmo do obli\u010deje.<\/p>\n<p>Obsah n\u00e1dobky je pod tlakem. Plechovku nepropichujte ani nespalujte. Neuchov\u00e1vejte p\u0159i teplot\u011b vy\u0161\u0161\u00ed ne\u017e 50 \u00b0C. Pouze k zevn\u00edmu pou\u017eit\u00ed. Zamezte styku s o\u010dima, vnit\u0159kem u\u0161\u00ed a s citliv\u00fdmi m\u00edsty na poko\u017ece. Sprej nevdechujte. Dojde-li k podr\u00e1\u017ed\u011bn\u00ed nebo zarudnut\u00ed, p\u0159esta\u0148te produkt pou\u017e\u00edvat. Upozorn\u011bn\u00ed: M\u016f\u017ee doj\u00edt ke zv\u00fd\u0161en\u00e9 citlivosti k\u016f\u017ee. Uchov\u00e1vejte mimo dosah d\u011bt\u00ed. Jste-li t\u011bhotn\u00e1 nebo podstupujete terapii, pora\u010fte se s l\u00e9ka\u0159em.<\/p>\n","protected":false},"excerpt":{"rendered":"<p>Va\u0161e poko\u017eka si po opalov\u00e1n\u00ed zaslou\u017e\u00ed skv\u011blou d\u014dTERRA p\u00e9\u010di v podob\u011b t\u011blov\u00e9ho spreje po opalov\u00e1n\u00ed.<\/p>\n<p>Hydrata\u010dn\u00ed vlastnosti kyseliny hyaluronov\u00e9 a zklid\u0148uj\u00edc\u00ed vlastnosti aloe vera jsou v tomto hloubkov\u011b hydrata\u010dn\u00edm p\u0159\u00edpravku zkombinov\u00e1ny s\u00a0extraktem z\u00a0kv\u011bt\u016f prhy arniky.<\/p>\n<p>Esenci\u00e1ln\u00ed oleje Kopaiva, Levandule, Citronov\u00e1 tr\u00e1va, M\u00e1ta peprn\u00e1, M\u00e1ta japonsk\u00e1, Smil italsk\u00fd, Santalov\u00e9 d\u0159evo, Marock\u00fd he\u0159m\u00e1nek, Kadidlo a\u00a0Koriandr (semeno) nab\u00edzej\u00ed sv\u011b\u017e\u00ed a\u00a0jasnou, a\u00a0p\u0159esto uzem\u0148uj\u00edc\u00ed a\u00a0jemnou v\u016fni.<\/p>\n<p>Sprej je k\u00a0dispozici v\u00a0hlin\u00edkov\u00e9 n\u00e1dobce s\u00a0rozpra\u0161ova\u010dem bez aerosol\u016f, kter\u00e1 vytv\u00e1\u0159\u00ed souvislou mlhu pro snadnou aplikaci na cel\u00e9 t\u011blo.<\/p>\n","protected":false},"featured_media":3857,"comment_status":"open","ping_status":"closed","template":"","meta":{"site-sidebar-layout":"default","site-content-layout":"default","ast-main-header-display":"","ast-hfb-above-header-display":"","ast-hfb-below-header-display":"","ast-hfb-mobile-header-display":"","site-post-title":"","ast-breadcrumbs-content":"","ast-featured-img":"","footer-sml-layout":"","theme-transparent-header-meta":"","adv-header-id-meta":"","stick-header-meta":"","header-above-stick-meta":"","header-main-stick-meta":"","header-below-stick-meta":""},"location":[],"product_cat":[960,1551],"product_tag":[961,958],"yoast_head":"<!-- This site is optimized with the Yoast SEO plugin v18.5.1 - https:\/\/yoast.com\/wordpress\/plugins\/seo\/ -->\n<title>doTERRA\u2122 sun t\u011blov\u00fd sprej po opalov\u00e1n\u00ed - Anders &amp; Kafka E-SHOP<\/title>\n<meta name=\"description\" content=\"Va\u0161e poko\u017eka si po opalov\u00e1n\u00ed zaslou\u017e\u00ed skv\u011blou d\u014dTERRA p\u00e9\u010di v podob\u011b t\u011blov\u00e9ho spreje po opalov\u00e1n\u00ed.  Hydrata\u010dn\u00ed vlastnosti kyseliny hyaluronov\u00e9 a zklid\u0148uj\u00edc\u00ed vlastnosti aloe vera jsou v tomto hloubkov\u011b hydrata\u010dn\u00edm p\u0159\u00edpravku zkombinov\u00e1ny s\u00a0extraktem z\u00a0kv\u011bt\u016f prhy arniky.  Esenci\u00e1ln\u00ed oleje Kopaiva, Levandule, Citronov\u00e1 tr\u00e1va, M\u00e1ta peprn\u00e1, M\u00e1ta japonsk\u00e1, Smil italsk\u00fd, Santalov\u00e9 d\u0159evo, Marock\u00fd he\u0159m\u00e1nek, Kadidlo a\u00a0Koriandr (semeno) nab\u00edzej\u00ed sv\u011b\u017e\u00ed a\u00a0jasnou, a\u00a0p\u0159esto uzem\u0148uj\u00edc\u00ed a\u00a0jemnou v\u016fni.  Sprej je k\u00a0dispozici v\u00a0hlin\u00edkov\u00e9 n\u00e1dobce s\u00a0rozpra\u0161ova\u010dem bez aerosol\u016f, kter\u00e1 vytv\u00e1\u0159\u00ed souvislou mlhu pro snadnou aplikaci na cel\u00e9 t\u011blo.\" \/>\n<meta name=\"robots\" content=\"index, follow, max-snippet:-1, max-image-preview:large, max-video-preview:-1\" \/>\n<link rel=\"canonical\" href=\"https:\/\/anderskafka.cz\/eshop\/produkt\/doterra-sun-telovy-sprej-po-opalovani\/\" \/>\n<meta property=\"og:locale\" content=\"cs_CZ\" \/>\n<meta property=\"og:type\" content=\"article\" \/>\n<meta property=\"og:title\" content=\"doTERRA\u2122 sun t\u011blov\u00fd sprej po opalov\u00e1n\u00ed - Anders &amp; Kafka E-SHOP\" \/>\n<meta property=\"og:description\" content=\"Va\u0161e poko\u017eka si po opalov\u00e1n\u00ed zaslou\u017e\u00ed skv\u011blou d\u014dTERRA p\u00e9\u010di v podob\u011b t\u011blov\u00e9ho spreje po opalov\u00e1n\u00ed.  Hydrata\u010dn\u00ed vlastnosti kyseliny hyaluronov\u00e9 a zklid\u0148uj\u00edc\u00ed vlastnosti aloe vera jsou v tomto hloubkov\u011b hydrata\u010dn\u00edm p\u0159\u00edpravku zkombinov\u00e1ny s\u00a0extraktem z\u00a0kv\u011bt\u016f prhy arniky.  Esenci\u00e1ln\u00ed oleje Kopaiva, Levandule, Citronov\u00e1 tr\u00e1va, M\u00e1ta peprn\u00e1, M\u00e1ta japonsk\u00e1, Smil italsk\u00fd, Santalov\u00e9 d\u0159evo, Marock\u00fd he\u0159m\u00e1nek, Kadidlo a\u00a0Koriandr (semeno) nab\u00edzej\u00ed sv\u011b\u017e\u00ed a\u00a0jasnou, a\u00a0p\u0159esto uzem\u0148uj\u00edc\u00ed a\u00a0jemnou v\u016fni.  Sprej je k\u00a0dispozici v\u00a0hlin\u00edkov\u00e9 n\u00e1dobce s\u00a0rozpra\u0161ova\u010dem bez aerosol\u016f, kter\u00e1 vytv\u00e1\u0159\u00ed souvislou mlhu pro snadnou aplikaci na cel\u00e9 t\u011blo.\" \/>\n<meta property=\"og:url\" content=\"https:\/\/anderskafka.cz\/eshop\/produkt\/doterra-sun-telovy-sprej-po-opalovani\/\" \/>\n<meta property=\"og:site_name\" content=\"Anders &amp; Kafka E-SHOP\" \/>\n<meta property=\"article:modified_time\" content=\"2026-03-13T08:06:56+00:00\" \/>\n<meta property=\"og:image\" content=\"https:\/\/anderskafka.cz\/eshop\/wp-content\/uploads\/sites\/3\/2023\/06\/EU_doTERRA_sun_aftersun-2.jpg\" \/>\n\t<meta property=\"og:image:width\" content=\"1280\" \/>\n\t<meta property=\"og:image:height\" content=\"1280\" \/>\n\t<meta property=\"og:image:type\" content=\"image\/jpeg\" \/>\n<meta name=\"twitter:card\" content=\"summary_large_image\" \/>\n<meta name=\"twitter:label1\" content=\"Odhadovan\u00e1 doba \u010dten\u00ed\" \/>\n\t<meta name=\"twitter:data1\" content=\"2 minuty\" \/>\n<script type=\"application\/ld+json\" class=\"yoast-schema-graph\">{\"@context\":\"https:\/\/schema.org\",\"@graph\":[{\"@type\":\"WebSite\",\"@id\":\"https:\/\/anderskafka.cz\/eshop\/#website\",\"url\":\"https:\/\/anderskafka.cz\/eshop\/\",\"name\":\"Anders &amp; Kafka E-SHOP\",\"description\":\"Anders &amp; Kafka E-SHOP\",\"potentialAction\":[{\"@type\":\"SearchAction\",\"target\":{\"@type\":\"EntryPoint\",\"urlTemplate\":\"https:\/\/anderskafka.cz\/eshop\/?s={search_term_string}\"},\"query-input\":\"required name=search_term_string\"}],\"inLanguage\":\"cs\"},{\"@type\":\"ImageObject\",\"@id\":\"https:\/\/anderskafka.cz\/eshop\/produkt\/doterra-sun-telovy-sprej-po-opalovani\/#primaryimage\",\"inLanguage\":\"cs\",\"url\":\"https:\/\/anderskafka.cz\/eshop\/wp-content\/uploads\/sites\/3\/2023\/06\/EU_doTERRA_sun_aftersun-2.jpg\",\"contentUrl\":\"https:\/\/anderskafka.cz\/eshop\/wp-content\/uploads\/sites\/3\/2023\/06\/EU_doTERRA_sun_aftersun-2.jpg\",\"width\":1280,\"height\":1280},{\"@type\":\"WebPage\",\"@id\":\"https:\/\/anderskafka.cz\/eshop\/produkt\/doterra-sun-telovy-sprej-po-opalovani\/#webpage\",\"url\":\"https:\/\/anderskafka.cz\/eshop\/produkt\/doterra-sun-telovy-sprej-po-opalovani\/\",\"name\":\"doTERRA\u2122 sun t\u011blov\u00fd sprej po opalov\u00e1n\u00ed - Anders &amp; Kafka E-SHOP\",\"isPartOf\":{\"@id\":\"https:\/\/anderskafka.cz\/eshop\/#website\"},\"primaryImageOfPage\":{\"@id\":\"https:\/\/anderskafka.cz\/eshop\/produkt\/doterra-sun-telovy-sprej-po-opalovani\/#primaryimage\"},\"datePublished\":\"2023-06-08T19:30:34+00:00\",\"dateModified\":\"2026-03-13T08:06:56+00:00\",\"description\":\"Va\u0161e poko\u017eka si po opalov\u00e1n\u00ed zaslou\u017e\u00ed skv\u011blou d\u014dTERRA p\u00e9\u010di v podob\u011b t\u011blov\u00e9ho spreje po opalov\u00e1n\u00ed. Hydrata\u010dn\u00ed vlastnosti kyseliny hyaluronov\u00e9 a zklid\u0148uj\u00edc\u00ed vlastnosti aloe vera jsou v tomto hloubkov\u011b hydrata\u010dn\u00edm p\u0159\u00edpravku zkombinov\u00e1ny s\u00a0extraktem z\u00a0kv\u011bt\u016f prhy arniky. Esenci\u00e1ln\u00ed oleje Kopaiva, Levandule, Citronov\u00e1 tr\u00e1va, M\u00e1ta peprn\u00e1, M\u00e1ta japonsk\u00e1, Smil italsk\u00fd, Santalov\u00e9 d\u0159evo, Marock\u00fd he\u0159m\u00e1nek, Kadidlo a\u00a0Koriandr (semeno) nab\u00edzej\u00ed sv\u011b\u017e\u00ed a\u00a0jasnou, a\u00a0p\u0159esto uzem\u0148uj\u00edc\u00ed a\u00a0jemnou v\u016fni. Sprej je k\u00a0dispozici v\u00a0hlin\u00edkov\u00e9 n\u00e1dobce s\u00a0rozpra\u0161ova\u010dem bez aerosol\u016f, kter\u00e1 vytv\u00e1\u0159\u00ed souvislou mlhu pro snadnou aplikaci na cel\u00e9 t\u011blo.\",\"breadcrumb\":{\"@id\":\"https:\/\/anderskafka.cz\/eshop\/produkt\/doterra-sun-telovy-sprej-po-opalovani\/#breadcrumb\"},\"inLanguage\":\"cs\",\"potentialAction\":[{\"@type\":\"ReadAction\",\"target\":[\"https:\/\/anderskafka.cz\/eshop\/produkt\/doterra-sun-telovy-sprej-po-opalovani\/\"]}]},{\"@type\":\"BreadcrumbList\",\"@id\":\"https:\/\/anderskafka.cz\/eshop\/produkt\/doterra-sun-telovy-sprej-po-opalovani\/#breadcrumb\",\"itemListElement\":[{\"@type\":\"ListItem\",\"position\":1,\"name\":\"Obchod\",\"item\":\"https:\/\/anderskafka.cz\/eshop\/obchod\/\"},{\"@type\":\"ListItem\",\"position\":2,\"name\":\"doTERRA\u2122 sun t\u011blov\u00fd sprej po opalov\u00e1n\u00ed\"}]}]}<\/script>\n<!-- \/ Yoast SEO plugin. -->","yoast_head_json":{"title":"doTERRA\u2122 sun t\u011blov\u00fd sprej po opalov\u00e1n\u00ed - Anders &amp; Kafka E-SHOP","description":"Va\u0161e poko\u017eka si po opalov\u00e1n\u00ed zaslou\u017e\u00ed skv\u011blou d\u014dTERRA p\u00e9\u010di v podob\u011b t\u011blov\u00e9ho spreje po opalov\u00e1n\u00ed.  Hydrata\u010dn\u00ed vlastnosti kyseliny hyaluronov\u00e9 a zklid\u0148uj\u00edc\u00ed vlastnosti aloe vera jsou v tomto hloubkov\u011b hydrata\u010dn\u00edm p\u0159\u00edpravku zkombinov\u00e1ny s\u00a0extraktem z\u00a0kv\u011bt\u016f prhy arniky.  Esenci\u00e1ln\u00ed oleje Kopaiva, Levandule, Citronov\u00e1 tr\u00e1va, M\u00e1ta peprn\u00e1, M\u00e1ta japonsk\u00e1, Smil italsk\u00fd, Santalov\u00e9 d\u0159evo, Marock\u00fd he\u0159m\u00e1nek, Kadidlo a\u00a0Koriandr (semeno) nab\u00edzej\u00ed sv\u011b\u017e\u00ed a\u00a0jasnou, a\u00a0p\u0159esto uzem\u0148uj\u00edc\u00ed a\u00a0jemnou v\u016fni.  Sprej je k\u00a0dispozici v\u00a0hlin\u00edkov\u00e9 n\u00e1dobce s\u00a0rozpra\u0161ova\u010dem bez aerosol\u016f, kter\u00e1 vytv\u00e1\u0159\u00ed souvislou mlhu pro snadnou aplikaci na cel\u00e9 t\u011blo.","robots":{"index":"index","follow":"follow","max-snippet":"max-snippet:-1","max-image-preview":"max-image-preview:large","max-video-preview":"max-video-preview:-1"},"canonical":"https:\/\/anderskafka.cz\/eshop\/produkt\/doterra-sun-telovy-sprej-po-opalovani\/","og_locale":"cs_CZ","og_type":"article","og_title":"doTERRA\u2122 sun t\u011blov\u00fd sprej po opalov\u00e1n\u00ed - Anders &amp; Kafka E-SHOP","og_description":"Va\u0161e poko\u017eka si po opalov\u00e1n\u00ed zaslou\u017e\u00ed skv\u011blou d\u014dTERRA p\u00e9\u010di v podob\u011b t\u011blov\u00e9ho spreje po opalov\u00e1n\u00ed.  Hydrata\u010dn\u00ed vlastnosti kyseliny hyaluronov\u00e9 a zklid\u0148uj\u00edc\u00ed vlastnosti aloe vera jsou v tomto hloubkov\u011b hydrata\u010dn\u00edm p\u0159\u00edpravku zkombinov\u00e1ny s\u00a0extraktem z\u00a0kv\u011bt\u016f prhy arniky.  Esenci\u00e1ln\u00ed oleje Kopaiva, Levandule, Citronov\u00e1 tr\u00e1va, M\u00e1ta peprn\u00e1, M\u00e1ta japonsk\u00e1, Smil italsk\u00fd, Santalov\u00e9 d\u0159evo, Marock\u00fd he\u0159m\u00e1nek, Kadidlo a\u00a0Koriandr (semeno) nab\u00edzej\u00ed sv\u011b\u017e\u00ed a\u00a0jasnou, a\u00a0p\u0159esto uzem\u0148uj\u00edc\u00ed a\u00a0jemnou v\u016fni.  Sprej je k\u00a0dispozici v\u00a0hlin\u00edkov\u00e9 n\u00e1dobce s\u00a0rozpra\u0161ova\u010dem bez aerosol\u016f, kter\u00e1 vytv\u00e1\u0159\u00ed souvislou mlhu pro snadnou aplikaci na cel\u00e9 t\u011blo.","og_url":"https:\/\/anderskafka.cz\/eshop\/produkt\/doterra-sun-telovy-sprej-po-opalovani\/","og_site_name":"Anders &amp; Kafka E-SHOP","article_modified_time":"2026-03-13T08:06:56+00:00","og_image":[{"width":1280,"height":1280,"url":"https:\/\/anderskafka.cz\/eshop\/wp-content\/uploads\/sites\/3\/2023\/06\/EU_doTERRA_sun_aftersun-2.jpg","type":"image\/jpeg"}],"twitter_card":"summary_large_image","twitter_misc":{"Odhadovan\u00e1 doba \u010dten\u00ed":"2 minuty"},"schema":{"@context":"https:\/\/schema.org","@graph":[{"@type":"WebSite","@id":"https:\/\/anderskafka.cz\/eshop\/#website","url":"https:\/\/anderskafka.cz\/eshop\/","name":"Anders &amp; Kafka E-SHOP","description":"Anders &amp; Kafka E-SHOP","potentialAction":[{"@type":"SearchAction","target":{"@type":"EntryPoint","urlTemplate":"https:\/\/anderskafka.cz\/eshop\/?s={search_term_string}"},"query-input":"required name=search_term_string"}],"inLanguage":"cs"},{"@type":"ImageObject","@id":"https:\/\/anderskafka.cz\/eshop\/produkt\/doterra-sun-telovy-sprej-po-opalovani\/#primaryimage","inLanguage":"cs","url":"https:\/\/anderskafka.cz\/eshop\/wp-content\/uploads\/sites\/3\/2023\/06\/EU_doTERRA_sun_aftersun-2.jpg","contentUrl":"https:\/\/anderskafka.cz\/eshop\/wp-content\/uploads\/sites\/3\/2023\/06\/EU_doTERRA_sun_aftersun-2.jpg","width":1280,"height":1280},{"@type":"WebPage","@id":"https:\/\/anderskafka.cz\/eshop\/produkt\/doterra-sun-telovy-sprej-po-opalovani\/#webpage","url":"https:\/\/anderskafka.cz\/eshop\/produkt\/doterra-sun-telovy-sprej-po-opalovani\/","name":"doTERRA\u2122 sun t\u011blov\u00fd sprej po opalov\u00e1n\u00ed - Anders &amp; Kafka E-SHOP","isPartOf":{"@id":"https:\/\/anderskafka.cz\/eshop\/#website"},"primaryImageOfPage":{"@id":"https:\/\/anderskafka.cz\/eshop\/produkt\/doterra-sun-telovy-sprej-po-opalovani\/#primaryimage"},"datePublished":"2023-06-08T19:30:34+00:00","dateModified":"2026-03-13T08:06:56+00:00","description":"Va\u0161e poko\u017eka si po opalov\u00e1n\u00ed zaslou\u017e\u00ed skv\u011blou d\u014dTERRA p\u00e9\u010di v podob\u011b t\u011blov\u00e9ho spreje po opalov\u00e1n\u00ed. Hydrata\u010dn\u00ed vlastnosti kyseliny hyaluronov\u00e9 a zklid\u0148uj\u00edc\u00ed vlastnosti aloe vera jsou v tomto hloubkov\u011b hydrata\u010dn\u00edm p\u0159\u00edpravku zkombinov\u00e1ny s\u00a0extraktem z\u00a0kv\u011bt\u016f prhy arniky. Esenci\u00e1ln\u00ed oleje Kopaiva, Levandule, Citronov\u00e1 tr\u00e1va, M\u00e1ta peprn\u00e1, M\u00e1ta japonsk\u00e1, Smil italsk\u00fd, Santalov\u00e9 d\u0159evo, Marock\u00fd he\u0159m\u00e1nek, Kadidlo a\u00a0Koriandr (semeno) nab\u00edzej\u00ed sv\u011b\u017e\u00ed a\u00a0jasnou, a\u00a0p\u0159esto uzem\u0148uj\u00edc\u00ed a\u00a0jemnou v\u016fni. Sprej je k\u00a0dispozici v\u00a0hlin\u00edkov\u00e9 n\u00e1dobce s\u00a0rozpra\u0161ova\u010dem bez aerosol\u016f, kter\u00e1 vytv\u00e1\u0159\u00ed souvislou mlhu pro snadnou aplikaci na cel\u00e9 t\u011blo.","breadcrumb":{"@id":"https:\/\/anderskafka.cz\/eshop\/produkt\/doterra-sun-telovy-sprej-po-opalovani\/#breadcrumb"},"inLanguage":"cs","potentialAction":[{"@type":"ReadAction","target":["https:\/\/anderskafka.cz\/eshop\/produkt\/doterra-sun-telovy-sprej-po-opalovani\/"]}]},{"@type":"BreadcrumbList","@id":"https:\/\/anderskafka.cz\/eshop\/produkt\/doterra-sun-telovy-sprej-po-opalovani\/#breadcrumb","itemListElement":[{"@type":"ListItem","position":1,"name":"Obchod","item":"https:\/\/anderskafka.cz\/eshop\/obchod\/"},{"@type":"ListItem","position":2,"name":"doTERRA\u2122 sun t\u011blov\u00fd sprej po opalov\u00e1n\u00ed"}]}]}},"locations":[],"_links":{"self":[{"href":"https:\/\/anderskafka.cz\/eshop\/wp-json\/wp\/v2\/product\/3799"}],"collection":[{"href":"https:\/\/anderskafka.cz\/eshop\/wp-json\/wp\/v2\/product"}],"about":[{"href":"https:\/\/anderskafka.cz\/eshop\/wp-json\/wp\/v2\/types\/product"}],"replies":[{"embeddable":true,"href":"https:\/\/anderskafka.cz\/eshop\/wp-json\/wp\/v2\/comments?post=3799"}],"wp:featuredmedia":[{"embeddable":true,"href":"https:\/\/anderskafka.cz\/eshop\/wp-json\/wp\/v2\/media\/3857"}],"wp:attachment":[{"href":"https:\/\/anderskafka.cz\/eshop\/wp-json\/wp\/v2\/media?parent=3799"}],"wp:term":[{"taxonomy":"location","embeddable":true,"href":"https:\/\/anderskafka.cz\/eshop\/wp-json\/wp\/v2\/location?post=3799"},{"taxonomy":"product_cat","embeddable":true,"href":"https:\/\/anderskafka.cz\/eshop\/wp-json\/wp\/v2\/product_cat?post=3799"},{"taxonomy":"product_tag","embeddable":true,"href":"https:\/\/anderskafka.cz\/eshop\/wp-json\/wp\/v2\/product_tag?post=3799"}],"curies":[{"name":"wp","href":"https:\/\/api.w.org\/{rel}","templated":true}]}}