{"id":3943,"date":"2023-07-10T11:21:40","date_gmt":"2023-07-10T09:21:40","guid":{"rendered":"https:\/\/anderskafka.cz\/eshop\/?post_type=product&#038;p=3943"},"modified":"2026-03-13T15:45:08","modified_gmt":"2026-03-13T14:45:08","slug":"doterra-mata-peprnna-peppermint-15-ml","status":"publish","type":"product","link":"https:\/\/anderskafka.cz\/eshop\/produkt\/doterra-mata-peprnna-peppermint-15-ml\/","title":{"rendered":"Esenci\u00e1ln\u00ed olej d\u014dTERRA\u2122 M\u00e1ta peprn\u00e1 \u2013 Peppermint 15 ml"},"content":{"rendered":"<p>D\u014dTERRA\u2122 esenci\u00e1ln\u00ed olej M\u00e1ta peprn\u00e1 (<em>Peppermint, Mentha piperita<\/em>) je\u00a0velmi obl\u00edben\u00fdm a nepostradateln\u00fdm pomocn\u00edkem. Vyzna\u010duje se vysok\u00fdm pod\u00edlem mentolu. Lze ho pou\u017e\u00edt pro dobyt\u00ed energie, \u017ealude\u010dn\u00ed \u00falevu i pro \u00fa\u010dely \u00fastn\u00ed hygieny. V t\u00e9to d\u014dTERRA kvalit\u011b lze esenci\u00e1ln\u00ed m\u00e1tov\u00fd olej pou\u017e\u00edt i na dochucen\u00ed n\u00e1poj\u016f, dezert\u016f a pikantn\u00edch pokrm\u016f. D\u00e1le m\u016f\u017ee pomoci p\u0159i bolestech hlavy, zlep\u0161it d\u00fdch\u00e1n\u00ed a povzn\u00e9st n\u00e1ladu.<\/p>\n<p>POU\u017dIT\u00cd<\/p>\n<p>P\u0159idejte p\u00e1r kapek do saunov\u00e9ho v\u011bdra s vodou a postupn\u011b nal\u00e9vejte na rozp\u00e1len\u00e9 saunov\u00e9 kameny.<br \/>\nNakapejte do vody v difuz\u00e9ru.<br \/>\nP\u0159idejte kapku do sklenice vody s jahodami nebo limetkami a z\u00edsk\u00e1te osv\u011b\u017euj\u00edc\u00ed n\u00e1poj pln\u00fd chuti.<br \/>\nNa mas\u00e1\u017e i koupel sm\u00edchejte p\u00e1r kapek s nosn\u00fdm olejem.<\/p>\n<p>Citliv\u00e1 poko\u017eka m\u016f\u017ee reagovat podr\u00e1\u017ed\u011bn\u00edm. Uchov\u00e1vejte mimo dosah d\u011bt\u00ed. Zamezte styku s o\u010dima, vnit\u0159kem u\u0161\u00ed i s citliv\u00fdmi m\u00edsty na poko\u017ece. Minim\u00e1ln\u011b 12 hodin po nanesen\u00ed na poko\u017eku se vyhn\u011bte slune\u010dn\u00edmu i UV z\u00e1\u0159en\u00ed.<\/p>\n<p>&nbsp;<\/p>\n<div>\n<div>\n<p>Dle na\u0159\u00edzen\u00ed Evropsk\u00e9ho parlamentu nejsme opr\u00e1vn\u011bni uv\u00e1d\u011bt u v\u00fdrobk\u016f neschv\u00e1len\u00e1 zdravotn\u00ed tvrzen\u00ed. Zdravotn\u00ed tvrzen\u00ed zde nen\u00ed mo\u017en\u00e9 uv\u00e1d\u011bt ani v r\u00e1mci osobn\u00edch zku\u0161enost\u00ed a referenc\u00ed.<\/p>\n<\/div>\n<\/div>\n<div>\n<p>Obsah t\u00e9to webov\u00e9 str\u00e1nky vych\u00e1z\u00ed z n\u00e1zor\u016f spole\u010dnosti doTERRA. \u00a0Informace na t\u00e9to webov\u00e9 str\u00e1nce nemaj\u00ed za \u00fa\u010del nahradit individu\u00e1ln\u00ed vztah s kvalifikovan\u00fdm zdravotnick\u00fdm pracovn\u00edkem a nejsou ur\u010deny jako l\u00e9ka\u0159sk\u00e9 rady.<\/p>\n<\/div>\n","protected":false},"excerpt":{"rendered":"<p>D\u014dTERRA\u2122 esenci\u00e1ln\u00ed olej M\u00e1ta peprn\u00e1 je\u00a0velmi obl\u00edben\u00fdm a nepostradateln\u00fdm pomocn\u00edkem. M\u00e1 silnou a osv\u011b\u017euj\u00edc\u00ed v\u016fni, pom\u016f\u017ee od \u00fanavy, budete se s n\u00edm c\u00edtit sv\u011b\u017e\u00ed a pln\u00ed energie.<\/p>\n<p>P\u0159idejte p\u00e1r kapek do saunov\u00e9ho v\u011bdra s vodou a postupn\u011b nal\u00e9vejte na rozp\u00e1len\u00e9 saunov\u00e9 kameny.<\/p>\n<p>&nbsp;<\/p>\n","protected":false},"featured_media":3947,"comment_status":"open","ping_status":"closed","template":"","meta":{"site-sidebar-layout":"default","site-content-layout":"default","ast-main-header-display":"","ast-hfb-above-header-display":"","ast-hfb-below-header-display":"","ast-hfb-mobile-header-display":"","site-post-title":"","ast-breadcrumbs-content":"","ast-featured-img":"","footer-sml-layout":"","theme-transparent-header-meta":"","adv-header-id-meta":"","stick-header-meta":"","header-above-stick-meta":"","header-main-stick-meta":"","header-below-stick-meta":""},"location":[],"product_cat":[959],"product_tag":[958],"yoast_head":"<!-- This site is optimized with the Yoast SEO plugin v18.5.1 - https:\/\/yoast.com\/wordpress\/plugins\/seo\/ -->\n<title>Esenci\u00e1ln\u00ed olej d\u014dTERRA\u2122 M\u00e1ta peprn\u00e1 \u2013 Peppermint 15 ml - Anders &amp; Kafka E-SHOP<\/title>\n<meta name=\"description\" content=\"D\u014dTERRA\u2122 esenci\u00e1ln\u00ed olej M\u00e1ta peprn\u00e1 je\u00a0velmi obl\u00edben\u00fdm a nepostradateln\u00fdm pomocn\u00edkem. M\u00e1 silnou a osv\u011b\u017euj\u00edc\u00ed v\u016fni, pom\u016f\u017ee od \u00fanavy, budete se s n\u00edm c\u00edtit sv\u011b\u017e\u00ed a pln\u00ed energie.  P\u0159idejte p\u00e1r kapek do saunov\u00e9ho v\u011bdra s vodou a postupn\u011b nal\u00e9vejte na rozp\u00e1len\u00e9 saunov\u00e9 kameny.  &nbsp;\" \/>\n<meta name=\"robots\" content=\"index, follow, max-snippet:-1, max-image-preview:large, max-video-preview:-1\" \/>\n<link rel=\"canonical\" href=\"https:\/\/anderskafka.cz\/eshop\/produkt\/doterra-mata-peprnna-peppermint-15-ml\/\" \/>\n<meta property=\"og:locale\" content=\"cs_CZ\" \/>\n<meta property=\"og:type\" content=\"article\" \/>\n<meta property=\"og:title\" content=\"Esenci\u00e1ln\u00ed olej d\u014dTERRA\u2122 M\u00e1ta peprn\u00e1 \u2013 Peppermint 15 ml - Anders &amp; Kafka E-SHOP\" \/>\n<meta property=\"og:description\" content=\"D\u014dTERRA\u2122 esenci\u00e1ln\u00ed olej M\u00e1ta peprn\u00e1 je\u00a0velmi obl\u00edben\u00fdm a nepostradateln\u00fdm pomocn\u00edkem. M\u00e1 silnou a osv\u011b\u017euj\u00edc\u00ed v\u016fni, pom\u016f\u017ee od \u00fanavy, budete se s n\u00edm c\u00edtit sv\u011b\u017e\u00ed a pln\u00ed energie.  P\u0159idejte p\u00e1r kapek do saunov\u00e9ho v\u011bdra s vodou a postupn\u011b nal\u00e9vejte na rozp\u00e1len\u00e9 saunov\u00e9 kameny.  &nbsp;\" \/>\n<meta property=\"og:url\" content=\"https:\/\/anderskafka.cz\/eshop\/produkt\/doterra-mata-peprnna-peppermint-15-ml\/\" \/>\n<meta property=\"og:site_name\" content=\"Anders &amp; Kafka E-SHOP\" \/>\n<meta property=\"article:modified_time\" content=\"2026-03-13T14:45:08+00:00\" \/>\n<meta property=\"og:image\" content=\"https:\/\/anderskafka.cz\/eshop\/wp-content\/uploads\/sites\/3\/2023\/07\/Mata_peprna-e1726589502571.jpg\" \/>\n\t<meta property=\"og:image:width\" content=\"1080\" \/>\n\t<meta property=\"og:image:height\" content=\"1080\" \/>\n\t<meta property=\"og:image:type\" content=\"image\/jpeg\" \/>\n<meta name=\"twitter:card\" content=\"summary_large_image\" \/>\n<meta name=\"twitter:label1\" content=\"Odhadovan\u00e1 doba \u010dten\u00ed\" \/>\n\t<meta name=\"twitter:data1\" content=\"2 minuty\" \/>\n<script type=\"application\/ld+json\" class=\"yoast-schema-graph\">{\"@context\":\"https:\/\/schema.org\",\"@graph\":[{\"@type\":\"WebSite\",\"@id\":\"https:\/\/anderskafka.cz\/eshop\/#website\",\"url\":\"https:\/\/anderskafka.cz\/eshop\/\",\"name\":\"Anders &amp; Kafka E-SHOP\",\"description\":\"Anders &amp; Kafka E-SHOP\",\"potentialAction\":[{\"@type\":\"SearchAction\",\"target\":{\"@type\":\"EntryPoint\",\"urlTemplate\":\"https:\/\/anderskafka.cz\/eshop\/?s={search_term_string}\"},\"query-input\":\"required name=search_term_string\"}],\"inLanguage\":\"cs\"},{\"@type\":\"ImageObject\",\"@id\":\"https:\/\/anderskafka.cz\/eshop\/produkt\/doterra-mata-peprnna-peppermint-15-ml\/#primaryimage\",\"inLanguage\":\"cs\",\"url\":\"https:\/\/anderskafka.cz\/eshop\/wp-content\/uploads\/sites\/3\/2023\/07\/Mata_peprna-e1726589502571.jpg\",\"contentUrl\":\"https:\/\/anderskafka.cz\/eshop\/wp-content\/uploads\/sites\/3\/2023\/07\/Mata_peprna-e1726589502571.jpg\",\"width\":1080,\"height\":1080},{\"@type\":\"WebPage\",\"@id\":\"https:\/\/anderskafka.cz\/eshop\/produkt\/doterra-mata-peprnna-peppermint-15-ml\/#webpage\",\"url\":\"https:\/\/anderskafka.cz\/eshop\/produkt\/doterra-mata-peprnna-peppermint-15-ml\/\",\"name\":\"Esenci\u00e1ln\u00ed olej d\u014dTERRA\u2122 M\u00e1ta peprn\u00e1 \u2013 Peppermint 15 ml - Anders &amp; Kafka E-SHOP\",\"isPartOf\":{\"@id\":\"https:\/\/anderskafka.cz\/eshop\/#website\"},\"primaryImageOfPage\":{\"@id\":\"https:\/\/anderskafka.cz\/eshop\/produkt\/doterra-mata-peprnna-peppermint-15-ml\/#primaryimage\"},\"datePublished\":\"2023-07-10T09:21:40+00:00\",\"dateModified\":\"2026-03-13T14:45:08+00:00\",\"description\":\"D\u014dTERRA\u2122 esenci\u00e1ln\u00ed olej M\u00e1ta peprn\u00e1 je\u00a0velmi obl\u00edben\u00fdm a nepostradateln\u00fdm pomocn\u00edkem. M\u00e1 silnou a osv\u011b\u017euj\u00edc\u00ed v\u016fni, pom\u016f\u017ee od \u00fanavy, budete se s n\u00edm c\u00edtit sv\u011b\u017e\u00ed a pln\u00ed energie. P\u0159idejte p\u00e1r kapek do saunov\u00e9ho v\u011bdra s vodou a postupn\u011b nal\u00e9vejte na rozp\u00e1len\u00e9 saunov\u00e9 kameny. &nbsp;\",\"breadcrumb\":{\"@id\":\"https:\/\/anderskafka.cz\/eshop\/produkt\/doterra-mata-peprnna-peppermint-15-ml\/#breadcrumb\"},\"inLanguage\":\"cs\",\"potentialAction\":[{\"@type\":\"ReadAction\",\"target\":[\"https:\/\/anderskafka.cz\/eshop\/produkt\/doterra-mata-peprnna-peppermint-15-ml\/\"]}]},{\"@type\":\"BreadcrumbList\",\"@id\":\"https:\/\/anderskafka.cz\/eshop\/produkt\/doterra-mata-peprnna-peppermint-15-ml\/#breadcrumb\",\"itemListElement\":[{\"@type\":\"ListItem\",\"position\":1,\"name\":\"Obchod\",\"item\":\"https:\/\/anderskafka.cz\/eshop\/obchod\/\"},{\"@type\":\"ListItem\",\"position\":2,\"name\":\"Esenci\u00e1ln\u00ed olej d\u014dTERRA\u2122 M\u00e1ta peprn\u00e1 \u2013 Peppermint 15 ml\"}]}]}<\/script>\n<!-- \/ Yoast SEO plugin. -->","yoast_head_json":{"title":"Esenci\u00e1ln\u00ed olej d\u014dTERRA\u2122 M\u00e1ta peprn\u00e1 \u2013 Peppermint 15 ml - Anders &amp; Kafka E-SHOP","description":"D\u014dTERRA\u2122 esenci\u00e1ln\u00ed olej M\u00e1ta peprn\u00e1 je\u00a0velmi obl\u00edben\u00fdm a nepostradateln\u00fdm pomocn\u00edkem. M\u00e1 silnou a osv\u011b\u017euj\u00edc\u00ed v\u016fni, pom\u016f\u017ee od \u00fanavy, budete se s n\u00edm c\u00edtit sv\u011b\u017e\u00ed a pln\u00ed energie.  P\u0159idejte p\u00e1r kapek do saunov\u00e9ho v\u011bdra s vodou a postupn\u011b nal\u00e9vejte na rozp\u00e1len\u00e9 saunov\u00e9 kameny.  &nbsp;","robots":{"index":"index","follow":"follow","max-snippet":"max-snippet:-1","max-image-preview":"max-image-preview:large","max-video-preview":"max-video-preview:-1"},"canonical":"https:\/\/anderskafka.cz\/eshop\/produkt\/doterra-mata-peprnna-peppermint-15-ml\/","og_locale":"cs_CZ","og_type":"article","og_title":"Esenci\u00e1ln\u00ed olej d\u014dTERRA\u2122 M\u00e1ta peprn\u00e1 \u2013 Peppermint 15 ml - Anders &amp; Kafka E-SHOP","og_description":"D\u014dTERRA\u2122 esenci\u00e1ln\u00ed olej M\u00e1ta peprn\u00e1 je\u00a0velmi obl\u00edben\u00fdm a nepostradateln\u00fdm pomocn\u00edkem. M\u00e1 silnou a osv\u011b\u017euj\u00edc\u00ed v\u016fni, pom\u016f\u017ee od \u00fanavy, budete se s n\u00edm c\u00edtit sv\u011b\u017e\u00ed a pln\u00ed energie.  P\u0159idejte p\u00e1r kapek do saunov\u00e9ho v\u011bdra s vodou a postupn\u011b nal\u00e9vejte na rozp\u00e1len\u00e9 saunov\u00e9 kameny.  &nbsp;","og_url":"https:\/\/anderskafka.cz\/eshop\/produkt\/doterra-mata-peprnna-peppermint-15-ml\/","og_site_name":"Anders &amp; Kafka E-SHOP","article_modified_time":"2026-03-13T14:45:08+00:00","og_image":[{"width":1080,"height":1080,"url":"https:\/\/anderskafka.cz\/eshop\/wp-content\/uploads\/sites\/3\/2023\/07\/Mata_peprna-e1726589502571.jpg","type":"image\/jpeg"}],"twitter_card":"summary_large_image","twitter_misc":{"Odhadovan\u00e1 doba \u010dten\u00ed":"2 minuty"},"schema":{"@context":"https:\/\/schema.org","@graph":[{"@type":"WebSite","@id":"https:\/\/anderskafka.cz\/eshop\/#website","url":"https:\/\/anderskafka.cz\/eshop\/","name":"Anders &amp; Kafka E-SHOP","description":"Anders &amp; Kafka E-SHOP","potentialAction":[{"@type":"SearchAction","target":{"@type":"EntryPoint","urlTemplate":"https:\/\/anderskafka.cz\/eshop\/?s={search_term_string}"},"query-input":"required name=search_term_string"}],"inLanguage":"cs"},{"@type":"ImageObject","@id":"https:\/\/anderskafka.cz\/eshop\/produkt\/doterra-mata-peprnna-peppermint-15-ml\/#primaryimage","inLanguage":"cs","url":"https:\/\/anderskafka.cz\/eshop\/wp-content\/uploads\/sites\/3\/2023\/07\/Mata_peprna-e1726589502571.jpg","contentUrl":"https:\/\/anderskafka.cz\/eshop\/wp-content\/uploads\/sites\/3\/2023\/07\/Mata_peprna-e1726589502571.jpg","width":1080,"height":1080},{"@type":"WebPage","@id":"https:\/\/anderskafka.cz\/eshop\/produkt\/doterra-mata-peprnna-peppermint-15-ml\/#webpage","url":"https:\/\/anderskafka.cz\/eshop\/produkt\/doterra-mata-peprnna-peppermint-15-ml\/","name":"Esenci\u00e1ln\u00ed olej d\u014dTERRA\u2122 M\u00e1ta peprn\u00e1 \u2013 Peppermint 15 ml - Anders &amp; Kafka E-SHOP","isPartOf":{"@id":"https:\/\/anderskafka.cz\/eshop\/#website"},"primaryImageOfPage":{"@id":"https:\/\/anderskafka.cz\/eshop\/produkt\/doterra-mata-peprnna-peppermint-15-ml\/#primaryimage"},"datePublished":"2023-07-10T09:21:40+00:00","dateModified":"2026-03-13T14:45:08+00:00","description":"D\u014dTERRA\u2122 esenci\u00e1ln\u00ed olej M\u00e1ta peprn\u00e1 je\u00a0velmi obl\u00edben\u00fdm a nepostradateln\u00fdm pomocn\u00edkem. M\u00e1 silnou a osv\u011b\u017euj\u00edc\u00ed v\u016fni, pom\u016f\u017ee od \u00fanavy, budete se s n\u00edm c\u00edtit sv\u011b\u017e\u00ed a pln\u00ed energie. P\u0159idejte p\u00e1r kapek do saunov\u00e9ho v\u011bdra s vodou a postupn\u011b nal\u00e9vejte na rozp\u00e1len\u00e9 saunov\u00e9 kameny. &nbsp;","breadcrumb":{"@id":"https:\/\/anderskafka.cz\/eshop\/produkt\/doterra-mata-peprnna-peppermint-15-ml\/#breadcrumb"},"inLanguage":"cs","potentialAction":[{"@type":"ReadAction","target":["https:\/\/anderskafka.cz\/eshop\/produkt\/doterra-mata-peprnna-peppermint-15-ml\/"]}]},{"@type":"BreadcrumbList","@id":"https:\/\/anderskafka.cz\/eshop\/produkt\/doterra-mata-peprnna-peppermint-15-ml\/#breadcrumb","itemListElement":[{"@type":"ListItem","position":1,"name":"Obchod","item":"https:\/\/anderskafka.cz\/eshop\/obchod\/"},{"@type":"ListItem","position":2,"name":"Esenci\u00e1ln\u00ed olej d\u014dTERRA\u2122 M\u00e1ta peprn\u00e1 \u2013 Peppermint 15 ml"}]}]}},"locations":[],"_links":{"self":[{"href":"https:\/\/anderskafka.cz\/eshop\/wp-json\/wp\/v2\/product\/3943"}],"collection":[{"href":"https:\/\/anderskafka.cz\/eshop\/wp-json\/wp\/v2\/product"}],"about":[{"href":"https:\/\/anderskafka.cz\/eshop\/wp-json\/wp\/v2\/types\/product"}],"replies":[{"embeddable":true,"href":"https:\/\/anderskafka.cz\/eshop\/wp-json\/wp\/v2\/comments?post=3943"}],"wp:featuredmedia":[{"embeddable":true,"href":"https:\/\/anderskafka.cz\/eshop\/wp-json\/wp\/v2\/media\/3947"}],"wp:attachment":[{"href":"https:\/\/anderskafka.cz\/eshop\/wp-json\/wp\/v2\/media?parent=3943"}],"wp:term":[{"taxonomy":"location","embeddable":true,"href":"https:\/\/anderskafka.cz\/eshop\/wp-json\/wp\/v2\/location?post=3943"},{"taxonomy":"product_cat","embeddable":true,"href":"https:\/\/anderskafka.cz\/eshop\/wp-json\/wp\/v2\/product_cat?post=3943"},{"taxonomy":"product_tag","embeddable":true,"href":"https:\/\/anderskafka.cz\/eshop\/wp-json\/wp\/v2\/product_tag?post=3943"}],"curies":[{"name":"wp","href":"https:\/\/api.w.org\/{rel}","templated":true}]}}