{"id":3987,"date":"2023-07-19T17:50:56","date_gmt":"2023-07-19T15:50:56","guid":{"rendered":"https:\/\/anderskafka.cz\/eshop\/?post_type=product&#038;p=3987"},"modified":"2024-12-05T09:40:57","modified_gmt":"2024-12-05T08:40:57","slug":"novitek-pridavny-ohrev-3-kw","status":"publish","type":"product","link":"https:\/\/anderskafka.cz\/eshop\/produkt\/novitek-pridavny-ohrev-3-kw\/","title":{"rendered":"NOVITEK\u00ae \u2013 P\u0159\u00eddavn\u00fd oh\u0159ev 3 kW"},"content":{"rendered":"<p>Pomoc\u00ed t\u00e9to p\u0159\u00eddavn\u00e9 v\u00fdbavy z\u00edsk\u00e1te dal\u0161\u00ed 3 Kw topn\u00e9ho v\u00fdkonu, \u010d\u00edm\u017e dos\u00e1hnete rychlej\u0161\u00edho nah\u0159\u00e1t\u00ed v\u00ed\u0159ivky <strong>NOVITEK\u00ae<\/strong>. Tato v\u00fdbava byla speci\u00e1ln\u011b navr\u017eena pro celoro\u010dn\u00ed pou\u017e\u00edv\u00e1n\u00ed v\u00ed\u0159ivek <strong>NOVITEK\u00ae<\/strong> ve Skandin\u00e1vii.<br \/>\nTuto v\u00fdbavu nelze namontovat dodate\u010dn\u011b.<\/p>\n<p>&#8211; 3 kW elektrick\u00fd oh\u0159\u00edva\u010d oh\u0159eje vodu p\u0159ibli\u017en\u011b o 1\u20132 stupn\u011b Celsia za hodinu.<br \/>\n&#8211; 6 kW elektrick\u00fd oh\u0159\u00edva\u010d oh\u0159eje vodu p\u0159ibli\u017en\u011b o 3\u20134 stupn\u011b Celsia za hodinu.<\/p>\n","protected":false},"excerpt":{"rendered":"<p>P\u0159\u00eddavn\u00fd 3 kW elektrick\u00fd oh\u0159ev, doporu\u010dujeme pro v\u0161echny elektricky vyh\u0159\u00edvan\u00e9 v\u00ed\u0159ivky NOVITEK\u00ae, hlavn\u011b pro zimn\u00ed provoz. Dos\u00e1hnete rychlej\u0161\u00edho nah\u0159\u00e1t\u00ed v\u00ed\u0159ivky. Tato v\u00fdbava byla speci\u00e1ln\u011b navr\u017eena pro celoro\u010dn\u00ed pou\u017e\u00edv\u00e1n\u00ed v\u00ed\u0159ivek ve Skandin\u00e1vii pro tuhou severskou zimu.<\/p>\n<h3><strong>SAMOSTATN\u011a NEPRODEJN\u00c9<\/strong><\/h3>\n<p>Mo\u017eno objednat pouze s jednotliv\u00fdmi v\u00ed\u0159ivkami NOVITEK \u00a0<strong><a href=\"https:\/\/anderskafka.cz\/eshop\/kategorie\/virivky\/celorocni-virivky\/\">zde<\/a><\/strong><\/p>\n","protected":false},"featured_media":3989,"comment_status":"open","ping_status":"closed","template":"","meta":{"site-sidebar-layout":"default","site-content-layout":"default","ast-main-header-display":"","ast-hfb-above-header-display":"","ast-hfb-below-header-display":"","ast-hfb-mobile-header-display":"","site-post-title":"","ast-breadcrumbs-content":"","ast-featured-img":"","footer-sml-layout":"","theme-transparent-header-meta":"","adv-header-id-meta":"","stick-header-meta":"","header-above-stick-meta":"","header-main-stick-meta":"","header-below-stick-meta":""},"location":[],"product_cat":[747],"product_tag":[981],"yoast_head":"<!-- This site is optimized with the Yoast SEO plugin v18.5.1 - https:\/\/yoast.com\/wordpress\/plugins\/seo\/ -->\n<title>NOVITEK\u00ae \u2013 P\u0159\u00eddavn\u00fd oh\u0159ev 3 kW - Anders &amp; Kafka E-SHOP<\/title>\n<meta name=\"description\" content=\"P\u0159\u00eddavn\u00fd 3 kW elektrick\u00fd oh\u0159ev, doporu\u010dujeme pro v\u0161echny elektricky vyh\u0159\u00edvan\u00e9 v\u00ed\u0159ivky NOVITEK\u00ae, hlavn\u011b pro zimn\u00ed provoz. Dos\u00e1hnete rychlej\u0161\u00edho nah\u0159\u00e1t\u00ed v\u00ed\u0159ivky. Tato v\u00fdbava byla speci\u00e1ln\u011b navr\u017eena pro celoro\u010dn\u00ed pou\u017e\u00edv\u00e1n\u00ed v\u00ed\u0159ivek ve Skandin\u00e1vii pro tuhou severskou zimu. SAMOSTATN\u011a NEPRODEJN\u00c9 Mo\u017eno objednat pouze s jednotliv\u00fdmi v\u00ed\u0159ivkami NOVITEK \u00a0zde\" \/>\n<meta name=\"robots\" content=\"index, follow, max-snippet:-1, max-image-preview:large, max-video-preview:-1\" \/>\n<link rel=\"canonical\" href=\"https:\/\/anderskafka.cz\/eshop\/produkt\/novitek-pridavny-ohrev-3-kw\/\" \/>\n<meta property=\"og:locale\" content=\"cs_CZ\" \/>\n<meta property=\"og:type\" content=\"article\" \/>\n<meta property=\"og:title\" content=\"NOVITEK\u00ae \u2013 P\u0159\u00eddavn\u00fd oh\u0159ev 3 kW - Anders &amp; Kafka E-SHOP\" \/>\n<meta property=\"og:description\" content=\"P\u0159\u00eddavn\u00fd 3 kW elektrick\u00fd oh\u0159ev, doporu\u010dujeme pro v\u0161echny elektricky vyh\u0159\u00edvan\u00e9 v\u00ed\u0159ivky NOVITEK\u00ae, hlavn\u011b pro zimn\u00ed provoz. Dos\u00e1hnete rychlej\u0161\u00edho nah\u0159\u00e1t\u00ed v\u00ed\u0159ivky. Tato v\u00fdbava byla speci\u00e1ln\u011b navr\u017eena pro celoro\u010dn\u00ed pou\u017e\u00edv\u00e1n\u00ed v\u00ed\u0159ivek ve Skandin\u00e1vii pro tuhou severskou zimu. SAMOSTATN\u011a NEPRODEJN\u00c9 Mo\u017eno objednat pouze s jednotliv\u00fdmi v\u00ed\u0159ivkami NOVITEK \u00a0zde\" \/>\n<meta property=\"og:url\" content=\"https:\/\/anderskafka.cz\/eshop\/produkt\/novitek-pridavny-ohrev-3-kw\/\" \/>\n<meta property=\"og:site_name\" content=\"Anders &amp; Kafka E-SHOP\" \/>\n<meta property=\"article:modified_time\" content=\"2024-12-05T08:40:57+00:00\" \/>\n<meta property=\"og:image\" content=\"https:\/\/anderskafka.cz\/eshop\/wp-content\/uploads\/sites\/3\/2023\/07\/heater-balboa.jpg\" \/>\n\t<meta property=\"og:image:width\" content=\"1000\" \/>\n\t<meta property=\"og:image:height\" content=\"1000\" \/>\n\t<meta property=\"og:image:type\" content=\"image\/jpeg\" \/>\n<meta name=\"twitter:card\" content=\"summary_large_image\" \/>\n<meta name=\"twitter:label1\" content=\"Odhadovan\u00e1 doba \u010dten\u00ed\" \/>\n\t<meta name=\"twitter:data1\" content=\"1 minuta\" \/>\n<script type=\"application\/ld+json\" class=\"yoast-schema-graph\">{\"@context\":\"https:\/\/schema.org\",\"@graph\":[{\"@type\":\"WebSite\",\"@id\":\"https:\/\/anderskafka.cz\/eshop\/#website\",\"url\":\"https:\/\/anderskafka.cz\/eshop\/\",\"name\":\"Anders &amp; Kafka E-SHOP\",\"description\":\"Anders &amp; Kafka E-SHOP\",\"potentialAction\":[{\"@type\":\"SearchAction\",\"target\":{\"@type\":\"EntryPoint\",\"urlTemplate\":\"https:\/\/anderskafka.cz\/eshop\/?s={search_term_string}\"},\"query-input\":\"required name=search_term_string\"}],\"inLanguage\":\"cs\"},{\"@type\":\"ImageObject\",\"@id\":\"https:\/\/anderskafka.cz\/eshop\/produkt\/novitek-pridavny-ohrev-3-kw\/#primaryimage\",\"inLanguage\":\"cs\",\"url\":\"https:\/\/anderskafka.cz\/eshop\/wp-content\/uploads\/sites\/3\/2023\/07\/heater-balboa.jpg\",\"contentUrl\":\"https:\/\/anderskafka.cz\/eshop\/wp-content\/uploads\/sites\/3\/2023\/07\/heater-balboa.jpg\",\"width\":1000,\"height\":1000},{\"@type\":\"WebPage\",\"@id\":\"https:\/\/anderskafka.cz\/eshop\/produkt\/novitek-pridavny-ohrev-3-kw\/#webpage\",\"url\":\"https:\/\/anderskafka.cz\/eshop\/produkt\/novitek-pridavny-ohrev-3-kw\/\",\"name\":\"NOVITEK\u00ae \u2013 P\u0159\u00eddavn\u00fd oh\u0159ev 3 kW - Anders &amp; Kafka E-SHOP\",\"isPartOf\":{\"@id\":\"https:\/\/anderskafka.cz\/eshop\/#website\"},\"primaryImageOfPage\":{\"@id\":\"https:\/\/anderskafka.cz\/eshop\/produkt\/novitek-pridavny-ohrev-3-kw\/#primaryimage\"},\"datePublished\":\"2023-07-19T15:50:56+00:00\",\"dateModified\":\"2024-12-05T08:40:57+00:00\",\"description\":\"P\u0159\u00eddavn\u00fd 3 kW elektrick\u00fd oh\u0159ev, doporu\u010dujeme pro v\u0161echny elektricky vyh\u0159\u00edvan\u00e9 v\u00ed\u0159ivky NOVITEK\u00ae, hlavn\u011b pro zimn\u00ed provoz. Dos\u00e1hnete rychlej\u0161\u00edho nah\u0159\u00e1t\u00ed v\u00ed\u0159ivky. Tato v\u00fdbava byla speci\u00e1ln\u011b navr\u017eena pro celoro\u010dn\u00ed pou\u017e\u00edv\u00e1n\u00ed v\u00ed\u0159ivek ve Skandin\u00e1vii pro tuhou severskou zimu. SAMOSTATN\u011a NEPRODEJN\u00c9 Mo\u017eno objednat pouze s jednotliv\u00fdmi v\u00ed\u0159ivkami NOVITEK \u00a0zde\",\"breadcrumb\":{\"@id\":\"https:\/\/anderskafka.cz\/eshop\/produkt\/novitek-pridavny-ohrev-3-kw\/#breadcrumb\"},\"inLanguage\":\"cs\",\"potentialAction\":[{\"@type\":\"ReadAction\",\"target\":[\"https:\/\/anderskafka.cz\/eshop\/produkt\/novitek-pridavny-ohrev-3-kw\/\"]}]},{\"@type\":\"BreadcrumbList\",\"@id\":\"https:\/\/anderskafka.cz\/eshop\/produkt\/novitek-pridavny-ohrev-3-kw\/#breadcrumb\",\"itemListElement\":[{\"@type\":\"ListItem\",\"position\":1,\"name\":\"Obchod\",\"item\":\"https:\/\/anderskafka.cz\/eshop\/obchod\/\"},{\"@type\":\"ListItem\",\"position\":2,\"name\":\"NOVITEK\u00ae \u2013 P\u0159\u00eddavn\u00fd oh\u0159ev 3 kW\"}]}]}<\/script>\n<!-- \/ Yoast SEO plugin. -->","yoast_head_json":{"title":"NOVITEK\u00ae \u2013 P\u0159\u00eddavn\u00fd oh\u0159ev 3 kW - Anders &amp; Kafka E-SHOP","description":"P\u0159\u00eddavn\u00fd 3 kW elektrick\u00fd oh\u0159ev, doporu\u010dujeme pro v\u0161echny elektricky vyh\u0159\u00edvan\u00e9 v\u00ed\u0159ivky NOVITEK\u00ae, hlavn\u011b pro zimn\u00ed provoz. Dos\u00e1hnete rychlej\u0161\u00edho nah\u0159\u00e1t\u00ed v\u00ed\u0159ivky. Tato v\u00fdbava byla speci\u00e1ln\u011b navr\u017eena pro celoro\u010dn\u00ed pou\u017e\u00edv\u00e1n\u00ed v\u00ed\u0159ivek ve Skandin\u00e1vii pro tuhou severskou zimu. SAMOSTATN\u011a NEPRODEJN\u00c9 Mo\u017eno objednat pouze s jednotliv\u00fdmi v\u00ed\u0159ivkami NOVITEK \u00a0zde","robots":{"index":"index","follow":"follow","max-snippet":"max-snippet:-1","max-image-preview":"max-image-preview:large","max-video-preview":"max-video-preview:-1"},"canonical":"https:\/\/anderskafka.cz\/eshop\/produkt\/novitek-pridavny-ohrev-3-kw\/","og_locale":"cs_CZ","og_type":"article","og_title":"NOVITEK\u00ae \u2013 P\u0159\u00eddavn\u00fd oh\u0159ev 3 kW - Anders &amp; Kafka E-SHOP","og_description":"P\u0159\u00eddavn\u00fd 3 kW elektrick\u00fd oh\u0159ev, doporu\u010dujeme pro v\u0161echny elektricky vyh\u0159\u00edvan\u00e9 v\u00ed\u0159ivky NOVITEK\u00ae, hlavn\u011b pro zimn\u00ed provoz. Dos\u00e1hnete rychlej\u0161\u00edho nah\u0159\u00e1t\u00ed v\u00ed\u0159ivky. Tato v\u00fdbava byla speci\u00e1ln\u011b navr\u017eena pro celoro\u010dn\u00ed pou\u017e\u00edv\u00e1n\u00ed v\u00ed\u0159ivek ve Skandin\u00e1vii pro tuhou severskou zimu. SAMOSTATN\u011a NEPRODEJN\u00c9 Mo\u017eno objednat pouze s jednotliv\u00fdmi v\u00ed\u0159ivkami NOVITEK \u00a0zde","og_url":"https:\/\/anderskafka.cz\/eshop\/produkt\/novitek-pridavny-ohrev-3-kw\/","og_site_name":"Anders &amp; Kafka E-SHOP","article_modified_time":"2024-12-05T08:40:57+00:00","og_image":[{"width":1000,"height":1000,"url":"https:\/\/anderskafka.cz\/eshop\/wp-content\/uploads\/sites\/3\/2023\/07\/heater-balboa.jpg","type":"image\/jpeg"}],"twitter_card":"summary_large_image","twitter_misc":{"Odhadovan\u00e1 doba \u010dten\u00ed":"1 minuta"},"schema":{"@context":"https:\/\/schema.org","@graph":[{"@type":"WebSite","@id":"https:\/\/anderskafka.cz\/eshop\/#website","url":"https:\/\/anderskafka.cz\/eshop\/","name":"Anders &amp; Kafka E-SHOP","description":"Anders &amp; Kafka E-SHOP","potentialAction":[{"@type":"SearchAction","target":{"@type":"EntryPoint","urlTemplate":"https:\/\/anderskafka.cz\/eshop\/?s={search_term_string}"},"query-input":"required name=search_term_string"}],"inLanguage":"cs"},{"@type":"ImageObject","@id":"https:\/\/anderskafka.cz\/eshop\/produkt\/novitek-pridavny-ohrev-3-kw\/#primaryimage","inLanguage":"cs","url":"https:\/\/anderskafka.cz\/eshop\/wp-content\/uploads\/sites\/3\/2023\/07\/heater-balboa.jpg","contentUrl":"https:\/\/anderskafka.cz\/eshop\/wp-content\/uploads\/sites\/3\/2023\/07\/heater-balboa.jpg","width":1000,"height":1000},{"@type":"WebPage","@id":"https:\/\/anderskafka.cz\/eshop\/produkt\/novitek-pridavny-ohrev-3-kw\/#webpage","url":"https:\/\/anderskafka.cz\/eshop\/produkt\/novitek-pridavny-ohrev-3-kw\/","name":"NOVITEK\u00ae \u2013 P\u0159\u00eddavn\u00fd oh\u0159ev 3 kW - Anders &amp; Kafka E-SHOP","isPartOf":{"@id":"https:\/\/anderskafka.cz\/eshop\/#website"},"primaryImageOfPage":{"@id":"https:\/\/anderskafka.cz\/eshop\/produkt\/novitek-pridavny-ohrev-3-kw\/#primaryimage"},"datePublished":"2023-07-19T15:50:56+00:00","dateModified":"2024-12-05T08:40:57+00:00","description":"P\u0159\u00eddavn\u00fd 3 kW elektrick\u00fd oh\u0159ev, doporu\u010dujeme pro v\u0161echny elektricky vyh\u0159\u00edvan\u00e9 v\u00ed\u0159ivky NOVITEK\u00ae, hlavn\u011b pro zimn\u00ed provoz. Dos\u00e1hnete rychlej\u0161\u00edho nah\u0159\u00e1t\u00ed v\u00ed\u0159ivky. Tato v\u00fdbava byla speci\u00e1ln\u011b navr\u017eena pro celoro\u010dn\u00ed pou\u017e\u00edv\u00e1n\u00ed v\u00ed\u0159ivek ve Skandin\u00e1vii pro tuhou severskou zimu. SAMOSTATN\u011a NEPRODEJN\u00c9 Mo\u017eno objednat pouze s jednotliv\u00fdmi v\u00ed\u0159ivkami NOVITEK \u00a0zde","breadcrumb":{"@id":"https:\/\/anderskafka.cz\/eshop\/produkt\/novitek-pridavny-ohrev-3-kw\/#breadcrumb"},"inLanguage":"cs","potentialAction":[{"@type":"ReadAction","target":["https:\/\/anderskafka.cz\/eshop\/produkt\/novitek-pridavny-ohrev-3-kw\/"]}]},{"@type":"BreadcrumbList","@id":"https:\/\/anderskafka.cz\/eshop\/produkt\/novitek-pridavny-ohrev-3-kw\/#breadcrumb","itemListElement":[{"@type":"ListItem","position":1,"name":"Obchod","item":"https:\/\/anderskafka.cz\/eshop\/obchod\/"},{"@type":"ListItem","position":2,"name":"NOVITEK\u00ae \u2013 P\u0159\u00eddavn\u00fd oh\u0159ev 3 kW"}]}]}},"locations":[],"_links":{"self":[{"href":"https:\/\/anderskafka.cz\/eshop\/wp-json\/wp\/v2\/product\/3987"}],"collection":[{"href":"https:\/\/anderskafka.cz\/eshop\/wp-json\/wp\/v2\/product"}],"about":[{"href":"https:\/\/anderskafka.cz\/eshop\/wp-json\/wp\/v2\/types\/product"}],"replies":[{"embeddable":true,"href":"https:\/\/anderskafka.cz\/eshop\/wp-json\/wp\/v2\/comments?post=3987"}],"wp:featuredmedia":[{"embeddable":true,"href":"https:\/\/anderskafka.cz\/eshop\/wp-json\/wp\/v2\/media\/3989"}],"wp:attachment":[{"href":"https:\/\/anderskafka.cz\/eshop\/wp-json\/wp\/v2\/media?parent=3987"}],"wp:term":[{"taxonomy":"location","embeddable":true,"href":"https:\/\/anderskafka.cz\/eshop\/wp-json\/wp\/v2\/location?post=3987"},{"taxonomy":"product_cat","embeddable":true,"href":"https:\/\/anderskafka.cz\/eshop\/wp-json\/wp\/v2\/product_cat?post=3987"},{"taxonomy":"product_tag","embeddable":true,"href":"https:\/\/anderskafka.cz\/eshop\/wp-json\/wp\/v2\/product_tag?post=3987"}],"curies":[{"name":"wp","href":"https:\/\/api.w.org\/{rel}","templated":true}]}}