{"id":4022,"date":"2023-07-24T22:02:52","date_gmt":"2023-07-24T20:02:52","guid":{"rendered":"https:\/\/anderskafka.cz\/eshop\/?post_type=product&#038;p=4022"},"modified":"2024-12-05T09:40:58","modified_gmt":"2024-12-05T08:40:58","slug":"novitek-drzak-thermokrytu","status":"publish","type":"product","link":"https:\/\/anderskafka.cz\/eshop\/produkt\/novitek-drzak-thermokrytu\/","title":{"rendered":"NOVITEK zved\u00e1k thermokrytu"},"content":{"rendered":"<p>Zved\u00e1k thermokrytu v\u00ed\u0159ivky usnad\u0148uje a odleh\u010duje pou\u017eit\u00ed thermokrytukrytu. D\u00edky plynov\u00fdm pru\u017ein\u00e1m je manipulace s thermokrytem opravdu snadn\u00e1.<br \/>\nZved\u00e1k lze instalovat na libovolnou stranu, nedoporu\u010dujeme jej v\u0161ak p\u0159ipev\u0148ovat na stejnou stranu jako zobrazovac\u00ed panel baz\u00e9nu.<\/p>\n<p>D\u00edky mechanismu se snadno a lehce pou\u017e\u00edv\u00e1.<br \/>\nVy\u017eaduje prostor pro provoz minim\u00e1ln\u011b 40 cm.<br \/>\nT\u011blo z hlin\u00edku s \u010dern\u00fdm pr\u00e1\u0161kov\u00fdm n\u00e1st\u0159ikem.<br \/>\nUzamykac\u00ed mechanismus proti v\u011btru.<br \/>\nZadn\u00ed kolejnice pro podep\u0159en\u00ed stojanu.<\/p>\n<p>VYROBENO VE FINSKU!<\/p>\n","protected":false},"excerpt":{"rendered":"<p>Zved\u00e1k thermokrytu v\u00ed\u0159ivky usnad\u0148uje a odleh\u010duje pou\u017eit\u00ed krytu. D\u00edky plynov\u00fdm pru\u017ein\u00e1m je manipulace s \u00a0thermokrytem opravdu snadn\u00e1.<\/p>\n<h3><strong>SAMOSTATN\u011a NEPRODEJN\u00c9<\/strong><\/h3>\n<p>Mo\u017eno objednat pouze s jednotliv\u00fdmi v\u00ed\u0159ivkami NOVITEK \u00a0<strong><a href=\"https:\/\/anderskafka.cz\/eshop\/kategorie\/virivky\/celorocni-virivky\/\">zde<\/a><\/strong><\/p>\n","protected":false},"featured_media":4024,"comment_status":"open","ping_status":"closed","template":"","meta":{"site-sidebar-layout":"default","site-content-layout":"default","ast-main-header-display":"","ast-hfb-above-header-display":"","ast-hfb-below-header-display":"","ast-hfb-mobile-header-display":"","site-post-title":"","ast-breadcrumbs-content":"","ast-featured-img":"","footer-sml-layout":"","theme-transparent-header-meta":"","adv-header-id-meta":"","stick-header-meta":"","header-above-stick-meta":"","header-main-stick-meta":"","header-below-stick-meta":""},"location":[],"product_cat":[747],"product_tag":[981],"yoast_head":"<!-- This site is optimized with the Yoast SEO plugin v18.5.1 - https:\/\/yoast.com\/wordpress\/plugins\/seo\/ -->\n<title>NOVITEK zved\u00e1k thermokrytu - Anders &amp; Kafka E-SHOP<\/title>\n<meta name=\"description\" content=\"Zved\u00e1k thermokrytu v\u00ed\u0159ivky usnad\u0148uje a odleh\u010duje pou\u017eit\u00ed krytu. D\u00edky plynov\u00fdm pru\u017ein\u00e1m je manipulace s \u00a0thermokrytem opravdu snadn\u00e1. SAMOSTATN\u011a NEPRODEJN\u00c9 Mo\u017eno objednat pouze s jednotliv\u00fdmi v\u00ed\u0159ivkami NOVITEK \u00a0zde\" \/>\n<meta name=\"robots\" content=\"index, follow, max-snippet:-1, max-image-preview:large, max-video-preview:-1\" \/>\n<link rel=\"canonical\" href=\"https:\/\/anderskafka.cz\/eshop\/produkt\/novitek-drzak-thermokrytu\/\" \/>\n<meta property=\"og:locale\" content=\"cs_CZ\" \/>\n<meta property=\"og:type\" content=\"article\" \/>\n<meta property=\"og:title\" content=\"NOVITEK zved\u00e1k thermokrytu - Anders &amp; Kafka E-SHOP\" \/>\n<meta property=\"og:description\" content=\"Zved\u00e1k thermokrytu v\u00ed\u0159ivky usnad\u0148uje a odleh\u010duje pou\u017eit\u00ed krytu. D\u00edky plynov\u00fdm pru\u017ein\u00e1m je manipulace s \u00a0thermokrytem opravdu snadn\u00e1. SAMOSTATN\u011a NEPRODEJN\u00c9 Mo\u017eno objednat pouze s jednotliv\u00fdmi v\u00ed\u0159ivkami NOVITEK \u00a0zde\" \/>\n<meta property=\"og:url\" content=\"https:\/\/anderskafka.cz\/eshop\/produkt\/novitek-drzak-thermokrytu\/\" \/>\n<meta property=\"og:site_name\" content=\"Anders &amp; Kafka E-SHOP\" \/>\n<meta property=\"article:modified_time\" content=\"2024-12-05T08:40:58+00:00\" \/>\n<meta property=\"og:image\" content=\"https:\/\/anderskafka.cz\/eshop\/wp-content\/uploads\/sites\/3\/2023\/07\/Kansiteline2.jpeg\" \/>\n\t<meta property=\"og:image:width\" content=\"1000\" \/>\n\t<meta property=\"og:image:height\" content=\"752\" \/>\n\t<meta property=\"og:image:type\" content=\"image\/jpeg\" \/>\n<meta name=\"twitter:card\" content=\"summary_large_image\" \/>\n<meta name=\"twitter:label1\" content=\"Odhadovan\u00e1 doba \u010dten\u00ed\" \/>\n\t<meta name=\"twitter:data1\" content=\"1 minuta\" \/>\n<script type=\"application\/ld+json\" class=\"yoast-schema-graph\">{\"@context\":\"https:\/\/schema.org\",\"@graph\":[{\"@type\":\"WebSite\",\"@id\":\"https:\/\/anderskafka.cz\/eshop\/#website\",\"url\":\"https:\/\/anderskafka.cz\/eshop\/\",\"name\":\"Anders &amp; Kafka E-SHOP\",\"description\":\"Anders &amp; Kafka E-SHOP\",\"potentialAction\":[{\"@type\":\"SearchAction\",\"target\":{\"@type\":\"EntryPoint\",\"urlTemplate\":\"https:\/\/anderskafka.cz\/eshop\/?s={search_term_string}\"},\"query-input\":\"required name=search_term_string\"}],\"inLanguage\":\"cs\"},{\"@type\":\"ImageObject\",\"@id\":\"https:\/\/anderskafka.cz\/eshop\/produkt\/novitek-drzak-thermokrytu\/#primaryimage\",\"inLanguage\":\"cs\",\"url\":\"https:\/\/anderskafka.cz\/eshop\/wp-content\/uploads\/sites\/3\/2023\/07\/Kansiteline2.jpeg\",\"contentUrl\":\"https:\/\/anderskafka.cz\/eshop\/wp-content\/uploads\/sites\/3\/2023\/07\/Kansiteline2.jpeg\",\"width\":1000,\"height\":752},{\"@type\":\"WebPage\",\"@id\":\"https:\/\/anderskafka.cz\/eshop\/produkt\/novitek-drzak-thermokrytu\/#webpage\",\"url\":\"https:\/\/anderskafka.cz\/eshop\/produkt\/novitek-drzak-thermokrytu\/\",\"name\":\"NOVITEK zved\u00e1k thermokrytu - Anders &amp; Kafka E-SHOP\",\"isPartOf\":{\"@id\":\"https:\/\/anderskafka.cz\/eshop\/#website\"},\"primaryImageOfPage\":{\"@id\":\"https:\/\/anderskafka.cz\/eshop\/produkt\/novitek-drzak-thermokrytu\/#primaryimage\"},\"datePublished\":\"2023-07-24T20:02:52+00:00\",\"dateModified\":\"2024-12-05T08:40:58+00:00\",\"description\":\"Zved\u00e1k thermokrytu v\u00ed\u0159ivky usnad\u0148uje a odleh\u010duje pou\u017eit\u00ed krytu. D\u00edky plynov\u00fdm pru\u017ein\u00e1m je manipulace s \u00a0thermokrytem opravdu snadn\u00e1. SAMOSTATN\u011a NEPRODEJN\u00c9 Mo\u017eno objednat pouze s jednotliv\u00fdmi v\u00ed\u0159ivkami NOVITEK \u00a0zde\",\"breadcrumb\":{\"@id\":\"https:\/\/anderskafka.cz\/eshop\/produkt\/novitek-drzak-thermokrytu\/#breadcrumb\"},\"inLanguage\":\"cs\",\"potentialAction\":[{\"@type\":\"ReadAction\",\"target\":[\"https:\/\/anderskafka.cz\/eshop\/produkt\/novitek-drzak-thermokrytu\/\"]}]},{\"@type\":\"BreadcrumbList\",\"@id\":\"https:\/\/anderskafka.cz\/eshop\/produkt\/novitek-drzak-thermokrytu\/#breadcrumb\",\"itemListElement\":[{\"@type\":\"ListItem\",\"position\":1,\"name\":\"Obchod\",\"item\":\"https:\/\/anderskafka.cz\/eshop\/obchod\/\"},{\"@type\":\"ListItem\",\"position\":2,\"name\":\"NOVITEK zved\u00e1k thermokrytu\"}]}]}<\/script>\n<!-- \/ Yoast SEO plugin. -->","yoast_head_json":{"title":"NOVITEK zved\u00e1k thermokrytu - Anders &amp; Kafka E-SHOP","description":"Zved\u00e1k thermokrytu v\u00ed\u0159ivky usnad\u0148uje a odleh\u010duje pou\u017eit\u00ed krytu. D\u00edky plynov\u00fdm pru\u017ein\u00e1m je manipulace s \u00a0thermokrytem opravdu snadn\u00e1. SAMOSTATN\u011a NEPRODEJN\u00c9 Mo\u017eno objednat pouze s jednotliv\u00fdmi v\u00ed\u0159ivkami NOVITEK \u00a0zde","robots":{"index":"index","follow":"follow","max-snippet":"max-snippet:-1","max-image-preview":"max-image-preview:large","max-video-preview":"max-video-preview:-1"},"canonical":"https:\/\/anderskafka.cz\/eshop\/produkt\/novitek-drzak-thermokrytu\/","og_locale":"cs_CZ","og_type":"article","og_title":"NOVITEK zved\u00e1k thermokrytu - Anders &amp; Kafka E-SHOP","og_description":"Zved\u00e1k thermokrytu v\u00ed\u0159ivky usnad\u0148uje a odleh\u010duje pou\u017eit\u00ed krytu. D\u00edky plynov\u00fdm pru\u017ein\u00e1m je manipulace s \u00a0thermokrytem opravdu snadn\u00e1. SAMOSTATN\u011a NEPRODEJN\u00c9 Mo\u017eno objednat pouze s jednotliv\u00fdmi v\u00ed\u0159ivkami NOVITEK \u00a0zde","og_url":"https:\/\/anderskafka.cz\/eshop\/produkt\/novitek-drzak-thermokrytu\/","og_site_name":"Anders &amp; Kafka E-SHOP","article_modified_time":"2024-12-05T08:40:58+00:00","og_image":[{"width":1000,"height":752,"url":"https:\/\/anderskafka.cz\/eshop\/wp-content\/uploads\/sites\/3\/2023\/07\/Kansiteline2.jpeg","type":"image\/jpeg"}],"twitter_card":"summary_large_image","twitter_misc":{"Odhadovan\u00e1 doba \u010dten\u00ed":"1 minuta"},"schema":{"@context":"https:\/\/schema.org","@graph":[{"@type":"WebSite","@id":"https:\/\/anderskafka.cz\/eshop\/#website","url":"https:\/\/anderskafka.cz\/eshop\/","name":"Anders &amp; Kafka E-SHOP","description":"Anders &amp; Kafka E-SHOP","potentialAction":[{"@type":"SearchAction","target":{"@type":"EntryPoint","urlTemplate":"https:\/\/anderskafka.cz\/eshop\/?s={search_term_string}"},"query-input":"required name=search_term_string"}],"inLanguage":"cs"},{"@type":"ImageObject","@id":"https:\/\/anderskafka.cz\/eshop\/produkt\/novitek-drzak-thermokrytu\/#primaryimage","inLanguage":"cs","url":"https:\/\/anderskafka.cz\/eshop\/wp-content\/uploads\/sites\/3\/2023\/07\/Kansiteline2.jpeg","contentUrl":"https:\/\/anderskafka.cz\/eshop\/wp-content\/uploads\/sites\/3\/2023\/07\/Kansiteline2.jpeg","width":1000,"height":752},{"@type":"WebPage","@id":"https:\/\/anderskafka.cz\/eshop\/produkt\/novitek-drzak-thermokrytu\/#webpage","url":"https:\/\/anderskafka.cz\/eshop\/produkt\/novitek-drzak-thermokrytu\/","name":"NOVITEK zved\u00e1k thermokrytu - Anders &amp; Kafka E-SHOP","isPartOf":{"@id":"https:\/\/anderskafka.cz\/eshop\/#website"},"primaryImageOfPage":{"@id":"https:\/\/anderskafka.cz\/eshop\/produkt\/novitek-drzak-thermokrytu\/#primaryimage"},"datePublished":"2023-07-24T20:02:52+00:00","dateModified":"2024-12-05T08:40:58+00:00","description":"Zved\u00e1k thermokrytu v\u00ed\u0159ivky usnad\u0148uje a odleh\u010duje pou\u017eit\u00ed krytu. D\u00edky plynov\u00fdm pru\u017ein\u00e1m je manipulace s \u00a0thermokrytem opravdu snadn\u00e1. SAMOSTATN\u011a NEPRODEJN\u00c9 Mo\u017eno objednat pouze s jednotliv\u00fdmi v\u00ed\u0159ivkami NOVITEK \u00a0zde","breadcrumb":{"@id":"https:\/\/anderskafka.cz\/eshop\/produkt\/novitek-drzak-thermokrytu\/#breadcrumb"},"inLanguage":"cs","potentialAction":[{"@type":"ReadAction","target":["https:\/\/anderskafka.cz\/eshop\/produkt\/novitek-drzak-thermokrytu\/"]}]},{"@type":"BreadcrumbList","@id":"https:\/\/anderskafka.cz\/eshop\/produkt\/novitek-drzak-thermokrytu\/#breadcrumb","itemListElement":[{"@type":"ListItem","position":1,"name":"Obchod","item":"https:\/\/anderskafka.cz\/eshop\/obchod\/"},{"@type":"ListItem","position":2,"name":"NOVITEK zved\u00e1k thermokrytu"}]}]}},"locations":[],"_links":{"self":[{"href":"https:\/\/anderskafka.cz\/eshop\/wp-json\/wp\/v2\/product\/4022"}],"collection":[{"href":"https:\/\/anderskafka.cz\/eshop\/wp-json\/wp\/v2\/product"}],"about":[{"href":"https:\/\/anderskafka.cz\/eshop\/wp-json\/wp\/v2\/types\/product"}],"replies":[{"embeddable":true,"href":"https:\/\/anderskafka.cz\/eshop\/wp-json\/wp\/v2\/comments?post=4022"}],"wp:featuredmedia":[{"embeddable":true,"href":"https:\/\/anderskafka.cz\/eshop\/wp-json\/wp\/v2\/media\/4024"}],"wp:attachment":[{"href":"https:\/\/anderskafka.cz\/eshop\/wp-json\/wp\/v2\/media?parent=4022"}],"wp:term":[{"taxonomy":"location","embeddable":true,"href":"https:\/\/anderskafka.cz\/eshop\/wp-json\/wp\/v2\/location?post=4022"},{"taxonomy":"product_cat","embeddable":true,"href":"https:\/\/anderskafka.cz\/eshop\/wp-json\/wp\/v2\/product_cat?post=4022"},{"taxonomy":"product_tag","embeddable":true,"href":"https:\/\/anderskafka.cz\/eshop\/wp-json\/wp\/v2\/product_tag?post=4022"}],"curies":[{"name":"wp","href":"https:\/\/api.w.org\/{rel}","templated":true}]}}