{"id":4037,"date":"2023-07-25T14:19:49","date_gmt":"2023-07-25T12:19:49","guid":{"rendered":"https:\/\/anderskafka.cz\/eshop\/?post_type=product&#038;p=4037"},"modified":"2024-12-05T09:40:59","modified_gmt":"2024-12-05T08:40:59","slug":"novitek-delene-obkladove-panely-pro-zapusteni-virivky-pod-uroven-terasy","status":"publish","type":"product","link":"https:\/\/anderskafka.cz\/eshop\/produkt\/novitek-delene-obkladove-panely-pro-zapusteni-virivky-pod-uroven-terasy\/","title":{"rendered":"NOVITEK d\u011blen\u00e9 obkladov\u00e9 panely pro zapu\u0161t\u011bn\u00ed v\u00ed\u0159ivky pod \u00farove\u0148 terasy"},"content":{"rendered":"<p>S t\u00edmto typem obkladov\u00fdch panel\u016f m\u016f\u017ee b\u00fdt v\u00ed\u0159ivka Novitek \u010d\u00e1ste\u010dn\u011b zapu\u0161t\u011bna pod \u00farove\u0148 okoln\u00ed terasy i bez slo\u017eit\u00e9ho budov\u00e1n\u00ed mont\u00e1\u017en\u00ed \u0161achty. Panel pro zapu\u0161t\u011bn\u00ed m\u016f\u017ee dosahovat a\u017e do v\u00fd\u0161ky 40 cm ode dna v\u00ed\u0159ivky. M\u011bjte v\u0161ak na pam\u011bti, \u017ee pro servisn\u00ed \u00fakony je pot\u0159eba po cel\u00e9m obvodu ponechat alespo\u0148 50 cm m\u00edsta.<\/p>\n<p>&nbsp;<\/p>\n","protected":false},"excerpt":{"rendered":"<p>S t\u00edmto oblo\u017een\u00edm lze v\u00ed\u0159ivku zapustit na terasu bez samostatn\u00fdch \u00fadr\u017ebov\u00fdch poklop\u016f zabudovan\u00fdch do terasy. Oblo\u017een\u00ed v\u00ed\u0159ivky lze um\u00edstit maxim\u00e1ln\u011b 40 cm ode dna v\u00ed\u0159ivky k horn\u00ed \u010d\u00e1sti terasy.<\/p>\n<h3><strong>SAMOSTATN\u011a NEPRODEJN\u00c9<\/strong><\/h3>\n<p>mo\u017eno objednat pouze s jednotliv\u00fdmi v\u00ed\u0159ivkami NOVITEK \u00a0<strong><a href=\"https:\/\/anderskafka.cz\/eshop\/kategorie\/virivky\/celorocni-virivky\/\">zde<\/a><\/strong><\/p>\n","protected":false},"featured_media":4038,"comment_status":"open","ping_status":"closed","template":"","meta":{"site-sidebar-layout":"default","site-content-layout":"default","ast-main-header-display":"","ast-hfb-above-header-display":"","ast-hfb-below-header-display":"","ast-hfb-mobile-header-display":"","site-post-title":"","ast-breadcrumbs-content":"","ast-featured-img":"","footer-sml-layout":"","theme-transparent-header-meta":"","adv-header-id-meta":"","stick-header-meta":"","header-above-stick-meta":"","header-main-stick-meta":"","header-below-stick-meta":""},"location":[],"product_cat":[747],"product_tag":[981],"yoast_head":"<!-- This site is optimized with the Yoast SEO plugin v18.5.1 - https:\/\/yoast.com\/wordpress\/plugins\/seo\/ -->\n<title>NOVITEK d\u011blen\u00e9 obkladov\u00e9 panely pro zapu\u0161t\u011bn\u00ed v\u00ed\u0159ivky pod \u00farove\u0148 terasy - Anders &amp; Kafka E-SHOP<\/title>\n<meta name=\"description\" content=\"S t\u00edmto oblo\u017een\u00edm lze v\u00ed\u0159ivku zapustit na terasu bez samostatn\u00fdch \u00fadr\u017ebov\u00fdch poklop\u016f zabudovan\u00fdch do terasy. Oblo\u017een\u00ed v\u00ed\u0159ivky lze um\u00edstit maxim\u00e1ln\u011b 40 cm ode dna v\u00ed\u0159ivky k horn\u00ed \u010d\u00e1sti terasy. SAMOSTATN\u011a NEPRODEJN\u00c9 mo\u017eno objednat pouze s jednotliv\u00fdmi v\u00ed\u0159ivkami NOVITEK \u00a0zde\" \/>\n<meta name=\"robots\" content=\"index, follow, max-snippet:-1, max-image-preview:large, max-video-preview:-1\" \/>\n<link rel=\"canonical\" href=\"https:\/\/anderskafka.cz\/eshop\/produkt\/novitek-delene-obkladove-panely-pro-zapusteni-virivky-pod-uroven-terasy\/\" \/>\n<meta property=\"og:locale\" content=\"cs_CZ\" \/>\n<meta property=\"og:type\" content=\"article\" \/>\n<meta property=\"og:title\" content=\"NOVITEK d\u011blen\u00e9 obkladov\u00e9 panely pro zapu\u0161t\u011bn\u00ed v\u00ed\u0159ivky pod \u00farove\u0148 terasy - Anders &amp; Kafka E-SHOP\" \/>\n<meta property=\"og:description\" content=\"S t\u00edmto oblo\u017een\u00edm lze v\u00ed\u0159ivku zapustit na terasu bez samostatn\u00fdch \u00fadr\u017ebov\u00fdch poklop\u016f zabudovan\u00fdch do terasy. Oblo\u017een\u00ed v\u00ed\u0159ivky lze um\u00edstit maxim\u00e1ln\u011b 40 cm ode dna v\u00ed\u0159ivky k horn\u00ed \u010d\u00e1sti terasy. SAMOSTATN\u011a NEPRODEJN\u00c9 mo\u017eno objednat pouze s jednotliv\u00fdmi v\u00ed\u0159ivkami NOVITEK \u00a0zde\" \/>\n<meta property=\"og:url\" content=\"https:\/\/anderskafka.cz\/eshop\/produkt\/novitek-delene-obkladove-panely-pro-zapusteni-virivky-pod-uroven-terasy\/\" \/>\n<meta property=\"og:site_name\" content=\"Anders &amp; Kafka E-SHOP\" \/>\n<meta property=\"article:modified_time\" content=\"2024-12-05T08:40:59+00:00\" \/>\n<meta property=\"og:image\" content=\"https:\/\/anderskafka.cz\/eshop\/wp-content\/uploads\/sites\/3\/2023\/07\/Upotuspanelointi.png\" \/>\n\t<meta property=\"og:image:width\" content=\"1366\" \/>\n\t<meta property=\"og:image:height\" content=\"1366\" \/>\n\t<meta property=\"og:image:type\" content=\"image\/png\" \/>\n<meta name=\"twitter:card\" content=\"summary_large_image\" \/>\n<meta name=\"twitter:label1\" content=\"Odhadovan\u00e1 doba \u010dten\u00ed\" \/>\n\t<meta name=\"twitter:data1\" content=\"1 minuta\" \/>\n<script type=\"application\/ld+json\" class=\"yoast-schema-graph\">{\"@context\":\"https:\/\/schema.org\",\"@graph\":[{\"@type\":\"WebSite\",\"@id\":\"https:\/\/anderskafka.cz\/eshop\/#website\",\"url\":\"https:\/\/anderskafka.cz\/eshop\/\",\"name\":\"Anders &amp; Kafka E-SHOP\",\"description\":\"Anders &amp; Kafka E-SHOP\",\"potentialAction\":[{\"@type\":\"SearchAction\",\"target\":{\"@type\":\"EntryPoint\",\"urlTemplate\":\"https:\/\/anderskafka.cz\/eshop\/?s={search_term_string}\"},\"query-input\":\"required name=search_term_string\"}],\"inLanguage\":\"cs\"},{\"@type\":\"ImageObject\",\"@id\":\"https:\/\/anderskafka.cz\/eshop\/produkt\/novitek-delene-obkladove-panely-pro-zapusteni-virivky-pod-uroven-terasy\/#primaryimage\",\"inLanguage\":\"cs\",\"url\":\"https:\/\/anderskafka.cz\/eshop\/wp-content\/uploads\/sites\/3\/2023\/07\/Upotuspanelointi.png\",\"contentUrl\":\"https:\/\/anderskafka.cz\/eshop\/wp-content\/uploads\/sites\/3\/2023\/07\/Upotuspanelointi.png\",\"width\":1366,\"height\":1366},{\"@type\":\"WebPage\",\"@id\":\"https:\/\/anderskafka.cz\/eshop\/produkt\/novitek-delene-obkladove-panely-pro-zapusteni-virivky-pod-uroven-terasy\/#webpage\",\"url\":\"https:\/\/anderskafka.cz\/eshop\/produkt\/novitek-delene-obkladove-panely-pro-zapusteni-virivky-pod-uroven-terasy\/\",\"name\":\"NOVITEK d\u011blen\u00e9 obkladov\u00e9 panely pro zapu\u0161t\u011bn\u00ed v\u00ed\u0159ivky pod \u00farove\u0148 terasy - Anders &amp; Kafka E-SHOP\",\"isPartOf\":{\"@id\":\"https:\/\/anderskafka.cz\/eshop\/#website\"},\"primaryImageOfPage\":{\"@id\":\"https:\/\/anderskafka.cz\/eshop\/produkt\/novitek-delene-obkladove-panely-pro-zapusteni-virivky-pod-uroven-terasy\/#primaryimage\"},\"datePublished\":\"2023-07-25T12:19:49+00:00\",\"dateModified\":\"2024-12-05T08:40:59+00:00\",\"description\":\"S t\u00edmto oblo\u017een\u00edm lze v\u00ed\u0159ivku zapustit na terasu bez samostatn\u00fdch \u00fadr\u017ebov\u00fdch poklop\u016f zabudovan\u00fdch do terasy. Oblo\u017een\u00ed v\u00ed\u0159ivky lze um\u00edstit maxim\u00e1ln\u011b 40 cm ode dna v\u00ed\u0159ivky k horn\u00ed \u010d\u00e1sti terasy. SAMOSTATN\u011a NEPRODEJN\u00c9 mo\u017eno objednat pouze s jednotliv\u00fdmi v\u00ed\u0159ivkami NOVITEK \u00a0zde\",\"breadcrumb\":{\"@id\":\"https:\/\/anderskafka.cz\/eshop\/produkt\/novitek-delene-obkladove-panely-pro-zapusteni-virivky-pod-uroven-terasy\/#breadcrumb\"},\"inLanguage\":\"cs\",\"potentialAction\":[{\"@type\":\"ReadAction\",\"target\":[\"https:\/\/anderskafka.cz\/eshop\/produkt\/novitek-delene-obkladove-panely-pro-zapusteni-virivky-pod-uroven-terasy\/\"]}]},{\"@type\":\"BreadcrumbList\",\"@id\":\"https:\/\/anderskafka.cz\/eshop\/produkt\/novitek-delene-obkladove-panely-pro-zapusteni-virivky-pod-uroven-terasy\/#breadcrumb\",\"itemListElement\":[{\"@type\":\"ListItem\",\"position\":1,\"name\":\"Obchod\",\"item\":\"https:\/\/anderskafka.cz\/eshop\/obchod\/\"},{\"@type\":\"ListItem\",\"position\":2,\"name\":\"NOVITEK d\u011blen\u00e9 obkladov\u00e9 panely pro zapu\u0161t\u011bn\u00ed v\u00ed\u0159ivky pod \u00farove\u0148 terasy\"}]}]}<\/script>\n<!-- \/ Yoast SEO plugin. -->","yoast_head_json":{"title":"NOVITEK d\u011blen\u00e9 obkladov\u00e9 panely pro zapu\u0161t\u011bn\u00ed v\u00ed\u0159ivky pod \u00farove\u0148 terasy - Anders &amp; Kafka E-SHOP","description":"S t\u00edmto oblo\u017een\u00edm lze v\u00ed\u0159ivku zapustit na terasu bez samostatn\u00fdch \u00fadr\u017ebov\u00fdch poklop\u016f zabudovan\u00fdch do terasy. Oblo\u017een\u00ed v\u00ed\u0159ivky lze um\u00edstit maxim\u00e1ln\u011b 40 cm ode dna v\u00ed\u0159ivky k horn\u00ed \u010d\u00e1sti terasy. SAMOSTATN\u011a NEPRODEJN\u00c9 mo\u017eno objednat pouze s jednotliv\u00fdmi v\u00ed\u0159ivkami NOVITEK \u00a0zde","robots":{"index":"index","follow":"follow","max-snippet":"max-snippet:-1","max-image-preview":"max-image-preview:large","max-video-preview":"max-video-preview:-1"},"canonical":"https:\/\/anderskafka.cz\/eshop\/produkt\/novitek-delene-obkladove-panely-pro-zapusteni-virivky-pod-uroven-terasy\/","og_locale":"cs_CZ","og_type":"article","og_title":"NOVITEK d\u011blen\u00e9 obkladov\u00e9 panely pro zapu\u0161t\u011bn\u00ed v\u00ed\u0159ivky pod \u00farove\u0148 terasy - Anders &amp; Kafka E-SHOP","og_description":"S t\u00edmto oblo\u017een\u00edm lze v\u00ed\u0159ivku zapustit na terasu bez samostatn\u00fdch \u00fadr\u017ebov\u00fdch poklop\u016f zabudovan\u00fdch do terasy. Oblo\u017een\u00ed v\u00ed\u0159ivky lze um\u00edstit maxim\u00e1ln\u011b 40 cm ode dna v\u00ed\u0159ivky k horn\u00ed \u010d\u00e1sti terasy. SAMOSTATN\u011a NEPRODEJN\u00c9 mo\u017eno objednat pouze s jednotliv\u00fdmi v\u00ed\u0159ivkami NOVITEK \u00a0zde","og_url":"https:\/\/anderskafka.cz\/eshop\/produkt\/novitek-delene-obkladove-panely-pro-zapusteni-virivky-pod-uroven-terasy\/","og_site_name":"Anders &amp; Kafka E-SHOP","article_modified_time":"2024-12-05T08:40:59+00:00","og_image":[{"width":1366,"height":1366,"url":"https:\/\/anderskafka.cz\/eshop\/wp-content\/uploads\/sites\/3\/2023\/07\/Upotuspanelointi.png","type":"image\/png"}],"twitter_card":"summary_large_image","twitter_misc":{"Odhadovan\u00e1 doba \u010dten\u00ed":"1 minuta"},"schema":{"@context":"https:\/\/schema.org","@graph":[{"@type":"WebSite","@id":"https:\/\/anderskafka.cz\/eshop\/#website","url":"https:\/\/anderskafka.cz\/eshop\/","name":"Anders &amp; Kafka E-SHOP","description":"Anders &amp; Kafka E-SHOP","potentialAction":[{"@type":"SearchAction","target":{"@type":"EntryPoint","urlTemplate":"https:\/\/anderskafka.cz\/eshop\/?s={search_term_string}"},"query-input":"required name=search_term_string"}],"inLanguage":"cs"},{"@type":"ImageObject","@id":"https:\/\/anderskafka.cz\/eshop\/produkt\/novitek-delene-obkladove-panely-pro-zapusteni-virivky-pod-uroven-terasy\/#primaryimage","inLanguage":"cs","url":"https:\/\/anderskafka.cz\/eshop\/wp-content\/uploads\/sites\/3\/2023\/07\/Upotuspanelointi.png","contentUrl":"https:\/\/anderskafka.cz\/eshop\/wp-content\/uploads\/sites\/3\/2023\/07\/Upotuspanelointi.png","width":1366,"height":1366},{"@type":"WebPage","@id":"https:\/\/anderskafka.cz\/eshop\/produkt\/novitek-delene-obkladove-panely-pro-zapusteni-virivky-pod-uroven-terasy\/#webpage","url":"https:\/\/anderskafka.cz\/eshop\/produkt\/novitek-delene-obkladove-panely-pro-zapusteni-virivky-pod-uroven-terasy\/","name":"NOVITEK d\u011blen\u00e9 obkladov\u00e9 panely pro zapu\u0161t\u011bn\u00ed v\u00ed\u0159ivky pod \u00farove\u0148 terasy - Anders &amp; Kafka E-SHOP","isPartOf":{"@id":"https:\/\/anderskafka.cz\/eshop\/#website"},"primaryImageOfPage":{"@id":"https:\/\/anderskafka.cz\/eshop\/produkt\/novitek-delene-obkladove-panely-pro-zapusteni-virivky-pod-uroven-terasy\/#primaryimage"},"datePublished":"2023-07-25T12:19:49+00:00","dateModified":"2024-12-05T08:40:59+00:00","description":"S t\u00edmto oblo\u017een\u00edm lze v\u00ed\u0159ivku zapustit na terasu bez samostatn\u00fdch \u00fadr\u017ebov\u00fdch poklop\u016f zabudovan\u00fdch do terasy. Oblo\u017een\u00ed v\u00ed\u0159ivky lze um\u00edstit maxim\u00e1ln\u011b 40 cm ode dna v\u00ed\u0159ivky k horn\u00ed \u010d\u00e1sti terasy. SAMOSTATN\u011a NEPRODEJN\u00c9 mo\u017eno objednat pouze s jednotliv\u00fdmi v\u00ed\u0159ivkami NOVITEK \u00a0zde","breadcrumb":{"@id":"https:\/\/anderskafka.cz\/eshop\/produkt\/novitek-delene-obkladove-panely-pro-zapusteni-virivky-pod-uroven-terasy\/#breadcrumb"},"inLanguage":"cs","potentialAction":[{"@type":"ReadAction","target":["https:\/\/anderskafka.cz\/eshop\/produkt\/novitek-delene-obkladove-panely-pro-zapusteni-virivky-pod-uroven-terasy\/"]}]},{"@type":"BreadcrumbList","@id":"https:\/\/anderskafka.cz\/eshop\/produkt\/novitek-delene-obkladove-panely-pro-zapusteni-virivky-pod-uroven-terasy\/#breadcrumb","itemListElement":[{"@type":"ListItem","position":1,"name":"Obchod","item":"https:\/\/anderskafka.cz\/eshop\/obchod\/"},{"@type":"ListItem","position":2,"name":"NOVITEK d\u011blen\u00e9 obkladov\u00e9 panely pro zapu\u0161t\u011bn\u00ed v\u00ed\u0159ivky pod \u00farove\u0148 terasy"}]}]}},"locations":[],"_links":{"self":[{"href":"https:\/\/anderskafka.cz\/eshop\/wp-json\/wp\/v2\/product\/4037"}],"collection":[{"href":"https:\/\/anderskafka.cz\/eshop\/wp-json\/wp\/v2\/product"}],"about":[{"href":"https:\/\/anderskafka.cz\/eshop\/wp-json\/wp\/v2\/types\/product"}],"replies":[{"embeddable":true,"href":"https:\/\/anderskafka.cz\/eshop\/wp-json\/wp\/v2\/comments?post=4037"}],"wp:featuredmedia":[{"embeddable":true,"href":"https:\/\/anderskafka.cz\/eshop\/wp-json\/wp\/v2\/media\/4038"}],"wp:attachment":[{"href":"https:\/\/anderskafka.cz\/eshop\/wp-json\/wp\/v2\/media?parent=4037"}],"wp:term":[{"taxonomy":"location","embeddable":true,"href":"https:\/\/anderskafka.cz\/eshop\/wp-json\/wp\/v2\/location?post=4037"},{"taxonomy":"product_cat","embeddable":true,"href":"https:\/\/anderskafka.cz\/eshop\/wp-json\/wp\/v2\/product_cat?post=4037"},{"taxonomy":"product_tag","embeddable":true,"href":"https:\/\/anderskafka.cz\/eshop\/wp-json\/wp\/v2\/product_tag?post=4037"}],"curies":[{"name":"wp","href":"https:\/\/api.w.org\/{rel}","templated":true}]}}