{"id":4123,"date":"2023-08-27T17:50:53","date_gmt":"2023-08-27T15:50:53","guid":{"rendered":"https:\/\/anderskafka.cz\/eshop\/?post_type=product&#038;p=4123"},"modified":"2026-04-09T09:24:37","modified_gmt":"2026-04-09T07:24:37","slug":"sentiotec-stredni-zavesna-nerezova-odparovaci-miska-nad-saunova-kamna-prumer-12-cm","status":"publish","type":"product","link":"https:\/\/anderskafka.cz\/eshop\/produkt\/sentiotec-stredni-zavesna-nerezova-odparovaci-miska-nad-saunova-kamna-prumer-12-cm\/","title":{"rendered":"HARVIA AUSTRIA st\u0159edn\u00ed z\u00e1v\u011bsn\u00e1 nerezov\u00e1 odpa\u0159ovac\u00ed miska nad saunov\u00e1 kamna \u2013 pr\u016fm\u011br 12 cm"},"content":{"rendered":"<p>Se z\u00e1v\u011bsnou miskou z nerezu vnesete do sauny je\u0161t\u011b v\u00edce p\u0159\u00edrody. \u00da\u010dink\u016f v\u00fdrobku se dos\u00e1hne rozpou\u0161t\u011bn\u00edm vonn\u00fdch esenc\u00ed, bylinek \u010di jin\u00fdch vonn\u00fdch l\u00e1tek ve vod\u011b nebo nah\u0159\u00edv\u00e1n\u00edm krystal\u016f soli. Zvy\u0161ov\u00e1n\u00edm v\u00fdkonu topn\u00e9ho za\u0159\u00edzen\u00ed sauny je voda oh\u0159\u00edv\u00e1na tak, aby se tyto l\u00e1tky uvol\u0148ovaly v saun\u011b spolu s vypa\u0159uj\u00edc\u00ed se vodou. Pokud se do m\u00edsy dostane k soln\u00fdm krystal\u016fm i voda, vznik\u00e1 siln\u00e1 kyselina, kter\u00e1 m\u016f\u017ee poni\u010dit saunov\u00e1 kamna, pokud voda p\u0159ete\u010de z misky!<br \/>\nVyrobeno z vysoce kvalitn\u00ed nerezov\u00e9 oceli, se zav\u011b\u0161en\u00edm a mont\u00e1\u017e\u00ed na vnit\u0159n\u00ed st\u011bnu sauny. Upevn\u011bte n\u00e1st\u011bnn\u00fd dr\u017e\u00e1k uprost\u0159ed nad topnou plochou va\u0161eho saunov\u00e9ho topidla. V\u00fd\u0161ku volte tak, aby dno misky bylo cca 18-20 cm nad saunov\u00fdm oh\u0159\u00edva\u010dem (saunov\u00fdmi kameny). Miska m\u00e1 mont\u00e1\u017en\u00ed vzd\u00e1lenost cca 280 mm od st\u011bny.<\/p>\n","protected":false},"excerpt":{"rendered":"<p>Se z\u00e1v\u011bsnou miskou z nerezu vnesete do sauny je\u0161t\u011b v\u00edce p\u0159\u00edrody a roz\u0161\u00ed\u0159\u00edte mo\u017enosti klasick\u00e9 finsk\u00e9 sauny o v\u00fdhody bio a aroma sauny.<\/p>\n<p>Spole\u010dnost HARVIA AUSTRIA vyv\u00edj\u00ed a vyr\u00e1b\u00ed kvalitn\u00ed a inovativn\u00ed produkty ur\u010den\u00e9 k tomu, aby Va\u0161e chv\u00edle str\u00e1ven\u00e9 v saun\u011b byly co nejv\u00edce relaxuj\u00edc\u00ed.<br \/>\n<img loading=\"lazy\" class=\"alignnone size-full wp-image-1323 aligncenter\" src=\"https:\/\/anderskafka.cz\/eshop\/wp-content\/uploads\/sites\/3\/2022\/12\/logoHarvia.png\" alt=\"\" width=\"102\" height=\"102\" srcset=\"https:\/\/anderskafka.cz\/eshop\/wp-content\/uploads\/sites\/3\/2022\/12\/logoHarvia.png 102w, https:\/\/anderskafka.cz\/eshop\/wp-content\/uploads\/sites\/3\/2022\/12\/logoHarvia-100x100.png 100w, https:\/\/anderskafka.cz\/eshop\/wp-content\/uploads\/sites\/3\/2022\/12\/logoHarvia-64x64.png 64w\" sizes=\"(max-width: 102px) 100vw, 102px\" \/><\/p>\n","protected":false},"featured_media":1263,"comment_status":"open","ping_status":"closed","template":"","meta":{"site-sidebar-layout":"default","site-content-layout":"default","ast-main-header-display":"","ast-hfb-above-header-display":"","ast-hfb-below-header-display":"","ast-hfb-mobile-header-display":"","site-post-title":"","ast-breadcrumbs-content":"","ast-featured-img":"","footer-sml-layout":"","theme-transparent-header-meta":"","adv-header-id-meta":"","stick-header-meta":"","header-above-stick-meta":"","header-main-stick-meta":"","header-below-stick-meta":""},"location":[],"product_cat":[303],"product_tag":[324],"yoast_head":"<!-- This site is optimized with the Yoast SEO plugin v18.5.1 - https:\/\/yoast.com\/wordpress\/plugins\/seo\/ -->\n<title>HARVIA AUSTRIA st\u0159edn\u00ed z\u00e1v\u011bsn\u00e1 nerezov\u00e1 odpa\u0159ovac\u00ed miska nad saunov\u00e1 kamna \u2013 pr\u016fm\u011br 12 cm - Anders &amp; Kafka E-SHOP<\/title>\n<meta name=\"description\" content=\"Se z\u00e1v\u011bsnou miskou z nerezu vnesete do sauny je\u0161t\u011b v\u00edce p\u0159\u00edrody a roz\u0161\u00ed\u0159\u00edte mo\u017enosti klasick\u00e9 finsk\u00e9 sauny o v\u00fdhody bio a aroma sauny.  Spole\u010dnost HARVIA AUSTRIA vyv\u00edj\u00ed a vyr\u00e1b\u00ed kvalitn\u00ed a inovativn\u00ed produkty ur\u010den\u00e9 k tomu, aby Va\u0161e chv\u00edle str\u00e1ven\u00e9 v saun\u011b byly co nejv\u00edce relaxuj\u00edc\u00ed.\" \/>\n<meta name=\"robots\" content=\"index, follow, max-snippet:-1, max-image-preview:large, max-video-preview:-1\" \/>\n<link rel=\"canonical\" href=\"https:\/\/anderskafka.cz\/eshop\/produkt\/sentiotec-stredni-zavesna-nerezova-odparovaci-miska-nad-saunova-kamna-prumer-12-cm\/\" \/>\n<meta property=\"og:locale\" content=\"cs_CZ\" \/>\n<meta property=\"og:type\" content=\"article\" \/>\n<meta property=\"og:title\" content=\"HARVIA AUSTRIA st\u0159edn\u00ed z\u00e1v\u011bsn\u00e1 nerezov\u00e1 odpa\u0159ovac\u00ed miska nad saunov\u00e1 kamna \u2013 pr\u016fm\u011br 12 cm - Anders &amp; Kafka E-SHOP\" \/>\n<meta property=\"og:description\" content=\"Se z\u00e1v\u011bsnou miskou z nerezu vnesete do sauny je\u0161t\u011b v\u00edce p\u0159\u00edrody a roz\u0161\u00ed\u0159\u00edte mo\u017enosti klasick\u00e9 finsk\u00e9 sauny o v\u00fdhody bio a aroma sauny.  Spole\u010dnost HARVIA AUSTRIA vyv\u00edj\u00ed a vyr\u00e1b\u00ed kvalitn\u00ed a inovativn\u00ed produkty ur\u010den\u00e9 k tomu, aby Va\u0161e chv\u00edle str\u00e1ven\u00e9 v saun\u011b byly co nejv\u00edce relaxuj\u00edc\u00ed.\" \/>\n<meta property=\"og:url\" content=\"https:\/\/anderskafka.cz\/eshop\/produkt\/sentiotec-stredni-zavesna-nerezova-odparovaci-miska-nad-saunova-kamna-prumer-12-cm\/\" \/>\n<meta property=\"og:site_name\" content=\"Anders &amp; Kafka E-SHOP\" \/>\n<meta property=\"article:modified_time\" content=\"2026-04-09T07:24:37+00:00\" \/>\n<meta property=\"og:image\" content=\"https:\/\/anderskafka.cz\/eshop\/wp-content\/uploads\/sites\/3\/2022\/12\/SEN-ZAVODPARMISK-NER-1-050-596_H.jpg\" \/>\n\t<meta property=\"og:image:width\" content=\"700\" \/>\n\t<meta property=\"og:image:height\" content=\"700\" \/>\n\t<meta property=\"og:image:type\" content=\"image\/jpeg\" \/>\n<meta name=\"twitter:card\" content=\"summary_large_image\" \/>\n<meta name=\"twitter:label1\" content=\"Odhadovan\u00e1 doba \u010dten\u00ed\" \/>\n\t<meta name=\"twitter:data1\" content=\"1 minuta\" \/>\n<script type=\"application\/ld+json\" class=\"yoast-schema-graph\">{\"@context\":\"https:\/\/schema.org\",\"@graph\":[{\"@type\":\"WebSite\",\"@id\":\"https:\/\/anderskafka.cz\/eshop\/#website\",\"url\":\"https:\/\/anderskafka.cz\/eshop\/\",\"name\":\"Anders &amp; Kafka E-SHOP\",\"description\":\"Anders &amp; Kafka E-SHOP\",\"potentialAction\":[{\"@type\":\"SearchAction\",\"target\":{\"@type\":\"EntryPoint\",\"urlTemplate\":\"https:\/\/anderskafka.cz\/eshop\/?s={search_term_string}\"},\"query-input\":\"required name=search_term_string\"}],\"inLanguage\":\"cs\"},{\"@type\":\"ImageObject\",\"@id\":\"https:\/\/anderskafka.cz\/eshop\/produkt\/sentiotec-stredni-zavesna-nerezova-odparovaci-miska-nad-saunova-kamna-prumer-12-cm\/#primaryimage\",\"inLanguage\":\"cs\",\"url\":\"https:\/\/anderskafka.cz\/eshop\/wp-content\/uploads\/sites\/3\/2022\/12\/SEN-ZAVODPARMISK-NER-1-050-596_H.jpg\",\"contentUrl\":\"https:\/\/anderskafka.cz\/eshop\/wp-content\/uploads\/sites\/3\/2022\/12\/SEN-ZAVODPARMISK-NER-1-050-596_H.jpg\",\"width\":700,\"height\":700},{\"@type\":\"WebPage\",\"@id\":\"https:\/\/anderskafka.cz\/eshop\/produkt\/sentiotec-stredni-zavesna-nerezova-odparovaci-miska-nad-saunova-kamna-prumer-12-cm\/#webpage\",\"url\":\"https:\/\/anderskafka.cz\/eshop\/produkt\/sentiotec-stredni-zavesna-nerezova-odparovaci-miska-nad-saunova-kamna-prumer-12-cm\/\",\"name\":\"HARVIA AUSTRIA st\u0159edn\u00ed z\u00e1v\u011bsn\u00e1 nerezov\u00e1 odpa\u0159ovac\u00ed miska nad saunov\u00e1 kamna \u2013 pr\u016fm\u011br 12 cm - Anders &amp; Kafka E-SHOP\",\"isPartOf\":{\"@id\":\"https:\/\/anderskafka.cz\/eshop\/#website\"},\"primaryImageOfPage\":{\"@id\":\"https:\/\/anderskafka.cz\/eshop\/produkt\/sentiotec-stredni-zavesna-nerezova-odparovaci-miska-nad-saunova-kamna-prumer-12-cm\/#primaryimage\"},\"datePublished\":\"2023-08-27T15:50:53+00:00\",\"dateModified\":\"2026-04-09T07:24:37+00:00\",\"description\":\"Se z\u00e1v\u011bsnou miskou z nerezu vnesete do sauny je\u0161t\u011b v\u00edce p\u0159\u00edrody a roz\u0161\u00ed\u0159\u00edte mo\u017enosti klasick\u00e9 finsk\u00e9 sauny o v\u00fdhody bio a aroma sauny. Spole\u010dnost HARVIA AUSTRIA vyv\u00edj\u00ed a vyr\u00e1b\u00ed kvalitn\u00ed a inovativn\u00ed produkty ur\u010den\u00e9 k tomu, aby Va\u0161e chv\u00edle str\u00e1ven\u00e9 v saun\u011b byly co nejv\u00edce relaxuj\u00edc\u00ed.\",\"breadcrumb\":{\"@id\":\"https:\/\/anderskafka.cz\/eshop\/produkt\/sentiotec-stredni-zavesna-nerezova-odparovaci-miska-nad-saunova-kamna-prumer-12-cm\/#breadcrumb\"},\"inLanguage\":\"cs\",\"potentialAction\":[{\"@type\":\"ReadAction\",\"target\":[\"https:\/\/anderskafka.cz\/eshop\/produkt\/sentiotec-stredni-zavesna-nerezova-odparovaci-miska-nad-saunova-kamna-prumer-12-cm\/\"]}]},{\"@type\":\"BreadcrumbList\",\"@id\":\"https:\/\/anderskafka.cz\/eshop\/produkt\/sentiotec-stredni-zavesna-nerezova-odparovaci-miska-nad-saunova-kamna-prumer-12-cm\/#breadcrumb\",\"itemListElement\":[{\"@type\":\"ListItem\",\"position\":1,\"name\":\"Obchod\",\"item\":\"https:\/\/anderskafka.cz\/eshop\/obchod\/\"},{\"@type\":\"ListItem\",\"position\":2,\"name\":\"HARVIA AUSTRIA st\u0159edn\u00ed z\u00e1v\u011bsn\u00e1 nerezov\u00e1 odpa\u0159ovac\u00ed miska nad saunov\u00e1 kamna \u2013 pr\u016fm\u011br 12 cm\"}]}]}<\/script>\n<!-- \/ Yoast SEO plugin. -->","yoast_head_json":{"title":"HARVIA AUSTRIA st\u0159edn\u00ed z\u00e1v\u011bsn\u00e1 nerezov\u00e1 odpa\u0159ovac\u00ed miska nad saunov\u00e1 kamna \u2013 pr\u016fm\u011br 12 cm - Anders &amp; Kafka E-SHOP","description":"Se z\u00e1v\u011bsnou miskou z nerezu vnesete do sauny je\u0161t\u011b v\u00edce p\u0159\u00edrody a roz\u0161\u00ed\u0159\u00edte mo\u017enosti klasick\u00e9 finsk\u00e9 sauny o v\u00fdhody bio a aroma sauny.  Spole\u010dnost HARVIA AUSTRIA vyv\u00edj\u00ed a vyr\u00e1b\u00ed kvalitn\u00ed a inovativn\u00ed produkty ur\u010den\u00e9 k tomu, aby Va\u0161e chv\u00edle str\u00e1ven\u00e9 v saun\u011b byly co nejv\u00edce relaxuj\u00edc\u00ed.","robots":{"index":"index","follow":"follow","max-snippet":"max-snippet:-1","max-image-preview":"max-image-preview:large","max-video-preview":"max-video-preview:-1"},"canonical":"https:\/\/anderskafka.cz\/eshop\/produkt\/sentiotec-stredni-zavesna-nerezova-odparovaci-miska-nad-saunova-kamna-prumer-12-cm\/","og_locale":"cs_CZ","og_type":"article","og_title":"HARVIA AUSTRIA st\u0159edn\u00ed z\u00e1v\u011bsn\u00e1 nerezov\u00e1 odpa\u0159ovac\u00ed miska nad saunov\u00e1 kamna \u2013 pr\u016fm\u011br 12 cm - Anders &amp; Kafka E-SHOP","og_description":"Se z\u00e1v\u011bsnou miskou z nerezu vnesete do sauny je\u0161t\u011b v\u00edce p\u0159\u00edrody a roz\u0161\u00ed\u0159\u00edte mo\u017enosti klasick\u00e9 finsk\u00e9 sauny o v\u00fdhody bio a aroma sauny.  Spole\u010dnost HARVIA AUSTRIA vyv\u00edj\u00ed a vyr\u00e1b\u00ed kvalitn\u00ed a inovativn\u00ed produkty ur\u010den\u00e9 k tomu, aby Va\u0161e chv\u00edle str\u00e1ven\u00e9 v saun\u011b byly co nejv\u00edce relaxuj\u00edc\u00ed.","og_url":"https:\/\/anderskafka.cz\/eshop\/produkt\/sentiotec-stredni-zavesna-nerezova-odparovaci-miska-nad-saunova-kamna-prumer-12-cm\/","og_site_name":"Anders &amp; Kafka E-SHOP","article_modified_time":"2026-04-09T07:24:37+00:00","og_image":[{"width":700,"height":700,"url":"https:\/\/anderskafka.cz\/eshop\/wp-content\/uploads\/sites\/3\/2022\/12\/SEN-ZAVODPARMISK-NER-1-050-596_H.jpg","type":"image\/jpeg"}],"twitter_card":"summary_large_image","twitter_misc":{"Odhadovan\u00e1 doba \u010dten\u00ed":"1 minuta"},"schema":{"@context":"https:\/\/schema.org","@graph":[{"@type":"WebSite","@id":"https:\/\/anderskafka.cz\/eshop\/#website","url":"https:\/\/anderskafka.cz\/eshop\/","name":"Anders &amp; Kafka E-SHOP","description":"Anders &amp; Kafka E-SHOP","potentialAction":[{"@type":"SearchAction","target":{"@type":"EntryPoint","urlTemplate":"https:\/\/anderskafka.cz\/eshop\/?s={search_term_string}"},"query-input":"required name=search_term_string"}],"inLanguage":"cs"},{"@type":"ImageObject","@id":"https:\/\/anderskafka.cz\/eshop\/produkt\/sentiotec-stredni-zavesna-nerezova-odparovaci-miska-nad-saunova-kamna-prumer-12-cm\/#primaryimage","inLanguage":"cs","url":"https:\/\/anderskafka.cz\/eshop\/wp-content\/uploads\/sites\/3\/2022\/12\/SEN-ZAVODPARMISK-NER-1-050-596_H.jpg","contentUrl":"https:\/\/anderskafka.cz\/eshop\/wp-content\/uploads\/sites\/3\/2022\/12\/SEN-ZAVODPARMISK-NER-1-050-596_H.jpg","width":700,"height":700},{"@type":"WebPage","@id":"https:\/\/anderskafka.cz\/eshop\/produkt\/sentiotec-stredni-zavesna-nerezova-odparovaci-miska-nad-saunova-kamna-prumer-12-cm\/#webpage","url":"https:\/\/anderskafka.cz\/eshop\/produkt\/sentiotec-stredni-zavesna-nerezova-odparovaci-miska-nad-saunova-kamna-prumer-12-cm\/","name":"HARVIA AUSTRIA st\u0159edn\u00ed z\u00e1v\u011bsn\u00e1 nerezov\u00e1 odpa\u0159ovac\u00ed miska nad saunov\u00e1 kamna \u2013 pr\u016fm\u011br 12 cm - Anders &amp; Kafka E-SHOP","isPartOf":{"@id":"https:\/\/anderskafka.cz\/eshop\/#website"},"primaryImageOfPage":{"@id":"https:\/\/anderskafka.cz\/eshop\/produkt\/sentiotec-stredni-zavesna-nerezova-odparovaci-miska-nad-saunova-kamna-prumer-12-cm\/#primaryimage"},"datePublished":"2023-08-27T15:50:53+00:00","dateModified":"2026-04-09T07:24:37+00:00","description":"Se z\u00e1v\u011bsnou miskou z nerezu vnesete do sauny je\u0161t\u011b v\u00edce p\u0159\u00edrody a roz\u0161\u00ed\u0159\u00edte mo\u017enosti klasick\u00e9 finsk\u00e9 sauny o v\u00fdhody bio a aroma sauny. Spole\u010dnost HARVIA AUSTRIA vyv\u00edj\u00ed a vyr\u00e1b\u00ed kvalitn\u00ed a inovativn\u00ed produkty ur\u010den\u00e9 k tomu, aby Va\u0161e chv\u00edle str\u00e1ven\u00e9 v saun\u011b byly co nejv\u00edce relaxuj\u00edc\u00ed.","breadcrumb":{"@id":"https:\/\/anderskafka.cz\/eshop\/produkt\/sentiotec-stredni-zavesna-nerezova-odparovaci-miska-nad-saunova-kamna-prumer-12-cm\/#breadcrumb"},"inLanguage":"cs","potentialAction":[{"@type":"ReadAction","target":["https:\/\/anderskafka.cz\/eshop\/produkt\/sentiotec-stredni-zavesna-nerezova-odparovaci-miska-nad-saunova-kamna-prumer-12-cm\/"]}]},{"@type":"BreadcrumbList","@id":"https:\/\/anderskafka.cz\/eshop\/produkt\/sentiotec-stredni-zavesna-nerezova-odparovaci-miska-nad-saunova-kamna-prumer-12-cm\/#breadcrumb","itemListElement":[{"@type":"ListItem","position":1,"name":"Obchod","item":"https:\/\/anderskafka.cz\/eshop\/obchod\/"},{"@type":"ListItem","position":2,"name":"HARVIA AUSTRIA st\u0159edn\u00ed z\u00e1v\u011bsn\u00e1 nerezov\u00e1 odpa\u0159ovac\u00ed miska nad saunov\u00e1 kamna \u2013 pr\u016fm\u011br 12 cm"}]}]}},"locations":[],"_links":{"self":[{"href":"https:\/\/anderskafka.cz\/eshop\/wp-json\/wp\/v2\/product\/4123"}],"collection":[{"href":"https:\/\/anderskafka.cz\/eshop\/wp-json\/wp\/v2\/product"}],"about":[{"href":"https:\/\/anderskafka.cz\/eshop\/wp-json\/wp\/v2\/types\/product"}],"replies":[{"embeddable":true,"href":"https:\/\/anderskafka.cz\/eshop\/wp-json\/wp\/v2\/comments?post=4123"}],"wp:featuredmedia":[{"embeddable":true,"href":"https:\/\/anderskafka.cz\/eshop\/wp-json\/wp\/v2\/media\/1263"}],"wp:attachment":[{"href":"https:\/\/anderskafka.cz\/eshop\/wp-json\/wp\/v2\/media?parent=4123"}],"wp:term":[{"taxonomy":"location","embeddable":true,"href":"https:\/\/anderskafka.cz\/eshop\/wp-json\/wp\/v2\/location?post=4123"},{"taxonomy":"product_cat","embeddable":true,"href":"https:\/\/anderskafka.cz\/eshop\/wp-json\/wp\/v2\/product_cat?post=4123"},{"taxonomy":"product_tag","embeddable":true,"href":"https:\/\/anderskafka.cz\/eshop\/wp-json\/wp\/v2\/product_tag?post=4123"}],"curies":[{"name":"wp","href":"https:\/\/api.w.org\/{rel}","templated":true}]}}