{"id":4239,"date":"2023-10-02T22:16:55","date_gmt":"2023-10-02T20:16:55","guid":{"rendered":"https:\/\/anderskafka.cz\/eshop\/?post_type=product&#038;p=4239"},"modified":"2026-04-11T14:44:54","modified_gmt":"2026-04-11T12:44:54","slug":"huum-uku-local-klasik-chytra-ridici-jednotka-pro-finskou-saunu-v-modernim-cernem-provedeni","status":"publish","type":"product","link":"https:\/\/anderskafka.cz\/eshop\/produkt\/huum-uku-local-klasik-chytra-ridici-jednotka-pro-finskou-saunu-v-modernim-cernem-provedeni\/","title":{"rendered":"HUUM UKU LOCAL CLASSIC \u2013 \u0159\u00eddic\u00ed jednotka pro finskou saunu v modern\u00edm \u010dern\u00e9m proveden\u00ed"},"content":{"rendered":"<p style=\"font-weight: 400\">Chytr\u00fd syst\u00e9m ovl\u00e1d\u00e1n\u00ed sauny<br \/>\nOvl\u00e1d\u00e1n\u00ed z ovl\u00e1dac\u00edho panelu na st\u011bn\u011b<br \/>\nElegantn\u00ed a intuitivn\u00ed design<br \/>\nZ\u00e1ruka 5 let<\/p>\n<p>Se stylov\u00fdm ovl\u00e1dac\u00edm panelem na st\u011bn\u011b m\u016f\u017eete snadno nastavit teplotu a dobu oh\u0159evu. Pro v\u011bt\u0161\u00ed pohodl\u00ed m\u016f\u017eete k \u0159\u00eddic\u00edmu syst\u00e9mu p\u0159ipojit tak\u00e9 osv\u011btlen\u00ed sauny, ventilaci a v\u00fdrobu p\u00e1ry. O bezpe\u010dnost Va\u0161\u00ed sauny se star\u00e1 ochrana proti p\u0159eh\u0159\u00e1t\u00ed a d\u011btsk\u00e1 pojistka.<br \/>\nPokud si to rozmysl\u00edte a chcete saunu ovl\u00e1dat z mobiln\u00ed aplikace pomoc\u00ed chytr\u00e9ho telefonu, m\u016f\u017eete pozd\u011bji jednodu\u0161e p\u0159idat funkci Wi-Fi.<br \/>\nSada \u0159\u00eddic\u00edho syst\u00e9mu je dod\u00e1v\u00e1na s elegantn\u00edm ovl\u00e1dac\u00edm panelem KLASIK v \u010dern\u00e9m proveden\u00ed, ale m\u016f\u017eete si vybrat r\u016fzn\u00e9 designy tohoto ovl\u00e1dac\u00edho panelu, aby odpov\u00eddaly va\u0161emu stylu: MIRROR, GLASS, GOLD nebo WOOD.<\/p>\n<div class=\"page\" title=\"Page 11\">\n<div class=\"section\">\n<div class=\"layoutArea\">\n<div class=\"page\" title=\"Page 10\">\n<div class=\"layoutArea\">\n<div class=\"column\">\n<p><strong>Rozsah doda\u0301vky:<br \/>\n<\/strong>ovl\u00e1dac\u00ed panel (105 x 55 x 22 mm)<br \/>\nkabel k ovlada\u010di (3 m; 4 x 0,34 mm2)<br \/>\nhlavn\u00ed modul (65 x 165 x 245 mm)<br \/>\nsenzor teploty<br \/>\nsenzor zav\u0159en\u00fdch dve\u0159\u00ed<br \/>\nkabel k senzor\u016fm (2x5m; 2 x 0,22 mm2)<\/p>\n<p>Technick\u00e9 \u00fadaje:<\/p>\n<p>Rozmez\u00ed teploty: 40 \u2013 110 \u00b0C<br \/>\nPro kamna: max. 18 kW<br \/>\nNap\u00e1jec\u00ed zdroj: 400 V 3F; 230 V 1F<br \/>\nDoba vyt\u00e1p\u011bn\u00ed: 3 h, 8 h, 12 h<\/p>\n<\/div>\n<\/div>\n<\/div>\n<\/div>\n<\/div>\n<\/div>\n","protected":false},"excerpt":{"rendered":"<p>Chytr\u00e1 \u0159\u00eddic\u00ed jednotka s intuitivn\u00edm ovl\u00e1d\u00e1n\u00edm je ur\u010dena pro elektrick\u00e1 topidla pro finskou saunu s v\u00fdkonem topidla do<span style=\"font-size: 16px\">\u00a018 kW. S digit\u00e1ln\u00edm \u0159\u00edzen\u00edm \u010das\u016f a teplot. Jednotka je vybavena e<\/span><span style=\"font-size: 16px;font-style: normal\">nergeticky \u00faspornou elektronikou s mo\u017enost\u00ed instalace uvnit\u0159 i vn\u011b sauny.<\/span><\/p>\n<p style=\"text-align: left\">Saunov\u00e9 produkty spole\u010dnosti HUUM inspirovan\u00e9 p\u0159\u00edrodou kombinuj\u00ed starod\u00e1vn\u00e9 estonsk\u00e9 saunov\u00e9 d\u011bdictv\u00ed, m\u00edrnou p\u00e1ru a modern\u00ed technologii.<\/p>\n<p style=\"text-align: left\"><img loading=\"lazy\" class=\"size-full wp-image-4250 alignleft\" src=\"https:\/\/anderskafka.cz\/eshop\/wp-content\/uploads\/sites\/3\/2023\/10\/Unknown-2.png\" alt=\"\" width=\"225\" height=\"225\" srcset=\"https:\/\/anderskafka.cz\/eshop\/wp-content\/uploads\/sites\/3\/2023\/10\/Unknown-2.png 225w, https:\/\/anderskafka.cz\/eshop\/wp-content\/uploads\/sites\/3\/2023\/10\/Unknown-2-150x150.png 150w, https:\/\/anderskafka.cz\/eshop\/wp-content\/uploads\/sites\/3\/2023\/10\/Unknown-2-100x100.png 100w, https:\/\/anderskafka.cz\/eshop\/wp-content\/uploads\/sites\/3\/2023\/10\/Unknown-2-64x64.png 64w\" sizes=\"(max-width: 225px) 100vw, 225px\" \/> <img loading=\"lazy\" class=\"alignnone size-medium wp-image-4257\" src=\"https:\/\/anderskafka.cz\/eshop\/wp-content\/uploads\/sites\/3\/2023\/10\/csm_2021_PD_RD_2a96fb376b-300x176.png\" alt=\"\" width=\"300\" height=\"176\" srcset=\"https:\/\/anderskafka.cz\/eshop\/wp-content\/uploads\/sites\/3\/2023\/10\/csm_2021_PD_RD_2a96fb376b-300x176.png 300w, https:\/\/anderskafka.cz\/eshop\/wp-content\/uploads\/sites\/3\/2023\/10\/csm_2021_PD_RD_2a96fb376b-64x38.png 64w, https:\/\/anderskafka.cz\/eshop\/wp-content\/uploads\/sites\/3\/2023\/10\/csm_2021_PD_RD_2a96fb376b.png 500w\" sizes=\"(max-width: 300px) 100vw, 300px\" \/><\/p>\n","protected":false},"featured_media":4245,"comment_status":"open","ping_status":"closed","template":"","meta":{"site-sidebar-layout":"default","site-content-layout":"default","ast-main-header-display":"","ast-hfb-above-header-display":"","ast-hfb-below-header-display":"","ast-hfb-mobile-header-display":"","site-post-title":"","ast-breadcrumbs-content":"","ast-featured-img":"","footer-sml-layout":"","theme-transparent-header-meta":"","adv-header-id-meta":"","stick-header-meta":"","header-above-stick-meta":"","header-main-stick-meta":"","header-below-stick-meta":""},"location":[1492,1491],"product_cat":[543],"product_tag":[1028],"yoast_head":"<!-- This site is optimized with the Yoast SEO plugin v18.5.1 - https:\/\/yoast.com\/wordpress\/plugins\/seo\/ -->\n<title>HUUM UKU LOCAL CLASSIC \u2013 \u0159\u00eddic\u00ed jednotka pro finskou saunu v modern\u00edm \u010dern\u00e9m proveden\u00ed - Anders &amp; Kafka E-SHOP<\/title>\n<meta name=\"description\" content=\"Chytr\u00e1 \u0159\u00eddic\u00ed jednotka s intuitivn\u00edm ovl\u00e1d\u00e1n\u00edm je ur\u010dena pro elektrick\u00e1 topidla pro finskou saunu s v\u00fdkonem topidla do\u00a018 kW. S digit\u00e1ln\u00edm \u0159\u00edzen\u00edm \u010das\u016f a teplot. Jednotka je vybavena energeticky \u00faspornou elektronikou s mo\u017enost\u00ed instalace uvnit\u0159 i vn\u011b sauny. Saunov\u00e9 produkty spole\u010dnosti HUUM inspirovan\u00e9 p\u0159\u00edrodou kombinuj\u00ed starod\u00e1vn\u00e9 estonsk\u00e9 saunov\u00e9 d\u011bdictv\u00ed, m\u00edrnou p\u00e1ru a modern\u00ed technologii.\" \/>\n<meta name=\"robots\" content=\"index, follow, max-snippet:-1, max-image-preview:large, max-video-preview:-1\" \/>\n<link rel=\"canonical\" href=\"https:\/\/anderskafka.cz\/eshop\/produkt\/huum-uku-local-klasik-chytra-ridici-jednotka-pro-finskou-saunu-v-modernim-cernem-provedeni\/\" \/>\n<meta property=\"og:locale\" content=\"cs_CZ\" \/>\n<meta property=\"og:type\" content=\"article\" \/>\n<meta property=\"og:title\" content=\"HUUM UKU LOCAL CLASSIC \u2013 \u0159\u00eddic\u00ed jednotka pro finskou saunu v modern\u00edm \u010dern\u00e9m proveden\u00ed - Anders &amp; Kafka E-SHOP\" \/>\n<meta property=\"og:description\" content=\"Chytr\u00e1 \u0159\u00eddic\u00ed jednotka s intuitivn\u00edm ovl\u00e1d\u00e1n\u00edm je ur\u010dena pro elektrick\u00e1 topidla pro finskou saunu s v\u00fdkonem topidla do\u00a018 kW. S digit\u00e1ln\u00edm \u0159\u00edzen\u00edm \u010das\u016f a teplot. Jednotka je vybavena energeticky \u00faspornou elektronikou s mo\u017enost\u00ed instalace uvnit\u0159 i vn\u011b sauny. Saunov\u00e9 produkty spole\u010dnosti HUUM inspirovan\u00e9 p\u0159\u00edrodou kombinuj\u00ed starod\u00e1vn\u00e9 estonsk\u00e9 saunov\u00e9 d\u011bdictv\u00ed, m\u00edrnou p\u00e1ru a modern\u00ed technologii.\" \/>\n<meta property=\"og:url\" content=\"https:\/\/anderskafka.cz\/eshop\/produkt\/huum-uku-local-klasik-chytra-ridici-jednotka-pro-finskou-saunu-v-modernim-cernem-provedeni\/\" \/>\n<meta property=\"og:site_name\" content=\"Anders &amp; Kafka E-SHOP\" \/>\n<meta property=\"article:modified_time\" content=\"2026-04-11T12:44:54+00:00\" \/>\n<meta property=\"og:image\" content=\"https:\/\/anderskafka.cz\/eshop\/wp-content\/uploads\/sites\/3\/2023\/10\/UKU-Black_with-logo.jpg\" \/>\n\t<meta property=\"og:image:width\" content=\"856\" \/>\n\t<meta property=\"og:image:height\" content=\"853\" \/>\n\t<meta property=\"og:image:type\" content=\"image\/jpeg\" \/>\n<meta name=\"twitter:card\" content=\"summary_large_image\" \/>\n<meta name=\"twitter:label1\" content=\"Odhadovan\u00e1 doba \u010dten\u00ed\" \/>\n\t<meta name=\"twitter:data1\" content=\"1 minuta\" \/>\n<script type=\"application\/ld+json\" class=\"yoast-schema-graph\">{\"@context\":\"https:\/\/schema.org\",\"@graph\":[{\"@type\":\"WebSite\",\"@id\":\"https:\/\/anderskafka.cz\/eshop\/#website\",\"url\":\"https:\/\/anderskafka.cz\/eshop\/\",\"name\":\"Anders &amp; Kafka E-SHOP\",\"description\":\"Anders &amp; Kafka E-SHOP\",\"potentialAction\":[{\"@type\":\"SearchAction\",\"target\":{\"@type\":\"EntryPoint\",\"urlTemplate\":\"https:\/\/anderskafka.cz\/eshop\/?s={search_term_string}\"},\"query-input\":\"required name=search_term_string\"}],\"inLanguage\":\"cs\"},{\"@type\":\"ImageObject\",\"@id\":\"https:\/\/anderskafka.cz\/eshop\/produkt\/huum-uku-local-klasik-chytra-ridici-jednotka-pro-finskou-saunu-v-modernim-cernem-provedeni\/#primaryimage\",\"inLanguage\":\"cs\",\"url\":\"https:\/\/anderskafka.cz\/eshop\/wp-content\/uploads\/sites\/3\/2023\/10\/UKU-Black_with-logo.jpg\",\"contentUrl\":\"https:\/\/anderskafka.cz\/eshop\/wp-content\/uploads\/sites\/3\/2023\/10\/UKU-Black_with-logo.jpg\",\"width\":856,\"height\":853},{\"@type\":\"WebPage\",\"@id\":\"https:\/\/anderskafka.cz\/eshop\/produkt\/huum-uku-local-klasik-chytra-ridici-jednotka-pro-finskou-saunu-v-modernim-cernem-provedeni\/#webpage\",\"url\":\"https:\/\/anderskafka.cz\/eshop\/produkt\/huum-uku-local-klasik-chytra-ridici-jednotka-pro-finskou-saunu-v-modernim-cernem-provedeni\/\",\"name\":\"HUUM UKU LOCAL CLASSIC \u2013 \u0159\u00eddic\u00ed jednotka pro finskou saunu v modern\u00edm \u010dern\u00e9m proveden\u00ed - Anders &amp; Kafka E-SHOP\",\"isPartOf\":{\"@id\":\"https:\/\/anderskafka.cz\/eshop\/#website\"},\"primaryImageOfPage\":{\"@id\":\"https:\/\/anderskafka.cz\/eshop\/produkt\/huum-uku-local-klasik-chytra-ridici-jednotka-pro-finskou-saunu-v-modernim-cernem-provedeni\/#primaryimage\"},\"datePublished\":\"2023-10-02T20:16:55+00:00\",\"dateModified\":\"2026-04-11T12:44:54+00:00\",\"description\":\"Chytr\u00e1 \u0159\u00eddic\u00ed jednotka s intuitivn\u00edm ovl\u00e1d\u00e1n\u00edm je ur\u010dena pro elektrick\u00e1 topidla pro finskou saunu s v\u00fdkonem topidla do\u00a018 kW. S digit\u00e1ln\u00edm \u0159\u00edzen\u00edm \u010das\u016f a teplot. Jednotka je vybavena energeticky \u00faspornou elektronikou s mo\u017enost\u00ed instalace uvnit\u0159 i vn\u011b sauny. Saunov\u00e9 produkty spole\u010dnosti HUUM inspirovan\u00e9 p\u0159\u00edrodou kombinuj\u00ed starod\u00e1vn\u00e9 estonsk\u00e9 saunov\u00e9 d\u011bdictv\u00ed, m\u00edrnou p\u00e1ru a modern\u00ed technologii.\",\"breadcrumb\":{\"@id\":\"https:\/\/anderskafka.cz\/eshop\/produkt\/huum-uku-local-klasik-chytra-ridici-jednotka-pro-finskou-saunu-v-modernim-cernem-provedeni\/#breadcrumb\"},\"inLanguage\":\"cs\",\"potentialAction\":[{\"@type\":\"ReadAction\",\"target\":[\"https:\/\/anderskafka.cz\/eshop\/produkt\/huum-uku-local-klasik-chytra-ridici-jednotka-pro-finskou-saunu-v-modernim-cernem-provedeni\/\"]}]},{\"@type\":\"BreadcrumbList\",\"@id\":\"https:\/\/anderskafka.cz\/eshop\/produkt\/huum-uku-local-klasik-chytra-ridici-jednotka-pro-finskou-saunu-v-modernim-cernem-provedeni\/#breadcrumb\",\"itemListElement\":[{\"@type\":\"ListItem\",\"position\":1,\"name\":\"Obchod\",\"item\":\"https:\/\/anderskafka.cz\/eshop\/obchod\/\"},{\"@type\":\"ListItem\",\"position\":2,\"name\":\"HUUM UKU LOCAL CLASSIC \u2013 \u0159\u00eddic\u00ed jednotka pro finskou saunu v modern\u00edm \u010dern\u00e9m proveden\u00ed\"}]}]}<\/script>\n<!-- \/ Yoast SEO plugin. -->","yoast_head_json":{"title":"HUUM UKU LOCAL CLASSIC \u2013 \u0159\u00eddic\u00ed jednotka pro finskou saunu v modern\u00edm \u010dern\u00e9m proveden\u00ed - Anders &amp; Kafka E-SHOP","description":"Chytr\u00e1 \u0159\u00eddic\u00ed jednotka s intuitivn\u00edm ovl\u00e1d\u00e1n\u00edm je ur\u010dena pro elektrick\u00e1 topidla pro finskou saunu s v\u00fdkonem topidla do\u00a018 kW. S digit\u00e1ln\u00edm \u0159\u00edzen\u00edm \u010das\u016f a teplot. Jednotka je vybavena energeticky \u00faspornou elektronikou s mo\u017enost\u00ed instalace uvnit\u0159 i vn\u011b sauny. Saunov\u00e9 produkty spole\u010dnosti HUUM inspirovan\u00e9 p\u0159\u00edrodou kombinuj\u00ed starod\u00e1vn\u00e9 estonsk\u00e9 saunov\u00e9 d\u011bdictv\u00ed, m\u00edrnou p\u00e1ru a modern\u00ed technologii.","robots":{"index":"index","follow":"follow","max-snippet":"max-snippet:-1","max-image-preview":"max-image-preview:large","max-video-preview":"max-video-preview:-1"},"canonical":"https:\/\/anderskafka.cz\/eshop\/produkt\/huum-uku-local-klasik-chytra-ridici-jednotka-pro-finskou-saunu-v-modernim-cernem-provedeni\/","og_locale":"cs_CZ","og_type":"article","og_title":"HUUM UKU LOCAL CLASSIC \u2013 \u0159\u00eddic\u00ed jednotka pro finskou saunu v modern\u00edm \u010dern\u00e9m proveden\u00ed - Anders &amp; Kafka E-SHOP","og_description":"Chytr\u00e1 \u0159\u00eddic\u00ed jednotka s intuitivn\u00edm ovl\u00e1d\u00e1n\u00edm je ur\u010dena pro elektrick\u00e1 topidla pro finskou saunu s v\u00fdkonem topidla do\u00a018 kW. S digit\u00e1ln\u00edm \u0159\u00edzen\u00edm \u010das\u016f a teplot. Jednotka je vybavena energeticky \u00faspornou elektronikou s mo\u017enost\u00ed instalace uvnit\u0159 i vn\u011b sauny. Saunov\u00e9 produkty spole\u010dnosti HUUM inspirovan\u00e9 p\u0159\u00edrodou kombinuj\u00ed starod\u00e1vn\u00e9 estonsk\u00e9 saunov\u00e9 d\u011bdictv\u00ed, m\u00edrnou p\u00e1ru a modern\u00ed technologii.","og_url":"https:\/\/anderskafka.cz\/eshop\/produkt\/huum-uku-local-klasik-chytra-ridici-jednotka-pro-finskou-saunu-v-modernim-cernem-provedeni\/","og_site_name":"Anders &amp; Kafka E-SHOP","article_modified_time":"2026-04-11T12:44:54+00:00","og_image":[{"width":856,"height":853,"url":"https:\/\/anderskafka.cz\/eshop\/wp-content\/uploads\/sites\/3\/2023\/10\/UKU-Black_with-logo.jpg","type":"image\/jpeg"}],"twitter_card":"summary_large_image","twitter_misc":{"Odhadovan\u00e1 doba \u010dten\u00ed":"1 minuta"},"schema":{"@context":"https:\/\/schema.org","@graph":[{"@type":"WebSite","@id":"https:\/\/anderskafka.cz\/eshop\/#website","url":"https:\/\/anderskafka.cz\/eshop\/","name":"Anders &amp; Kafka E-SHOP","description":"Anders &amp; Kafka E-SHOP","potentialAction":[{"@type":"SearchAction","target":{"@type":"EntryPoint","urlTemplate":"https:\/\/anderskafka.cz\/eshop\/?s={search_term_string}"},"query-input":"required name=search_term_string"}],"inLanguage":"cs"},{"@type":"ImageObject","@id":"https:\/\/anderskafka.cz\/eshop\/produkt\/huum-uku-local-klasik-chytra-ridici-jednotka-pro-finskou-saunu-v-modernim-cernem-provedeni\/#primaryimage","inLanguage":"cs","url":"https:\/\/anderskafka.cz\/eshop\/wp-content\/uploads\/sites\/3\/2023\/10\/UKU-Black_with-logo.jpg","contentUrl":"https:\/\/anderskafka.cz\/eshop\/wp-content\/uploads\/sites\/3\/2023\/10\/UKU-Black_with-logo.jpg","width":856,"height":853},{"@type":"WebPage","@id":"https:\/\/anderskafka.cz\/eshop\/produkt\/huum-uku-local-klasik-chytra-ridici-jednotka-pro-finskou-saunu-v-modernim-cernem-provedeni\/#webpage","url":"https:\/\/anderskafka.cz\/eshop\/produkt\/huum-uku-local-klasik-chytra-ridici-jednotka-pro-finskou-saunu-v-modernim-cernem-provedeni\/","name":"HUUM UKU LOCAL CLASSIC \u2013 \u0159\u00eddic\u00ed jednotka pro finskou saunu v modern\u00edm \u010dern\u00e9m proveden\u00ed - Anders &amp; Kafka E-SHOP","isPartOf":{"@id":"https:\/\/anderskafka.cz\/eshop\/#website"},"primaryImageOfPage":{"@id":"https:\/\/anderskafka.cz\/eshop\/produkt\/huum-uku-local-klasik-chytra-ridici-jednotka-pro-finskou-saunu-v-modernim-cernem-provedeni\/#primaryimage"},"datePublished":"2023-10-02T20:16:55+00:00","dateModified":"2026-04-11T12:44:54+00:00","description":"Chytr\u00e1 \u0159\u00eddic\u00ed jednotka s intuitivn\u00edm ovl\u00e1d\u00e1n\u00edm je ur\u010dena pro elektrick\u00e1 topidla pro finskou saunu s v\u00fdkonem topidla do\u00a018 kW. S digit\u00e1ln\u00edm \u0159\u00edzen\u00edm \u010das\u016f a teplot. Jednotka je vybavena energeticky \u00faspornou elektronikou s mo\u017enost\u00ed instalace uvnit\u0159 i vn\u011b sauny. Saunov\u00e9 produkty spole\u010dnosti HUUM inspirovan\u00e9 p\u0159\u00edrodou kombinuj\u00ed starod\u00e1vn\u00e9 estonsk\u00e9 saunov\u00e9 d\u011bdictv\u00ed, m\u00edrnou p\u00e1ru a modern\u00ed technologii.","breadcrumb":{"@id":"https:\/\/anderskafka.cz\/eshop\/produkt\/huum-uku-local-klasik-chytra-ridici-jednotka-pro-finskou-saunu-v-modernim-cernem-provedeni\/#breadcrumb"},"inLanguage":"cs","potentialAction":[{"@type":"ReadAction","target":["https:\/\/anderskafka.cz\/eshop\/produkt\/huum-uku-local-klasik-chytra-ridici-jednotka-pro-finskou-saunu-v-modernim-cernem-provedeni\/"]}]},{"@type":"BreadcrumbList","@id":"https:\/\/anderskafka.cz\/eshop\/produkt\/huum-uku-local-klasik-chytra-ridici-jednotka-pro-finskou-saunu-v-modernim-cernem-provedeni\/#breadcrumb","itemListElement":[{"@type":"ListItem","position":1,"name":"Obchod","item":"https:\/\/anderskafka.cz\/eshop\/obchod\/"},{"@type":"ListItem","position":2,"name":"HUUM UKU LOCAL CLASSIC \u2013 \u0159\u00eddic\u00ed jednotka pro finskou saunu v modern\u00edm \u010dern\u00e9m proveden\u00ed"}]}]}},"locations":[{"id":1492,"name":"HUUM sklad","slug":"huum-sklad","quantity":"0"},{"id":1491,"name":"Sklad AndersKafka","slug":"sklad-anderskafka","quantity":"3"}],"_links":{"self":[{"href":"https:\/\/anderskafka.cz\/eshop\/wp-json\/wp\/v2\/product\/4239"}],"collection":[{"href":"https:\/\/anderskafka.cz\/eshop\/wp-json\/wp\/v2\/product"}],"about":[{"href":"https:\/\/anderskafka.cz\/eshop\/wp-json\/wp\/v2\/types\/product"}],"replies":[{"embeddable":true,"href":"https:\/\/anderskafka.cz\/eshop\/wp-json\/wp\/v2\/comments?post=4239"}],"wp:featuredmedia":[{"embeddable":true,"href":"https:\/\/anderskafka.cz\/eshop\/wp-json\/wp\/v2\/media\/4245"}],"wp:attachment":[{"href":"https:\/\/anderskafka.cz\/eshop\/wp-json\/wp\/v2\/media?parent=4239"}],"wp:term":[{"taxonomy":"location","embeddable":true,"href":"https:\/\/anderskafka.cz\/eshop\/wp-json\/wp\/v2\/location?post=4239"},{"taxonomy":"product_cat","embeddable":true,"href":"https:\/\/anderskafka.cz\/eshop\/wp-json\/wp\/v2\/product_cat?post=4239"},{"taxonomy":"product_tag","embeddable":true,"href":"https:\/\/anderskafka.cz\/eshop\/wp-json\/wp\/v2\/product_tag?post=4239"}],"curies":[{"name":"wp","href":"https:\/\/api.w.org\/{rel}","templated":true}]}}