{"id":4252,"date":"2023-10-03T13:13:10","date_gmt":"2023-10-03T11:13:10","guid":{"rendered":"https:\/\/anderskafka.cz\/eshop\/?post_type=product&#038;p=4252"},"modified":"2026-04-17T09:27:03","modified_gmt":"2026-04-17T07:27:03","slug":"huum-ovalne-saunove-kameny-velikosti-3-5-cm-15-kg","status":"publish","type":"product","link":"https:\/\/anderskafka.cz\/eshop\/produkt\/huum-ovalne-saunove-kameny-velikosti-3-5-cm-15-kg\/","title":{"rendered":"HUUM luxusn\u00ed ov\u00e1ln\u00e9 saunov\u00e9 kameny velikosti 3\u20135 cm, 15 kg"},"content":{"rendered":"<p>Ov\u00e1ln\u00e9 finsk\u00e9 saunov\u00e9 kameny z horniny oliv\u00edn diabas jsou pe\u010dliv\u011b vyb\u00edr\u00e1ny a p\u0159in\u00e1\u0161\u00ed do sauny tu pravou saunovou atmosf\u00e9ru. Tyto kameny um\u00ed pojmout a udr\u017eet velk\u00e9 mno\u017estv\u00ed tepla a d\u00edky jejich povrchu se voda odpa\u0159uje efektivn\u011b. Aby topn\u00e1 t\u011blesa vydr\u017eela co nejd\u00e9le, doporu\u010dujeme rozm\u00edstit kameny neuspo\u0159\u00e1dan\u011b, aby v prostoru pro kameny byla dobr\u00e1 cirkulace vzduchu. Kameny pravideln\u011b p\u0159eskupujte, abyste cirkulaci vzduchu zlep\u0161ili. Odstra\u0148te a vym\u011b\u0148te popraskan\u00e9 kameny.<\/p>\n<p>P\u0159ed prvn\u00edm pou\u017eit\u00edm doporu\u010dujeme opl\u00e1chnout ve\u0161ker\u00fd prach nebo skvrny z kamen\u016f, abyste se vyhnuli nep\u0159\u00edjemn\u00e9mu z\u00e1pachu.<\/p>\n<p>Velikost kamen\u016f: cca 3-5 cm<\/p>\n<p>Obsah balen\u00ed: 15 kg<\/p>\n<p><span style=\"color: #333333\">Alespo\u0148 jednou za rok saunov\u00e9 kameny kontrolujte. Kameny v p\u0159\u00edm\u00e9m kontaktu s topn\u00fdmi t\u011blesy jsou vystaveny extr\u00e9mn\u00edm tepeln\u00fdm podm\u00ednk\u00e1m. Rychl\u00e9 zm\u011bny teploty zp\u016fsobuj\u00ed mal\u00e9 trhlinky v kamenech, kter\u00e9 vedou v pr\u016fb\u011bhu \u010dasu k jejich rozpadu. Mal\u00e9 \u010d\u00e1stice mohou padat dol\u016f a zablokovat spr\u00e1vnou cirkulaci vzduchu. To m\u016f\u017ee zp\u016fsobit nep\u0159etr\u017eit\u00e9 p\u0159eh\u0159\u00e1t\u00ed a zkr\u00e1tit \u017eivotnost oh\u0159\u00edva\u010de a topn\u00fdch t\u011bles.<\/span><\/p>\n","protected":false},"excerpt":{"rendered":"<p>Luxusn\u00ed ov\u00e1ln\u00e9 saunov\u00e9 kameny z horniny oliv\u00edn diabas jsou odoln\u00e9 a jejich tepeln\u00e1 kapacita je vysok\u00e1. V saunov\u00fdch topidlech HUUM se doporu\u010duje pou\u017e\u00edvat kulat\u00e9 saunov\u00e9 kameny. Kulat\u00e9 kameny dopl\u0148uj\u00ed design oh\u0159\u00edva\u010d\u016f a poskytuj\u00ed m\u00edrn\u011bj\u0161\u00ed p\u00e1ru.<\/p>\n<p>Saunov\u00e9 produkty spole\u010dnosti HUUM inspirovan\u00e1 p\u0159\u00edrodou kombinuj\u00ed starod\u00e1vn\u00e9 estonsk\u00e9 saunov\u00e9 d\u011bdictv\u00ed, m\u00edrnou p\u00e1ru a modern\u00ed technologii.<\/p>\n<p><img loading=\"lazy\" class=\"alignnone size-full wp-image-4250 aligncenter\" src=\"https:\/\/anderskafka.cz\/eshop\/wp-content\/uploads\/sites\/3\/2023\/10\/Unknown-2.png\" alt=\"\" width=\"225\" height=\"225\" srcset=\"https:\/\/anderskafka.cz\/eshop\/wp-content\/uploads\/sites\/3\/2023\/10\/Unknown-2.png 225w, https:\/\/anderskafka.cz\/eshop\/wp-content\/uploads\/sites\/3\/2023\/10\/Unknown-2-150x150.png 150w, https:\/\/anderskafka.cz\/eshop\/wp-content\/uploads\/sites\/3\/2023\/10\/Unknown-2-100x100.png 100w, https:\/\/anderskafka.cz\/eshop\/wp-content\/uploads\/sites\/3\/2023\/10\/Unknown-2-64x64.png 64w\" sizes=\"(max-width: 225px) 100vw, 225px\" \/><\/p>\n","protected":false},"featured_media":4253,"comment_status":"open","ping_status":"closed","template":"","meta":{"site-sidebar-layout":"default","site-content-layout":"default","ast-main-header-display":"","ast-hfb-above-header-display":"","ast-hfb-below-header-display":"","ast-hfb-mobile-header-display":"","site-post-title":"","ast-breadcrumbs-content":"","ast-featured-img":"","footer-sml-layout":"","theme-transparent-header-meta":"","adv-header-id-meta":"","stick-header-meta":"","header-above-stick-meta":"","header-main-stick-meta":"","header-below-stick-meta":""},"location":[1492,1491],"product_cat":[801],"product_tag":[1028],"yoast_head":"<!-- This site is optimized with the Yoast SEO plugin v18.5.1 - https:\/\/yoast.com\/wordpress\/plugins\/seo\/ -->\n<title>HUUM luxusn\u00ed ov\u00e1ln\u00e9 saunov\u00e9 kameny velikosti 3\u20135 cm, 15 kg - Anders &amp; Kafka E-SHOP<\/title>\n<meta name=\"description\" content=\"Luxusn\u00ed ov\u00e1ln\u00e9 saunov\u00e9 kameny z horniny oliv\u00edn diabas jsou odoln\u00e9 a jejich tepeln\u00e1 kapacita je vysok\u00e1. V saunov\u00fdch topidlech HUUM se doporu\u010duje pou\u017e\u00edvat kulat\u00e9 saunov\u00e9 kameny. Kulat\u00e9 kameny dopl\u0148uj\u00ed design oh\u0159\u00edva\u010d\u016f a poskytuj\u00ed m\u00edrn\u011bj\u0161\u00ed p\u00e1ru.  Saunov\u00e9 produkty spole\u010dnosti HUUM inspirovan\u00e1 p\u0159\u00edrodou kombinuj\u00ed starod\u00e1vn\u00e9 estonsk\u00e9 saunov\u00e9 d\u011bdictv\u00ed, m\u00edrnou p\u00e1ru a modern\u00ed technologii.\" \/>\n<meta name=\"robots\" content=\"index, follow, max-snippet:-1, max-image-preview:large, max-video-preview:-1\" \/>\n<link rel=\"canonical\" href=\"https:\/\/anderskafka.cz\/eshop\/produkt\/huum-ovalne-saunove-kameny-velikosti-3-5-cm-15-kg\/\" \/>\n<meta property=\"og:locale\" content=\"cs_CZ\" \/>\n<meta property=\"og:type\" content=\"article\" \/>\n<meta property=\"og:title\" content=\"HUUM luxusn\u00ed ov\u00e1ln\u00e9 saunov\u00e9 kameny velikosti 3\u20135 cm, 15 kg - Anders &amp; Kafka E-SHOP\" \/>\n<meta property=\"og:description\" content=\"Luxusn\u00ed ov\u00e1ln\u00e9 saunov\u00e9 kameny z horniny oliv\u00edn diabas jsou odoln\u00e9 a jejich tepeln\u00e1 kapacita je vysok\u00e1. V saunov\u00fdch topidlech HUUM se doporu\u010duje pou\u017e\u00edvat kulat\u00e9 saunov\u00e9 kameny. Kulat\u00e9 kameny dopl\u0148uj\u00ed design oh\u0159\u00edva\u010d\u016f a poskytuj\u00ed m\u00edrn\u011bj\u0161\u00ed p\u00e1ru.  Saunov\u00e9 produkty spole\u010dnosti HUUM inspirovan\u00e1 p\u0159\u00edrodou kombinuj\u00ed starod\u00e1vn\u00e9 estonsk\u00e9 saunov\u00e9 d\u011bdictv\u00ed, m\u00edrnou p\u00e1ru a modern\u00ed technologii.\" \/>\n<meta property=\"og:url\" content=\"https:\/\/anderskafka.cz\/eshop\/produkt\/huum-ovalne-saunove-kameny-velikosti-3-5-cm-15-kg\/\" \/>\n<meta property=\"og:site_name\" content=\"Anders &amp; Kafka E-SHOP\" \/>\n<meta property=\"article:modified_time\" content=\"2026-04-17T07:27:03+00:00\" \/>\n<meta name=\"twitter:card\" content=\"summary_large_image\" \/>\n<meta name=\"twitter:image\" content=\"https:\/\/anderskafka.cz\/eshop\/wp-content\/uploads\/sites\/3\/2023\/10\/image-3-1.png.webp\" \/>\n<meta name=\"twitter:label1\" content=\"Odhadovan\u00e1 doba \u010dten\u00ed\" \/>\n\t<meta name=\"twitter:data1\" content=\"1 minuta\" \/>\n<script type=\"application\/ld+json\" class=\"yoast-schema-graph\">{\"@context\":\"https:\/\/schema.org\",\"@graph\":[{\"@type\":\"WebSite\",\"@id\":\"https:\/\/anderskafka.cz\/eshop\/#website\",\"url\":\"https:\/\/anderskafka.cz\/eshop\/\",\"name\":\"Anders &amp; Kafka E-SHOP\",\"description\":\"Anders &amp; Kafka E-SHOP\",\"potentialAction\":[{\"@type\":\"SearchAction\",\"target\":{\"@type\":\"EntryPoint\",\"urlTemplate\":\"https:\/\/anderskafka.cz\/eshop\/?s={search_term_string}\"},\"query-input\":\"required name=search_term_string\"}],\"inLanguage\":\"cs\"},{\"@type\":\"ImageObject\",\"@id\":\"https:\/\/anderskafka.cz\/eshop\/produkt\/huum-ovalne-saunove-kameny-velikosti-3-5-cm-15-kg\/#primaryimage\",\"inLanguage\":\"cs\",\"url\":\"https:\/\/anderskafka.cz\/eshop\/wp-content\/uploads\/sites\/3\/2023\/10\/image-3-1.png.webp\",\"contentUrl\":\"https:\/\/anderskafka.cz\/eshop\/wp-content\/uploads\/sites\/3\/2023\/10\/image-3-1.png.webp\",\"width\":1254,\"height\":1254},{\"@type\":\"WebPage\",\"@id\":\"https:\/\/anderskafka.cz\/eshop\/produkt\/huum-ovalne-saunove-kameny-velikosti-3-5-cm-15-kg\/#webpage\",\"url\":\"https:\/\/anderskafka.cz\/eshop\/produkt\/huum-ovalne-saunove-kameny-velikosti-3-5-cm-15-kg\/\",\"name\":\"HUUM luxusn\u00ed ov\u00e1ln\u00e9 saunov\u00e9 kameny velikosti 3\u20135 cm, 15 kg - Anders &amp; Kafka E-SHOP\",\"isPartOf\":{\"@id\":\"https:\/\/anderskafka.cz\/eshop\/#website\"},\"primaryImageOfPage\":{\"@id\":\"https:\/\/anderskafka.cz\/eshop\/produkt\/huum-ovalne-saunove-kameny-velikosti-3-5-cm-15-kg\/#primaryimage\"},\"datePublished\":\"2023-10-03T11:13:10+00:00\",\"dateModified\":\"2026-04-17T07:27:03+00:00\",\"description\":\"Luxusn\u00ed ov\u00e1ln\u00e9 saunov\u00e9 kameny z horniny oliv\u00edn diabas jsou odoln\u00e9 a jejich tepeln\u00e1 kapacita je vysok\u00e1. V saunov\u00fdch topidlech HUUM se doporu\u010duje pou\u017e\u00edvat kulat\u00e9 saunov\u00e9 kameny. Kulat\u00e9 kameny dopl\u0148uj\u00ed design oh\u0159\u00edva\u010d\u016f a poskytuj\u00ed m\u00edrn\u011bj\u0161\u00ed p\u00e1ru. Saunov\u00e9 produkty spole\u010dnosti HUUM inspirovan\u00e1 p\u0159\u00edrodou kombinuj\u00ed starod\u00e1vn\u00e9 estonsk\u00e9 saunov\u00e9 d\u011bdictv\u00ed, m\u00edrnou p\u00e1ru a modern\u00ed technologii.\",\"breadcrumb\":{\"@id\":\"https:\/\/anderskafka.cz\/eshop\/produkt\/huum-ovalne-saunove-kameny-velikosti-3-5-cm-15-kg\/#breadcrumb\"},\"inLanguage\":\"cs\",\"potentialAction\":[{\"@type\":\"ReadAction\",\"target\":[\"https:\/\/anderskafka.cz\/eshop\/produkt\/huum-ovalne-saunove-kameny-velikosti-3-5-cm-15-kg\/\"]}]},{\"@type\":\"BreadcrumbList\",\"@id\":\"https:\/\/anderskafka.cz\/eshop\/produkt\/huum-ovalne-saunove-kameny-velikosti-3-5-cm-15-kg\/#breadcrumb\",\"itemListElement\":[{\"@type\":\"ListItem\",\"position\":1,\"name\":\"Obchod\",\"item\":\"https:\/\/anderskafka.cz\/eshop\/obchod\/\"},{\"@type\":\"ListItem\",\"position\":2,\"name\":\"HUUM luxusn\u00ed ov\u00e1ln\u00e9 saunov\u00e9 kameny velikosti 3\u20135 cm, 15 kg\"}]}]}<\/script>\n<!-- \/ Yoast SEO plugin. -->","yoast_head_json":{"title":"HUUM luxusn\u00ed ov\u00e1ln\u00e9 saunov\u00e9 kameny velikosti 3\u20135 cm, 15 kg - Anders &amp; Kafka E-SHOP","description":"Luxusn\u00ed ov\u00e1ln\u00e9 saunov\u00e9 kameny z horniny oliv\u00edn diabas jsou odoln\u00e9 a jejich tepeln\u00e1 kapacita je vysok\u00e1. V saunov\u00fdch topidlech HUUM se doporu\u010duje pou\u017e\u00edvat kulat\u00e9 saunov\u00e9 kameny. Kulat\u00e9 kameny dopl\u0148uj\u00ed design oh\u0159\u00edva\u010d\u016f a poskytuj\u00ed m\u00edrn\u011bj\u0161\u00ed p\u00e1ru.  Saunov\u00e9 produkty spole\u010dnosti HUUM inspirovan\u00e1 p\u0159\u00edrodou kombinuj\u00ed starod\u00e1vn\u00e9 estonsk\u00e9 saunov\u00e9 d\u011bdictv\u00ed, m\u00edrnou p\u00e1ru a modern\u00ed technologii.","robots":{"index":"index","follow":"follow","max-snippet":"max-snippet:-1","max-image-preview":"max-image-preview:large","max-video-preview":"max-video-preview:-1"},"canonical":"https:\/\/anderskafka.cz\/eshop\/produkt\/huum-ovalne-saunove-kameny-velikosti-3-5-cm-15-kg\/","og_locale":"cs_CZ","og_type":"article","og_title":"HUUM luxusn\u00ed ov\u00e1ln\u00e9 saunov\u00e9 kameny velikosti 3\u20135 cm, 15 kg - Anders &amp; Kafka E-SHOP","og_description":"Luxusn\u00ed ov\u00e1ln\u00e9 saunov\u00e9 kameny z horniny oliv\u00edn diabas jsou odoln\u00e9 a jejich tepeln\u00e1 kapacita je vysok\u00e1. V saunov\u00fdch topidlech HUUM se doporu\u010duje pou\u017e\u00edvat kulat\u00e9 saunov\u00e9 kameny. Kulat\u00e9 kameny dopl\u0148uj\u00ed design oh\u0159\u00edva\u010d\u016f a poskytuj\u00ed m\u00edrn\u011bj\u0161\u00ed p\u00e1ru.  Saunov\u00e9 produkty spole\u010dnosti HUUM inspirovan\u00e1 p\u0159\u00edrodou kombinuj\u00ed starod\u00e1vn\u00e9 estonsk\u00e9 saunov\u00e9 d\u011bdictv\u00ed, m\u00edrnou p\u00e1ru a modern\u00ed technologii.","og_url":"https:\/\/anderskafka.cz\/eshop\/produkt\/huum-ovalne-saunove-kameny-velikosti-3-5-cm-15-kg\/","og_site_name":"Anders &amp; Kafka E-SHOP","article_modified_time":"2026-04-17T07:27:03+00:00","twitter_card":"summary_large_image","twitter_image":"https:\/\/anderskafka.cz\/eshop\/wp-content\/uploads\/sites\/3\/2023\/10\/image-3-1.png.webp","twitter_misc":{"Odhadovan\u00e1 doba \u010dten\u00ed":"1 minuta"},"schema":{"@context":"https:\/\/schema.org","@graph":[{"@type":"WebSite","@id":"https:\/\/anderskafka.cz\/eshop\/#website","url":"https:\/\/anderskafka.cz\/eshop\/","name":"Anders &amp; Kafka E-SHOP","description":"Anders &amp; Kafka E-SHOP","potentialAction":[{"@type":"SearchAction","target":{"@type":"EntryPoint","urlTemplate":"https:\/\/anderskafka.cz\/eshop\/?s={search_term_string}"},"query-input":"required name=search_term_string"}],"inLanguage":"cs"},{"@type":"ImageObject","@id":"https:\/\/anderskafka.cz\/eshop\/produkt\/huum-ovalne-saunove-kameny-velikosti-3-5-cm-15-kg\/#primaryimage","inLanguage":"cs","url":"https:\/\/anderskafka.cz\/eshop\/wp-content\/uploads\/sites\/3\/2023\/10\/image-3-1.png.webp","contentUrl":"https:\/\/anderskafka.cz\/eshop\/wp-content\/uploads\/sites\/3\/2023\/10\/image-3-1.png.webp","width":1254,"height":1254},{"@type":"WebPage","@id":"https:\/\/anderskafka.cz\/eshop\/produkt\/huum-ovalne-saunove-kameny-velikosti-3-5-cm-15-kg\/#webpage","url":"https:\/\/anderskafka.cz\/eshop\/produkt\/huum-ovalne-saunove-kameny-velikosti-3-5-cm-15-kg\/","name":"HUUM luxusn\u00ed ov\u00e1ln\u00e9 saunov\u00e9 kameny velikosti 3\u20135 cm, 15 kg - Anders &amp; Kafka E-SHOP","isPartOf":{"@id":"https:\/\/anderskafka.cz\/eshop\/#website"},"primaryImageOfPage":{"@id":"https:\/\/anderskafka.cz\/eshop\/produkt\/huum-ovalne-saunove-kameny-velikosti-3-5-cm-15-kg\/#primaryimage"},"datePublished":"2023-10-03T11:13:10+00:00","dateModified":"2026-04-17T07:27:03+00:00","description":"Luxusn\u00ed ov\u00e1ln\u00e9 saunov\u00e9 kameny z horniny oliv\u00edn diabas jsou odoln\u00e9 a jejich tepeln\u00e1 kapacita je vysok\u00e1. V saunov\u00fdch topidlech HUUM se doporu\u010duje pou\u017e\u00edvat kulat\u00e9 saunov\u00e9 kameny. Kulat\u00e9 kameny dopl\u0148uj\u00ed design oh\u0159\u00edva\u010d\u016f a poskytuj\u00ed m\u00edrn\u011bj\u0161\u00ed p\u00e1ru. Saunov\u00e9 produkty spole\u010dnosti HUUM inspirovan\u00e1 p\u0159\u00edrodou kombinuj\u00ed starod\u00e1vn\u00e9 estonsk\u00e9 saunov\u00e9 d\u011bdictv\u00ed, m\u00edrnou p\u00e1ru a modern\u00ed technologii.","breadcrumb":{"@id":"https:\/\/anderskafka.cz\/eshop\/produkt\/huum-ovalne-saunove-kameny-velikosti-3-5-cm-15-kg\/#breadcrumb"},"inLanguage":"cs","potentialAction":[{"@type":"ReadAction","target":["https:\/\/anderskafka.cz\/eshop\/produkt\/huum-ovalne-saunove-kameny-velikosti-3-5-cm-15-kg\/"]}]},{"@type":"BreadcrumbList","@id":"https:\/\/anderskafka.cz\/eshop\/produkt\/huum-ovalne-saunove-kameny-velikosti-3-5-cm-15-kg\/#breadcrumb","itemListElement":[{"@type":"ListItem","position":1,"name":"Obchod","item":"https:\/\/anderskafka.cz\/eshop\/obchod\/"},{"@type":"ListItem","position":2,"name":"HUUM luxusn\u00ed ov\u00e1ln\u00e9 saunov\u00e9 kameny velikosti 3\u20135 cm, 15 kg"}]}]}},"locations":[{"id":1492,"name":"HUUM sklad","slug":"huum-sklad","quantity":"0"},{"id":1491,"name":"Sklad AndersKafka","slug":"sklad-anderskafka","quantity":"0"}],"_links":{"self":[{"href":"https:\/\/anderskafka.cz\/eshop\/wp-json\/wp\/v2\/product\/4252"}],"collection":[{"href":"https:\/\/anderskafka.cz\/eshop\/wp-json\/wp\/v2\/product"}],"about":[{"href":"https:\/\/anderskafka.cz\/eshop\/wp-json\/wp\/v2\/types\/product"}],"replies":[{"embeddable":true,"href":"https:\/\/anderskafka.cz\/eshop\/wp-json\/wp\/v2\/comments?post=4252"}],"wp:featuredmedia":[{"embeddable":true,"href":"https:\/\/anderskafka.cz\/eshop\/wp-json\/wp\/v2\/media\/4253"}],"wp:attachment":[{"href":"https:\/\/anderskafka.cz\/eshop\/wp-json\/wp\/v2\/media?parent=4252"}],"wp:term":[{"taxonomy":"location","embeddable":true,"href":"https:\/\/anderskafka.cz\/eshop\/wp-json\/wp\/v2\/location?post=4252"},{"taxonomy":"product_cat","embeddable":true,"href":"https:\/\/anderskafka.cz\/eshop\/wp-json\/wp\/v2\/product_cat?post=4252"},{"taxonomy":"product_tag","embeddable":true,"href":"https:\/\/anderskafka.cz\/eshop\/wp-json\/wp\/v2\/product_tag?post=4252"}],"curies":[{"name":"wp","href":"https:\/\/api.w.org\/{rel}","templated":true}]}}