{"id":4258,"date":"2023-10-03T14:10:09","date_gmt":"2023-10-03T12:10:09","guid":{"rendered":"https:\/\/anderskafka.cz\/eshop\/?post_type=product&#038;p=4258"},"modified":"2026-04-28T11:18:56","modified_gmt":"2026-04-28T09:18:56","slug":"huum-drop-45kw-6kw-a-9kw-elegantni-saunove-elektricke-topidlo","status":"publish","type":"product","link":"https:\/\/anderskafka.cz\/eshop\/produkt\/huum-drop-45kw-6kw-a-9kw-elegantni-saunove-elektricke-topidlo\/","title":{"rendered":"HUUM DROP 4\/6\/7\/9 \u2013 elegantn\u00ed saunov\u00e9 elektrick\u00e9 topidlo, mont\u00e1\u017e na st\u011bnu"},"content":{"rendered":"<p style=\"font-weight: 400\">Jedine\u010dn\u00fd design.<br \/>\nPol\u00e9v\u00e1n\u00edm saunov\u00fdch kamen\u016f topidlo produkuje jemnou a dlouhotrvaj\u00edc\u00ed p\u00e1ru.<br \/>\nOvl\u00e1d\u00e1n\u00ed pomoc\u00ed mobiln\u00ed aplikace nebo extern\u00edho ovlada\u010de nen\u00ed sou\u010d\u00e1st\u00ed balen\u00ed.<br \/>\nZ\u00e1ruka 5 let.<br \/>\n<span class=\"y2iqfc\">Rychl\u00e1 a snadn\u00e1 mont\u00e1\u017e.<br \/>\n<\/span>Ur\u010deno pro mont\u00e1\u017e na st\u011bnu.<br \/>\n<span style=\"font-size: 16px\">Topidlo pojme 55 kg saunov\u00fdch kamen\u016f, kter\u00e9 nejsou sou\u010d\u00e1st\u00ed balen\u00ed. Doporu\u010dujeme ov\u00e1ln\u00e9 HUUM saunov\u00e9 kameny o rozm\u011brech 5-10 cm.<\/span><\/p>\n<p>K topidlu je mo\u017enost dokoupen\u00ed stylov\u00e9ho d\u0159ev\u011bn\u00e9ho ochrann\u00e9ho z\u00e1bradl\u00ed ze sv\u011btl\u00e9ho d\u0159eva, kter\u00e9 zjemn\u00ed celkov\u00e9 linie topidla, nebo nerezov\u00fd lem pro \u010d\u00e1ste\u010dn\u00e9 zapu\u0161t\u011bn\u00ed topidla do lavice, kter\u00fd zaru\u010d\u00ed dokonal\u00e9 zakon\u010den\u00ed d\u0159ev\u011bn\u00fdch prvk\u016f.<\/p>\n","protected":false},"excerpt":{"rendered":"<p style=\"font-weight: 400;text-align: left\">Elektrick\u00e9 saunov\u00e9 topidlo DROP je inspirov\u00e1no nej\u010dist\u0161\u00edm \u017eivlem p\u0159\u00edrody \u2013 kapkou vody. Elegantn\u00ed a zaoblen\u00fd design dod\u00e1v\u00e1 ka\u017ed\u00e9mu interi\u00e9ru sauny punc elegance. V roce 2015 bylo topidlo DROP ocen\u011bno presti\u017en\u00ed cenou za design Red Dot. Krom\u011b estetick\u00e9ho vzhledu se topidlo DROP m\u016f\u017ee pochlubit n\u011bkolika vynikaj\u00edc\u00edmi vlastnostmi. Navzdory sv\u00e9 kompaktn\u00ed velikosti pojme a\u017e 55 kg kamen\u016f, co\u017e je v\u00edce ne\u017e umo\u017e\u0148uj\u00ed obdobn\u00e1 topidla. Poskytuje jemnou a dlouhotrvaj\u00edc\u00ed p\u00e1ru a je dod\u00e1v\u00e1n s odoln\u00fdmi a precizn\u011b vyroben\u00fdmi detaily z nerezov\u00e9 oceli. Saunov\u00e9 topidlo DROP se sv\u00fdmi p\u016fsobiv\u00fdmi vlastnostmi a vynikaj\u00edc\u00edm vzhledem mus\u00ed m\u00edt ka\u017ed\u00fd saunov\u00fd nad\u0161enec.<\/p>\n<p style=\"font-weight: 400;text-align: left\">Topidlo je ur\u010deno pro extern\u00ed \u0159\u00eddic\u00ed jednotku. K topidlu je mo\u017enost dokoupen\u00ed stylov\u00e9ho d\u0159ev\u011bn\u00e9ho ochrann\u00e9ho z\u00e1bradl\u00ed ze sv\u011btl\u00e9ho d\u0159eva, kter\u00e9 zjemn\u00ed celkov\u00e9 linie topidla, nebo nerezovou p\u0159\u00edrubu pro \u010d\u00e1ste\u010dn\u00e9 zapu\u0161t\u011bn\u00ed topidla do lavice, kter\u00e1 zaru\u010d\u00ed dokonal\u00fd v\u00fdsledek. Na topidlo je poskytov\u00e1na nadstandardn\u00ed p\u011btilet\u00e1 z\u00e1ruka.<\/p>\n<p>Saunov\u00e9 produkty spole\u010dnosti HUUM inspirovan\u00e1 p\u0159\u00edrodou kombinuj\u00ed starod\u00e1vn\u00e9 estonsk\u00e9 saunov\u00e9 d\u011bdictv\u00ed, m\u00edrnou p\u00e1ru a modern\u00ed technologii.<\/p>\n<p><img loading=\"lazy\" class=\"alignnone size-full wp-image-4250\" src=\"https:\/\/anderskafka.cz\/eshop\/wp-content\/uploads\/sites\/3\/2023\/10\/Unknown-2.png\" alt=\"\" width=\"225\" height=\"225\" srcset=\"https:\/\/anderskafka.cz\/eshop\/wp-content\/uploads\/sites\/3\/2023\/10\/Unknown-2.png 225w, https:\/\/anderskafka.cz\/eshop\/wp-content\/uploads\/sites\/3\/2023\/10\/Unknown-2-150x150.png 150w, https:\/\/anderskafka.cz\/eshop\/wp-content\/uploads\/sites\/3\/2023\/10\/Unknown-2-100x100.png 100w, https:\/\/anderskafka.cz\/eshop\/wp-content\/uploads\/sites\/3\/2023\/10\/Unknown-2-64x64.png 64w\" sizes=\"(max-width: 225px) 100vw, 225px\" \/> <img loading=\"lazy\" class=\"alignnone size-medium wp-image-4262\" src=\"https:\/\/anderskafka.cz\/eshop\/wp-content\/uploads\/sites\/3\/2023\/10\/csm_2015_PD_HM_4c3630e5cb-300x216.png\" alt=\"\" width=\"300\" height=\"216\" srcset=\"https:\/\/anderskafka.cz\/eshop\/wp-content\/uploads\/sites\/3\/2023\/10\/csm_2015_PD_HM_4c3630e5cb-300x216.png 300w, https:\/\/anderskafka.cz\/eshop\/wp-content\/uploads\/sites\/3\/2023\/10\/csm_2015_PD_HM_4c3630e5cb-64x46.png 64w, https:\/\/anderskafka.cz\/eshop\/wp-content\/uploads\/sites\/3\/2023\/10\/csm_2015_PD_HM_4c3630e5cb.png 500w\" sizes=\"(max-width: 300px) 100vw, 300px\" \/><\/p>\n<div>\n<table width=\"452\">\n<tbody>\n<tr>\n<td width=\"218\">v\u00fdkon topidla (KW)<\/td>\n<td width=\"234\">velikost sauny (m<sup>3<\/sup>)<\/td>\n<\/tr>\n<tr>\n<td width=\"218\">4,5<\/td>\n<td>3-7<\/td>\n<\/tr>\n<tr>\n<td width=\"218\">6<\/td>\n<td>5-9<\/td>\n<\/tr>\n<tr>\n<td width=\"218\">7<\/td>\n<td>7-11<\/td>\n<\/tr>\n<tr>\n<td width=\"218\">9<\/td>\n<td>8-13<\/td>\n<\/tr>\n<\/tbody>\n<\/table>\n<\/div>\n","protected":false},"featured_media":4479,"comment_status":"open","ping_status":"closed","template":"","meta":{"site-sidebar-layout":"default","site-content-layout":"default","ast-main-header-display":"","ast-hfb-above-header-display":"","ast-hfb-below-header-display":"","ast-hfb-mobile-header-display":"","site-post-title":"","ast-breadcrumbs-content":"","ast-featured-img":"","footer-sml-layout":"","theme-transparent-header-meta":"","adv-header-id-meta":"","stick-header-meta":"","header-above-stick-meta":"","header-main-stick-meta":"","header-below-stick-meta":""},"location":[1492,1491],"product_cat":[540],"product_tag":[1028],"yoast_head":"<!-- This site is optimized with the Yoast SEO plugin v18.5.1 - https:\/\/yoast.com\/wordpress\/plugins\/seo\/ -->\n<title>HUUM DROP 4\/6\/7\/9 \u2013 elegantn\u00ed saunov\u00e9 elektrick\u00e9 topidlo, mont\u00e1\u017e na st\u011bnu - Anders &amp; Kafka E-SHOP<\/title>\n<meta name=\"description\" content=\"Elektrick\u00e9 saunov\u00e9 topidlo DROP je inspirov\u00e1no nej\u010dist\u0161\u00edm \u017eivlem p\u0159\u00edrody \u2013 kapkou vody. Elegantn\u00ed a zaoblen\u00fd design dod\u00e1v\u00e1 ka\u017ed\u00e9mu interi\u00e9ru sauny punc elegance. V roce 2015 bylo topidlo DROP ocen\u011bno presti\u017en\u00ed cenou za design Red Dot. Krom\u011b estetick\u00e9ho vzhledu se topidlo DROP m\u016f\u017ee pochlubit n\u011bkolika vynikaj\u00edc\u00edmi vlastnostmi. Navzdory sv\u00e9 kompaktn\u00ed velikosti pojme a\u017e 55 kg kamen\u016f, co\u017e je v\u00edce ne\u017e umo\u017e\u0148uj\u00ed obdobn\u00e1 topidla. Poskytuje jemnou a dlouhotrvaj\u00edc\u00ed p\u00e1ru a je dod\u00e1v\u00e1n s odoln\u00fdmi a precizn\u011b vyroben\u00fdmi detaily z nerezov\u00e9 oceli. Saunov\u00e9 topidlo DROP se sv\u00fdmi p\u016fsobiv\u00fdmi vlastnostmi a vynikaj\u00edc\u00edm vzhledem mus\u00ed m\u00edt ka\u017ed\u00fd saunov\u00fd nad\u0161enec. Topidlo je ur\u010deno pro extern\u00ed \u0159\u00eddic\u00ed jednotku. K topidlu je mo\u017enost dokoupen\u00ed stylov\u00e9ho d\u0159ev\u011bn\u00e9ho ochrann\u00e9ho z\u00e1bradl\u00ed ze sv\u011btl\u00e9ho d\u0159eva, kter\u00e9 zjemn\u00ed celkov\u00e9 linie topidla, nebo nerezovou p\u0159\u00edrubu pro \u010d\u00e1ste\u010dn\u00e9 zapu\u0161t\u011bn\u00ed topidla do lavice, kter\u00e1 zaru\u010d\u00ed dokonal\u00fd v\u00fdsledek. Na topidlo je poskytov\u00e1na nadstandardn\u00ed p\u011btilet\u00e1 z\u00e1ruka. Saunov\u00e9 produkty spole\u010dnosti HUUM inspirovan\u00e1 p\u0159\u00edrodou kombinuj\u00ed starod\u00e1vn\u00e9 estonsk\u00e9 saunov\u00e9 d\u011bdictv\u00ed, m\u00edrnou p\u00e1ru a modern\u00ed technologii.        v\u00fdkon topidla (KW) velikost sauny (m3)   4,5 3-7   6 5-9   7 7-11   9 8-13\" \/>\n<meta name=\"robots\" content=\"index, follow, max-snippet:-1, max-image-preview:large, max-video-preview:-1\" \/>\n<link rel=\"canonical\" href=\"https:\/\/anderskafka.cz\/eshop\/produkt\/huum-drop-45kw-6kw-a-9kw-elegantni-saunove-elektricke-topidlo\/\" \/>\n<meta property=\"og:locale\" content=\"cs_CZ\" \/>\n<meta property=\"og:type\" content=\"article\" \/>\n<meta property=\"og:title\" content=\"HUUM DROP 4\/6\/7\/9 \u2013 elegantn\u00ed saunov\u00e9 elektrick\u00e9 topidlo, mont\u00e1\u017e na st\u011bnu - Anders &amp; Kafka E-SHOP\" \/>\n<meta property=\"og:description\" content=\"Elektrick\u00e9 saunov\u00e9 topidlo DROP je inspirov\u00e1no nej\u010dist\u0161\u00edm \u017eivlem p\u0159\u00edrody \u2013 kapkou vody. Elegantn\u00ed a zaoblen\u00fd design dod\u00e1v\u00e1 ka\u017ed\u00e9mu interi\u00e9ru sauny punc elegance. V roce 2015 bylo topidlo DROP ocen\u011bno presti\u017en\u00ed cenou za design Red Dot. Krom\u011b estetick\u00e9ho vzhledu se topidlo DROP m\u016f\u017ee pochlubit n\u011bkolika vynikaj\u00edc\u00edmi vlastnostmi. Navzdory sv\u00e9 kompaktn\u00ed velikosti pojme a\u017e 55 kg kamen\u016f, co\u017e je v\u00edce ne\u017e umo\u017e\u0148uj\u00ed obdobn\u00e1 topidla. Poskytuje jemnou a dlouhotrvaj\u00edc\u00ed p\u00e1ru a je dod\u00e1v\u00e1n s odoln\u00fdmi a precizn\u011b vyroben\u00fdmi detaily z nerezov\u00e9 oceli. Saunov\u00e9 topidlo DROP se sv\u00fdmi p\u016fsobiv\u00fdmi vlastnostmi a vynikaj\u00edc\u00edm vzhledem mus\u00ed m\u00edt ka\u017ed\u00fd saunov\u00fd nad\u0161enec. Topidlo je ur\u010deno pro extern\u00ed \u0159\u00eddic\u00ed jednotku. K topidlu je mo\u017enost dokoupen\u00ed stylov\u00e9ho d\u0159ev\u011bn\u00e9ho ochrann\u00e9ho z\u00e1bradl\u00ed ze sv\u011btl\u00e9ho d\u0159eva, kter\u00e9 zjemn\u00ed celkov\u00e9 linie topidla, nebo nerezovou p\u0159\u00edrubu pro \u010d\u00e1ste\u010dn\u00e9 zapu\u0161t\u011bn\u00ed topidla do lavice, kter\u00e1 zaru\u010d\u00ed dokonal\u00fd v\u00fdsledek. Na topidlo je poskytov\u00e1na nadstandardn\u00ed p\u011btilet\u00e1 z\u00e1ruka. Saunov\u00e9 produkty spole\u010dnosti HUUM inspirovan\u00e1 p\u0159\u00edrodou kombinuj\u00ed starod\u00e1vn\u00e9 estonsk\u00e9 saunov\u00e9 d\u011bdictv\u00ed, m\u00edrnou p\u00e1ru a modern\u00ed technologii.        v\u00fdkon topidla (KW) velikost sauny (m3)   4,5 3-7   6 5-9   7 7-11   9 8-13\" \/>\n<meta property=\"og:url\" content=\"https:\/\/anderskafka.cz\/eshop\/produkt\/huum-drop-45kw-6kw-a-9kw-elegantni-saunove-elektricke-topidlo\/\" \/>\n<meta property=\"og:site_name\" content=\"Anders &amp; Kafka E-SHOP\" \/>\n<meta property=\"article:modified_time\" content=\"2026-04-28T09:18:56+00:00\" \/>\n<meta property=\"og:image\" content=\"https:\/\/anderskafka.cz\/eshop\/wp-content\/uploads\/sites\/3\/2023\/10\/DROP-zk.jpg\" \/>\n\t<meta property=\"og:image:width\" content=\"337\" \/>\n\t<meta property=\"og:image:height\" content=\"600\" \/>\n\t<meta property=\"og:image:type\" content=\"image\/jpeg\" \/>\n<meta name=\"twitter:card\" content=\"summary_large_image\" \/>\n<meta name=\"twitter:label1\" content=\"Odhadovan\u00e1 doba \u010dten\u00ed\" \/>\n\t<meta name=\"twitter:data1\" content=\"1 minuta\" \/>\n<script type=\"application\/ld+json\" class=\"yoast-schema-graph\">{\"@context\":\"https:\/\/schema.org\",\"@graph\":[{\"@type\":\"WebSite\",\"@id\":\"https:\/\/anderskafka.cz\/eshop\/#website\",\"url\":\"https:\/\/anderskafka.cz\/eshop\/\",\"name\":\"Anders &amp; Kafka E-SHOP\",\"description\":\"Anders &amp; Kafka E-SHOP\",\"potentialAction\":[{\"@type\":\"SearchAction\",\"target\":{\"@type\":\"EntryPoint\",\"urlTemplate\":\"https:\/\/anderskafka.cz\/eshop\/?s={search_term_string}\"},\"query-input\":\"required name=search_term_string\"}],\"inLanguage\":\"cs\"},{\"@type\":\"ImageObject\",\"@id\":\"https:\/\/anderskafka.cz\/eshop\/produkt\/huum-drop-45kw-6kw-a-9kw-elegantni-saunove-elektricke-topidlo\/#primaryimage\",\"inLanguage\":\"cs\",\"url\":\"https:\/\/anderskafka.cz\/eshop\/wp-content\/uploads\/sites\/3\/2023\/10\/DROP-zk.jpg\",\"contentUrl\":\"https:\/\/anderskafka.cz\/eshop\/wp-content\/uploads\/sites\/3\/2023\/10\/DROP-zk.jpg\",\"width\":337,\"height\":600},{\"@type\":\"WebPage\",\"@id\":\"https:\/\/anderskafka.cz\/eshop\/produkt\/huum-drop-45kw-6kw-a-9kw-elegantni-saunove-elektricke-topidlo\/#webpage\",\"url\":\"https:\/\/anderskafka.cz\/eshop\/produkt\/huum-drop-45kw-6kw-a-9kw-elegantni-saunove-elektricke-topidlo\/\",\"name\":\"HUUM DROP 4\/6\/7\/9 \u2013 elegantn\u00ed saunov\u00e9 elektrick\u00e9 topidlo, mont\u00e1\u017e na st\u011bnu - Anders &amp; Kafka E-SHOP\",\"isPartOf\":{\"@id\":\"https:\/\/anderskafka.cz\/eshop\/#website\"},\"primaryImageOfPage\":{\"@id\":\"https:\/\/anderskafka.cz\/eshop\/produkt\/huum-drop-45kw-6kw-a-9kw-elegantni-saunove-elektricke-topidlo\/#primaryimage\"},\"datePublished\":\"2023-10-03T12:10:09+00:00\",\"dateModified\":\"2026-04-28T09:18:56+00:00\",\"description\":\"Elektrick\u00e9 saunov\u00e9 topidlo DROP je inspirov\u00e1no nej\u010dist\u0161\u00edm \u017eivlem p\u0159\u00edrody \u2013 kapkou vody. Elegantn\u00ed a zaoblen\u00fd design dod\u00e1v\u00e1 ka\u017ed\u00e9mu interi\u00e9ru sauny punc elegance. V roce 2015 bylo topidlo DROP ocen\u011bno presti\u017en\u00ed cenou za design Red Dot. Krom\u011b estetick\u00e9ho vzhledu se topidlo DROP m\u016f\u017ee pochlubit n\u011bkolika vynikaj\u00edc\u00edmi vlastnostmi. Navzdory sv\u00e9 kompaktn\u00ed velikosti pojme a\u017e 55 kg kamen\u016f, co\u017e je v\u00edce ne\u017e umo\u017e\u0148uj\u00ed obdobn\u00e1 topidla. Poskytuje jemnou a dlouhotrvaj\u00edc\u00ed p\u00e1ru a je dod\u00e1v\u00e1n s odoln\u00fdmi a precizn\u011b vyroben\u00fdmi detaily z nerezov\u00e9 oceli. Saunov\u00e9 topidlo DROP se sv\u00fdmi p\u016fsobiv\u00fdmi vlastnostmi a vynikaj\u00edc\u00edm vzhledem mus\u00ed m\u00edt ka\u017ed\u00fd saunov\u00fd nad\u0161enec. Topidlo je ur\u010deno pro extern\u00ed \u0159\u00eddic\u00ed jednotku. K topidlu je mo\u017enost dokoupen\u00ed stylov\u00e9ho d\u0159ev\u011bn\u00e9ho ochrann\u00e9ho z\u00e1bradl\u00ed ze sv\u011btl\u00e9ho d\u0159eva, kter\u00e9 zjemn\u00ed celkov\u00e9 linie topidla, nebo nerezovou p\u0159\u00edrubu pro \u010d\u00e1ste\u010dn\u00e9 zapu\u0161t\u011bn\u00ed topidla do lavice, kter\u00e1 zaru\u010d\u00ed dokonal\u00fd v\u00fdsledek. Na topidlo je poskytov\u00e1na nadstandardn\u00ed p\u011btilet\u00e1 z\u00e1ruka. Saunov\u00e9 produkty spole\u010dnosti HUUM inspirovan\u00e1 p\u0159\u00edrodou kombinuj\u00ed starod\u00e1vn\u00e9 estonsk\u00e9 saunov\u00e9 d\u011bdictv\u00ed, m\u00edrnou p\u00e1ru a modern\u00ed technologii. v\u00fdkon topidla (KW) velikost sauny (m3) 4,5 3-7 6 5-9 7 7-11 9 8-13\",\"breadcrumb\":{\"@id\":\"https:\/\/anderskafka.cz\/eshop\/produkt\/huum-drop-45kw-6kw-a-9kw-elegantni-saunove-elektricke-topidlo\/#breadcrumb\"},\"inLanguage\":\"cs\",\"potentialAction\":[{\"@type\":\"ReadAction\",\"target\":[\"https:\/\/anderskafka.cz\/eshop\/produkt\/huum-drop-45kw-6kw-a-9kw-elegantni-saunove-elektricke-topidlo\/\"]}]},{\"@type\":\"BreadcrumbList\",\"@id\":\"https:\/\/anderskafka.cz\/eshop\/produkt\/huum-drop-45kw-6kw-a-9kw-elegantni-saunove-elektricke-topidlo\/#breadcrumb\",\"itemListElement\":[{\"@type\":\"ListItem\",\"position\":1,\"name\":\"Obchod\",\"item\":\"https:\/\/anderskafka.cz\/eshop\/obchod\/\"},{\"@type\":\"ListItem\",\"position\":2,\"name\":\"HUUM DROP 4\/6\/7\/9 \u2013 elegantn\u00ed saunov\u00e9 elektrick\u00e9 topidlo, mont\u00e1\u017e na st\u011bnu\"}]}]}<\/script>\n<!-- \/ Yoast SEO plugin. -->","yoast_head_json":{"title":"HUUM DROP 4\/6\/7\/9 \u2013 elegantn\u00ed saunov\u00e9 elektrick\u00e9 topidlo, mont\u00e1\u017e na st\u011bnu - Anders &amp; Kafka E-SHOP","description":"Elektrick\u00e9 saunov\u00e9 topidlo DROP je inspirov\u00e1no nej\u010dist\u0161\u00edm \u017eivlem p\u0159\u00edrody \u2013 kapkou vody. Elegantn\u00ed a zaoblen\u00fd design dod\u00e1v\u00e1 ka\u017ed\u00e9mu interi\u00e9ru sauny punc elegance. V roce 2015 bylo topidlo DROP ocen\u011bno presti\u017en\u00ed cenou za design Red Dot. Krom\u011b estetick\u00e9ho vzhledu se topidlo DROP m\u016f\u017ee pochlubit n\u011bkolika vynikaj\u00edc\u00edmi vlastnostmi. Navzdory sv\u00e9 kompaktn\u00ed velikosti pojme a\u017e 55 kg kamen\u016f, co\u017e je v\u00edce ne\u017e umo\u017e\u0148uj\u00ed obdobn\u00e1 topidla. Poskytuje jemnou a dlouhotrvaj\u00edc\u00ed p\u00e1ru a je dod\u00e1v\u00e1n s odoln\u00fdmi a precizn\u011b vyroben\u00fdmi detaily z nerezov\u00e9 oceli. Saunov\u00e9 topidlo DROP se sv\u00fdmi p\u016fsobiv\u00fdmi vlastnostmi a vynikaj\u00edc\u00edm vzhledem mus\u00ed m\u00edt ka\u017ed\u00fd saunov\u00fd nad\u0161enec. Topidlo je ur\u010deno pro extern\u00ed \u0159\u00eddic\u00ed jednotku. K topidlu je mo\u017enost dokoupen\u00ed stylov\u00e9ho d\u0159ev\u011bn\u00e9ho ochrann\u00e9ho z\u00e1bradl\u00ed ze sv\u011btl\u00e9ho d\u0159eva, kter\u00e9 zjemn\u00ed celkov\u00e9 linie topidla, nebo nerezovou p\u0159\u00edrubu pro \u010d\u00e1ste\u010dn\u00e9 zapu\u0161t\u011bn\u00ed topidla do lavice, kter\u00e1 zaru\u010d\u00ed dokonal\u00fd v\u00fdsledek. Na topidlo je poskytov\u00e1na nadstandardn\u00ed p\u011btilet\u00e1 z\u00e1ruka. Saunov\u00e9 produkty spole\u010dnosti HUUM inspirovan\u00e1 p\u0159\u00edrodou kombinuj\u00ed starod\u00e1vn\u00e9 estonsk\u00e9 saunov\u00e9 d\u011bdictv\u00ed, m\u00edrnou p\u00e1ru a modern\u00ed technologii.        v\u00fdkon topidla (KW) velikost sauny (m3)   4,5 3-7   6 5-9   7 7-11   9 8-13","robots":{"index":"index","follow":"follow","max-snippet":"max-snippet:-1","max-image-preview":"max-image-preview:large","max-video-preview":"max-video-preview:-1"},"canonical":"https:\/\/anderskafka.cz\/eshop\/produkt\/huum-drop-45kw-6kw-a-9kw-elegantni-saunove-elektricke-topidlo\/","og_locale":"cs_CZ","og_type":"article","og_title":"HUUM DROP 4\/6\/7\/9 \u2013 elegantn\u00ed saunov\u00e9 elektrick\u00e9 topidlo, mont\u00e1\u017e na st\u011bnu - Anders &amp; Kafka E-SHOP","og_description":"Elektrick\u00e9 saunov\u00e9 topidlo DROP je inspirov\u00e1no nej\u010dist\u0161\u00edm \u017eivlem p\u0159\u00edrody \u2013 kapkou vody. Elegantn\u00ed a zaoblen\u00fd design dod\u00e1v\u00e1 ka\u017ed\u00e9mu interi\u00e9ru sauny punc elegance. V roce 2015 bylo topidlo DROP ocen\u011bno presti\u017en\u00ed cenou za design Red Dot. Krom\u011b estetick\u00e9ho vzhledu se topidlo DROP m\u016f\u017ee pochlubit n\u011bkolika vynikaj\u00edc\u00edmi vlastnostmi. Navzdory sv\u00e9 kompaktn\u00ed velikosti pojme a\u017e 55 kg kamen\u016f, co\u017e je v\u00edce ne\u017e umo\u017e\u0148uj\u00ed obdobn\u00e1 topidla. Poskytuje jemnou a dlouhotrvaj\u00edc\u00ed p\u00e1ru a je dod\u00e1v\u00e1n s odoln\u00fdmi a precizn\u011b vyroben\u00fdmi detaily z nerezov\u00e9 oceli. Saunov\u00e9 topidlo DROP se sv\u00fdmi p\u016fsobiv\u00fdmi vlastnostmi a vynikaj\u00edc\u00edm vzhledem mus\u00ed m\u00edt ka\u017ed\u00fd saunov\u00fd nad\u0161enec. Topidlo je ur\u010deno pro extern\u00ed \u0159\u00eddic\u00ed jednotku. K topidlu je mo\u017enost dokoupen\u00ed stylov\u00e9ho d\u0159ev\u011bn\u00e9ho ochrann\u00e9ho z\u00e1bradl\u00ed ze sv\u011btl\u00e9ho d\u0159eva, kter\u00e9 zjemn\u00ed celkov\u00e9 linie topidla, nebo nerezovou p\u0159\u00edrubu pro \u010d\u00e1ste\u010dn\u00e9 zapu\u0161t\u011bn\u00ed topidla do lavice, kter\u00e1 zaru\u010d\u00ed dokonal\u00fd v\u00fdsledek. Na topidlo je poskytov\u00e1na nadstandardn\u00ed p\u011btilet\u00e1 z\u00e1ruka. Saunov\u00e9 produkty spole\u010dnosti HUUM inspirovan\u00e1 p\u0159\u00edrodou kombinuj\u00ed starod\u00e1vn\u00e9 estonsk\u00e9 saunov\u00e9 d\u011bdictv\u00ed, m\u00edrnou p\u00e1ru a modern\u00ed technologii.        v\u00fdkon topidla (KW) velikost sauny (m3)   4,5 3-7   6 5-9   7 7-11   9 8-13","og_url":"https:\/\/anderskafka.cz\/eshop\/produkt\/huum-drop-45kw-6kw-a-9kw-elegantni-saunove-elektricke-topidlo\/","og_site_name":"Anders &amp; Kafka E-SHOP","article_modified_time":"2026-04-28T09:18:56+00:00","og_image":[{"width":337,"height":600,"url":"https:\/\/anderskafka.cz\/eshop\/wp-content\/uploads\/sites\/3\/2023\/10\/DROP-zk.jpg","type":"image\/jpeg"}],"twitter_card":"summary_large_image","twitter_misc":{"Odhadovan\u00e1 doba \u010dten\u00ed":"1 minuta"},"schema":{"@context":"https:\/\/schema.org","@graph":[{"@type":"WebSite","@id":"https:\/\/anderskafka.cz\/eshop\/#website","url":"https:\/\/anderskafka.cz\/eshop\/","name":"Anders &amp; Kafka E-SHOP","description":"Anders &amp; Kafka E-SHOP","potentialAction":[{"@type":"SearchAction","target":{"@type":"EntryPoint","urlTemplate":"https:\/\/anderskafka.cz\/eshop\/?s={search_term_string}"},"query-input":"required name=search_term_string"}],"inLanguage":"cs"},{"@type":"ImageObject","@id":"https:\/\/anderskafka.cz\/eshop\/produkt\/huum-drop-45kw-6kw-a-9kw-elegantni-saunove-elektricke-topidlo\/#primaryimage","inLanguage":"cs","url":"https:\/\/anderskafka.cz\/eshop\/wp-content\/uploads\/sites\/3\/2023\/10\/DROP-zk.jpg","contentUrl":"https:\/\/anderskafka.cz\/eshop\/wp-content\/uploads\/sites\/3\/2023\/10\/DROP-zk.jpg","width":337,"height":600},{"@type":"WebPage","@id":"https:\/\/anderskafka.cz\/eshop\/produkt\/huum-drop-45kw-6kw-a-9kw-elegantni-saunove-elektricke-topidlo\/#webpage","url":"https:\/\/anderskafka.cz\/eshop\/produkt\/huum-drop-45kw-6kw-a-9kw-elegantni-saunove-elektricke-topidlo\/","name":"HUUM DROP 4\/6\/7\/9 \u2013 elegantn\u00ed saunov\u00e9 elektrick\u00e9 topidlo, mont\u00e1\u017e na st\u011bnu - Anders &amp; Kafka E-SHOP","isPartOf":{"@id":"https:\/\/anderskafka.cz\/eshop\/#website"},"primaryImageOfPage":{"@id":"https:\/\/anderskafka.cz\/eshop\/produkt\/huum-drop-45kw-6kw-a-9kw-elegantni-saunove-elektricke-topidlo\/#primaryimage"},"datePublished":"2023-10-03T12:10:09+00:00","dateModified":"2026-04-28T09:18:56+00:00","description":"Elektrick\u00e9 saunov\u00e9 topidlo DROP je inspirov\u00e1no nej\u010dist\u0161\u00edm \u017eivlem p\u0159\u00edrody \u2013 kapkou vody. Elegantn\u00ed a zaoblen\u00fd design dod\u00e1v\u00e1 ka\u017ed\u00e9mu interi\u00e9ru sauny punc elegance. V roce 2015 bylo topidlo DROP ocen\u011bno presti\u017en\u00ed cenou za design Red Dot. Krom\u011b estetick\u00e9ho vzhledu se topidlo DROP m\u016f\u017ee pochlubit n\u011bkolika vynikaj\u00edc\u00edmi vlastnostmi. Navzdory sv\u00e9 kompaktn\u00ed velikosti pojme a\u017e 55 kg kamen\u016f, co\u017e je v\u00edce ne\u017e umo\u017e\u0148uj\u00ed obdobn\u00e1 topidla. Poskytuje jemnou a dlouhotrvaj\u00edc\u00ed p\u00e1ru a je dod\u00e1v\u00e1n s odoln\u00fdmi a precizn\u011b vyroben\u00fdmi detaily z nerezov\u00e9 oceli. Saunov\u00e9 topidlo DROP se sv\u00fdmi p\u016fsobiv\u00fdmi vlastnostmi a vynikaj\u00edc\u00edm vzhledem mus\u00ed m\u00edt ka\u017ed\u00fd saunov\u00fd nad\u0161enec. Topidlo je ur\u010deno pro extern\u00ed \u0159\u00eddic\u00ed jednotku. K topidlu je mo\u017enost dokoupen\u00ed stylov\u00e9ho d\u0159ev\u011bn\u00e9ho ochrann\u00e9ho z\u00e1bradl\u00ed ze sv\u011btl\u00e9ho d\u0159eva, kter\u00e9 zjemn\u00ed celkov\u00e9 linie topidla, nebo nerezovou p\u0159\u00edrubu pro \u010d\u00e1ste\u010dn\u00e9 zapu\u0161t\u011bn\u00ed topidla do lavice, kter\u00e1 zaru\u010d\u00ed dokonal\u00fd v\u00fdsledek. Na topidlo je poskytov\u00e1na nadstandardn\u00ed p\u011btilet\u00e1 z\u00e1ruka. Saunov\u00e9 produkty spole\u010dnosti HUUM inspirovan\u00e1 p\u0159\u00edrodou kombinuj\u00ed starod\u00e1vn\u00e9 estonsk\u00e9 saunov\u00e9 d\u011bdictv\u00ed, m\u00edrnou p\u00e1ru a modern\u00ed technologii. v\u00fdkon topidla (KW) velikost sauny (m3) 4,5 3-7 6 5-9 7 7-11 9 8-13","breadcrumb":{"@id":"https:\/\/anderskafka.cz\/eshop\/produkt\/huum-drop-45kw-6kw-a-9kw-elegantni-saunove-elektricke-topidlo\/#breadcrumb"},"inLanguage":"cs","potentialAction":[{"@type":"ReadAction","target":["https:\/\/anderskafka.cz\/eshop\/produkt\/huum-drop-45kw-6kw-a-9kw-elegantni-saunove-elektricke-topidlo\/"]}]},{"@type":"BreadcrumbList","@id":"https:\/\/anderskafka.cz\/eshop\/produkt\/huum-drop-45kw-6kw-a-9kw-elegantni-saunove-elektricke-topidlo\/#breadcrumb","itemListElement":[{"@type":"ListItem","position":1,"name":"Obchod","item":"https:\/\/anderskafka.cz\/eshop\/obchod\/"},{"@type":"ListItem","position":2,"name":"HUUM DROP 4\/6\/7\/9 \u2013 elegantn\u00ed saunov\u00e9 elektrick\u00e9 topidlo, mont\u00e1\u017e na st\u011bnu"}]}]}},"locations":[{"id":1492,"name":"HUUM sklad","slug":"huum-sklad","quantity":""},{"id":1491,"name":"Sklad AndersKafka","slug":"sklad-anderskafka","quantity":""}],"_links":{"self":[{"href":"https:\/\/anderskafka.cz\/eshop\/wp-json\/wp\/v2\/product\/4258"}],"collection":[{"href":"https:\/\/anderskafka.cz\/eshop\/wp-json\/wp\/v2\/product"}],"about":[{"href":"https:\/\/anderskafka.cz\/eshop\/wp-json\/wp\/v2\/types\/product"}],"replies":[{"embeddable":true,"href":"https:\/\/anderskafka.cz\/eshop\/wp-json\/wp\/v2\/comments?post=4258"}],"wp:featuredmedia":[{"embeddable":true,"href":"https:\/\/anderskafka.cz\/eshop\/wp-json\/wp\/v2\/media\/4479"}],"wp:attachment":[{"href":"https:\/\/anderskafka.cz\/eshop\/wp-json\/wp\/v2\/media?parent=4258"}],"wp:term":[{"taxonomy":"location","embeddable":true,"href":"https:\/\/anderskafka.cz\/eshop\/wp-json\/wp\/v2\/location?post=4258"},{"taxonomy":"product_cat","embeddable":true,"href":"https:\/\/anderskafka.cz\/eshop\/wp-json\/wp\/v2\/product_cat?post=4258"},{"taxonomy":"product_tag","embeddable":true,"href":"https:\/\/anderskafka.cz\/eshop\/wp-json\/wp\/v2\/product_tag?post=4258"}],"curies":[{"name":"wp","href":"https:\/\/api.w.org\/{rel}","templated":true}]}}