{"id":4372,"date":"2023-10-19T18:19:56","date_gmt":"2023-10-19T16:19:56","guid":{"rendered":"https:\/\/anderskafka.cz\/eshop\/?post_type=product&#038;p=4372"},"modified":"2026-03-12T12:02:36","modified_gmt":"2026-03-12T11:02:36","slug":"huum-steel-6kw-9kw-a-105kw-elegantni-saunove-elektricke-topidlo-hranateho-tvaru-montaz-na-podlahu","status":"publish","type":"product","link":"https:\/\/anderskafka.cz\/eshop\/produkt\/huum-steel-6kw-9kw-a-105kw-elegantni-saunove-elektricke-topidlo-hranateho-tvaru-montaz-na-podlahu\/","title":{"rendered":"HUUM STEEL \u2013 6\/9\/10,5 KW \u2013 elegantn\u00ed saunov\u00e9 elektrick\u00e9 topidlo hranat\u00e9ho tvaru, mont\u00e1\u017e na podlahu"},"content":{"rendered":"<p style=\"font-weight: 400\">Jedine\u010dn\u00fd design.<br \/>\nPol\u00e9v\u00e1n\u00edm saunov\u00fdch kamen\u016f topidlo produkuje jemnou a dlouhotrvaj\u00edc\u00ed p\u00e1ru.<br \/>\nOvl\u00e1d\u00e1n\u00ed pomoc\u00ed mobiln\u00ed aplikace nebo extern\u00edho ovlada\u010de nen\u00ed sou\u010d\u00e1st\u00ed balen\u00ed.<br \/>\nZ\u00e1ruka 5 let.<br \/>\n<span class=\"y2iqfc\">Rychl\u00e1 a snadn\u00e1 mont\u00e1\u017e, v\u00fd\u0161kov\u011b nastaviteln\u00e9 pomoc\u00ed <strong>\u0161roubovac\u00edch no\u017ei\u010dek<\/strong>.<br \/>\n<\/span>Ur\u010deno pro mont\u00e1\u017e na podlahu.<br \/>\n<span style=\"font-size: 16px\">Topidlo pojme 150 kg saunov\u00fdch kamen\u016f, kter\u00e9 nejsou sou\u010d\u00e1st\u00ed balen\u00ed. Doporu\u010dujeme ov\u00e1ln\u00e9 HUUM saunov\u00e9 kameny o rozm\u011brech 3-5 cm.<\/span><\/p>\n<p>K topidlu je mo\u017enost dokoupen\u00ed stylov\u00e9ho d\u0159ev\u011bn\u00e9ho ochrann\u00e9ho z\u00e1bradl\u00ed ze sv\u011btl\u00e9ho d\u0159eva, kter\u00e9 zjemn\u00ed celkov\u00e9 linie topidla, nebo nerezov\u00fd lem pro \u010d\u00e1ste\u010dn\u00e9 zapu\u0161t\u011bn\u00ed topidla do lavice, kter\u00fd zaru\u010d\u00ed dokonal\u00e9 zakon\u010den\u00ed d\u0159ev\u011bn\u00fdch prvk\u016f.<\/p>\n","protected":false},"excerpt":{"rendered":"<p style=\"font-weight: 400;text-align: left\">D\u00edky elegantn\u00edmu designu a mal\u00fdm bezpe\u010dnostn\u00edm vzd\u00e1lenostem je toto topidlo ide\u00e1ln\u00ed pro modern\u00ed kompaktn\u00ed sauny a je ur\u010deno pro mont\u00e1\u017e na podlahu. Nenechte se v\u0161ak zm\u00e1st jeho \u0161t\u00edhl\u00fdm tvarem \u2013 vestav\u011bn\u00fd vzduchov\u00fd tunel zaji\u0161\u0165uje efektivn\u00ed proud\u011bn\u00ed vzduchu a rychl\u00e9 zah\u0159\u00e1t\u00ed. Topidlo nav\u00edc pojme velk\u00e9 mno\u017estv\u00ed saunov\u00fdch kamen\u016f pro jemnou a dlouhotrvaj\u00edc\u00ed p\u00e1ru. A nesm\u00edme zapomenout ani na jeho poutav\u00e9 pouzdro z nerezov\u00e9 oceli, kter\u00e9 vytv\u00e1\u0159\u00ed \u00fa\u017easn\u00fd kontrast s p\u0159\u00edrodn\u00edmi saunov\u00fdmi kameny.<\/p>\n<p style=\"font-weight: 400;text-align: left\">Topidlo je ur\u010deno pro extern\u00ed \u0159\u00eddic\u00ed jednotku. K topidlu je mo\u017enost dokoupen\u00ed stylov\u00e9ho d\u0159ev\u011bn\u00e9ho ochrann\u00e9ho z\u00e1bradl\u00ed ze sv\u011btl\u00e9ho d\u0159eva, kter\u00e9 zjemn\u00ed celkov\u00e9 linie topidla, nebo nerezovou p\u0159\u00edrubu pro \u010d\u00e1ste\u010dn\u00e9 zapu\u0161t\u011bn\u00ed topidla do lavice, kter\u00e1 zaru\u010d\u00ed dokonal\u00fd v\u00fdsledek. Na topidlo je poskytov\u00e1na nadstandardn\u00ed p\u011btilet\u00e1 z\u00e1ruka.<\/p>\n<p>Saunov\u00e9 produkty spole\u010dnosti HUUM inspirovan\u00e1 p\u0159\u00edrodou kombinuj\u00ed starod\u00e1vn\u00e9 estonsk\u00e9 saunov\u00e9 d\u011bdictv\u00ed, m\u00edrnou p\u00e1ru a modern\u00ed technologii.<\/p>\n<p><img loading=\"lazy\" class=\"alignnone size-full wp-image-4250 aligncenter\" src=\"https:\/\/anderskafka.cz\/eshop\/wp-content\/uploads\/sites\/3\/2023\/10\/Unknown-2.png\" alt=\"\" width=\"225\" height=\"225\" srcset=\"https:\/\/anderskafka.cz\/eshop\/wp-content\/uploads\/sites\/3\/2023\/10\/Unknown-2.png 225w, https:\/\/anderskafka.cz\/eshop\/wp-content\/uploads\/sites\/3\/2023\/10\/Unknown-2-150x150.png 150w, https:\/\/anderskafka.cz\/eshop\/wp-content\/uploads\/sites\/3\/2023\/10\/Unknown-2-100x100.png 100w, https:\/\/anderskafka.cz\/eshop\/wp-content\/uploads\/sites\/3\/2023\/10\/Unknown-2-64x64.png 64w\" sizes=\"(max-width: 225px) 100vw, 225px\" \/><\/p>\n<table border=\"0\" width=\"347\" cellspacing=\"0\" cellpadding=\"0\">\n<colgroup>\n<col width=\"175\" \/>\n<col width=\"172\" \/><\/colgroup>\n<tbody>\n<tr>\n<td class=\"xl66\" width=\"175\" height=\"25\">v\u00fdkon topidla (KW)<\/td>\n<td class=\"xl66\" width=\"172\">velikost sauny (m<span class=\"font6\"><sup>3<\/sup><\/span><span class=\"font5\">)<\/span><\/td>\n<\/tr>\n<tr>\n<td align=\"right\" height=\"21\">6<\/td>\n<td class=\"xl65\">5-9<\/td>\n<\/tr>\n<tr>\n<td align=\"right\" height=\"21\">9<\/td>\n<td class=\"xl65\">8-13<\/td>\n<\/tr>\n<tr>\n<td align=\"right\" height=\"21\">10,5<\/td>\n<td>10-16<\/td>\n<\/tr>\n<\/tbody>\n<\/table>\n<div>\n<div>\n<div><\/div>\n<\/div>\n<\/div>\n","protected":false},"featured_media":4382,"comment_status":"open","ping_status":"closed","template":"","meta":{"site-sidebar-layout":"default","site-content-layout":"default","ast-main-header-display":"","ast-hfb-above-header-display":"","ast-hfb-below-header-display":"","ast-hfb-mobile-header-display":"","site-post-title":"","ast-breadcrumbs-content":"","ast-featured-img":"","footer-sml-layout":"","theme-transparent-header-meta":"","adv-header-id-meta":"","stick-header-meta":"","header-above-stick-meta":"","header-main-stick-meta":"","header-below-stick-meta":""},"location":[1492,1491],"product_cat":[540],"product_tag":[1028],"yoast_head":"<!-- This site is optimized with the Yoast SEO plugin v18.5.1 - https:\/\/yoast.com\/wordpress\/plugins\/seo\/ -->\n<title>HUUM STEEL \u2013 6\/9\/10,5 KW \u2013 elegantn\u00ed saunov\u00e9 elektrick\u00e9 topidlo hranat\u00e9ho tvaru, mont\u00e1\u017e na podlahu - Anders &amp; Kafka E-SHOP<\/title>\n<meta name=\"description\" content=\"D\u00edky elegantn\u00edmu designu a mal\u00fdm bezpe\u010dnostn\u00edm vzd\u00e1lenostem je toto topidlo ide\u00e1ln\u00ed pro modern\u00ed kompaktn\u00ed sauny a je ur\u010deno pro mont\u00e1\u017e na podlahu. Nenechte se v\u0161ak zm\u00e1st jeho \u0161t\u00edhl\u00fdm tvarem \u2013 vestav\u011bn\u00fd vzduchov\u00fd tunel zaji\u0161\u0165uje efektivn\u00ed proud\u011bn\u00ed vzduchu a rychl\u00e9 zah\u0159\u00e1t\u00ed. Topidlo nav\u00edc pojme velk\u00e9 mno\u017estv\u00ed saunov\u00fdch kamen\u016f pro jemnou a dlouhotrvaj\u00edc\u00ed p\u00e1ru. A nesm\u00edme zapomenout ani na jeho poutav\u00e9 pouzdro z nerezov\u00e9 oceli, kter\u00e9 vytv\u00e1\u0159\u00ed \u00fa\u017easn\u00fd kontrast s p\u0159\u00edrodn\u00edmi saunov\u00fdmi kameny. Topidlo je ur\u010deno pro extern\u00ed \u0159\u00eddic\u00ed jednotku. K topidlu je mo\u017enost dokoupen\u00ed stylov\u00e9ho d\u0159ev\u011bn\u00e9ho ochrann\u00e9ho z\u00e1bradl\u00ed ze sv\u011btl\u00e9ho d\u0159eva, kter\u00e9 zjemn\u00ed celkov\u00e9 linie topidla, nebo nerezovou p\u0159\u00edrubu pro \u010d\u00e1ste\u010dn\u00e9 zapu\u0161t\u011bn\u00ed topidla do lavice, kter\u00e1 zaru\u010d\u00ed dokonal\u00fd v\u00fdsledek. Na topidlo je poskytov\u00e1na nadstandardn\u00ed p\u011btilet\u00e1 z\u00e1ruka. Saunov\u00e9 produkty spole\u010dnosti HUUM inspirovan\u00e1 p\u0159\u00edrodou kombinuj\u00ed starod\u00e1vn\u00e9 estonsk\u00e9 saunov\u00e9 d\u011bdictv\u00ed, m\u00edrnou p\u00e1ru a modern\u00ed technologii.       v\u00fdkon topidla (KW) velikost sauny (m3)   6 5-9   9 8-13   10,5 10-16\" \/>\n<meta name=\"robots\" content=\"index, follow, max-snippet:-1, max-image-preview:large, max-video-preview:-1\" \/>\n<link rel=\"canonical\" href=\"https:\/\/anderskafka.cz\/eshop\/produkt\/huum-steel-6kw-9kw-a-105kw-elegantni-saunove-elektricke-topidlo-hranateho-tvaru-montaz-na-podlahu\/\" \/>\n<meta property=\"og:locale\" content=\"cs_CZ\" \/>\n<meta property=\"og:type\" content=\"article\" \/>\n<meta property=\"og:title\" content=\"HUUM STEEL \u2013 6\/9\/10,5 KW \u2013 elegantn\u00ed saunov\u00e9 elektrick\u00e9 topidlo hranat\u00e9ho tvaru, mont\u00e1\u017e na podlahu - Anders &amp; Kafka E-SHOP\" \/>\n<meta property=\"og:description\" content=\"D\u00edky elegantn\u00edmu designu a mal\u00fdm bezpe\u010dnostn\u00edm vzd\u00e1lenostem je toto topidlo ide\u00e1ln\u00ed pro modern\u00ed kompaktn\u00ed sauny a je ur\u010deno pro mont\u00e1\u017e na podlahu. Nenechte se v\u0161ak zm\u00e1st jeho \u0161t\u00edhl\u00fdm tvarem \u2013 vestav\u011bn\u00fd vzduchov\u00fd tunel zaji\u0161\u0165uje efektivn\u00ed proud\u011bn\u00ed vzduchu a rychl\u00e9 zah\u0159\u00e1t\u00ed. Topidlo nav\u00edc pojme velk\u00e9 mno\u017estv\u00ed saunov\u00fdch kamen\u016f pro jemnou a dlouhotrvaj\u00edc\u00ed p\u00e1ru. A nesm\u00edme zapomenout ani na jeho poutav\u00e9 pouzdro z nerezov\u00e9 oceli, kter\u00e9 vytv\u00e1\u0159\u00ed \u00fa\u017easn\u00fd kontrast s p\u0159\u00edrodn\u00edmi saunov\u00fdmi kameny. Topidlo je ur\u010deno pro extern\u00ed \u0159\u00eddic\u00ed jednotku. K topidlu je mo\u017enost dokoupen\u00ed stylov\u00e9ho d\u0159ev\u011bn\u00e9ho ochrann\u00e9ho z\u00e1bradl\u00ed ze sv\u011btl\u00e9ho d\u0159eva, kter\u00e9 zjemn\u00ed celkov\u00e9 linie topidla, nebo nerezovou p\u0159\u00edrubu pro \u010d\u00e1ste\u010dn\u00e9 zapu\u0161t\u011bn\u00ed topidla do lavice, kter\u00e1 zaru\u010d\u00ed dokonal\u00fd v\u00fdsledek. Na topidlo je poskytov\u00e1na nadstandardn\u00ed p\u011btilet\u00e1 z\u00e1ruka. Saunov\u00e9 produkty spole\u010dnosti HUUM inspirovan\u00e1 p\u0159\u00edrodou kombinuj\u00ed starod\u00e1vn\u00e9 estonsk\u00e9 saunov\u00e9 d\u011bdictv\u00ed, m\u00edrnou p\u00e1ru a modern\u00ed technologii.       v\u00fdkon topidla (KW) velikost sauny (m3)   6 5-9   9 8-13   10,5 10-16\" \/>\n<meta property=\"og:url\" content=\"https:\/\/anderskafka.cz\/eshop\/produkt\/huum-steel-6kw-9kw-a-105kw-elegantni-saunove-elektricke-topidlo-hranateho-tvaru-montaz-na-podlahu\/\" \/>\n<meta property=\"og:site_name\" content=\"Anders &amp; Kafka E-SHOP\" \/>\n<meta property=\"article:modified_time\" content=\"2026-03-12T11:02:36+00:00\" \/>\n<meta property=\"og:image\" content=\"https:\/\/anderskafka.cz\/eshop\/wp-content\/uploads\/sites\/3\/2023\/10\/steel-tumedad-kivid-web.png\" \/>\n\t<meta property=\"og:image:width\" content=\"1250\" \/>\n\t<meta property=\"og:image:height\" content=\"1250\" \/>\n\t<meta property=\"og:image:type\" content=\"image\/png\" \/>\n<meta name=\"twitter:card\" content=\"summary_large_image\" \/>\n<meta name=\"twitter:label1\" content=\"Odhadovan\u00e1 doba \u010dten\u00ed\" \/>\n\t<meta name=\"twitter:data1\" content=\"1 minuta\" \/>\n<script type=\"application\/ld+json\" class=\"yoast-schema-graph\">{\"@context\":\"https:\/\/schema.org\",\"@graph\":[{\"@type\":\"WebSite\",\"@id\":\"https:\/\/anderskafka.cz\/eshop\/#website\",\"url\":\"https:\/\/anderskafka.cz\/eshop\/\",\"name\":\"Anders &amp; Kafka E-SHOP\",\"description\":\"Anders &amp; Kafka E-SHOP\",\"potentialAction\":[{\"@type\":\"SearchAction\",\"target\":{\"@type\":\"EntryPoint\",\"urlTemplate\":\"https:\/\/anderskafka.cz\/eshop\/?s={search_term_string}\"},\"query-input\":\"required name=search_term_string\"}],\"inLanguage\":\"cs\"},{\"@type\":\"ImageObject\",\"@id\":\"https:\/\/anderskafka.cz\/eshop\/produkt\/huum-steel-6kw-9kw-a-105kw-elegantni-saunove-elektricke-topidlo-hranateho-tvaru-montaz-na-podlahu\/#primaryimage\",\"inLanguage\":\"cs\",\"url\":\"https:\/\/anderskafka.cz\/eshop\/wp-content\/uploads\/sites\/3\/2023\/10\/steel-tumedad-kivid-web.png\",\"contentUrl\":\"https:\/\/anderskafka.cz\/eshop\/wp-content\/uploads\/sites\/3\/2023\/10\/steel-tumedad-kivid-web.png\",\"width\":1250,\"height\":1250},{\"@type\":\"WebPage\",\"@id\":\"https:\/\/anderskafka.cz\/eshop\/produkt\/huum-steel-6kw-9kw-a-105kw-elegantni-saunove-elektricke-topidlo-hranateho-tvaru-montaz-na-podlahu\/#webpage\",\"url\":\"https:\/\/anderskafka.cz\/eshop\/produkt\/huum-steel-6kw-9kw-a-105kw-elegantni-saunove-elektricke-topidlo-hranateho-tvaru-montaz-na-podlahu\/\",\"name\":\"HUUM STEEL \u2013 6\/9\/10,5 KW \u2013 elegantn\u00ed saunov\u00e9 elektrick\u00e9 topidlo hranat\u00e9ho tvaru, mont\u00e1\u017e na podlahu - Anders &amp; Kafka E-SHOP\",\"isPartOf\":{\"@id\":\"https:\/\/anderskafka.cz\/eshop\/#website\"},\"primaryImageOfPage\":{\"@id\":\"https:\/\/anderskafka.cz\/eshop\/produkt\/huum-steel-6kw-9kw-a-105kw-elegantni-saunove-elektricke-topidlo-hranateho-tvaru-montaz-na-podlahu\/#primaryimage\"},\"datePublished\":\"2023-10-19T16:19:56+00:00\",\"dateModified\":\"2026-03-12T11:02:36+00:00\",\"description\":\"D\u00edky elegantn\u00edmu designu a mal\u00fdm bezpe\u010dnostn\u00edm vzd\u00e1lenostem je toto topidlo ide\u00e1ln\u00ed pro modern\u00ed kompaktn\u00ed sauny a je ur\u010deno pro mont\u00e1\u017e na podlahu. Nenechte se v\u0161ak zm\u00e1st jeho \u0161t\u00edhl\u00fdm tvarem \u2013 vestav\u011bn\u00fd vzduchov\u00fd tunel zaji\u0161\u0165uje efektivn\u00ed proud\u011bn\u00ed vzduchu a rychl\u00e9 zah\u0159\u00e1t\u00ed. Topidlo nav\u00edc pojme velk\u00e9 mno\u017estv\u00ed saunov\u00fdch kamen\u016f pro jemnou a dlouhotrvaj\u00edc\u00ed p\u00e1ru. A nesm\u00edme zapomenout ani na jeho poutav\u00e9 pouzdro z nerezov\u00e9 oceli, kter\u00e9 vytv\u00e1\u0159\u00ed \u00fa\u017easn\u00fd kontrast s p\u0159\u00edrodn\u00edmi saunov\u00fdmi kameny. Topidlo je ur\u010deno pro extern\u00ed \u0159\u00eddic\u00ed jednotku. K topidlu je mo\u017enost dokoupen\u00ed stylov\u00e9ho d\u0159ev\u011bn\u00e9ho ochrann\u00e9ho z\u00e1bradl\u00ed ze sv\u011btl\u00e9ho d\u0159eva, kter\u00e9 zjemn\u00ed celkov\u00e9 linie topidla, nebo nerezovou p\u0159\u00edrubu pro \u010d\u00e1ste\u010dn\u00e9 zapu\u0161t\u011bn\u00ed topidla do lavice, kter\u00e1 zaru\u010d\u00ed dokonal\u00fd v\u00fdsledek. Na topidlo je poskytov\u00e1na nadstandardn\u00ed p\u011btilet\u00e1 z\u00e1ruka. Saunov\u00e9 produkty spole\u010dnosti HUUM inspirovan\u00e1 p\u0159\u00edrodou kombinuj\u00ed starod\u00e1vn\u00e9 estonsk\u00e9 saunov\u00e9 d\u011bdictv\u00ed, m\u00edrnou p\u00e1ru a modern\u00ed technologii. v\u00fdkon topidla (KW) velikost sauny (m3) 6 5-9 9 8-13 10,5 10-16\",\"breadcrumb\":{\"@id\":\"https:\/\/anderskafka.cz\/eshop\/produkt\/huum-steel-6kw-9kw-a-105kw-elegantni-saunove-elektricke-topidlo-hranateho-tvaru-montaz-na-podlahu\/#breadcrumb\"},\"inLanguage\":\"cs\",\"potentialAction\":[{\"@type\":\"ReadAction\",\"target\":[\"https:\/\/anderskafka.cz\/eshop\/produkt\/huum-steel-6kw-9kw-a-105kw-elegantni-saunove-elektricke-topidlo-hranateho-tvaru-montaz-na-podlahu\/\"]}]},{\"@type\":\"BreadcrumbList\",\"@id\":\"https:\/\/anderskafka.cz\/eshop\/produkt\/huum-steel-6kw-9kw-a-105kw-elegantni-saunove-elektricke-topidlo-hranateho-tvaru-montaz-na-podlahu\/#breadcrumb\",\"itemListElement\":[{\"@type\":\"ListItem\",\"position\":1,\"name\":\"Obchod\",\"item\":\"https:\/\/anderskafka.cz\/eshop\/obchod\/\"},{\"@type\":\"ListItem\",\"position\":2,\"name\":\"HUUM STEEL \u2013 6\/9\/10,5 KW \u2013 elegantn\u00ed saunov\u00e9 elektrick\u00e9 topidlo hranat\u00e9ho tvaru, mont\u00e1\u017e na podlahu\"}]}]}<\/script>\n<!-- \/ Yoast SEO plugin. -->","yoast_head_json":{"title":"HUUM STEEL \u2013 6\/9\/10,5 KW \u2013 elegantn\u00ed saunov\u00e9 elektrick\u00e9 topidlo hranat\u00e9ho tvaru, mont\u00e1\u017e na podlahu - Anders &amp; Kafka E-SHOP","description":"D\u00edky elegantn\u00edmu designu a mal\u00fdm bezpe\u010dnostn\u00edm vzd\u00e1lenostem je toto topidlo ide\u00e1ln\u00ed pro modern\u00ed kompaktn\u00ed sauny a je ur\u010deno pro mont\u00e1\u017e na podlahu. Nenechte se v\u0161ak zm\u00e1st jeho \u0161t\u00edhl\u00fdm tvarem \u2013 vestav\u011bn\u00fd vzduchov\u00fd tunel zaji\u0161\u0165uje efektivn\u00ed proud\u011bn\u00ed vzduchu a rychl\u00e9 zah\u0159\u00e1t\u00ed. Topidlo nav\u00edc pojme velk\u00e9 mno\u017estv\u00ed saunov\u00fdch kamen\u016f pro jemnou a dlouhotrvaj\u00edc\u00ed p\u00e1ru. A nesm\u00edme zapomenout ani na jeho poutav\u00e9 pouzdro z nerezov\u00e9 oceli, kter\u00e9 vytv\u00e1\u0159\u00ed \u00fa\u017easn\u00fd kontrast s p\u0159\u00edrodn\u00edmi saunov\u00fdmi kameny. Topidlo je ur\u010deno pro extern\u00ed \u0159\u00eddic\u00ed jednotku. K topidlu je mo\u017enost dokoupen\u00ed stylov\u00e9ho d\u0159ev\u011bn\u00e9ho ochrann\u00e9ho z\u00e1bradl\u00ed ze sv\u011btl\u00e9ho d\u0159eva, kter\u00e9 zjemn\u00ed celkov\u00e9 linie topidla, nebo nerezovou p\u0159\u00edrubu pro \u010d\u00e1ste\u010dn\u00e9 zapu\u0161t\u011bn\u00ed topidla do lavice, kter\u00e1 zaru\u010d\u00ed dokonal\u00fd v\u00fdsledek. Na topidlo je poskytov\u00e1na nadstandardn\u00ed p\u011btilet\u00e1 z\u00e1ruka. Saunov\u00e9 produkty spole\u010dnosti HUUM inspirovan\u00e1 p\u0159\u00edrodou kombinuj\u00ed starod\u00e1vn\u00e9 estonsk\u00e9 saunov\u00e9 d\u011bdictv\u00ed, m\u00edrnou p\u00e1ru a modern\u00ed technologii.       v\u00fdkon topidla (KW) velikost sauny (m3)   6 5-9   9 8-13   10,5 10-16","robots":{"index":"index","follow":"follow","max-snippet":"max-snippet:-1","max-image-preview":"max-image-preview:large","max-video-preview":"max-video-preview:-1"},"canonical":"https:\/\/anderskafka.cz\/eshop\/produkt\/huum-steel-6kw-9kw-a-105kw-elegantni-saunove-elektricke-topidlo-hranateho-tvaru-montaz-na-podlahu\/","og_locale":"cs_CZ","og_type":"article","og_title":"HUUM STEEL \u2013 6\/9\/10,5 KW \u2013 elegantn\u00ed saunov\u00e9 elektrick\u00e9 topidlo hranat\u00e9ho tvaru, mont\u00e1\u017e na podlahu - Anders &amp; Kafka E-SHOP","og_description":"D\u00edky elegantn\u00edmu designu a mal\u00fdm bezpe\u010dnostn\u00edm vzd\u00e1lenostem je toto topidlo ide\u00e1ln\u00ed pro modern\u00ed kompaktn\u00ed sauny a je ur\u010deno pro mont\u00e1\u017e na podlahu. Nenechte se v\u0161ak zm\u00e1st jeho \u0161t\u00edhl\u00fdm tvarem \u2013 vestav\u011bn\u00fd vzduchov\u00fd tunel zaji\u0161\u0165uje efektivn\u00ed proud\u011bn\u00ed vzduchu a rychl\u00e9 zah\u0159\u00e1t\u00ed. Topidlo nav\u00edc pojme velk\u00e9 mno\u017estv\u00ed saunov\u00fdch kamen\u016f pro jemnou a dlouhotrvaj\u00edc\u00ed p\u00e1ru. A nesm\u00edme zapomenout ani na jeho poutav\u00e9 pouzdro z nerezov\u00e9 oceli, kter\u00e9 vytv\u00e1\u0159\u00ed \u00fa\u017easn\u00fd kontrast s p\u0159\u00edrodn\u00edmi saunov\u00fdmi kameny. Topidlo je ur\u010deno pro extern\u00ed \u0159\u00eddic\u00ed jednotku. K topidlu je mo\u017enost dokoupen\u00ed stylov\u00e9ho d\u0159ev\u011bn\u00e9ho ochrann\u00e9ho z\u00e1bradl\u00ed ze sv\u011btl\u00e9ho d\u0159eva, kter\u00e9 zjemn\u00ed celkov\u00e9 linie topidla, nebo nerezovou p\u0159\u00edrubu pro \u010d\u00e1ste\u010dn\u00e9 zapu\u0161t\u011bn\u00ed topidla do lavice, kter\u00e1 zaru\u010d\u00ed dokonal\u00fd v\u00fdsledek. Na topidlo je poskytov\u00e1na nadstandardn\u00ed p\u011btilet\u00e1 z\u00e1ruka. Saunov\u00e9 produkty spole\u010dnosti HUUM inspirovan\u00e1 p\u0159\u00edrodou kombinuj\u00ed starod\u00e1vn\u00e9 estonsk\u00e9 saunov\u00e9 d\u011bdictv\u00ed, m\u00edrnou p\u00e1ru a modern\u00ed technologii.       v\u00fdkon topidla (KW) velikost sauny (m3)   6 5-9   9 8-13   10,5 10-16","og_url":"https:\/\/anderskafka.cz\/eshop\/produkt\/huum-steel-6kw-9kw-a-105kw-elegantni-saunove-elektricke-topidlo-hranateho-tvaru-montaz-na-podlahu\/","og_site_name":"Anders &amp; Kafka E-SHOP","article_modified_time":"2026-03-12T11:02:36+00:00","og_image":[{"width":1250,"height":1250,"url":"https:\/\/anderskafka.cz\/eshop\/wp-content\/uploads\/sites\/3\/2023\/10\/steel-tumedad-kivid-web.png","type":"image\/png"}],"twitter_card":"summary_large_image","twitter_misc":{"Odhadovan\u00e1 doba \u010dten\u00ed":"1 minuta"},"schema":{"@context":"https:\/\/schema.org","@graph":[{"@type":"WebSite","@id":"https:\/\/anderskafka.cz\/eshop\/#website","url":"https:\/\/anderskafka.cz\/eshop\/","name":"Anders &amp; Kafka E-SHOP","description":"Anders &amp; Kafka E-SHOP","potentialAction":[{"@type":"SearchAction","target":{"@type":"EntryPoint","urlTemplate":"https:\/\/anderskafka.cz\/eshop\/?s={search_term_string}"},"query-input":"required name=search_term_string"}],"inLanguage":"cs"},{"@type":"ImageObject","@id":"https:\/\/anderskafka.cz\/eshop\/produkt\/huum-steel-6kw-9kw-a-105kw-elegantni-saunove-elektricke-topidlo-hranateho-tvaru-montaz-na-podlahu\/#primaryimage","inLanguage":"cs","url":"https:\/\/anderskafka.cz\/eshop\/wp-content\/uploads\/sites\/3\/2023\/10\/steel-tumedad-kivid-web.png","contentUrl":"https:\/\/anderskafka.cz\/eshop\/wp-content\/uploads\/sites\/3\/2023\/10\/steel-tumedad-kivid-web.png","width":1250,"height":1250},{"@type":"WebPage","@id":"https:\/\/anderskafka.cz\/eshop\/produkt\/huum-steel-6kw-9kw-a-105kw-elegantni-saunove-elektricke-topidlo-hranateho-tvaru-montaz-na-podlahu\/#webpage","url":"https:\/\/anderskafka.cz\/eshop\/produkt\/huum-steel-6kw-9kw-a-105kw-elegantni-saunove-elektricke-topidlo-hranateho-tvaru-montaz-na-podlahu\/","name":"HUUM STEEL \u2013 6\/9\/10,5 KW \u2013 elegantn\u00ed saunov\u00e9 elektrick\u00e9 topidlo hranat\u00e9ho tvaru, mont\u00e1\u017e na podlahu - Anders &amp; Kafka E-SHOP","isPartOf":{"@id":"https:\/\/anderskafka.cz\/eshop\/#website"},"primaryImageOfPage":{"@id":"https:\/\/anderskafka.cz\/eshop\/produkt\/huum-steel-6kw-9kw-a-105kw-elegantni-saunove-elektricke-topidlo-hranateho-tvaru-montaz-na-podlahu\/#primaryimage"},"datePublished":"2023-10-19T16:19:56+00:00","dateModified":"2026-03-12T11:02:36+00:00","description":"D\u00edky elegantn\u00edmu designu a mal\u00fdm bezpe\u010dnostn\u00edm vzd\u00e1lenostem je toto topidlo ide\u00e1ln\u00ed pro modern\u00ed kompaktn\u00ed sauny a je ur\u010deno pro mont\u00e1\u017e na podlahu. Nenechte se v\u0161ak zm\u00e1st jeho \u0161t\u00edhl\u00fdm tvarem \u2013 vestav\u011bn\u00fd vzduchov\u00fd tunel zaji\u0161\u0165uje efektivn\u00ed proud\u011bn\u00ed vzduchu a rychl\u00e9 zah\u0159\u00e1t\u00ed. Topidlo nav\u00edc pojme velk\u00e9 mno\u017estv\u00ed saunov\u00fdch kamen\u016f pro jemnou a dlouhotrvaj\u00edc\u00ed p\u00e1ru. A nesm\u00edme zapomenout ani na jeho poutav\u00e9 pouzdro z nerezov\u00e9 oceli, kter\u00e9 vytv\u00e1\u0159\u00ed \u00fa\u017easn\u00fd kontrast s p\u0159\u00edrodn\u00edmi saunov\u00fdmi kameny. Topidlo je ur\u010deno pro extern\u00ed \u0159\u00eddic\u00ed jednotku. K topidlu je mo\u017enost dokoupen\u00ed stylov\u00e9ho d\u0159ev\u011bn\u00e9ho ochrann\u00e9ho z\u00e1bradl\u00ed ze sv\u011btl\u00e9ho d\u0159eva, kter\u00e9 zjemn\u00ed celkov\u00e9 linie topidla, nebo nerezovou p\u0159\u00edrubu pro \u010d\u00e1ste\u010dn\u00e9 zapu\u0161t\u011bn\u00ed topidla do lavice, kter\u00e1 zaru\u010d\u00ed dokonal\u00fd v\u00fdsledek. Na topidlo je poskytov\u00e1na nadstandardn\u00ed p\u011btilet\u00e1 z\u00e1ruka. Saunov\u00e9 produkty spole\u010dnosti HUUM inspirovan\u00e1 p\u0159\u00edrodou kombinuj\u00ed starod\u00e1vn\u00e9 estonsk\u00e9 saunov\u00e9 d\u011bdictv\u00ed, m\u00edrnou p\u00e1ru a modern\u00ed technologii. v\u00fdkon topidla (KW) velikost sauny (m3) 6 5-9 9 8-13 10,5 10-16","breadcrumb":{"@id":"https:\/\/anderskafka.cz\/eshop\/produkt\/huum-steel-6kw-9kw-a-105kw-elegantni-saunove-elektricke-topidlo-hranateho-tvaru-montaz-na-podlahu\/#breadcrumb"},"inLanguage":"cs","potentialAction":[{"@type":"ReadAction","target":["https:\/\/anderskafka.cz\/eshop\/produkt\/huum-steel-6kw-9kw-a-105kw-elegantni-saunove-elektricke-topidlo-hranateho-tvaru-montaz-na-podlahu\/"]}]},{"@type":"BreadcrumbList","@id":"https:\/\/anderskafka.cz\/eshop\/produkt\/huum-steel-6kw-9kw-a-105kw-elegantni-saunove-elektricke-topidlo-hranateho-tvaru-montaz-na-podlahu\/#breadcrumb","itemListElement":[{"@type":"ListItem","position":1,"name":"Obchod","item":"https:\/\/anderskafka.cz\/eshop\/obchod\/"},{"@type":"ListItem","position":2,"name":"HUUM STEEL \u2013 6\/9\/10,5 KW \u2013 elegantn\u00ed saunov\u00e9 elektrick\u00e9 topidlo hranat\u00e9ho tvaru, mont\u00e1\u017e na podlahu"}]}]}},"locations":[{"id":1492,"name":"HUUM sklad","slug":"huum-sklad","quantity":""},{"id":1491,"name":"Sklad AndersKafka","slug":"sklad-anderskafka","quantity":""}],"_links":{"self":[{"href":"https:\/\/anderskafka.cz\/eshop\/wp-json\/wp\/v2\/product\/4372"}],"collection":[{"href":"https:\/\/anderskafka.cz\/eshop\/wp-json\/wp\/v2\/product"}],"about":[{"href":"https:\/\/anderskafka.cz\/eshop\/wp-json\/wp\/v2\/types\/product"}],"replies":[{"embeddable":true,"href":"https:\/\/anderskafka.cz\/eshop\/wp-json\/wp\/v2\/comments?post=4372"}],"wp:featuredmedia":[{"embeddable":true,"href":"https:\/\/anderskafka.cz\/eshop\/wp-json\/wp\/v2\/media\/4382"}],"wp:attachment":[{"href":"https:\/\/anderskafka.cz\/eshop\/wp-json\/wp\/v2\/media?parent=4372"}],"wp:term":[{"taxonomy":"location","embeddable":true,"href":"https:\/\/anderskafka.cz\/eshop\/wp-json\/wp\/v2\/location?post=4372"},{"taxonomy":"product_cat","embeddable":true,"href":"https:\/\/anderskafka.cz\/eshop\/wp-json\/wp\/v2\/product_cat?post=4372"},{"taxonomy":"product_tag","embeddable":true,"href":"https:\/\/anderskafka.cz\/eshop\/wp-json\/wp\/v2\/product_tag?post=4372"}],"curies":[{"name":"wp","href":"https:\/\/api.w.org\/{rel}","templated":true}]}}