{"id":4462,"date":"2023-10-22T21:39:40","date_gmt":"2023-10-22T19:39:40","guid":{"rendered":"https:\/\/anderskafka.cz\/eshop\/?post_type=product&#038;p=4462"},"modified":"2026-02-11T09:36:54","modified_gmt":"2026-02-11T08:36:54","slug":"huum-uku-wood-alternativni-ovladaci-panel-pro-jednotky-huum-uku-local-wifi-ve-stylovem-drevenem-provedeni-s-minimalistickym-designem-kopirovat","status":"publish","type":"product","link":"https:\/\/anderskafka.cz\/eshop\/produkt\/huum-uku-wood-alternativni-ovladaci-panel-pro-jednotky-huum-uku-local-wifi-ve-stylovem-drevenem-provedeni-s-minimalistickym-designem-kopirovat\/","title":{"rendered":"HUUM UKU WOOD \u2013 alternativn\u00ed ovl\u00e1dac\u00ed panel pro jednotky huum uku local\/wifi ve stylov\u00e9m d\u0159ev\u011bn\u00e9m proveden\u00ed"},"content":{"rendered":"<p style=\"font-weight: 400\">ALTERNATIVN\u00cd OVL\u00c1DAC\u00cd PANEL PRO JEDNOTKY HUUM UKU LOCAL\/WIFI VE STYLOV\u00c9M D\u0158EV\u00c9N\u00c9M PROVEDEN\u00cd S MINIMALISTICK\u00ddM DESIGNEM.<\/p>\n<p>Elegantn\u00ed a intuitivn\u00ed design<br \/>\nZ\u00e1ruka 5 let<\/p>\n<p>Se stylov\u00fdm ovl\u00e1dac\u00edm panelem na st\u011bn\u011b m\u016f\u017eete snadno nastavit teplotu a dobu oh\u0159evu. Pro v\u011bt\u0161\u00ed pohodl\u00ed m\u016f\u017eete k \u0159\u00eddic\u00edmu syst\u00e9mu p\u0159ipojit tak\u00e9 osv\u011btlen\u00ed sauny, ventilaci a v\u00fdrobu p\u00e1ry. O bezpe\u010dnost Va\u0161\u00ed sauny se star\u00e1 ochrana proti p\u0159eh\u0159\u00e1t\u00ed a d\u011btsk\u00e1 pojistka.<br \/>\nPokud m\u00e1te v dosahu sauny wifi sign\u00e1l a \u0159\u00eddic\u00ed jednotku HUUM UKU WIFI, m\u016f\u017eete saunu ovl\u00e1dat pomoc\u00ed mobiln\u00ed aplikace v chytr\u00e9m telefonu, odkudkoliv. Kompatibiln\u00ed s IOS i ANDROID.<\/p>\n<div class=\"page\" title=\"Page 11\">\n<div class=\"section\">\n<div class=\"layoutArea\">\n<div class=\"page\" title=\"Page 10\">\n<div class=\"layoutArea\">\n<div class=\"column\">\n<p><strong>Rozsah doda\u0301vky:<br \/>\n<\/strong>ovl\u00e1dac\u00ed panel (105 x 55 x 22 mm)<\/p>\n<p>Technick\u00e9 \u00fadaje:<\/p>\n<p>Rozmez\u00ed teploty: 40 \u2013 110 \u00b0C<br \/>\nPro kamna: max. 11 kW<br \/>\nNap\u00e1jec\u00ed zdroj: 400 V 3F; 230 V 1F<br \/>\nDoba vyt\u00e1p\u011bn\u00ed: 3 h, 8 h, 12 h<\/p>\n<\/div>\n<\/div>\n<\/div>\n<\/div>\n<\/div>\n<\/div>\n","protected":false},"excerpt":{"rendered":"<p>Ovl\u00e1dac\u00ed panel HUUM UKU WOOD se stylov\u00fdm d\u0159ev\u011bn\u00fdm pl\u00e1\u0161t\u011bm pro p\u0159id\u00e1n\u00ed elegance do sauny. Je ru\u010dn\u011b vyroben z tepeln\u011b upraven\u00e9ho jasanov\u00e9ho d\u0159eva, d\u00edky \u010demu\u017e je ka\u017ed\u00fd panel jedine\u010dn\u00fd s vlastn\u00edm vzorem d\u0159eva. M\u00e1 minimalistick\u00fd design, intuitivn\u00ed ovl\u00e1d\u00e1n\u00ed. Ovl\u00e1dac\u00ed panel V\u00e1m umo\u017en\u00ed spustit oh\u0159ev sauny a ovl\u00e1dat jej\u00ed funkce pouh\u00fdmi n\u011bkolika kliknut\u00edmi. Snadno se tak\u00e9 instaluje na st\u011bnu sauny a je vybaven d\u011btskou pojistkou pro v\u011bt\u0161\u00ed bezpe\u010dnost.<br \/>\nVezm\u011bte pros\u00edm na v\u011bdom\u00ed, \u017ee pro pou\u017eit\u00ed ovl\u00e1dac\u00edho panelu mus\u00edte m\u00edt v saun\u011b nainstalov\u00e1nu \u0159\u00eddic\u00ed jednotku HUUM UKU LOCAL\/WIFI.<\/p>\n<p style=\"text-align: left\">Saunov\u00e9 produkty spole\u010dnosti HUUM inspirovan\u00e9 p\u0159\u00edrodou kombinuj\u00ed starod\u00e1vn\u00e9 estonsk\u00e9 saunov\u00e9 d\u011bdictv\u00ed, m\u00edrnou p\u00e1ru a modern\u00ed technologii.<\/p>\n<p style=\"text-align: left\"><img loading=\"lazy\" class=\"size-full wp-image-4250 alignleft\" src=\"https:\/\/anderskafka.cz\/eshop\/wp-content\/uploads\/sites\/3\/2023\/10\/Unknown-2.png\" alt=\"\" width=\"225\" height=\"225\" srcset=\"https:\/\/anderskafka.cz\/eshop\/wp-content\/uploads\/sites\/3\/2023\/10\/Unknown-2.png 225w, https:\/\/anderskafka.cz\/eshop\/wp-content\/uploads\/sites\/3\/2023\/10\/Unknown-2-150x150.png 150w, https:\/\/anderskafka.cz\/eshop\/wp-content\/uploads\/sites\/3\/2023\/10\/Unknown-2-100x100.png 100w, https:\/\/anderskafka.cz\/eshop\/wp-content\/uploads\/sites\/3\/2023\/10\/Unknown-2-64x64.png 64w\" sizes=\"(max-width: 225px) 100vw, 225px\" \/> <img loading=\"lazy\" class=\"alignnone size-medium wp-image-4257\" src=\"https:\/\/anderskafka.cz\/eshop\/wp-content\/uploads\/sites\/3\/2023\/10\/csm_2021_PD_RD_2a96fb376b-300x176.png\" alt=\"\" width=\"300\" height=\"176\" srcset=\"https:\/\/anderskafka.cz\/eshop\/wp-content\/uploads\/sites\/3\/2023\/10\/csm_2021_PD_RD_2a96fb376b-300x176.png 300w, https:\/\/anderskafka.cz\/eshop\/wp-content\/uploads\/sites\/3\/2023\/10\/csm_2021_PD_RD_2a96fb376b-64x38.png 64w, https:\/\/anderskafka.cz\/eshop\/wp-content\/uploads\/sites\/3\/2023\/10\/csm_2021_PD_RD_2a96fb376b.png 500w\" sizes=\"(max-width: 300px) 100vw, 300px\" \/><\/p>\n","protected":false},"featured_media":4465,"comment_status":"open","ping_status":"closed","template":"","meta":{"site-sidebar-layout":"default","site-content-layout":"default","ast-main-header-display":"","ast-hfb-above-header-display":"","ast-hfb-below-header-display":"","ast-hfb-mobile-header-display":"","site-post-title":"","ast-breadcrumbs-content":"","ast-featured-img":"","footer-sml-layout":"","theme-transparent-header-meta":"","adv-header-id-meta":"","stick-header-meta":"","header-above-stick-meta":"","header-main-stick-meta":"","header-below-stick-meta":""},"location":[1492,1491],"product_cat":[543],"product_tag":[1028],"yoast_head":"<!-- This site is optimized with the Yoast SEO plugin v18.5.1 - https:\/\/yoast.com\/wordpress\/plugins\/seo\/ -->\n<title>HUUM UKU WOOD \u2013 alternativn\u00ed ovl\u00e1dac\u00ed panel pro jednotky huum uku local\/wifi ve stylov\u00e9m d\u0159ev\u011bn\u00e9m proveden\u00ed - Anders &amp; Kafka E-SHOP<\/title>\n<meta name=\"description\" content=\"Ovl\u00e1dac\u00ed panel HUUM UKU WOOD se stylov\u00fdm d\u0159ev\u011bn\u00fdm pl\u00e1\u0161t\u011bm pro p\u0159id\u00e1n\u00ed elegance do sauny. Je ru\u010dn\u011b vyroben z tepeln\u011b upraven\u00e9ho jasanov\u00e9ho d\u0159eva, d\u00edky \u010demu\u017e je ka\u017ed\u00fd panel jedine\u010dn\u00fd s vlastn\u00edm vzorem d\u0159eva. M\u00e1 minimalistick\u00fd design, intuitivn\u00ed ovl\u00e1d\u00e1n\u00ed. Ovl\u00e1dac\u00ed panel V\u00e1m umo\u017en\u00ed spustit oh\u0159ev sauny a ovl\u00e1dat jej\u00ed funkce pouh\u00fdmi n\u011bkolika kliknut\u00edmi. Snadno se tak\u00e9 instaluje na st\u011bnu sauny a je vybaven d\u011btskou pojistkou pro v\u011bt\u0161\u00ed bezpe\u010dnost. Vezm\u011bte pros\u00edm na v\u011bdom\u00ed, \u017ee pro pou\u017eit\u00ed ovl\u00e1dac\u00edho panelu mus\u00edte m\u00edt v saun\u011b nainstalov\u00e1nu \u0159\u00eddic\u00ed jednotku HUUM UKU LOCAL\/WIFI. Saunov\u00e9 produkty spole\u010dnosti HUUM inspirovan\u00e9 p\u0159\u00edrodou kombinuj\u00ed starod\u00e1vn\u00e9 estonsk\u00e9 saunov\u00e9 d\u011bdictv\u00ed, m\u00edrnou p\u00e1ru a modern\u00ed technologii.\" \/>\n<meta name=\"robots\" content=\"index, follow, max-snippet:-1, max-image-preview:large, max-video-preview:-1\" \/>\n<link rel=\"canonical\" href=\"https:\/\/anderskafka.cz\/eshop\/produkt\/huum-uku-wood-alternativni-ovladaci-panel-pro-jednotky-huum-uku-local-wifi-ve-stylovem-drevenem-provedeni-s-minimalistickym-designem-kopirovat\/\" \/>\n<meta property=\"og:locale\" content=\"cs_CZ\" \/>\n<meta property=\"og:type\" content=\"article\" \/>\n<meta property=\"og:title\" content=\"HUUM UKU WOOD \u2013 alternativn\u00ed ovl\u00e1dac\u00ed panel pro jednotky huum uku local\/wifi ve stylov\u00e9m d\u0159ev\u011bn\u00e9m proveden\u00ed - Anders &amp; Kafka E-SHOP\" \/>\n<meta property=\"og:description\" content=\"Ovl\u00e1dac\u00ed panel HUUM UKU WOOD se stylov\u00fdm d\u0159ev\u011bn\u00fdm pl\u00e1\u0161t\u011bm pro p\u0159id\u00e1n\u00ed elegance do sauny. Je ru\u010dn\u011b vyroben z tepeln\u011b upraven\u00e9ho jasanov\u00e9ho d\u0159eva, d\u00edky \u010demu\u017e je ka\u017ed\u00fd panel jedine\u010dn\u00fd s vlastn\u00edm vzorem d\u0159eva. M\u00e1 minimalistick\u00fd design, intuitivn\u00ed ovl\u00e1d\u00e1n\u00ed. Ovl\u00e1dac\u00ed panel V\u00e1m umo\u017en\u00ed spustit oh\u0159ev sauny a ovl\u00e1dat jej\u00ed funkce pouh\u00fdmi n\u011bkolika kliknut\u00edmi. Snadno se tak\u00e9 instaluje na st\u011bnu sauny a je vybaven d\u011btskou pojistkou pro v\u011bt\u0161\u00ed bezpe\u010dnost. Vezm\u011bte pros\u00edm na v\u011bdom\u00ed, \u017ee pro pou\u017eit\u00ed ovl\u00e1dac\u00edho panelu mus\u00edte m\u00edt v saun\u011b nainstalov\u00e1nu \u0159\u00eddic\u00ed jednotku HUUM UKU LOCAL\/WIFI. Saunov\u00e9 produkty spole\u010dnosti HUUM inspirovan\u00e9 p\u0159\u00edrodou kombinuj\u00ed starod\u00e1vn\u00e9 estonsk\u00e9 saunov\u00e9 d\u011bdictv\u00ed, m\u00edrnou p\u00e1ru a modern\u00ed technologii.\" \/>\n<meta property=\"og:url\" content=\"https:\/\/anderskafka.cz\/eshop\/produkt\/huum-uku-wood-alternativni-ovladaci-panel-pro-jednotky-huum-uku-local-wifi-ve-stylovem-drevenem-provedeni-s-minimalistickym-designem-kopirovat\/\" \/>\n<meta property=\"og:site_name\" content=\"Anders &amp; Kafka E-SHOP\" \/>\n<meta property=\"article:modified_time\" content=\"2026-02-11T08:36:54+00:00\" \/>\n<meta property=\"og:image\" content=\"https:\/\/anderskafka.cz\/eshop\/wp-content\/uploads\/sites\/3\/2023\/10\/Wood.jpg\" \/>\n\t<meta property=\"og:image:width\" content=\"771\" \/>\n\t<meta property=\"og:image:height\" content=\"771\" \/>\n\t<meta property=\"og:image:type\" content=\"image\/jpeg\" \/>\n<meta name=\"twitter:card\" content=\"summary_large_image\" \/>\n<meta name=\"twitter:label1\" content=\"Odhadovan\u00e1 doba \u010dten\u00ed\" \/>\n\t<meta name=\"twitter:data1\" content=\"1 minuta\" \/>\n<script type=\"application\/ld+json\" class=\"yoast-schema-graph\">{\"@context\":\"https:\/\/schema.org\",\"@graph\":[{\"@type\":\"WebSite\",\"@id\":\"https:\/\/anderskafka.cz\/eshop\/#website\",\"url\":\"https:\/\/anderskafka.cz\/eshop\/\",\"name\":\"Anders &amp; Kafka E-SHOP\",\"description\":\"Anders &amp; Kafka E-SHOP\",\"potentialAction\":[{\"@type\":\"SearchAction\",\"target\":{\"@type\":\"EntryPoint\",\"urlTemplate\":\"https:\/\/anderskafka.cz\/eshop\/?s={search_term_string}\"},\"query-input\":\"required name=search_term_string\"}],\"inLanguage\":\"cs\"},{\"@type\":\"ImageObject\",\"@id\":\"https:\/\/anderskafka.cz\/eshop\/produkt\/huum-uku-wood-alternativni-ovladaci-panel-pro-jednotky-huum-uku-local-wifi-ve-stylovem-drevenem-provedeni-s-minimalistickym-designem-kopirovat\/#primaryimage\",\"inLanguage\":\"cs\",\"url\":\"https:\/\/anderskafka.cz\/eshop\/wp-content\/uploads\/sites\/3\/2023\/10\/Wood.jpg\",\"contentUrl\":\"https:\/\/anderskafka.cz\/eshop\/wp-content\/uploads\/sites\/3\/2023\/10\/Wood.jpg\",\"width\":771,\"height\":771},{\"@type\":\"WebPage\",\"@id\":\"https:\/\/anderskafka.cz\/eshop\/produkt\/huum-uku-wood-alternativni-ovladaci-panel-pro-jednotky-huum-uku-local-wifi-ve-stylovem-drevenem-provedeni-s-minimalistickym-designem-kopirovat\/#webpage\",\"url\":\"https:\/\/anderskafka.cz\/eshop\/produkt\/huum-uku-wood-alternativni-ovladaci-panel-pro-jednotky-huum-uku-local-wifi-ve-stylovem-drevenem-provedeni-s-minimalistickym-designem-kopirovat\/\",\"name\":\"HUUM UKU WOOD \u2013 alternativn\u00ed ovl\u00e1dac\u00ed panel pro jednotky huum uku local\/wifi ve stylov\u00e9m d\u0159ev\u011bn\u00e9m proveden\u00ed - Anders &amp; Kafka E-SHOP\",\"isPartOf\":{\"@id\":\"https:\/\/anderskafka.cz\/eshop\/#website\"},\"primaryImageOfPage\":{\"@id\":\"https:\/\/anderskafka.cz\/eshop\/produkt\/huum-uku-wood-alternativni-ovladaci-panel-pro-jednotky-huum-uku-local-wifi-ve-stylovem-drevenem-provedeni-s-minimalistickym-designem-kopirovat\/#primaryimage\"},\"datePublished\":\"2023-10-22T19:39:40+00:00\",\"dateModified\":\"2026-02-11T08:36:54+00:00\",\"description\":\"Ovl\u00e1dac\u00ed panel HUUM UKU WOOD se stylov\u00fdm d\u0159ev\u011bn\u00fdm pl\u00e1\u0161t\u011bm pro p\u0159id\u00e1n\u00ed elegance do sauny. Je ru\u010dn\u011b vyroben z tepeln\u011b upraven\u00e9ho jasanov\u00e9ho d\u0159eva, d\u00edky \u010demu\u017e je ka\u017ed\u00fd panel jedine\u010dn\u00fd s vlastn\u00edm vzorem d\u0159eva. M\u00e1 minimalistick\u00fd design, intuitivn\u00ed ovl\u00e1d\u00e1n\u00ed. Ovl\u00e1dac\u00ed panel V\u00e1m umo\u017en\u00ed spustit oh\u0159ev sauny a ovl\u00e1dat jej\u00ed funkce pouh\u00fdmi n\u011bkolika kliknut\u00edmi. Snadno se tak\u00e9 instaluje na st\u011bnu sauny a je vybaven d\u011btskou pojistkou pro v\u011bt\u0161\u00ed bezpe\u010dnost. Vezm\u011bte pros\u00edm na v\u011bdom\u00ed, \u017ee pro pou\u017eit\u00ed ovl\u00e1dac\u00edho panelu mus\u00edte m\u00edt v saun\u011b nainstalov\u00e1nu \u0159\u00eddic\u00ed jednotku HUUM UKU LOCAL\/WIFI. Saunov\u00e9 produkty spole\u010dnosti HUUM inspirovan\u00e9 p\u0159\u00edrodou kombinuj\u00ed starod\u00e1vn\u00e9 estonsk\u00e9 saunov\u00e9 d\u011bdictv\u00ed, m\u00edrnou p\u00e1ru a modern\u00ed technologii.\",\"breadcrumb\":{\"@id\":\"https:\/\/anderskafka.cz\/eshop\/produkt\/huum-uku-wood-alternativni-ovladaci-panel-pro-jednotky-huum-uku-local-wifi-ve-stylovem-drevenem-provedeni-s-minimalistickym-designem-kopirovat\/#breadcrumb\"},\"inLanguage\":\"cs\",\"potentialAction\":[{\"@type\":\"ReadAction\",\"target\":[\"https:\/\/anderskafka.cz\/eshop\/produkt\/huum-uku-wood-alternativni-ovladaci-panel-pro-jednotky-huum-uku-local-wifi-ve-stylovem-drevenem-provedeni-s-minimalistickym-designem-kopirovat\/\"]}]},{\"@type\":\"BreadcrumbList\",\"@id\":\"https:\/\/anderskafka.cz\/eshop\/produkt\/huum-uku-wood-alternativni-ovladaci-panel-pro-jednotky-huum-uku-local-wifi-ve-stylovem-drevenem-provedeni-s-minimalistickym-designem-kopirovat\/#breadcrumb\",\"itemListElement\":[{\"@type\":\"ListItem\",\"position\":1,\"name\":\"Obchod\",\"item\":\"https:\/\/anderskafka.cz\/eshop\/obchod\/\"},{\"@type\":\"ListItem\",\"position\":2,\"name\":\"HUUM UKU WOOD \u2013 alternativn\u00ed ovl\u00e1dac\u00ed panel pro jednotky huum uku local\/wifi ve stylov\u00e9m d\u0159ev\u011bn\u00e9m proveden\u00ed\"}]}]}<\/script>\n<!-- \/ Yoast SEO plugin. -->","yoast_head_json":{"title":"HUUM UKU WOOD \u2013 alternativn\u00ed ovl\u00e1dac\u00ed panel pro jednotky huum uku local\/wifi ve stylov\u00e9m d\u0159ev\u011bn\u00e9m proveden\u00ed - Anders &amp; Kafka E-SHOP","description":"Ovl\u00e1dac\u00ed panel HUUM UKU WOOD se stylov\u00fdm d\u0159ev\u011bn\u00fdm pl\u00e1\u0161t\u011bm pro p\u0159id\u00e1n\u00ed elegance do sauny. Je ru\u010dn\u011b vyroben z tepeln\u011b upraven\u00e9ho jasanov\u00e9ho d\u0159eva, d\u00edky \u010demu\u017e je ka\u017ed\u00fd panel jedine\u010dn\u00fd s vlastn\u00edm vzorem d\u0159eva. M\u00e1 minimalistick\u00fd design, intuitivn\u00ed ovl\u00e1d\u00e1n\u00ed. Ovl\u00e1dac\u00ed panel V\u00e1m umo\u017en\u00ed spustit oh\u0159ev sauny a ovl\u00e1dat jej\u00ed funkce pouh\u00fdmi n\u011bkolika kliknut\u00edmi. Snadno se tak\u00e9 instaluje na st\u011bnu sauny a je vybaven d\u011btskou pojistkou pro v\u011bt\u0161\u00ed bezpe\u010dnost. Vezm\u011bte pros\u00edm na v\u011bdom\u00ed, \u017ee pro pou\u017eit\u00ed ovl\u00e1dac\u00edho panelu mus\u00edte m\u00edt v saun\u011b nainstalov\u00e1nu \u0159\u00eddic\u00ed jednotku HUUM UKU LOCAL\/WIFI. Saunov\u00e9 produkty spole\u010dnosti HUUM inspirovan\u00e9 p\u0159\u00edrodou kombinuj\u00ed starod\u00e1vn\u00e9 estonsk\u00e9 saunov\u00e9 d\u011bdictv\u00ed, m\u00edrnou p\u00e1ru a modern\u00ed technologii.","robots":{"index":"index","follow":"follow","max-snippet":"max-snippet:-1","max-image-preview":"max-image-preview:large","max-video-preview":"max-video-preview:-1"},"canonical":"https:\/\/anderskafka.cz\/eshop\/produkt\/huum-uku-wood-alternativni-ovladaci-panel-pro-jednotky-huum-uku-local-wifi-ve-stylovem-drevenem-provedeni-s-minimalistickym-designem-kopirovat\/","og_locale":"cs_CZ","og_type":"article","og_title":"HUUM UKU WOOD \u2013 alternativn\u00ed ovl\u00e1dac\u00ed panel pro jednotky huum uku local\/wifi ve stylov\u00e9m d\u0159ev\u011bn\u00e9m proveden\u00ed - Anders &amp; Kafka E-SHOP","og_description":"Ovl\u00e1dac\u00ed panel HUUM UKU WOOD se stylov\u00fdm d\u0159ev\u011bn\u00fdm pl\u00e1\u0161t\u011bm pro p\u0159id\u00e1n\u00ed elegance do sauny. Je ru\u010dn\u011b vyroben z tepeln\u011b upraven\u00e9ho jasanov\u00e9ho d\u0159eva, d\u00edky \u010demu\u017e je ka\u017ed\u00fd panel jedine\u010dn\u00fd s vlastn\u00edm vzorem d\u0159eva. M\u00e1 minimalistick\u00fd design, intuitivn\u00ed ovl\u00e1d\u00e1n\u00ed. Ovl\u00e1dac\u00ed panel V\u00e1m umo\u017en\u00ed spustit oh\u0159ev sauny a ovl\u00e1dat jej\u00ed funkce pouh\u00fdmi n\u011bkolika kliknut\u00edmi. Snadno se tak\u00e9 instaluje na st\u011bnu sauny a je vybaven d\u011btskou pojistkou pro v\u011bt\u0161\u00ed bezpe\u010dnost. Vezm\u011bte pros\u00edm na v\u011bdom\u00ed, \u017ee pro pou\u017eit\u00ed ovl\u00e1dac\u00edho panelu mus\u00edte m\u00edt v saun\u011b nainstalov\u00e1nu \u0159\u00eddic\u00ed jednotku HUUM UKU LOCAL\/WIFI. Saunov\u00e9 produkty spole\u010dnosti HUUM inspirovan\u00e9 p\u0159\u00edrodou kombinuj\u00ed starod\u00e1vn\u00e9 estonsk\u00e9 saunov\u00e9 d\u011bdictv\u00ed, m\u00edrnou p\u00e1ru a modern\u00ed technologii.","og_url":"https:\/\/anderskafka.cz\/eshop\/produkt\/huum-uku-wood-alternativni-ovladaci-panel-pro-jednotky-huum-uku-local-wifi-ve-stylovem-drevenem-provedeni-s-minimalistickym-designem-kopirovat\/","og_site_name":"Anders &amp; Kafka E-SHOP","article_modified_time":"2026-02-11T08:36:54+00:00","og_image":[{"width":771,"height":771,"url":"https:\/\/anderskafka.cz\/eshop\/wp-content\/uploads\/sites\/3\/2023\/10\/Wood.jpg","type":"image\/jpeg"}],"twitter_card":"summary_large_image","twitter_misc":{"Odhadovan\u00e1 doba \u010dten\u00ed":"1 minuta"},"schema":{"@context":"https:\/\/schema.org","@graph":[{"@type":"WebSite","@id":"https:\/\/anderskafka.cz\/eshop\/#website","url":"https:\/\/anderskafka.cz\/eshop\/","name":"Anders &amp; Kafka E-SHOP","description":"Anders &amp; Kafka E-SHOP","potentialAction":[{"@type":"SearchAction","target":{"@type":"EntryPoint","urlTemplate":"https:\/\/anderskafka.cz\/eshop\/?s={search_term_string}"},"query-input":"required name=search_term_string"}],"inLanguage":"cs"},{"@type":"ImageObject","@id":"https:\/\/anderskafka.cz\/eshop\/produkt\/huum-uku-wood-alternativni-ovladaci-panel-pro-jednotky-huum-uku-local-wifi-ve-stylovem-drevenem-provedeni-s-minimalistickym-designem-kopirovat\/#primaryimage","inLanguage":"cs","url":"https:\/\/anderskafka.cz\/eshop\/wp-content\/uploads\/sites\/3\/2023\/10\/Wood.jpg","contentUrl":"https:\/\/anderskafka.cz\/eshop\/wp-content\/uploads\/sites\/3\/2023\/10\/Wood.jpg","width":771,"height":771},{"@type":"WebPage","@id":"https:\/\/anderskafka.cz\/eshop\/produkt\/huum-uku-wood-alternativni-ovladaci-panel-pro-jednotky-huum-uku-local-wifi-ve-stylovem-drevenem-provedeni-s-minimalistickym-designem-kopirovat\/#webpage","url":"https:\/\/anderskafka.cz\/eshop\/produkt\/huum-uku-wood-alternativni-ovladaci-panel-pro-jednotky-huum-uku-local-wifi-ve-stylovem-drevenem-provedeni-s-minimalistickym-designem-kopirovat\/","name":"HUUM UKU WOOD \u2013 alternativn\u00ed ovl\u00e1dac\u00ed panel pro jednotky huum uku local\/wifi ve stylov\u00e9m d\u0159ev\u011bn\u00e9m proveden\u00ed - Anders &amp; Kafka E-SHOP","isPartOf":{"@id":"https:\/\/anderskafka.cz\/eshop\/#website"},"primaryImageOfPage":{"@id":"https:\/\/anderskafka.cz\/eshop\/produkt\/huum-uku-wood-alternativni-ovladaci-panel-pro-jednotky-huum-uku-local-wifi-ve-stylovem-drevenem-provedeni-s-minimalistickym-designem-kopirovat\/#primaryimage"},"datePublished":"2023-10-22T19:39:40+00:00","dateModified":"2026-02-11T08:36:54+00:00","description":"Ovl\u00e1dac\u00ed panel HUUM UKU WOOD se stylov\u00fdm d\u0159ev\u011bn\u00fdm pl\u00e1\u0161t\u011bm pro p\u0159id\u00e1n\u00ed elegance do sauny. Je ru\u010dn\u011b vyroben z tepeln\u011b upraven\u00e9ho jasanov\u00e9ho d\u0159eva, d\u00edky \u010demu\u017e je ka\u017ed\u00fd panel jedine\u010dn\u00fd s vlastn\u00edm vzorem d\u0159eva. M\u00e1 minimalistick\u00fd design, intuitivn\u00ed ovl\u00e1d\u00e1n\u00ed. Ovl\u00e1dac\u00ed panel V\u00e1m umo\u017en\u00ed spustit oh\u0159ev sauny a ovl\u00e1dat jej\u00ed funkce pouh\u00fdmi n\u011bkolika kliknut\u00edmi. Snadno se tak\u00e9 instaluje na st\u011bnu sauny a je vybaven d\u011btskou pojistkou pro v\u011bt\u0161\u00ed bezpe\u010dnost. Vezm\u011bte pros\u00edm na v\u011bdom\u00ed, \u017ee pro pou\u017eit\u00ed ovl\u00e1dac\u00edho panelu mus\u00edte m\u00edt v saun\u011b nainstalov\u00e1nu \u0159\u00eddic\u00ed jednotku HUUM UKU LOCAL\/WIFI. Saunov\u00e9 produkty spole\u010dnosti HUUM inspirovan\u00e9 p\u0159\u00edrodou kombinuj\u00ed starod\u00e1vn\u00e9 estonsk\u00e9 saunov\u00e9 d\u011bdictv\u00ed, m\u00edrnou p\u00e1ru a modern\u00ed technologii.","breadcrumb":{"@id":"https:\/\/anderskafka.cz\/eshop\/produkt\/huum-uku-wood-alternativni-ovladaci-panel-pro-jednotky-huum-uku-local-wifi-ve-stylovem-drevenem-provedeni-s-minimalistickym-designem-kopirovat\/#breadcrumb"},"inLanguage":"cs","potentialAction":[{"@type":"ReadAction","target":["https:\/\/anderskafka.cz\/eshop\/produkt\/huum-uku-wood-alternativni-ovladaci-panel-pro-jednotky-huum-uku-local-wifi-ve-stylovem-drevenem-provedeni-s-minimalistickym-designem-kopirovat\/"]}]},{"@type":"BreadcrumbList","@id":"https:\/\/anderskafka.cz\/eshop\/produkt\/huum-uku-wood-alternativni-ovladaci-panel-pro-jednotky-huum-uku-local-wifi-ve-stylovem-drevenem-provedeni-s-minimalistickym-designem-kopirovat\/#breadcrumb","itemListElement":[{"@type":"ListItem","position":1,"name":"Obchod","item":"https:\/\/anderskafka.cz\/eshop\/obchod\/"},{"@type":"ListItem","position":2,"name":"HUUM UKU WOOD \u2013 alternativn\u00ed ovl\u00e1dac\u00ed panel pro jednotky huum uku local\/wifi ve stylov\u00e9m d\u0159ev\u011bn\u00e9m proveden\u00ed"}]}]}},"locations":[{"id":1492,"name":"HUUM sklad","slug":"huum-sklad","quantity":"1"},{"id":1491,"name":"Sklad AndersKafka","slug":"sklad-anderskafka","quantity":"0"}],"_links":{"self":[{"href":"https:\/\/anderskafka.cz\/eshop\/wp-json\/wp\/v2\/product\/4462"}],"collection":[{"href":"https:\/\/anderskafka.cz\/eshop\/wp-json\/wp\/v2\/product"}],"about":[{"href":"https:\/\/anderskafka.cz\/eshop\/wp-json\/wp\/v2\/types\/product"}],"replies":[{"embeddable":true,"href":"https:\/\/anderskafka.cz\/eshop\/wp-json\/wp\/v2\/comments?post=4462"}],"wp:featuredmedia":[{"embeddable":true,"href":"https:\/\/anderskafka.cz\/eshop\/wp-json\/wp\/v2\/media\/4465"}],"wp:attachment":[{"href":"https:\/\/anderskafka.cz\/eshop\/wp-json\/wp\/v2\/media?parent=4462"}],"wp:term":[{"taxonomy":"location","embeddable":true,"href":"https:\/\/anderskafka.cz\/eshop\/wp-json\/wp\/v2\/location?post=4462"},{"taxonomy":"product_cat","embeddable":true,"href":"https:\/\/anderskafka.cz\/eshop\/wp-json\/wp\/v2\/product_cat?post=4462"},{"taxonomy":"product_tag","embeddable":true,"href":"https:\/\/anderskafka.cz\/eshop\/wp-json\/wp\/v2\/product_tag?post=4462"}],"curies":[{"name":"wp","href":"https:\/\/api.w.org\/{rel}","templated":true}]}}