{"id":4499,"date":"2023-10-26T11:55:04","date_gmt":"2023-10-26T09:55:04","guid":{"rendered":"https:\/\/anderskafka.cz\/eshop\/?post_type=product&#038;p=4499"},"modified":"2026-05-02T10:00:40","modified_gmt":"2026-05-02T08:00:40","slug":"sentiotec-posuvna-ventilace-do-sauny-obdelnikoveho-tvaru-s-regulaci-prutoku-vzduchu-z-borovice","status":"publish","type":"product","link":"https:\/\/anderskafka.cz\/eshop\/produkt\/sentiotec-posuvna-ventilace-do-sauny-obdelnikoveho-tvaru-s-regulaci-prutoku-vzduchu-z-borovice\/","title":{"rendered":"HARVIA AUSTRIA posuvn\u00e1 ventilace do sauny obd\u00e9ln\u00edkov\u00e9ho tvaru s regulac\u00ed pr\u016ftoku vzduchu z osiky\/borovice\/cedru"},"content":{"rendered":"<p>Posuvn\u00e1 ventilace pro pou\u017eit\u00ed v saun\u011b nebo infrasaun\u011b s mo\u017enost\u00ed regulace pr\u016ftoku vzduchu. Ventilaci m\u016f\u017eeme um\u00edstit na strop nebo st\u011bnu sauny, aby tak v saun\u011b byla zachov\u00e1na spr\u00e1vn\u00e1 cirkulace vzduchu.<br \/>\nVentilace je vyrobena z masivn\u00edho d\u0159eva osiky, borovice nebo cedru. D\u00edky pou\u017eit\u00e9mu materi\u00e1lu je mo\u017en\u00e9 m\u0159\u00ed\u017eku instalovat ve vnit\u0159n\u00edm prost\u0159ed\u00ed.<br \/>\nJednoduch\u00e1 mont\u00e1\u017e p\u0159ilepen\u00edm silikonov\u00fdm pevnostn\u00edm lepidlem, doporu\u010dujeme typ Mamut Glue.<br \/>\nSou\u010d\u00e1st\u00ed balen\u00ed je posuvn\u00e1 ventilace.<\/p>\n","protected":false},"excerpt":{"rendered":"<p>Posuvn\u00e1 ventilace pro pou\u017eit\u00ed v saun\u011b nebo infrasaun\u011b s mo\u017enost\u00ed regulace pr\u016ftoku vzduchu. Vyrobena z masivn\u00edho d\u0159eva osiky, borovice nebo cedru.<br \/>\nSpole\u010dnost HARVIA AUSTRIA vyv\u00edj\u00ed a vyr\u00e1b\u00ed kvalitn\u00ed a inovativn\u00ed produkty ur\u010den\u00e9 k tomu, aby Va\u0161e chv\u00edle str\u00e1ven\u00e9 v saun\u011b byly co nejv\u00edce relaxuj\u00edc\u00ed.<br \/>\n<img loading=\"lazy\" class=\"alignnone size-full wp-image-1323 aligncenter\" src=\"https:\/\/anderskafka.cz\/eshop\/wp-content\/uploads\/sites\/3\/2022\/12\/logoHarvia.png\" alt=\"\" width=\"102\" height=\"102\" srcset=\"https:\/\/anderskafka.cz\/eshop\/wp-content\/uploads\/sites\/3\/2022\/12\/logoHarvia.png 102w, https:\/\/anderskafka.cz\/eshop\/wp-content\/uploads\/sites\/3\/2022\/12\/logoHarvia-100x100.png 100w, https:\/\/anderskafka.cz\/eshop\/wp-content\/uploads\/sites\/3\/2022\/12\/logoHarvia-64x64.png 64w\" sizes=\"(max-width: 102px) 100vw, 102px\" \/><\/p>\n","protected":false},"featured_media":4725,"comment_status":"open","ping_status":"closed","template":"","meta":{"site-sidebar-layout":"default","site-content-layout":"default","ast-main-header-display":"","ast-hfb-above-header-display":"","ast-hfb-below-header-display":"","ast-hfb-mobile-header-display":"","site-post-title":"","ast-breadcrumbs-content":"","ast-featured-img":"","footer-sml-layout":"","theme-transparent-header-meta":"","adv-header-id-meta":"","stick-header-meta":"","header-above-stick-meta":"","header-main-stick-meta":"","header-below-stick-meta":""},"location":[],"product_cat":[426],"product_tag":[324],"yoast_head":"<!-- This site is optimized with the Yoast SEO plugin v18.5.1 - https:\/\/yoast.com\/wordpress\/plugins\/seo\/ -->\n<title>HARVIA AUSTRIA posuvn\u00e1 ventilace do sauny obd\u00e9ln\u00edkov\u00e9ho tvaru s regulac\u00ed pr\u016ftoku vzduchu z osiky\/borovice\/cedru - Anders &amp; Kafka E-SHOP<\/title>\n<meta name=\"description\" content=\"Posuvn\u00e1 ventilace pro pou\u017eit\u00ed v saun\u011b nebo infrasaun\u011b s mo\u017enost\u00ed regulace pr\u016ftoku vzduchu. Vyrobena z masivn\u00edho d\u0159eva osiky, borovice nebo cedru. Spole\u010dnost HARVIA AUSTRIA vyv\u00edj\u00ed a vyr\u00e1b\u00ed kvalitn\u00ed a inovativn\u00ed produkty ur\u010den\u00e9 k tomu, aby Va\u0161e chv\u00edle str\u00e1ven\u00e9 v saun\u011b byly co nejv\u00edce relaxuj\u00edc\u00ed.\" \/>\n<meta name=\"robots\" content=\"index, follow, max-snippet:-1, max-image-preview:large, max-video-preview:-1\" \/>\n<link rel=\"canonical\" href=\"https:\/\/anderskafka.cz\/eshop\/produkt\/sentiotec-posuvna-ventilace-do-sauny-obdelnikoveho-tvaru-s-regulaci-prutoku-vzduchu-z-borovice\/\" \/>\n<meta property=\"og:locale\" content=\"cs_CZ\" \/>\n<meta property=\"og:type\" content=\"article\" \/>\n<meta property=\"og:title\" content=\"HARVIA AUSTRIA posuvn\u00e1 ventilace do sauny obd\u00e9ln\u00edkov\u00e9ho tvaru s regulac\u00ed pr\u016ftoku vzduchu z osiky\/borovice\/cedru - Anders &amp; Kafka E-SHOP\" \/>\n<meta property=\"og:description\" content=\"Posuvn\u00e1 ventilace pro pou\u017eit\u00ed v saun\u011b nebo infrasaun\u011b s mo\u017enost\u00ed regulace pr\u016ftoku vzduchu. Vyrobena z masivn\u00edho d\u0159eva osiky, borovice nebo cedru. Spole\u010dnost HARVIA AUSTRIA vyv\u00edj\u00ed a vyr\u00e1b\u00ed kvalitn\u00ed a inovativn\u00ed produkty ur\u010den\u00e9 k tomu, aby Va\u0161e chv\u00edle str\u00e1ven\u00e9 v saun\u011b byly co nejv\u00edce relaxuj\u00edc\u00ed.\" \/>\n<meta property=\"og:url\" content=\"https:\/\/anderskafka.cz\/eshop\/produkt\/sentiotec-posuvna-ventilace-do-sauny-obdelnikoveho-tvaru-s-regulaci-prutoku-vzduchu-z-borovice\/\" \/>\n<meta property=\"og:site_name\" content=\"Anders &amp; Kafka E-SHOP\" \/>\n<meta property=\"article:modified_time\" content=\"2026-05-02T08:00:40+00:00\" \/>\n<meta property=\"og:image\" content=\"https:\/\/anderskafka.cz\/eshop\/wp-content\/uploads\/sites\/3\/2023\/10\/odvetrani-sauny-posuvne-osika-2.jpg\" \/>\n\t<meta property=\"og:image:width\" content=\"800\" \/>\n\t<meta property=\"og:image:height\" content=\"800\" \/>\n\t<meta property=\"og:image:type\" content=\"image\/jpeg\" \/>\n<meta name=\"twitter:card\" content=\"summary_large_image\" \/>\n<meta name=\"twitter:label1\" content=\"Odhadovan\u00e1 doba \u010dten\u00ed\" \/>\n\t<meta name=\"twitter:data1\" content=\"1 minuta\" \/>\n<script type=\"application\/ld+json\" class=\"yoast-schema-graph\">{\"@context\":\"https:\/\/schema.org\",\"@graph\":[{\"@type\":\"WebSite\",\"@id\":\"https:\/\/anderskafka.cz\/eshop\/#website\",\"url\":\"https:\/\/anderskafka.cz\/eshop\/\",\"name\":\"Anders &amp; Kafka E-SHOP\",\"description\":\"Anders &amp; Kafka E-SHOP\",\"potentialAction\":[{\"@type\":\"SearchAction\",\"target\":{\"@type\":\"EntryPoint\",\"urlTemplate\":\"https:\/\/anderskafka.cz\/eshop\/?s={search_term_string}\"},\"query-input\":\"required name=search_term_string\"}],\"inLanguage\":\"cs\"},{\"@type\":\"ImageObject\",\"@id\":\"https:\/\/anderskafka.cz\/eshop\/produkt\/sentiotec-posuvna-ventilace-do-sauny-obdelnikoveho-tvaru-s-regulaci-prutoku-vzduchu-z-borovice\/#primaryimage\",\"inLanguage\":\"cs\",\"url\":\"https:\/\/anderskafka.cz\/eshop\/wp-content\/uploads\/sites\/3\/2023\/10\/odvetrani-sauny-posuvne-osika-2.jpg\",\"contentUrl\":\"https:\/\/anderskafka.cz\/eshop\/wp-content\/uploads\/sites\/3\/2023\/10\/odvetrani-sauny-posuvne-osika-2.jpg\",\"width\":800,\"height\":800},{\"@type\":\"WebPage\",\"@id\":\"https:\/\/anderskafka.cz\/eshop\/produkt\/sentiotec-posuvna-ventilace-do-sauny-obdelnikoveho-tvaru-s-regulaci-prutoku-vzduchu-z-borovice\/#webpage\",\"url\":\"https:\/\/anderskafka.cz\/eshop\/produkt\/sentiotec-posuvna-ventilace-do-sauny-obdelnikoveho-tvaru-s-regulaci-prutoku-vzduchu-z-borovice\/\",\"name\":\"HARVIA AUSTRIA posuvn\u00e1 ventilace do sauny obd\u00e9ln\u00edkov\u00e9ho tvaru s regulac\u00ed pr\u016ftoku vzduchu z osiky\/borovice\/cedru - Anders &amp; Kafka E-SHOP\",\"isPartOf\":{\"@id\":\"https:\/\/anderskafka.cz\/eshop\/#website\"},\"primaryImageOfPage\":{\"@id\":\"https:\/\/anderskafka.cz\/eshop\/produkt\/sentiotec-posuvna-ventilace-do-sauny-obdelnikoveho-tvaru-s-regulaci-prutoku-vzduchu-z-borovice\/#primaryimage\"},\"datePublished\":\"2023-10-26T09:55:04+00:00\",\"dateModified\":\"2026-05-02T08:00:40+00:00\",\"description\":\"Posuvn\u00e1 ventilace pro pou\u017eit\u00ed v saun\u011b nebo infrasaun\u011b s mo\u017enost\u00ed regulace pr\u016ftoku vzduchu. Vyrobena z masivn\u00edho d\u0159eva osiky, borovice nebo cedru. Spole\u010dnost HARVIA AUSTRIA vyv\u00edj\u00ed a vyr\u00e1b\u00ed kvalitn\u00ed a inovativn\u00ed produkty ur\u010den\u00e9 k tomu, aby Va\u0161e chv\u00edle str\u00e1ven\u00e9 v saun\u011b byly co nejv\u00edce relaxuj\u00edc\u00ed.\",\"breadcrumb\":{\"@id\":\"https:\/\/anderskafka.cz\/eshop\/produkt\/sentiotec-posuvna-ventilace-do-sauny-obdelnikoveho-tvaru-s-regulaci-prutoku-vzduchu-z-borovice\/#breadcrumb\"},\"inLanguage\":\"cs\",\"potentialAction\":[{\"@type\":\"ReadAction\",\"target\":[\"https:\/\/anderskafka.cz\/eshop\/produkt\/sentiotec-posuvna-ventilace-do-sauny-obdelnikoveho-tvaru-s-regulaci-prutoku-vzduchu-z-borovice\/\"]}]},{\"@type\":\"BreadcrumbList\",\"@id\":\"https:\/\/anderskafka.cz\/eshop\/produkt\/sentiotec-posuvna-ventilace-do-sauny-obdelnikoveho-tvaru-s-regulaci-prutoku-vzduchu-z-borovice\/#breadcrumb\",\"itemListElement\":[{\"@type\":\"ListItem\",\"position\":1,\"name\":\"Obchod\",\"item\":\"https:\/\/anderskafka.cz\/eshop\/obchod\/\"},{\"@type\":\"ListItem\",\"position\":2,\"name\":\"HARVIA AUSTRIA posuvn\u00e1 ventilace do sauny obd\u00e9ln\u00edkov\u00e9ho tvaru s regulac\u00ed pr\u016ftoku vzduchu z osiky\/borovice\/cedru\"}]}]}<\/script>\n<!-- \/ Yoast SEO plugin. -->","yoast_head_json":{"title":"HARVIA AUSTRIA posuvn\u00e1 ventilace do sauny obd\u00e9ln\u00edkov\u00e9ho tvaru s regulac\u00ed pr\u016ftoku vzduchu z osiky\/borovice\/cedru - Anders &amp; Kafka E-SHOP","description":"Posuvn\u00e1 ventilace pro pou\u017eit\u00ed v saun\u011b nebo infrasaun\u011b s mo\u017enost\u00ed regulace pr\u016ftoku vzduchu. Vyrobena z masivn\u00edho d\u0159eva osiky, borovice nebo cedru. Spole\u010dnost HARVIA AUSTRIA vyv\u00edj\u00ed a vyr\u00e1b\u00ed kvalitn\u00ed a inovativn\u00ed produkty ur\u010den\u00e9 k tomu, aby Va\u0161e chv\u00edle str\u00e1ven\u00e9 v saun\u011b byly co nejv\u00edce relaxuj\u00edc\u00ed.","robots":{"index":"index","follow":"follow","max-snippet":"max-snippet:-1","max-image-preview":"max-image-preview:large","max-video-preview":"max-video-preview:-1"},"canonical":"https:\/\/anderskafka.cz\/eshop\/produkt\/sentiotec-posuvna-ventilace-do-sauny-obdelnikoveho-tvaru-s-regulaci-prutoku-vzduchu-z-borovice\/","og_locale":"cs_CZ","og_type":"article","og_title":"HARVIA AUSTRIA posuvn\u00e1 ventilace do sauny obd\u00e9ln\u00edkov\u00e9ho tvaru s regulac\u00ed pr\u016ftoku vzduchu z osiky\/borovice\/cedru - Anders &amp; Kafka E-SHOP","og_description":"Posuvn\u00e1 ventilace pro pou\u017eit\u00ed v saun\u011b nebo infrasaun\u011b s mo\u017enost\u00ed regulace pr\u016ftoku vzduchu. Vyrobena z masivn\u00edho d\u0159eva osiky, borovice nebo cedru. Spole\u010dnost HARVIA AUSTRIA vyv\u00edj\u00ed a vyr\u00e1b\u00ed kvalitn\u00ed a inovativn\u00ed produkty ur\u010den\u00e9 k tomu, aby Va\u0161e chv\u00edle str\u00e1ven\u00e9 v saun\u011b byly co nejv\u00edce relaxuj\u00edc\u00ed.","og_url":"https:\/\/anderskafka.cz\/eshop\/produkt\/sentiotec-posuvna-ventilace-do-sauny-obdelnikoveho-tvaru-s-regulaci-prutoku-vzduchu-z-borovice\/","og_site_name":"Anders &amp; Kafka E-SHOP","article_modified_time":"2026-05-02T08:00:40+00:00","og_image":[{"width":800,"height":800,"url":"https:\/\/anderskafka.cz\/eshop\/wp-content\/uploads\/sites\/3\/2023\/10\/odvetrani-sauny-posuvne-osika-2.jpg","type":"image\/jpeg"}],"twitter_card":"summary_large_image","twitter_misc":{"Odhadovan\u00e1 doba \u010dten\u00ed":"1 minuta"},"schema":{"@context":"https:\/\/schema.org","@graph":[{"@type":"WebSite","@id":"https:\/\/anderskafka.cz\/eshop\/#website","url":"https:\/\/anderskafka.cz\/eshop\/","name":"Anders &amp; Kafka E-SHOP","description":"Anders &amp; Kafka E-SHOP","potentialAction":[{"@type":"SearchAction","target":{"@type":"EntryPoint","urlTemplate":"https:\/\/anderskafka.cz\/eshop\/?s={search_term_string}"},"query-input":"required name=search_term_string"}],"inLanguage":"cs"},{"@type":"ImageObject","@id":"https:\/\/anderskafka.cz\/eshop\/produkt\/sentiotec-posuvna-ventilace-do-sauny-obdelnikoveho-tvaru-s-regulaci-prutoku-vzduchu-z-borovice\/#primaryimage","inLanguage":"cs","url":"https:\/\/anderskafka.cz\/eshop\/wp-content\/uploads\/sites\/3\/2023\/10\/odvetrani-sauny-posuvne-osika-2.jpg","contentUrl":"https:\/\/anderskafka.cz\/eshop\/wp-content\/uploads\/sites\/3\/2023\/10\/odvetrani-sauny-posuvne-osika-2.jpg","width":800,"height":800},{"@type":"WebPage","@id":"https:\/\/anderskafka.cz\/eshop\/produkt\/sentiotec-posuvna-ventilace-do-sauny-obdelnikoveho-tvaru-s-regulaci-prutoku-vzduchu-z-borovice\/#webpage","url":"https:\/\/anderskafka.cz\/eshop\/produkt\/sentiotec-posuvna-ventilace-do-sauny-obdelnikoveho-tvaru-s-regulaci-prutoku-vzduchu-z-borovice\/","name":"HARVIA AUSTRIA posuvn\u00e1 ventilace do sauny obd\u00e9ln\u00edkov\u00e9ho tvaru s regulac\u00ed pr\u016ftoku vzduchu z osiky\/borovice\/cedru - Anders &amp; Kafka E-SHOP","isPartOf":{"@id":"https:\/\/anderskafka.cz\/eshop\/#website"},"primaryImageOfPage":{"@id":"https:\/\/anderskafka.cz\/eshop\/produkt\/sentiotec-posuvna-ventilace-do-sauny-obdelnikoveho-tvaru-s-regulaci-prutoku-vzduchu-z-borovice\/#primaryimage"},"datePublished":"2023-10-26T09:55:04+00:00","dateModified":"2026-05-02T08:00:40+00:00","description":"Posuvn\u00e1 ventilace pro pou\u017eit\u00ed v saun\u011b nebo infrasaun\u011b s mo\u017enost\u00ed regulace pr\u016ftoku vzduchu. Vyrobena z masivn\u00edho d\u0159eva osiky, borovice nebo cedru. Spole\u010dnost HARVIA AUSTRIA vyv\u00edj\u00ed a vyr\u00e1b\u00ed kvalitn\u00ed a inovativn\u00ed produkty ur\u010den\u00e9 k tomu, aby Va\u0161e chv\u00edle str\u00e1ven\u00e9 v saun\u011b byly co nejv\u00edce relaxuj\u00edc\u00ed.","breadcrumb":{"@id":"https:\/\/anderskafka.cz\/eshop\/produkt\/sentiotec-posuvna-ventilace-do-sauny-obdelnikoveho-tvaru-s-regulaci-prutoku-vzduchu-z-borovice\/#breadcrumb"},"inLanguage":"cs","potentialAction":[{"@type":"ReadAction","target":["https:\/\/anderskafka.cz\/eshop\/produkt\/sentiotec-posuvna-ventilace-do-sauny-obdelnikoveho-tvaru-s-regulaci-prutoku-vzduchu-z-borovice\/"]}]},{"@type":"BreadcrumbList","@id":"https:\/\/anderskafka.cz\/eshop\/produkt\/sentiotec-posuvna-ventilace-do-sauny-obdelnikoveho-tvaru-s-regulaci-prutoku-vzduchu-z-borovice\/#breadcrumb","itemListElement":[{"@type":"ListItem","position":1,"name":"Obchod","item":"https:\/\/anderskafka.cz\/eshop\/obchod\/"},{"@type":"ListItem","position":2,"name":"HARVIA AUSTRIA posuvn\u00e1 ventilace do sauny obd\u00e9ln\u00edkov\u00e9ho tvaru s regulac\u00ed pr\u016ftoku vzduchu z osiky\/borovice\/cedru"}]}]}},"locations":[],"_links":{"self":[{"href":"https:\/\/anderskafka.cz\/eshop\/wp-json\/wp\/v2\/product\/4499"}],"collection":[{"href":"https:\/\/anderskafka.cz\/eshop\/wp-json\/wp\/v2\/product"}],"about":[{"href":"https:\/\/anderskafka.cz\/eshop\/wp-json\/wp\/v2\/types\/product"}],"replies":[{"embeddable":true,"href":"https:\/\/anderskafka.cz\/eshop\/wp-json\/wp\/v2\/comments?post=4499"}],"wp:featuredmedia":[{"embeddable":true,"href":"https:\/\/anderskafka.cz\/eshop\/wp-json\/wp\/v2\/media\/4725"}],"wp:attachment":[{"href":"https:\/\/anderskafka.cz\/eshop\/wp-json\/wp\/v2\/media?parent=4499"}],"wp:term":[{"taxonomy":"location","embeddable":true,"href":"https:\/\/anderskafka.cz\/eshop\/wp-json\/wp\/v2\/location?post=4499"},{"taxonomy":"product_cat","embeddable":true,"href":"https:\/\/anderskafka.cz\/eshop\/wp-json\/wp\/v2\/product_cat?post=4499"},{"taxonomy":"product_tag","embeddable":true,"href":"https:\/\/anderskafka.cz\/eshop\/wp-json\/wp\/v2\/product_tag?post=4499"}],"curies":[{"name":"wp","href":"https:\/\/api.w.org\/{rel}","templated":true}]}}