{"id":4510,"date":"2023-10-28T08:21:33","date_gmt":"2023-10-28T06:21:33","guid":{"rendered":"https:\/\/anderskafka.cz\/eshop\/?post_type=product&#038;p=4510"},"modified":"2025-03-05T06:11:06","modified_gmt":"2025-03-05T05:11:06","slug":"tulikivi-deco-white-dekoracni-saunove-kameny-velikosti-5-10-cm-10-kg","status":"publish","type":"product","link":"https:\/\/anderskafka.cz\/eshop\/produkt\/tulikivi-deco-white-dekoracni-saunove-kameny-velikosti-5-10-cm-10-kg\/","title":{"rendered":"TULIKIVI deco white \u2013 dekora\u010dn\u00ed saunov\u00e9 kameny velikosti 5 \u2013 10 cm, 10 kg"},"content":{"rendered":"<p>Kameny Tulikivi Deco White lze pou\u017e\u00edt jako dekora\u010dn\u00ed prvek na b\u011b\u017en\u00e9 kameny. Tyto kameny um\u00edst\u011bn\u00e9 na b\u011b\u017en\u00fdch saunov\u00fdch kamenech dod\u00e1vaj\u00ed saun\u011b \u010dist\u00fd a jasn\u00fd vzhled. Kameny Deco lze pou\u017e\u00edt bu\u010f s elektrick\u00fdm topn\u00fdm t\u011blesem, nebo topn\u00fdm t\u011blesem na d\u0159evo.<\/p>\n<p>Kameny pravideln\u011b p\u0159eskupujte, abyste cirkulaci vzduchu zlep\u0161ili. Odstra\u0148te a vym\u011b\u0148te popraskan\u00e9 kameny.<\/p>\n<p>P\u0159ed prvn\u00edm pou\u017eit\u00edm doporu\u010dujeme opl\u00e1chnout ve\u0161ker\u00fd prach nebo skvrny z kamen\u016f, abyste se vyhnuli nep\u0159\u00edjemn\u00e9mu z\u00e1pachu.<\/p>\n<p>Velikost kamen\u016f: 5 &#8211; 10 cm<\/p>\n<p>Obsah balen\u00ed: 10 kg<\/p>\n<p><span style=\"color: #333333\">Alespo\u0148 jednou za rok saunov\u00e9 kameny kontrolujte. Kameny v p\u0159\u00edm\u00e9m kontaktu s topn\u00fdmi t\u011blesy jsou vystaveny extr\u00e9mn\u00edm tepeln\u00fdm podm\u00ednk\u00e1m. Rychl\u00e9 zm\u011bny teploty zp\u016fsobuj\u00ed mal\u00e9 trhlinky v kamenech, kter\u00e9 vedou v pr\u016fb\u011bhu \u010dasu k jejich rozpadu. Mal\u00e9 \u010d\u00e1stice mohou padat dol\u016f a zablokovat spr\u00e1vnou cirkulaci vzduchu. To m\u016f\u017ee zp\u016fsobit nep\u0159etr\u017eit\u00e9 p\u0159eh\u0159\u00e1t\u00ed a zkr\u00e1tit \u017eivotnost oh\u0159\u00edva\u010de a topn\u00fdch t\u011bles. Proto v\u017edy pokl\u00e1dejte tyto deco kameny na vrstvu klasick\u00fdch saunov\u00fdch kamen\u016f, kter\u00e9 jsou polo\u017eeny tak, aby zakryli topn\u00e9 t\u011blesa a tak zabr\u00e1n\u00ed p\u0159\u00edm\u00e9mu kontaktu s topn\u00fdmi t\u011blesy.<\/span><\/p>\n","protected":false},"excerpt":{"rendered":"<p>Kameny Tulikivi Deco White lze pou\u017e\u00edt jako dekora\u010dn\u00ed prvek na b\u011b\u017en\u00e9 kameny. Tyto kameny um\u00edst\u011bn\u00e9 na b\u011b\u017en\u00fdch saunov\u00fdch kamenech dod\u00e1vaj\u00ed saun\u011b \u010dist\u00fd a jasn\u00fd vzhled. Kameny Deco lze pou\u017e\u00edt bu\u010f s elektrick\u00fdm topn\u00fdm t\u011blesem, nebo topn\u00fdm t\u011blesem na d\u0159evo.<\/p>\n<p>Nejv\u011bt\u0161\u00ed finsk\u00fd zpracovatel kamene spole\u010dnost Tulikivi je v\u00fdrobce modern\u00edch a modul\u00e1rn\u00edch saunov\u00fdch topidel, kde estetika je v\u017edy prim\u00e1rn\u00edm hlediskem k zaji\u0161t\u011bn\u00ed skute\u010dn\u011b relaxa\u010dn\u00edho z\u00e1\u017eitku ze saunov\u00e1n\u00ed.<\/p>\n<p><img loading=\"lazy\" class=\"alignnone size-medium wp-image-1579 aligncenter\" src=\"https:\/\/anderskafka.cz\/eshop\/wp-content\/uploads\/sites\/3\/2022\/12\/MADEINFINNLAND-300x246.jpg\" alt=\"\" width=\"300\" height=\"246\" srcset=\"https:\/\/anderskafka.cz\/eshop\/wp-content\/uploads\/sites\/3\/2022\/12\/MADEINFINNLAND-300x246.jpg 300w, https:\/\/anderskafka.cz\/eshop\/wp-content\/uploads\/sites\/3\/2022\/12\/MADEINFINNLAND-64x52.jpg 64w, https:\/\/anderskafka.cz\/eshop\/wp-content\/uploads\/sites\/3\/2022\/12\/MADEINFINNLAND.jpg 500w\" sizes=\"(max-width: 300px) 100vw, 300px\" \/><\/p>\n","protected":false},"featured_media":4491,"comment_status":"open","ping_status":"closed","template":"","meta":{"site-sidebar-layout":"default","site-content-layout":"default","ast-main-header-display":"","ast-hfb-above-header-display":"","ast-hfb-below-header-display":"","ast-hfb-mobile-header-display":"","site-post-title":"","ast-breadcrumbs-content":"","ast-featured-img":"","footer-sml-layout":"","theme-transparent-header-meta":"","adv-header-id-meta":"","stick-header-meta":"","header-above-stick-meta":"","header-main-stick-meta":"","header-below-stick-meta":""},"location":[],"product_cat":[801],"product_tag":[1051],"yoast_head":"<!-- This site is optimized with the Yoast SEO plugin v18.5.1 - https:\/\/yoast.com\/wordpress\/plugins\/seo\/ -->\n<title>TULIKIVI deco white \u2013 dekora\u010dn\u00ed saunov\u00e9 kameny velikosti 5 \u2013 10 cm, 10 kg - Anders &amp; Kafka E-SHOP<\/title>\n<meta name=\"description\" content=\"Kameny Tulikivi Deco White lze pou\u017e\u00edt jako dekora\u010dn\u00ed prvek na b\u011b\u017en\u00e9 kameny. Tyto kameny um\u00edst\u011bn\u00e9 na b\u011b\u017en\u00fdch saunov\u00fdch kamenech dod\u00e1vaj\u00ed saun\u011b \u010dist\u00fd a jasn\u00fd vzhled. Kameny Deco lze pou\u017e\u00edt bu\u010f s elektrick\u00fdm topn\u00fdm t\u011blesem, nebo topn\u00fdm t\u011blesem na d\u0159evo.  Nejv\u011bt\u0161\u00ed finsk\u00fd zpracovatel kamene spole\u010dnost Tulikivi je v\u00fdrobce modern\u00edch a modul\u00e1rn\u00edch saunov\u00fdch topidel, kde estetika je v\u017edy prim\u00e1rn\u00edm hlediskem k zaji\u0161t\u011bn\u00ed skute\u010dn\u011b relaxa\u010dn\u00edho z\u00e1\u017eitku ze saunov\u00e1n\u00ed.\" \/>\n<meta name=\"robots\" content=\"index, follow, max-snippet:-1, max-image-preview:large, max-video-preview:-1\" \/>\n<link rel=\"canonical\" href=\"https:\/\/anderskafka.cz\/eshop\/produkt\/tulikivi-deco-white-dekoracni-saunove-kameny-velikosti-5-10-cm-10-kg\/\" \/>\n<meta property=\"og:locale\" content=\"cs_CZ\" \/>\n<meta property=\"og:type\" content=\"article\" \/>\n<meta property=\"og:title\" content=\"TULIKIVI deco white \u2013 dekora\u010dn\u00ed saunov\u00e9 kameny velikosti 5 \u2013 10 cm, 10 kg - Anders &amp; Kafka E-SHOP\" \/>\n<meta property=\"og:description\" content=\"Kameny Tulikivi Deco White lze pou\u017e\u00edt jako dekora\u010dn\u00ed prvek na b\u011b\u017en\u00e9 kameny. Tyto kameny um\u00edst\u011bn\u00e9 na b\u011b\u017en\u00fdch saunov\u00fdch kamenech dod\u00e1vaj\u00ed saun\u011b \u010dist\u00fd a jasn\u00fd vzhled. Kameny Deco lze pou\u017e\u00edt bu\u010f s elektrick\u00fdm topn\u00fdm t\u011blesem, nebo topn\u00fdm t\u011blesem na d\u0159evo.  Nejv\u011bt\u0161\u00ed finsk\u00fd zpracovatel kamene spole\u010dnost Tulikivi je v\u00fdrobce modern\u00edch a modul\u00e1rn\u00edch saunov\u00fdch topidel, kde estetika je v\u017edy prim\u00e1rn\u00edm hlediskem k zaji\u0161t\u011bn\u00ed skute\u010dn\u011b relaxa\u010dn\u00edho z\u00e1\u017eitku ze saunov\u00e1n\u00ed.\" \/>\n<meta property=\"og:url\" content=\"https:\/\/anderskafka.cz\/eshop\/produkt\/tulikivi-deco-white-dekoracni-saunove-kameny-velikosti-5-10-cm-10-kg\/\" \/>\n<meta property=\"og:site_name\" content=\"Anders &amp; Kafka E-SHOP\" \/>\n<meta property=\"article:modified_time\" content=\"2025-03-05T05:11:06+00:00\" \/>\n<meta property=\"og:image\" content=\"https:\/\/anderskafka.cz\/eshop\/wp-content\/uploads\/sites\/3\/2023\/10\/SS034.jpg\" \/>\n\t<meta property=\"og:image:width\" content=\"1024\" \/>\n\t<meta property=\"og:image:height\" content=\"1024\" \/>\n\t<meta property=\"og:image:type\" content=\"image\/jpeg\" \/>\n<meta name=\"twitter:card\" content=\"summary_large_image\" \/>\n<meta name=\"twitter:label1\" content=\"Odhadovan\u00e1 doba \u010dten\u00ed\" \/>\n\t<meta name=\"twitter:data1\" content=\"1 minuta\" \/>\n<script type=\"application\/ld+json\" class=\"yoast-schema-graph\">{\"@context\":\"https:\/\/schema.org\",\"@graph\":[{\"@type\":\"WebSite\",\"@id\":\"https:\/\/anderskafka.cz\/eshop\/#website\",\"url\":\"https:\/\/anderskafka.cz\/eshop\/\",\"name\":\"Anders &amp; Kafka E-SHOP\",\"description\":\"Anders &amp; Kafka E-SHOP\",\"potentialAction\":[{\"@type\":\"SearchAction\",\"target\":{\"@type\":\"EntryPoint\",\"urlTemplate\":\"https:\/\/anderskafka.cz\/eshop\/?s={search_term_string}\"},\"query-input\":\"required name=search_term_string\"}],\"inLanguage\":\"cs\"},{\"@type\":\"ImageObject\",\"@id\":\"https:\/\/anderskafka.cz\/eshop\/produkt\/tulikivi-deco-white-dekoracni-saunove-kameny-velikosti-5-10-cm-10-kg\/#primaryimage\",\"inLanguage\":\"cs\",\"url\":\"https:\/\/anderskafka.cz\/eshop\/wp-content\/uploads\/sites\/3\/2023\/10\/SS034.jpg\",\"contentUrl\":\"https:\/\/anderskafka.cz\/eshop\/wp-content\/uploads\/sites\/3\/2023\/10\/SS034.jpg\",\"width\":1024,\"height\":1024},{\"@type\":\"WebPage\",\"@id\":\"https:\/\/anderskafka.cz\/eshop\/produkt\/tulikivi-deco-white-dekoracni-saunove-kameny-velikosti-5-10-cm-10-kg\/#webpage\",\"url\":\"https:\/\/anderskafka.cz\/eshop\/produkt\/tulikivi-deco-white-dekoracni-saunove-kameny-velikosti-5-10-cm-10-kg\/\",\"name\":\"TULIKIVI deco white \u2013 dekora\u010dn\u00ed saunov\u00e9 kameny velikosti 5 \u2013 10 cm, 10 kg - Anders &amp; Kafka E-SHOP\",\"isPartOf\":{\"@id\":\"https:\/\/anderskafka.cz\/eshop\/#website\"},\"primaryImageOfPage\":{\"@id\":\"https:\/\/anderskafka.cz\/eshop\/produkt\/tulikivi-deco-white-dekoracni-saunove-kameny-velikosti-5-10-cm-10-kg\/#primaryimage\"},\"datePublished\":\"2023-10-28T06:21:33+00:00\",\"dateModified\":\"2025-03-05T05:11:06+00:00\",\"description\":\"Kameny Tulikivi Deco White lze pou\u017e\u00edt jako dekora\u010dn\u00ed prvek na b\u011b\u017en\u00e9 kameny. Tyto kameny um\u00edst\u011bn\u00e9 na b\u011b\u017en\u00fdch saunov\u00fdch kamenech dod\u00e1vaj\u00ed saun\u011b \u010dist\u00fd a jasn\u00fd vzhled. Kameny Deco lze pou\u017e\u00edt bu\u010f s elektrick\u00fdm topn\u00fdm t\u011blesem, nebo topn\u00fdm t\u011blesem na d\u0159evo. Nejv\u011bt\u0161\u00ed finsk\u00fd zpracovatel kamene spole\u010dnost Tulikivi je v\u00fdrobce modern\u00edch a modul\u00e1rn\u00edch saunov\u00fdch topidel, kde estetika je v\u017edy prim\u00e1rn\u00edm hlediskem k zaji\u0161t\u011bn\u00ed skute\u010dn\u011b relaxa\u010dn\u00edho z\u00e1\u017eitku ze saunov\u00e1n\u00ed.\",\"breadcrumb\":{\"@id\":\"https:\/\/anderskafka.cz\/eshop\/produkt\/tulikivi-deco-white-dekoracni-saunove-kameny-velikosti-5-10-cm-10-kg\/#breadcrumb\"},\"inLanguage\":\"cs\",\"potentialAction\":[{\"@type\":\"ReadAction\",\"target\":[\"https:\/\/anderskafka.cz\/eshop\/produkt\/tulikivi-deco-white-dekoracni-saunove-kameny-velikosti-5-10-cm-10-kg\/\"]}]},{\"@type\":\"BreadcrumbList\",\"@id\":\"https:\/\/anderskafka.cz\/eshop\/produkt\/tulikivi-deco-white-dekoracni-saunove-kameny-velikosti-5-10-cm-10-kg\/#breadcrumb\",\"itemListElement\":[{\"@type\":\"ListItem\",\"position\":1,\"name\":\"Obchod\",\"item\":\"https:\/\/anderskafka.cz\/eshop\/obchod\/\"},{\"@type\":\"ListItem\",\"position\":2,\"name\":\"TULIKIVI deco white \u2013 dekora\u010dn\u00ed saunov\u00e9 kameny velikosti 5 \u2013 10 cm, 10 kg\"}]}]}<\/script>\n<!-- \/ Yoast SEO plugin. -->","yoast_head_json":{"title":"TULIKIVI deco white \u2013 dekora\u010dn\u00ed saunov\u00e9 kameny velikosti 5 \u2013 10 cm, 10 kg - Anders &amp; Kafka E-SHOP","description":"Kameny Tulikivi Deco White lze pou\u017e\u00edt jako dekora\u010dn\u00ed prvek na b\u011b\u017en\u00e9 kameny. Tyto kameny um\u00edst\u011bn\u00e9 na b\u011b\u017en\u00fdch saunov\u00fdch kamenech dod\u00e1vaj\u00ed saun\u011b \u010dist\u00fd a jasn\u00fd vzhled. Kameny Deco lze pou\u017e\u00edt bu\u010f s elektrick\u00fdm topn\u00fdm t\u011blesem, nebo topn\u00fdm t\u011blesem na d\u0159evo.  Nejv\u011bt\u0161\u00ed finsk\u00fd zpracovatel kamene spole\u010dnost Tulikivi je v\u00fdrobce modern\u00edch a modul\u00e1rn\u00edch saunov\u00fdch topidel, kde estetika je v\u017edy prim\u00e1rn\u00edm hlediskem k zaji\u0161t\u011bn\u00ed skute\u010dn\u011b relaxa\u010dn\u00edho z\u00e1\u017eitku ze saunov\u00e1n\u00ed.","robots":{"index":"index","follow":"follow","max-snippet":"max-snippet:-1","max-image-preview":"max-image-preview:large","max-video-preview":"max-video-preview:-1"},"canonical":"https:\/\/anderskafka.cz\/eshop\/produkt\/tulikivi-deco-white-dekoracni-saunove-kameny-velikosti-5-10-cm-10-kg\/","og_locale":"cs_CZ","og_type":"article","og_title":"TULIKIVI deco white \u2013 dekora\u010dn\u00ed saunov\u00e9 kameny velikosti 5 \u2013 10 cm, 10 kg - Anders &amp; Kafka E-SHOP","og_description":"Kameny Tulikivi Deco White lze pou\u017e\u00edt jako dekora\u010dn\u00ed prvek na b\u011b\u017en\u00e9 kameny. Tyto kameny um\u00edst\u011bn\u00e9 na b\u011b\u017en\u00fdch saunov\u00fdch kamenech dod\u00e1vaj\u00ed saun\u011b \u010dist\u00fd a jasn\u00fd vzhled. Kameny Deco lze pou\u017e\u00edt bu\u010f s elektrick\u00fdm topn\u00fdm t\u011blesem, nebo topn\u00fdm t\u011blesem na d\u0159evo.  Nejv\u011bt\u0161\u00ed finsk\u00fd zpracovatel kamene spole\u010dnost Tulikivi je v\u00fdrobce modern\u00edch a modul\u00e1rn\u00edch saunov\u00fdch topidel, kde estetika je v\u017edy prim\u00e1rn\u00edm hlediskem k zaji\u0161t\u011bn\u00ed skute\u010dn\u011b relaxa\u010dn\u00edho z\u00e1\u017eitku ze saunov\u00e1n\u00ed.","og_url":"https:\/\/anderskafka.cz\/eshop\/produkt\/tulikivi-deco-white-dekoracni-saunove-kameny-velikosti-5-10-cm-10-kg\/","og_site_name":"Anders &amp; Kafka E-SHOP","article_modified_time":"2025-03-05T05:11:06+00:00","og_image":[{"width":1024,"height":1024,"url":"https:\/\/anderskafka.cz\/eshop\/wp-content\/uploads\/sites\/3\/2023\/10\/SS034.jpg","type":"image\/jpeg"}],"twitter_card":"summary_large_image","twitter_misc":{"Odhadovan\u00e1 doba \u010dten\u00ed":"1 minuta"},"schema":{"@context":"https:\/\/schema.org","@graph":[{"@type":"WebSite","@id":"https:\/\/anderskafka.cz\/eshop\/#website","url":"https:\/\/anderskafka.cz\/eshop\/","name":"Anders &amp; Kafka E-SHOP","description":"Anders &amp; Kafka E-SHOP","potentialAction":[{"@type":"SearchAction","target":{"@type":"EntryPoint","urlTemplate":"https:\/\/anderskafka.cz\/eshop\/?s={search_term_string}"},"query-input":"required name=search_term_string"}],"inLanguage":"cs"},{"@type":"ImageObject","@id":"https:\/\/anderskafka.cz\/eshop\/produkt\/tulikivi-deco-white-dekoracni-saunove-kameny-velikosti-5-10-cm-10-kg\/#primaryimage","inLanguage":"cs","url":"https:\/\/anderskafka.cz\/eshop\/wp-content\/uploads\/sites\/3\/2023\/10\/SS034.jpg","contentUrl":"https:\/\/anderskafka.cz\/eshop\/wp-content\/uploads\/sites\/3\/2023\/10\/SS034.jpg","width":1024,"height":1024},{"@type":"WebPage","@id":"https:\/\/anderskafka.cz\/eshop\/produkt\/tulikivi-deco-white-dekoracni-saunove-kameny-velikosti-5-10-cm-10-kg\/#webpage","url":"https:\/\/anderskafka.cz\/eshop\/produkt\/tulikivi-deco-white-dekoracni-saunove-kameny-velikosti-5-10-cm-10-kg\/","name":"TULIKIVI deco white \u2013 dekora\u010dn\u00ed saunov\u00e9 kameny velikosti 5 \u2013 10 cm, 10 kg - Anders &amp; Kafka E-SHOP","isPartOf":{"@id":"https:\/\/anderskafka.cz\/eshop\/#website"},"primaryImageOfPage":{"@id":"https:\/\/anderskafka.cz\/eshop\/produkt\/tulikivi-deco-white-dekoracni-saunove-kameny-velikosti-5-10-cm-10-kg\/#primaryimage"},"datePublished":"2023-10-28T06:21:33+00:00","dateModified":"2025-03-05T05:11:06+00:00","description":"Kameny Tulikivi Deco White lze pou\u017e\u00edt jako dekora\u010dn\u00ed prvek na b\u011b\u017en\u00e9 kameny. Tyto kameny um\u00edst\u011bn\u00e9 na b\u011b\u017en\u00fdch saunov\u00fdch kamenech dod\u00e1vaj\u00ed saun\u011b \u010dist\u00fd a jasn\u00fd vzhled. Kameny Deco lze pou\u017e\u00edt bu\u010f s elektrick\u00fdm topn\u00fdm t\u011blesem, nebo topn\u00fdm t\u011blesem na d\u0159evo. Nejv\u011bt\u0161\u00ed finsk\u00fd zpracovatel kamene spole\u010dnost Tulikivi je v\u00fdrobce modern\u00edch a modul\u00e1rn\u00edch saunov\u00fdch topidel, kde estetika je v\u017edy prim\u00e1rn\u00edm hlediskem k zaji\u0161t\u011bn\u00ed skute\u010dn\u011b relaxa\u010dn\u00edho z\u00e1\u017eitku ze saunov\u00e1n\u00ed.","breadcrumb":{"@id":"https:\/\/anderskafka.cz\/eshop\/produkt\/tulikivi-deco-white-dekoracni-saunove-kameny-velikosti-5-10-cm-10-kg\/#breadcrumb"},"inLanguage":"cs","potentialAction":[{"@type":"ReadAction","target":["https:\/\/anderskafka.cz\/eshop\/produkt\/tulikivi-deco-white-dekoracni-saunove-kameny-velikosti-5-10-cm-10-kg\/"]}]},{"@type":"BreadcrumbList","@id":"https:\/\/anderskafka.cz\/eshop\/produkt\/tulikivi-deco-white-dekoracni-saunove-kameny-velikosti-5-10-cm-10-kg\/#breadcrumb","itemListElement":[{"@type":"ListItem","position":1,"name":"Obchod","item":"https:\/\/anderskafka.cz\/eshop\/obchod\/"},{"@type":"ListItem","position":2,"name":"TULIKIVI deco white \u2013 dekora\u010dn\u00ed saunov\u00e9 kameny velikosti 5 \u2013 10 cm, 10 kg"}]}]}},"locations":[],"_links":{"self":[{"href":"https:\/\/anderskafka.cz\/eshop\/wp-json\/wp\/v2\/product\/4510"}],"collection":[{"href":"https:\/\/anderskafka.cz\/eshop\/wp-json\/wp\/v2\/product"}],"about":[{"href":"https:\/\/anderskafka.cz\/eshop\/wp-json\/wp\/v2\/types\/product"}],"replies":[{"embeddable":true,"href":"https:\/\/anderskafka.cz\/eshop\/wp-json\/wp\/v2\/comments?post=4510"}],"wp:featuredmedia":[{"embeddable":true,"href":"https:\/\/anderskafka.cz\/eshop\/wp-json\/wp\/v2\/media\/4491"}],"wp:attachment":[{"href":"https:\/\/anderskafka.cz\/eshop\/wp-json\/wp\/v2\/media?parent=4510"}],"wp:term":[{"taxonomy":"location","embeddable":true,"href":"https:\/\/anderskafka.cz\/eshop\/wp-json\/wp\/v2\/location?post=4510"},{"taxonomy":"product_cat","embeddable":true,"href":"https:\/\/anderskafka.cz\/eshop\/wp-json\/wp\/v2\/product_cat?post=4510"},{"taxonomy":"product_tag","embeddable":true,"href":"https:\/\/anderskafka.cz\/eshop\/wp-json\/wp\/v2\/product_tag?post=4510"}],"curies":[{"name":"wp","href":"https:\/\/api.w.org\/{rel}","templated":true}]}}