{"id":4581,"date":"2023-10-31T20:31:30","date_gmt":"2023-10-31T19:31:30","guid":{"rendered":"https:\/\/anderskafka.cz\/eshop\/?post_type=product&#038;p=4581"},"modified":"2026-04-21T10:32:59","modified_gmt":"2026-04-21T08:32:59","slug":"eos-emotouch-3-ridici-jednotka-s-dotykovym-displejem-k-sofistikovanemu-systemu-rizeni-wellness","status":"publish","type":"product","link":"https:\/\/anderskafka.cz\/eshop\/produkt\/eos-emotouch-3-ridici-jednotka-s-dotykovym-displejem-k-sofistikovanemu-systemu-rizeni-wellness\/","title":{"rendered":"EOS EMOTOUCH 3 \u2013 \u0159\u00eddic\u00ed jednotka s dotykov\u00fdm displejem k sofistikovan\u00e9mu syst\u00e9mu \u0159\u00edzen\u00ed wellness"},"content":{"rendered":"<p>Pomoc\u00ed jedin\u00e9ho displeje EOS EmoTouch 3 m\u016f\u017eete ovl\u00e1dat a\u017e osm samostatn\u00fdch kabin.<\/p>\n<p>EmoTouch, kdysi uv\u00e1d\u011bn\u00fd jako klasick\u00e1 \u0159\u00eddic\u00ed jednotka sauny, se ve 4. generaci rozrostl do sofistikovan\u00e9ho \u0161k\u00e1lovateln\u00e9ho syst\u00e9mu \u0159\u00edzen\u00ed wellness. Nyn\u00ed EOS EmoTouch 3 umo\u017e\u0148uje ovl\u00e1dat \u0161irokou \u0161k\u00e1lu wellness aplikac\u00ed d\u00edky samostatn\u00fdm modul\u016fm LSG.<\/p>\n<p>Moduly a typy kabin:<\/p>\n<p>LSG Sauna &#8211; pro tradi\u010dn\u00ed sauny (such\u00e9 a vlhk\u00e9)<br \/>\nLSG Steam &#8211; pro parn\u00ed kabiny (tak\u00e9 s gener\u00e1tory jin\u00fdch zna\u010dek)<br \/>\nLSG Hamam &#8211; pro tradi\u010dn\u00ed tureck\u00e9 l\u00e1zn\u011b (hamam) nebo pro tradi\u010dn\u00ed \u0159\u00edmsk\u00e9 l\u00e1zn\u011b (Laconium, Tepidarum)<br \/>\nSteamRock Premium &#8211; pro parn\u00ed l\u00e1zn\u011b nebo marock\u00e9 koupele (vlhk\u00fd hamam)<br \/>\nLSG Infrared &#8211; pro infra\u010derven\u00e9 vyh\u0159\u00edvac\u00ed kabiny<br \/>\nKombinujte kabiny, jak si p\u0159ejete a po\u017eadujete: V ka\u017ed\u00e9 kabin\u011b m\u016f\u017eete regulovat nejen vyt\u00e1p\u011bn\u00ed, ale velk\u00e9 mno\u017estv\u00ed dopl\u0148kov\u00fdch funkc\u00ed &#8211; osv\u011btlen\u00ed kabiny, ventilace a speci\u00e1ln\u00ed roz\u0161i\u0159uj\u00edc\u00ed moduly umo\u017e\u0148uj\u00ed ovl\u00e1d\u00e1n\u00ed barevn\u00fdch LED sv\u011bteln\u00fdch efekt\u016f, hudby a mnoho dal\u0161\u00edho.<\/p>\n<p style=\"font-weight: 400\">Pouze jeden exkluzivn\u00ed p\u0159edn\u00ed sklen\u011bn\u00fd displej bez obrou\u010dek se 7\u201c kapacitn\u00edm barevn\u00fdm dotykov\u00fdm panelem \u2013 umo\u017e\u0148uje rychlej\u0161\u00ed, jednodu\u0161\u0161\u00ed a intuitivn\u011bj\u0161\u00ed ovl\u00e1d\u00e1n\u00ed saun.<br \/>\nOvl\u00e1d\u00e1n\u00ed v\u00edce kabin &#8211; jeden zobrazovac\u00ed panel nahrad\u00ed a\u017e 8 samostatn\u00fdch ovl\u00e1dac\u00edch panel\u016f pro r\u016fzn\u00e9 typy kabin &#8211; sauna, infra, p\u00e1ra a dal\u0161\u00ed.<br \/>\nPln\u011b p\u0159epracovan\u00e9 grafick\u00e9 u\u017eivatelsk\u00e9 rozhran\u00ed umo\u017e\u0148uje p\u0159\u00edm\u00fd, intuitivn\u00ed p\u0159\u00edstup ke v\u0161em funkc\u00edm a nastaven\u00edm, v\u010detn\u011b volby r\u016fzn\u00fdch design\u016f kabiny (t\u00e9mat).<br \/>\nSnadn\u00e1 navigace pomoc\u00ed ikon a jasn\u00fd textov\u00fd popis funkc\u00ed ve 20 jazyc\u00edch &#8211; (DE, EN, FR, RU, ES, NL, IT, PL, SLO, FIN, TR, CZ, RO, BG, HU, HR, SK, DK, SLK, CN).<br \/>\nServisn\u00ed \u00farove\u0148 chr\u00e1n\u011bn\u00e1 PIN k\u00f3dem pro roz\u0161\u00ed\u0159en\u00e9 nastaven\u00ed a jemn\u00e9 dolad\u011bn\u00ed \u2013 umo\u017e\u0148uje upravit ovl\u00e1d\u00e1n\u00ed tak, aby vyhovovalo individu\u00e1ln\u00edm pot\u0159eb\u00e1m.<br \/>\nInovativn\u00ed \u0159\u00edzen\u00e9 nastaven\u00ed, jasn\u00e9 textov\u00e9 zpr\u00e1vy (funkce, chyby) a \u010detn\u00e9 inteligentn\u00ed ovl\u00e1dac\u00ed funkce &#8211; aby byla regulace jednoduch\u00e1, rychl\u00e1 a snadn\u00e1 jako nikdy p\u0159edt\u00edm.<br \/>\nPr\u00e9miov\u00e9 funkce &#8211; T\u00fddenn\u00ed \u010dasova\u010d (4 programy \/ den) s individu\u00e1ln\u00edm nastaven\u00edm klimatu.<br \/>\nOvl\u00e1dejte ka\u017edou p\u0159ipojenou kabinu jednotliv\u011b nebo je ovl\u00e1dejte v\u0161echny najednou.<br \/>\nDopl\u0148kov\u00e9 funkce pro ka\u017edou kabinu &#8211; barevn\u00e9 sv\u011btlo, zvuk, ventil\u00e1tor, d\u00e1lkov\u00e9 ovl\u00e1d\u00e1n\u00ed atd.<br \/>\nMo\u017enost d\u00e1lkov\u00e9ho ovl\u00e1d\u00e1n\u00ed ze smartphonu s bezplatnou aplikac\u00ed EOS Spa Control.<br \/>\nInstala\u010dn\u00ed vzd\u00e1lenost a\u017e 50 m mezi dotykov\u00fdm displejem a kabinou sauny &#8211; 5 m propojovac\u00ed kabel sou\u010d\u00e1st\u00ed dod\u00e1vky.<br \/>\nBudoucnost \u2013 firmware EOS EmoTouch 3 lze snadno aktualizovat na m\u00edst\u011b.<br \/>\nFunkce z\u00e1lohov\u00e1n\u00ed a obnovy syst\u00e9mu a obrazu syst\u00e9mu \u2013 pom\u00e1h\u00e1 u\u0161et\u0159it drahocenn\u00fd \u010das na nastaven\u00ed syst\u00e9mu, nap\u0159. po resetu.<br \/>\nVysok\u00e9 bezpe\u010dnostn\u00ed standardy odpov\u00eddaj\u00ed nejnov\u011bj\u0161\u00edm norm\u00e1m EU<\/p>\n<p><strong>Rozsah doda\u0301vky:<br \/>\n<\/strong>Ovl\u00e1dac\u00ed panel Emotouch3<br \/>\nVy\u0301konovy\u0301 prvek<br \/>\nTeplotn\u00ed \u010didlo topidla s integrovanou pojistkou proti pr\u030cehr\u030ci\u0301va\u0301ni\u0301 s 5 m kabelem<br \/>\nMonta\u0301z\u030cni\u0301 materi\u00e1l<\/p>\n","protected":false},"excerpt":{"rendered":"<div>\n<p>Pomoc\u00ed jedin\u00e9ho displeje EOS EmoTouch 3 m\u016f\u017eete ovl\u00e1dat a\u017e osm samostatn\u00fdch kabin.<\/p>\n<p>EmoTouch, kdysi uv\u00e1d\u011bn\u00fd jako klasick\u00e1 \u0159\u00eddic\u00ed jednotka sauny, se ve 4. generaci rozrostl do sofistikovan\u00e9ho \u0161k\u00e1lovateln\u00e9ho syst\u00e9mu \u0159\u00edzen\u00ed wellness. Nyn\u00ed EOS EmoTouch 3 umo\u017e\u0148uje ovl\u00e1dat \u0161irokou \u0161k\u00e1lu wellness aplikac\u00ed d\u00edky samostatn\u00fdm modul\u016fm LSG v\u010detn\u011b<span style=\"font-size: 16px;font-style: normal\">\u00a0ovl\u00e1d\u00e1n\u00ed pomoc\u00ed chytr\u00e9 aplikace z mobiln\u00edho za\u0159\u00edzen\u00ed.<\/span><\/p>\n<p><span style=\"font-size: 16px\">EOS, nejkvalitn\u011bj\u0161\u00ed produkty pro saunu vyroben\u00e9 v N\u011bmecku s 50ti letou tradic\u00ed.<\/span><img loading=\"lazy\" class=\"alignnone size-full wp-image-1496 aligncenter\" src=\"https:\/\/anderskafka.cz\/eshop\/wp-content\/uploads\/sites\/3\/2022\/12\/made-in-germany-label-icon-of-german-flag-map-vector-22965302.jpg\" alt=\"\" width=\"250\" height=\"250\" srcset=\"https:\/\/anderskafka.cz\/eshop\/wp-content\/uploads\/sites\/3\/2022\/12\/made-in-germany-label-icon-of-german-flag-map-vector-22965302.jpg 250w, https:\/\/anderskafka.cz\/eshop\/wp-content\/uploads\/sites\/3\/2022\/12\/made-in-germany-label-icon-of-german-flag-map-vector-22965302-150x150.jpg 150w, https:\/\/anderskafka.cz\/eshop\/wp-content\/uploads\/sites\/3\/2022\/12\/made-in-germany-label-icon-of-german-flag-map-vector-22965302-100x100.jpg 100w, https:\/\/anderskafka.cz\/eshop\/wp-content\/uploads\/sites\/3\/2022\/12\/made-in-germany-label-icon-of-german-flag-map-vector-22965302-64x64.jpg 64w\" sizes=\"(max-width: 250px) 100vw, 250px\" \/><\/p>\n<\/div>\n","protected":false},"featured_media":4597,"comment_status":"open","ping_status":"closed","template":"","meta":{"site-sidebar-layout":"default","site-content-layout":"default","ast-main-header-display":"","ast-hfb-above-header-display":"","ast-hfb-below-header-display":"","ast-hfb-mobile-header-display":"","site-post-title":"","ast-breadcrumbs-content":"","ast-featured-img":"","footer-sml-layout":"","theme-transparent-header-meta":"","adv-header-id-meta":"","stick-header-meta":"","header-above-stick-meta":"","header-main-stick-meta":"","header-below-stick-meta":""},"location":[],"product_cat":[544,543],"product_tag":[443],"yoast_head":"<!-- This site is optimized with the Yoast SEO plugin v18.5.1 - https:\/\/yoast.com\/wordpress\/plugins\/seo\/ -->\n<title>EOS EMOTOUCH 3 \u2013 \u0159\u00eddic\u00ed jednotka s dotykov\u00fdm displejem k sofistikovan\u00e9mu syst\u00e9mu \u0159\u00edzen\u00ed wellness - Anders &amp; Kafka E-SHOP<\/title>\n<meta name=\"description\" content=\"Pomoc\u00ed jedin\u00e9ho displeje EOS EmoTouch 3 m\u016f\u017eete ovl\u00e1dat a\u017e osm samostatn\u00fdch kabin.  EmoTouch, kdysi uv\u00e1d\u011bn\u00fd jako klasick\u00e1 \u0159\u00eddic\u00ed jednotka sauny, se ve 4. generaci rozrostl do sofistikovan\u00e9ho \u0161k\u00e1lovateln\u00e9ho syst\u00e9mu \u0159\u00edzen\u00ed wellness. Nyn\u00ed EOS EmoTouch 3 umo\u017e\u0148uje ovl\u00e1dat \u0161irokou \u0161k\u00e1lu wellness aplikac\u00ed d\u00edky samostatn\u00fdm modul\u016fm LSG v\u010detn\u011b\u00a0ovl\u00e1d\u00e1n\u00ed pomoc\u00ed chytr\u00e9 aplikace z mobiln\u00edho za\u0159\u00edzen\u00ed.  EOS, nejkvalitn\u011bj\u0161\u00ed produkty pro saunu vyroben\u00e9 v N\u011bmecku s 50ti letou tradic\u00ed.\" \/>\n<meta name=\"robots\" content=\"index, follow, max-snippet:-1, max-image-preview:large, max-video-preview:-1\" \/>\n<link rel=\"canonical\" href=\"https:\/\/anderskafka.cz\/eshop\/produkt\/eos-emotouch-3-ridici-jednotka-s-dotykovym-displejem-k-sofistikovanemu-systemu-rizeni-wellness\/\" \/>\n<meta property=\"og:locale\" content=\"cs_CZ\" \/>\n<meta property=\"og:type\" content=\"article\" \/>\n<meta property=\"og:title\" content=\"EOS EMOTOUCH 3 \u2013 \u0159\u00eddic\u00ed jednotka s dotykov\u00fdm displejem k sofistikovan\u00e9mu syst\u00e9mu \u0159\u00edzen\u00ed wellness - Anders &amp; Kafka E-SHOP\" \/>\n<meta property=\"og:description\" content=\"Pomoc\u00ed jedin\u00e9ho displeje EOS EmoTouch 3 m\u016f\u017eete ovl\u00e1dat a\u017e osm samostatn\u00fdch kabin.  EmoTouch, kdysi uv\u00e1d\u011bn\u00fd jako klasick\u00e1 \u0159\u00eddic\u00ed jednotka sauny, se ve 4. generaci rozrostl do sofistikovan\u00e9ho \u0161k\u00e1lovateln\u00e9ho syst\u00e9mu \u0159\u00edzen\u00ed wellness. Nyn\u00ed EOS EmoTouch 3 umo\u017e\u0148uje ovl\u00e1dat \u0161irokou \u0161k\u00e1lu wellness aplikac\u00ed d\u00edky samostatn\u00fdm modul\u016fm LSG v\u010detn\u011b\u00a0ovl\u00e1d\u00e1n\u00ed pomoc\u00ed chytr\u00e9 aplikace z mobiln\u00edho za\u0159\u00edzen\u00ed.  EOS, nejkvalitn\u011bj\u0161\u00ed produkty pro saunu vyroben\u00e9 v N\u011bmecku s 50ti letou tradic\u00ed.\" \/>\n<meta property=\"og:url\" content=\"https:\/\/anderskafka.cz\/eshop\/produkt\/eos-emotouch-3-ridici-jednotka-s-dotykovym-displejem-k-sofistikovanemu-systemu-rizeni-wellness\/\" \/>\n<meta property=\"og:site_name\" content=\"Anders &amp; Kafka E-SHOP\" \/>\n<meta property=\"article:modified_time\" content=\"2026-04-21T08:32:59+00:00\" \/>\n<meta property=\"og:image\" content=\"https:\/\/anderskafka.cz\/eshop\/wp-content\/uploads\/sites\/3\/2023\/10\/csm_emotouch3_00a39eb41f-2.jpg\" \/>\n\t<meta property=\"og:image:width\" content=\"800\" \/>\n\t<meta property=\"og:image:height\" content=\"800\" \/>\n\t<meta property=\"og:image:type\" content=\"image\/jpeg\" \/>\n<meta name=\"twitter:card\" content=\"summary_large_image\" \/>\n<meta name=\"twitter:label1\" content=\"Odhadovan\u00e1 doba \u010dten\u00ed\" \/>\n\t<meta name=\"twitter:data1\" content=\"3 minuty\" \/>\n<script type=\"application\/ld+json\" class=\"yoast-schema-graph\">{\"@context\":\"https:\/\/schema.org\",\"@graph\":[{\"@type\":\"WebSite\",\"@id\":\"https:\/\/anderskafka.cz\/eshop\/#website\",\"url\":\"https:\/\/anderskafka.cz\/eshop\/\",\"name\":\"Anders &amp; Kafka E-SHOP\",\"description\":\"Anders &amp; Kafka E-SHOP\",\"potentialAction\":[{\"@type\":\"SearchAction\",\"target\":{\"@type\":\"EntryPoint\",\"urlTemplate\":\"https:\/\/anderskafka.cz\/eshop\/?s={search_term_string}\"},\"query-input\":\"required name=search_term_string\"}],\"inLanguage\":\"cs\"},{\"@type\":\"ImageObject\",\"@id\":\"https:\/\/anderskafka.cz\/eshop\/produkt\/eos-emotouch-3-ridici-jednotka-s-dotykovym-displejem-k-sofistikovanemu-systemu-rizeni-wellness\/#primaryimage\",\"inLanguage\":\"cs\",\"url\":\"https:\/\/anderskafka.cz\/eshop\/wp-content\/uploads\/sites\/3\/2023\/10\/csm_emotouch3_00a39eb41f-2.jpg\",\"contentUrl\":\"https:\/\/anderskafka.cz\/eshop\/wp-content\/uploads\/sites\/3\/2023\/10\/csm_emotouch3_00a39eb41f-2.jpg\",\"width\":800,\"height\":800},{\"@type\":\"WebPage\",\"@id\":\"https:\/\/anderskafka.cz\/eshop\/produkt\/eos-emotouch-3-ridici-jednotka-s-dotykovym-displejem-k-sofistikovanemu-systemu-rizeni-wellness\/#webpage\",\"url\":\"https:\/\/anderskafka.cz\/eshop\/produkt\/eos-emotouch-3-ridici-jednotka-s-dotykovym-displejem-k-sofistikovanemu-systemu-rizeni-wellness\/\",\"name\":\"EOS EMOTOUCH 3 \u2013 \u0159\u00eddic\u00ed jednotka s dotykov\u00fdm displejem k sofistikovan\u00e9mu syst\u00e9mu \u0159\u00edzen\u00ed wellness - Anders &amp; Kafka E-SHOP\",\"isPartOf\":{\"@id\":\"https:\/\/anderskafka.cz\/eshop\/#website\"},\"primaryImageOfPage\":{\"@id\":\"https:\/\/anderskafka.cz\/eshop\/produkt\/eos-emotouch-3-ridici-jednotka-s-dotykovym-displejem-k-sofistikovanemu-systemu-rizeni-wellness\/#primaryimage\"},\"datePublished\":\"2023-10-31T19:31:30+00:00\",\"dateModified\":\"2026-04-21T08:32:59+00:00\",\"description\":\"Pomoc\u00ed jedin\u00e9ho displeje EOS EmoTouch 3 m\u016f\u017eete ovl\u00e1dat a\u017e osm samostatn\u00fdch kabin. EmoTouch, kdysi uv\u00e1d\u011bn\u00fd jako klasick\u00e1 \u0159\u00eddic\u00ed jednotka sauny, se ve 4. generaci rozrostl do sofistikovan\u00e9ho \u0161k\u00e1lovateln\u00e9ho syst\u00e9mu \u0159\u00edzen\u00ed wellness. Nyn\u00ed EOS EmoTouch 3 umo\u017e\u0148uje ovl\u00e1dat \u0161irokou \u0161k\u00e1lu wellness aplikac\u00ed d\u00edky samostatn\u00fdm modul\u016fm LSG v\u010detn\u011b\u00a0ovl\u00e1d\u00e1n\u00ed pomoc\u00ed chytr\u00e9 aplikace z mobiln\u00edho za\u0159\u00edzen\u00ed. EOS, nejkvalitn\u011bj\u0161\u00ed produkty pro saunu vyroben\u00e9 v N\u011bmecku s 50ti letou tradic\u00ed.\",\"breadcrumb\":{\"@id\":\"https:\/\/anderskafka.cz\/eshop\/produkt\/eos-emotouch-3-ridici-jednotka-s-dotykovym-displejem-k-sofistikovanemu-systemu-rizeni-wellness\/#breadcrumb\"},\"inLanguage\":\"cs\",\"potentialAction\":[{\"@type\":\"ReadAction\",\"target\":[\"https:\/\/anderskafka.cz\/eshop\/produkt\/eos-emotouch-3-ridici-jednotka-s-dotykovym-displejem-k-sofistikovanemu-systemu-rizeni-wellness\/\"]}]},{\"@type\":\"BreadcrumbList\",\"@id\":\"https:\/\/anderskafka.cz\/eshop\/produkt\/eos-emotouch-3-ridici-jednotka-s-dotykovym-displejem-k-sofistikovanemu-systemu-rizeni-wellness\/#breadcrumb\",\"itemListElement\":[{\"@type\":\"ListItem\",\"position\":1,\"name\":\"Obchod\",\"item\":\"https:\/\/anderskafka.cz\/eshop\/obchod\/\"},{\"@type\":\"ListItem\",\"position\":2,\"name\":\"EOS EMOTOUCH 3 \u2013 \u0159\u00eddic\u00ed jednotka s dotykov\u00fdm displejem k sofistikovan\u00e9mu syst\u00e9mu \u0159\u00edzen\u00ed wellness\"}]}]}<\/script>\n<!-- \/ Yoast SEO plugin. -->","yoast_head_json":{"title":"EOS EMOTOUCH 3 \u2013 \u0159\u00eddic\u00ed jednotka s dotykov\u00fdm displejem k sofistikovan\u00e9mu syst\u00e9mu \u0159\u00edzen\u00ed wellness - Anders &amp; Kafka E-SHOP","description":"Pomoc\u00ed jedin\u00e9ho displeje EOS EmoTouch 3 m\u016f\u017eete ovl\u00e1dat a\u017e osm samostatn\u00fdch kabin.  EmoTouch, kdysi uv\u00e1d\u011bn\u00fd jako klasick\u00e1 \u0159\u00eddic\u00ed jednotka sauny, se ve 4. generaci rozrostl do sofistikovan\u00e9ho \u0161k\u00e1lovateln\u00e9ho syst\u00e9mu \u0159\u00edzen\u00ed wellness. Nyn\u00ed EOS EmoTouch 3 umo\u017e\u0148uje ovl\u00e1dat \u0161irokou \u0161k\u00e1lu wellness aplikac\u00ed d\u00edky samostatn\u00fdm modul\u016fm LSG v\u010detn\u011b\u00a0ovl\u00e1d\u00e1n\u00ed pomoc\u00ed chytr\u00e9 aplikace z mobiln\u00edho za\u0159\u00edzen\u00ed.  EOS, nejkvalitn\u011bj\u0161\u00ed produkty pro saunu vyroben\u00e9 v N\u011bmecku s 50ti letou tradic\u00ed.","robots":{"index":"index","follow":"follow","max-snippet":"max-snippet:-1","max-image-preview":"max-image-preview:large","max-video-preview":"max-video-preview:-1"},"canonical":"https:\/\/anderskafka.cz\/eshop\/produkt\/eos-emotouch-3-ridici-jednotka-s-dotykovym-displejem-k-sofistikovanemu-systemu-rizeni-wellness\/","og_locale":"cs_CZ","og_type":"article","og_title":"EOS EMOTOUCH 3 \u2013 \u0159\u00eddic\u00ed jednotka s dotykov\u00fdm displejem k sofistikovan\u00e9mu syst\u00e9mu \u0159\u00edzen\u00ed wellness - Anders &amp; Kafka E-SHOP","og_description":"Pomoc\u00ed jedin\u00e9ho displeje EOS EmoTouch 3 m\u016f\u017eete ovl\u00e1dat a\u017e osm samostatn\u00fdch kabin.  EmoTouch, kdysi uv\u00e1d\u011bn\u00fd jako klasick\u00e1 \u0159\u00eddic\u00ed jednotka sauny, se ve 4. generaci rozrostl do sofistikovan\u00e9ho \u0161k\u00e1lovateln\u00e9ho syst\u00e9mu \u0159\u00edzen\u00ed wellness. Nyn\u00ed EOS EmoTouch 3 umo\u017e\u0148uje ovl\u00e1dat \u0161irokou \u0161k\u00e1lu wellness aplikac\u00ed d\u00edky samostatn\u00fdm modul\u016fm LSG v\u010detn\u011b\u00a0ovl\u00e1d\u00e1n\u00ed pomoc\u00ed chytr\u00e9 aplikace z mobiln\u00edho za\u0159\u00edzen\u00ed.  EOS, nejkvalitn\u011bj\u0161\u00ed produkty pro saunu vyroben\u00e9 v N\u011bmecku s 50ti letou tradic\u00ed.","og_url":"https:\/\/anderskafka.cz\/eshop\/produkt\/eos-emotouch-3-ridici-jednotka-s-dotykovym-displejem-k-sofistikovanemu-systemu-rizeni-wellness\/","og_site_name":"Anders &amp; Kafka E-SHOP","article_modified_time":"2026-04-21T08:32:59+00:00","og_image":[{"width":800,"height":800,"url":"https:\/\/anderskafka.cz\/eshop\/wp-content\/uploads\/sites\/3\/2023\/10\/csm_emotouch3_00a39eb41f-2.jpg","type":"image\/jpeg"}],"twitter_card":"summary_large_image","twitter_misc":{"Odhadovan\u00e1 doba \u010dten\u00ed":"3 minuty"},"schema":{"@context":"https:\/\/schema.org","@graph":[{"@type":"WebSite","@id":"https:\/\/anderskafka.cz\/eshop\/#website","url":"https:\/\/anderskafka.cz\/eshop\/","name":"Anders &amp; Kafka E-SHOP","description":"Anders &amp; Kafka E-SHOP","potentialAction":[{"@type":"SearchAction","target":{"@type":"EntryPoint","urlTemplate":"https:\/\/anderskafka.cz\/eshop\/?s={search_term_string}"},"query-input":"required name=search_term_string"}],"inLanguage":"cs"},{"@type":"ImageObject","@id":"https:\/\/anderskafka.cz\/eshop\/produkt\/eos-emotouch-3-ridici-jednotka-s-dotykovym-displejem-k-sofistikovanemu-systemu-rizeni-wellness\/#primaryimage","inLanguage":"cs","url":"https:\/\/anderskafka.cz\/eshop\/wp-content\/uploads\/sites\/3\/2023\/10\/csm_emotouch3_00a39eb41f-2.jpg","contentUrl":"https:\/\/anderskafka.cz\/eshop\/wp-content\/uploads\/sites\/3\/2023\/10\/csm_emotouch3_00a39eb41f-2.jpg","width":800,"height":800},{"@type":"WebPage","@id":"https:\/\/anderskafka.cz\/eshop\/produkt\/eos-emotouch-3-ridici-jednotka-s-dotykovym-displejem-k-sofistikovanemu-systemu-rizeni-wellness\/#webpage","url":"https:\/\/anderskafka.cz\/eshop\/produkt\/eos-emotouch-3-ridici-jednotka-s-dotykovym-displejem-k-sofistikovanemu-systemu-rizeni-wellness\/","name":"EOS EMOTOUCH 3 \u2013 \u0159\u00eddic\u00ed jednotka s dotykov\u00fdm displejem k sofistikovan\u00e9mu syst\u00e9mu \u0159\u00edzen\u00ed wellness - Anders &amp; Kafka E-SHOP","isPartOf":{"@id":"https:\/\/anderskafka.cz\/eshop\/#website"},"primaryImageOfPage":{"@id":"https:\/\/anderskafka.cz\/eshop\/produkt\/eos-emotouch-3-ridici-jednotka-s-dotykovym-displejem-k-sofistikovanemu-systemu-rizeni-wellness\/#primaryimage"},"datePublished":"2023-10-31T19:31:30+00:00","dateModified":"2026-04-21T08:32:59+00:00","description":"Pomoc\u00ed jedin\u00e9ho displeje EOS EmoTouch 3 m\u016f\u017eete ovl\u00e1dat a\u017e osm samostatn\u00fdch kabin. EmoTouch, kdysi uv\u00e1d\u011bn\u00fd jako klasick\u00e1 \u0159\u00eddic\u00ed jednotka sauny, se ve 4. generaci rozrostl do sofistikovan\u00e9ho \u0161k\u00e1lovateln\u00e9ho syst\u00e9mu \u0159\u00edzen\u00ed wellness. Nyn\u00ed EOS EmoTouch 3 umo\u017e\u0148uje ovl\u00e1dat \u0161irokou \u0161k\u00e1lu wellness aplikac\u00ed d\u00edky samostatn\u00fdm modul\u016fm LSG v\u010detn\u011b\u00a0ovl\u00e1d\u00e1n\u00ed pomoc\u00ed chytr\u00e9 aplikace z mobiln\u00edho za\u0159\u00edzen\u00ed. EOS, nejkvalitn\u011bj\u0161\u00ed produkty pro saunu vyroben\u00e9 v N\u011bmecku s 50ti letou tradic\u00ed.","breadcrumb":{"@id":"https:\/\/anderskafka.cz\/eshop\/produkt\/eos-emotouch-3-ridici-jednotka-s-dotykovym-displejem-k-sofistikovanemu-systemu-rizeni-wellness\/#breadcrumb"},"inLanguage":"cs","potentialAction":[{"@type":"ReadAction","target":["https:\/\/anderskafka.cz\/eshop\/produkt\/eos-emotouch-3-ridici-jednotka-s-dotykovym-displejem-k-sofistikovanemu-systemu-rizeni-wellness\/"]}]},{"@type":"BreadcrumbList","@id":"https:\/\/anderskafka.cz\/eshop\/produkt\/eos-emotouch-3-ridici-jednotka-s-dotykovym-displejem-k-sofistikovanemu-systemu-rizeni-wellness\/#breadcrumb","itemListElement":[{"@type":"ListItem","position":1,"name":"Obchod","item":"https:\/\/anderskafka.cz\/eshop\/obchod\/"},{"@type":"ListItem","position":2,"name":"EOS EMOTOUCH 3 \u2013 \u0159\u00eddic\u00ed jednotka s dotykov\u00fdm displejem k sofistikovan\u00e9mu syst\u00e9mu \u0159\u00edzen\u00ed wellness"}]}]}},"locations":[],"_links":{"self":[{"href":"https:\/\/anderskafka.cz\/eshop\/wp-json\/wp\/v2\/product\/4581"}],"collection":[{"href":"https:\/\/anderskafka.cz\/eshop\/wp-json\/wp\/v2\/product"}],"about":[{"href":"https:\/\/anderskafka.cz\/eshop\/wp-json\/wp\/v2\/types\/product"}],"replies":[{"embeddable":true,"href":"https:\/\/anderskafka.cz\/eshop\/wp-json\/wp\/v2\/comments?post=4581"}],"wp:featuredmedia":[{"embeddable":true,"href":"https:\/\/anderskafka.cz\/eshop\/wp-json\/wp\/v2\/media\/4597"}],"wp:attachment":[{"href":"https:\/\/anderskafka.cz\/eshop\/wp-json\/wp\/v2\/media?parent=4581"}],"wp:term":[{"taxonomy":"location","embeddable":true,"href":"https:\/\/anderskafka.cz\/eshop\/wp-json\/wp\/v2\/location?post=4581"},{"taxonomy":"product_cat","embeddable":true,"href":"https:\/\/anderskafka.cz\/eshop\/wp-json\/wp\/v2\/product_cat?post=4581"},{"taxonomy":"product_tag","embeddable":true,"href":"https:\/\/anderskafka.cz\/eshop\/wp-json\/wp\/v2\/product_tag?post=4581"}],"curies":[{"name":"wp","href":"https:\/\/api.w.org\/{rel}","templated":true}]}}