{"id":4730,"date":"2023-11-07T20:56:59","date_gmt":"2023-11-07T19:56:59","guid":{"rendered":"https:\/\/anderskafka.cz\/eshop\/?post_type=product&#038;p=4730"},"modified":"2026-03-30T09:38:41","modified_gmt":"2026-03-30T07:38:41","slug":"sentiotec-ventilacni-disk-s-regulaci-prutoku-vzduchu-z-osiky-borovice-cedru-kopirovat","status":"publish","type":"product","link":"https:\/\/anderskafka.cz\/eshop\/produkt\/sentiotec-ventilacni-disk-s-regulaci-prutoku-vzduchu-z-osiky-borovice-cedru-kopirovat\/","title":{"rendered":"HARVIA AUSTRIA ventila\u010dn\u00ed disk s regulac\u00ed pr\u016ftoku vzduchu z osiky\/borovice\/cedru"},"content":{"rendered":"<p>Ventila\u010dn\u00ed disk pro pou\u017eit\u00ed v saun\u011b nebo infrasaun\u011b. Ventila\u010dn\u00ed disk se pomoc\u00ed z\u00e1vitu otev\u00edr\u00e1 nebo zav\u00edr\u00e1, a tak umo\u017e\u0148uje regulaci vzduchu v saun\u011b. Disk m\u016f\u017eete um\u00edstit na strop nebo st\u011bnu sauny. Disk je distribu\u010dn\u00ed element vhodn\u00fd pro p\u0159\u00edvod nebo odvod vzduchu o \u00d8 145 mm, aby tak v saun\u011b byla zachov\u00e1na spr\u00e1vn\u00e1 cirkulace vzduchu a \u00a0je vyrobena z masivn\u00edho d\u0159eva borovice. D\u00edky pou\u017eit\u00e9mu materi\u00e1lu je mo\u017en\u00e9 m\u0159\u00ed\u017eku instalovat ve vnit\u0159n\u00edm prost\u0159ed\u00ed.<br \/>\nJednoduch\u00e1 mont\u00e1\u017e p\u0159ilepen\u00edm silikonov\u00fdm pevnostn\u00edm lepidlem, doporu\u010dujeme typ Mamut Glue. Sou\u010d\u00e1st\u00ed balen\u00ed je ventila\u010dn\u00ed disk.<\/p>\n","protected":false},"excerpt":{"rendered":"<p>Ventila\u010dn\u00ed disk vn\u011bj\u0161\u00edho pr\u016fm\u011bru 14,5 cm. Ventila\u010dn\u00ed disk se pomoc\u00ed z\u00e1vitu otev\u00edr\u00e1 nebo zav\u00edr\u00e1, a tak umo\u017e\u0148uje regulaci vzduchu v saun\u011b a je vyrobena z masivn\u00edho d\u0159eva osiky, borovice nebo cedru.<\/p>\n","protected":false},"featured_media":4736,"comment_status":"open","ping_status":"closed","template":"","meta":{"site-sidebar-layout":"default","site-content-layout":"default","ast-main-header-display":"","ast-hfb-above-header-display":"","ast-hfb-below-header-display":"","ast-hfb-mobile-header-display":"","site-post-title":"","ast-breadcrumbs-content":"","ast-featured-img":"","footer-sml-layout":"","theme-transparent-header-meta":"","adv-header-id-meta":"","stick-header-meta":"","header-above-stick-meta":"","header-main-stick-meta":"","header-below-stick-meta":""},"location":[],"product_cat":[426],"product_tag":[324],"yoast_head":"<!-- This site is optimized with the Yoast SEO plugin v18.5.1 - https:\/\/yoast.com\/wordpress\/plugins\/seo\/ -->\n<title>HARVIA AUSTRIA ventila\u010dn\u00ed disk s regulac\u00ed pr\u016ftoku vzduchu z osiky\/borovice\/cedru - Anders &amp; Kafka E-SHOP<\/title>\n<meta name=\"description\" content=\"Ventila\u010dn\u00ed disk vn\u011bj\u0161\u00edho pr\u016fm\u011bru 14,5 cm. Ventila\u010dn\u00ed disk se pomoc\u00ed z\u00e1vitu otev\u00edr\u00e1 nebo zav\u00edr\u00e1, a tak umo\u017e\u0148uje regulaci vzduchu v saun\u011b a je vyrobena z masivn\u00edho d\u0159eva osiky, borovice nebo cedru.\" \/>\n<meta name=\"robots\" content=\"index, follow, max-snippet:-1, max-image-preview:large, max-video-preview:-1\" \/>\n<link rel=\"canonical\" href=\"https:\/\/anderskafka.cz\/eshop\/produkt\/sentiotec-ventilacni-disk-s-regulaci-prutoku-vzduchu-z-osiky-borovice-cedru-kopirovat\/\" \/>\n<meta property=\"og:locale\" content=\"cs_CZ\" \/>\n<meta property=\"og:type\" content=\"article\" \/>\n<meta property=\"og:title\" content=\"HARVIA AUSTRIA ventila\u010dn\u00ed disk s regulac\u00ed pr\u016ftoku vzduchu z osiky\/borovice\/cedru - Anders &amp; Kafka E-SHOP\" \/>\n<meta property=\"og:description\" content=\"Ventila\u010dn\u00ed disk vn\u011bj\u0161\u00edho pr\u016fm\u011bru 14,5 cm. Ventila\u010dn\u00ed disk se pomoc\u00ed z\u00e1vitu otev\u00edr\u00e1 nebo zav\u00edr\u00e1, a tak umo\u017e\u0148uje regulaci vzduchu v saun\u011b a je vyrobena z masivn\u00edho d\u0159eva osiky, borovice nebo cedru.\" \/>\n<meta property=\"og:url\" content=\"https:\/\/anderskafka.cz\/eshop\/produkt\/sentiotec-ventilacni-disk-s-regulaci-prutoku-vzduchu-z-osiky-borovice-cedru-kopirovat\/\" \/>\n<meta property=\"og:site_name\" content=\"Anders &amp; Kafka E-SHOP\" \/>\n<meta property=\"article:modified_time\" content=\"2026-03-30T07:38:41+00:00\" \/>\n<meta name=\"twitter:card\" content=\"summary_large_image\" \/>\n<meta name=\"twitter:image\" content=\"https:\/\/anderskafka.cz\/eshop\/wp-content\/uploads\/sites\/3\/2023\/11\/ventilacni-disk-odvetrani-sentiotec-osika.jpg.webp\" \/>\n<meta name=\"twitter:label1\" content=\"Odhadovan\u00e1 doba \u010dten\u00ed\" \/>\n\t<meta name=\"twitter:data1\" content=\"1 minuta\" \/>\n<script type=\"application\/ld+json\" class=\"yoast-schema-graph\">{\"@context\":\"https:\/\/schema.org\",\"@graph\":[{\"@type\":\"WebSite\",\"@id\":\"https:\/\/anderskafka.cz\/eshop\/#website\",\"url\":\"https:\/\/anderskafka.cz\/eshop\/\",\"name\":\"Anders &amp; Kafka E-SHOP\",\"description\":\"Anders &amp; Kafka E-SHOP\",\"potentialAction\":[{\"@type\":\"SearchAction\",\"target\":{\"@type\":\"EntryPoint\",\"urlTemplate\":\"https:\/\/anderskafka.cz\/eshop\/?s={search_term_string}\"},\"query-input\":\"required name=search_term_string\"}],\"inLanguage\":\"cs\"},{\"@type\":\"ImageObject\",\"@id\":\"https:\/\/anderskafka.cz\/eshop\/produkt\/sentiotec-ventilacni-disk-s-regulaci-prutoku-vzduchu-z-osiky-borovice-cedru-kopirovat\/#primaryimage\",\"inLanguage\":\"cs\",\"url\":\"https:\/\/anderskafka.cz\/eshop\/wp-content\/uploads\/sites\/3\/2023\/11\/ventilacni-disk-odvetrani-sentiotec-osika.jpg.webp\",\"contentUrl\":\"https:\/\/anderskafka.cz\/eshop\/wp-content\/uploads\/sites\/3\/2023\/11\/ventilacni-disk-odvetrani-sentiotec-osika.jpg.webp\",\"width\":458,\"height\":458},{\"@type\":\"WebPage\",\"@id\":\"https:\/\/anderskafka.cz\/eshop\/produkt\/sentiotec-ventilacni-disk-s-regulaci-prutoku-vzduchu-z-osiky-borovice-cedru-kopirovat\/#webpage\",\"url\":\"https:\/\/anderskafka.cz\/eshop\/produkt\/sentiotec-ventilacni-disk-s-regulaci-prutoku-vzduchu-z-osiky-borovice-cedru-kopirovat\/\",\"name\":\"HARVIA AUSTRIA ventila\u010dn\u00ed disk s regulac\u00ed pr\u016ftoku vzduchu z osiky\/borovice\/cedru - Anders &amp; Kafka E-SHOP\",\"isPartOf\":{\"@id\":\"https:\/\/anderskafka.cz\/eshop\/#website\"},\"primaryImageOfPage\":{\"@id\":\"https:\/\/anderskafka.cz\/eshop\/produkt\/sentiotec-ventilacni-disk-s-regulaci-prutoku-vzduchu-z-osiky-borovice-cedru-kopirovat\/#primaryimage\"},\"datePublished\":\"2023-11-07T19:56:59+00:00\",\"dateModified\":\"2026-03-30T07:38:41+00:00\",\"description\":\"Ventila\u010dn\u00ed disk vn\u011bj\u0161\u00edho pr\u016fm\u011bru 14,5 cm. Ventila\u010dn\u00ed disk se pomoc\u00ed z\u00e1vitu otev\u00edr\u00e1 nebo zav\u00edr\u00e1, a tak umo\u017e\u0148uje regulaci vzduchu v saun\u011b a je vyrobena z masivn\u00edho d\u0159eva osiky, borovice nebo cedru.\",\"breadcrumb\":{\"@id\":\"https:\/\/anderskafka.cz\/eshop\/produkt\/sentiotec-ventilacni-disk-s-regulaci-prutoku-vzduchu-z-osiky-borovice-cedru-kopirovat\/#breadcrumb\"},\"inLanguage\":\"cs\",\"potentialAction\":[{\"@type\":\"ReadAction\",\"target\":[\"https:\/\/anderskafka.cz\/eshop\/produkt\/sentiotec-ventilacni-disk-s-regulaci-prutoku-vzduchu-z-osiky-borovice-cedru-kopirovat\/\"]}]},{\"@type\":\"BreadcrumbList\",\"@id\":\"https:\/\/anderskafka.cz\/eshop\/produkt\/sentiotec-ventilacni-disk-s-regulaci-prutoku-vzduchu-z-osiky-borovice-cedru-kopirovat\/#breadcrumb\",\"itemListElement\":[{\"@type\":\"ListItem\",\"position\":1,\"name\":\"Obchod\",\"item\":\"https:\/\/anderskafka.cz\/eshop\/obchod\/\"},{\"@type\":\"ListItem\",\"position\":2,\"name\":\"HARVIA AUSTRIA ventila\u010dn\u00ed disk s regulac\u00ed pr\u016ftoku vzduchu z osiky\/borovice\/cedru\"}]}]}<\/script>\n<!-- \/ Yoast SEO plugin. -->","yoast_head_json":{"title":"HARVIA AUSTRIA ventila\u010dn\u00ed disk s regulac\u00ed pr\u016ftoku vzduchu z osiky\/borovice\/cedru - Anders &amp; Kafka E-SHOP","description":"Ventila\u010dn\u00ed disk vn\u011bj\u0161\u00edho pr\u016fm\u011bru 14,5 cm. Ventila\u010dn\u00ed disk se pomoc\u00ed z\u00e1vitu otev\u00edr\u00e1 nebo zav\u00edr\u00e1, a tak umo\u017e\u0148uje regulaci vzduchu v saun\u011b a je vyrobena z masivn\u00edho d\u0159eva osiky, borovice nebo cedru.","robots":{"index":"index","follow":"follow","max-snippet":"max-snippet:-1","max-image-preview":"max-image-preview:large","max-video-preview":"max-video-preview:-1"},"canonical":"https:\/\/anderskafka.cz\/eshop\/produkt\/sentiotec-ventilacni-disk-s-regulaci-prutoku-vzduchu-z-osiky-borovice-cedru-kopirovat\/","og_locale":"cs_CZ","og_type":"article","og_title":"HARVIA AUSTRIA ventila\u010dn\u00ed disk s regulac\u00ed pr\u016ftoku vzduchu z osiky\/borovice\/cedru - Anders &amp; Kafka E-SHOP","og_description":"Ventila\u010dn\u00ed disk vn\u011bj\u0161\u00edho pr\u016fm\u011bru 14,5 cm. Ventila\u010dn\u00ed disk se pomoc\u00ed z\u00e1vitu otev\u00edr\u00e1 nebo zav\u00edr\u00e1, a tak umo\u017e\u0148uje regulaci vzduchu v saun\u011b a je vyrobena z masivn\u00edho d\u0159eva osiky, borovice nebo cedru.","og_url":"https:\/\/anderskafka.cz\/eshop\/produkt\/sentiotec-ventilacni-disk-s-regulaci-prutoku-vzduchu-z-osiky-borovice-cedru-kopirovat\/","og_site_name":"Anders &amp; Kafka E-SHOP","article_modified_time":"2026-03-30T07:38:41+00:00","twitter_card":"summary_large_image","twitter_image":"https:\/\/anderskafka.cz\/eshop\/wp-content\/uploads\/sites\/3\/2023\/11\/ventilacni-disk-odvetrani-sentiotec-osika.jpg.webp","twitter_misc":{"Odhadovan\u00e1 doba \u010dten\u00ed":"1 minuta"},"schema":{"@context":"https:\/\/schema.org","@graph":[{"@type":"WebSite","@id":"https:\/\/anderskafka.cz\/eshop\/#website","url":"https:\/\/anderskafka.cz\/eshop\/","name":"Anders &amp; Kafka E-SHOP","description":"Anders &amp; Kafka E-SHOP","potentialAction":[{"@type":"SearchAction","target":{"@type":"EntryPoint","urlTemplate":"https:\/\/anderskafka.cz\/eshop\/?s={search_term_string}"},"query-input":"required name=search_term_string"}],"inLanguage":"cs"},{"@type":"ImageObject","@id":"https:\/\/anderskafka.cz\/eshop\/produkt\/sentiotec-ventilacni-disk-s-regulaci-prutoku-vzduchu-z-osiky-borovice-cedru-kopirovat\/#primaryimage","inLanguage":"cs","url":"https:\/\/anderskafka.cz\/eshop\/wp-content\/uploads\/sites\/3\/2023\/11\/ventilacni-disk-odvetrani-sentiotec-osika.jpg.webp","contentUrl":"https:\/\/anderskafka.cz\/eshop\/wp-content\/uploads\/sites\/3\/2023\/11\/ventilacni-disk-odvetrani-sentiotec-osika.jpg.webp","width":458,"height":458},{"@type":"WebPage","@id":"https:\/\/anderskafka.cz\/eshop\/produkt\/sentiotec-ventilacni-disk-s-regulaci-prutoku-vzduchu-z-osiky-borovice-cedru-kopirovat\/#webpage","url":"https:\/\/anderskafka.cz\/eshop\/produkt\/sentiotec-ventilacni-disk-s-regulaci-prutoku-vzduchu-z-osiky-borovice-cedru-kopirovat\/","name":"HARVIA AUSTRIA ventila\u010dn\u00ed disk s regulac\u00ed pr\u016ftoku vzduchu z osiky\/borovice\/cedru - Anders &amp; Kafka E-SHOP","isPartOf":{"@id":"https:\/\/anderskafka.cz\/eshop\/#website"},"primaryImageOfPage":{"@id":"https:\/\/anderskafka.cz\/eshop\/produkt\/sentiotec-ventilacni-disk-s-regulaci-prutoku-vzduchu-z-osiky-borovice-cedru-kopirovat\/#primaryimage"},"datePublished":"2023-11-07T19:56:59+00:00","dateModified":"2026-03-30T07:38:41+00:00","description":"Ventila\u010dn\u00ed disk vn\u011bj\u0161\u00edho pr\u016fm\u011bru 14,5 cm. Ventila\u010dn\u00ed disk se pomoc\u00ed z\u00e1vitu otev\u00edr\u00e1 nebo zav\u00edr\u00e1, a tak umo\u017e\u0148uje regulaci vzduchu v saun\u011b a je vyrobena z masivn\u00edho d\u0159eva osiky, borovice nebo cedru.","breadcrumb":{"@id":"https:\/\/anderskafka.cz\/eshop\/produkt\/sentiotec-ventilacni-disk-s-regulaci-prutoku-vzduchu-z-osiky-borovice-cedru-kopirovat\/#breadcrumb"},"inLanguage":"cs","potentialAction":[{"@type":"ReadAction","target":["https:\/\/anderskafka.cz\/eshop\/produkt\/sentiotec-ventilacni-disk-s-regulaci-prutoku-vzduchu-z-osiky-borovice-cedru-kopirovat\/"]}]},{"@type":"BreadcrumbList","@id":"https:\/\/anderskafka.cz\/eshop\/produkt\/sentiotec-ventilacni-disk-s-regulaci-prutoku-vzduchu-z-osiky-borovice-cedru-kopirovat\/#breadcrumb","itemListElement":[{"@type":"ListItem","position":1,"name":"Obchod","item":"https:\/\/anderskafka.cz\/eshop\/obchod\/"},{"@type":"ListItem","position":2,"name":"HARVIA AUSTRIA ventila\u010dn\u00ed disk s regulac\u00ed pr\u016ftoku vzduchu z osiky\/borovice\/cedru"}]}]}},"locations":[],"_links":{"self":[{"href":"https:\/\/anderskafka.cz\/eshop\/wp-json\/wp\/v2\/product\/4730"}],"collection":[{"href":"https:\/\/anderskafka.cz\/eshop\/wp-json\/wp\/v2\/product"}],"about":[{"href":"https:\/\/anderskafka.cz\/eshop\/wp-json\/wp\/v2\/types\/product"}],"replies":[{"embeddable":true,"href":"https:\/\/anderskafka.cz\/eshop\/wp-json\/wp\/v2\/comments?post=4730"}],"wp:featuredmedia":[{"embeddable":true,"href":"https:\/\/anderskafka.cz\/eshop\/wp-json\/wp\/v2\/media\/4736"}],"wp:attachment":[{"href":"https:\/\/anderskafka.cz\/eshop\/wp-json\/wp\/v2\/media?parent=4730"}],"wp:term":[{"taxonomy":"location","embeddable":true,"href":"https:\/\/anderskafka.cz\/eshop\/wp-json\/wp\/v2\/location?post=4730"},{"taxonomy":"product_cat","embeddable":true,"href":"https:\/\/anderskafka.cz\/eshop\/wp-json\/wp\/v2\/product_cat?post=4730"},{"taxonomy":"product_tag","embeddable":true,"href":"https:\/\/anderskafka.cz\/eshop\/wp-json\/wp\/v2\/product_tag?post=4730"}],"curies":[{"name":"wp","href":"https:\/\/api.w.org\/{rel}","templated":true}]}}