{"id":4742,"date":"2023-11-07T22:19:05","date_gmt":"2023-11-07T21:19:05","guid":{"rendered":"https:\/\/anderskafka.cz\/eshop\/?post_type=product&#038;p=4742"},"modified":"2024-12-05T09:41:33","modified_gmt":"2024-12-05T08:41:33","slug":"tulikivi-ukoncovaci-lem-obdelnikovy-bile-a-cerne-provedeni","status":"publish","type":"product","link":"https:\/\/anderskafka.cz\/eshop\/produkt\/tulikivi-ukoncovaci-lem-obdelnikovy-bile-a-cerne-provedeni\/","title":{"rendered":"TULIKIVI ukon\u010dovac\u00ed lem \u010dtvercov\u00fd \u2013 b\u00edl\u00e9 a \u010dern\u00e9 proveden\u00ed"},"content":{"rendered":"<p>Topidlo je mo\u017en\u00e9 zakoupit ve verzi Integrated a pak ho \u010d\u00e1ste\u010dn\u011b zapustit do lavice. Ukon\u010dovac\u00ed lem slou\u017e\u00ed k dokonal\u00e9mu p\u0159echodu mezi lavic\u00ed a topidlem, je dostupn\u00fd v b\u00edl\u00e9m a \u010dern\u00e9m proveden\u00ed.<\/p>\n<p>Tento ukon\u010dovac\u00ed lem je navr\u017een pro n\u00e1sleduj\u00edc\u00ed topidla Tulikivi: Kuura 2 a Huurre.<\/p>\n","protected":false},"excerpt":{"rendered":"<p>Topidlo je mo\u017en\u00e9 zakoupit ve verzi Integrated a pak ho \u010d\u00e1ste\u010dn\u011b zapustit do lavice. Ukon\u010dovac\u00ed lem slou\u017e\u00ed k dokonal\u00e9mu p\u0159echodu mezi lavic\u00ed a topidlem, je dostupn\u00fd v b\u00edl\u00e9m a \u010dern\u00e9m proveden\u00ed.<\/p>\n<p>Nejv\u011bt\u0161\u00ed finsk\u00fd zpracovatel kamene spole\u010dnost Tulikivi je v\u00fdrobce modern\u00edch a modul\u00e1rn\u00edch saunov\u00fdch topidel, kde estetika je v\u017edy prim\u00e1rn\u00edm hlediskem k zaji\u0161t\u011bn\u00ed skute\u010dn\u011b relaxa\u010dn\u00edho z\u00e1\u017eitku ze saunov\u00e1n\u00ed.<\/p>\n<p><img loading=\"lazy\" class=\"alignnone size-medium wp-image-1579 aligncenter\" src=\"https:\/\/anderskafka.cz\/eshop\/wp-content\/uploads\/sites\/3\/2022\/12\/MADEINFINNLAND-300x246.jpg\" alt=\"\" width=\"300\" height=\"246\" srcset=\"https:\/\/anderskafka.cz\/eshop\/wp-content\/uploads\/sites\/3\/2022\/12\/MADEINFINNLAND-300x246.jpg 300w, https:\/\/anderskafka.cz\/eshop\/wp-content\/uploads\/sites\/3\/2022\/12\/MADEINFINNLAND-64x52.jpg 64w, https:\/\/anderskafka.cz\/eshop\/wp-content\/uploads\/sites\/3\/2022\/12\/MADEINFINNLAND.jpg 500w\" sizes=\"(max-width: 300px) 100vw, 300px\" \/><\/p>\n","protected":false},"featured_media":4533,"comment_status":"open","ping_status":"closed","template":"","meta":{"site-sidebar-layout":"default","site-content-layout":"default","ast-main-header-display":"","ast-hfb-above-header-display":"","ast-hfb-below-header-display":"","ast-hfb-mobile-header-display":"","site-post-title":"","ast-breadcrumbs-content":"","ast-featured-img":"","footer-sml-layout":"","theme-transparent-header-meta":"","adv-header-id-meta":"","stick-header-meta":"","header-above-stick-meta":"","header-main-stick-meta":"","header-below-stick-meta":""},"location":[],"product_cat":[801],"product_tag":[1051],"yoast_head":"<!-- This site is optimized with the Yoast SEO plugin v18.5.1 - https:\/\/yoast.com\/wordpress\/plugins\/seo\/ -->\n<title>TULIKIVI ukon\u010dovac\u00ed lem \u010dtvercov\u00fd \u2013 b\u00edl\u00e9 a \u010dern\u00e9 proveden\u00ed - Anders &amp; Kafka E-SHOP<\/title>\n<meta name=\"description\" content=\"Topidlo je mo\u017en\u00e9 zakoupit ve verzi Integrated a pak ho \u010d\u00e1ste\u010dn\u011b zapustit do lavice. Ukon\u010dovac\u00ed lem slou\u017e\u00ed k dokonal\u00e9mu p\u0159echodu mezi lavic\u00ed a topidlem, je dostupn\u00fd v b\u00edl\u00e9m a \u010dern\u00e9m proveden\u00ed.  Nejv\u011bt\u0161\u00ed finsk\u00fd zpracovatel kamene spole\u010dnost Tulikivi je v\u00fdrobce modern\u00edch a modul\u00e1rn\u00edch saunov\u00fdch topidel, kde estetika je v\u017edy prim\u00e1rn\u00edm hlediskem k zaji\u0161t\u011bn\u00ed skute\u010dn\u011b relaxa\u010dn\u00edho z\u00e1\u017eitku ze saunov\u00e1n\u00ed.\" \/>\n<meta name=\"robots\" content=\"index, follow, max-snippet:-1, max-image-preview:large, max-video-preview:-1\" \/>\n<link rel=\"canonical\" href=\"https:\/\/anderskafka.cz\/eshop\/produkt\/tulikivi-ukoncovaci-lem-obdelnikovy-bile-a-cerne-provedeni\/\" \/>\n<meta property=\"og:locale\" content=\"cs_CZ\" \/>\n<meta property=\"og:type\" content=\"article\" \/>\n<meta property=\"og:title\" content=\"TULIKIVI ukon\u010dovac\u00ed lem \u010dtvercov\u00fd \u2013 b\u00edl\u00e9 a \u010dern\u00e9 proveden\u00ed - Anders &amp; Kafka E-SHOP\" \/>\n<meta property=\"og:description\" content=\"Topidlo je mo\u017en\u00e9 zakoupit ve verzi Integrated a pak ho \u010d\u00e1ste\u010dn\u011b zapustit do lavice. Ukon\u010dovac\u00ed lem slou\u017e\u00ed k dokonal\u00e9mu p\u0159echodu mezi lavic\u00ed a topidlem, je dostupn\u00fd v b\u00edl\u00e9m a \u010dern\u00e9m proveden\u00ed.  Nejv\u011bt\u0161\u00ed finsk\u00fd zpracovatel kamene spole\u010dnost Tulikivi je v\u00fdrobce modern\u00edch a modul\u00e1rn\u00edch saunov\u00fdch topidel, kde estetika je v\u017edy prim\u00e1rn\u00edm hlediskem k zaji\u0161t\u011bn\u00ed skute\u010dn\u011b relaxa\u010dn\u00edho z\u00e1\u017eitku ze saunov\u00e1n\u00ed.\" \/>\n<meta property=\"og:url\" content=\"https:\/\/anderskafka.cz\/eshop\/produkt\/tulikivi-ukoncovaci-lem-obdelnikovy-bile-a-cerne-provedeni\/\" \/>\n<meta property=\"og:site_name\" content=\"Anders &amp; Kafka E-SHOP\" \/>\n<meta property=\"article:modified_time\" content=\"2024-12-05T08:41:33+00:00\" \/>\n<meta property=\"og:image\" content=\"https:\/\/anderskafka.cz\/eshop\/wp-content\/uploads\/sites\/3\/2023\/10\/SS1037_ml.jpg\" \/>\n\t<meta property=\"og:image:width\" content=\"1000\" \/>\n\t<meta property=\"og:image:height\" content=\"1000\" \/>\n\t<meta property=\"og:image:type\" content=\"image\/jpeg\" \/>\n<meta name=\"twitter:card\" content=\"summary_large_image\" \/>\n<meta name=\"twitter:label1\" content=\"Odhadovan\u00e1 doba \u010dten\u00ed\" \/>\n\t<meta name=\"twitter:data1\" content=\"1 minuta\" \/>\n<script type=\"application\/ld+json\" class=\"yoast-schema-graph\">{\"@context\":\"https:\/\/schema.org\",\"@graph\":[{\"@type\":\"WebSite\",\"@id\":\"https:\/\/anderskafka.cz\/eshop\/#website\",\"url\":\"https:\/\/anderskafka.cz\/eshop\/\",\"name\":\"Anders &amp; Kafka E-SHOP\",\"description\":\"Anders &amp; Kafka E-SHOP\",\"potentialAction\":[{\"@type\":\"SearchAction\",\"target\":{\"@type\":\"EntryPoint\",\"urlTemplate\":\"https:\/\/anderskafka.cz\/eshop\/?s={search_term_string}\"},\"query-input\":\"required name=search_term_string\"}],\"inLanguage\":\"cs\"},{\"@type\":\"ImageObject\",\"@id\":\"https:\/\/anderskafka.cz\/eshop\/produkt\/tulikivi-ukoncovaci-lem-obdelnikovy-bile-a-cerne-provedeni\/#primaryimage\",\"inLanguage\":\"cs\",\"url\":\"https:\/\/anderskafka.cz\/eshop\/wp-content\/uploads\/sites\/3\/2023\/10\/SS1037_ml.jpg\",\"contentUrl\":\"https:\/\/anderskafka.cz\/eshop\/wp-content\/uploads\/sites\/3\/2023\/10\/SS1037_ml.jpg\",\"width\":1000,\"height\":1000},{\"@type\":\"WebPage\",\"@id\":\"https:\/\/anderskafka.cz\/eshop\/produkt\/tulikivi-ukoncovaci-lem-obdelnikovy-bile-a-cerne-provedeni\/#webpage\",\"url\":\"https:\/\/anderskafka.cz\/eshop\/produkt\/tulikivi-ukoncovaci-lem-obdelnikovy-bile-a-cerne-provedeni\/\",\"name\":\"TULIKIVI ukon\u010dovac\u00ed lem \u010dtvercov\u00fd \u2013 b\u00edl\u00e9 a \u010dern\u00e9 proveden\u00ed - Anders &amp; Kafka E-SHOP\",\"isPartOf\":{\"@id\":\"https:\/\/anderskafka.cz\/eshop\/#website\"},\"primaryImageOfPage\":{\"@id\":\"https:\/\/anderskafka.cz\/eshop\/produkt\/tulikivi-ukoncovaci-lem-obdelnikovy-bile-a-cerne-provedeni\/#primaryimage\"},\"datePublished\":\"2023-11-07T21:19:05+00:00\",\"dateModified\":\"2024-12-05T08:41:33+00:00\",\"description\":\"Topidlo je mo\u017en\u00e9 zakoupit ve verzi Integrated a pak ho \u010d\u00e1ste\u010dn\u011b zapustit do lavice. Ukon\u010dovac\u00ed lem slou\u017e\u00ed k dokonal\u00e9mu p\u0159echodu mezi lavic\u00ed a topidlem, je dostupn\u00fd v b\u00edl\u00e9m a \u010dern\u00e9m proveden\u00ed. Nejv\u011bt\u0161\u00ed finsk\u00fd zpracovatel kamene spole\u010dnost Tulikivi je v\u00fdrobce modern\u00edch a modul\u00e1rn\u00edch saunov\u00fdch topidel, kde estetika je v\u017edy prim\u00e1rn\u00edm hlediskem k zaji\u0161t\u011bn\u00ed skute\u010dn\u011b relaxa\u010dn\u00edho z\u00e1\u017eitku ze saunov\u00e1n\u00ed.\",\"breadcrumb\":{\"@id\":\"https:\/\/anderskafka.cz\/eshop\/produkt\/tulikivi-ukoncovaci-lem-obdelnikovy-bile-a-cerne-provedeni\/#breadcrumb\"},\"inLanguage\":\"cs\",\"potentialAction\":[{\"@type\":\"ReadAction\",\"target\":[\"https:\/\/anderskafka.cz\/eshop\/produkt\/tulikivi-ukoncovaci-lem-obdelnikovy-bile-a-cerne-provedeni\/\"]}]},{\"@type\":\"BreadcrumbList\",\"@id\":\"https:\/\/anderskafka.cz\/eshop\/produkt\/tulikivi-ukoncovaci-lem-obdelnikovy-bile-a-cerne-provedeni\/#breadcrumb\",\"itemListElement\":[{\"@type\":\"ListItem\",\"position\":1,\"name\":\"Obchod\",\"item\":\"https:\/\/anderskafka.cz\/eshop\/obchod\/\"},{\"@type\":\"ListItem\",\"position\":2,\"name\":\"TULIKIVI ukon\u010dovac\u00ed lem \u010dtvercov\u00fd \u2013 b\u00edl\u00e9 a \u010dern\u00e9 proveden\u00ed\"}]}]}<\/script>\n<!-- \/ Yoast SEO plugin. -->","yoast_head_json":{"title":"TULIKIVI ukon\u010dovac\u00ed lem \u010dtvercov\u00fd \u2013 b\u00edl\u00e9 a \u010dern\u00e9 proveden\u00ed - Anders &amp; Kafka E-SHOP","description":"Topidlo je mo\u017en\u00e9 zakoupit ve verzi Integrated a pak ho \u010d\u00e1ste\u010dn\u011b zapustit do lavice. Ukon\u010dovac\u00ed lem slou\u017e\u00ed k dokonal\u00e9mu p\u0159echodu mezi lavic\u00ed a topidlem, je dostupn\u00fd v b\u00edl\u00e9m a \u010dern\u00e9m proveden\u00ed.  Nejv\u011bt\u0161\u00ed finsk\u00fd zpracovatel kamene spole\u010dnost Tulikivi je v\u00fdrobce modern\u00edch a modul\u00e1rn\u00edch saunov\u00fdch topidel, kde estetika je v\u017edy prim\u00e1rn\u00edm hlediskem k zaji\u0161t\u011bn\u00ed skute\u010dn\u011b relaxa\u010dn\u00edho z\u00e1\u017eitku ze saunov\u00e1n\u00ed.","robots":{"index":"index","follow":"follow","max-snippet":"max-snippet:-1","max-image-preview":"max-image-preview:large","max-video-preview":"max-video-preview:-1"},"canonical":"https:\/\/anderskafka.cz\/eshop\/produkt\/tulikivi-ukoncovaci-lem-obdelnikovy-bile-a-cerne-provedeni\/","og_locale":"cs_CZ","og_type":"article","og_title":"TULIKIVI ukon\u010dovac\u00ed lem \u010dtvercov\u00fd \u2013 b\u00edl\u00e9 a \u010dern\u00e9 proveden\u00ed - Anders &amp; Kafka E-SHOP","og_description":"Topidlo je mo\u017en\u00e9 zakoupit ve verzi Integrated a pak ho \u010d\u00e1ste\u010dn\u011b zapustit do lavice. Ukon\u010dovac\u00ed lem slou\u017e\u00ed k dokonal\u00e9mu p\u0159echodu mezi lavic\u00ed a topidlem, je dostupn\u00fd v b\u00edl\u00e9m a \u010dern\u00e9m proveden\u00ed.  Nejv\u011bt\u0161\u00ed finsk\u00fd zpracovatel kamene spole\u010dnost Tulikivi je v\u00fdrobce modern\u00edch a modul\u00e1rn\u00edch saunov\u00fdch topidel, kde estetika je v\u017edy prim\u00e1rn\u00edm hlediskem k zaji\u0161t\u011bn\u00ed skute\u010dn\u011b relaxa\u010dn\u00edho z\u00e1\u017eitku ze saunov\u00e1n\u00ed.","og_url":"https:\/\/anderskafka.cz\/eshop\/produkt\/tulikivi-ukoncovaci-lem-obdelnikovy-bile-a-cerne-provedeni\/","og_site_name":"Anders &amp; Kafka E-SHOP","article_modified_time":"2024-12-05T08:41:33+00:00","og_image":[{"width":1000,"height":1000,"url":"https:\/\/anderskafka.cz\/eshop\/wp-content\/uploads\/sites\/3\/2023\/10\/SS1037_ml.jpg","type":"image\/jpeg"}],"twitter_card":"summary_large_image","twitter_misc":{"Odhadovan\u00e1 doba \u010dten\u00ed":"1 minuta"},"schema":{"@context":"https:\/\/schema.org","@graph":[{"@type":"WebSite","@id":"https:\/\/anderskafka.cz\/eshop\/#website","url":"https:\/\/anderskafka.cz\/eshop\/","name":"Anders &amp; Kafka E-SHOP","description":"Anders &amp; Kafka E-SHOP","potentialAction":[{"@type":"SearchAction","target":{"@type":"EntryPoint","urlTemplate":"https:\/\/anderskafka.cz\/eshop\/?s={search_term_string}"},"query-input":"required name=search_term_string"}],"inLanguage":"cs"},{"@type":"ImageObject","@id":"https:\/\/anderskafka.cz\/eshop\/produkt\/tulikivi-ukoncovaci-lem-obdelnikovy-bile-a-cerne-provedeni\/#primaryimage","inLanguage":"cs","url":"https:\/\/anderskafka.cz\/eshop\/wp-content\/uploads\/sites\/3\/2023\/10\/SS1037_ml.jpg","contentUrl":"https:\/\/anderskafka.cz\/eshop\/wp-content\/uploads\/sites\/3\/2023\/10\/SS1037_ml.jpg","width":1000,"height":1000},{"@type":"WebPage","@id":"https:\/\/anderskafka.cz\/eshop\/produkt\/tulikivi-ukoncovaci-lem-obdelnikovy-bile-a-cerne-provedeni\/#webpage","url":"https:\/\/anderskafka.cz\/eshop\/produkt\/tulikivi-ukoncovaci-lem-obdelnikovy-bile-a-cerne-provedeni\/","name":"TULIKIVI ukon\u010dovac\u00ed lem \u010dtvercov\u00fd \u2013 b\u00edl\u00e9 a \u010dern\u00e9 proveden\u00ed - Anders &amp; Kafka E-SHOP","isPartOf":{"@id":"https:\/\/anderskafka.cz\/eshop\/#website"},"primaryImageOfPage":{"@id":"https:\/\/anderskafka.cz\/eshop\/produkt\/tulikivi-ukoncovaci-lem-obdelnikovy-bile-a-cerne-provedeni\/#primaryimage"},"datePublished":"2023-11-07T21:19:05+00:00","dateModified":"2024-12-05T08:41:33+00:00","description":"Topidlo je mo\u017en\u00e9 zakoupit ve verzi Integrated a pak ho \u010d\u00e1ste\u010dn\u011b zapustit do lavice. Ukon\u010dovac\u00ed lem slou\u017e\u00ed k dokonal\u00e9mu p\u0159echodu mezi lavic\u00ed a topidlem, je dostupn\u00fd v b\u00edl\u00e9m a \u010dern\u00e9m proveden\u00ed. Nejv\u011bt\u0161\u00ed finsk\u00fd zpracovatel kamene spole\u010dnost Tulikivi je v\u00fdrobce modern\u00edch a modul\u00e1rn\u00edch saunov\u00fdch topidel, kde estetika je v\u017edy prim\u00e1rn\u00edm hlediskem k zaji\u0161t\u011bn\u00ed skute\u010dn\u011b relaxa\u010dn\u00edho z\u00e1\u017eitku ze saunov\u00e1n\u00ed.","breadcrumb":{"@id":"https:\/\/anderskafka.cz\/eshop\/produkt\/tulikivi-ukoncovaci-lem-obdelnikovy-bile-a-cerne-provedeni\/#breadcrumb"},"inLanguage":"cs","potentialAction":[{"@type":"ReadAction","target":["https:\/\/anderskafka.cz\/eshop\/produkt\/tulikivi-ukoncovaci-lem-obdelnikovy-bile-a-cerne-provedeni\/"]}]},{"@type":"BreadcrumbList","@id":"https:\/\/anderskafka.cz\/eshop\/produkt\/tulikivi-ukoncovaci-lem-obdelnikovy-bile-a-cerne-provedeni\/#breadcrumb","itemListElement":[{"@type":"ListItem","position":1,"name":"Obchod","item":"https:\/\/anderskafka.cz\/eshop\/obchod\/"},{"@type":"ListItem","position":2,"name":"TULIKIVI ukon\u010dovac\u00ed lem \u010dtvercov\u00fd \u2013 b\u00edl\u00e9 a \u010dern\u00e9 proveden\u00ed"}]}]}},"locations":[],"_links":{"self":[{"href":"https:\/\/anderskafka.cz\/eshop\/wp-json\/wp\/v2\/product\/4742"}],"collection":[{"href":"https:\/\/anderskafka.cz\/eshop\/wp-json\/wp\/v2\/product"}],"about":[{"href":"https:\/\/anderskafka.cz\/eshop\/wp-json\/wp\/v2\/types\/product"}],"replies":[{"embeddable":true,"href":"https:\/\/anderskafka.cz\/eshop\/wp-json\/wp\/v2\/comments?post=4742"}],"wp:featuredmedia":[{"embeddable":true,"href":"https:\/\/anderskafka.cz\/eshop\/wp-json\/wp\/v2\/media\/4533"}],"wp:attachment":[{"href":"https:\/\/anderskafka.cz\/eshop\/wp-json\/wp\/v2\/media?parent=4742"}],"wp:term":[{"taxonomy":"location","embeddable":true,"href":"https:\/\/anderskafka.cz\/eshop\/wp-json\/wp\/v2\/location?post=4742"},{"taxonomy":"product_cat","embeddable":true,"href":"https:\/\/anderskafka.cz\/eshop\/wp-json\/wp\/v2\/product_cat?post=4742"},{"taxonomy":"product_tag","embeddable":true,"href":"https:\/\/anderskafka.cz\/eshop\/wp-json\/wp\/v2\/product_tag?post=4742"}],"curies":[{"name":"wp","href":"https:\/\/api.w.org\/{rel}","templated":true}]}}