{"id":4863,"date":"2023-11-10T17:15:20","date_gmt":"2023-11-10T16:15:20","guid":{"rendered":"https:\/\/anderskafka.cz\/eshop\/?post_type=product&#038;p=4863"},"modified":"2026-02-19T22:21:09","modified_gmt":"2026-02-19T21:21:09","slug":"rento-vonna-svicka-arkticke-bobule","status":"publish","type":"product","link":"https:\/\/anderskafka.cz\/eshop\/produkt\/rento-vonna-svicka-arkticke-bobule\/","title":{"rendered":"RENTO vonn\u00e1 sv\u00ed\u010dka, arktick\u00e9 bobule"},"content":{"rendered":"<p>Elegantn\u00ed Rento vonn\u00e1 sv\u00ed\u010dka z p\u0159\u00edrodn\u00edho s\u00f3jov\u00e9ho vosku se sv\u011b\u017e\u00ed v\u016fn\u00ed\u00a0\u010derstv\u00e9ho ovoce z Laponska dozr\u00e1vaj\u00edc\u00edho p\u016flno\u010dn\u00edm sluncem a arktick\u00fdmi vodop\u00e1dy. Tato elegantn\u00ed s\u00f3jov\u00e1 sv\u00ed\u010dka dod\u00e1 sv\u00fdm sv\u011btlem a v\u016fn\u00ed h\u0159ejivou atmosf\u00e9ru ka\u017ed\u00e9mu prostoru. Doba ho\u0159en\u00ed cca 24h.<\/p>\n<p>Finsk\u00e1 kvalita.<\/p>\n","protected":false},"excerpt":{"rendered":"<p>Elegantn\u00ed Rento vonn\u00e1 s\u00f3jov\u00e1 sv\u00ed\u010dka\u00a0provon\u011bn\u00e1 \u010derstv\u00fdm ovocem z Laponska dozr\u00e1vaj\u00edc\u00edm p\u016flno\u010dn\u00edm sluncem a arktick\u00fdmi vodop\u00e1dy.<br \/>\nNavr\u017eeno ve Finsku, specialistou na saunov\u00e9 dopl\u0148ky spole\u010dnost\u00ed RENTO.<img loading=\"lazy\" class=\"wp-image-135 aligncenter\" src=\"https:\/\/anderskafka.cz\/eshop\/wp-content\/uploads\/sites\/3\/2022\/06\/DesignFromFinland_web-1-300x300.png\" alt=\"\" width=\"178\" height=\"178\" \/><\/p>\n","protected":false},"featured_media":12576,"comment_status":"open","ping_status":"closed","template":"","meta":{"site-sidebar-layout":"default","site-content-layout":"default","ast-main-header-display":"","ast-hfb-above-header-display":"","ast-hfb-below-header-display":"","ast-hfb-mobile-header-display":"","site-post-title":"","ast-breadcrumbs-content":"","ast-featured-img":"","footer-sml-layout":"","theme-transparent-header-meta":"","adv-header-id-meta":"","stick-header-meta":"","header-above-stick-meta":"","header-main-stick-meta":"","header-below-stick-meta":""},"location":[],"product_cat":[755,1099,1640],"product_tag":[103],"yoast_head":"<!-- This site is optimized with the Yoast SEO plugin v18.5.1 - https:\/\/yoast.com\/wordpress\/plugins\/seo\/ -->\n<title>RENTO vonn\u00e1 sv\u00ed\u010dka, arktick\u00e9 bobule - Anders &amp; Kafka E-SHOP<\/title>\n<meta name=\"description\" content=\"Elegantn\u00ed Rento vonn\u00e1 s\u00f3jov\u00e1 sv\u00ed\u010dka\u00a0provon\u011bn\u00e1 \u010derstv\u00fdm ovocem z Laponska dozr\u00e1vaj\u00edc\u00edm p\u016flno\u010dn\u00edm sluncem a arktick\u00fdmi vodop\u00e1dy. Navr\u017eeno ve Finsku, specialistou na saunov\u00e9 dopl\u0148ky spole\u010dnost\u00ed RENTO.\" \/>\n<meta name=\"robots\" content=\"index, follow, max-snippet:-1, max-image-preview:large, max-video-preview:-1\" \/>\n<link rel=\"canonical\" href=\"https:\/\/anderskafka.cz\/eshop\/produkt\/rento-vonna-svicka-arkticke-bobule\/\" \/>\n<meta property=\"og:locale\" content=\"cs_CZ\" \/>\n<meta property=\"og:type\" content=\"article\" \/>\n<meta property=\"og:title\" content=\"RENTO vonn\u00e1 sv\u00ed\u010dka, arktick\u00e9 bobule - Anders &amp; Kafka E-SHOP\" \/>\n<meta property=\"og:description\" content=\"Elegantn\u00ed Rento vonn\u00e1 s\u00f3jov\u00e1 sv\u00ed\u010dka\u00a0provon\u011bn\u00e1 \u010derstv\u00fdm ovocem z Laponska dozr\u00e1vaj\u00edc\u00edm p\u016flno\u010dn\u00edm sluncem a arktick\u00fdmi vodop\u00e1dy. Navr\u017eeno ve Finsku, specialistou na saunov\u00e9 dopl\u0148ky spole\u010dnost\u00ed RENTO.\" \/>\n<meta property=\"og:url\" content=\"https:\/\/anderskafka.cz\/eshop\/produkt\/rento-vonna-svicka-arkticke-bobule\/\" \/>\n<meta property=\"og:site_name\" content=\"Anders &amp; Kafka E-SHOP\" \/>\n<meta property=\"article:modified_time\" content=\"2026-02-19T21:21:09+00:00\" \/>\n<meta name=\"twitter:card\" content=\"summary_large_image\" \/>\n<meta name=\"twitter:image\" content=\"https:\/\/anderskafka.cz\/eshop\/wp-content\/uploads\/sites\/3\/2023\/11\/RENTO_svickabobule2_AndersKafka.webp\" \/>\n<meta name=\"twitter:label1\" content=\"Odhadovan\u00e1 doba \u010dten\u00ed\" \/>\n\t<meta name=\"twitter:data1\" content=\"1 minuta\" \/>\n<script type=\"application\/ld+json\" class=\"yoast-schema-graph\">{\"@context\":\"https:\/\/schema.org\",\"@graph\":[{\"@type\":\"WebSite\",\"@id\":\"https:\/\/anderskafka.cz\/eshop\/#website\",\"url\":\"https:\/\/anderskafka.cz\/eshop\/\",\"name\":\"Anders &amp; Kafka E-SHOP\",\"description\":\"Anders &amp; Kafka E-SHOP\",\"potentialAction\":[{\"@type\":\"SearchAction\",\"target\":{\"@type\":\"EntryPoint\",\"urlTemplate\":\"https:\/\/anderskafka.cz\/eshop\/?s={search_term_string}\"},\"query-input\":\"required name=search_term_string\"}],\"inLanguage\":\"cs\"},{\"@type\":\"ImageObject\",\"@id\":\"https:\/\/anderskafka.cz\/eshop\/produkt\/rento-vonna-svicka-arkticke-bobule\/#primaryimage\",\"inLanguage\":\"cs\",\"url\":\"https:\/\/anderskafka.cz\/eshop\/wp-content\/uploads\/sites\/3\/2023\/11\/RENTO_svickabobule2_AndersKafka.webp\",\"contentUrl\":\"https:\/\/anderskafka.cz\/eshop\/wp-content\/uploads\/sites\/3\/2023\/11\/RENTO_svickabobule2_AndersKafka.webp\",\"width\":1500,\"height\":1500},{\"@type\":\"WebPage\",\"@id\":\"https:\/\/anderskafka.cz\/eshop\/produkt\/rento-vonna-svicka-arkticke-bobule\/#webpage\",\"url\":\"https:\/\/anderskafka.cz\/eshop\/produkt\/rento-vonna-svicka-arkticke-bobule\/\",\"name\":\"RENTO vonn\u00e1 sv\u00ed\u010dka, arktick\u00e9 bobule - Anders &amp; Kafka E-SHOP\",\"isPartOf\":{\"@id\":\"https:\/\/anderskafka.cz\/eshop\/#website\"},\"primaryImageOfPage\":{\"@id\":\"https:\/\/anderskafka.cz\/eshop\/produkt\/rento-vonna-svicka-arkticke-bobule\/#primaryimage\"},\"datePublished\":\"2023-11-10T16:15:20+00:00\",\"dateModified\":\"2026-02-19T21:21:09+00:00\",\"description\":\"Elegantn\u00ed Rento vonn\u00e1 s\u00f3jov\u00e1 sv\u00ed\u010dka\u00a0provon\u011bn\u00e1 \u010derstv\u00fdm ovocem z Laponska dozr\u00e1vaj\u00edc\u00edm p\u016flno\u010dn\u00edm sluncem a arktick\u00fdmi vodop\u00e1dy. Navr\u017eeno ve Finsku, specialistou na saunov\u00e9 dopl\u0148ky spole\u010dnost\u00ed RENTO.\",\"breadcrumb\":{\"@id\":\"https:\/\/anderskafka.cz\/eshop\/produkt\/rento-vonna-svicka-arkticke-bobule\/#breadcrumb\"},\"inLanguage\":\"cs\",\"potentialAction\":[{\"@type\":\"ReadAction\",\"target\":[\"https:\/\/anderskafka.cz\/eshop\/produkt\/rento-vonna-svicka-arkticke-bobule\/\"]}]},{\"@type\":\"BreadcrumbList\",\"@id\":\"https:\/\/anderskafka.cz\/eshop\/produkt\/rento-vonna-svicka-arkticke-bobule\/#breadcrumb\",\"itemListElement\":[{\"@type\":\"ListItem\",\"position\":1,\"name\":\"Obchod\",\"item\":\"https:\/\/anderskafka.cz\/eshop\/obchod\/\"},{\"@type\":\"ListItem\",\"position\":2,\"name\":\"RENTO vonn\u00e1 sv\u00ed\u010dka, arktick\u00e9 bobule\"}]}]}<\/script>\n<!-- \/ Yoast SEO plugin. -->","yoast_head_json":{"title":"RENTO vonn\u00e1 sv\u00ed\u010dka, arktick\u00e9 bobule - Anders &amp; Kafka E-SHOP","description":"Elegantn\u00ed Rento vonn\u00e1 s\u00f3jov\u00e1 sv\u00ed\u010dka\u00a0provon\u011bn\u00e1 \u010derstv\u00fdm ovocem z Laponska dozr\u00e1vaj\u00edc\u00edm p\u016flno\u010dn\u00edm sluncem a arktick\u00fdmi vodop\u00e1dy. Navr\u017eeno ve Finsku, specialistou na saunov\u00e9 dopl\u0148ky spole\u010dnost\u00ed RENTO.","robots":{"index":"index","follow":"follow","max-snippet":"max-snippet:-1","max-image-preview":"max-image-preview:large","max-video-preview":"max-video-preview:-1"},"canonical":"https:\/\/anderskafka.cz\/eshop\/produkt\/rento-vonna-svicka-arkticke-bobule\/","og_locale":"cs_CZ","og_type":"article","og_title":"RENTO vonn\u00e1 sv\u00ed\u010dka, arktick\u00e9 bobule - Anders &amp; Kafka E-SHOP","og_description":"Elegantn\u00ed Rento vonn\u00e1 s\u00f3jov\u00e1 sv\u00ed\u010dka\u00a0provon\u011bn\u00e1 \u010derstv\u00fdm ovocem z Laponska dozr\u00e1vaj\u00edc\u00edm p\u016flno\u010dn\u00edm sluncem a arktick\u00fdmi vodop\u00e1dy. Navr\u017eeno ve Finsku, specialistou na saunov\u00e9 dopl\u0148ky spole\u010dnost\u00ed RENTO.","og_url":"https:\/\/anderskafka.cz\/eshop\/produkt\/rento-vonna-svicka-arkticke-bobule\/","og_site_name":"Anders &amp; Kafka E-SHOP","article_modified_time":"2026-02-19T21:21:09+00:00","twitter_card":"summary_large_image","twitter_image":"https:\/\/anderskafka.cz\/eshop\/wp-content\/uploads\/sites\/3\/2023\/11\/RENTO_svickabobule2_AndersKafka.webp","twitter_misc":{"Odhadovan\u00e1 doba \u010dten\u00ed":"1 minuta"},"schema":{"@context":"https:\/\/schema.org","@graph":[{"@type":"WebSite","@id":"https:\/\/anderskafka.cz\/eshop\/#website","url":"https:\/\/anderskafka.cz\/eshop\/","name":"Anders &amp; Kafka E-SHOP","description":"Anders &amp; Kafka E-SHOP","potentialAction":[{"@type":"SearchAction","target":{"@type":"EntryPoint","urlTemplate":"https:\/\/anderskafka.cz\/eshop\/?s={search_term_string}"},"query-input":"required name=search_term_string"}],"inLanguage":"cs"},{"@type":"ImageObject","@id":"https:\/\/anderskafka.cz\/eshop\/produkt\/rento-vonna-svicka-arkticke-bobule\/#primaryimage","inLanguage":"cs","url":"https:\/\/anderskafka.cz\/eshop\/wp-content\/uploads\/sites\/3\/2023\/11\/RENTO_svickabobule2_AndersKafka.webp","contentUrl":"https:\/\/anderskafka.cz\/eshop\/wp-content\/uploads\/sites\/3\/2023\/11\/RENTO_svickabobule2_AndersKafka.webp","width":1500,"height":1500},{"@type":"WebPage","@id":"https:\/\/anderskafka.cz\/eshop\/produkt\/rento-vonna-svicka-arkticke-bobule\/#webpage","url":"https:\/\/anderskafka.cz\/eshop\/produkt\/rento-vonna-svicka-arkticke-bobule\/","name":"RENTO vonn\u00e1 sv\u00ed\u010dka, arktick\u00e9 bobule - Anders &amp; Kafka E-SHOP","isPartOf":{"@id":"https:\/\/anderskafka.cz\/eshop\/#website"},"primaryImageOfPage":{"@id":"https:\/\/anderskafka.cz\/eshop\/produkt\/rento-vonna-svicka-arkticke-bobule\/#primaryimage"},"datePublished":"2023-11-10T16:15:20+00:00","dateModified":"2026-02-19T21:21:09+00:00","description":"Elegantn\u00ed Rento vonn\u00e1 s\u00f3jov\u00e1 sv\u00ed\u010dka\u00a0provon\u011bn\u00e1 \u010derstv\u00fdm ovocem z Laponska dozr\u00e1vaj\u00edc\u00edm p\u016flno\u010dn\u00edm sluncem a arktick\u00fdmi vodop\u00e1dy. Navr\u017eeno ve Finsku, specialistou na saunov\u00e9 dopl\u0148ky spole\u010dnost\u00ed RENTO.","breadcrumb":{"@id":"https:\/\/anderskafka.cz\/eshop\/produkt\/rento-vonna-svicka-arkticke-bobule\/#breadcrumb"},"inLanguage":"cs","potentialAction":[{"@type":"ReadAction","target":["https:\/\/anderskafka.cz\/eshop\/produkt\/rento-vonna-svicka-arkticke-bobule\/"]}]},{"@type":"BreadcrumbList","@id":"https:\/\/anderskafka.cz\/eshop\/produkt\/rento-vonna-svicka-arkticke-bobule\/#breadcrumb","itemListElement":[{"@type":"ListItem","position":1,"name":"Obchod","item":"https:\/\/anderskafka.cz\/eshop\/obchod\/"},{"@type":"ListItem","position":2,"name":"RENTO vonn\u00e1 sv\u00ed\u010dka, arktick\u00e9 bobule"}]}]}},"locations":[],"_links":{"self":[{"href":"https:\/\/anderskafka.cz\/eshop\/wp-json\/wp\/v2\/product\/4863"}],"collection":[{"href":"https:\/\/anderskafka.cz\/eshop\/wp-json\/wp\/v2\/product"}],"about":[{"href":"https:\/\/anderskafka.cz\/eshop\/wp-json\/wp\/v2\/types\/product"}],"replies":[{"embeddable":true,"href":"https:\/\/anderskafka.cz\/eshop\/wp-json\/wp\/v2\/comments?post=4863"}],"wp:featuredmedia":[{"embeddable":true,"href":"https:\/\/anderskafka.cz\/eshop\/wp-json\/wp\/v2\/media\/12576"}],"wp:attachment":[{"href":"https:\/\/anderskafka.cz\/eshop\/wp-json\/wp\/v2\/media?parent=4863"}],"wp:term":[{"taxonomy":"location","embeddable":true,"href":"https:\/\/anderskafka.cz\/eshop\/wp-json\/wp\/v2\/location?post=4863"},{"taxonomy":"product_cat","embeddable":true,"href":"https:\/\/anderskafka.cz\/eshop\/wp-json\/wp\/v2\/product_cat?post=4863"},{"taxonomy":"product_tag","embeddable":true,"href":"https:\/\/anderskafka.cz\/eshop\/wp-json\/wp\/v2\/product_tag?post=4863"}],"curies":[{"name":"wp","href":"https:\/\/api.w.org\/{rel}","templated":true}]}}