{"id":4909,"date":"2023-11-10T22:04:29","date_gmt":"2023-11-10T21:04:29","guid":{"rendered":"https:\/\/anderskafka.cz\/eshop\/?post_type=product&#038;p=4909"},"modified":"2026-03-31T10:14:25","modified_gmt":"2026-03-31T08:14:25","slug":"tulikivi-riite-integrated-68-9-105kw-elegantni-saunove-elektricke-topidlo-z-finskeho-liteho-kamene-k-zapusteni-do-lavice","status":"publish","type":"product","link":"https:\/\/anderskafka.cz\/eshop\/produkt\/tulikivi-riite-integrated-68-9-105kw-elegantni-saunove-elektricke-topidlo-z-finskeho-liteho-kamene-k-zapusteni-do-lavice\/","title":{"rendered":"TULIKIVI RIITE INTEGRATED \u2013 6,8\/9\/10,5KW\u2013 elegantn\u00ed saunov\u00e9 elektrick\u00e9 topidlo z finsk\u00e9ho lit\u00e9ho kamene k zapu\u0161t\u011bn\u00ed do lavice"},"content":{"rendered":"<p>Jedine\u010dn\u00fd design.<br \/>\nPol\u00e9v\u00e1n\u00edm saunov\u00fdch kamen\u016f topidlo produkuje jemnou p\u00e1ru.<br \/>\nTeplota saunov\u00fdch kamen m\u016f\u017ee dosahovat od 200 \u00b0C a\u017e do 380 \u00b0C \u2013 to umo\u017e\u0148uje r\u016fzn\u00e9 z\u00e1\u017eitky ze sauny d\u00edky odli\u0161n\u00e9 rychlosti odpa\u0159ov\u00e1n\u00ed p\u00e1ry.<br \/>\nMal\u00e9 bezpe\u010dnostn\u00ed vzd\u00e1lenosti: 2 cm k lavici; 5 cm ke zdi.<br \/>\n<span class=\"y2iqfc\">Rychl\u00e1 a snadn\u00e1 mont\u00e1\u017e, v\u00fd\u0161kov\u011b nastaviteln\u00e9 pomoc\u00ed\u00a0<strong>\u0161roubovac\u00edch no\u017ei\u010dek<\/strong>.<br \/>\n<\/span>Ur\u010deno pro mont\u00e1\u017e na podlahu.<\/p>\n<p>Topidlo pojme 60 kg saunov\u00fdch kamen\u016f, kter\u00e9 nejsou sou\u010d\u00e1st\u00ed balen\u00ed. Doporu\u010dujeme kombinaci hranat\u00fdch kamen\u016f Tulikivi o rozm\u011brech do 10 cm a povrch oblo\u017eit dekora\u010dn\u00edmi kameny Tulikivi deco white.<\/p>\n<p>Ovl\u00e1d\u00e1n\u00ed pomoc\u00ed extern\u00edho ovlada\u010de s mo\u017enost\u00ed ovl\u00e1d\u00e1n\u00ed pomoc\u00ed mobiln\u00ed aplikace, nen\u00ed sou\u010d\u00e1st\u00ed balen\u00ed.<\/p>\n<p>Topidlo je ur\u010deno k \u010d\u00e1ste\u010dn\u00e9mu zapu\u0161t\u011bn\u00ed do lavice. K dokonal\u00e9mu p\u0159echodu mezi lavic\u00ed a topidlem slou\u017e\u00ed ukon\u010dovac\u00ed lem v b\u00edl\u00e9m proveden\u00ed.<\/p>\n<p>V\u0161echna elektrick\u00e1 saunov\u00e1 kamna Tulikivi lze pou\u017e\u00edt v soukrom\u00fdch i ve\u0159ejn\u00fdch saun\u00e1ch.<br \/>\nZ\u00e1ruka pro soukrom\u00e9 pou\u017eit\u00ed \u2013 2 roky<br \/>\nZ\u00e1ruka pro ve\u0159ejn\u00e9 pou\u017eit\u00ed \u2013 1 rok<\/p>\n","protected":false},"excerpt":{"rendered":"<p style=\"font-weight: 400;text-align: left\">Topidlo kruhov\u00e9ho p\u016fdorysu RIITE m\u00e1 vertik\u00e1ln\u011b zvln\u011bn\u00fd povrch. Povrchov\u00fdm materi\u00e1lem je lit\u00fd k\u00e1men, kter\u00fd se u saunov\u00fdch topidel je\u0161t\u011b nikdy nepou\u017e\u00edval. Barva a design topidla se perfektn\u011b hod\u00ed do tmav\u00e9ho i sv\u011btl\u00e9ho interi\u00e9ru sauny a je ur\u010den\u00e9 k \u010d\u00e1ste\u010dn\u00e9mu zapu\u0161t\u011bn\u00ed do lavice. Velk\u00e9 mno\u017estv\u00ed saunov\u00fdch k\u00e1men\u016f poskytuje dlouh\u00e9, vlhk\u00e9 a m\u011bkk\u00e9 teplo. Topidlo je navr\u017eeno tak, aby V\u00e1m slou\u017eilo po mnoho let a obst\u00e1lo ve zkou\u0161ce \u010dasu. Je ur\u010deno pro extern\u00ed \u0159\u00eddic\u00ed jednotku.<\/p>\n<p>Nejv\u011bt\u0161\u00ed finsk\u00fd zpracovatel kamene spole\u010dnost Tulikivi je v\u00fdrobce modern\u00edch a modul\u00e1rn\u00edch saunov\u00fdch topidel, kde estetika je v\u017edy prim\u00e1rn\u00edm hlediskem k zaji\u0161t\u011bn\u00ed skute\u010dn\u011b relaxa\u010dn\u00edho z\u00e1\u017eitku ze saunov\u00e1n\u00ed.<\/p>\n<p><img loading=\"lazy\" class=\"alignnone size-medium wp-image-1579 aligncenter\" src=\"https:\/\/anderskafka.cz\/eshop\/wp-content\/uploads\/sites\/3\/2022\/12\/MADEINFINNLAND-300x246.jpg\" alt=\"\" width=\"300\" height=\"246\" srcset=\"https:\/\/anderskafka.cz\/eshop\/wp-content\/uploads\/sites\/3\/2022\/12\/MADEINFINNLAND-300x246.jpg 300w, https:\/\/anderskafka.cz\/eshop\/wp-content\/uploads\/sites\/3\/2022\/12\/MADEINFINNLAND-64x52.jpg 64w, https:\/\/anderskafka.cz\/eshop\/wp-content\/uploads\/sites\/3\/2022\/12\/MADEINFINNLAND.jpg 500w\" sizes=\"(max-width: 300px) 100vw, 300px\" \/><\/p>\n<p>&nbsp;<\/p>\n<table border=\"0\" width=\"347\" cellspacing=\"0\" cellpadding=\"0\">\n<colgroup>\n<col width=\"175\" \/>\n<col width=\"172\" \/><\/colgroup>\n<tbody>\n<tr>\n<td class=\"xl66\" width=\"175\" height=\"25\">v\u00fdkon topidla (KW)<\/td>\n<td class=\"xl66\" width=\"172\">velikost sauny (m<span class=\"font6\"><sup>3<\/sup><\/span><span class=\"font5\">)<\/span><\/td>\n<\/tr>\n<tr>\n<td align=\"right\" height=\"21\">6,8<\/td>\n<td class=\"xl65\">5-9<\/td>\n<\/tr>\n<tr>\n<td align=\"right\" height=\"21\">9<\/td>\n<td class=\"xl65\">8-13<\/td>\n<\/tr>\n<tr>\n<td align=\"right\" height=\"21\">10,5<\/td>\n<td>9-15<\/td>\n<\/tr>\n<\/tbody>\n<\/table>\n<div>\n<div>\n<div><\/div>\n<\/div>\n<\/div>\n","protected":false},"featured_media":4913,"comment_status":"open","ping_status":"closed","template":"","meta":{"site-sidebar-layout":"default","site-content-layout":"default","ast-main-header-display":"","ast-hfb-above-header-display":"","ast-hfb-below-header-display":"","ast-hfb-mobile-header-display":"","site-post-title":"","ast-breadcrumbs-content":"","ast-featured-img":"","footer-sml-layout":"","theme-transparent-header-meta":"","adv-header-id-meta":"","stick-header-meta":"","header-above-stick-meta":"","header-main-stick-meta":"","header-below-stick-meta":""},"location":[],"product_cat":[540],"product_tag":[1051],"yoast_head":"<!-- This site is optimized with the Yoast SEO plugin v18.5.1 - https:\/\/yoast.com\/wordpress\/plugins\/seo\/ -->\n<title>TULIKIVI RIITE INTEGRATED \u2013 6,8\/9\/10,5KW\u2013 elegantn\u00ed saunov\u00e9 elektrick\u00e9 topidlo z finsk\u00e9ho lit\u00e9ho kamene k zapu\u0161t\u011bn\u00ed do lavice - Anders &amp; Kafka E-SHOP<\/title>\n<meta name=\"description\" content=\"Topidlo kruhov\u00e9ho p\u016fdorysu RIITE m\u00e1 vertik\u00e1ln\u011b zvln\u011bn\u00fd povrch. Povrchov\u00fdm materi\u00e1lem je lit\u00fd k\u00e1men, kter\u00fd se u saunov\u00fdch topidel je\u0161t\u011b nikdy nepou\u017e\u00edval. Barva a design topidla se perfektn\u011b hod\u00ed do tmav\u00e9ho i sv\u011btl\u00e9ho interi\u00e9ru sauny a je ur\u010den\u00e9 k \u010d\u00e1ste\u010dn\u00e9mu zapu\u0161t\u011bn\u00ed do lavice. Velk\u00e9 mno\u017estv\u00ed saunov\u00fdch k\u00e1men\u016f poskytuje dlouh\u00e9, vlhk\u00e9 a m\u011bkk\u00e9 teplo. Topidlo je navr\u017eeno tak, aby V\u00e1m slou\u017eilo po mnoho let a obst\u00e1lo ve zkou\u0161ce \u010dasu. Je ur\u010deno pro extern\u00ed \u0159\u00eddic\u00ed jednotku. Nejv\u011bt\u0161\u00ed finsk\u00fd zpracovatel kamene spole\u010dnost Tulikivi je v\u00fdrobce modern\u00edch a modul\u00e1rn\u00edch saunov\u00fdch topidel, kde estetika je v\u017edy prim\u00e1rn\u00edm hlediskem k zaji\u0161t\u011bn\u00ed skute\u010dn\u011b relaxa\u010dn\u00edho z\u00e1\u017eitku ze saunov\u00e1n\u00ed.    &nbsp;     v\u00fdkon topidla (KW) velikost sauny (m3)   6,8 5-9   9 8-13   10,5 9-15\" \/>\n<meta name=\"robots\" content=\"index, follow, max-snippet:-1, max-image-preview:large, max-video-preview:-1\" \/>\n<link rel=\"canonical\" href=\"https:\/\/anderskafka.cz\/eshop\/produkt\/tulikivi-riite-integrated-68-9-105kw-elegantni-saunove-elektricke-topidlo-z-finskeho-liteho-kamene-k-zapusteni-do-lavice\/\" \/>\n<meta property=\"og:locale\" content=\"cs_CZ\" \/>\n<meta property=\"og:type\" content=\"article\" \/>\n<meta property=\"og:title\" content=\"TULIKIVI RIITE INTEGRATED \u2013 6,8\/9\/10,5KW\u2013 elegantn\u00ed saunov\u00e9 elektrick\u00e9 topidlo z finsk\u00e9ho lit\u00e9ho kamene k zapu\u0161t\u011bn\u00ed do lavice - Anders &amp; Kafka E-SHOP\" \/>\n<meta property=\"og:description\" content=\"Topidlo kruhov\u00e9ho p\u016fdorysu RIITE m\u00e1 vertik\u00e1ln\u011b zvln\u011bn\u00fd povrch. Povrchov\u00fdm materi\u00e1lem je lit\u00fd k\u00e1men, kter\u00fd se u saunov\u00fdch topidel je\u0161t\u011b nikdy nepou\u017e\u00edval. Barva a design topidla se perfektn\u011b hod\u00ed do tmav\u00e9ho i sv\u011btl\u00e9ho interi\u00e9ru sauny a je ur\u010den\u00e9 k \u010d\u00e1ste\u010dn\u00e9mu zapu\u0161t\u011bn\u00ed do lavice. Velk\u00e9 mno\u017estv\u00ed saunov\u00fdch k\u00e1men\u016f poskytuje dlouh\u00e9, vlhk\u00e9 a m\u011bkk\u00e9 teplo. Topidlo je navr\u017eeno tak, aby V\u00e1m slou\u017eilo po mnoho let a obst\u00e1lo ve zkou\u0161ce \u010dasu. Je ur\u010deno pro extern\u00ed \u0159\u00eddic\u00ed jednotku. Nejv\u011bt\u0161\u00ed finsk\u00fd zpracovatel kamene spole\u010dnost Tulikivi je v\u00fdrobce modern\u00edch a modul\u00e1rn\u00edch saunov\u00fdch topidel, kde estetika je v\u017edy prim\u00e1rn\u00edm hlediskem k zaji\u0161t\u011bn\u00ed skute\u010dn\u011b relaxa\u010dn\u00edho z\u00e1\u017eitku ze saunov\u00e1n\u00ed.    &nbsp;     v\u00fdkon topidla (KW) velikost sauny (m3)   6,8 5-9   9 8-13   10,5 9-15\" \/>\n<meta property=\"og:url\" content=\"https:\/\/anderskafka.cz\/eshop\/produkt\/tulikivi-riite-integrated-68-9-105kw-elegantni-saunove-elektricke-topidlo-z-finskeho-liteho-kamene-k-zapusteni-do-lavice\/\" \/>\n<meta property=\"og:site_name\" content=\"Anders &amp; Kafka E-SHOP\" \/>\n<meta property=\"article:modified_time\" content=\"2026-03-31T08:14:25+00:00\" \/>\n<meta name=\"twitter:card\" content=\"summary_large_image\" \/>\n<meta name=\"twitter:image\" content=\"https:\/\/anderskafka.cz\/eshop\/wp-content\/uploads\/sites\/3\/2023\/11\/tulikivi-riite-integrated-soapstone-electric-sauna-heater-soapstone-cover-tulikivi-soapstone-cover-finnmark-sauna-506834.jpg.webp\" \/>\n<meta name=\"twitter:label1\" content=\"Odhadovan\u00e1 doba \u010dten\u00ed\" \/>\n\t<meta name=\"twitter:data1\" content=\"1 minuta\" \/>\n<script type=\"application\/ld+json\" class=\"yoast-schema-graph\">{\"@context\":\"https:\/\/schema.org\",\"@graph\":[{\"@type\":\"WebSite\",\"@id\":\"https:\/\/anderskafka.cz\/eshop\/#website\",\"url\":\"https:\/\/anderskafka.cz\/eshop\/\",\"name\":\"Anders &amp; Kafka E-SHOP\",\"description\":\"Anders &amp; Kafka E-SHOP\",\"potentialAction\":[{\"@type\":\"SearchAction\",\"target\":{\"@type\":\"EntryPoint\",\"urlTemplate\":\"https:\/\/anderskafka.cz\/eshop\/?s={search_term_string}\"},\"query-input\":\"required name=search_term_string\"}],\"inLanguage\":\"cs\"},{\"@type\":\"ImageObject\",\"@id\":\"https:\/\/anderskafka.cz\/eshop\/produkt\/tulikivi-riite-integrated-68-9-105kw-elegantni-saunove-elektricke-topidlo-z-finskeho-liteho-kamene-k-zapusteni-do-lavice\/#primaryimage\",\"inLanguage\":\"cs\",\"url\":\"https:\/\/anderskafka.cz\/eshop\/wp-content\/uploads\/sites\/3\/2023\/11\/tulikivi-riite-integrated-soapstone-electric-sauna-heater-soapstone-cover-tulikivi-soapstone-cover-finnmark-sauna-506834.jpg.webp\",\"contentUrl\":\"https:\/\/anderskafka.cz\/eshop\/wp-content\/uploads\/sites\/3\/2023\/11\/tulikivi-riite-integrated-soapstone-electric-sauna-heater-soapstone-cover-tulikivi-soapstone-cover-finnmark-sauna-506834.jpg.webp\",\"width\":1206,\"height\":1206},{\"@type\":\"WebPage\",\"@id\":\"https:\/\/anderskafka.cz\/eshop\/produkt\/tulikivi-riite-integrated-68-9-105kw-elegantni-saunove-elektricke-topidlo-z-finskeho-liteho-kamene-k-zapusteni-do-lavice\/#webpage\",\"url\":\"https:\/\/anderskafka.cz\/eshop\/produkt\/tulikivi-riite-integrated-68-9-105kw-elegantni-saunove-elektricke-topidlo-z-finskeho-liteho-kamene-k-zapusteni-do-lavice\/\",\"name\":\"TULIKIVI RIITE INTEGRATED \u2013 6,8\/9\/10,5KW\u2013 elegantn\u00ed saunov\u00e9 elektrick\u00e9 topidlo z finsk\u00e9ho lit\u00e9ho kamene k zapu\u0161t\u011bn\u00ed do lavice - Anders &amp; Kafka E-SHOP\",\"isPartOf\":{\"@id\":\"https:\/\/anderskafka.cz\/eshop\/#website\"},\"primaryImageOfPage\":{\"@id\":\"https:\/\/anderskafka.cz\/eshop\/produkt\/tulikivi-riite-integrated-68-9-105kw-elegantni-saunove-elektricke-topidlo-z-finskeho-liteho-kamene-k-zapusteni-do-lavice\/#primaryimage\"},\"datePublished\":\"2023-11-10T21:04:29+00:00\",\"dateModified\":\"2026-03-31T08:14:25+00:00\",\"description\":\"Topidlo kruhov\u00e9ho p\u016fdorysu RIITE m\u00e1 vertik\u00e1ln\u011b zvln\u011bn\u00fd povrch. Povrchov\u00fdm materi\u00e1lem je lit\u00fd k\u00e1men, kter\u00fd se u saunov\u00fdch topidel je\u0161t\u011b nikdy nepou\u017e\u00edval. Barva a design topidla se perfektn\u011b hod\u00ed do tmav\u00e9ho i sv\u011btl\u00e9ho interi\u00e9ru sauny a je ur\u010den\u00e9 k \u010d\u00e1ste\u010dn\u00e9mu zapu\u0161t\u011bn\u00ed do lavice. Velk\u00e9 mno\u017estv\u00ed saunov\u00fdch k\u00e1men\u016f poskytuje dlouh\u00e9, vlhk\u00e9 a m\u011bkk\u00e9 teplo. Topidlo je navr\u017eeno tak, aby V\u00e1m slou\u017eilo po mnoho let a obst\u00e1lo ve zkou\u0161ce \u010dasu. Je ur\u010deno pro extern\u00ed \u0159\u00eddic\u00ed jednotku. Nejv\u011bt\u0161\u00ed finsk\u00fd zpracovatel kamene spole\u010dnost Tulikivi je v\u00fdrobce modern\u00edch a modul\u00e1rn\u00edch saunov\u00fdch topidel, kde estetika je v\u017edy prim\u00e1rn\u00edm hlediskem k zaji\u0161t\u011bn\u00ed skute\u010dn\u011b relaxa\u010dn\u00edho z\u00e1\u017eitku ze saunov\u00e1n\u00ed. &nbsp; v\u00fdkon topidla (KW) velikost sauny (m3) 6,8 5-9 9 8-13 10,5 9-15\",\"breadcrumb\":{\"@id\":\"https:\/\/anderskafka.cz\/eshop\/produkt\/tulikivi-riite-integrated-68-9-105kw-elegantni-saunove-elektricke-topidlo-z-finskeho-liteho-kamene-k-zapusteni-do-lavice\/#breadcrumb\"},\"inLanguage\":\"cs\",\"potentialAction\":[{\"@type\":\"ReadAction\",\"target\":[\"https:\/\/anderskafka.cz\/eshop\/produkt\/tulikivi-riite-integrated-68-9-105kw-elegantni-saunove-elektricke-topidlo-z-finskeho-liteho-kamene-k-zapusteni-do-lavice\/\"]}]},{\"@type\":\"BreadcrumbList\",\"@id\":\"https:\/\/anderskafka.cz\/eshop\/produkt\/tulikivi-riite-integrated-68-9-105kw-elegantni-saunove-elektricke-topidlo-z-finskeho-liteho-kamene-k-zapusteni-do-lavice\/#breadcrumb\",\"itemListElement\":[{\"@type\":\"ListItem\",\"position\":1,\"name\":\"Obchod\",\"item\":\"https:\/\/anderskafka.cz\/eshop\/obchod\/\"},{\"@type\":\"ListItem\",\"position\":2,\"name\":\"TULIKIVI RIITE INTEGRATED \u2013 6,8\/9\/10,5KW\u2013 elegantn\u00ed saunov\u00e9 elektrick\u00e9 topidlo z finsk\u00e9ho lit\u00e9ho kamene k zapu\u0161t\u011bn\u00ed do lavice\"}]}]}<\/script>\n<!-- \/ Yoast SEO plugin. -->","yoast_head_json":{"title":"TULIKIVI RIITE INTEGRATED \u2013 6,8\/9\/10,5KW\u2013 elegantn\u00ed saunov\u00e9 elektrick\u00e9 topidlo z finsk\u00e9ho lit\u00e9ho kamene k zapu\u0161t\u011bn\u00ed do lavice - Anders &amp; Kafka E-SHOP","description":"Topidlo kruhov\u00e9ho p\u016fdorysu RIITE m\u00e1 vertik\u00e1ln\u011b zvln\u011bn\u00fd povrch. Povrchov\u00fdm materi\u00e1lem je lit\u00fd k\u00e1men, kter\u00fd se u saunov\u00fdch topidel je\u0161t\u011b nikdy nepou\u017e\u00edval. Barva a design topidla se perfektn\u011b hod\u00ed do tmav\u00e9ho i sv\u011btl\u00e9ho interi\u00e9ru sauny a je ur\u010den\u00e9 k \u010d\u00e1ste\u010dn\u00e9mu zapu\u0161t\u011bn\u00ed do lavice. Velk\u00e9 mno\u017estv\u00ed saunov\u00fdch k\u00e1men\u016f poskytuje dlouh\u00e9, vlhk\u00e9 a m\u011bkk\u00e9 teplo. Topidlo je navr\u017eeno tak, aby V\u00e1m slou\u017eilo po mnoho let a obst\u00e1lo ve zkou\u0161ce \u010dasu. Je ur\u010deno pro extern\u00ed \u0159\u00eddic\u00ed jednotku. Nejv\u011bt\u0161\u00ed finsk\u00fd zpracovatel kamene spole\u010dnost Tulikivi je v\u00fdrobce modern\u00edch a modul\u00e1rn\u00edch saunov\u00fdch topidel, kde estetika je v\u017edy prim\u00e1rn\u00edm hlediskem k zaji\u0161t\u011bn\u00ed skute\u010dn\u011b relaxa\u010dn\u00edho z\u00e1\u017eitku ze saunov\u00e1n\u00ed.    &nbsp;     v\u00fdkon topidla (KW) velikost sauny (m3)   6,8 5-9   9 8-13   10,5 9-15","robots":{"index":"index","follow":"follow","max-snippet":"max-snippet:-1","max-image-preview":"max-image-preview:large","max-video-preview":"max-video-preview:-1"},"canonical":"https:\/\/anderskafka.cz\/eshop\/produkt\/tulikivi-riite-integrated-68-9-105kw-elegantni-saunove-elektricke-topidlo-z-finskeho-liteho-kamene-k-zapusteni-do-lavice\/","og_locale":"cs_CZ","og_type":"article","og_title":"TULIKIVI RIITE INTEGRATED \u2013 6,8\/9\/10,5KW\u2013 elegantn\u00ed saunov\u00e9 elektrick\u00e9 topidlo z finsk\u00e9ho lit\u00e9ho kamene k zapu\u0161t\u011bn\u00ed do lavice - Anders &amp; Kafka E-SHOP","og_description":"Topidlo kruhov\u00e9ho p\u016fdorysu RIITE m\u00e1 vertik\u00e1ln\u011b zvln\u011bn\u00fd povrch. Povrchov\u00fdm materi\u00e1lem je lit\u00fd k\u00e1men, kter\u00fd se u saunov\u00fdch topidel je\u0161t\u011b nikdy nepou\u017e\u00edval. Barva a design topidla se perfektn\u011b hod\u00ed do tmav\u00e9ho i sv\u011btl\u00e9ho interi\u00e9ru sauny a je ur\u010den\u00e9 k \u010d\u00e1ste\u010dn\u00e9mu zapu\u0161t\u011bn\u00ed do lavice. Velk\u00e9 mno\u017estv\u00ed saunov\u00fdch k\u00e1men\u016f poskytuje dlouh\u00e9, vlhk\u00e9 a m\u011bkk\u00e9 teplo. Topidlo je navr\u017eeno tak, aby V\u00e1m slou\u017eilo po mnoho let a obst\u00e1lo ve zkou\u0161ce \u010dasu. Je ur\u010deno pro extern\u00ed \u0159\u00eddic\u00ed jednotku. Nejv\u011bt\u0161\u00ed finsk\u00fd zpracovatel kamene spole\u010dnost Tulikivi je v\u00fdrobce modern\u00edch a modul\u00e1rn\u00edch saunov\u00fdch topidel, kde estetika je v\u017edy prim\u00e1rn\u00edm hlediskem k zaji\u0161t\u011bn\u00ed skute\u010dn\u011b relaxa\u010dn\u00edho z\u00e1\u017eitku ze saunov\u00e1n\u00ed.    &nbsp;     v\u00fdkon topidla (KW) velikost sauny (m3)   6,8 5-9   9 8-13   10,5 9-15","og_url":"https:\/\/anderskafka.cz\/eshop\/produkt\/tulikivi-riite-integrated-68-9-105kw-elegantni-saunove-elektricke-topidlo-z-finskeho-liteho-kamene-k-zapusteni-do-lavice\/","og_site_name":"Anders &amp; Kafka E-SHOP","article_modified_time":"2026-03-31T08:14:25+00:00","twitter_card":"summary_large_image","twitter_image":"https:\/\/anderskafka.cz\/eshop\/wp-content\/uploads\/sites\/3\/2023\/11\/tulikivi-riite-integrated-soapstone-electric-sauna-heater-soapstone-cover-tulikivi-soapstone-cover-finnmark-sauna-506834.jpg.webp","twitter_misc":{"Odhadovan\u00e1 doba \u010dten\u00ed":"1 minuta"},"schema":{"@context":"https:\/\/schema.org","@graph":[{"@type":"WebSite","@id":"https:\/\/anderskafka.cz\/eshop\/#website","url":"https:\/\/anderskafka.cz\/eshop\/","name":"Anders &amp; Kafka E-SHOP","description":"Anders &amp; Kafka E-SHOP","potentialAction":[{"@type":"SearchAction","target":{"@type":"EntryPoint","urlTemplate":"https:\/\/anderskafka.cz\/eshop\/?s={search_term_string}"},"query-input":"required name=search_term_string"}],"inLanguage":"cs"},{"@type":"ImageObject","@id":"https:\/\/anderskafka.cz\/eshop\/produkt\/tulikivi-riite-integrated-68-9-105kw-elegantni-saunove-elektricke-topidlo-z-finskeho-liteho-kamene-k-zapusteni-do-lavice\/#primaryimage","inLanguage":"cs","url":"https:\/\/anderskafka.cz\/eshop\/wp-content\/uploads\/sites\/3\/2023\/11\/tulikivi-riite-integrated-soapstone-electric-sauna-heater-soapstone-cover-tulikivi-soapstone-cover-finnmark-sauna-506834.jpg.webp","contentUrl":"https:\/\/anderskafka.cz\/eshop\/wp-content\/uploads\/sites\/3\/2023\/11\/tulikivi-riite-integrated-soapstone-electric-sauna-heater-soapstone-cover-tulikivi-soapstone-cover-finnmark-sauna-506834.jpg.webp","width":1206,"height":1206},{"@type":"WebPage","@id":"https:\/\/anderskafka.cz\/eshop\/produkt\/tulikivi-riite-integrated-68-9-105kw-elegantni-saunove-elektricke-topidlo-z-finskeho-liteho-kamene-k-zapusteni-do-lavice\/#webpage","url":"https:\/\/anderskafka.cz\/eshop\/produkt\/tulikivi-riite-integrated-68-9-105kw-elegantni-saunove-elektricke-topidlo-z-finskeho-liteho-kamene-k-zapusteni-do-lavice\/","name":"TULIKIVI RIITE INTEGRATED \u2013 6,8\/9\/10,5KW\u2013 elegantn\u00ed saunov\u00e9 elektrick\u00e9 topidlo z finsk\u00e9ho lit\u00e9ho kamene k zapu\u0161t\u011bn\u00ed do lavice - Anders &amp; Kafka E-SHOP","isPartOf":{"@id":"https:\/\/anderskafka.cz\/eshop\/#website"},"primaryImageOfPage":{"@id":"https:\/\/anderskafka.cz\/eshop\/produkt\/tulikivi-riite-integrated-68-9-105kw-elegantni-saunove-elektricke-topidlo-z-finskeho-liteho-kamene-k-zapusteni-do-lavice\/#primaryimage"},"datePublished":"2023-11-10T21:04:29+00:00","dateModified":"2026-03-31T08:14:25+00:00","description":"Topidlo kruhov\u00e9ho p\u016fdorysu RIITE m\u00e1 vertik\u00e1ln\u011b zvln\u011bn\u00fd povrch. Povrchov\u00fdm materi\u00e1lem je lit\u00fd k\u00e1men, kter\u00fd se u saunov\u00fdch topidel je\u0161t\u011b nikdy nepou\u017e\u00edval. Barva a design topidla se perfektn\u011b hod\u00ed do tmav\u00e9ho i sv\u011btl\u00e9ho interi\u00e9ru sauny a je ur\u010den\u00e9 k \u010d\u00e1ste\u010dn\u00e9mu zapu\u0161t\u011bn\u00ed do lavice. Velk\u00e9 mno\u017estv\u00ed saunov\u00fdch k\u00e1men\u016f poskytuje dlouh\u00e9, vlhk\u00e9 a m\u011bkk\u00e9 teplo. Topidlo je navr\u017eeno tak, aby V\u00e1m slou\u017eilo po mnoho let a obst\u00e1lo ve zkou\u0161ce \u010dasu. Je ur\u010deno pro extern\u00ed \u0159\u00eddic\u00ed jednotku. Nejv\u011bt\u0161\u00ed finsk\u00fd zpracovatel kamene spole\u010dnost Tulikivi je v\u00fdrobce modern\u00edch a modul\u00e1rn\u00edch saunov\u00fdch topidel, kde estetika je v\u017edy prim\u00e1rn\u00edm hlediskem k zaji\u0161t\u011bn\u00ed skute\u010dn\u011b relaxa\u010dn\u00edho z\u00e1\u017eitku ze saunov\u00e1n\u00ed. &nbsp; v\u00fdkon topidla (KW) velikost sauny (m3) 6,8 5-9 9 8-13 10,5 9-15","breadcrumb":{"@id":"https:\/\/anderskafka.cz\/eshop\/produkt\/tulikivi-riite-integrated-68-9-105kw-elegantni-saunove-elektricke-topidlo-z-finskeho-liteho-kamene-k-zapusteni-do-lavice\/#breadcrumb"},"inLanguage":"cs","potentialAction":[{"@type":"ReadAction","target":["https:\/\/anderskafka.cz\/eshop\/produkt\/tulikivi-riite-integrated-68-9-105kw-elegantni-saunove-elektricke-topidlo-z-finskeho-liteho-kamene-k-zapusteni-do-lavice\/"]}]},{"@type":"BreadcrumbList","@id":"https:\/\/anderskafka.cz\/eshop\/produkt\/tulikivi-riite-integrated-68-9-105kw-elegantni-saunove-elektricke-topidlo-z-finskeho-liteho-kamene-k-zapusteni-do-lavice\/#breadcrumb","itemListElement":[{"@type":"ListItem","position":1,"name":"Obchod","item":"https:\/\/anderskafka.cz\/eshop\/obchod\/"},{"@type":"ListItem","position":2,"name":"TULIKIVI RIITE INTEGRATED \u2013 6,8\/9\/10,5KW\u2013 elegantn\u00ed saunov\u00e9 elektrick\u00e9 topidlo z finsk\u00e9ho lit\u00e9ho kamene k zapu\u0161t\u011bn\u00ed do lavice"}]}]}},"locations":[],"_links":{"self":[{"href":"https:\/\/anderskafka.cz\/eshop\/wp-json\/wp\/v2\/product\/4909"}],"collection":[{"href":"https:\/\/anderskafka.cz\/eshop\/wp-json\/wp\/v2\/product"}],"about":[{"href":"https:\/\/anderskafka.cz\/eshop\/wp-json\/wp\/v2\/types\/product"}],"replies":[{"embeddable":true,"href":"https:\/\/anderskafka.cz\/eshop\/wp-json\/wp\/v2\/comments?post=4909"}],"wp:featuredmedia":[{"embeddable":true,"href":"https:\/\/anderskafka.cz\/eshop\/wp-json\/wp\/v2\/media\/4913"}],"wp:attachment":[{"href":"https:\/\/anderskafka.cz\/eshop\/wp-json\/wp\/v2\/media?parent=4909"}],"wp:term":[{"taxonomy":"location","embeddable":true,"href":"https:\/\/anderskafka.cz\/eshop\/wp-json\/wp\/v2\/location?post=4909"},{"taxonomy":"product_cat","embeddable":true,"href":"https:\/\/anderskafka.cz\/eshop\/wp-json\/wp\/v2\/product_cat?post=4909"},{"taxonomy":"product_tag","embeddable":true,"href":"https:\/\/anderskafka.cz\/eshop\/wp-json\/wp\/v2\/product_tag?post=4909"}],"curies":[{"name":"wp","href":"https:\/\/api.w.org\/{rel}","templated":true}]}}