{"id":5016,"date":"2023-11-13T22:16:06","date_gmt":"2023-11-13T21:16:06","guid":{"rendered":"https:\/\/anderskafka.cz\/eshop\/?post_type=product&#038;p=5016"},"modified":"2025-10-24T11:37:57","modified_gmt":"2025-10-24T09:37:57","slug":"greus-polevaci-vedro-kvalitni-rucne-vyrabene-z-dubu-o-objemu-10-23-35-l","status":"publish","type":"product","link":"https:\/\/anderskafka.cz\/eshop\/produkt\/greus-polevaci-vedro-kvalitni-rucne-vyrabene-z-dubu-o-objemu-10-23-35-l\/","title":{"rendered":"GREUS POL\u00c9VAC\u00cd V\u011aDRO \u2013 kvalitn\u00ed, ru\u010dn\u011b vyr\u00e1b\u011bn\u00e9 z dubu o objemu 10\/23\/35 l"},"content":{"rendered":"<p>Kvalitn\u00ed, ru\u010dn\u011b vyr\u00e1b\u011bn\u00e9 pol\u00e9vac\u00ed v\u011bdro z masivu d\u0159eviny dub ve t\u0159ech velikostech. V\u011bdro m\u016f\u017eete upevnit na st\u011bnu snadnou mont\u00e1\u017e\u00ed. Sou\u010d\u00e1st\u00ed dod\u00e1vky je syst\u00e9m napou\u0161t\u011bn\u00ed, lanov\u00e9 t\u00e1hlo, d\u0159ev\u011bn\u00e1 konzole.<\/p>\n<p>Masivn\u00ed pol\u00e9vac\u00ed v\u011bdro do sauny s dv\u011bmi nerozev\u00fdm\u00ed obru\u010demi tlou\u0161ky 2mm a \u0161\u00ed\u0159ky 25mm, kter\u00e9 je vhodn\u00e9 do interi\u00e9ru i exteri\u00e9ru a je vybaveno automatick\u00fdm dopl\u0148ov\u00e1n\u00edm vody formou plov\u00e1ku pomoc\u00ed p\u0159ipojovac\u00ed hadice se z\u00e1vitem 1\/2, s minim\u00e1ln\u00ed d\u00e9lkou p\u0159ipojovac\u00ed hadice 400 mm v p\u0159\u00edpad\u011b n\u00e1st\u011bnce armatury um\u00edstn\u011bn\u00e9 ve stejn\u00e9 \u00farovn\u00ed jako p\u0159ipojovac\u00ed z\u00e1vit na v\u011bdru.<\/p>\n<div class=\"page\" title=\"Page 1\">\n<div class=\"layoutArea\">\n<div class=\"column\">\n<p>VAROVA\u0301NI\u0301: Zkontrolujte, zda je ste\u030cna dostatec\u030cne\u030c nosn\u00e1, tenke\u0301 a lehke\u0301 panely nejsou k monta\u0301z\u030ci vhodne\u0301.<\/p>\n<p>V\u011bdro \u00a0nesm\u00ed b\u00fdt del\u0161\u00ed dobu nenapu\u0161t\u011bn\u00e9 aby nedo\u0161lo k jeho po\u0161kozen\u00ed z d\u016fvodu vyschnut\u00ed d\u0159eva. Doporu\u010dujeme v\u00fdm\u011bnu vody v p\u0159\u00edpad\u011b, \u017ee nen\u00ed pou\u017e\u00edv\u00e1no v intervalu ne del\u0161\u00ed ne\u017e jeden t\u00fdden. V\u011bdro doporu\u010dujeme \u00a0pravideln\u011b desinfikovat cca jednou za m\u011bs\u00edc.<\/p>\n<p><span style=\"font-size: 16px\">V\u011bdro zevnit\u0159 nen\u00ed chr\u00e1n\u011bno \u017e\u00e1dnou vlo\u017ekou a m\u016f\u017ee tak doj\u00edt k \u010dern\u00e1n\u00ed d\u0159eva. Je to p\u0159irozen\u00e9.<\/span><\/p>\n<\/div>\n<\/div>\n<\/div>\n","protected":false},"excerpt":{"rendered":"<p style=\"font-weight: 400;text-align: left\">Kvalitn\u00ed, ru\u010dn\u011b vyr\u00e1b\u011bn\u00e9 pol\u00e9vac\u00ed v\u011bdro z masivu d\u0159eviny dub ve t\u0159ech velikostech. V\u011bdro m\u016f\u017eete upevnit na st\u011bnu a je vybaveno automatick\u00fdm dopou\u0161t\u011bn\u00edm.<\/p>\n","protected":false},"featured_media":5021,"comment_status":"open","ping_status":"closed","template":"","meta":{"site-sidebar-layout":"default","site-content-layout":"default","ast-main-header-display":"","ast-hfb-above-header-display":"","ast-hfb-below-header-display":"","ast-hfb-mobile-header-display":"","site-post-title":"","ast-breadcrumbs-content":"","ast-featured-img":"","footer-sml-layout":"","theme-transparent-header-meta":"","adv-header-id-meta":"","stick-header-meta":"","header-above-stick-meta":"","header-main-stick-meta":"","header-below-stick-meta":""},"location":[],"product_cat":[1086],"product_tag":[1121],"yoast_head":"<!-- This site is optimized with the Yoast SEO plugin v18.5.1 - https:\/\/yoast.com\/wordpress\/plugins\/seo\/ -->\n<title>GREUS POL\u00c9VAC\u00cd V\u011aDRO \u2013 kvalitn\u00ed, ru\u010dn\u011b vyr\u00e1b\u011bn\u00e9 z dubu o objemu 10\/23\/35 l - Anders &amp; Kafka E-SHOP<\/title>\n<meta name=\"description\" content=\"Kvalitn\u00ed, ru\u010dn\u011b vyr\u00e1b\u011bn\u00e9 pol\u00e9vac\u00ed v\u011bdro z masivu d\u0159eviny dub ve t\u0159ech velikostech. V\u011bdro m\u016f\u017eete upevnit na st\u011bnu a je vybaveno automatick\u00fdm dopou\u0161t\u011bn\u00edm.\" \/>\n<meta name=\"robots\" content=\"index, follow, max-snippet:-1, max-image-preview:large, max-video-preview:-1\" \/>\n<link rel=\"canonical\" href=\"https:\/\/anderskafka.cz\/eshop\/produkt\/greus-polevaci-vedro-kvalitni-rucne-vyrabene-z-dubu-o-objemu-10-23-35-l\/\" \/>\n<meta property=\"og:locale\" content=\"cs_CZ\" \/>\n<meta property=\"og:type\" content=\"article\" \/>\n<meta property=\"og:title\" content=\"GREUS POL\u00c9VAC\u00cd V\u011aDRO \u2013 kvalitn\u00ed, ru\u010dn\u011b vyr\u00e1b\u011bn\u00e9 z dubu o objemu 10\/23\/35 l - Anders &amp; Kafka E-SHOP\" \/>\n<meta property=\"og:description\" content=\"Kvalitn\u00ed, ru\u010dn\u011b vyr\u00e1b\u011bn\u00e9 pol\u00e9vac\u00ed v\u011bdro z masivu d\u0159eviny dub ve t\u0159ech velikostech. V\u011bdro m\u016f\u017eete upevnit na st\u011bnu a je vybaveno automatick\u00fdm dopou\u0161t\u011bn\u00edm.\" \/>\n<meta property=\"og:url\" content=\"https:\/\/anderskafka.cz\/eshop\/produkt\/greus-polevaci-vedro-kvalitni-rucne-vyrabene-z-dubu-o-objemu-10-23-35-l\/\" \/>\n<meta property=\"og:site_name\" content=\"Anders &amp; Kafka E-SHOP\" \/>\n<meta property=\"article:modified_time\" content=\"2025-10-24T09:37:57+00:00\" \/>\n<meta property=\"og:image\" content=\"https:\/\/anderskafka.cz\/eshop\/wp-content\/uploads\/sites\/3\/2023\/11\/WhatsApp-Image-2023-11-03-at-14.44.22.jpeg\" \/>\n\t<meta property=\"og:image:width\" content=\"1200\" \/>\n\t<meta property=\"og:image:height\" content=\"800\" \/>\n\t<meta property=\"og:image:type\" content=\"image\/jpeg\" \/>\n<meta name=\"twitter:card\" content=\"summary_large_image\" \/>\n<meta name=\"twitter:label1\" content=\"Odhadovan\u00e1 doba \u010dten\u00ed\" \/>\n\t<meta name=\"twitter:data1\" content=\"1 minuta\" \/>\n<script type=\"application\/ld+json\" class=\"yoast-schema-graph\">{\"@context\":\"https:\/\/schema.org\",\"@graph\":[{\"@type\":\"WebSite\",\"@id\":\"https:\/\/anderskafka.cz\/eshop\/#website\",\"url\":\"https:\/\/anderskafka.cz\/eshop\/\",\"name\":\"Anders &amp; Kafka E-SHOP\",\"description\":\"Anders &amp; Kafka E-SHOP\",\"potentialAction\":[{\"@type\":\"SearchAction\",\"target\":{\"@type\":\"EntryPoint\",\"urlTemplate\":\"https:\/\/anderskafka.cz\/eshop\/?s={search_term_string}\"},\"query-input\":\"required name=search_term_string\"}],\"inLanguage\":\"cs\"},{\"@type\":\"ImageObject\",\"@id\":\"https:\/\/anderskafka.cz\/eshop\/produkt\/greus-polevaci-vedro-kvalitni-rucne-vyrabene-z-dubu-o-objemu-10-23-35-l\/#primaryimage\",\"inLanguage\":\"cs\",\"url\":\"https:\/\/anderskafka.cz\/eshop\/wp-content\/uploads\/sites\/3\/2023\/11\/WhatsApp-Image-2023-11-03-at-14.44.22.jpeg\",\"contentUrl\":\"https:\/\/anderskafka.cz\/eshop\/wp-content\/uploads\/sites\/3\/2023\/11\/WhatsApp-Image-2023-11-03-at-14.44.22.jpeg\",\"width\":1200,\"height\":800},{\"@type\":\"WebPage\",\"@id\":\"https:\/\/anderskafka.cz\/eshop\/produkt\/greus-polevaci-vedro-kvalitni-rucne-vyrabene-z-dubu-o-objemu-10-23-35-l\/#webpage\",\"url\":\"https:\/\/anderskafka.cz\/eshop\/produkt\/greus-polevaci-vedro-kvalitni-rucne-vyrabene-z-dubu-o-objemu-10-23-35-l\/\",\"name\":\"GREUS POL\u00c9VAC\u00cd V\u011aDRO \u2013 kvalitn\u00ed, ru\u010dn\u011b vyr\u00e1b\u011bn\u00e9 z dubu o objemu 10\/23\/35 l - Anders &amp; Kafka E-SHOP\",\"isPartOf\":{\"@id\":\"https:\/\/anderskafka.cz\/eshop\/#website\"},\"primaryImageOfPage\":{\"@id\":\"https:\/\/anderskafka.cz\/eshop\/produkt\/greus-polevaci-vedro-kvalitni-rucne-vyrabene-z-dubu-o-objemu-10-23-35-l\/#primaryimage\"},\"datePublished\":\"2023-11-13T21:16:06+00:00\",\"dateModified\":\"2025-10-24T09:37:57+00:00\",\"description\":\"Kvalitn\u00ed, ru\u010dn\u011b vyr\u00e1b\u011bn\u00e9 pol\u00e9vac\u00ed v\u011bdro z masivu d\u0159eviny dub ve t\u0159ech velikostech. V\u011bdro m\u016f\u017eete upevnit na st\u011bnu a je vybaveno automatick\u00fdm dopou\u0161t\u011bn\u00edm.\",\"breadcrumb\":{\"@id\":\"https:\/\/anderskafka.cz\/eshop\/produkt\/greus-polevaci-vedro-kvalitni-rucne-vyrabene-z-dubu-o-objemu-10-23-35-l\/#breadcrumb\"},\"inLanguage\":\"cs\",\"potentialAction\":[{\"@type\":\"ReadAction\",\"target\":[\"https:\/\/anderskafka.cz\/eshop\/produkt\/greus-polevaci-vedro-kvalitni-rucne-vyrabene-z-dubu-o-objemu-10-23-35-l\/\"]}]},{\"@type\":\"BreadcrumbList\",\"@id\":\"https:\/\/anderskafka.cz\/eshop\/produkt\/greus-polevaci-vedro-kvalitni-rucne-vyrabene-z-dubu-o-objemu-10-23-35-l\/#breadcrumb\",\"itemListElement\":[{\"@type\":\"ListItem\",\"position\":1,\"name\":\"Obchod\",\"item\":\"https:\/\/anderskafka.cz\/eshop\/obchod\/\"},{\"@type\":\"ListItem\",\"position\":2,\"name\":\"GREUS POL\u00c9VAC\u00cd V\u011aDRO \u2013 kvalitn\u00ed, ru\u010dn\u011b vyr\u00e1b\u011bn\u00e9 z dubu o objemu 10\/23\/35 l\"}]}]}<\/script>\n<!-- \/ Yoast SEO plugin. -->","yoast_head_json":{"title":"GREUS POL\u00c9VAC\u00cd V\u011aDRO \u2013 kvalitn\u00ed, ru\u010dn\u011b vyr\u00e1b\u011bn\u00e9 z dubu o objemu 10\/23\/35 l - Anders &amp; Kafka E-SHOP","description":"Kvalitn\u00ed, ru\u010dn\u011b vyr\u00e1b\u011bn\u00e9 pol\u00e9vac\u00ed v\u011bdro z masivu d\u0159eviny dub ve t\u0159ech velikostech. V\u011bdro m\u016f\u017eete upevnit na st\u011bnu a je vybaveno automatick\u00fdm dopou\u0161t\u011bn\u00edm.","robots":{"index":"index","follow":"follow","max-snippet":"max-snippet:-1","max-image-preview":"max-image-preview:large","max-video-preview":"max-video-preview:-1"},"canonical":"https:\/\/anderskafka.cz\/eshop\/produkt\/greus-polevaci-vedro-kvalitni-rucne-vyrabene-z-dubu-o-objemu-10-23-35-l\/","og_locale":"cs_CZ","og_type":"article","og_title":"GREUS POL\u00c9VAC\u00cd V\u011aDRO \u2013 kvalitn\u00ed, ru\u010dn\u011b vyr\u00e1b\u011bn\u00e9 z dubu o objemu 10\/23\/35 l - Anders &amp; Kafka E-SHOP","og_description":"Kvalitn\u00ed, ru\u010dn\u011b vyr\u00e1b\u011bn\u00e9 pol\u00e9vac\u00ed v\u011bdro z masivu d\u0159eviny dub ve t\u0159ech velikostech. V\u011bdro m\u016f\u017eete upevnit na st\u011bnu a je vybaveno automatick\u00fdm dopou\u0161t\u011bn\u00edm.","og_url":"https:\/\/anderskafka.cz\/eshop\/produkt\/greus-polevaci-vedro-kvalitni-rucne-vyrabene-z-dubu-o-objemu-10-23-35-l\/","og_site_name":"Anders &amp; Kafka E-SHOP","article_modified_time":"2025-10-24T09:37:57+00:00","og_image":[{"width":1200,"height":800,"url":"https:\/\/anderskafka.cz\/eshop\/wp-content\/uploads\/sites\/3\/2023\/11\/WhatsApp-Image-2023-11-03-at-14.44.22.jpeg","type":"image\/jpeg"}],"twitter_card":"summary_large_image","twitter_misc":{"Odhadovan\u00e1 doba \u010dten\u00ed":"1 minuta"},"schema":{"@context":"https:\/\/schema.org","@graph":[{"@type":"WebSite","@id":"https:\/\/anderskafka.cz\/eshop\/#website","url":"https:\/\/anderskafka.cz\/eshop\/","name":"Anders &amp; Kafka E-SHOP","description":"Anders &amp; Kafka E-SHOP","potentialAction":[{"@type":"SearchAction","target":{"@type":"EntryPoint","urlTemplate":"https:\/\/anderskafka.cz\/eshop\/?s={search_term_string}"},"query-input":"required name=search_term_string"}],"inLanguage":"cs"},{"@type":"ImageObject","@id":"https:\/\/anderskafka.cz\/eshop\/produkt\/greus-polevaci-vedro-kvalitni-rucne-vyrabene-z-dubu-o-objemu-10-23-35-l\/#primaryimage","inLanguage":"cs","url":"https:\/\/anderskafka.cz\/eshop\/wp-content\/uploads\/sites\/3\/2023\/11\/WhatsApp-Image-2023-11-03-at-14.44.22.jpeg","contentUrl":"https:\/\/anderskafka.cz\/eshop\/wp-content\/uploads\/sites\/3\/2023\/11\/WhatsApp-Image-2023-11-03-at-14.44.22.jpeg","width":1200,"height":800},{"@type":"WebPage","@id":"https:\/\/anderskafka.cz\/eshop\/produkt\/greus-polevaci-vedro-kvalitni-rucne-vyrabene-z-dubu-o-objemu-10-23-35-l\/#webpage","url":"https:\/\/anderskafka.cz\/eshop\/produkt\/greus-polevaci-vedro-kvalitni-rucne-vyrabene-z-dubu-o-objemu-10-23-35-l\/","name":"GREUS POL\u00c9VAC\u00cd V\u011aDRO \u2013 kvalitn\u00ed, ru\u010dn\u011b vyr\u00e1b\u011bn\u00e9 z dubu o objemu 10\/23\/35 l - Anders &amp; Kafka E-SHOP","isPartOf":{"@id":"https:\/\/anderskafka.cz\/eshop\/#website"},"primaryImageOfPage":{"@id":"https:\/\/anderskafka.cz\/eshop\/produkt\/greus-polevaci-vedro-kvalitni-rucne-vyrabene-z-dubu-o-objemu-10-23-35-l\/#primaryimage"},"datePublished":"2023-11-13T21:16:06+00:00","dateModified":"2025-10-24T09:37:57+00:00","description":"Kvalitn\u00ed, ru\u010dn\u011b vyr\u00e1b\u011bn\u00e9 pol\u00e9vac\u00ed v\u011bdro z masivu d\u0159eviny dub ve t\u0159ech velikostech. V\u011bdro m\u016f\u017eete upevnit na st\u011bnu a je vybaveno automatick\u00fdm dopou\u0161t\u011bn\u00edm.","breadcrumb":{"@id":"https:\/\/anderskafka.cz\/eshop\/produkt\/greus-polevaci-vedro-kvalitni-rucne-vyrabene-z-dubu-o-objemu-10-23-35-l\/#breadcrumb"},"inLanguage":"cs","potentialAction":[{"@type":"ReadAction","target":["https:\/\/anderskafka.cz\/eshop\/produkt\/greus-polevaci-vedro-kvalitni-rucne-vyrabene-z-dubu-o-objemu-10-23-35-l\/"]}]},{"@type":"BreadcrumbList","@id":"https:\/\/anderskafka.cz\/eshop\/produkt\/greus-polevaci-vedro-kvalitni-rucne-vyrabene-z-dubu-o-objemu-10-23-35-l\/#breadcrumb","itemListElement":[{"@type":"ListItem","position":1,"name":"Obchod","item":"https:\/\/anderskafka.cz\/eshop\/obchod\/"},{"@type":"ListItem","position":2,"name":"GREUS POL\u00c9VAC\u00cd V\u011aDRO \u2013 kvalitn\u00ed, ru\u010dn\u011b vyr\u00e1b\u011bn\u00e9 z dubu o objemu 10\/23\/35 l"}]}]}},"locations":[],"_links":{"self":[{"href":"https:\/\/anderskafka.cz\/eshop\/wp-json\/wp\/v2\/product\/5016"}],"collection":[{"href":"https:\/\/anderskafka.cz\/eshop\/wp-json\/wp\/v2\/product"}],"about":[{"href":"https:\/\/anderskafka.cz\/eshop\/wp-json\/wp\/v2\/types\/product"}],"replies":[{"embeddable":true,"href":"https:\/\/anderskafka.cz\/eshop\/wp-json\/wp\/v2\/comments?post=5016"}],"wp:featuredmedia":[{"embeddable":true,"href":"https:\/\/anderskafka.cz\/eshop\/wp-json\/wp\/v2\/media\/5021"}],"wp:attachment":[{"href":"https:\/\/anderskafka.cz\/eshop\/wp-json\/wp\/v2\/media?parent=5016"}],"wp:term":[{"taxonomy":"location","embeddable":true,"href":"https:\/\/anderskafka.cz\/eshop\/wp-json\/wp\/v2\/location?post=5016"},{"taxonomy":"product_cat","embeddable":true,"href":"https:\/\/anderskafka.cz\/eshop\/wp-json\/wp\/v2\/product_cat?post=5016"},{"taxonomy":"product_tag","embeddable":true,"href":"https:\/\/anderskafka.cz\/eshop\/wp-json\/wp\/v2\/product_tag?post=5016"}],"curies":[{"name":"wp","href":"https:\/\/api.w.org\/{rel}","templated":true}]}}