{"id":5096,"date":"2023-11-18T18:51:12","date_gmt":"2023-11-18T17:51:12","guid":{"rendered":"https:\/\/anderskafka.cz\/eshop\/?post_type=product&#038;p=5096"},"modified":"2026-03-26T10:59:46","modified_gmt":"2026-03-26T09:59:46","slug":"chemoform-compactal-cisteni-a-odstranovani-povrchovych-usazenin-objem-baleni-1l","status":"publish","type":"product","link":"https:\/\/anderskafka.cz\/eshop\/produkt\/chemoform-compactal-cisteni-a-odstranovani-povrchovych-usazenin-objem-baleni-1l\/","title":{"rendered":"CHEMOFORM compactal , \u010di\u0161t\u011bn\u00ed a odstra\u0148ov\u00e1n\u00ed povrchov\u00fdch usazenin, objem balen\u00ed 1l"},"content":{"rendered":"<p class=\"subname\"><strong>\u010di\u0161t\u011bn\u00ed\/odstran\u011bn\u00ed povrchov\u00fdch usazenin<\/strong><\/p>\n<div id=\"product-description-short\">\n<p>Compactal odstra\u0148uje vodn\u00ed k\u00e1men a jin\u00e9 pevn\u00e9 usazeniny, odstra\u0148uje \u0159asy a zabarven\u00ed od rzi. Nepo\u0161kozuje chorkau\u010dukov\u00e9 barvy a n\u00e1t\u011bry z um\u011bl\u00fdch prysky\u0159ic, je velmi \u00fasporn\u00fd.<\/p>\n<\/div>\n<div id=\"product-description\">\n<h2>N\u00e1vod k pou\u017eit\u00ed:<\/h2>\n<p>\u010ci\u0161t\u011bn\u00ed se prov\u00e1d\u00ed p\u0159i vypu\u0161t\u011bn\u00e9m baz\u00e9nu. P\u0159\u00edpravek roz\u0159e\u010fte vodou podle druhu a s\u00edly zne\u010di\u0161t\u011bn\u00ed od 1:3 do 1:10, naneste na \u010di\u0161t\u011bnou plochu, p\u0159ekart\u00e1\u010dujte a nechte p\u016fsobit 5-10 minut. Pot\u00e9 je\u0161t\u011b jednou p\u0159ekart\u00e1\u010dujte a d\u016fkladn\u011b opl\u00e1chn\u011bte vodou. U m\u00edst s odoln\u011bj\u0161\u00ed ne\u010distotou postup opakujte. P\u0159i \u00fadr\u017eb\u011b v\u011bt\u0161\u00edch ploch rozd\u011blte \u010di\u0161t\u011bn\u00ed na v\u00edce jednotliv\u00fdch \u00fasek\u016f. P\u0159\u00edpravek nenechte na \u010di\u0161t\u011bn\u00e9 plo\u0161e zaschnout! O\u0161et\u0159ovan\u00e9 plochy je nutn\u00e9 d\u016fkladn\u011b opl\u00e1chnout, aby se p\u0159\u00edpravek nedostal p\u0159i napou\u0161t\u011bn\u00ed do baz\u00e9nov\u00e9 vody. Materi\u00e1ly citliv\u00e9 na kyseliny, jako je mramor, smalt, chrom nebo ocel chra\u0148te p\u0159ed post\u0159\u00edk\u00e1n\u00edm. Koncentrovan\u00fd p\u0159\u00edpravek nesm\u00ed vniknout do kanalizace.<\/p>\n<p>Nikdy nem\u00edchejte s jin\u00fdmi chemik\u00e1liemi!<\/p>\n<p><strong>Obsah:<\/strong> 1 l<\/p>\n<\/div>\n<p class=\"subname\"><span style=\"font-size: 1.7em;font-weight: bold\">Bezpe\u010dnost a prvn\u00ed pomoc:<\/span><\/p>\n<div id=\"product-description\">\n<p><strong>NEBEZPE\u010c\u00cd<\/strong><\/p>\n<p><img src=\"https:\/\/www.guaa.cz\/img\/icon\/exclam.png\" alt=\"exclam.png\" \/><img src=\"https:\/\/www.guaa.cz\/img\/icon\/acid.png\" alt=\"acid.png\" \/><\/p>\n<p>Zp\u016fsobuje t\u011b\u017ek\u00e9 polept\u00e1n\u00ed k\u016f\u017ee a po\u0161kozen\u00ed o\u010d\u00ed. M\u016f\u017ee zp\u016fsobit podr\u00e1\u017ed\u011bn\u00ed d\u00fdchac\u00edch cest. Je-li nutn\u00e1 l\u00e9ka\u0159sk\u00e1 pomoc, m\u011bjte po ruce obal nebo \u0161t\u00edtek v\u00fdrobku. Uchov\u00e1vejte mimo dosah d\u011bt\u00ed. Nevdechujte mlhu\/p\u00e1ry\/aerosoly. Pou\u017e\u00edvejte ochrann\u00e9 rukavice\/ochrann\u00e9 br\u00fdle. P\u0158I STYKU S K\u016e\u017d\u00cd (nebo s vlasy): Ve\u0161ker\u00e9 kontaminovan\u00e9 \u010d\u00e1sti od\u011bvu okam\u017eit\u011b svl\u00e9kn\u011bte. Opl\u00e1chn\u011bte k\u016f\u017ei vodou\/osprchujte. P\u0158I ZASA\u017dEN\u00cd O\u010c\u00cd: N\u011bkolik minut opatrn\u011b vyplachujte vodou. Vyjm\u011bte kontaktn\u00ed \u010do\u010dky, jsou-li nasazeny a pokud je lze vyjmout snadno. Pokra\u010dujte ve vyplachov\u00e1n\u00ed. Skladujte uzam\u010den\u00e9. Odstra\u0148te obsah\/obal v souladu s m\u00edstn\u00edmi\/region\u00e1ln\u00edmi\/n\u00e1rodn\u00edmi\/mezin\u00e1rodn\u00edmi p\u0159edpisy.<\/p>\n<p><strong>Obsahuje:<\/strong> aniontov\u00e9 povrchov\u011b aktivn\u00ed l\u00e1tky &lt; 5 %, neiontov\u00e9 povrchov\u011b aktivn\u00ed l\u00e1tky &lt; 5 %, parf\u00e9my &lt; 5 %, kyselina chlorovod\u00edkov\u00e1, &lt; 20 %, Kyselina fosfore\u010dn\u00e1 &lt; 10 %<\/p>\n<p><strong>Pou\u017e\u00edvejte biocidn\u00ed p\u0159\u00edpravky bezpe\u010dn\u011b. P\u0159ed pou\u017eit\u00edm si v\u017edy p\u0159e\u010dt\u011bte \u00fadaje na obalu a p\u0159ipojen\u00e9 informace o v\u00fdrobku.<\/strong><\/p>\n<\/div>\n","protected":false},"excerpt":{"rendered":"<div>\n<p>Compactal odstra\u0148uje vodn\u00ed k\u00e1men a jin\u00e9 pevn\u00e9 usazeniny, odstra\u0148uje \u0159asy a zabarven\u00ed od rzi. Nepo\u0161kozuje chorkau\u010dukov\u00e9 barvy a n\u00e1t\u011bry z um\u011bl\u00fdch prysky\u0159ic, je velmi \u00fasporn\u00fd.<\/p>\n<p>&nbsp;<\/p>\n<\/div>\n<div>\n<div>\n<div><\/div>\n<\/div>\n<\/div>\n","protected":false},"featured_media":5097,"comment_status":"open","ping_status":"closed","template":"","meta":{"site-sidebar-layout":"default","site-content-layout":"default","ast-main-header-display":"","ast-hfb-above-header-display":"","ast-hfb-below-header-display":"","ast-hfb-mobile-header-display":"disabled","site-post-title":"","ast-breadcrumbs-content":"","ast-featured-img":"","footer-sml-layout":"","theme-transparent-header-meta":"","adv-header-id-meta":"","stick-header-meta":"","header-above-stick-meta":"","header-main-stick-meta":"","header-below-stick-meta":""},"location":[],"product_cat":[1597],"product_tag":[1126],"yoast_head":"<!-- This site is optimized with the Yoast SEO plugin v18.5.1 - https:\/\/yoast.com\/wordpress\/plugins\/seo\/ -->\n<title>CHEMOFORM compactal , \u010di\u0161t\u011bn\u00ed a odstra\u0148ov\u00e1n\u00ed povrchov\u00fdch usazenin, objem balen\u00ed 1l - Anders &amp; Kafka E-SHOP<\/title>\n<meta name=\"description\" content=\"Compactal odstra\u0148uje vodn\u00ed k\u00e1men a jin\u00e9 pevn\u00e9 usazeniny, odstra\u0148uje \u0159asy a zabarven\u00ed od rzi. Nepo\u0161kozuje chorkau\u010dukov\u00e9 barvy a n\u00e1t\u011bry z um\u011bl\u00fdch prysky\u0159ic, je velmi \u00fasporn\u00fd.  &nbsp;\" \/>\n<meta name=\"robots\" content=\"index, follow, max-snippet:-1, max-image-preview:large, max-video-preview:-1\" \/>\n<link rel=\"canonical\" href=\"https:\/\/anderskafka.cz\/eshop\/produkt\/chemoform-compactal-cisteni-a-odstranovani-povrchovych-usazenin-objem-baleni-1l\/\" \/>\n<meta property=\"og:locale\" content=\"cs_CZ\" \/>\n<meta property=\"og:type\" content=\"article\" \/>\n<meta property=\"og:title\" content=\"CHEMOFORM compactal , \u010di\u0161t\u011bn\u00ed a odstra\u0148ov\u00e1n\u00ed povrchov\u00fdch usazenin, objem balen\u00ed 1l - Anders &amp; Kafka E-SHOP\" \/>\n<meta property=\"og:description\" content=\"Compactal odstra\u0148uje vodn\u00ed k\u00e1men a jin\u00e9 pevn\u00e9 usazeniny, odstra\u0148uje \u0159asy a zabarven\u00ed od rzi. Nepo\u0161kozuje chorkau\u010dukov\u00e9 barvy a n\u00e1t\u011bry z um\u011bl\u00fdch prysky\u0159ic, je velmi \u00fasporn\u00fd.  &nbsp;\" \/>\n<meta property=\"og:url\" content=\"https:\/\/anderskafka.cz\/eshop\/produkt\/chemoform-compactal-cisteni-a-odstranovani-povrchovych-usazenin-objem-baleni-1l\/\" \/>\n<meta property=\"og:site_name\" content=\"Anders &amp; Kafka E-SHOP\" \/>\n<meta property=\"article:modified_time\" content=\"2026-03-26T09:59:46+00:00\" \/>\n<meta property=\"og:image\" content=\"https:\/\/anderskafka.cz\/eshop\/wp-content\/uploads\/sites\/3\/2023\/11\/cisteniodstraneni-povrchovych-usazenin-compactal.jpg-2.png\" \/>\n\t<meta property=\"og:image:width\" content=\"800\" \/>\n\t<meta property=\"og:image:height\" content=\"800\" \/>\n\t<meta property=\"og:image:type\" content=\"image\/png\" \/>\n<meta name=\"twitter:card\" content=\"summary_large_image\" \/>\n<meta name=\"twitter:label1\" content=\"Odhadovan\u00e1 doba \u010dten\u00ed\" \/>\n\t<meta name=\"twitter:data1\" content=\"2 minuty\" \/>\n<script type=\"application\/ld+json\" class=\"yoast-schema-graph\">{\"@context\":\"https:\/\/schema.org\",\"@graph\":[{\"@type\":\"WebSite\",\"@id\":\"https:\/\/anderskafka.cz\/eshop\/#website\",\"url\":\"https:\/\/anderskafka.cz\/eshop\/\",\"name\":\"Anders &amp; Kafka E-SHOP\",\"description\":\"Anders &amp; Kafka E-SHOP\",\"potentialAction\":[{\"@type\":\"SearchAction\",\"target\":{\"@type\":\"EntryPoint\",\"urlTemplate\":\"https:\/\/anderskafka.cz\/eshop\/?s={search_term_string}\"},\"query-input\":\"required name=search_term_string\"}],\"inLanguage\":\"cs\"},{\"@type\":\"ImageObject\",\"@id\":\"https:\/\/anderskafka.cz\/eshop\/produkt\/chemoform-compactal-cisteni-a-odstranovani-povrchovych-usazenin-objem-baleni-1l\/#primaryimage\",\"inLanguage\":\"cs\",\"url\":\"https:\/\/anderskafka.cz\/eshop\/wp-content\/uploads\/sites\/3\/2023\/11\/cisteniodstraneni-povrchovych-usazenin-compactal.jpg-2.png\",\"contentUrl\":\"https:\/\/anderskafka.cz\/eshop\/wp-content\/uploads\/sites\/3\/2023\/11\/cisteniodstraneni-povrchovych-usazenin-compactal.jpg-2.png\",\"width\":800,\"height\":800},{\"@type\":\"WebPage\",\"@id\":\"https:\/\/anderskafka.cz\/eshop\/produkt\/chemoform-compactal-cisteni-a-odstranovani-povrchovych-usazenin-objem-baleni-1l\/#webpage\",\"url\":\"https:\/\/anderskafka.cz\/eshop\/produkt\/chemoform-compactal-cisteni-a-odstranovani-povrchovych-usazenin-objem-baleni-1l\/\",\"name\":\"CHEMOFORM compactal , \u010di\u0161t\u011bn\u00ed a odstra\u0148ov\u00e1n\u00ed povrchov\u00fdch usazenin, objem balen\u00ed 1l - Anders &amp; Kafka E-SHOP\",\"isPartOf\":{\"@id\":\"https:\/\/anderskafka.cz\/eshop\/#website\"},\"primaryImageOfPage\":{\"@id\":\"https:\/\/anderskafka.cz\/eshop\/produkt\/chemoform-compactal-cisteni-a-odstranovani-povrchovych-usazenin-objem-baleni-1l\/#primaryimage\"},\"datePublished\":\"2023-11-18T17:51:12+00:00\",\"dateModified\":\"2026-03-26T09:59:46+00:00\",\"description\":\"Compactal odstra\u0148uje vodn\u00ed k\u00e1men a jin\u00e9 pevn\u00e9 usazeniny, odstra\u0148uje \u0159asy a zabarven\u00ed od rzi. Nepo\u0161kozuje chorkau\u010dukov\u00e9 barvy a n\u00e1t\u011bry z um\u011bl\u00fdch prysky\u0159ic, je velmi \u00fasporn\u00fd. &nbsp;\",\"breadcrumb\":{\"@id\":\"https:\/\/anderskafka.cz\/eshop\/produkt\/chemoform-compactal-cisteni-a-odstranovani-povrchovych-usazenin-objem-baleni-1l\/#breadcrumb\"},\"inLanguage\":\"cs\",\"potentialAction\":[{\"@type\":\"ReadAction\",\"target\":[\"https:\/\/anderskafka.cz\/eshop\/produkt\/chemoform-compactal-cisteni-a-odstranovani-povrchovych-usazenin-objem-baleni-1l\/\"]}]},{\"@type\":\"BreadcrumbList\",\"@id\":\"https:\/\/anderskafka.cz\/eshop\/produkt\/chemoform-compactal-cisteni-a-odstranovani-povrchovych-usazenin-objem-baleni-1l\/#breadcrumb\",\"itemListElement\":[{\"@type\":\"ListItem\",\"position\":1,\"name\":\"Obchod\",\"item\":\"https:\/\/anderskafka.cz\/eshop\/obchod\/\"},{\"@type\":\"ListItem\",\"position\":2,\"name\":\"CHEMOFORM compactal , \u010di\u0161t\u011bn\u00ed a odstra\u0148ov\u00e1n\u00ed povrchov\u00fdch usazenin, objem balen\u00ed 1l\"}]}]}<\/script>\n<!-- \/ Yoast SEO plugin. -->","yoast_head_json":{"title":"CHEMOFORM compactal , \u010di\u0161t\u011bn\u00ed a odstra\u0148ov\u00e1n\u00ed povrchov\u00fdch usazenin, objem balen\u00ed 1l - Anders &amp; Kafka E-SHOP","description":"Compactal odstra\u0148uje vodn\u00ed k\u00e1men a jin\u00e9 pevn\u00e9 usazeniny, odstra\u0148uje \u0159asy a zabarven\u00ed od rzi. Nepo\u0161kozuje chorkau\u010dukov\u00e9 barvy a n\u00e1t\u011bry z um\u011bl\u00fdch prysky\u0159ic, je velmi \u00fasporn\u00fd.  &nbsp;","robots":{"index":"index","follow":"follow","max-snippet":"max-snippet:-1","max-image-preview":"max-image-preview:large","max-video-preview":"max-video-preview:-1"},"canonical":"https:\/\/anderskafka.cz\/eshop\/produkt\/chemoform-compactal-cisteni-a-odstranovani-povrchovych-usazenin-objem-baleni-1l\/","og_locale":"cs_CZ","og_type":"article","og_title":"CHEMOFORM compactal , \u010di\u0161t\u011bn\u00ed a odstra\u0148ov\u00e1n\u00ed povrchov\u00fdch usazenin, objem balen\u00ed 1l - Anders &amp; Kafka E-SHOP","og_description":"Compactal odstra\u0148uje vodn\u00ed k\u00e1men a jin\u00e9 pevn\u00e9 usazeniny, odstra\u0148uje \u0159asy a zabarven\u00ed od rzi. Nepo\u0161kozuje chorkau\u010dukov\u00e9 barvy a n\u00e1t\u011bry z um\u011bl\u00fdch prysky\u0159ic, je velmi \u00fasporn\u00fd.  &nbsp;","og_url":"https:\/\/anderskafka.cz\/eshop\/produkt\/chemoform-compactal-cisteni-a-odstranovani-povrchovych-usazenin-objem-baleni-1l\/","og_site_name":"Anders &amp; Kafka E-SHOP","article_modified_time":"2026-03-26T09:59:46+00:00","og_image":[{"width":800,"height":800,"url":"https:\/\/anderskafka.cz\/eshop\/wp-content\/uploads\/sites\/3\/2023\/11\/cisteniodstraneni-povrchovych-usazenin-compactal.jpg-2.png","type":"image\/png"}],"twitter_card":"summary_large_image","twitter_misc":{"Odhadovan\u00e1 doba \u010dten\u00ed":"2 minuty"},"schema":{"@context":"https:\/\/schema.org","@graph":[{"@type":"WebSite","@id":"https:\/\/anderskafka.cz\/eshop\/#website","url":"https:\/\/anderskafka.cz\/eshop\/","name":"Anders &amp; Kafka E-SHOP","description":"Anders &amp; Kafka E-SHOP","potentialAction":[{"@type":"SearchAction","target":{"@type":"EntryPoint","urlTemplate":"https:\/\/anderskafka.cz\/eshop\/?s={search_term_string}"},"query-input":"required name=search_term_string"}],"inLanguage":"cs"},{"@type":"ImageObject","@id":"https:\/\/anderskafka.cz\/eshop\/produkt\/chemoform-compactal-cisteni-a-odstranovani-povrchovych-usazenin-objem-baleni-1l\/#primaryimage","inLanguage":"cs","url":"https:\/\/anderskafka.cz\/eshop\/wp-content\/uploads\/sites\/3\/2023\/11\/cisteniodstraneni-povrchovych-usazenin-compactal.jpg-2.png","contentUrl":"https:\/\/anderskafka.cz\/eshop\/wp-content\/uploads\/sites\/3\/2023\/11\/cisteniodstraneni-povrchovych-usazenin-compactal.jpg-2.png","width":800,"height":800},{"@type":"WebPage","@id":"https:\/\/anderskafka.cz\/eshop\/produkt\/chemoform-compactal-cisteni-a-odstranovani-povrchovych-usazenin-objem-baleni-1l\/#webpage","url":"https:\/\/anderskafka.cz\/eshop\/produkt\/chemoform-compactal-cisteni-a-odstranovani-povrchovych-usazenin-objem-baleni-1l\/","name":"CHEMOFORM compactal , \u010di\u0161t\u011bn\u00ed a odstra\u0148ov\u00e1n\u00ed povrchov\u00fdch usazenin, objem balen\u00ed 1l - Anders &amp; Kafka E-SHOP","isPartOf":{"@id":"https:\/\/anderskafka.cz\/eshop\/#website"},"primaryImageOfPage":{"@id":"https:\/\/anderskafka.cz\/eshop\/produkt\/chemoform-compactal-cisteni-a-odstranovani-povrchovych-usazenin-objem-baleni-1l\/#primaryimage"},"datePublished":"2023-11-18T17:51:12+00:00","dateModified":"2026-03-26T09:59:46+00:00","description":"Compactal odstra\u0148uje vodn\u00ed k\u00e1men a jin\u00e9 pevn\u00e9 usazeniny, odstra\u0148uje \u0159asy a zabarven\u00ed od rzi. Nepo\u0161kozuje chorkau\u010dukov\u00e9 barvy a n\u00e1t\u011bry z um\u011bl\u00fdch prysky\u0159ic, je velmi \u00fasporn\u00fd. &nbsp;","breadcrumb":{"@id":"https:\/\/anderskafka.cz\/eshop\/produkt\/chemoform-compactal-cisteni-a-odstranovani-povrchovych-usazenin-objem-baleni-1l\/#breadcrumb"},"inLanguage":"cs","potentialAction":[{"@type":"ReadAction","target":["https:\/\/anderskafka.cz\/eshop\/produkt\/chemoform-compactal-cisteni-a-odstranovani-povrchovych-usazenin-objem-baleni-1l\/"]}]},{"@type":"BreadcrumbList","@id":"https:\/\/anderskafka.cz\/eshop\/produkt\/chemoform-compactal-cisteni-a-odstranovani-povrchovych-usazenin-objem-baleni-1l\/#breadcrumb","itemListElement":[{"@type":"ListItem","position":1,"name":"Obchod","item":"https:\/\/anderskafka.cz\/eshop\/obchod\/"},{"@type":"ListItem","position":2,"name":"CHEMOFORM compactal , \u010di\u0161t\u011bn\u00ed a odstra\u0148ov\u00e1n\u00ed povrchov\u00fdch usazenin, objem balen\u00ed 1l"}]}]}},"locations":[],"_links":{"self":[{"href":"https:\/\/anderskafka.cz\/eshop\/wp-json\/wp\/v2\/product\/5096"}],"collection":[{"href":"https:\/\/anderskafka.cz\/eshop\/wp-json\/wp\/v2\/product"}],"about":[{"href":"https:\/\/anderskafka.cz\/eshop\/wp-json\/wp\/v2\/types\/product"}],"replies":[{"embeddable":true,"href":"https:\/\/anderskafka.cz\/eshop\/wp-json\/wp\/v2\/comments?post=5096"}],"wp:featuredmedia":[{"embeddable":true,"href":"https:\/\/anderskafka.cz\/eshop\/wp-json\/wp\/v2\/media\/5097"}],"wp:attachment":[{"href":"https:\/\/anderskafka.cz\/eshop\/wp-json\/wp\/v2\/media?parent=5096"}],"wp:term":[{"taxonomy":"location","embeddable":true,"href":"https:\/\/anderskafka.cz\/eshop\/wp-json\/wp\/v2\/location?post=5096"},{"taxonomy":"product_cat","embeddable":true,"href":"https:\/\/anderskafka.cz\/eshop\/wp-json\/wp\/v2\/product_cat?post=5096"},{"taxonomy":"product_tag","embeddable":true,"href":"https:\/\/anderskafka.cz\/eshop\/wp-json\/wp\/v2\/product_tag?post=5096"}],"curies":[{"name":"wp","href":"https:\/\/api.w.org\/{rel}","templated":true}]}}