{"id":5103,"date":"2023-11-19T11:03:42","date_gmt":"2023-11-19T10:03:42","guid":{"rendered":"https:\/\/anderskafka.cz\/eshop\/?post_type=product&#038;p=5103"},"modified":"2024-12-05T09:41:53","modified_gmt":"2024-12-05T08:41:53","slug":"iki-pillar-33-45-6-7-9kw-vysoce-kvalitni-elektricke-saunove-topidlo-rucne-vyrabene-ve-finsku-s-nezapomenutelnou-parou","status":"publish","type":"product","link":"https:\/\/anderskafka.cz\/eshop\/produkt\/iki-pillar-33-45-6-7-9kw-vysoce-kvalitni-elektricke-saunove-topidlo-rucne-vyrabene-ve-finsku-s-nezapomenutelnou-parou\/","title":{"rendered":"IKI PILLAR \u2013 4,5\/6\/7,5\/9KW \u2013 vysoce kvalitn\u00ed finsk\u00e9 saunov\u00e9 elektrick\u00e9 topidlo s nezapomenutelnou p\u00e1rou a ovl\u00e1d\u00e1n\u00edm na pl\u00e1\u0161ti"},"content":{"rendered":"<p style=\"font-weight: 400\">Elegantn\u00ed saunov\u00e9 elektrick\u00e9 topidlo ve form\u011b \u00fazk\u00e9ho kamenn\u00e9ho sloupu s ovl\u00e1d\u00e1n\u00edm na pl\u00e1\u0161ti. Voln\u00e9 proud\u011bn\u00ed vzduchu p\u0159es s\u00ed\u0165 z nerezov\u00e9 oceli spolu s velkou kontaktn\u00ed plochou mezi topn\u00fdmi t\u011blesy a kameny umo\u017e\u0148uj\u00ed super rychlou dobu oh\u0159evu. Velk\u00e1 kamenn\u00e1 hmota vytv\u00e1\u0159\u00ed jemnou a vlhkou p\u00e1ru s dostatkem kysl\u00edku ve vzduchu. \u0160irok\u00fd rozsah v\u00fdkonu topidla vhodn\u00fd od mal\u00fdch saun a\u017e po ty velk\u00e9.<\/p>\n<p style=\"font-weight: 400\"><span class=\"y2iqfc\">Tato elektrick\u00e1 saunov\u00e1 topidla vyd\u00e1vaj\u00ed stejn\u011b p\u0159\u00edjemnou vlhkou a jemnou p\u00e1ru jako tradi\u010dn\u00ed kamna na d\u0159evo. Efektivn\u00ed proud\u011bn\u00ed vzduchu a velk\u00e1 kontaktn\u00ed plocha mezi kameny a topn\u00fdmi t\u011blesy zaji\u0161\u0165uj\u00ed rychl\u00e9 zah\u0159\u00e1t\u00ed kamen\u016f. Elektrick\u00e9 oh\u0159\u00edva\u010de IKI maj\u00ed speci\u00e1ln\u011b navr\u017een\u00e9 topn\u00e1 t\u011blesa ve tvaru U, kter\u00e9 jsou ze v\u0161ech stran pokryty kameny. Kameny chr\u00e1n\u00ed topn\u00e1 t\u011blesa p\u0159ed eroz\u00ed zp\u016fsobenou velk\u00fdmi teplotn\u00edmi zm\u011bnami a pnut\u00edm vypl\u00fdvaj\u00edc\u00edm z expanze zah\u0159\u00e1t\u00fdch kamen\u016f. Tato elegantn\u00ed saunov\u00e1 topidla jsou vyrobena ru\u010dn\u011b ve Finsku, z nerezov\u00e9 oceli a dal\u0161\u00edch vysoce kvalitn\u00edch materi\u00e1l\u016f, kter\u00e9 spl\u0148uj\u00ed ty nejn\u00e1ro\u010dn\u011bj\u0161\u00ed standardy. To zaru\u010duje odolnost.<\/span><\/p>\n<p style=\"font-weight: 400\"><span class=\"y2iqfc\">Rychl\u00e1 a snadn\u00e1 mont\u00e1\u017e.<br \/>\nTopidlo vyroben\u00e9 z nerezov\u00e9 oceli.<\/span><span class=\"y2iqfc\"><br \/>\n<\/span>Ur\u010deno pro mont\u00e1\u017e na podlahu.<br \/>\n<span style=\"font-size: 16px\">Saunov\u00e9 kameny nejsou sou\u010d\u00e1st\u00ed balen\u00ed.<\/span><\/p>\n","protected":false},"excerpt":{"rendered":"<p style=\"font-weight: 400\">Elegantn\u00ed saunov\u00e9 elektrick\u00e9 topidlo ve form\u011b \u00fazk\u00e9ho kamenn\u00e9ho sloupu s ovl\u00e1d\u00e1n\u00edm na pl\u00e1\u0161ti. Voln\u00e9 proud\u011bn\u00ed vzduchu p\u0159es s\u00ed\u0165 z nerezov\u00e9 oceli spolu s velkou kontaktn\u00ed plochou mezi topn\u00fdmi t\u011blesy a kameny umo\u017e\u0148uj\u00ed super rychlou dobu oh\u0159evu. Velk\u00e1 kamenn\u00e1 hmota vytv\u00e1\u0159\u00ed jemnou a vlhkou p\u00e1ru s dostatkem kysl\u00edku ve vzduchu. \u0160irok\u00fd rozsah v\u00fdkonu topidla vhodn\u00fd od mal\u00fdch saun a\u017e po ty velk\u00e9.<\/p>\n<p style=\"font-weight: 400\">Elegantn\u00ed saunov\u00e1 topidla IKI \u00a0jsou vyrobena ru\u010dn\u011b ve Finsku, z nerezov\u00e9 oceli a dal\u0161\u00edch vysoce kvalitn\u00edch materi\u00e1l\u016f, kter\u00e9 spl\u0148uj\u00ed ty nejn\u00e1ro\u010dn\u011bj\u0161\u00ed standardy.<\/p>\n<p><img loading=\"lazy\" class=\"alignnone size-medium wp-image-1579 aligncenter\" src=\"https:\/\/anderskafka.cz\/eshop\/wp-content\/uploads\/sites\/3\/2022\/12\/MADEINFINNLAND-300x246.jpg\" alt=\"\" width=\"300\" height=\"246\" srcset=\"https:\/\/anderskafka.cz\/eshop\/wp-content\/uploads\/sites\/3\/2022\/12\/MADEINFINNLAND-300x246.jpg 300w, https:\/\/anderskafka.cz\/eshop\/wp-content\/uploads\/sites\/3\/2022\/12\/MADEINFINNLAND-64x52.jpg 64w, https:\/\/anderskafka.cz\/eshop\/wp-content\/uploads\/sites\/3\/2022\/12\/MADEINFINNLAND.jpg 500w\" sizes=\"(max-width: 300px) 100vw, 300px\" \/><\/p>\n<p>&nbsp;<\/p>\n<table border=\"0\" width=\"819\" cellspacing=\"0\" cellpadding=\"0\">\n<colgroup>\n<col width=\"117\" \/>\n<col width=\"116\" \/>\n<col width=\"128\" \/>\n<col width=\"117\" \/>\n<col width=\"168\" \/>\n<col width=\"173\" \/><\/colgroup>\n<tbody>\n<tr>\n<td style=\"text-align: center\" width=\"117\" height=\"20\">v\u00fdkon topidla (KW)<\/td>\n<td style=\"text-align: center\" width=\"116\">objem sauny (m3)<\/td>\n<td style=\"text-align: center\" width=\"128\">pr\u016fm\u011br topidla (cm)<\/td>\n<td style=\"text-align: center\" width=\"117\">v\u00fd\u0161ka topidla (cm)<\/td>\n<td style=\"text-align: center\" width=\"168\">v\u00e1ha saunv\u00fdch kamen\u016f (kg)<\/td>\n<td style=\"text-align: center\" width=\"173\">v\u00e1ha topidla bez kamen\u016f (kg)<\/td>\n<\/tr>\n<tr>\n<td style=\"text-align: center\" align=\"right\" height=\"20\">4,5<\/td>\n<td style=\"text-align: center\">\n<div class=\"page\" title=\"Page 8\">\n<div class=\"layoutArea\">\n<div class=\"column\">\n<p>3\u20106<\/p>\n<\/div>\n<\/div>\n<\/div>\n<\/td>\n<td style=\"text-align: center\">26<\/td>\n<td style=\"text-align: center\">120<\/td>\n<td style=\"text-align: center\">80<\/td>\n<td style=\"text-align: center\">9<\/td>\n<\/tr>\n<tr>\n<td style=\"text-align: center\" align=\"right\" height=\"20\">6<\/td>\n<td style=\"text-align: center\">\n<div class=\"page\" title=\"Page 9\">\n<div class=\"layoutArea\">\n<div class=\"column\">\n<p style=\"text-align: center\">5\u20109<\/p>\n<\/div>\n<\/div>\n<\/div>\n<\/td>\n<td style=\"text-align: center\">26<\/td>\n<td style=\"text-align: center\">140<\/td>\n<td style=\"text-align: center\">100<\/td>\n<td style=\"text-align: center\">12<\/td>\n<\/tr>\n<tr>\n<td style=\"text-align: center\" align=\"right\" height=\"20\">7,5<\/td>\n<td style=\"text-align: center\">\n<div class=\"page\" title=\"Page 9\">\n<div class=\"layoutArea\">\n<div class=\"column\">\n<p>7\u201012<\/p>\n<\/div>\n<\/div>\n<\/div>\n<\/td>\n<td style=\"text-align: center\">34<\/td>\n<td style=\"text-align: center\">105<\/td>\n<td style=\"text-align: center\">140<\/td>\n<td style=\"text-align: center\">13<\/td>\n<\/tr>\n<tr>\n<td style=\"text-align: center\" align=\"right\" height=\"20\">9<\/td>\n<td style=\"text-align: center\">\n<div class=\"page\" title=\"Page 10\">\n<div class=\"layoutArea\">\n<div class=\"column\">\n<p>8\u201016<\/p>\n<\/div>\n<\/div>\n<\/div>\n<\/td>\n<td style=\"text-align: center\">34<\/td>\n<td style=\"text-align: center\">120<\/td>\n<td style=\"text-align: center\">160<\/td>\n<td style=\"text-align: center\">15<\/td>\n<\/tr>\n<\/tbody>\n<\/table>\n","protected":false},"featured_media":7361,"comment_status":"open","ping_status":"closed","template":"","meta":{"site-sidebar-layout":"default","site-content-layout":"default","ast-main-header-display":"","ast-hfb-above-header-display":"","ast-hfb-below-header-display":"","ast-hfb-mobile-header-display":"","site-post-title":"","ast-breadcrumbs-content":"","ast-featured-img":"","footer-sml-layout":"","theme-transparent-header-meta":"","adv-header-id-meta":"","stick-header-meta":"","header-above-stick-meta":"","header-main-stick-meta":"","header-below-stick-meta":""},"location":[],"product_cat":[540],"product_tag":[1128],"yoast_head":"<!-- This site is optimized with the Yoast SEO plugin v18.5.1 - https:\/\/yoast.com\/wordpress\/plugins\/seo\/ -->\n<title>IKI PILLAR \u2013 4,5\/6\/7,5\/9KW \u2013 vysoce kvalitn\u00ed finsk\u00e9 saunov\u00e9 elektrick\u00e9 topidlo s nezapomenutelnou p\u00e1rou a ovl\u00e1d\u00e1n\u00edm na pl\u00e1\u0161ti - Anders &amp; Kafka E-SHOP<\/title>\n<meta name=\"description\" content=\"Elegantn\u00ed saunov\u00e9 elektrick\u00e9 topidlo ve form\u011b \u00fazk\u00e9ho kamenn\u00e9ho sloupu s ovl\u00e1d\u00e1n\u00edm na pl\u00e1\u0161ti. Voln\u00e9 proud\u011bn\u00ed vzduchu p\u0159es s\u00ed\u0165 z nerezov\u00e9 oceli spolu s velkou kontaktn\u00ed plochou mezi topn\u00fdmi t\u011blesy a kameny umo\u017e\u0148uj\u00ed super rychlou dobu oh\u0159evu. Velk\u00e1 kamenn\u00e1 hmota vytv\u00e1\u0159\u00ed jemnou a vlhkou p\u00e1ru s dostatkem kysl\u00edku ve vzduchu. \u0160irok\u00fd rozsah v\u00fdkonu topidla vhodn\u00fd od mal\u00fdch saun a\u017e po ty velk\u00e9. Elegantn\u00ed saunov\u00e1 topidla IKI \u00a0jsou vyrobena ru\u010dn\u011b ve Finsku, z nerezov\u00e9 oceli a dal\u0161\u00edch vysoce kvalitn\u00edch materi\u00e1l\u016f, kter\u00e9 spl\u0148uj\u00ed ty nejn\u00e1ro\u010dn\u011bj\u0161\u00ed standardy.   &nbsp;       v\u00fdkon topidla (KW) objem sauny (m3) pr\u016fm\u011br topidla (cm) v\u00fd\u0161ka topidla (cm) v\u00e1ha saunv\u00fdch kamen\u016f (kg) v\u00e1ha topidla bez kamen\u016f (kg)   4,5      3\u20106     26 120 80 9   6     5\u20109     26 140 100 12   7,5      7\u201012     34 105 140 13   9      8\u201016     34 120 160 15\" \/>\n<meta name=\"robots\" content=\"index, follow, max-snippet:-1, max-image-preview:large, max-video-preview:-1\" \/>\n<link rel=\"canonical\" href=\"https:\/\/anderskafka.cz\/eshop\/produkt\/iki-pillar-33-45-6-7-9kw-vysoce-kvalitni-elektricke-saunove-topidlo-rucne-vyrabene-ve-finsku-s-nezapomenutelnou-parou\/\" \/>\n<meta property=\"og:locale\" content=\"cs_CZ\" \/>\n<meta property=\"og:type\" content=\"article\" \/>\n<meta property=\"og:title\" content=\"IKI PILLAR \u2013 4,5\/6\/7,5\/9KW \u2013 vysoce kvalitn\u00ed finsk\u00e9 saunov\u00e9 elektrick\u00e9 topidlo s nezapomenutelnou p\u00e1rou a ovl\u00e1d\u00e1n\u00edm na pl\u00e1\u0161ti - Anders &amp; Kafka E-SHOP\" \/>\n<meta property=\"og:description\" content=\"Elegantn\u00ed saunov\u00e9 elektrick\u00e9 topidlo ve form\u011b \u00fazk\u00e9ho kamenn\u00e9ho sloupu s ovl\u00e1d\u00e1n\u00edm na pl\u00e1\u0161ti. Voln\u00e9 proud\u011bn\u00ed vzduchu p\u0159es s\u00ed\u0165 z nerezov\u00e9 oceli spolu s velkou kontaktn\u00ed plochou mezi topn\u00fdmi t\u011blesy a kameny umo\u017e\u0148uj\u00ed super rychlou dobu oh\u0159evu. Velk\u00e1 kamenn\u00e1 hmota vytv\u00e1\u0159\u00ed jemnou a vlhkou p\u00e1ru s dostatkem kysl\u00edku ve vzduchu. \u0160irok\u00fd rozsah v\u00fdkonu topidla vhodn\u00fd od mal\u00fdch saun a\u017e po ty velk\u00e9. Elegantn\u00ed saunov\u00e1 topidla IKI \u00a0jsou vyrobena ru\u010dn\u011b ve Finsku, z nerezov\u00e9 oceli a dal\u0161\u00edch vysoce kvalitn\u00edch materi\u00e1l\u016f, kter\u00e9 spl\u0148uj\u00ed ty nejn\u00e1ro\u010dn\u011bj\u0161\u00ed standardy.   &nbsp;       v\u00fdkon topidla (KW) objem sauny (m3) pr\u016fm\u011br topidla (cm) v\u00fd\u0161ka topidla (cm) v\u00e1ha saunv\u00fdch kamen\u016f (kg) v\u00e1ha topidla bez kamen\u016f (kg)   4,5      3\u20106     26 120 80 9   6     5\u20109     26 140 100 12   7,5      7\u201012     34 105 140 13   9      8\u201016     34 120 160 15\" \/>\n<meta property=\"og:url\" content=\"https:\/\/anderskafka.cz\/eshop\/produkt\/iki-pillar-33-45-6-7-9kw-vysoce-kvalitni-elektricke-saunove-topidlo-rucne-vyrabene-ve-finsku-s-nezapomenutelnou-parou\/\" \/>\n<meta property=\"og:site_name\" content=\"Anders &amp; Kafka E-SHOP\" \/>\n<meta property=\"article:modified_time\" content=\"2024-12-05T08:41:53+00:00\" \/>\n<meta property=\"og:image\" content=\"https:\/\/anderskafka.cz\/eshop\/wp-content\/uploads\/sites\/3\/2023\/11\/pilari-IKI-45kiintea-1-2.jpg\" \/>\n\t<meta property=\"og:image:width\" content=\"855\" \/>\n\t<meta property=\"og:image:height\" content=\"848\" \/>\n\t<meta property=\"og:image:type\" content=\"image\/jpeg\" \/>\n<meta name=\"twitter:card\" content=\"summary_large_image\" \/>\n<meta name=\"twitter:label1\" content=\"Odhadovan\u00e1 doba \u010dten\u00ed\" \/>\n\t<meta name=\"twitter:data1\" content=\"1 minuta\" \/>\n<script type=\"application\/ld+json\" class=\"yoast-schema-graph\">{\"@context\":\"https:\/\/schema.org\",\"@graph\":[{\"@type\":\"WebSite\",\"@id\":\"https:\/\/anderskafka.cz\/eshop\/#website\",\"url\":\"https:\/\/anderskafka.cz\/eshop\/\",\"name\":\"Anders &amp; Kafka E-SHOP\",\"description\":\"Anders &amp; Kafka E-SHOP\",\"potentialAction\":[{\"@type\":\"SearchAction\",\"target\":{\"@type\":\"EntryPoint\",\"urlTemplate\":\"https:\/\/anderskafka.cz\/eshop\/?s={search_term_string}\"},\"query-input\":\"required name=search_term_string\"}],\"inLanguage\":\"cs\"},{\"@type\":\"ImageObject\",\"@id\":\"https:\/\/anderskafka.cz\/eshop\/produkt\/iki-pillar-33-45-6-7-9kw-vysoce-kvalitni-elektricke-saunove-topidlo-rucne-vyrabene-ve-finsku-s-nezapomenutelnou-parou\/#primaryimage\",\"inLanguage\":\"cs\",\"url\":\"https:\/\/anderskafka.cz\/eshop\/wp-content\/uploads\/sites\/3\/2023\/11\/pilari-IKI-45kiintea-1-2.jpg\",\"contentUrl\":\"https:\/\/anderskafka.cz\/eshop\/wp-content\/uploads\/sites\/3\/2023\/11\/pilari-IKI-45kiintea-1-2.jpg\",\"width\":855,\"height\":848},{\"@type\":\"WebPage\",\"@id\":\"https:\/\/anderskafka.cz\/eshop\/produkt\/iki-pillar-33-45-6-7-9kw-vysoce-kvalitni-elektricke-saunove-topidlo-rucne-vyrabene-ve-finsku-s-nezapomenutelnou-parou\/#webpage\",\"url\":\"https:\/\/anderskafka.cz\/eshop\/produkt\/iki-pillar-33-45-6-7-9kw-vysoce-kvalitni-elektricke-saunove-topidlo-rucne-vyrabene-ve-finsku-s-nezapomenutelnou-parou\/\",\"name\":\"IKI PILLAR \u2013 4,5\/6\/7,5\/9KW \u2013 vysoce kvalitn\u00ed finsk\u00e9 saunov\u00e9 elektrick\u00e9 topidlo s nezapomenutelnou p\u00e1rou a ovl\u00e1d\u00e1n\u00edm na pl\u00e1\u0161ti - Anders &amp; Kafka E-SHOP\",\"isPartOf\":{\"@id\":\"https:\/\/anderskafka.cz\/eshop\/#website\"},\"primaryImageOfPage\":{\"@id\":\"https:\/\/anderskafka.cz\/eshop\/produkt\/iki-pillar-33-45-6-7-9kw-vysoce-kvalitni-elektricke-saunove-topidlo-rucne-vyrabene-ve-finsku-s-nezapomenutelnou-parou\/#primaryimage\"},\"datePublished\":\"2023-11-19T10:03:42+00:00\",\"dateModified\":\"2024-12-05T08:41:53+00:00\",\"description\":\"Elegantn\u00ed saunov\u00e9 elektrick\u00e9 topidlo ve form\u011b \u00fazk\u00e9ho kamenn\u00e9ho sloupu s ovl\u00e1d\u00e1n\u00edm na pl\u00e1\u0161ti. Voln\u00e9 proud\u011bn\u00ed vzduchu p\u0159es s\u00ed\u0165 z nerezov\u00e9 oceli spolu s velkou kontaktn\u00ed plochou mezi topn\u00fdmi t\u011blesy a kameny umo\u017e\u0148uj\u00ed super rychlou dobu oh\u0159evu. Velk\u00e1 kamenn\u00e1 hmota vytv\u00e1\u0159\u00ed jemnou a vlhkou p\u00e1ru s dostatkem kysl\u00edku ve vzduchu. \u0160irok\u00fd rozsah v\u00fdkonu topidla vhodn\u00fd od mal\u00fdch saun a\u017e po ty velk\u00e9. Elegantn\u00ed saunov\u00e1 topidla IKI \u00a0jsou vyrobena ru\u010dn\u011b ve Finsku, z nerezov\u00e9 oceli a dal\u0161\u00edch vysoce kvalitn\u00edch materi\u00e1l\u016f, kter\u00e9 spl\u0148uj\u00ed ty nejn\u00e1ro\u010dn\u011bj\u0161\u00ed standardy. &nbsp; v\u00fdkon topidla (KW) objem sauny (m3) pr\u016fm\u011br topidla (cm) v\u00fd\u0161ka topidla (cm) v\u00e1ha saunv\u00fdch kamen\u016f (kg) v\u00e1ha topidla bez kamen\u016f (kg) 4,5 3\u20106 26 120 80 9 6 5\u20109 26 140 100 12 7,5 7\u201012 34 105 140 13 9 8\u201016 34 120 160 15\",\"breadcrumb\":{\"@id\":\"https:\/\/anderskafka.cz\/eshop\/produkt\/iki-pillar-33-45-6-7-9kw-vysoce-kvalitni-elektricke-saunove-topidlo-rucne-vyrabene-ve-finsku-s-nezapomenutelnou-parou\/#breadcrumb\"},\"inLanguage\":\"cs\",\"potentialAction\":[{\"@type\":\"ReadAction\",\"target\":[\"https:\/\/anderskafka.cz\/eshop\/produkt\/iki-pillar-33-45-6-7-9kw-vysoce-kvalitni-elektricke-saunove-topidlo-rucne-vyrabene-ve-finsku-s-nezapomenutelnou-parou\/\"]}]},{\"@type\":\"BreadcrumbList\",\"@id\":\"https:\/\/anderskafka.cz\/eshop\/produkt\/iki-pillar-33-45-6-7-9kw-vysoce-kvalitni-elektricke-saunove-topidlo-rucne-vyrabene-ve-finsku-s-nezapomenutelnou-parou\/#breadcrumb\",\"itemListElement\":[{\"@type\":\"ListItem\",\"position\":1,\"name\":\"Obchod\",\"item\":\"https:\/\/anderskafka.cz\/eshop\/obchod\/\"},{\"@type\":\"ListItem\",\"position\":2,\"name\":\"IKI PILLAR \u2013 4,5\/6\/7,5\/9KW \u2013 vysoce kvalitn\u00ed finsk\u00e9 saunov\u00e9 elektrick\u00e9 topidlo s nezapomenutelnou p\u00e1rou a ovl\u00e1d\u00e1n\u00edm na pl\u00e1\u0161ti\"}]}]}<\/script>\n<!-- \/ Yoast SEO plugin. -->","yoast_head_json":{"title":"IKI PILLAR \u2013 4,5\/6\/7,5\/9KW \u2013 vysoce kvalitn\u00ed finsk\u00e9 saunov\u00e9 elektrick\u00e9 topidlo s nezapomenutelnou p\u00e1rou a ovl\u00e1d\u00e1n\u00edm na pl\u00e1\u0161ti - Anders &amp; Kafka E-SHOP","description":"Elegantn\u00ed saunov\u00e9 elektrick\u00e9 topidlo ve form\u011b \u00fazk\u00e9ho kamenn\u00e9ho sloupu s ovl\u00e1d\u00e1n\u00edm na pl\u00e1\u0161ti. Voln\u00e9 proud\u011bn\u00ed vzduchu p\u0159es s\u00ed\u0165 z nerezov\u00e9 oceli spolu s velkou kontaktn\u00ed plochou mezi topn\u00fdmi t\u011blesy a kameny umo\u017e\u0148uj\u00ed super rychlou dobu oh\u0159evu. Velk\u00e1 kamenn\u00e1 hmota vytv\u00e1\u0159\u00ed jemnou a vlhkou p\u00e1ru s dostatkem kysl\u00edku ve vzduchu. \u0160irok\u00fd rozsah v\u00fdkonu topidla vhodn\u00fd od mal\u00fdch saun a\u017e po ty velk\u00e9. Elegantn\u00ed saunov\u00e1 topidla IKI \u00a0jsou vyrobena ru\u010dn\u011b ve Finsku, z nerezov\u00e9 oceli a dal\u0161\u00edch vysoce kvalitn\u00edch materi\u00e1l\u016f, kter\u00e9 spl\u0148uj\u00ed ty nejn\u00e1ro\u010dn\u011bj\u0161\u00ed standardy.   &nbsp;       v\u00fdkon topidla (KW) objem sauny (m3) pr\u016fm\u011br topidla (cm) v\u00fd\u0161ka topidla (cm) v\u00e1ha saunv\u00fdch kamen\u016f (kg) v\u00e1ha topidla bez kamen\u016f (kg)   4,5      3\u20106     26 120 80 9   6     5\u20109     26 140 100 12   7,5      7\u201012     34 105 140 13   9      8\u201016     34 120 160 15","robots":{"index":"index","follow":"follow","max-snippet":"max-snippet:-1","max-image-preview":"max-image-preview:large","max-video-preview":"max-video-preview:-1"},"canonical":"https:\/\/anderskafka.cz\/eshop\/produkt\/iki-pillar-33-45-6-7-9kw-vysoce-kvalitni-elektricke-saunove-topidlo-rucne-vyrabene-ve-finsku-s-nezapomenutelnou-parou\/","og_locale":"cs_CZ","og_type":"article","og_title":"IKI PILLAR \u2013 4,5\/6\/7,5\/9KW \u2013 vysoce kvalitn\u00ed finsk\u00e9 saunov\u00e9 elektrick\u00e9 topidlo s nezapomenutelnou p\u00e1rou a ovl\u00e1d\u00e1n\u00edm na pl\u00e1\u0161ti - Anders &amp; Kafka E-SHOP","og_description":"Elegantn\u00ed saunov\u00e9 elektrick\u00e9 topidlo ve form\u011b \u00fazk\u00e9ho kamenn\u00e9ho sloupu s ovl\u00e1d\u00e1n\u00edm na pl\u00e1\u0161ti. Voln\u00e9 proud\u011bn\u00ed vzduchu p\u0159es s\u00ed\u0165 z nerezov\u00e9 oceli spolu s velkou kontaktn\u00ed plochou mezi topn\u00fdmi t\u011blesy a kameny umo\u017e\u0148uj\u00ed super rychlou dobu oh\u0159evu. Velk\u00e1 kamenn\u00e1 hmota vytv\u00e1\u0159\u00ed jemnou a vlhkou p\u00e1ru s dostatkem kysl\u00edku ve vzduchu. \u0160irok\u00fd rozsah v\u00fdkonu topidla vhodn\u00fd od mal\u00fdch saun a\u017e po ty velk\u00e9. Elegantn\u00ed saunov\u00e1 topidla IKI \u00a0jsou vyrobena ru\u010dn\u011b ve Finsku, z nerezov\u00e9 oceli a dal\u0161\u00edch vysoce kvalitn\u00edch materi\u00e1l\u016f, kter\u00e9 spl\u0148uj\u00ed ty nejn\u00e1ro\u010dn\u011bj\u0161\u00ed standardy.   &nbsp;       v\u00fdkon topidla (KW) objem sauny (m3) pr\u016fm\u011br topidla (cm) v\u00fd\u0161ka topidla (cm) v\u00e1ha saunv\u00fdch kamen\u016f (kg) v\u00e1ha topidla bez kamen\u016f (kg)   4,5      3\u20106     26 120 80 9   6     5\u20109     26 140 100 12   7,5      7\u201012     34 105 140 13   9      8\u201016     34 120 160 15","og_url":"https:\/\/anderskafka.cz\/eshop\/produkt\/iki-pillar-33-45-6-7-9kw-vysoce-kvalitni-elektricke-saunove-topidlo-rucne-vyrabene-ve-finsku-s-nezapomenutelnou-parou\/","og_site_name":"Anders &amp; Kafka E-SHOP","article_modified_time":"2024-12-05T08:41:53+00:00","og_image":[{"width":855,"height":848,"url":"https:\/\/anderskafka.cz\/eshop\/wp-content\/uploads\/sites\/3\/2023\/11\/pilari-IKI-45kiintea-1-2.jpg","type":"image\/jpeg"}],"twitter_card":"summary_large_image","twitter_misc":{"Odhadovan\u00e1 doba \u010dten\u00ed":"1 minuta"},"schema":{"@context":"https:\/\/schema.org","@graph":[{"@type":"WebSite","@id":"https:\/\/anderskafka.cz\/eshop\/#website","url":"https:\/\/anderskafka.cz\/eshop\/","name":"Anders &amp; Kafka E-SHOP","description":"Anders &amp; Kafka E-SHOP","potentialAction":[{"@type":"SearchAction","target":{"@type":"EntryPoint","urlTemplate":"https:\/\/anderskafka.cz\/eshop\/?s={search_term_string}"},"query-input":"required name=search_term_string"}],"inLanguage":"cs"},{"@type":"ImageObject","@id":"https:\/\/anderskafka.cz\/eshop\/produkt\/iki-pillar-33-45-6-7-9kw-vysoce-kvalitni-elektricke-saunove-topidlo-rucne-vyrabene-ve-finsku-s-nezapomenutelnou-parou\/#primaryimage","inLanguage":"cs","url":"https:\/\/anderskafka.cz\/eshop\/wp-content\/uploads\/sites\/3\/2023\/11\/pilari-IKI-45kiintea-1-2.jpg","contentUrl":"https:\/\/anderskafka.cz\/eshop\/wp-content\/uploads\/sites\/3\/2023\/11\/pilari-IKI-45kiintea-1-2.jpg","width":855,"height":848},{"@type":"WebPage","@id":"https:\/\/anderskafka.cz\/eshop\/produkt\/iki-pillar-33-45-6-7-9kw-vysoce-kvalitni-elektricke-saunove-topidlo-rucne-vyrabene-ve-finsku-s-nezapomenutelnou-parou\/#webpage","url":"https:\/\/anderskafka.cz\/eshop\/produkt\/iki-pillar-33-45-6-7-9kw-vysoce-kvalitni-elektricke-saunove-topidlo-rucne-vyrabene-ve-finsku-s-nezapomenutelnou-parou\/","name":"IKI PILLAR \u2013 4,5\/6\/7,5\/9KW \u2013 vysoce kvalitn\u00ed finsk\u00e9 saunov\u00e9 elektrick\u00e9 topidlo s nezapomenutelnou p\u00e1rou a ovl\u00e1d\u00e1n\u00edm na pl\u00e1\u0161ti - Anders &amp; Kafka E-SHOP","isPartOf":{"@id":"https:\/\/anderskafka.cz\/eshop\/#website"},"primaryImageOfPage":{"@id":"https:\/\/anderskafka.cz\/eshop\/produkt\/iki-pillar-33-45-6-7-9kw-vysoce-kvalitni-elektricke-saunove-topidlo-rucne-vyrabene-ve-finsku-s-nezapomenutelnou-parou\/#primaryimage"},"datePublished":"2023-11-19T10:03:42+00:00","dateModified":"2024-12-05T08:41:53+00:00","description":"Elegantn\u00ed saunov\u00e9 elektrick\u00e9 topidlo ve form\u011b \u00fazk\u00e9ho kamenn\u00e9ho sloupu s ovl\u00e1d\u00e1n\u00edm na pl\u00e1\u0161ti. Voln\u00e9 proud\u011bn\u00ed vzduchu p\u0159es s\u00ed\u0165 z nerezov\u00e9 oceli spolu s velkou kontaktn\u00ed plochou mezi topn\u00fdmi t\u011blesy a kameny umo\u017e\u0148uj\u00ed super rychlou dobu oh\u0159evu. Velk\u00e1 kamenn\u00e1 hmota vytv\u00e1\u0159\u00ed jemnou a vlhkou p\u00e1ru s dostatkem kysl\u00edku ve vzduchu. \u0160irok\u00fd rozsah v\u00fdkonu topidla vhodn\u00fd od mal\u00fdch saun a\u017e po ty velk\u00e9. Elegantn\u00ed saunov\u00e1 topidla IKI \u00a0jsou vyrobena ru\u010dn\u011b ve Finsku, z nerezov\u00e9 oceli a dal\u0161\u00edch vysoce kvalitn\u00edch materi\u00e1l\u016f, kter\u00e9 spl\u0148uj\u00ed ty nejn\u00e1ro\u010dn\u011bj\u0161\u00ed standardy. &nbsp; v\u00fdkon topidla (KW) objem sauny (m3) pr\u016fm\u011br topidla (cm) v\u00fd\u0161ka topidla (cm) v\u00e1ha saunv\u00fdch kamen\u016f (kg) v\u00e1ha topidla bez kamen\u016f (kg) 4,5 3\u20106 26 120 80 9 6 5\u20109 26 140 100 12 7,5 7\u201012 34 105 140 13 9 8\u201016 34 120 160 15","breadcrumb":{"@id":"https:\/\/anderskafka.cz\/eshop\/produkt\/iki-pillar-33-45-6-7-9kw-vysoce-kvalitni-elektricke-saunove-topidlo-rucne-vyrabene-ve-finsku-s-nezapomenutelnou-parou\/#breadcrumb"},"inLanguage":"cs","potentialAction":[{"@type":"ReadAction","target":["https:\/\/anderskafka.cz\/eshop\/produkt\/iki-pillar-33-45-6-7-9kw-vysoce-kvalitni-elektricke-saunove-topidlo-rucne-vyrabene-ve-finsku-s-nezapomenutelnou-parou\/"]}]},{"@type":"BreadcrumbList","@id":"https:\/\/anderskafka.cz\/eshop\/produkt\/iki-pillar-33-45-6-7-9kw-vysoce-kvalitni-elektricke-saunove-topidlo-rucne-vyrabene-ve-finsku-s-nezapomenutelnou-parou\/#breadcrumb","itemListElement":[{"@type":"ListItem","position":1,"name":"Obchod","item":"https:\/\/anderskafka.cz\/eshop\/obchod\/"},{"@type":"ListItem","position":2,"name":"IKI PILLAR \u2013 4,5\/6\/7,5\/9KW \u2013 vysoce kvalitn\u00ed finsk\u00e9 saunov\u00e9 elektrick\u00e9 topidlo s nezapomenutelnou p\u00e1rou a ovl\u00e1d\u00e1n\u00edm na pl\u00e1\u0161ti"}]}]}},"locations":[],"_links":{"self":[{"href":"https:\/\/anderskafka.cz\/eshop\/wp-json\/wp\/v2\/product\/5103"}],"collection":[{"href":"https:\/\/anderskafka.cz\/eshop\/wp-json\/wp\/v2\/product"}],"about":[{"href":"https:\/\/anderskafka.cz\/eshop\/wp-json\/wp\/v2\/types\/product"}],"replies":[{"embeddable":true,"href":"https:\/\/anderskafka.cz\/eshop\/wp-json\/wp\/v2\/comments?post=5103"}],"wp:featuredmedia":[{"embeddable":true,"href":"https:\/\/anderskafka.cz\/eshop\/wp-json\/wp\/v2\/media\/7361"}],"wp:attachment":[{"href":"https:\/\/anderskafka.cz\/eshop\/wp-json\/wp\/v2\/media?parent=5103"}],"wp:term":[{"taxonomy":"location","embeddable":true,"href":"https:\/\/anderskafka.cz\/eshop\/wp-json\/wp\/v2\/location?post=5103"},{"taxonomy":"product_cat","embeddable":true,"href":"https:\/\/anderskafka.cz\/eshop\/wp-json\/wp\/v2\/product_cat?post=5103"},{"taxonomy":"product_tag","embeddable":true,"href":"https:\/\/anderskafka.cz\/eshop\/wp-json\/wp\/v2\/product_tag?post=5103"}],"curies":[{"name":"wp","href":"https:\/\/api.w.org\/{rel}","templated":true}]}}