{"id":5304,"date":"2023-11-27T21:11:54","date_gmt":"2023-11-27T20:11:54","guid":{"rendered":"https:\/\/anderskafka.cz\/eshop\/?post_type=product&#038;p=5304"},"modified":"2024-12-05T09:41:52","modified_gmt":"2024-12-05T08:41:52","slug":"iki-float-138-kw-vysoce-kvalitni-saunove-topidlo-rucne-vyrabene-ve-finsku-s-futuristickym-tvarem-a-podsvicenim","status":"publish","type":"product","link":"https:\/\/anderskafka.cz\/eshop\/produkt\/iki-float-138-kw-vysoce-kvalitni-saunove-topidlo-rucne-vyrabene-ve-finsku-s-futuristickym-tvarem-a-podsvicenim\/","title":{"rendered":"IKI FLOAT \u2013 13,8 KW \u2013 vysoce kvalitn\u00ed finsk\u00e9 saunov\u00e9 elektrick\u00e9 topidlo s futuristick\u00fdm tvarem a podsv\u00edcen\u00edm"},"content":{"rendered":"<p>Futuristick\u00fd tvar topidla FLOAT, navr\u017een\u00fd Finsk\u00fdm designerem Eero Aarniem, je osv\u011btlen, aby vytvo\u0159il efekt, vzn\u00e1\u0161ej\u00edc\u00edho se topidla. Nov\u00fd tvar odr\u00e1\u017e\u00ed spole\u010dn\u00fd aspekt saunov\u00e1n\u00ed, p\u0159ipom\u00edn\u00e1 kruh lid\u00ed kolem t\u00e1borov\u00e9ho ohn\u011b. Sv\u011btla, kter\u00e1 obklopuj\u00ed oh\u0159\u00edva\u010d, lze stm\u00edvat nebo zesv\u011btlovat podle po\u017eadovan\u00e9ho efektu a podle n\u00e1lady u\u017eivatel\u016f.<\/p>\n<p>D\u00edky sv\u00e9mu v\u00fdrazn\u00e9mu vzhledu a mohutn\u00e9mu v\u00fdkonu je topilo Float vhodn\u00e9 pro luxusn\u00ed ve\u0159ejn\u00e9 sauny i velk\u00e9 soukrom\u00e9 sauny. 160 kg saunov\u00fdch kamen\u016f a v\u00fdkon 13,8 kW zaji\u0161\u0165uj\u00ed vydatn\u00e9 teplo.<\/p>\n<p style=\"font-weight: 400\"><span class=\"y2iqfc\">Tato elektrick\u00e1 saunov\u00e1 topidla vyd\u00e1vaj\u00ed stejn\u011b p\u0159\u00edjemnou vlhkou a jemnou p\u00e1ru jako tradi\u010dn\u00ed kamna na d\u0159evo. Efektivn\u00ed proud\u011bn\u00ed vzduchu a velk\u00e1 kontaktn\u00ed plocha mezi kameny a topn\u00fdmi t\u011blesy zaji\u0161\u0165uj\u00ed rychl\u00e9 zah\u0159\u00e1t\u00ed kamen\u016f. Elektrick\u00e9 oh\u0159\u00edva\u010de IKI maj\u00ed speci\u00e1ln\u011b navr\u017een\u00e9 topn\u00e1 t\u011blesa ve tvaru U, kter\u00e9 jsou ze v\u0161ech stran pokryty kameny. Kameny chr\u00e1n\u00ed topn\u00e1 t\u011blesa p\u0159ed eroz\u00ed zp\u016fsobenou velk\u00fdmi teplotn\u00edmi zm\u011bnami a pnut\u00edm vypl\u00fdvaj\u00edc\u00edm z expanze zah\u0159\u00e1t\u00fdch kamen\u016f. Tato elegantn\u00ed saunov\u00e1 topidla jsou vyrobena ru\u010dn\u011b ve Finsku, z nerezov\u00e9 oceli a dal\u0161\u00edch vysoce kvalitn\u00edch materi\u00e1l\u016f, kter\u00e9 spl\u0148uj\u00ed ty nejn\u00e1ro\u010dn\u011bj\u0161\u00ed standardy. To zaru\u010duje odolnost.<\/span><\/p>\n<p style=\"font-weight: 400\"><span class=\"y2iqfc\">Rychl\u00e1 a snadn\u00e1 mont\u00e1\u017e.<br \/>\nTopidlo vyroben\u00e9 z nerezov\u00e9 oceli.<\/span><span class=\"y2iqfc\"><br \/>\n<\/span>Ur\u010deno pro mont\u00e1\u017e na podlahu s vestavbou do lavice.<br \/>\n<span style=\"font-size: 16px\">Saunov\u00e9 kameny nejsou sou\u010d\u00e1st\u00ed balen\u00ed.<\/span><\/p>\n","protected":false},"excerpt":{"rendered":"<p>Futuristick\u00fd tvar topidla FLOAT, navr\u017een\u00fd Finsk\u00fdm designerem Eero Aarniem, je osv\u011btlen, aby vytvo\u0159il efekt vzn\u00e1\u0161ej\u00edc\u00edho se topidla.<\/p>\n<p>Nov\u00fd tvar odr\u00e1\u017e\u00ed spole\u010dn\u00fd aspekt saunov\u00e1n\u00ed, p\u0159ipom\u00edn\u00e1 kruh lid\u00ed kolem t\u00e1borov\u00e9ho ohn\u011b. Sv\u011btla, kter\u00e1 obklopuj\u00ed topidlo, lze stm\u00edvat nebo zesv\u011btlovat podle po\u017eadovan\u00e9ho efektu a podle n\u00e1lady u\u017eivatel\u016f.<\/p>\n<p>D\u00edky sv\u00e9mu v\u00fdrazn\u00e9mu vzhledu a mohutn\u00e9mu v\u00fdkonu je topidlo Float vhodn\u00e9 pro luxusn\u00ed ve\u0159ejn\u00e9 sauny i velk\u00e9 soukrom\u00e9 sauny. 160 kg saunov\u00fdch kamen\u016f a v\u00fdkon 13,8 kW zaji\u0161\u0165uj\u00ed vydatn\u00e9 teplo. Topidlo je navr\u017eeno tak, aby V\u00e1m slou\u017eilo po mnoho let a obst\u00e1lo ve zkou\u0161ce \u010dasu. Je ur\u010deno pro extern\u00ed \u0159\u00eddic\u00ed jednotku.<\/p>\n<p>Eero Aarnio je finsk\u00fd interi\u00e9rov\u00fd design\u00e9r zn\u00e1m\u00fd sv\u00fdmi inovativn\u00edmi n\u00e1vrhy n\u00e1bytku v 60. letech 20. stolet\u00ed, jako jsou plastov\u00e9 \u017eidle a \u017eidle ze sklen\u011bn\u00fdch vl\u00e1ken.<\/p>\n<p style=\"font-weight: 400\">Elegantn\u00ed saunov\u00e1 topidla IKI \u00a0jsou vyrobena ru\u010dn\u011b ve Finsku, z nerezov\u00e9 oceli a dal\u0161\u00edch vysoce kvalitn\u00edch materi\u00e1l\u016f, kter\u00e9 spl\u0148uj\u00ed ty nejn\u00e1ro\u010dn\u011bj\u0161\u00ed standardy.<\/p>\n<p><img loading=\"lazy\" class=\"alignnone size-medium wp-image-1579 aligncenter\" src=\"https:\/\/anderskafka.cz\/eshop\/wp-content\/uploads\/sites\/3\/2022\/12\/MADEINFINNLAND-300x246.jpg\" alt=\"\" width=\"300\" height=\"246\" srcset=\"https:\/\/anderskafka.cz\/eshop\/wp-content\/uploads\/sites\/3\/2022\/12\/MADEINFINNLAND-300x246.jpg 300w, https:\/\/anderskafka.cz\/eshop\/wp-content\/uploads\/sites\/3\/2022\/12\/MADEINFINNLAND-64x52.jpg 64w, https:\/\/anderskafka.cz\/eshop\/wp-content\/uploads\/sites\/3\/2022\/12\/MADEINFINNLAND.jpg 500w\" sizes=\"(max-width: 300px) 100vw, 300px\" \/><\/p>\n<p>&nbsp;<\/p>\n","protected":false},"featured_media":5313,"comment_status":"open","ping_status":"closed","template":"","meta":{"site-sidebar-layout":"default","site-content-layout":"default","ast-main-header-display":"","ast-hfb-above-header-display":"","ast-hfb-below-header-display":"","ast-hfb-mobile-header-display":"","site-post-title":"","ast-breadcrumbs-content":"","ast-featured-img":"","footer-sml-layout":"","theme-transparent-header-meta":"","adv-header-id-meta":"","stick-header-meta":"","header-above-stick-meta":"","header-main-stick-meta":"","header-below-stick-meta":""},"location":[],"product_cat":[540],"product_tag":[1128],"yoast_head":"<!-- This site is optimized with the Yoast SEO plugin v18.5.1 - https:\/\/yoast.com\/wordpress\/plugins\/seo\/ -->\n<title>IKI FLOAT \u2013 13,8 KW \u2013 vysoce kvalitn\u00ed finsk\u00e9 saunov\u00e9 elektrick\u00e9 topidlo s futuristick\u00fdm tvarem a podsv\u00edcen\u00edm - Anders &amp; Kafka E-SHOP<\/title>\n<meta name=\"description\" content=\"Futuristick\u00fd tvar topidla FLOAT, navr\u017een\u00fd Finsk\u00fdm designerem Eero Aarniem, je osv\u011btlen, aby vytvo\u0159il efekt vzn\u00e1\u0161ej\u00edc\u00edho se topidla.  Nov\u00fd tvar odr\u00e1\u017e\u00ed spole\u010dn\u00fd aspekt saunov\u00e1n\u00ed, p\u0159ipom\u00edn\u00e1 kruh lid\u00ed kolem t\u00e1borov\u00e9ho ohn\u011b. Sv\u011btla, kter\u00e1 obklopuj\u00ed topidlo, lze stm\u00edvat nebo zesv\u011btlovat podle po\u017eadovan\u00e9ho efektu a podle n\u00e1lady u\u017eivatel\u016f.  D\u00edky sv\u00e9mu v\u00fdrazn\u00e9mu vzhledu a mohutn\u00e9mu v\u00fdkonu je topidlo Float vhodn\u00e9 pro luxusn\u00ed ve\u0159ejn\u00e9 sauny i velk\u00e9 soukrom\u00e9 sauny. 160 kg saunov\u00fdch kamen\u016f a v\u00fdkon 13,8 kW zaji\u0161\u0165uj\u00ed vydatn\u00e9 teplo. Topidlo je navr\u017eeno tak, aby V\u00e1m slou\u017eilo po mnoho let a obst\u00e1lo ve zkou\u0161ce \u010dasu. Je ur\u010deno pro extern\u00ed \u0159\u00eddic\u00ed jednotku.  Eero Aarnio je finsk\u00fd interi\u00e9rov\u00fd design\u00e9r zn\u00e1m\u00fd sv\u00fdmi inovativn\u00edmi n\u00e1vrhy n\u00e1bytku v 60. letech 20. stolet\u00ed, jako jsou plastov\u00e9 \u017eidle a \u017eidle ze sklen\u011bn\u00fdch vl\u00e1ken. Elegantn\u00ed saunov\u00e1 topidla IKI \u00a0jsou vyrobena ru\u010dn\u011b ve Finsku, z nerezov\u00e9 oceli a dal\u0161\u00edch vysoce kvalitn\u00edch materi\u00e1l\u016f, kter\u00e9 spl\u0148uj\u00ed ty nejn\u00e1ro\u010dn\u011bj\u0161\u00ed standardy.   &nbsp;\" \/>\n<meta name=\"robots\" content=\"index, follow, max-snippet:-1, max-image-preview:large, max-video-preview:-1\" \/>\n<link rel=\"canonical\" href=\"https:\/\/anderskafka.cz\/eshop\/produkt\/iki-float-138-kw-vysoce-kvalitni-saunove-topidlo-rucne-vyrabene-ve-finsku-s-futuristickym-tvarem-a-podsvicenim\/\" \/>\n<meta property=\"og:locale\" content=\"cs_CZ\" \/>\n<meta property=\"og:type\" content=\"article\" \/>\n<meta property=\"og:title\" content=\"IKI FLOAT \u2013 13,8 KW \u2013 vysoce kvalitn\u00ed finsk\u00e9 saunov\u00e9 elektrick\u00e9 topidlo s futuristick\u00fdm tvarem a podsv\u00edcen\u00edm - Anders &amp; Kafka E-SHOP\" \/>\n<meta property=\"og:description\" content=\"Futuristick\u00fd tvar topidla FLOAT, navr\u017een\u00fd Finsk\u00fdm designerem Eero Aarniem, je osv\u011btlen, aby vytvo\u0159il efekt vzn\u00e1\u0161ej\u00edc\u00edho se topidla.  Nov\u00fd tvar odr\u00e1\u017e\u00ed spole\u010dn\u00fd aspekt saunov\u00e1n\u00ed, p\u0159ipom\u00edn\u00e1 kruh lid\u00ed kolem t\u00e1borov\u00e9ho ohn\u011b. Sv\u011btla, kter\u00e1 obklopuj\u00ed topidlo, lze stm\u00edvat nebo zesv\u011btlovat podle po\u017eadovan\u00e9ho efektu a podle n\u00e1lady u\u017eivatel\u016f.  D\u00edky sv\u00e9mu v\u00fdrazn\u00e9mu vzhledu a mohutn\u00e9mu v\u00fdkonu je topidlo Float vhodn\u00e9 pro luxusn\u00ed ve\u0159ejn\u00e9 sauny i velk\u00e9 soukrom\u00e9 sauny. 160 kg saunov\u00fdch kamen\u016f a v\u00fdkon 13,8 kW zaji\u0161\u0165uj\u00ed vydatn\u00e9 teplo. Topidlo je navr\u017eeno tak, aby V\u00e1m slou\u017eilo po mnoho let a obst\u00e1lo ve zkou\u0161ce \u010dasu. Je ur\u010deno pro extern\u00ed \u0159\u00eddic\u00ed jednotku.  Eero Aarnio je finsk\u00fd interi\u00e9rov\u00fd design\u00e9r zn\u00e1m\u00fd sv\u00fdmi inovativn\u00edmi n\u00e1vrhy n\u00e1bytku v 60. letech 20. stolet\u00ed, jako jsou plastov\u00e9 \u017eidle a \u017eidle ze sklen\u011bn\u00fdch vl\u00e1ken. Elegantn\u00ed saunov\u00e1 topidla IKI \u00a0jsou vyrobena ru\u010dn\u011b ve Finsku, z nerezov\u00e9 oceli a dal\u0161\u00edch vysoce kvalitn\u00edch materi\u00e1l\u016f, kter\u00e9 spl\u0148uj\u00ed ty nejn\u00e1ro\u010dn\u011bj\u0161\u00ed standardy.   &nbsp;\" \/>\n<meta property=\"og:url\" content=\"https:\/\/anderskafka.cz\/eshop\/produkt\/iki-float-138-kw-vysoce-kvalitni-saunove-topidlo-rucne-vyrabene-ve-finsku-s-futuristickym-tvarem-a-podsvicenim\/\" \/>\n<meta property=\"og:site_name\" content=\"Anders &amp; Kafka E-SHOP\" \/>\n<meta property=\"article:modified_time\" content=\"2024-12-05T08:41:52+00:00\" \/>\n<meta property=\"og:image\" content=\"https:\/\/anderskafka.cz\/eshop\/wp-content\/uploads\/sites\/3\/2023\/11\/iki-float-electric-heater.jpg\" \/>\n\t<meta property=\"og:image:width\" content=\"1000\" \/>\n\t<meta property=\"og:image:height\" content=\"1000\" \/>\n\t<meta property=\"og:image:type\" content=\"image\/jpeg\" \/>\n<meta name=\"twitter:card\" content=\"summary_large_image\" \/>\n<meta name=\"twitter:label1\" content=\"Odhadovan\u00e1 doba \u010dten\u00ed\" \/>\n\t<meta name=\"twitter:data1\" content=\"2 minuty\" \/>\n<script type=\"application\/ld+json\" class=\"yoast-schema-graph\">{\"@context\":\"https:\/\/schema.org\",\"@graph\":[{\"@type\":\"WebSite\",\"@id\":\"https:\/\/anderskafka.cz\/eshop\/#website\",\"url\":\"https:\/\/anderskafka.cz\/eshop\/\",\"name\":\"Anders &amp; Kafka E-SHOP\",\"description\":\"Anders &amp; Kafka E-SHOP\",\"potentialAction\":[{\"@type\":\"SearchAction\",\"target\":{\"@type\":\"EntryPoint\",\"urlTemplate\":\"https:\/\/anderskafka.cz\/eshop\/?s={search_term_string}\"},\"query-input\":\"required name=search_term_string\"}],\"inLanguage\":\"cs\"},{\"@type\":\"ImageObject\",\"@id\":\"https:\/\/anderskafka.cz\/eshop\/produkt\/iki-float-138-kw-vysoce-kvalitni-saunove-topidlo-rucne-vyrabene-ve-finsku-s-futuristickym-tvarem-a-podsvicenim\/#primaryimage\",\"inLanguage\":\"cs\",\"url\":\"https:\/\/anderskafka.cz\/eshop\/wp-content\/uploads\/sites\/3\/2023\/11\/iki-float-electric-heater.jpg\",\"contentUrl\":\"https:\/\/anderskafka.cz\/eshop\/wp-content\/uploads\/sites\/3\/2023\/11\/iki-float-electric-heater.jpg\",\"width\":1000,\"height\":1000},{\"@type\":\"WebPage\",\"@id\":\"https:\/\/anderskafka.cz\/eshop\/produkt\/iki-float-138-kw-vysoce-kvalitni-saunove-topidlo-rucne-vyrabene-ve-finsku-s-futuristickym-tvarem-a-podsvicenim\/#webpage\",\"url\":\"https:\/\/anderskafka.cz\/eshop\/produkt\/iki-float-138-kw-vysoce-kvalitni-saunove-topidlo-rucne-vyrabene-ve-finsku-s-futuristickym-tvarem-a-podsvicenim\/\",\"name\":\"IKI FLOAT \u2013 13,8 KW \u2013 vysoce kvalitn\u00ed finsk\u00e9 saunov\u00e9 elektrick\u00e9 topidlo s futuristick\u00fdm tvarem a podsv\u00edcen\u00edm - Anders &amp; Kafka E-SHOP\",\"isPartOf\":{\"@id\":\"https:\/\/anderskafka.cz\/eshop\/#website\"},\"primaryImageOfPage\":{\"@id\":\"https:\/\/anderskafka.cz\/eshop\/produkt\/iki-float-138-kw-vysoce-kvalitni-saunove-topidlo-rucne-vyrabene-ve-finsku-s-futuristickym-tvarem-a-podsvicenim\/#primaryimage\"},\"datePublished\":\"2023-11-27T20:11:54+00:00\",\"dateModified\":\"2024-12-05T08:41:52+00:00\",\"description\":\"Futuristick\u00fd tvar topidla FLOAT, navr\u017een\u00fd Finsk\u00fdm designerem Eero Aarniem, je osv\u011btlen, aby vytvo\u0159il efekt vzn\u00e1\u0161ej\u00edc\u00edho se topidla. Nov\u00fd tvar odr\u00e1\u017e\u00ed spole\u010dn\u00fd aspekt saunov\u00e1n\u00ed, p\u0159ipom\u00edn\u00e1 kruh lid\u00ed kolem t\u00e1borov\u00e9ho ohn\u011b. Sv\u011btla, kter\u00e1 obklopuj\u00ed topidlo, lze stm\u00edvat nebo zesv\u011btlovat podle po\u017eadovan\u00e9ho efektu a podle n\u00e1lady u\u017eivatel\u016f. D\u00edky sv\u00e9mu v\u00fdrazn\u00e9mu vzhledu a mohutn\u00e9mu v\u00fdkonu je topidlo Float vhodn\u00e9 pro luxusn\u00ed ve\u0159ejn\u00e9 sauny i velk\u00e9 soukrom\u00e9 sauny. 160 kg saunov\u00fdch kamen\u016f a v\u00fdkon 13,8 kW zaji\u0161\u0165uj\u00ed vydatn\u00e9 teplo. Topidlo je navr\u017eeno tak, aby V\u00e1m slou\u017eilo po mnoho let a obst\u00e1lo ve zkou\u0161ce \u010dasu. Je ur\u010deno pro extern\u00ed \u0159\u00eddic\u00ed jednotku. Eero Aarnio je finsk\u00fd interi\u00e9rov\u00fd design\u00e9r zn\u00e1m\u00fd sv\u00fdmi inovativn\u00edmi n\u00e1vrhy n\u00e1bytku v 60. letech 20. stolet\u00ed, jako jsou plastov\u00e9 \u017eidle a \u017eidle ze sklen\u011bn\u00fdch vl\u00e1ken. Elegantn\u00ed saunov\u00e1 topidla IKI \u00a0jsou vyrobena ru\u010dn\u011b ve Finsku, z nerezov\u00e9 oceli a dal\u0161\u00edch vysoce kvalitn\u00edch materi\u00e1l\u016f, kter\u00e9 spl\u0148uj\u00ed ty nejn\u00e1ro\u010dn\u011bj\u0161\u00ed standardy. &nbsp;\",\"breadcrumb\":{\"@id\":\"https:\/\/anderskafka.cz\/eshop\/produkt\/iki-float-138-kw-vysoce-kvalitni-saunove-topidlo-rucne-vyrabene-ve-finsku-s-futuristickym-tvarem-a-podsvicenim\/#breadcrumb\"},\"inLanguage\":\"cs\",\"potentialAction\":[{\"@type\":\"ReadAction\",\"target\":[\"https:\/\/anderskafka.cz\/eshop\/produkt\/iki-float-138-kw-vysoce-kvalitni-saunove-topidlo-rucne-vyrabene-ve-finsku-s-futuristickym-tvarem-a-podsvicenim\/\"]}]},{\"@type\":\"BreadcrumbList\",\"@id\":\"https:\/\/anderskafka.cz\/eshop\/produkt\/iki-float-138-kw-vysoce-kvalitni-saunove-topidlo-rucne-vyrabene-ve-finsku-s-futuristickym-tvarem-a-podsvicenim\/#breadcrumb\",\"itemListElement\":[{\"@type\":\"ListItem\",\"position\":1,\"name\":\"Obchod\",\"item\":\"https:\/\/anderskafka.cz\/eshop\/obchod\/\"},{\"@type\":\"ListItem\",\"position\":2,\"name\":\"IKI FLOAT \u2013 13,8 KW \u2013 vysoce kvalitn\u00ed finsk\u00e9 saunov\u00e9 elektrick\u00e9 topidlo s futuristick\u00fdm tvarem a podsv\u00edcen\u00edm\"}]}]}<\/script>\n<!-- \/ Yoast SEO plugin. -->","yoast_head_json":{"title":"IKI FLOAT \u2013 13,8 KW \u2013 vysoce kvalitn\u00ed finsk\u00e9 saunov\u00e9 elektrick\u00e9 topidlo s futuristick\u00fdm tvarem a podsv\u00edcen\u00edm - Anders &amp; Kafka E-SHOP","description":"Futuristick\u00fd tvar topidla FLOAT, navr\u017een\u00fd Finsk\u00fdm designerem Eero Aarniem, je osv\u011btlen, aby vytvo\u0159il efekt vzn\u00e1\u0161ej\u00edc\u00edho se topidla.  Nov\u00fd tvar odr\u00e1\u017e\u00ed spole\u010dn\u00fd aspekt saunov\u00e1n\u00ed, p\u0159ipom\u00edn\u00e1 kruh lid\u00ed kolem t\u00e1borov\u00e9ho ohn\u011b. Sv\u011btla, kter\u00e1 obklopuj\u00ed topidlo, lze stm\u00edvat nebo zesv\u011btlovat podle po\u017eadovan\u00e9ho efektu a podle n\u00e1lady u\u017eivatel\u016f.  D\u00edky sv\u00e9mu v\u00fdrazn\u00e9mu vzhledu a mohutn\u00e9mu v\u00fdkonu je topidlo Float vhodn\u00e9 pro luxusn\u00ed ve\u0159ejn\u00e9 sauny i velk\u00e9 soukrom\u00e9 sauny. 160 kg saunov\u00fdch kamen\u016f a v\u00fdkon 13,8 kW zaji\u0161\u0165uj\u00ed vydatn\u00e9 teplo. Topidlo je navr\u017eeno tak, aby V\u00e1m slou\u017eilo po mnoho let a obst\u00e1lo ve zkou\u0161ce \u010dasu. Je ur\u010deno pro extern\u00ed \u0159\u00eddic\u00ed jednotku.  Eero Aarnio je finsk\u00fd interi\u00e9rov\u00fd design\u00e9r zn\u00e1m\u00fd sv\u00fdmi inovativn\u00edmi n\u00e1vrhy n\u00e1bytku v 60. letech 20. stolet\u00ed, jako jsou plastov\u00e9 \u017eidle a \u017eidle ze sklen\u011bn\u00fdch vl\u00e1ken. Elegantn\u00ed saunov\u00e1 topidla IKI \u00a0jsou vyrobena ru\u010dn\u011b ve Finsku, z nerezov\u00e9 oceli a dal\u0161\u00edch vysoce kvalitn\u00edch materi\u00e1l\u016f, kter\u00e9 spl\u0148uj\u00ed ty nejn\u00e1ro\u010dn\u011bj\u0161\u00ed standardy.   &nbsp;","robots":{"index":"index","follow":"follow","max-snippet":"max-snippet:-1","max-image-preview":"max-image-preview:large","max-video-preview":"max-video-preview:-1"},"canonical":"https:\/\/anderskafka.cz\/eshop\/produkt\/iki-float-138-kw-vysoce-kvalitni-saunove-topidlo-rucne-vyrabene-ve-finsku-s-futuristickym-tvarem-a-podsvicenim\/","og_locale":"cs_CZ","og_type":"article","og_title":"IKI FLOAT \u2013 13,8 KW \u2013 vysoce kvalitn\u00ed finsk\u00e9 saunov\u00e9 elektrick\u00e9 topidlo s futuristick\u00fdm tvarem a podsv\u00edcen\u00edm - Anders &amp; Kafka E-SHOP","og_description":"Futuristick\u00fd tvar topidla FLOAT, navr\u017een\u00fd Finsk\u00fdm designerem Eero Aarniem, je osv\u011btlen, aby vytvo\u0159il efekt vzn\u00e1\u0161ej\u00edc\u00edho se topidla.  Nov\u00fd tvar odr\u00e1\u017e\u00ed spole\u010dn\u00fd aspekt saunov\u00e1n\u00ed, p\u0159ipom\u00edn\u00e1 kruh lid\u00ed kolem t\u00e1borov\u00e9ho ohn\u011b. Sv\u011btla, kter\u00e1 obklopuj\u00ed topidlo, lze stm\u00edvat nebo zesv\u011btlovat podle po\u017eadovan\u00e9ho efektu a podle n\u00e1lady u\u017eivatel\u016f.  D\u00edky sv\u00e9mu v\u00fdrazn\u00e9mu vzhledu a mohutn\u00e9mu v\u00fdkonu je topidlo Float vhodn\u00e9 pro luxusn\u00ed ve\u0159ejn\u00e9 sauny i velk\u00e9 soukrom\u00e9 sauny. 160 kg saunov\u00fdch kamen\u016f a v\u00fdkon 13,8 kW zaji\u0161\u0165uj\u00ed vydatn\u00e9 teplo. Topidlo je navr\u017eeno tak, aby V\u00e1m slou\u017eilo po mnoho let a obst\u00e1lo ve zkou\u0161ce \u010dasu. Je ur\u010deno pro extern\u00ed \u0159\u00eddic\u00ed jednotku.  Eero Aarnio je finsk\u00fd interi\u00e9rov\u00fd design\u00e9r zn\u00e1m\u00fd sv\u00fdmi inovativn\u00edmi n\u00e1vrhy n\u00e1bytku v 60. letech 20. stolet\u00ed, jako jsou plastov\u00e9 \u017eidle a \u017eidle ze sklen\u011bn\u00fdch vl\u00e1ken. Elegantn\u00ed saunov\u00e1 topidla IKI \u00a0jsou vyrobena ru\u010dn\u011b ve Finsku, z nerezov\u00e9 oceli a dal\u0161\u00edch vysoce kvalitn\u00edch materi\u00e1l\u016f, kter\u00e9 spl\u0148uj\u00ed ty nejn\u00e1ro\u010dn\u011bj\u0161\u00ed standardy.   &nbsp;","og_url":"https:\/\/anderskafka.cz\/eshop\/produkt\/iki-float-138-kw-vysoce-kvalitni-saunove-topidlo-rucne-vyrabene-ve-finsku-s-futuristickym-tvarem-a-podsvicenim\/","og_site_name":"Anders &amp; Kafka E-SHOP","article_modified_time":"2024-12-05T08:41:52+00:00","og_image":[{"width":1000,"height":1000,"url":"https:\/\/anderskafka.cz\/eshop\/wp-content\/uploads\/sites\/3\/2023\/11\/iki-float-electric-heater.jpg","type":"image\/jpeg"}],"twitter_card":"summary_large_image","twitter_misc":{"Odhadovan\u00e1 doba \u010dten\u00ed":"2 minuty"},"schema":{"@context":"https:\/\/schema.org","@graph":[{"@type":"WebSite","@id":"https:\/\/anderskafka.cz\/eshop\/#website","url":"https:\/\/anderskafka.cz\/eshop\/","name":"Anders &amp; Kafka E-SHOP","description":"Anders &amp; Kafka E-SHOP","potentialAction":[{"@type":"SearchAction","target":{"@type":"EntryPoint","urlTemplate":"https:\/\/anderskafka.cz\/eshop\/?s={search_term_string}"},"query-input":"required name=search_term_string"}],"inLanguage":"cs"},{"@type":"ImageObject","@id":"https:\/\/anderskafka.cz\/eshop\/produkt\/iki-float-138-kw-vysoce-kvalitni-saunove-topidlo-rucne-vyrabene-ve-finsku-s-futuristickym-tvarem-a-podsvicenim\/#primaryimage","inLanguage":"cs","url":"https:\/\/anderskafka.cz\/eshop\/wp-content\/uploads\/sites\/3\/2023\/11\/iki-float-electric-heater.jpg","contentUrl":"https:\/\/anderskafka.cz\/eshop\/wp-content\/uploads\/sites\/3\/2023\/11\/iki-float-electric-heater.jpg","width":1000,"height":1000},{"@type":"WebPage","@id":"https:\/\/anderskafka.cz\/eshop\/produkt\/iki-float-138-kw-vysoce-kvalitni-saunove-topidlo-rucne-vyrabene-ve-finsku-s-futuristickym-tvarem-a-podsvicenim\/#webpage","url":"https:\/\/anderskafka.cz\/eshop\/produkt\/iki-float-138-kw-vysoce-kvalitni-saunove-topidlo-rucne-vyrabene-ve-finsku-s-futuristickym-tvarem-a-podsvicenim\/","name":"IKI FLOAT \u2013 13,8 KW \u2013 vysoce kvalitn\u00ed finsk\u00e9 saunov\u00e9 elektrick\u00e9 topidlo s futuristick\u00fdm tvarem a podsv\u00edcen\u00edm - Anders &amp; Kafka E-SHOP","isPartOf":{"@id":"https:\/\/anderskafka.cz\/eshop\/#website"},"primaryImageOfPage":{"@id":"https:\/\/anderskafka.cz\/eshop\/produkt\/iki-float-138-kw-vysoce-kvalitni-saunove-topidlo-rucne-vyrabene-ve-finsku-s-futuristickym-tvarem-a-podsvicenim\/#primaryimage"},"datePublished":"2023-11-27T20:11:54+00:00","dateModified":"2024-12-05T08:41:52+00:00","description":"Futuristick\u00fd tvar topidla FLOAT, navr\u017een\u00fd Finsk\u00fdm designerem Eero Aarniem, je osv\u011btlen, aby vytvo\u0159il efekt vzn\u00e1\u0161ej\u00edc\u00edho se topidla. Nov\u00fd tvar odr\u00e1\u017e\u00ed spole\u010dn\u00fd aspekt saunov\u00e1n\u00ed, p\u0159ipom\u00edn\u00e1 kruh lid\u00ed kolem t\u00e1borov\u00e9ho ohn\u011b. Sv\u011btla, kter\u00e1 obklopuj\u00ed topidlo, lze stm\u00edvat nebo zesv\u011btlovat podle po\u017eadovan\u00e9ho efektu a podle n\u00e1lady u\u017eivatel\u016f. D\u00edky sv\u00e9mu v\u00fdrazn\u00e9mu vzhledu a mohutn\u00e9mu v\u00fdkonu je topidlo Float vhodn\u00e9 pro luxusn\u00ed ve\u0159ejn\u00e9 sauny i velk\u00e9 soukrom\u00e9 sauny. 160 kg saunov\u00fdch kamen\u016f a v\u00fdkon 13,8 kW zaji\u0161\u0165uj\u00ed vydatn\u00e9 teplo. Topidlo je navr\u017eeno tak, aby V\u00e1m slou\u017eilo po mnoho let a obst\u00e1lo ve zkou\u0161ce \u010dasu. Je ur\u010deno pro extern\u00ed \u0159\u00eddic\u00ed jednotku. Eero Aarnio je finsk\u00fd interi\u00e9rov\u00fd design\u00e9r zn\u00e1m\u00fd sv\u00fdmi inovativn\u00edmi n\u00e1vrhy n\u00e1bytku v 60. letech 20. stolet\u00ed, jako jsou plastov\u00e9 \u017eidle a \u017eidle ze sklen\u011bn\u00fdch vl\u00e1ken. Elegantn\u00ed saunov\u00e1 topidla IKI \u00a0jsou vyrobena ru\u010dn\u011b ve Finsku, z nerezov\u00e9 oceli a dal\u0161\u00edch vysoce kvalitn\u00edch materi\u00e1l\u016f, kter\u00e9 spl\u0148uj\u00ed ty nejn\u00e1ro\u010dn\u011bj\u0161\u00ed standardy. &nbsp;","breadcrumb":{"@id":"https:\/\/anderskafka.cz\/eshop\/produkt\/iki-float-138-kw-vysoce-kvalitni-saunove-topidlo-rucne-vyrabene-ve-finsku-s-futuristickym-tvarem-a-podsvicenim\/#breadcrumb"},"inLanguage":"cs","potentialAction":[{"@type":"ReadAction","target":["https:\/\/anderskafka.cz\/eshop\/produkt\/iki-float-138-kw-vysoce-kvalitni-saunove-topidlo-rucne-vyrabene-ve-finsku-s-futuristickym-tvarem-a-podsvicenim\/"]}]},{"@type":"BreadcrumbList","@id":"https:\/\/anderskafka.cz\/eshop\/produkt\/iki-float-138-kw-vysoce-kvalitni-saunove-topidlo-rucne-vyrabene-ve-finsku-s-futuristickym-tvarem-a-podsvicenim\/#breadcrumb","itemListElement":[{"@type":"ListItem","position":1,"name":"Obchod","item":"https:\/\/anderskafka.cz\/eshop\/obchod\/"},{"@type":"ListItem","position":2,"name":"IKI FLOAT \u2013 13,8 KW \u2013 vysoce kvalitn\u00ed finsk\u00e9 saunov\u00e9 elektrick\u00e9 topidlo s futuristick\u00fdm tvarem a podsv\u00edcen\u00edm"}]}]}},"locations":[],"_links":{"self":[{"href":"https:\/\/anderskafka.cz\/eshop\/wp-json\/wp\/v2\/product\/5304"}],"collection":[{"href":"https:\/\/anderskafka.cz\/eshop\/wp-json\/wp\/v2\/product"}],"about":[{"href":"https:\/\/anderskafka.cz\/eshop\/wp-json\/wp\/v2\/types\/product"}],"replies":[{"embeddable":true,"href":"https:\/\/anderskafka.cz\/eshop\/wp-json\/wp\/v2\/comments?post=5304"}],"wp:featuredmedia":[{"embeddable":true,"href":"https:\/\/anderskafka.cz\/eshop\/wp-json\/wp\/v2\/media\/5313"}],"wp:attachment":[{"href":"https:\/\/anderskafka.cz\/eshop\/wp-json\/wp\/v2\/media?parent=5304"}],"wp:term":[{"taxonomy":"location","embeddable":true,"href":"https:\/\/anderskafka.cz\/eshop\/wp-json\/wp\/v2\/location?post=5304"},{"taxonomy":"product_cat","embeddable":true,"href":"https:\/\/anderskafka.cz\/eshop\/wp-json\/wp\/v2\/product_cat?post=5304"},{"taxonomy":"product_tag","embeddable":true,"href":"https:\/\/anderskafka.cz\/eshop\/wp-json\/wp\/v2\/product_tag?post=5304"}],"curies":[{"name":"wp","href":"https:\/\/api.w.org\/{rel}","templated":true}]}}