{"id":5323,"date":"2023-11-28T11:19:25","date_gmt":"2023-11-28T10:19:25","guid":{"rendered":"https:\/\/anderskafka.cz\/eshop\/?post_type=product&#038;p=5323"},"modified":"2026-04-01T17:11:37","modified_gmt":"2026-04-01T15:11:37","slug":"rento-pansky-saunovaci-kilt-kenno-cerno-tmave-zeleny","status":"publish","type":"product","link":"https:\/\/anderskafka.cz\/eshop\/produkt\/rento-pansky-saunovaci-kilt-kenno-cerno-tmave-zeleny\/","title":{"rendered":"RENTO p\u00e1nsk\u00fd saunovac\u00ed kilt kenno, \u010derno tmav\u011b zelen\u00fd"},"content":{"rendered":"<p>P\u0159\u00edjemn\u011b hebk\u00fd kilt, dob\u0159e saje a odv\u00e1d\u00ed vlhkost. Je vhodn\u00fd nejen k obl\u00edben\u00e9mu saunov\u00e1n\u00ed, ale i pro zahalen\u00ed v l\u00e9t\u011b u baz\u00e9nu. Kilt m\u00e1 rozm\u011bry 145 x 70 cm.<br \/>\nSaunov\u00e9 textilie Kenno jsou vyrobeny z recyklovan\u00e9 bavlny, kter\u00e1 dod\u00e1v\u00e1 l\u00e1tce p\u0159irozenou m\u011bkkost a z\u00e1\u0159ivou texturu. Slo\u017een\u00ed 75% recyklovan\u00e1 bavlna, 25% polyester.<br \/>\n<span style=\"font-size: 16px\">P\u0159i p\u00e9\u010di o kilt se \u0159i\u010fte o\u0161et\u0159ovac\u00edmi symboly uveden\u00fdmi na v\u00fdrobku. B\u011b\u017en\u00e9 pran\u00ed na 40 stup\u0148\u016f. \u017dehlete na vysokou teplotu. Neb\u011blit. Nesu\u0161te v su\u0161i\u010dce.<br \/>\n<\/span><\/p>\n<p><span style=\"font-size: 16px\">Finsk\u00e1 kvalita.<br \/>\n<\/span><\/p>\n<p>Ostatn\u00ed saunov\u00e9 dopl\u0148ky nejsou sou\u010d\u00e1st\u00ed balen\u00ed.<\/p>\n","protected":false},"excerpt":{"rendered":"<p>Lehk\u00fd, sav\u00fd, elegantn\u00ed kilt v p\u00e1nsk\u00e9m proveden\u00ed vhodn\u00fd k saunov\u00e1n\u00ed i k baz\u00e9nu.<br \/>\nTento kilt perfektn\u011b sedne na ka\u017edou postavu d\u00edky pru\u017en\u00e9mu lemu a nastaviteln\u00e9mu zap\u00edn\u00e1n\u00ed pomoc\u00ed such\u00e9ho zipu.<br \/>\nNavr\u017eeno ve Finsku, specialistou na saunov\u00e9 dopl\u0148ky spole\u010dnost\u00ed RENTO. Relaxujte a u\u017e\u00edvejte si harmonii z autentick\u00e9ho z\u00e1\u017eitku finsk\u00e9 sauny.<img loading=\"lazy\" class=\" wp-image-135 aligncenter\" src=\"https:\/\/anderskafka.cz\/eshop\/wp-content\/uploads\/sites\/3\/2022\/06\/DesignFromFinland_web-1-300x300.png\" alt=\"\" width=\"171\" height=\"171\" \/><\/p>\n<p>&nbsp;<\/p>\n","protected":false},"featured_media":5329,"comment_status":"open","ping_status":"closed","template":"","meta":{"site-sidebar-layout":"default","site-content-layout":"default","ast-main-header-display":"","ast-hfb-above-header-display":"","ast-hfb-below-header-display":"","ast-hfb-mobile-header-display":"","site-post-title":"","ast-breadcrumbs-content":"","ast-featured-img":"","footer-sml-layout":"","theme-transparent-header-meta":"","adv-header-id-meta":"","stick-header-meta":"","header-above-stick-meta":"","header-main-stick-meta":"","header-below-stick-meta":""},"location":[],"product_cat":[1640,33],"product_tag":[103],"yoast_head":"<!-- This site is optimized with the Yoast SEO plugin v18.5.1 - https:\/\/yoast.com\/wordpress\/plugins\/seo\/ -->\n<title>RENTO p\u00e1nsk\u00fd saunovac\u00ed kilt kenno, \u010derno tmav\u011b zelen\u00fd - Anders &amp; Kafka E-SHOP<\/title>\n<meta name=\"description\" content=\"Lehk\u00fd, sav\u00fd, elegantn\u00ed kilt v p\u00e1nsk\u00e9m proveden\u00ed vhodn\u00fd k saunov\u00e1n\u00ed i k baz\u00e9nu. Tento kilt perfektn\u011b sedne na ka\u017edou postavu d\u00edky pru\u017en\u00e9mu lemu a nastaviteln\u00e9mu zap\u00edn\u00e1n\u00ed pomoc\u00ed such\u00e9ho zipu. Navr\u017eeno ve Finsku, specialistou na saunov\u00e9 dopl\u0148ky spole\u010dnost\u00ed RENTO. Relaxujte a u\u017e\u00edvejte si harmonii z autentick\u00e9ho z\u00e1\u017eitku finsk\u00e9 sauny.  &nbsp;\" \/>\n<meta name=\"robots\" content=\"index, follow, max-snippet:-1, max-image-preview:large, max-video-preview:-1\" \/>\n<link rel=\"canonical\" href=\"https:\/\/anderskafka.cz\/eshop\/produkt\/rento-pansky-saunovaci-kilt-kenno-cerno-tmave-zeleny\/\" \/>\n<meta property=\"og:locale\" content=\"cs_CZ\" \/>\n<meta property=\"og:type\" content=\"article\" \/>\n<meta property=\"og:title\" content=\"RENTO p\u00e1nsk\u00fd saunovac\u00ed kilt kenno, \u010derno tmav\u011b zelen\u00fd - Anders &amp; Kafka E-SHOP\" \/>\n<meta property=\"og:description\" content=\"Lehk\u00fd, sav\u00fd, elegantn\u00ed kilt v p\u00e1nsk\u00e9m proveden\u00ed vhodn\u00fd k saunov\u00e1n\u00ed i k baz\u00e9nu. Tento kilt perfektn\u011b sedne na ka\u017edou postavu d\u00edky pru\u017en\u00e9mu lemu a nastaviteln\u00e9mu zap\u00edn\u00e1n\u00ed pomoc\u00ed such\u00e9ho zipu. Navr\u017eeno ve Finsku, specialistou na saunov\u00e9 dopl\u0148ky spole\u010dnost\u00ed RENTO. Relaxujte a u\u017e\u00edvejte si harmonii z autentick\u00e9ho z\u00e1\u017eitku finsk\u00e9 sauny.  &nbsp;\" \/>\n<meta property=\"og:url\" content=\"https:\/\/anderskafka.cz\/eshop\/produkt\/rento-pansky-saunovaci-kilt-kenno-cerno-tmave-zeleny\/\" \/>\n<meta property=\"og:site_name\" content=\"Anders &amp; Kafka E-SHOP\" \/>\n<meta property=\"article:modified_time\" content=\"2026-04-01T15:11:37+00:00\" \/>\n<meta property=\"og:image\" content=\"https:\/\/anderskafka.cz\/eshop\/wp-content\/uploads\/sites\/3\/2023\/11\/621629.jpg\" \/>\n\t<meta property=\"og:image:width\" content=\"1450\" \/>\n\t<meta property=\"og:image:height\" content=\"967\" \/>\n\t<meta property=\"og:image:type\" content=\"image\/jpeg\" \/>\n<meta name=\"twitter:card\" content=\"summary_large_image\" \/>\n<meta name=\"twitter:label1\" content=\"Odhadovan\u00e1 doba \u010dten\u00ed\" \/>\n\t<meta name=\"twitter:data1\" content=\"1 minuta\" \/>\n<script type=\"application\/ld+json\" class=\"yoast-schema-graph\">{\"@context\":\"https:\/\/schema.org\",\"@graph\":[{\"@type\":\"WebSite\",\"@id\":\"https:\/\/anderskafka.cz\/eshop\/#website\",\"url\":\"https:\/\/anderskafka.cz\/eshop\/\",\"name\":\"Anders &amp; Kafka E-SHOP\",\"description\":\"Anders &amp; Kafka E-SHOP\",\"potentialAction\":[{\"@type\":\"SearchAction\",\"target\":{\"@type\":\"EntryPoint\",\"urlTemplate\":\"https:\/\/anderskafka.cz\/eshop\/?s={search_term_string}\"},\"query-input\":\"required name=search_term_string\"}],\"inLanguage\":\"cs\"},{\"@type\":\"ImageObject\",\"@id\":\"https:\/\/anderskafka.cz\/eshop\/produkt\/rento-pansky-saunovaci-kilt-kenno-cerno-tmave-zeleny\/#primaryimage\",\"inLanguage\":\"cs\",\"url\":\"https:\/\/anderskafka.cz\/eshop\/wp-content\/uploads\/sites\/3\/2023\/11\/621629.jpg\",\"contentUrl\":\"https:\/\/anderskafka.cz\/eshop\/wp-content\/uploads\/sites\/3\/2023\/11\/621629.jpg\",\"width\":1450,\"height\":967},{\"@type\":\"WebPage\",\"@id\":\"https:\/\/anderskafka.cz\/eshop\/produkt\/rento-pansky-saunovaci-kilt-kenno-cerno-tmave-zeleny\/#webpage\",\"url\":\"https:\/\/anderskafka.cz\/eshop\/produkt\/rento-pansky-saunovaci-kilt-kenno-cerno-tmave-zeleny\/\",\"name\":\"RENTO p\u00e1nsk\u00fd saunovac\u00ed kilt kenno, \u010derno tmav\u011b zelen\u00fd - Anders &amp; Kafka E-SHOP\",\"isPartOf\":{\"@id\":\"https:\/\/anderskafka.cz\/eshop\/#website\"},\"primaryImageOfPage\":{\"@id\":\"https:\/\/anderskafka.cz\/eshop\/produkt\/rento-pansky-saunovaci-kilt-kenno-cerno-tmave-zeleny\/#primaryimage\"},\"datePublished\":\"2023-11-28T10:19:25+00:00\",\"dateModified\":\"2026-04-01T15:11:37+00:00\",\"description\":\"Lehk\u00fd, sav\u00fd, elegantn\u00ed kilt v p\u00e1nsk\u00e9m proveden\u00ed vhodn\u00fd k saunov\u00e1n\u00ed i k baz\u00e9nu. Tento kilt perfektn\u011b sedne na ka\u017edou postavu d\u00edky pru\u017en\u00e9mu lemu a nastaviteln\u00e9mu zap\u00edn\u00e1n\u00ed pomoc\u00ed such\u00e9ho zipu. Navr\u017eeno ve Finsku, specialistou na saunov\u00e9 dopl\u0148ky spole\u010dnost\u00ed RENTO. Relaxujte a u\u017e\u00edvejte si harmonii z autentick\u00e9ho z\u00e1\u017eitku finsk\u00e9 sauny. &nbsp;\",\"breadcrumb\":{\"@id\":\"https:\/\/anderskafka.cz\/eshop\/produkt\/rento-pansky-saunovaci-kilt-kenno-cerno-tmave-zeleny\/#breadcrumb\"},\"inLanguage\":\"cs\",\"potentialAction\":[{\"@type\":\"ReadAction\",\"target\":[\"https:\/\/anderskafka.cz\/eshop\/produkt\/rento-pansky-saunovaci-kilt-kenno-cerno-tmave-zeleny\/\"]}]},{\"@type\":\"BreadcrumbList\",\"@id\":\"https:\/\/anderskafka.cz\/eshop\/produkt\/rento-pansky-saunovaci-kilt-kenno-cerno-tmave-zeleny\/#breadcrumb\",\"itemListElement\":[{\"@type\":\"ListItem\",\"position\":1,\"name\":\"Obchod\",\"item\":\"https:\/\/anderskafka.cz\/eshop\/obchod\/\"},{\"@type\":\"ListItem\",\"position\":2,\"name\":\"RENTO p\u00e1nsk\u00fd saunovac\u00ed kilt kenno, \u010derno tmav\u011b zelen\u00fd\"}]}]}<\/script>\n<!-- \/ Yoast SEO plugin. -->","yoast_head_json":{"title":"RENTO p\u00e1nsk\u00fd saunovac\u00ed kilt kenno, \u010derno tmav\u011b zelen\u00fd - Anders &amp; Kafka E-SHOP","description":"Lehk\u00fd, sav\u00fd, elegantn\u00ed kilt v p\u00e1nsk\u00e9m proveden\u00ed vhodn\u00fd k saunov\u00e1n\u00ed i k baz\u00e9nu. Tento kilt perfektn\u011b sedne na ka\u017edou postavu d\u00edky pru\u017en\u00e9mu lemu a nastaviteln\u00e9mu zap\u00edn\u00e1n\u00ed pomoc\u00ed such\u00e9ho zipu. Navr\u017eeno ve Finsku, specialistou na saunov\u00e9 dopl\u0148ky spole\u010dnost\u00ed RENTO. Relaxujte a u\u017e\u00edvejte si harmonii z autentick\u00e9ho z\u00e1\u017eitku finsk\u00e9 sauny.  &nbsp;","robots":{"index":"index","follow":"follow","max-snippet":"max-snippet:-1","max-image-preview":"max-image-preview:large","max-video-preview":"max-video-preview:-1"},"canonical":"https:\/\/anderskafka.cz\/eshop\/produkt\/rento-pansky-saunovaci-kilt-kenno-cerno-tmave-zeleny\/","og_locale":"cs_CZ","og_type":"article","og_title":"RENTO p\u00e1nsk\u00fd saunovac\u00ed kilt kenno, \u010derno tmav\u011b zelen\u00fd - Anders &amp; Kafka E-SHOP","og_description":"Lehk\u00fd, sav\u00fd, elegantn\u00ed kilt v p\u00e1nsk\u00e9m proveden\u00ed vhodn\u00fd k saunov\u00e1n\u00ed i k baz\u00e9nu. Tento kilt perfektn\u011b sedne na ka\u017edou postavu d\u00edky pru\u017en\u00e9mu lemu a nastaviteln\u00e9mu zap\u00edn\u00e1n\u00ed pomoc\u00ed such\u00e9ho zipu. Navr\u017eeno ve Finsku, specialistou na saunov\u00e9 dopl\u0148ky spole\u010dnost\u00ed RENTO. Relaxujte a u\u017e\u00edvejte si harmonii z autentick\u00e9ho z\u00e1\u017eitku finsk\u00e9 sauny.  &nbsp;","og_url":"https:\/\/anderskafka.cz\/eshop\/produkt\/rento-pansky-saunovaci-kilt-kenno-cerno-tmave-zeleny\/","og_site_name":"Anders &amp; Kafka E-SHOP","article_modified_time":"2026-04-01T15:11:37+00:00","og_image":[{"width":1450,"height":967,"url":"https:\/\/anderskafka.cz\/eshop\/wp-content\/uploads\/sites\/3\/2023\/11\/621629.jpg","type":"image\/jpeg"}],"twitter_card":"summary_large_image","twitter_misc":{"Odhadovan\u00e1 doba \u010dten\u00ed":"1 minuta"},"schema":{"@context":"https:\/\/schema.org","@graph":[{"@type":"WebSite","@id":"https:\/\/anderskafka.cz\/eshop\/#website","url":"https:\/\/anderskafka.cz\/eshop\/","name":"Anders &amp; Kafka E-SHOP","description":"Anders &amp; Kafka E-SHOP","potentialAction":[{"@type":"SearchAction","target":{"@type":"EntryPoint","urlTemplate":"https:\/\/anderskafka.cz\/eshop\/?s={search_term_string}"},"query-input":"required name=search_term_string"}],"inLanguage":"cs"},{"@type":"ImageObject","@id":"https:\/\/anderskafka.cz\/eshop\/produkt\/rento-pansky-saunovaci-kilt-kenno-cerno-tmave-zeleny\/#primaryimage","inLanguage":"cs","url":"https:\/\/anderskafka.cz\/eshop\/wp-content\/uploads\/sites\/3\/2023\/11\/621629.jpg","contentUrl":"https:\/\/anderskafka.cz\/eshop\/wp-content\/uploads\/sites\/3\/2023\/11\/621629.jpg","width":1450,"height":967},{"@type":"WebPage","@id":"https:\/\/anderskafka.cz\/eshop\/produkt\/rento-pansky-saunovaci-kilt-kenno-cerno-tmave-zeleny\/#webpage","url":"https:\/\/anderskafka.cz\/eshop\/produkt\/rento-pansky-saunovaci-kilt-kenno-cerno-tmave-zeleny\/","name":"RENTO p\u00e1nsk\u00fd saunovac\u00ed kilt kenno, \u010derno tmav\u011b zelen\u00fd - Anders &amp; Kafka E-SHOP","isPartOf":{"@id":"https:\/\/anderskafka.cz\/eshop\/#website"},"primaryImageOfPage":{"@id":"https:\/\/anderskafka.cz\/eshop\/produkt\/rento-pansky-saunovaci-kilt-kenno-cerno-tmave-zeleny\/#primaryimage"},"datePublished":"2023-11-28T10:19:25+00:00","dateModified":"2026-04-01T15:11:37+00:00","description":"Lehk\u00fd, sav\u00fd, elegantn\u00ed kilt v p\u00e1nsk\u00e9m proveden\u00ed vhodn\u00fd k saunov\u00e1n\u00ed i k baz\u00e9nu. Tento kilt perfektn\u011b sedne na ka\u017edou postavu d\u00edky pru\u017en\u00e9mu lemu a nastaviteln\u00e9mu zap\u00edn\u00e1n\u00ed pomoc\u00ed such\u00e9ho zipu. Navr\u017eeno ve Finsku, specialistou na saunov\u00e9 dopl\u0148ky spole\u010dnost\u00ed RENTO. Relaxujte a u\u017e\u00edvejte si harmonii z autentick\u00e9ho z\u00e1\u017eitku finsk\u00e9 sauny. &nbsp;","breadcrumb":{"@id":"https:\/\/anderskafka.cz\/eshop\/produkt\/rento-pansky-saunovaci-kilt-kenno-cerno-tmave-zeleny\/#breadcrumb"},"inLanguage":"cs","potentialAction":[{"@type":"ReadAction","target":["https:\/\/anderskafka.cz\/eshop\/produkt\/rento-pansky-saunovaci-kilt-kenno-cerno-tmave-zeleny\/"]}]},{"@type":"BreadcrumbList","@id":"https:\/\/anderskafka.cz\/eshop\/produkt\/rento-pansky-saunovaci-kilt-kenno-cerno-tmave-zeleny\/#breadcrumb","itemListElement":[{"@type":"ListItem","position":1,"name":"Obchod","item":"https:\/\/anderskafka.cz\/eshop\/obchod\/"},{"@type":"ListItem","position":2,"name":"RENTO p\u00e1nsk\u00fd saunovac\u00ed kilt kenno, \u010derno tmav\u011b zelen\u00fd"}]}]}},"locations":[],"_links":{"self":[{"href":"https:\/\/anderskafka.cz\/eshop\/wp-json\/wp\/v2\/product\/5323"}],"collection":[{"href":"https:\/\/anderskafka.cz\/eshop\/wp-json\/wp\/v2\/product"}],"about":[{"href":"https:\/\/anderskafka.cz\/eshop\/wp-json\/wp\/v2\/types\/product"}],"replies":[{"embeddable":true,"href":"https:\/\/anderskafka.cz\/eshop\/wp-json\/wp\/v2\/comments?post=5323"}],"wp:featuredmedia":[{"embeddable":true,"href":"https:\/\/anderskafka.cz\/eshop\/wp-json\/wp\/v2\/media\/5329"}],"wp:attachment":[{"href":"https:\/\/anderskafka.cz\/eshop\/wp-json\/wp\/v2\/media?parent=5323"}],"wp:term":[{"taxonomy":"location","embeddable":true,"href":"https:\/\/anderskafka.cz\/eshop\/wp-json\/wp\/v2\/location?post=5323"},{"taxonomy":"product_cat","embeddable":true,"href":"https:\/\/anderskafka.cz\/eshop\/wp-json\/wp\/v2\/product_cat?post=5323"},{"taxonomy":"product_tag","embeddable":true,"href":"https:\/\/anderskafka.cz\/eshop\/wp-json\/wp\/v2\/product_tag?post=5323"}],"curies":[{"name":"wp","href":"https:\/\/api.w.org\/{rel}","templated":true}]}}