{"id":5392,"date":"2023-12-02T11:06:07","date_gmt":"2023-12-02T10:06:07","guid":{"rendered":"https:\/\/anderskafka.cz\/eshop\/?post_type=product&#038;p=5392"},"modified":"2026-03-30T14:50:20","modified_gmt":"2026-03-30T12:50:20","slug":"helo-hranate-finske-saunove-kameny-velikosti-do-10-15-cm-20-kg","status":"publish","type":"product","link":"https:\/\/anderskafka.cz\/eshop\/produkt\/helo-hranate-finske-saunove-kameny-velikosti-do-10-15-cm-20-kg\/","title":{"rendered":"HELO hranat\u00e9 finsk\u00e9 saunov\u00e9 kameny velikosti v\u011bt\u0161\u00ed ne\u017e 10 cm, 20 kg"},"content":{"rendered":"<p>Saunov\u00e9 kameny Helo jsou vyb\u00edr\u00e1ny podle star\u00fdch tradic a navozuj\u00ed pravou atmosf\u00e9ru sauny. Helo saunov\u00e9 kameny poskytuj\u00ed dobr\u00e9 a m\u011bkk\u00e9 teplo. \u0160t\u00edpan\u00e9 saunov\u00e9 kameny z vulkanick\u00e9 horniny jsou spr\u00e1vn\u00fdmi kameny pro elektrick\u00e1 topidla a kamna na d\u0159evo, proto\u017ee dok\u00e1\u017eou akumulovat velk\u00e9 mno\u017estv\u00ed tepla a voda se \u00fa\u010dinn\u011b odpa\u0159uje z \u0161irok\u00e9 plochy lomu. Hranat\u00e9 \u0161t\u00edpan\u00e9 kameny tak\u00e9 umo\u017e\u0148uj\u00ed voln\u00e9 um\u00edst\u011bn\u00ed kamen\u016f, co\u017e je nejd\u016fle\u017eit\u011bj\u0161\u00ed po\u017eadavek zejm\u00e9na u elektrick\u00fdch oh\u0159\u00edva\u010d\u016f, aby bylo umo\u017en\u011bno p\u0159en\u00e1\u0161en\u00ed tepla do sauny mezi hork\u00fdmi kameny a topn\u00fdmi t\u011blesy. Dobr\u00e1 cirkulace vzduchu v kamenn\u00e9m prostoru zaji\u0161\u0165uje, \u017ee elektrick\u00e1 topn\u00e1 t\u011blesa vydr\u017e\u00ed co nejd\u00e9le.Tyto kameny um\u00ed pojmout a udr\u017eet velk\u00e9 mno\u017estv\u00ed tepla a d\u00edky jejich povrchu se voda odpa\u0159uje efektivn\u011b. Aby topn\u00e1 t\u011blesa vydr\u017eela co nejd\u00e9le, doporu\u010dujeme rozm\u00edstit kameny neuspo\u0159\u00e1dan\u011b, aby v prostoru pro kameny byla dobr\u00e1 cirkulace vzduchu. Kameny pravideln\u011b p\u0159eskupujte, abyste cirkulaci vzduchu zlep\u0161ili. Odstra\u0148te a vym\u011b\u0148te popraskan\u00e9 kameny.<\/p>\n<p>P\u0159ed prvn\u00edm pou\u017eit\u00edm doporu\u010dujeme opl\u00e1chnout ve\u0161ker\u00fd prach nebo skvrny z kamen\u016f, abyste se vyhnuli nep\u0159\u00edjemn\u00e9mu z\u00e1pachu.<\/p>\n<p>Velikost kamen\u016f: cca 10-15 cm<\/p>\n<p>Obsah balen\u00ed: 20 kg<\/p>\n<p><span style=\"color: #333333\">Alespo\u0148 jednou za rok saunov\u00e9 kameny kontrolujte. Kameny v p\u0159\u00edm\u00e9m kontaktu s topn\u00fdmi t\u011blesy jsou vystaveny extr\u00e9mn\u00edm tepeln\u00fdm podm\u00ednk\u00e1m. Rychl\u00e9 zm\u011bny teploty zp\u016fsobuj\u00ed mal\u00e9 trhlinky v kamenech, kter\u00e9 vedou v pr\u016fb\u011bhu \u010dasu k jejich rozpadu. Mal\u00e9 \u010d\u00e1stice mohou padat dol\u016f a zablokovat spr\u00e1vnou cirkulaci vzduchu. To m\u016f\u017ee zp\u016fsobit nep\u0159etr\u017eit\u00e9 p\u0159eh\u0159\u00e1t\u00ed a zkr\u00e1tit \u017eivotnost oh\u0159\u00edva\u010de a topn\u00fdch t\u011bles.<\/span><\/p>\n","protected":false},"excerpt":{"rendered":"<p>Saunov\u00e9 kameny Helo jsou vyb\u00edr\u00e1ny podle star\u00fdch tradic a navozuj\u00ed pravou atmosf\u00e9ru sauny. Helo saunov\u00e9 kameny poskytuj\u00ed dobr\u00e9 a m\u011bkk\u00e9 teplo.<\/p>\n<p>Finsk\u00e1 \u00a0spole\u010dnost Helo je v\u00fdrobce modern\u00edch saunov\u00fdch topidel.<\/p>\n<p><img loading=\"lazy\" class=\"alignnone size-medium wp-image-1579 aligncenter\" src=\"https:\/\/anderskafka.cz\/eshop\/wp-content\/uploads\/sites\/3\/2022\/12\/MADEINFINNLAND-300x246.jpg\" alt=\"\" width=\"300\" height=\"246\" srcset=\"https:\/\/anderskafka.cz\/eshop\/wp-content\/uploads\/sites\/3\/2022\/12\/MADEINFINNLAND-300x246.jpg 300w, https:\/\/anderskafka.cz\/eshop\/wp-content\/uploads\/sites\/3\/2022\/12\/MADEINFINNLAND-64x52.jpg 64w, https:\/\/anderskafka.cz\/eshop\/wp-content\/uploads\/sites\/3\/2022\/12\/MADEINFINNLAND.jpg 500w\" sizes=\"(max-width: 300px) 100vw, 300px\" \/><\/p>\n","protected":false},"featured_media":5423,"comment_status":"open","ping_status":"closed","template":"","meta":{"site-sidebar-layout":"default","site-content-layout":"default","ast-main-header-display":"","ast-hfb-above-header-display":"","ast-hfb-below-header-display":"","ast-hfb-mobile-header-display":"","site-post-title":"","ast-breadcrumbs-content":"","ast-featured-img":"","footer-sml-layout":"","theme-transparent-header-meta":"","adv-header-id-meta":"","stick-header-meta":"","header-above-stick-meta":"","header-main-stick-meta":"","header-below-stick-meta":""},"location":[],"product_cat":[801],"product_tag":[1170],"yoast_head":"<!-- This site is optimized with the Yoast SEO plugin v18.5.1 - https:\/\/yoast.com\/wordpress\/plugins\/seo\/ -->\n<title>HELO hranat\u00e9 finsk\u00e9 saunov\u00e9 kameny velikosti v\u011bt\u0161\u00ed ne\u017e 10 cm, 20 kg - Anders &amp; Kafka E-SHOP<\/title>\n<meta name=\"description\" content=\"Saunov\u00e9 kameny Helo jsou vyb\u00edr\u00e1ny podle star\u00fdch tradic a navozuj\u00ed pravou atmosf\u00e9ru sauny. Helo saunov\u00e9 kameny poskytuj\u00ed dobr\u00e9 a m\u011bkk\u00e9 teplo.  Finsk\u00e1 \u00a0spole\u010dnost Helo je v\u00fdrobce modern\u00edch saunov\u00fdch topidel.\" \/>\n<meta name=\"robots\" content=\"index, follow, max-snippet:-1, max-image-preview:large, max-video-preview:-1\" \/>\n<link rel=\"canonical\" href=\"https:\/\/anderskafka.cz\/eshop\/produkt\/helo-hranate-finske-saunove-kameny-velikosti-do-10-15-cm-20-kg\/\" \/>\n<meta property=\"og:locale\" content=\"cs_CZ\" \/>\n<meta property=\"og:type\" content=\"article\" \/>\n<meta property=\"og:title\" content=\"HELO hranat\u00e9 finsk\u00e9 saunov\u00e9 kameny velikosti v\u011bt\u0161\u00ed ne\u017e 10 cm, 20 kg - Anders &amp; Kafka E-SHOP\" \/>\n<meta property=\"og:description\" content=\"Saunov\u00e9 kameny Helo jsou vyb\u00edr\u00e1ny podle star\u00fdch tradic a navozuj\u00ed pravou atmosf\u00e9ru sauny. Helo saunov\u00e9 kameny poskytuj\u00ed dobr\u00e9 a m\u011bkk\u00e9 teplo.  Finsk\u00e1 \u00a0spole\u010dnost Helo je v\u00fdrobce modern\u00edch saunov\u00fdch topidel.\" \/>\n<meta property=\"og:url\" content=\"https:\/\/anderskafka.cz\/eshop\/produkt\/helo-hranate-finske-saunove-kameny-velikosti-do-10-15-cm-20-kg\/\" \/>\n<meta property=\"og:site_name\" content=\"Anders &amp; Kafka E-SHOP\" \/>\n<meta property=\"article:modified_time\" content=\"2026-03-30T12:50:20+00:00\" \/>\n<meta property=\"og:image\" content=\"https:\/\/anderskafka.cz\/eshop\/wp-content\/uploads\/sites\/3\/2023\/12\/Saunastones-2.jpg\" \/>\n\t<meta property=\"og:image:width\" content=\"1500\" \/>\n\t<meta property=\"og:image:height\" content=\"1500\" \/>\n\t<meta property=\"og:image:type\" content=\"image\/jpeg\" \/>\n<meta name=\"twitter:card\" content=\"summary_large_image\" \/>\n<meta name=\"twitter:label1\" content=\"Odhadovan\u00e1 doba \u010dten\u00ed\" \/>\n\t<meta name=\"twitter:data1\" content=\"2 minuty\" \/>\n<script type=\"application\/ld+json\" class=\"yoast-schema-graph\">{\"@context\":\"https:\/\/schema.org\",\"@graph\":[{\"@type\":\"WebSite\",\"@id\":\"https:\/\/anderskafka.cz\/eshop\/#website\",\"url\":\"https:\/\/anderskafka.cz\/eshop\/\",\"name\":\"Anders &amp; Kafka E-SHOP\",\"description\":\"Anders &amp; Kafka E-SHOP\",\"potentialAction\":[{\"@type\":\"SearchAction\",\"target\":{\"@type\":\"EntryPoint\",\"urlTemplate\":\"https:\/\/anderskafka.cz\/eshop\/?s={search_term_string}\"},\"query-input\":\"required name=search_term_string\"}],\"inLanguage\":\"cs\"},{\"@type\":\"ImageObject\",\"@id\":\"https:\/\/anderskafka.cz\/eshop\/produkt\/helo-hranate-finske-saunove-kameny-velikosti-do-10-15-cm-20-kg\/#primaryimage\",\"inLanguage\":\"cs\",\"url\":\"https:\/\/anderskafka.cz\/eshop\/wp-content\/uploads\/sites\/3\/2023\/12\/Saunastones-2.jpg\",\"contentUrl\":\"https:\/\/anderskafka.cz\/eshop\/wp-content\/uploads\/sites\/3\/2023\/12\/Saunastones-2.jpg\",\"width\":1500,\"height\":1500},{\"@type\":\"WebPage\",\"@id\":\"https:\/\/anderskafka.cz\/eshop\/produkt\/helo-hranate-finske-saunove-kameny-velikosti-do-10-15-cm-20-kg\/#webpage\",\"url\":\"https:\/\/anderskafka.cz\/eshop\/produkt\/helo-hranate-finske-saunove-kameny-velikosti-do-10-15-cm-20-kg\/\",\"name\":\"HELO hranat\u00e9 finsk\u00e9 saunov\u00e9 kameny velikosti v\u011bt\u0161\u00ed ne\u017e 10 cm, 20 kg - Anders &amp; Kafka E-SHOP\",\"isPartOf\":{\"@id\":\"https:\/\/anderskafka.cz\/eshop\/#website\"},\"primaryImageOfPage\":{\"@id\":\"https:\/\/anderskafka.cz\/eshop\/produkt\/helo-hranate-finske-saunove-kameny-velikosti-do-10-15-cm-20-kg\/#primaryimage\"},\"datePublished\":\"2023-12-02T10:06:07+00:00\",\"dateModified\":\"2026-03-30T12:50:20+00:00\",\"description\":\"Saunov\u00e9 kameny Helo jsou vyb\u00edr\u00e1ny podle star\u00fdch tradic a navozuj\u00ed pravou atmosf\u00e9ru sauny. Helo saunov\u00e9 kameny poskytuj\u00ed dobr\u00e9 a m\u011bkk\u00e9 teplo. Finsk\u00e1 \u00a0spole\u010dnost Helo je v\u00fdrobce modern\u00edch saunov\u00fdch topidel.\",\"breadcrumb\":{\"@id\":\"https:\/\/anderskafka.cz\/eshop\/produkt\/helo-hranate-finske-saunove-kameny-velikosti-do-10-15-cm-20-kg\/#breadcrumb\"},\"inLanguage\":\"cs\",\"potentialAction\":[{\"@type\":\"ReadAction\",\"target\":[\"https:\/\/anderskafka.cz\/eshop\/produkt\/helo-hranate-finske-saunove-kameny-velikosti-do-10-15-cm-20-kg\/\"]}]},{\"@type\":\"BreadcrumbList\",\"@id\":\"https:\/\/anderskafka.cz\/eshop\/produkt\/helo-hranate-finske-saunove-kameny-velikosti-do-10-15-cm-20-kg\/#breadcrumb\",\"itemListElement\":[{\"@type\":\"ListItem\",\"position\":1,\"name\":\"Obchod\",\"item\":\"https:\/\/anderskafka.cz\/eshop\/obchod\/\"},{\"@type\":\"ListItem\",\"position\":2,\"name\":\"HELO hranat\u00e9 finsk\u00e9 saunov\u00e9 kameny velikosti v\u011bt\u0161\u00ed ne\u017e 10 cm, 20 kg\"}]}]}<\/script>\n<!-- \/ Yoast SEO plugin. -->","yoast_head_json":{"title":"HELO hranat\u00e9 finsk\u00e9 saunov\u00e9 kameny velikosti v\u011bt\u0161\u00ed ne\u017e 10 cm, 20 kg - Anders &amp; Kafka E-SHOP","description":"Saunov\u00e9 kameny Helo jsou vyb\u00edr\u00e1ny podle star\u00fdch tradic a navozuj\u00ed pravou atmosf\u00e9ru sauny. Helo saunov\u00e9 kameny poskytuj\u00ed dobr\u00e9 a m\u011bkk\u00e9 teplo.  Finsk\u00e1 \u00a0spole\u010dnost Helo je v\u00fdrobce modern\u00edch saunov\u00fdch topidel.","robots":{"index":"index","follow":"follow","max-snippet":"max-snippet:-1","max-image-preview":"max-image-preview:large","max-video-preview":"max-video-preview:-1"},"canonical":"https:\/\/anderskafka.cz\/eshop\/produkt\/helo-hranate-finske-saunove-kameny-velikosti-do-10-15-cm-20-kg\/","og_locale":"cs_CZ","og_type":"article","og_title":"HELO hranat\u00e9 finsk\u00e9 saunov\u00e9 kameny velikosti v\u011bt\u0161\u00ed ne\u017e 10 cm, 20 kg - Anders &amp; Kafka E-SHOP","og_description":"Saunov\u00e9 kameny Helo jsou vyb\u00edr\u00e1ny podle star\u00fdch tradic a navozuj\u00ed pravou atmosf\u00e9ru sauny. Helo saunov\u00e9 kameny poskytuj\u00ed dobr\u00e9 a m\u011bkk\u00e9 teplo.  Finsk\u00e1 \u00a0spole\u010dnost Helo je v\u00fdrobce modern\u00edch saunov\u00fdch topidel.","og_url":"https:\/\/anderskafka.cz\/eshop\/produkt\/helo-hranate-finske-saunove-kameny-velikosti-do-10-15-cm-20-kg\/","og_site_name":"Anders &amp; Kafka E-SHOP","article_modified_time":"2026-03-30T12:50:20+00:00","og_image":[{"width":1500,"height":1500,"url":"https:\/\/anderskafka.cz\/eshop\/wp-content\/uploads\/sites\/3\/2023\/12\/Saunastones-2.jpg","type":"image\/jpeg"}],"twitter_card":"summary_large_image","twitter_misc":{"Odhadovan\u00e1 doba \u010dten\u00ed":"2 minuty"},"schema":{"@context":"https:\/\/schema.org","@graph":[{"@type":"WebSite","@id":"https:\/\/anderskafka.cz\/eshop\/#website","url":"https:\/\/anderskafka.cz\/eshop\/","name":"Anders &amp; Kafka E-SHOP","description":"Anders &amp; Kafka E-SHOP","potentialAction":[{"@type":"SearchAction","target":{"@type":"EntryPoint","urlTemplate":"https:\/\/anderskafka.cz\/eshop\/?s={search_term_string}"},"query-input":"required name=search_term_string"}],"inLanguage":"cs"},{"@type":"ImageObject","@id":"https:\/\/anderskafka.cz\/eshop\/produkt\/helo-hranate-finske-saunove-kameny-velikosti-do-10-15-cm-20-kg\/#primaryimage","inLanguage":"cs","url":"https:\/\/anderskafka.cz\/eshop\/wp-content\/uploads\/sites\/3\/2023\/12\/Saunastones-2.jpg","contentUrl":"https:\/\/anderskafka.cz\/eshop\/wp-content\/uploads\/sites\/3\/2023\/12\/Saunastones-2.jpg","width":1500,"height":1500},{"@type":"WebPage","@id":"https:\/\/anderskafka.cz\/eshop\/produkt\/helo-hranate-finske-saunove-kameny-velikosti-do-10-15-cm-20-kg\/#webpage","url":"https:\/\/anderskafka.cz\/eshop\/produkt\/helo-hranate-finske-saunove-kameny-velikosti-do-10-15-cm-20-kg\/","name":"HELO hranat\u00e9 finsk\u00e9 saunov\u00e9 kameny velikosti v\u011bt\u0161\u00ed ne\u017e 10 cm, 20 kg - Anders &amp; Kafka E-SHOP","isPartOf":{"@id":"https:\/\/anderskafka.cz\/eshop\/#website"},"primaryImageOfPage":{"@id":"https:\/\/anderskafka.cz\/eshop\/produkt\/helo-hranate-finske-saunove-kameny-velikosti-do-10-15-cm-20-kg\/#primaryimage"},"datePublished":"2023-12-02T10:06:07+00:00","dateModified":"2026-03-30T12:50:20+00:00","description":"Saunov\u00e9 kameny Helo jsou vyb\u00edr\u00e1ny podle star\u00fdch tradic a navozuj\u00ed pravou atmosf\u00e9ru sauny. Helo saunov\u00e9 kameny poskytuj\u00ed dobr\u00e9 a m\u011bkk\u00e9 teplo. Finsk\u00e1 \u00a0spole\u010dnost Helo je v\u00fdrobce modern\u00edch saunov\u00fdch topidel.","breadcrumb":{"@id":"https:\/\/anderskafka.cz\/eshop\/produkt\/helo-hranate-finske-saunove-kameny-velikosti-do-10-15-cm-20-kg\/#breadcrumb"},"inLanguage":"cs","potentialAction":[{"@type":"ReadAction","target":["https:\/\/anderskafka.cz\/eshop\/produkt\/helo-hranate-finske-saunove-kameny-velikosti-do-10-15-cm-20-kg\/"]}]},{"@type":"BreadcrumbList","@id":"https:\/\/anderskafka.cz\/eshop\/produkt\/helo-hranate-finske-saunove-kameny-velikosti-do-10-15-cm-20-kg\/#breadcrumb","itemListElement":[{"@type":"ListItem","position":1,"name":"Obchod","item":"https:\/\/anderskafka.cz\/eshop\/obchod\/"},{"@type":"ListItem","position":2,"name":"HELO hranat\u00e9 finsk\u00e9 saunov\u00e9 kameny velikosti v\u011bt\u0161\u00ed ne\u017e 10 cm, 20 kg"}]}]}},"locations":[],"_links":{"self":[{"href":"https:\/\/anderskafka.cz\/eshop\/wp-json\/wp\/v2\/product\/5392"}],"collection":[{"href":"https:\/\/anderskafka.cz\/eshop\/wp-json\/wp\/v2\/product"}],"about":[{"href":"https:\/\/anderskafka.cz\/eshop\/wp-json\/wp\/v2\/types\/product"}],"replies":[{"embeddable":true,"href":"https:\/\/anderskafka.cz\/eshop\/wp-json\/wp\/v2\/comments?post=5392"}],"wp:featuredmedia":[{"embeddable":true,"href":"https:\/\/anderskafka.cz\/eshop\/wp-json\/wp\/v2\/media\/5423"}],"wp:attachment":[{"href":"https:\/\/anderskafka.cz\/eshop\/wp-json\/wp\/v2\/media?parent=5392"}],"wp:term":[{"taxonomy":"location","embeddable":true,"href":"https:\/\/anderskafka.cz\/eshop\/wp-json\/wp\/v2\/location?post=5392"},{"taxonomy":"product_cat","embeddable":true,"href":"https:\/\/anderskafka.cz\/eshop\/wp-json\/wp\/v2\/product_cat?post=5392"},{"taxonomy":"product_tag","embeddable":true,"href":"https:\/\/anderskafka.cz\/eshop\/wp-json\/wp\/v2\/product_tag?post=5392"}],"curies":[{"name":"wp","href":"https:\/\/api.w.org\/{rel}","templated":true}]}}