{"id":5397,"date":"2023-12-02T11:45:16","date_gmt":"2023-12-02T10:45:16","guid":{"rendered":"https:\/\/anderskafka.cz\/eshop\/?post_type=product&#038;p=5397"},"modified":"2026-03-30T14:36:43","modified_gmt":"2026-03-30T12:36:43","slug":"rento-pisara-saunove-vedro-natural","status":"publish","type":"product","link":"https:\/\/anderskafka.cz\/eshop\/produkt\/rento-pisara-saunove-vedro-natural\/","title":{"rendered":"RENTO PISARA \u2013 saunov\u00e9 v\u011bdro natural"},"content":{"rendered":"<p>\u010cist\u00e9 linie a skandin\u00e1vsk\u00fd design saunov\u00fdch produkt\u016f Rento Pisara jsou v\u00fdsledkem finsk\u00e9 pr\u00e1ce. Produkty Pisara jsou vyrobeny z kompletn\u011b finsk\u00e9ho biokompozitu zvan\u00e9ho UPM Formi. Odoln\u00fd kompozit z p\u0159\u00edrodn\u00edch vl\u00e1ken je p\u0159\u00edjemn\u00fd na dotek a vynikaj\u00edc\u00ed volbou materi\u00e1lu pro teplo a vlhkost sauny. UPM Formi je kompozit z obnoviteln\u00fdch vl\u00e1ken buni\u010diny a \u010dist\u00fdch plastov\u00fdch polymer\u016f. Recyklovateln\u00e9, lze p\u0159em\u011bnit na energii spalov\u00e1n\u00edm. Materi\u00e1l byl vyroben ve Finsku.<br \/>\nFinsk\u00e1 kvalita.<br \/>\nPo saunov\u00e1n\u00ed v\u017edy v\u011bdro a nabera\u010dku vypr\u00e1zdn\u011bte.<\/p>\n<p>Ostatn\u00ed dopl\u0148ky nejsou sou\u010d\u00e1st\u00ed balen\u00ed.<\/p>\n","protected":false},"excerpt":{"rendered":"<p>Kr\u00e1sn\u00e9 saunov\u00e9 v\u011bdro ve tvaru kapky v p\u0159\u00edrodn\u00ed barv\u011b. \u010cist\u00e9 linie a skandin\u00e1vsk\u00fd design saunov\u00fdch produkt\u016f Rento Pisara jsou v\u00fdsledkem finsk\u00e9 pr\u00e1ce. Produkty Pisara jsou vyrobeny z kompletn\u011b finsk\u00e9ho biokompozitu zvan\u00e9ho UPM Formi. Odoln\u00fd kompozit z p\u0159\u00edrodn\u00edch vl\u00e1ken je p\u0159\u00edjemn\u00fd na dotek a vynikaj\u00edc\u00ed volbou materi\u00e1lu pro teplo a vlhkost sauny.<br \/>\nInspirov\u00e1no p\u0159\u00edrodou. Navr\u017eeno a vyrobeno ve Finsku, specialistou na saunov\u00e9 dopl\u0148ky spole\u010dnost\u00ed RENTO. Relaxujte a u\u017e\u00edvejte si harmonii z autentick\u00e9ho z\u00e1\u017eitku finsk\u00e9 sauny.<\/p>\n<div style=\"text-align: center\">\n<p><img loading=\"lazy\" class=\"wp-image-1579\" style=\"margin-right: 25px\" src=\"https:\/\/anderskafka.cz\/eshop\/wp-content\/uploads\/sites\/3\/2022\/12\/MADEINFINNLAND-300x246.jpg\" alt=\"\" width=\"205\" height=\"168\" srcset=\"https:\/\/anderskafka.cz\/eshop\/wp-content\/uploads\/sites\/3\/2022\/12\/MADEINFINNLAND-300x246.jpg 300w, https:\/\/anderskafka.cz\/eshop\/wp-content\/uploads\/sites\/3\/2022\/12\/MADEINFINNLAND-64x52.jpg 64w, https:\/\/anderskafka.cz\/eshop\/wp-content\/uploads\/sites\/3\/2022\/12\/MADEINFINNLAND.jpg 500w\" sizes=\"(max-width: 205px) 100vw, 205px\" \/><img loading=\"lazy\" class=\"wp-image-135 \" src=\"https:\/\/anderskafka.cz\/eshop\/wp-content\/uploads\/sites\/3\/2022\/06\/DesignFromFinland_web-1-300x300.png\" alt=\"\" width=\"178\" height=\"178\" \/><\/p>\n<\/div>\n","protected":false},"featured_media":5399,"comment_status":"open","ping_status":"closed","template":"","meta":{"site-sidebar-layout":"default","site-content-layout":"default","ast-main-header-display":"","ast-hfb-above-header-display":"","ast-hfb-below-header-display":"","ast-hfb-mobile-header-display":"","site-post-title":"","ast-breadcrumbs-content":"","ast-featured-img":"","footer-sml-layout":"","theme-transparent-header-meta":"","adv-header-id-meta":"","stick-header-meta":"","header-above-stick-meta":"","header-main-stick-meta":"","header-below-stick-meta":""},"location":[],"product_cat":[1640,101],"product_tag":[103],"yoast_head":"<!-- This site is optimized with the Yoast SEO plugin v18.5.1 - https:\/\/yoast.com\/wordpress\/plugins\/seo\/ -->\n<title>RENTO PISARA \u2013 saunov\u00e9 v\u011bdro natural - Anders &amp; Kafka E-SHOP<\/title>\n<meta name=\"description\" content=\"Kr\u00e1sn\u00e9 saunov\u00e9 v\u011bdro ve tvaru kapky v p\u0159\u00edrodn\u00ed barv\u011b. \u010cist\u00e9 linie a skandin\u00e1vsk\u00fd design saunov\u00fdch produkt\u016f Rento Pisara jsou v\u00fdsledkem finsk\u00e9 pr\u00e1ce. Produkty Pisara jsou vyrobeny z kompletn\u011b finsk\u00e9ho biokompozitu zvan\u00e9ho UPM Formi. Odoln\u00fd kompozit z p\u0159\u00edrodn\u00edch vl\u00e1ken je p\u0159\u00edjemn\u00fd na dotek a vynikaj\u00edc\u00ed volbou materi\u00e1lu pro teplo a vlhkost sauny. Inspirov\u00e1no p\u0159\u00edrodou. Navr\u017eeno a vyrobeno ve Finsku, specialistou na saunov\u00e9 dopl\u0148ky spole\u010dnost\u00ed RENTO. Relaxujte a u\u017e\u00edvejte si harmonii z autentick\u00e9ho z\u00e1\u017eitku finsk\u00e9 sauny.\" \/>\n<meta name=\"robots\" content=\"index, follow, max-snippet:-1, max-image-preview:large, max-video-preview:-1\" \/>\n<link rel=\"canonical\" href=\"https:\/\/anderskafka.cz\/eshop\/produkt\/rento-pisara-saunove-vedro-natural\/\" \/>\n<meta property=\"og:locale\" content=\"cs_CZ\" \/>\n<meta property=\"og:type\" content=\"article\" \/>\n<meta property=\"og:title\" content=\"RENTO PISARA \u2013 saunov\u00e9 v\u011bdro natural - Anders &amp; Kafka E-SHOP\" \/>\n<meta property=\"og:description\" content=\"Kr\u00e1sn\u00e9 saunov\u00e9 v\u011bdro ve tvaru kapky v p\u0159\u00edrodn\u00ed barv\u011b. \u010cist\u00e9 linie a skandin\u00e1vsk\u00fd design saunov\u00fdch produkt\u016f Rento Pisara jsou v\u00fdsledkem finsk\u00e9 pr\u00e1ce. Produkty Pisara jsou vyrobeny z kompletn\u011b finsk\u00e9ho biokompozitu zvan\u00e9ho UPM Formi. Odoln\u00fd kompozit z p\u0159\u00edrodn\u00edch vl\u00e1ken je p\u0159\u00edjemn\u00fd na dotek a vynikaj\u00edc\u00ed volbou materi\u00e1lu pro teplo a vlhkost sauny. Inspirov\u00e1no p\u0159\u00edrodou. Navr\u017eeno a vyrobeno ve Finsku, specialistou na saunov\u00e9 dopl\u0148ky spole\u010dnost\u00ed RENTO. Relaxujte a u\u017e\u00edvejte si harmonii z autentick\u00e9ho z\u00e1\u017eitku finsk\u00e9 sauny.\" \/>\n<meta property=\"og:url\" content=\"https:\/\/anderskafka.cz\/eshop\/produkt\/rento-pisara-saunove-vedro-natural\/\" \/>\n<meta property=\"og:site_name\" content=\"Anders &amp; Kafka E-SHOP\" \/>\n<meta property=\"article:modified_time\" content=\"2026-03-30T12:36:43+00:00\" \/>\n<meta property=\"og:image\" content=\"https:\/\/anderskafka.cz\/eshop\/wp-content\/uploads\/sites\/3\/2023\/12\/9165d4df1eef9f934b33e72e525db9586d225860758f0acbf4c8d94bfaa19749.jpg\" \/>\n\t<meta property=\"og:image:width\" content=\"700\" \/>\n\t<meta property=\"og:image:height\" content=\"700\" \/>\n\t<meta property=\"og:image:type\" content=\"image\/jpeg\" \/>\n<meta name=\"twitter:card\" content=\"summary_large_image\" \/>\n<meta name=\"twitter:label1\" content=\"Odhadovan\u00e1 doba \u010dten\u00ed\" \/>\n\t<meta name=\"twitter:data1\" content=\"1 minuta\" \/>\n<script type=\"application\/ld+json\" class=\"yoast-schema-graph\">{\"@context\":\"https:\/\/schema.org\",\"@graph\":[{\"@type\":\"WebSite\",\"@id\":\"https:\/\/anderskafka.cz\/eshop\/#website\",\"url\":\"https:\/\/anderskafka.cz\/eshop\/\",\"name\":\"Anders &amp; Kafka E-SHOP\",\"description\":\"Anders &amp; Kafka E-SHOP\",\"potentialAction\":[{\"@type\":\"SearchAction\",\"target\":{\"@type\":\"EntryPoint\",\"urlTemplate\":\"https:\/\/anderskafka.cz\/eshop\/?s={search_term_string}\"},\"query-input\":\"required name=search_term_string\"}],\"inLanguage\":\"cs\"},{\"@type\":\"ImageObject\",\"@id\":\"https:\/\/anderskafka.cz\/eshop\/produkt\/rento-pisara-saunove-vedro-natural\/#primaryimage\",\"inLanguage\":\"cs\",\"url\":\"https:\/\/anderskafka.cz\/eshop\/wp-content\/uploads\/sites\/3\/2023\/12\/9165d4df1eef9f934b33e72e525db9586d225860758f0acbf4c8d94bfaa19749.jpg\",\"contentUrl\":\"https:\/\/anderskafka.cz\/eshop\/wp-content\/uploads\/sites\/3\/2023\/12\/9165d4df1eef9f934b33e72e525db9586d225860758f0acbf4c8d94bfaa19749.jpg\",\"width\":700,\"height\":700},{\"@type\":\"WebPage\",\"@id\":\"https:\/\/anderskafka.cz\/eshop\/produkt\/rento-pisara-saunove-vedro-natural\/#webpage\",\"url\":\"https:\/\/anderskafka.cz\/eshop\/produkt\/rento-pisara-saunove-vedro-natural\/\",\"name\":\"RENTO PISARA \u2013 saunov\u00e9 v\u011bdro natural - Anders &amp; Kafka E-SHOP\",\"isPartOf\":{\"@id\":\"https:\/\/anderskafka.cz\/eshop\/#website\"},\"primaryImageOfPage\":{\"@id\":\"https:\/\/anderskafka.cz\/eshop\/produkt\/rento-pisara-saunove-vedro-natural\/#primaryimage\"},\"datePublished\":\"2023-12-02T10:45:16+00:00\",\"dateModified\":\"2026-03-30T12:36:43+00:00\",\"description\":\"Kr\u00e1sn\u00e9 saunov\u00e9 v\u011bdro ve tvaru kapky v p\u0159\u00edrodn\u00ed barv\u011b. \u010cist\u00e9 linie a skandin\u00e1vsk\u00fd design saunov\u00fdch produkt\u016f Rento Pisara jsou v\u00fdsledkem finsk\u00e9 pr\u00e1ce. Produkty Pisara jsou vyrobeny z kompletn\u011b finsk\u00e9ho biokompozitu zvan\u00e9ho UPM Formi. Odoln\u00fd kompozit z p\u0159\u00edrodn\u00edch vl\u00e1ken je p\u0159\u00edjemn\u00fd na dotek a vynikaj\u00edc\u00ed volbou materi\u00e1lu pro teplo a vlhkost sauny. Inspirov\u00e1no p\u0159\u00edrodou. Navr\u017eeno a vyrobeno ve Finsku, specialistou na saunov\u00e9 dopl\u0148ky spole\u010dnost\u00ed RENTO. Relaxujte a u\u017e\u00edvejte si harmonii z autentick\u00e9ho z\u00e1\u017eitku finsk\u00e9 sauny.\",\"breadcrumb\":{\"@id\":\"https:\/\/anderskafka.cz\/eshop\/produkt\/rento-pisara-saunove-vedro-natural\/#breadcrumb\"},\"inLanguage\":\"cs\",\"potentialAction\":[{\"@type\":\"ReadAction\",\"target\":[\"https:\/\/anderskafka.cz\/eshop\/produkt\/rento-pisara-saunove-vedro-natural\/\"]}]},{\"@type\":\"BreadcrumbList\",\"@id\":\"https:\/\/anderskafka.cz\/eshop\/produkt\/rento-pisara-saunove-vedro-natural\/#breadcrumb\",\"itemListElement\":[{\"@type\":\"ListItem\",\"position\":1,\"name\":\"Obchod\",\"item\":\"https:\/\/anderskafka.cz\/eshop\/obchod\/\"},{\"@type\":\"ListItem\",\"position\":2,\"name\":\"RENTO PISARA \u2013 saunov\u00e9 v\u011bdro natural\"}]}]}<\/script>\n<!-- \/ Yoast SEO plugin. -->","yoast_head_json":{"title":"RENTO PISARA \u2013 saunov\u00e9 v\u011bdro natural - Anders &amp; Kafka E-SHOP","description":"Kr\u00e1sn\u00e9 saunov\u00e9 v\u011bdro ve tvaru kapky v p\u0159\u00edrodn\u00ed barv\u011b. \u010cist\u00e9 linie a skandin\u00e1vsk\u00fd design saunov\u00fdch produkt\u016f Rento Pisara jsou v\u00fdsledkem finsk\u00e9 pr\u00e1ce. Produkty Pisara jsou vyrobeny z kompletn\u011b finsk\u00e9ho biokompozitu zvan\u00e9ho UPM Formi. Odoln\u00fd kompozit z p\u0159\u00edrodn\u00edch vl\u00e1ken je p\u0159\u00edjemn\u00fd na dotek a vynikaj\u00edc\u00ed volbou materi\u00e1lu pro teplo a vlhkost sauny. Inspirov\u00e1no p\u0159\u00edrodou. Navr\u017eeno a vyrobeno ve Finsku, specialistou na saunov\u00e9 dopl\u0148ky spole\u010dnost\u00ed RENTO. Relaxujte a u\u017e\u00edvejte si harmonii z autentick\u00e9ho z\u00e1\u017eitku finsk\u00e9 sauny.","robots":{"index":"index","follow":"follow","max-snippet":"max-snippet:-1","max-image-preview":"max-image-preview:large","max-video-preview":"max-video-preview:-1"},"canonical":"https:\/\/anderskafka.cz\/eshop\/produkt\/rento-pisara-saunove-vedro-natural\/","og_locale":"cs_CZ","og_type":"article","og_title":"RENTO PISARA \u2013 saunov\u00e9 v\u011bdro natural - Anders &amp; Kafka E-SHOP","og_description":"Kr\u00e1sn\u00e9 saunov\u00e9 v\u011bdro ve tvaru kapky v p\u0159\u00edrodn\u00ed barv\u011b. \u010cist\u00e9 linie a skandin\u00e1vsk\u00fd design saunov\u00fdch produkt\u016f Rento Pisara jsou v\u00fdsledkem finsk\u00e9 pr\u00e1ce. Produkty Pisara jsou vyrobeny z kompletn\u011b finsk\u00e9ho biokompozitu zvan\u00e9ho UPM Formi. Odoln\u00fd kompozit z p\u0159\u00edrodn\u00edch vl\u00e1ken je p\u0159\u00edjemn\u00fd na dotek a vynikaj\u00edc\u00ed volbou materi\u00e1lu pro teplo a vlhkost sauny. Inspirov\u00e1no p\u0159\u00edrodou. Navr\u017eeno a vyrobeno ve Finsku, specialistou na saunov\u00e9 dopl\u0148ky spole\u010dnost\u00ed RENTO. Relaxujte a u\u017e\u00edvejte si harmonii z autentick\u00e9ho z\u00e1\u017eitku finsk\u00e9 sauny.","og_url":"https:\/\/anderskafka.cz\/eshop\/produkt\/rento-pisara-saunove-vedro-natural\/","og_site_name":"Anders &amp; Kafka E-SHOP","article_modified_time":"2026-03-30T12:36:43+00:00","og_image":[{"width":700,"height":700,"url":"https:\/\/anderskafka.cz\/eshop\/wp-content\/uploads\/sites\/3\/2023\/12\/9165d4df1eef9f934b33e72e525db9586d225860758f0acbf4c8d94bfaa19749.jpg","type":"image\/jpeg"}],"twitter_card":"summary_large_image","twitter_misc":{"Odhadovan\u00e1 doba \u010dten\u00ed":"1 minuta"},"schema":{"@context":"https:\/\/schema.org","@graph":[{"@type":"WebSite","@id":"https:\/\/anderskafka.cz\/eshop\/#website","url":"https:\/\/anderskafka.cz\/eshop\/","name":"Anders &amp; Kafka E-SHOP","description":"Anders &amp; Kafka E-SHOP","potentialAction":[{"@type":"SearchAction","target":{"@type":"EntryPoint","urlTemplate":"https:\/\/anderskafka.cz\/eshop\/?s={search_term_string}"},"query-input":"required name=search_term_string"}],"inLanguage":"cs"},{"@type":"ImageObject","@id":"https:\/\/anderskafka.cz\/eshop\/produkt\/rento-pisara-saunove-vedro-natural\/#primaryimage","inLanguage":"cs","url":"https:\/\/anderskafka.cz\/eshop\/wp-content\/uploads\/sites\/3\/2023\/12\/9165d4df1eef9f934b33e72e525db9586d225860758f0acbf4c8d94bfaa19749.jpg","contentUrl":"https:\/\/anderskafka.cz\/eshop\/wp-content\/uploads\/sites\/3\/2023\/12\/9165d4df1eef9f934b33e72e525db9586d225860758f0acbf4c8d94bfaa19749.jpg","width":700,"height":700},{"@type":"WebPage","@id":"https:\/\/anderskafka.cz\/eshop\/produkt\/rento-pisara-saunove-vedro-natural\/#webpage","url":"https:\/\/anderskafka.cz\/eshop\/produkt\/rento-pisara-saunove-vedro-natural\/","name":"RENTO PISARA \u2013 saunov\u00e9 v\u011bdro natural - Anders &amp; Kafka E-SHOP","isPartOf":{"@id":"https:\/\/anderskafka.cz\/eshop\/#website"},"primaryImageOfPage":{"@id":"https:\/\/anderskafka.cz\/eshop\/produkt\/rento-pisara-saunove-vedro-natural\/#primaryimage"},"datePublished":"2023-12-02T10:45:16+00:00","dateModified":"2026-03-30T12:36:43+00:00","description":"Kr\u00e1sn\u00e9 saunov\u00e9 v\u011bdro ve tvaru kapky v p\u0159\u00edrodn\u00ed barv\u011b. \u010cist\u00e9 linie a skandin\u00e1vsk\u00fd design saunov\u00fdch produkt\u016f Rento Pisara jsou v\u00fdsledkem finsk\u00e9 pr\u00e1ce. Produkty Pisara jsou vyrobeny z kompletn\u011b finsk\u00e9ho biokompozitu zvan\u00e9ho UPM Formi. Odoln\u00fd kompozit z p\u0159\u00edrodn\u00edch vl\u00e1ken je p\u0159\u00edjemn\u00fd na dotek a vynikaj\u00edc\u00ed volbou materi\u00e1lu pro teplo a vlhkost sauny. Inspirov\u00e1no p\u0159\u00edrodou. Navr\u017eeno a vyrobeno ve Finsku, specialistou na saunov\u00e9 dopl\u0148ky spole\u010dnost\u00ed RENTO. Relaxujte a u\u017e\u00edvejte si harmonii z autentick\u00e9ho z\u00e1\u017eitku finsk\u00e9 sauny.","breadcrumb":{"@id":"https:\/\/anderskafka.cz\/eshop\/produkt\/rento-pisara-saunove-vedro-natural\/#breadcrumb"},"inLanguage":"cs","potentialAction":[{"@type":"ReadAction","target":["https:\/\/anderskafka.cz\/eshop\/produkt\/rento-pisara-saunove-vedro-natural\/"]}]},{"@type":"BreadcrumbList","@id":"https:\/\/anderskafka.cz\/eshop\/produkt\/rento-pisara-saunove-vedro-natural\/#breadcrumb","itemListElement":[{"@type":"ListItem","position":1,"name":"Obchod","item":"https:\/\/anderskafka.cz\/eshop\/obchod\/"},{"@type":"ListItem","position":2,"name":"RENTO PISARA \u2013 saunov\u00e9 v\u011bdro natural"}]}]}},"locations":[],"_links":{"self":[{"href":"https:\/\/anderskafka.cz\/eshop\/wp-json\/wp\/v2\/product\/5397"}],"collection":[{"href":"https:\/\/anderskafka.cz\/eshop\/wp-json\/wp\/v2\/product"}],"about":[{"href":"https:\/\/anderskafka.cz\/eshop\/wp-json\/wp\/v2\/types\/product"}],"replies":[{"embeddable":true,"href":"https:\/\/anderskafka.cz\/eshop\/wp-json\/wp\/v2\/comments?post=5397"}],"wp:featuredmedia":[{"embeddable":true,"href":"https:\/\/anderskafka.cz\/eshop\/wp-json\/wp\/v2\/media\/5399"}],"wp:attachment":[{"href":"https:\/\/anderskafka.cz\/eshop\/wp-json\/wp\/v2\/media?parent=5397"}],"wp:term":[{"taxonomy":"location","embeddable":true,"href":"https:\/\/anderskafka.cz\/eshop\/wp-json\/wp\/v2\/location?post=5397"},{"taxonomy":"product_cat","embeddable":true,"href":"https:\/\/anderskafka.cz\/eshop\/wp-json\/wp\/v2\/product_cat?post=5397"},{"taxonomy":"product_tag","embeddable":true,"href":"https:\/\/anderskafka.cz\/eshop\/wp-json\/wp\/v2\/product_tag?post=5397"}],"curies":[{"name":"wp","href":"https:\/\/api.w.org\/{rel}","templated":true}]}}