{"id":5547,"date":"2023-12-05T22:01:24","date_gmt":"2023-12-05T21:01:24","guid":{"rendered":"https:\/\/anderskafka.cz\/eshop\/?post_type=product&#038;p=5547"},"modified":"2026-01-29T09:11:19","modified_gmt":"2026-01-29T08:11:19","slug":"luin-living-luxusni-rucniky-osusky-pastelove-ruzove","status":"publish","type":"product","link":"https:\/\/anderskafka.cz\/eshop\/produkt\/luin-living-luxusni-rucniky-osusky-pastelove-ruzove\/","title":{"rendered":"LUIN LIVING luxusn\u00ed ru\u010dn\u00edky \/ osu\u0161ky, pastelov\u011b r\u016f\u017eov\u00e9"},"content":{"rendered":"<p>V\u00edtejte v nov\u00e9 \u00e9\u0159e ru\u010dn\u00edk\u016f a osu\u0161ek! Kolekce ru\u010dn\u00edk\u016f Your Home \u2013 Your Spa je vyrobena z materi\u00e1lu \u00a0Signature vyvinut\u00e9ho z nejkvalitn\u011bj\u0161\u00ed bavlny, pro v\u00e1\u0161 ka\u017edodenn\u00ed po\u017eitek. Dokonale se hod\u00ed pro v\u00e1s, kte\u0159\u00ed m\u00e1te r\u00e1di sv\u00e9 ru\u010dn\u00edky luxusn\u011b ply\u0161ov\u00e9, m\u011bkk\u00e9 a vysoce sav\u00e9. Luxusn\u00ed proveden\u00ed a modern\u00ed skandin\u00e1vsk\u00fd design si zamilujete na prvn\u00ed dotek!<\/p>\n<p>Luin Living Signature 100% low-twist bavlna s certifik\u00e1tem \u00d6ko-Tex\u00ae zaru\u010duj\u00ed pohodln\u00e9, luxusn\u011b m\u011bkk\u00e9, ply\u0161ov\u00e9 a vysoce sav\u00e9 textilie.<\/p>\n<p>P\u0159i p\u00e9\u010di \u00a0se \u0159i\u010fte o\u0161et\u0159ovac\u00edmi symboly uveden\u00fdmi na v\u00fdrobku. Perte max. na 60 stup\u0148\u016f. Nedoporu\u010dujeme pou\u017e\u00edvat aviv\u00e1\u017e pro n\u00e1slednou ni\u017e\u0161\u00ed savost. Neb\u011blte. Su\u0161te v su\u0161i\u010dce.<\/p>\n","protected":false},"excerpt":{"rendered":"<p>V\u00edtejte v nov\u00e9 \u00e9\u0159e ru\u010dn\u00edk\u016f a osu\u0161ek! Kolekce ru\u010dn\u00edk\u016f Your Home \u2013 Your Spa je vyrobena z materi\u00e1lu \u00a0Signature vyvinut\u00e9ho z nejkvalitn\u011bj\u0161\u00ed bavlny, pro v\u00e1\u0161 ka\u017edodenn\u00ed po\u017eitek. Dokonale se hod\u00ed pro v\u00e1s, kte\u0159\u00ed m\u00e1te r\u00e1di sv\u00e9 ru\u010dn\u00edky luxusn\u011b ply\u0161ov\u00e9, m\u011bkk\u00e9 a vysoce sav\u00e9. \u00a0Certifikace Oeko-Tex zaru\u010duje, \u017ee p\u0159i v\u00fdrob\u011b nejsou pou\u017eity \u017e\u00e1dn\u00e9 \u0161kodliv\u00e9 l\u00e1tky. Luxusn\u00ed proveden\u00ed a modern\u00ed skandin\u00e1vsk\u00fd design si zamilujete na prvn\u00ed dotek!<\/p>\n<p>Finsk\u00e1 spole\u010dnost Luin Living si zakl\u00e1d\u00e1 na vysok\u00e9 kvalit\u011b a udr\u017eitelnosti sv\u00fdch v\u00fdrobk\u016f, kter\u00e9 V\u00e1m zp\u0159\u00edjemn\u00ed \u010das str\u00e1ven\u00fd v saun\u011b. Stejn\u011b tak je ocen\u00edte i p\u0159i ka\u017edodenn\u00edm no\u0161en\u00ed.<br \/>\n<img loading=\"lazy\" class=\"alignnone wp-image-135 aligncenter\" src=\"https:\/\/anderskafka.cz\/eshop\/wp-content\/uploads\/sites\/3\/2022\/06\/DesignFromFinland_web-1-300x300.png\" alt=\"\" width=\"168\" height=\"168\" \/><\/p>\n<p>&nbsp;<\/p>\n","protected":false},"featured_media":5556,"comment_status":"open","ping_status":"closed","template":"","meta":{"site-sidebar-layout":"default","site-content-layout":"default","ast-main-header-display":"","ast-hfb-above-header-display":"","ast-hfb-below-header-display":"","ast-hfb-mobile-header-display":"","site-post-title":"","ast-breadcrumbs-content":"","ast-featured-img":"","footer-sml-layout":"","theme-transparent-header-meta":"","adv-header-id-meta":"","stick-header-meta":"","header-above-stick-meta":"","header-main-stick-meta":"","header-below-stick-meta":""},"location":[],"product_cat":[1551,30],"product_tag":[787],"yoast_head":"<!-- This site is optimized with the Yoast SEO plugin v18.5.1 - https:\/\/yoast.com\/wordpress\/plugins\/seo\/ -->\n<title>LUIN LIVING luxusn\u00ed ru\u010dn\u00edky \/ osu\u0161ky, pastelov\u011b r\u016f\u017eov\u00e9 - Anders &amp; Kafka E-SHOP<\/title>\n<meta name=\"description\" content=\"V\u00edtejte v nov\u00e9 \u00e9\u0159e ru\u010dn\u00edk\u016f a osu\u0161ek! Kolekce ru\u010dn\u00edk\u016f Your Home \u2013 Your Spa je vyrobena z materi\u00e1lu \u00a0Signature vyvinut\u00e9ho z nejkvalitn\u011bj\u0161\u00ed bavlny, pro v\u00e1\u0161 ka\u017edodenn\u00ed po\u017eitek. Dokonale se hod\u00ed pro v\u00e1s, kte\u0159\u00ed m\u00e1te r\u00e1di sv\u00e9 ru\u010dn\u00edky luxusn\u011b ply\u0161ov\u00e9, m\u011bkk\u00e9 a vysoce sav\u00e9. \u00a0Certifikace Oeko-Tex zaru\u010duje, \u017ee p\u0159i v\u00fdrob\u011b nejsou pou\u017eity \u017e\u00e1dn\u00e9 \u0161kodliv\u00e9 l\u00e1tky. Luxusn\u00ed proveden\u00ed a modern\u00ed skandin\u00e1vsk\u00fd design si zamilujete na prvn\u00ed dotek!  Finsk\u00e1 spole\u010dnost Luin Living si zakl\u00e1d\u00e1 na vysok\u00e9 kvalit\u011b a udr\u017eitelnosti sv\u00fdch v\u00fdrobk\u016f, kter\u00e9 V\u00e1m zp\u0159\u00edjemn\u00ed \u010das str\u00e1ven\u00fd v saun\u011b. Stejn\u011b tak je ocen\u00edte i p\u0159i ka\u017edodenn\u00edm no\u0161en\u00ed.   &nbsp;\" \/>\n<meta name=\"robots\" content=\"index, follow, max-snippet:-1, max-image-preview:large, max-video-preview:-1\" \/>\n<link rel=\"canonical\" href=\"https:\/\/anderskafka.cz\/eshop\/produkt\/luin-living-luxusni-rucniky-osusky-pastelove-ruzove\/\" \/>\n<meta property=\"og:locale\" content=\"cs_CZ\" \/>\n<meta property=\"og:type\" content=\"article\" \/>\n<meta property=\"og:title\" content=\"LUIN LIVING luxusn\u00ed ru\u010dn\u00edky \/ osu\u0161ky, pastelov\u011b r\u016f\u017eov\u00e9 - Anders &amp; Kafka E-SHOP\" \/>\n<meta property=\"og:description\" content=\"V\u00edtejte v nov\u00e9 \u00e9\u0159e ru\u010dn\u00edk\u016f a osu\u0161ek! Kolekce ru\u010dn\u00edk\u016f Your Home \u2013 Your Spa je vyrobena z materi\u00e1lu \u00a0Signature vyvinut\u00e9ho z nejkvalitn\u011bj\u0161\u00ed bavlny, pro v\u00e1\u0161 ka\u017edodenn\u00ed po\u017eitek. Dokonale se hod\u00ed pro v\u00e1s, kte\u0159\u00ed m\u00e1te r\u00e1di sv\u00e9 ru\u010dn\u00edky luxusn\u011b ply\u0161ov\u00e9, m\u011bkk\u00e9 a vysoce sav\u00e9. \u00a0Certifikace Oeko-Tex zaru\u010duje, \u017ee p\u0159i v\u00fdrob\u011b nejsou pou\u017eity \u017e\u00e1dn\u00e9 \u0161kodliv\u00e9 l\u00e1tky. Luxusn\u00ed proveden\u00ed a modern\u00ed skandin\u00e1vsk\u00fd design si zamilujete na prvn\u00ed dotek!  Finsk\u00e1 spole\u010dnost Luin Living si zakl\u00e1d\u00e1 na vysok\u00e9 kvalit\u011b a udr\u017eitelnosti sv\u00fdch v\u00fdrobk\u016f, kter\u00e9 V\u00e1m zp\u0159\u00edjemn\u00ed \u010das str\u00e1ven\u00fd v saun\u011b. Stejn\u011b tak je ocen\u00edte i p\u0159i ka\u017edodenn\u00edm no\u0161en\u00ed.   &nbsp;\" \/>\n<meta property=\"og:url\" content=\"https:\/\/anderskafka.cz\/eshop\/produkt\/luin-living-luxusni-rucniky-osusky-pastelove-ruzove\/\" \/>\n<meta property=\"og:site_name\" content=\"Anders &amp; Kafka E-SHOP\" \/>\n<meta property=\"article:modified_time\" content=\"2026-01-29T08:11:19+00:00\" \/>\n<meta property=\"og:image\" content=\"https:\/\/anderskafka.cz\/eshop\/wp-content\/uploads\/sites\/3\/2023\/12\/Dustyrose_towels_LuinLiving.jpg\" \/>\n\t<meta property=\"og:image:width\" content=\"1920\" \/>\n\t<meta property=\"og:image:height\" content=\"1282\" \/>\n\t<meta property=\"og:image:type\" content=\"image\/jpeg\" \/>\n<meta name=\"twitter:card\" content=\"summary_large_image\" \/>\n<meta name=\"twitter:label1\" content=\"Odhadovan\u00e1 doba \u010dten\u00ed\" \/>\n\t<meta name=\"twitter:data1\" content=\"1 minuta\" \/>\n<script type=\"application\/ld+json\" class=\"yoast-schema-graph\">{\"@context\":\"https:\/\/schema.org\",\"@graph\":[{\"@type\":\"WebSite\",\"@id\":\"https:\/\/anderskafka.cz\/eshop\/#website\",\"url\":\"https:\/\/anderskafka.cz\/eshop\/\",\"name\":\"Anders &amp; Kafka E-SHOP\",\"description\":\"Anders &amp; Kafka E-SHOP\",\"potentialAction\":[{\"@type\":\"SearchAction\",\"target\":{\"@type\":\"EntryPoint\",\"urlTemplate\":\"https:\/\/anderskafka.cz\/eshop\/?s={search_term_string}\"},\"query-input\":\"required name=search_term_string\"}],\"inLanguage\":\"cs\"},{\"@type\":\"ImageObject\",\"@id\":\"https:\/\/anderskafka.cz\/eshop\/produkt\/luin-living-luxusni-rucniky-osusky-pastelove-ruzove\/#primaryimage\",\"inLanguage\":\"cs\",\"url\":\"https:\/\/anderskafka.cz\/eshop\/wp-content\/uploads\/sites\/3\/2023\/12\/Dustyrose_towels_LuinLiving.jpg\",\"contentUrl\":\"https:\/\/anderskafka.cz\/eshop\/wp-content\/uploads\/sites\/3\/2023\/12\/Dustyrose_towels_LuinLiving.jpg\",\"width\":1920,\"height\":1282},{\"@type\":\"WebPage\",\"@id\":\"https:\/\/anderskafka.cz\/eshop\/produkt\/luin-living-luxusni-rucniky-osusky-pastelove-ruzove\/#webpage\",\"url\":\"https:\/\/anderskafka.cz\/eshop\/produkt\/luin-living-luxusni-rucniky-osusky-pastelove-ruzove\/\",\"name\":\"LUIN LIVING luxusn\u00ed ru\u010dn\u00edky \/ osu\u0161ky, pastelov\u011b r\u016f\u017eov\u00e9 - Anders &amp; Kafka E-SHOP\",\"isPartOf\":{\"@id\":\"https:\/\/anderskafka.cz\/eshop\/#website\"},\"primaryImageOfPage\":{\"@id\":\"https:\/\/anderskafka.cz\/eshop\/produkt\/luin-living-luxusni-rucniky-osusky-pastelove-ruzove\/#primaryimage\"},\"datePublished\":\"2023-12-05T21:01:24+00:00\",\"dateModified\":\"2026-01-29T08:11:19+00:00\",\"description\":\"V\u00edtejte v nov\u00e9 \u00e9\u0159e ru\u010dn\u00edk\u016f a osu\u0161ek! Kolekce ru\u010dn\u00edk\u016f Your Home \u2013 Your Spa je vyrobena z materi\u00e1lu \u00a0Signature vyvinut\u00e9ho z nejkvalitn\u011bj\u0161\u00ed bavlny, pro v\u00e1\u0161 ka\u017edodenn\u00ed po\u017eitek. Dokonale se hod\u00ed pro v\u00e1s, kte\u0159\u00ed m\u00e1te r\u00e1di sv\u00e9 ru\u010dn\u00edky luxusn\u011b ply\u0161ov\u00e9, m\u011bkk\u00e9 a vysoce sav\u00e9. \u00a0Certifikace Oeko-Tex zaru\u010duje, \u017ee p\u0159i v\u00fdrob\u011b nejsou pou\u017eity \u017e\u00e1dn\u00e9 \u0161kodliv\u00e9 l\u00e1tky. Luxusn\u00ed proveden\u00ed a modern\u00ed skandin\u00e1vsk\u00fd design si zamilujete na prvn\u00ed dotek! Finsk\u00e1 spole\u010dnost Luin Living si zakl\u00e1d\u00e1 na vysok\u00e9 kvalit\u011b a udr\u017eitelnosti sv\u00fdch v\u00fdrobk\u016f, kter\u00e9 V\u00e1m zp\u0159\u00edjemn\u00ed \u010das str\u00e1ven\u00fd v saun\u011b. Stejn\u011b tak je ocen\u00edte i p\u0159i ka\u017edodenn\u00edm no\u0161en\u00ed. &nbsp;\",\"breadcrumb\":{\"@id\":\"https:\/\/anderskafka.cz\/eshop\/produkt\/luin-living-luxusni-rucniky-osusky-pastelove-ruzove\/#breadcrumb\"},\"inLanguage\":\"cs\",\"potentialAction\":[{\"@type\":\"ReadAction\",\"target\":[\"https:\/\/anderskafka.cz\/eshop\/produkt\/luin-living-luxusni-rucniky-osusky-pastelove-ruzove\/\"]}]},{\"@type\":\"BreadcrumbList\",\"@id\":\"https:\/\/anderskafka.cz\/eshop\/produkt\/luin-living-luxusni-rucniky-osusky-pastelove-ruzove\/#breadcrumb\",\"itemListElement\":[{\"@type\":\"ListItem\",\"position\":1,\"name\":\"Obchod\",\"item\":\"https:\/\/anderskafka.cz\/eshop\/obchod\/\"},{\"@type\":\"ListItem\",\"position\":2,\"name\":\"LUIN LIVING luxusn\u00ed ru\u010dn\u00edky \/ osu\u0161ky, pastelov\u011b r\u016f\u017eov\u00e9\"}]}]}<\/script>\n<!-- \/ Yoast SEO plugin. -->","yoast_head_json":{"title":"LUIN LIVING luxusn\u00ed ru\u010dn\u00edky \/ osu\u0161ky, pastelov\u011b r\u016f\u017eov\u00e9 - Anders &amp; Kafka E-SHOP","description":"V\u00edtejte v nov\u00e9 \u00e9\u0159e ru\u010dn\u00edk\u016f a osu\u0161ek! Kolekce ru\u010dn\u00edk\u016f Your Home \u2013 Your Spa je vyrobena z materi\u00e1lu \u00a0Signature vyvinut\u00e9ho z nejkvalitn\u011bj\u0161\u00ed bavlny, pro v\u00e1\u0161 ka\u017edodenn\u00ed po\u017eitek. Dokonale se hod\u00ed pro v\u00e1s, kte\u0159\u00ed m\u00e1te r\u00e1di sv\u00e9 ru\u010dn\u00edky luxusn\u011b ply\u0161ov\u00e9, m\u011bkk\u00e9 a vysoce sav\u00e9. \u00a0Certifikace Oeko-Tex zaru\u010duje, \u017ee p\u0159i v\u00fdrob\u011b nejsou pou\u017eity \u017e\u00e1dn\u00e9 \u0161kodliv\u00e9 l\u00e1tky. Luxusn\u00ed proveden\u00ed a modern\u00ed skandin\u00e1vsk\u00fd design si zamilujete na prvn\u00ed dotek!  Finsk\u00e1 spole\u010dnost Luin Living si zakl\u00e1d\u00e1 na vysok\u00e9 kvalit\u011b a udr\u017eitelnosti sv\u00fdch v\u00fdrobk\u016f, kter\u00e9 V\u00e1m zp\u0159\u00edjemn\u00ed \u010das str\u00e1ven\u00fd v saun\u011b. Stejn\u011b tak je ocen\u00edte i p\u0159i ka\u017edodenn\u00edm no\u0161en\u00ed.   &nbsp;","robots":{"index":"index","follow":"follow","max-snippet":"max-snippet:-1","max-image-preview":"max-image-preview:large","max-video-preview":"max-video-preview:-1"},"canonical":"https:\/\/anderskafka.cz\/eshop\/produkt\/luin-living-luxusni-rucniky-osusky-pastelove-ruzove\/","og_locale":"cs_CZ","og_type":"article","og_title":"LUIN LIVING luxusn\u00ed ru\u010dn\u00edky \/ osu\u0161ky, pastelov\u011b r\u016f\u017eov\u00e9 - Anders &amp; Kafka E-SHOP","og_description":"V\u00edtejte v nov\u00e9 \u00e9\u0159e ru\u010dn\u00edk\u016f a osu\u0161ek! Kolekce ru\u010dn\u00edk\u016f Your Home \u2013 Your Spa je vyrobena z materi\u00e1lu \u00a0Signature vyvinut\u00e9ho z nejkvalitn\u011bj\u0161\u00ed bavlny, pro v\u00e1\u0161 ka\u017edodenn\u00ed po\u017eitek. Dokonale se hod\u00ed pro v\u00e1s, kte\u0159\u00ed m\u00e1te r\u00e1di sv\u00e9 ru\u010dn\u00edky luxusn\u011b ply\u0161ov\u00e9, m\u011bkk\u00e9 a vysoce sav\u00e9. \u00a0Certifikace Oeko-Tex zaru\u010duje, \u017ee p\u0159i v\u00fdrob\u011b nejsou pou\u017eity \u017e\u00e1dn\u00e9 \u0161kodliv\u00e9 l\u00e1tky. Luxusn\u00ed proveden\u00ed a modern\u00ed skandin\u00e1vsk\u00fd design si zamilujete na prvn\u00ed dotek!  Finsk\u00e1 spole\u010dnost Luin Living si zakl\u00e1d\u00e1 na vysok\u00e9 kvalit\u011b a udr\u017eitelnosti sv\u00fdch v\u00fdrobk\u016f, kter\u00e9 V\u00e1m zp\u0159\u00edjemn\u00ed \u010das str\u00e1ven\u00fd v saun\u011b. Stejn\u011b tak je ocen\u00edte i p\u0159i ka\u017edodenn\u00edm no\u0161en\u00ed.   &nbsp;","og_url":"https:\/\/anderskafka.cz\/eshop\/produkt\/luin-living-luxusni-rucniky-osusky-pastelove-ruzove\/","og_site_name":"Anders &amp; Kafka E-SHOP","article_modified_time":"2026-01-29T08:11:19+00:00","og_image":[{"width":1920,"height":1282,"url":"https:\/\/anderskafka.cz\/eshop\/wp-content\/uploads\/sites\/3\/2023\/12\/Dustyrose_towels_LuinLiving.jpg","type":"image\/jpeg"}],"twitter_card":"summary_large_image","twitter_misc":{"Odhadovan\u00e1 doba \u010dten\u00ed":"1 minuta"},"schema":{"@context":"https:\/\/schema.org","@graph":[{"@type":"WebSite","@id":"https:\/\/anderskafka.cz\/eshop\/#website","url":"https:\/\/anderskafka.cz\/eshop\/","name":"Anders &amp; Kafka E-SHOP","description":"Anders &amp; Kafka E-SHOP","potentialAction":[{"@type":"SearchAction","target":{"@type":"EntryPoint","urlTemplate":"https:\/\/anderskafka.cz\/eshop\/?s={search_term_string}"},"query-input":"required name=search_term_string"}],"inLanguage":"cs"},{"@type":"ImageObject","@id":"https:\/\/anderskafka.cz\/eshop\/produkt\/luin-living-luxusni-rucniky-osusky-pastelove-ruzove\/#primaryimage","inLanguage":"cs","url":"https:\/\/anderskafka.cz\/eshop\/wp-content\/uploads\/sites\/3\/2023\/12\/Dustyrose_towels_LuinLiving.jpg","contentUrl":"https:\/\/anderskafka.cz\/eshop\/wp-content\/uploads\/sites\/3\/2023\/12\/Dustyrose_towels_LuinLiving.jpg","width":1920,"height":1282},{"@type":"WebPage","@id":"https:\/\/anderskafka.cz\/eshop\/produkt\/luin-living-luxusni-rucniky-osusky-pastelove-ruzove\/#webpage","url":"https:\/\/anderskafka.cz\/eshop\/produkt\/luin-living-luxusni-rucniky-osusky-pastelove-ruzove\/","name":"LUIN LIVING luxusn\u00ed ru\u010dn\u00edky \/ osu\u0161ky, pastelov\u011b r\u016f\u017eov\u00e9 - Anders &amp; Kafka E-SHOP","isPartOf":{"@id":"https:\/\/anderskafka.cz\/eshop\/#website"},"primaryImageOfPage":{"@id":"https:\/\/anderskafka.cz\/eshop\/produkt\/luin-living-luxusni-rucniky-osusky-pastelove-ruzove\/#primaryimage"},"datePublished":"2023-12-05T21:01:24+00:00","dateModified":"2026-01-29T08:11:19+00:00","description":"V\u00edtejte v nov\u00e9 \u00e9\u0159e ru\u010dn\u00edk\u016f a osu\u0161ek! Kolekce ru\u010dn\u00edk\u016f Your Home \u2013 Your Spa je vyrobena z materi\u00e1lu \u00a0Signature vyvinut\u00e9ho z nejkvalitn\u011bj\u0161\u00ed bavlny, pro v\u00e1\u0161 ka\u017edodenn\u00ed po\u017eitek. Dokonale se hod\u00ed pro v\u00e1s, kte\u0159\u00ed m\u00e1te r\u00e1di sv\u00e9 ru\u010dn\u00edky luxusn\u011b ply\u0161ov\u00e9, m\u011bkk\u00e9 a vysoce sav\u00e9. \u00a0Certifikace Oeko-Tex zaru\u010duje, \u017ee p\u0159i v\u00fdrob\u011b nejsou pou\u017eity \u017e\u00e1dn\u00e9 \u0161kodliv\u00e9 l\u00e1tky. Luxusn\u00ed proveden\u00ed a modern\u00ed skandin\u00e1vsk\u00fd design si zamilujete na prvn\u00ed dotek! Finsk\u00e1 spole\u010dnost Luin Living si zakl\u00e1d\u00e1 na vysok\u00e9 kvalit\u011b a udr\u017eitelnosti sv\u00fdch v\u00fdrobk\u016f, kter\u00e9 V\u00e1m zp\u0159\u00edjemn\u00ed \u010das str\u00e1ven\u00fd v saun\u011b. Stejn\u011b tak je ocen\u00edte i p\u0159i ka\u017edodenn\u00edm no\u0161en\u00ed. &nbsp;","breadcrumb":{"@id":"https:\/\/anderskafka.cz\/eshop\/produkt\/luin-living-luxusni-rucniky-osusky-pastelove-ruzove\/#breadcrumb"},"inLanguage":"cs","potentialAction":[{"@type":"ReadAction","target":["https:\/\/anderskafka.cz\/eshop\/produkt\/luin-living-luxusni-rucniky-osusky-pastelove-ruzove\/"]}]},{"@type":"BreadcrumbList","@id":"https:\/\/anderskafka.cz\/eshop\/produkt\/luin-living-luxusni-rucniky-osusky-pastelove-ruzove\/#breadcrumb","itemListElement":[{"@type":"ListItem","position":1,"name":"Obchod","item":"https:\/\/anderskafka.cz\/eshop\/obchod\/"},{"@type":"ListItem","position":2,"name":"LUIN LIVING luxusn\u00ed ru\u010dn\u00edky \/ osu\u0161ky, pastelov\u011b r\u016f\u017eov\u00e9"}]}]}},"locations":[],"_links":{"self":[{"href":"https:\/\/anderskafka.cz\/eshop\/wp-json\/wp\/v2\/product\/5547"}],"collection":[{"href":"https:\/\/anderskafka.cz\/eshop\/wp-json\/wp\/v2\/product"}],"about":[{"href":"https:\/\/anderskafka.cz\/eshop\/wp-json\/wp\/v2\/types\/product"}],"replies":[{"embeddable":true,"href":"https:\/\/anderskafka.cz\/eshop\/wp-json\/wp\/v2\/comments?post=5547"}],"wp:featuredmedia":[{"embeddable":true,"href":"https:\/\/anderskafka.cz\/eshop\/wp-json\/wp\/v2\/media\/5556"}],"wp:attachment":[{"href":"https:\/\/anderskafka.cz\/eshop\/wp-json\/wp\/v2\/media?parent=5547"}],"wp:term":[{"taxonomy":"location","embeddable":true,"href":"https:\/\/anderskafka.cz\/eshop\/wp-json\/wp\/v2\/location?post=5547"},{"taxonomy":"product_cat","embeddable":true,"href":"https:\/\/anderskafka.cz\/eshop\/wp-json\/wp\/v2\/product_cat?post=5547"},{"taxonomy":"product_tag","embeddable":true,"href":"https:\/\/anderskafka.cz\/eshop\/wp-json\/wp\/v2\/product_tag?post=5547"}],"curies":[{"name":"wp","href":"https:\/\/api.w.org\/{rel}","templated":true}]}}