{"id":5672,"date":"2023-12-08T13:07:38","date_gmt":"2023-12-08T12:07:38","guid":{"rendered":"https:\/\/anderskafka.cz\/eshop\/?post_type=product&#038;p=5672"},"modified":"2025-11-25T20:23:54","modified_gmt":"2025-11-25T19:23:54","slug":"budfitter-shape-paket","status":"publish","type":"product","link":"https:\/\/anderskafka.cz\/eshop\/produkt\/budfitter-shape-paket\/","title":{"rendered":"BUDFITTER \u2013 shape paket \u2013 v\u00fdhodn\u00fd set"},"content":{"rendered":"<p>K\u00e1\u010f BUDFITTER ocen\u00edte p\u0159i ka\u017ed\u00e9m pou\u017eit\u00ed. Je lehk\u00e1, odoln\u00e1 a snadno ji p\u0159enesete na terasu, balkon a nebo kamkoliv na zahrad\u011b.<\/p>\n<p>Dvojit\u00fd pl\u00e1\u0161\u0165 zaji\u0161\u0165uje, \u017ee voda nikdy hluboce nezamrzne. V\u00edko chr\u00e1n\u00ed vodu a prodlu\u017euje jej\u00ed trvanlivost. Dvouvrstv\u00e9 v\u00edko je nov\u011b uvnit\u0159 nast\u0159\u00edk\u00e1no PUR p\u011bnou, co\u017e zaji\u0161\u0165uje lep\u0161\u00ed tepelnou izolaci a vy\u0161\u0161\u00ed pevnost. S vyu\u017eit\u00edm zav\u011b\u0161ovac\u00edch h\u00e1k\u016f slou\u017e\u00ed v\u00edko i jako ochrana a \u0161t\u00edt p\u0159ed nezvan\u00fdmi pohledy zven\u010d\u00ed. Sch\u016fdky v\u00e1m umo\u017en\u00ed snadn\u00fd vstup do chladn\u00e9 vody a vyu\u017eijete je i p\u0159i kondi\u010dn\u00edm cvi\u010den\u00ed. Ned\u00edlnou sou\u010d\u00e1st\u00ed je v\u00fdpustn\u00fd ventil, kter\u00fd lehce, pomoc\u00ed n\u00e1str\u010dn\u00e9 spojky, m\u016f\u017eete p\u0159ipojit na zahradn\u00ed hadici.<\/p>\n<p>BUDFITTER m\u00e1 vestav\u011bn\u00fd odoln\u00fd v\u00fdpustn\u00ed kohoutek, co\u017e v\u00e1m v\u017edy usnadn\u00ed v\u00fdm\u011bnu vody.<\/p>\n<h2>ZDRAVOTN\u00cd \u00da\u010cINKY<\/h2>\n<p>Pravideln\u00e9 otu\u017eov\u00e1n\u00ed prokazateln\u011b posiluje imunitu, zlep\u0161uje krevn\u00ed ob\u011bh, podporuje spalov\u00e1n\u00ed tuk\u016f a regeneraci. S t\u00edmto produktem dos\u00e1hnete vynikaj\u00edc\u00edho tr\u00e9ninku pro t\u011blo i mysl!<\/p>\n<h2>NEROZBITN\u00dd<\/h2>\n<p>Ochlazovac\u00ed k\u00e1\u010f BUDFITTER p\u0159edstavuje nekompromisn\u00ed spojen\u00ed elegance a odolnosti. Je navr\u017eena s d\u016frazem na nerozbitnost, pevnost a vysokou odolnost, co\u017e ji \u010din\u00ed ide\u00e1ln\u00edm partnerem pro ty, kte\u0159\u00ed o\u010dek\u00e1vaj\u00ed maxim\u00e1ln\u00ed v\u00fdkon v ka\u017ed\u00e9 situaci.<\/p>\n<p>S pevnou konstrukc\u00ed a odoln\u00fdmi materi\u00e1ly BUDFITTER zaru\u010duje dlouhou \u017eivotnost a bezprobl\u00e9mov\u00fd provoz. Je mimo\u0159\u00e1dn\u011b pevn\u00fd, odol\u00e1 n\u00e1rok\u016fm ka\u017edodenn\u00edho pou\u017e\u00edv\u00e1n\u00ed a z\u016fstane v perfektn\u00edm stavu i p\u0159i n\u00e1ro\u010dn\u00fdch podm\u00ednk\u00e1ch. Bezpe\u010dnost, spolehlivost a odolnost jsou kl\u00ed\u010dov\u00fdmi charakteristikami t\u00e9to k\u00e1d\u011b.<\/p>\n<h2>BEZPE\u010cNOST<\/h2>\n<p>Nebezpec\u030ci\u0301 utonuti\u0301. Neska\u0301kejte do ka\u0301de\u030c, ani se nepota\u0301pe\u030cjte.<br \/>\nZabran\u030cte pr\u030ci\u0301stupu de\u030cti\u0301 ke ka\u0301di bez dohledu dospe\u030cle\u0301 osoby.<br \/>\nNepouz\u030ci\u0301vejte v bli\u0301zkosti ka\u0301de\u030c elektricke\u0301 spotr\u030cebic\u030ce.<br \/>\nKa\u0301d\u030c nepouz\u030ci\u0301vejte pokud je bour\u030cka.<br \/>\nKa\u0301d\u030c nepouz\u030ci\u0301vejte po poz\u030citi\u0301 alkoholu nebo jiny\u0301ch omamny\u0301ch la\u0301tek.<br \/>\nDlouhodobe\u0301 ponor\u030ceni\u0301 do ka\u0301de\u030c mu\u030az\u030ce by\u0301t s\u030ckodlive\u0301 pro vas\u030ce zdravi\u0301.<br \/>\nCi\u0301ti\u0301te-li se ospale, unavene\u030c nebo nepohodlne\u030c, okamz\u030cite\u030c z ka\u0301de\u030c vystupte.<br \/>\nKa\u0301d\u030c neni\u0301 urc\u030cena pro pitnou vodu.<\/p>\n<p>Tato varova\u0301ni\u0301, instrukce a bezpec\u030cnostni\u0301 pokyny r\u030ces\u030ci\u0301 ne\u030cktera\u0301 be\u030cz\u030cna\u0301 rizika vodni\u0301 rekreace, ale nemohou pokry\u0301t vs\u030cechna rizika a nebezpec\u030ci\u0301 ve vs\u030cech pr\u030ci\u0301padech. Vz\u030cdy postupujte opatrne\u030c, pouz\u030ci\u0301vejte zdravy\u0301 rozum a spra\u0301vny\u0301 u\u0301sudek, kdyz\u030c prova\u0301di\u0301te jakoukoli vodni\u0301 aktivitu.<\/p>\n<h2>INSTALACE A U\u0301DRZ\u030cBA<\/h2>\n<p>Povrch pro instalaci musi\u0301 by\u0301t dodatec\u030cne\u030c rovny\u0301, pevny\u0301 a stabilni\u0301 a s dostatec\u030cne\u030c velkou nosnosti\u0301.<br \/>\nOkolni\u0301 prostor musi\u0301 by\u0301t prosty\u0301 nebezpec\u030cny\u0301ch pr\u030cedme\u030ctu\u030a a musi\u0301 umoz\u030cnit bezpec\u030cne\u0301 nastupova\u0301ni\u0301 a vystupova\u0301ni\u0301 z ka\u0301de\u030c.<br \/>\nZajiste\u030cte dostatec\u030cny\u0301 odtokovy\u0301 syste\u0301m kolem ka\u0301de\u030c pro pr\u030ci\u0301padne\u0301 pr\u030cetec\u030ceni\u0301 vody, s\u030cpli\u0301cha\u0301ni\u0301 a vypus\u030cte\u030cni\u0301.<br \/>\nPro c\u030cis\u030cte\u030cni\u0301 a u\u0301drz\u030cbu mu\u030az\u030cete pouz\u030ci\u0301t be\u030cz\u030cne\u030c dostupne\u0301 c\u030cisti\u0301ci\u0301 prostr\u030cedky, nikdy nepouz\u030ci\u0301vejte abrazivni\u0301 materia\u0301ly (napr\u030c. tekute\u0301 pi\u0301sky &#8230;..), ktere\u0301 by mohly pos\u030ckra\u0301bat c\u030ci pos\u030ckodit povrch.<br \/>\nIdea\u0301lni\u0301 pro u\u0301drz\u030cbu je pouz\u030citi\u0301 tlakove\u0301 vody (vapka). C\u030ciste\u030cni\u0301 doruc\u030cujeme prova\u0301de\u030ct c\u030cistou vodou a me\u030ckky\u0301m hadr\u030ci\u0301kem. Pro odmas\u030cte\u030cni\u0301 lze pouz\u030ci\u0301t trochu be\u030cz\u030cne\u0301ho my\u0301dla bez abrazivni\u0301ch c\u030ca\u0301stic.<br \/>\nNikdy do ka\u0301de\u030c nelijte vodu, jeji\u0301z\u030c teplota je vys\u030cs\u030ci\u0301 nez\u030c 45\u00b0C.<\/p>\n<p>Ochlazovaci\u0301 ka\u0301d\u030c BUDFITTER ma\u0301 jen minima\u0301lni\u0301 na\u0301roky na u\u0301drz\u030cbu. Je nutne\u0301 pru\u030abe\u030cz\u030cne\u030c odstran\u030covat ve\u030cts\u030ci\u0301 plovouci\u0301 nec\u030cistoty na hladine\u030c. Pr\u030ci ve\u030cts\u030ci\u0301m mnoz\u030cstvi\u0301 nec\u030cistot mu\u030az\u030ce doji\u0301t k zaneseni\u0301, zablokova\u0301ni\u0301 c\u030ci vzniku pru\u030asaku\u030a u vypous\u030cte\u030cci\u0301ho ventilu. Uz\u030civatel je povinen vypous\u030cte\u030cci\u0301 ventil pravidelne\u030c c\u030cistit.<\/p>\n<p>Ochlazovaci\u0301 ka\u0301d\u030c BUDFITTER neni\u0301 nijak vyhr\u030ci\u0301va\u0301na, proto du\u030asledne\u030c dbejte, aby voda v baze\u0301nu nikdy hluboce nezamrzla. V opac\u030cne\u0301m pr\u030ci\u0301pade\u030c mu\u030az\u030ce doji\u0301k k deformaci, nebo az\u030c k fata\u0301lni\u0301mu pos\u030ckozeni\u0301 skor\u030cepiny. Pro prevenci zamrznuti\u0301 doporuc\u030cuje vy\u0301robce u\u0301plne\u0301 vypus\u030cte\u030cni\u0301 ka\u0301de\u030c.<\/p>\n","protected":false},"excerpt":{"rendered":"<p>Speci\u00e1ln\u00ed paket pro ty, kte\u0159\u00ed cht\u011bj\u00ed za\u010d\u00edt s lehk\u00fdm cvi\u010den\u00edm spojen\u00fdm s otu\u017eov\u00e1n\u00edm.<\/p>\n<p>Paket obsahuje: budfitter k\u00e1\u010f, v\u00edko, dr\u017e\u00e1k v\u00edka, cvi\u010debn\u00ed step, kettlebell 6 kg, expand\u00e9r dlouh\u00fd a kr\u00e1tk\u00fd.<\/p>\n<p dir=\"ltr\">K\u00e1\u010f Je lehk\u00e1 a odoln\u00e1. Unese ji tak ka\u017ed\u00fd, ale nerozbije tak\u0159ka nikdo a nic. M\u016f\u017eete ji tak\u00e9 snadno p\u0159en\u00e1\u0161et nebo p\u0159ev\u00e1\u017eet. Z\u00e1rove\u0148 d\u00edky dvojit\u00e9mu pl\u00e1\u0161ti v\u00e1m skoro nikdy hluboce nezamrzne!<\/p>\n<p dir=\"ltr\">D\u00edky minimalistick\u00e9mu\u00a0designu\u00a0se hod\u00ed na ka\u017edou zahradu, terasu, chatu nebo h\u0159i\u0161t\u011b.<\/p>\n<p dir=\"ltr\">BUDFITTER je v\u00e1\u0161 sparing partner, kter\u00fd nikdy nezklame a v\u017edy pom\u016f\u017ee nastartovat t\u011blo i mysl, abyste byli lep\u0161\u00ed, odoln\u011bj\u0161\u00ed, siln\u011bj\u0161\u00ed.<\/p>\n<p dir=\"ltr\">S nadstandardn\u00ed 7-mi letou z\u00e1rukou.<\/p>\n<p>&nbsp;<\/p>\n<p>Vyrobeno v \u010cesk\u00e9 republice, pomoc\u00ed vlastn\u00edch technologi\u00ed s pou\u017eit\u00edm top materi\u00e1l\u016f \u0161etrn\u00fdch k p\u0159\u00edrod\u011b.<\/p>\n<p>&nbsp;<\/p>\n","protected":false},"featured_media":5673,"comment_status":"open","ping_status":"closed","template":"","meta":{"site-sidebar-layout":"default","site-content-layout":"default","ast-main-header-display":"","ast-hfb-above-header-display":"","ast-hfb-below-header-display":"","ast-hfb-mobile-header-display":"","site-post-title":"","ast-breadcrumbs-content":"","ast-featured-img":"","footer-sml-layout":"","theme-transparent-header-meta":"","adv-header-id-meta":"","stick-header-meta":"","header-above-stick-meta":"","header-main-stick-meta":"","header-below-stick-meta":""},"location":[],"product_cat":[1134],"product_tag":[1150],"yoast_head":"<!-- This site is optimized with the Yoast SEO plugin v18.5.1 - https:\/\/yoast.com\/wordpress\/plugins\/seo\/ -->\n<title>BUDFITTER \u2013 shape paket \u2013 v\u00fdhodn\u00fd set - Anders &amp; Kafka E-SHOP<\/title>\n<meta name=\"description\" content=\"Speci\u00e1ln\u00ed paket pro ty, kte\u0159\u00ed cht\u011bj\u00ed za\u010d\u00edt s lehk\u00fdm cvi\u010den\u00edm spojen\u00fdm s otu\u017eov\u00e1n\u00edm.  Paket obsahuje: budfitter k\u00e1\u010f, v\u00edko, dr\u017e\u00e1k v\u00edka, cvi\u010debn\u00ed step, kettlebell 6 kg, expand\u00e9r dlouh\u00fd a kr\u00e1tk\u00fd. K\u00e1\u010f Je lehk\u00e1 a odoln\u00e1. Unese ji tak ka\u017ed\u00fd, ale nerozbije tak\u0159ka nikdo a nic. M\u016f\u017eete ji tak\u00e9 snadno p\u0159en\u00e1\u0161et nebo p\u0159ev\u00e1\u017eet. Z\u00e1rove\u0148 d\u00edky dvojit\u00e9mu pl\u00e1\u0161ti v\u00e1m skoro nikdy hluboce nezamrzne! D\u00edky minimalistick\u00e9mu\u00a0designu\u00a0se hod\u00ed na ka\u017edou zahradu, terasu, chatu nebo h\u0159i\u0161t\u011b. BUDFITTER je v\u00e1\u0161 sparing partner, kter\u00fd nikdy nezklame a v\u017edy pom\u016f\u017ee nastartovat t\u011blo i mysl, abyste byli lep\u0161\u00ed, odoln\u011bj\u0161\u00ed, siln\u011bj\u0161\u00ed. S nadstandardn\u00ed 7-mi letou z\u00e1rukou. &nbsp;  Vyrobeno v \u010cesk\u00e9 republice, pomoc\u00ed vlastn\u00edch technologi\u00ed s pou\u017eit\u00edm top materi\u00e1l\u016f \u0161etrn\u00fdch k p\u0159\u00edrod\u011b.  &nbsp;\" \/>\n<meta name=\"robots\" content=\"index, follow, max-snippet:-1, max-image-preview:large, max-video-preview:-1\" \/>\n<link rel=\"canonical\" href=\"https:\/\/anderskafka.cz\/eshop\/produkt\/budfitter-shape-paket\/\" \/>\n<meta property=\"og:locale\" content=\"cs_CZ\" \/>\n<meta property=\"og:type\" content=\"article\" \/>\n<meta property=\"og:title\" content=\"BUDFITTER \u2013 shape paket \u2013 v\u00fdhodn\u00fd set - Anders &amp; Kafka E-SHOP\" \/>\n<meta property=\"og:description\" content=\"Speci\u00e1ln\u00ed paket pro ty, kte\u0159\u00ed cht\u011bj\u00ed za\u010d\u00edt s lehk\u00fdm cvi\u010den\u00edm spojen\u00fdm s otu\u017eov\u00e1n\u00edm.  Paket obsahuje: budfitter k\u00e1\u010f, v\u00edko, dr\u017e\u00e1k v\u00edka, cvi\u010debn\u00ed step, kettlebell 6 kg, expand\u00e9r dlouh\u00fd a kr\u00e1tk\u00fd. K\u00e1\u010f Je lehk\u00e1 a odoln\u00e1. Unese ji tak ka\u017ed\u00fd, ale nerozbije tak\u0159ka nikdo a nic. M\u016f\u017eete ji tak\u00e9 snadno p\u0159en\u00e1\u0161et nebo p\u0159ev\u00e1\u017eet. Z\u00e1rove\u0148 d\u00edky dvojit\u00e9mu pl\u00e1\u0161ti v\u00e1m skoro nikdy hluboce nezamrzne! D\u00edky minimalistick\u00e9mu\u00a0designu\u00a0se hod\u00ed na ka\u017edou zahradu, terasu, chatu nebo h\u0159i\u0161t\u011b. BUDFITTER je v\u00e1\u0161 sparing partner, kter\u00fd nikdy nezklame a v\u017edy pom\u016f\u017ee nastartovat t\u011blo i mysl, abyste byli lep\u0161\u00ed, odoln\u011bj\u0161\u00ed, siln\u011bj\u0161\u00ed. S nadstandardn\u00ed 7-mi letou z\u00e1rukou. &nbsp;  Vyrobeno v \u010cesk\u00e9 republice, pomoc\u00ed vlastn\u00edch technologi\u00ed s pou\u017eit\u00edm top materi\u00e1l\u016f \u0161etrn\u00fdch k p\u0159\u00edrod\u011b.  &nbsp;\" \/>\n<meta property=\"og:url\" content=\"https:\/\/anderskafka.cz\/eshop\/produkt\/budfitter-shape-paket\/\" \/>\n<meta property=\"og:site_name\" content=\"Anders &amp; Kafka E-SHOP\" \/>\n<meta property=\"article:modified_time\" content=\"2025-11-25T19:23:54+00:00\" \/>\n<meta property=\"og:image\" content=\"https:\/\/anderskafka.cz\/eshop\/wp-content\/uploads\/sites\/3\/2023\/12\/64-1-budfitter-shape-paket-2.jpeg\" \/>\n\t<meta property=\"og:image:width\" content=\"1024\" \/>\n\t<meta property=\"og:image:height\" content=\"768\" \/>\n\t<meta property=\"og:image:type\" content=\"image\/jpeg\" \/>\n<meta name=\"twitter:card\" content=\"summary_large_image\" \/>\n<meta name=\"twitter:label1\" content=\"Odhadovan\u00e1 doba \u010dten\u00ed\" \/>\n\t<meta name=\"twitter:data1\" content=\"3 minuty\" \/>\n<script type=\"application\/ld+json\" class=\"yoast-schema-graph\">{\"@context\":\"https:\/\/schema.org\",\"@graph\":[{\"@type\":\"WebSite\",\"@id\":\"https:\/\/anderskafka.cz\/eshop\/#website\",\"url\":\"https:\/\/anderskafka.cz\/eshop\/\",\"name\":\"Anders &amp; Kafka E-SHOP\",\"description\":\"Anders &amp; Kafka E-SHOP\",\"potentialAction\":[{\"@type\":\"SearchAction\",\"target\":{\"@type\":\"EntryPoint\",\"urlTemplate\":\"https:\/\/anderskafka.cz\/eshop\/?s={search_term_string}\"},\"query-input\":\"required name=search_term_string\"}],\"inLanguage\":\"cs\"},{\"@type\":\"ImageObject\",\"@id\":\"https:\/\/anderskafka.cz\/eshop\/produkt\/budfitter-shape-paket\/#primaryimage\",\"inLanguage\":\"cs\",\"url\":\"https:\/\/anderskafka.cz\/eshop\/wp-content\/uploads\/sites\/3\/2023\/12\/64-1-budfitter-shape-paket-2.jpeg\",\"contentUrl\":\"https:\/\/anderskafka.cz\/eshop\/wp-content\/uploads\/sites\/3\/2023\/12\/64-1-budfitter-shape-paket-2.jpeg\",\"width\":1024,\"height\":768},{\"@type\":\"WebPage\",\"@id\":\"https:\/\/anderskafka.cz\/eshop\/produkt\/budfitter-shape-paket\/#webpage\",\"url\":\"https:\/\/anderskafka.cz\/eshop\/produkt\/budfitter-shape-paket\/\",\"name\":\"BUDFITTER \u2013 shape paket \u2013 v\u00fdhodn\u00fd set - Anders &amp; Kafka E-SHOP\",\"isPartOf\":{\"@id\":\"https:\/\/anderskafka.cz\/eshop\/#website\"},\"primaryImageOfPage\":{\"@id\":\"https:\/\/anderskafka.cz\/eshop\/produkt\/budfitter-shape-paket\/#primaryimage\"},\"datePublished\":\"2023-12-08T12:07:38+00:00\",\"dateModified\":\"2025-11-25T19:23:54+00:00\",\"description\":\"Speci\u00e1ln\u00ed paket pro ty, kte\u0159\u00ed cht\u011bj\u00ed za\u010d\u00edt s lehk\u00fdm cvi\u010den\u00edm spojen\u00fdm s otu\u017eov\u00e1n\u00edm. Paket obsahuje: budfitter k\u00e1\u010f, v\u00edko, dr\u017e\u00e1k v\u00edka, cvi\u010debn\u00ed step, kettlebell 6 kg, expand\u00e9r dlouh\u00fd a kr\u00e1tk\u00fd. K\u00e1\u010f Je lehk\u00e1 a odoln\u00e1. Unese ji tak ka\u017ed\u00fd, ale nerozbije tak\u0159ka nikdo a nic. M\u016f\u017eete ji tak\u00e9 snadno p\u0159en\u00e1\u0161et nebo p\u0159ev\u00e1\u017eet. Z\u00e1rove\u0148 d\u00edky dvojit\u00e9mu pl\u00e1\u0161ti v\u00e1m skoro nikdy hluboce nezamrzne! D\u00edky minimalistick\u00e9mu\u00a0designu\u00a0se hod\u00ed na ka\u017edou zahradu, terasu, chatu nebo h\u0159i\u0161t\u011b. BUDFITTER je v\u00e1\u0161 sparing partner, kter\u00fd nikdy nezklame a v\u017edy pom\u016f\u017ee nastartovat t\u011blo i mysl, abyste byli lep\u0161\u00ed, odoln\u011bj\u0161\u00ed, siln\u011bj\u0161\u00ed. S nadstandardn\u00ed 7-mi letou z\u00e1rukou. &nbsp; Vyrobeno v \u010cesk\u00e9 republice, pomoc\u00ed vlastn\u00edch technologi\u00ed s pou\u017eit\u00edm top materi\u00e1l\u016f \u0161etrn\u00fdch k p\u0159\u00edrod\u011b. &nbsp;\",\"breadcrumb\":{\"@id\":\"https:\/\/anderskafka.cz\/eshop\/produkt\/budfitter-shape-paket\/#breadcrumb\"},\"inLanguage\":\"cs\",\"potentialAction\":[{\"@type\":\"ReadAction\",\"target\":[\"https:\/\/anderskafka.cz\/eshop\/produkt\/budfitter-shape-paket\/\"]}]},{\"@type\":\"BreadcrumbList\",\"@id\":\"https:\/\/anderskafka.cz\/eshop\/produkt\/budfitter-shape-paket\/#breadcrumb\",\"itemListElement\":[{\"@type\":\"ListItem\",\"position\":1,\"name\":\"Obchod\",\"item\":\"https:\/\/anderskafka.cz\/eshop\/obchod\/\"},{\"@type\":\"ListItem\",\"position\":2,\"name\":\"BUDFITTER \u2013 shape paket \u2013 v\u00fdhodn\u00fd set\"}]}]}<\/script>\n<!-- \/ Yoast SEO plugin. -->","yoast_head_json":{"title":"BUDFITTER \u2013 shape paket \u2013 v\u00fdhodn\u00fd set - Anders &amp; Kafka E-SHOP","description":"Speci\u00e1ln\u00ed paket pro ty, kte\u0159\u00ed cht\u011bj\u00ed za\u010d\u00edt s lehk\u00fdm cvi\u010den\u00edm spojen\u00fdm s otu\u017eov\u00e1n\u00edm.  Paket obsahuje: budfitter k\u00e1\u010f, v\u00edko, dr\u017e\u00e1k v\u00edka, cvi\u010debn\u00ed step, kettlebell 6 kg, expand\u00e9r dlouh\u00fd a kr\u00e1tk\u00fd. K\u00e1\u010f Je lehk\u00e1 a odoln\u00e1. Unese ji tak ka\u017ed\u00fd, ale nerozbije tak\u0159ka nikdo a nic. M\u016f\u017eete ji tak\u00e9 snadno p\u0159en\u00e1\u0161et nebo p\u0159ev\u00e1\u017eet. Z\u00e1rove\u0148 d\u00edky dvojit\u00e9mu pl\u00e1\u0161ti v\u00e1m skoro nikdy hluboce nezamrzne! D\u00edky minimalistick\u00e9mu\u00a0designu\u00a0se hod\u00ed na ka\u017edou zahradu, terasu, chatu nebo h\u0159i\u0161t\u011b. BUDFITTER je v\u00e1\u0161 sparing partner, kter\u00fd nikdy nezklame a v\u017edy pom\u016f\u017ee nastartovat t\u011blo i mysl, abyste byli lep\u0161\u00ed, odoln\u011bj\u0161\u00ed, siln\u011bj\u0161\u00ed. S nadstandardn\u00ed 7-mi letou z\u00e1rukou. &nbsp;  Vyrobeno v \u010cesk\u00e9 republice, pomoc\u00ed vlastn\u00edch technologi\u00ed s pou\u017eit\u00edm top materi\u00e1l\u016f \u0161etrn\u00fdch k p\u0159\u00edrod\u011b.  &nbsp;","robots":{"index":"index","follow":"follow","max-snippet":"max-snippet:-1","max-image-preview":"max-image-preview:large","max-video-preview":"max-video-preview:-1"},"canonical":"https:\/\/anderskafka.cz\/eshop\/produkt\/budfitter-shape-paket\/","og_locale":"cs_CZ","og_type":"article","og_title":"BUDFITTER \u2013 shape paket \u2013 v\u00fdhodn\u00fd set - Anders &amp; Kafka E-SHOP","og_description":"Speci\u00e1ln\u00ed paket pro ty, kte\u0159\u00ed cht\u011bj\u00ed za\u010d\u00edt s lehk\u00fdm cvi\u010den\u00edm spojen\u00fdm s otu\u017eov\u00e1n\u00edm.  Paket obsahuje: budfitter k\u00e1\u010f, v\u00edko, dr\u017e\u00e1k v\u00edka, cvi\u010debn\u00ed step, kettlebell 6 kg, expand\u00e9r dlouh\u00fd a kr\u00e1tk\u00fd. K\u00e1\u010f Je lehk\u00e1 a odoln\u00e1. Unese ji tak ka\u017ed\u00fd, ale nerozbije tak\u0159ka nikdo a nic. M\u016f\u017eete ji tak\u00e9 snadno p\u0159en\u00e1\u0161et nebo p\u0159ev\u00e1\u017eet. Z\u00e1rove\u0148 d\u00edky dvojit\u00e9mu pl\u00e1\u0161ti v\u00e1m skoro nikdy hluboce nezamrzne! D\u00edky minimalistick\u00e9mu\u00a0designu\u00a0se hod\u00ed na ka\u017edou zahradu, terasu, chatu nebo h\u0159i\u0161t\u011b. BUDFITTER je v\u00e1\u0161 sparing partner, kter\u00fd nikdy nezklame a v\u017edy pom\u016f\u017ee nastartovat t\u011blo i mysl, abyste byli lep\u0161\u00ed, odoln\u011bj\u0161\u00ed, siln\u011bj\u0161\u00ed. S nadstandardn\u00ed 7-mi letou z\u00e1rukou. &nbsp;  Vyrobeno v \u010cesk\u00e9 republice, pomoc\u00ed vlastn\u00edch technologi\u00ed s pou\u017eit\u00edm top materi\u00e1l\u016f \u0161etrn\u00fdch k p\u0159\u00edrod\u011b.  &nbsp;","og_url":"https:\/\/anderskafka.cz\/eshop\/produkt\/budfitter-shape-paket\/","og_site_name":"Anders &amp; Kafka E-SHOP","article_modified_time":"2025-11-25T19:23:54+00:00","og_image":[{"width":1024,"height":768,"url":"https:\/\/anderskafka.cz\/eshop\/wp-content\/uploads\/sites\/3\/2023\/12\/64-1-budfitter-shape-paket-2.jpeg","type":"image\/jpeg"}],"twitter_card":"summary_large_image","twitter_misc":{"Odhadovan\u00e1 doba \u010dten\u00ed":"3 minuty"},"schema":{"@context":"https:\/\/schema.org","@graph":[{"@type":"WebSite","@id":"https:\/\/anderskafka.cz\/eshop\/#website","url":"https:\/\/anderskafka.cz\/eshop\/","name":"Anders &amp; Kafka E-SHOP","description":"Anders &amp; Kafka E-SHOP","potentialAction":[{"@type":"SearchAction","target":{"@type":"EntryPoint","urlTemplate":"https:\/\/anderskafka.cz\/eshop\/?s={search_term_string}"},"query-input":"required name=search_term_string"}],"inLanguage":"cs"},{"@type":"ImageObject","@id":"https:\/\/anderskafka.cz\/eshop\/produkt\/budfitter-shape-paket\/#primaryimage","inLanguage":"cs","url":"https:\/\/anderskafka.cz\/eshop\/wp-content\/uploads\/sites\/3\/2023\/12\/64-1-budfitter-shape-paket-2.jpeg","contentUrl":"https:\/\/anderskafka.cz\/eshop\/wp-content\/uploads\/sites\/3\/2023\/12\/64-1-budfitter-shape-paket-2.jpeg","width":1024,"height":768},{"@type":"WebPage","@id":"https:\/\/anderskafka.cz\/eshop\/produkt\/budfitter-shape-paket\/#webpage","url":"https:\/\/anderskafka.cz\/eshop\/produkt\/budfitter-shape-paket\/","name":"BUDFITTER \u2013 shape paket \u2013 v\u00fdhodn\u00fd set - Anders &amp; Kafka E-SHOP","isPartOf":{"@id":"https:\/\/anderskafka.cz\/eshop\/#website"},"primaryImageOfPage":{"@id":"https:\/\/anderskafka.cz\/eshop\/produkt\/budfitter-shape-paket\/#primaryimage"},"datePublished":"2023-12-08T12:07:38+00:00","dateModified":"2025-11-25T19:23:54+00:00","description":"Speci\u00e1ln\u00ed paket pro ty, kte\u0159\u00ed cht\u011bj\u00ed za\u010d\u00edt s lehk\u00fdm cvi\u010den\u00edm spojen\u00fdm s otu\u017eov\u00e1n\u00edm. Paket obsahuje: budfitter k\u00e1\u010f, v\u00edko, dr\u017e\u00e1k v\u00edka, cvi\u010debn\u00ed step, kettlebell 6 kg, expand\u00e9r dlouh\u00fd a kr\u00e1tk\u00fd. K\u00e1\u010f Je lehk\u00e1 a odoln\u00e1. Unese ji tak ka\u017ed\u00fd, ale nerozbije tak\u0159ka nikdo a nic. M\u016f\u017eete ji tak\u00e9 snadno p\u0159en\u00e1\u0161et nebo p\u0159ev\u00e1\u017eet. Z\u00e1rove\u0148 d\u00edky dvojit\u00e9mu pl\u00e1\u0161ti v\u00e1m skoro nikdy hluboce nezamrzne! D\u00edky minimalistick\u00e9mu\u00a0designu\u00a0se hod\u00ed na ka\u017edou zahradu, terasu, chatu nebo h\u0159i\u0161t\u011b. BUDFITTER je v\u00e1\u0161 sparing partner, kter\u00fd nikdy nezklame a v\u017edy pom\u016f\u017ee nastartovat t\u011blo i mysl, abyste byli lep\u0161\u00ed, odoln\u011bj\u0161\u00ed, siln\u011bj\u0161\u00ed. S nadstandardn\u00ed 7-mi letou z\u00e1rukou. &nbsp; Vyrobeno v \u010cesk\u00e9 republice, pomoc\u00ed vlastn\u00edch technologi\u00ed s pou\u017eit\u00edm top materi\u00e1l\u016f \u0161etrn\u00fdch k p\u0159\u00edrod\u011b. &nbsp;","breadcrumb":{"@id":"https:\/\/anderskafka.cz\/eshop\/produkt\/budfitter-shape-paket\/#breadcrumb"},"inLanguage":"cs","potentialAction":[{"@type":"ReadAction","target":["https:\/\/anderskafka.cz\/eshop\/produkt\/budfitter-shape-paket\/"]}]},{"@type":"BreadcrumbList","@id":"https:\/\/anderskafka.cz\/eshop\/produkt\/budfitter-shape-paket\/#breadcrumb","itemListElement":[{"@type":"ListItem","position":1,"name":"Obchod","item":"https:\/\/anderskafka.cz\/eshop\/obchod\/"},{"@type":"ListItem","position":2,"name":"BUDFITTER \u2013 shape paket \u2013 v\u00fdhodn\u00fd set"}]}]}},"locations":[],"_links":{"self":[{"href":"https:\/\/anderskafka.cz\/eshop\/wp-json\/wp\/v2\/product\/5672"}],"collection":[{"href":"https:\/\/anderskafka.cz\/eshop\/wp-json\/wp\/v2\/product"}],"about":[{"href":"https:\/\/anderskafka.cz\/eshop\/wp-json\/wp\/v2\/types\/product"}],"replies":[{"embeddable":true,"href":"https:\/\/anderskafka.cz\/eshop\/wp-json\/wp\/v2\/comments?post=5672"}],"wp:featuredmedia":[{"embeddable":true,"href":"https:\/\/anderskafka.cz\/eshop\/wp-json\/wp\/v2\/media\/5673"}],"wp:attachment":[{"href":"https:\/\/anderskafka.cz\/eshop\/wp-json\/wp\/v2\/media?parent=5672"}],"wp:term":[{"taxonomy":"location","embeddable":true,"href":"https:\/\/anderskafka.cz\/eshop\/wp-json\/wp\/v2\/location?post=5672"},{"taxonomy":"product_cat","embeddable":true,"href":"https:\/\/anderskafka.cz\/eshop\/wp-json\/wp\/v2\/product_cat?post=5672"},{"taxonomy":"product_tag","embeddable":true,"href":"https:\/\/anderskafka.cz\/eshop\/wp-json\/wp\/v2\/product_tag?post=5672"}],"curies":[{"name":"wp","href":"https:\/\/api.w.org\/{rel}","templated":true}]}}