{"id":5746,"date":"2023-12-08T19:53:59","date_gmt":"2023-12-08T18:53:59","guid":{"rendered":"https:\/\/anderskafka.cz\/eshop\/?post_type=product&#038;p=5746"},"modified":"2024-12-05T09:42:21","modified_gmt":"2024-12-05T08:42:21","slug":"shokki-ochlazovaci-bazenek","status":"publish","type":"product","link":"https:\/\/anderskafka.cz\/eshop\/produkt\/shokki-ochlazovaci-bazenek\/","title":{"rendered":"SHOKKI \u2013 automatizovan\u00fd ochlazovac\u00ed baz\u00e9nek"},"content":{"rendered":"<p>Ochlazovac\u00ed baz\u00e9nek SHOKKI funguje spolehliv\u011b v <strong>nadzemn\u00ed i zapu\u0161t\u011bn\u00e9 instalaci<\/strong>. Prostorov\u011b je nen\u00e1ro\u010dn\u00fd, sta\u010d\u00ed mu voln\u00e9 m\u00edsto o rozm\u011brech cca 190 x 120 cm a p\u0159\u00edvod vody a elekt\u0159iny.<\/p>\n<p>Pl\u00e1nujete-li <strong>um\u00edstit baz\u00e9nek do interi\u00e9ru<\/strong>, nemus\u00edte se ob\u00e1vat, \u017ee byste kv\u016fli n\u011bmu museli zv\u011bt\u0161ovat pr\u016fchody ve dve\u0159\u00edch. Jeho instalace je snadn\u00e1 a lze ho upravit tak, aby pro\u0161el i standardn\u00edmi 80 cm dve\u0159mi.<\/p>\n<p>Integrovan\u00e9 sch\u016fdky maj\u00ed speci\u00e1ln\u00ed <strong>protiskluzovou \u00fapravu<\/strong>, umo\u017e\u0148uj\u00ed pohodln\u00fd a bezpe\u010dn\u00fd vstup i v\u00fdstup z baz\u00e9nku. P\u0159epadov\u00fd \u017el\u00e1bek spolehliv\u011b odv\u00e1d\u00ed ne\u010distoty z hladiny.<\/p>\n<p>Na rozd\u00edl od v\u011bt\u0161iny podobn\u00fdch baz\u00e9nk\u016f je SHOKKI vyroben \u00a0a\u017e z 12 vrstev vysoce kvalitn\u00edho monolitick\u00e9ho kompozitn\u00edho materi\u00e1lu. Vyb\u00edrat m\u016f\u017eete z 6<strong> granitov\u00fdch barev sko\u0159epiny a 4 barev termokrytu<\/strong>.<\/p>\n<p>Optim\u00e1ln\u00ed voda pro ochlazen\u00ed m\u00e1 8 a\u017e 12 \u00b0C. Pro pou\u017eit\u00ed u venkovn\u00edch saun je mo\u017en\u00e9 spolu s baz\u00e9nkem instalovat elektronickou ochranu proti zamrznut\u00ed s oh\u0159evem vody.<\/p>\n<p>Abyste se nemuseli starat o dopou\u0161t\u011bn\u00ed vody b\u011bhem hork\u00e9ho l\u00e9ta, je baz\u00e9nek SHOKKI vybaven kompletn\u00ed <strong>automatikou pro napou\u0161t\u011bn\u00ed i obm\u011bnu vody<\/strong> a dok\u00e1\u017ee s\u00e1m hl\u00eddat ide\u00e1ln\u00ed v\u00fd\u0161ku hladiny.<\/p>\n<p>St\u00e1lou teplotu vody zajist\u00ed <strong>termoregula\u010dn\u00ed kryt<\/strong>.<\/p>\n<h3>SPECIFIKACE:<\/h3>\n<p>Rozm\u011br: 120 x 190 x 120 cm<\/p>\n<p>Sko\u0159epina: monolitick\u00e1 kompozitov\u00e1, mo\u017enost v\u00fdb\u011bru z 6 barev<\/p>\n<ul>\n<li><strong>Objem vody:<\/strong> 930 litr\u016f<\/li>\n<li><strong>Hmotnost baz\u00e9nku:<\/strong> 85-151 kg dle varianty<\/li>\n<li><strong>Osv\u011btlen\u00ed:<\/strong>\u00a0 barevn\u00e9 RGB LED<\/li>\n<li><strong>V\u00fdbava na p\u0159\u00e1n\u00ed:<\/strong> nosn\u00fd pozinkovan\u00fd r\u00e1m, armatury v\u00fdpusti a p\u0159epadu, termokryt, p\u00edskov\u00e1 filtrace, nerezov\u00e9 madlo, nerezov\u00e9 schody, elektronick\u00e1 ochrana proti zamrznut\u00ed v\u010detn\u011b oh\u0159evu vody<\/li>\n<\/ul>\n<h3>KOMER\u010cN\u00cd \u00a0INSTALACE<\/h3>\n<p>Ochlazovac\u00ed baz\u00e9nek mus\u00ed spl\u0148ovat podm\u00ednky dle vyhl\u00e1\u0161ky \u010d. 97\/2014 Sb. (Vyhl\u00e1\u0161ka, kterou se m\u011bn\u00ed vyl\u00e1\u0161ka \u010d. 238\/2011 Sb., o stanoven\u00ed hygienick\u00fdch po\u017eadavk\u016f na koupali\u0161t\u011b, sauny a hygienick\u00e9 limity p\u00edsku v p\u00edskovi\u0161t\u00edch venkovn\u00edch hrac\u00edch ploch<\/p>\n<p>Voda v baz\u00e9nu nebo voda ke sprchov\u00e1n\u00ed v ochlazovn\u011b mus\u00ed odpov\u00eddat po\u017eadavk\u016fm stanoven\u00fdm pro baz\u00e9novou vodu v um\u011bl\u00fdch koupali\u0161t\u00edch s v\u00fdjimkou teploty a mus\u00ed plnit ochlazovac\u00ed efekt. Chemick\u00fd a mikrobiologick\u00fd rozbor vody se prov\u00e1d\u00ed jednou za m\u011bs\u00edc v rozsahu stanoven\u00e9m v p\u0159\u00edloze \u010d. 8 k t\u00e9to vyhl\u00e1\u0161ce.<\/p>\n<p><strong>Chemick\u00e9 vy\u0161et\u0159en\u00ed, s v\u00fdjimkou stanoven\u00ed obsahu voln\u00e9ho chloru u baz\u00e9n\u016f vybaven\u00fdch dezinfek\u010dn\u00edm za\u0159\u00edzen\u00edm, nen\u00ed nutn\u00e9 prov\u00e1d\u011bt v p\u0159\u00edpad\u011b baz\u00e9n\u016f, v nich\u017e je voda neust\u00e1le a \u00fam\u011brn\u011b n\u00e1v\u0161t\u011bvnosti denn\u011b obm\u011b\u0148ov\u00e1na pitnou vodou, a to minim\u00e1ln\u011b 30 l na jednoho n\u00e1v\u0161t\u011bvn\u00edka sauny, a kter\u00e9 jsou denn\u011b \u010di\u0161t\u011bny a nov\u011b napl\u0148ov\u00e1ny.<\/strong><\/p>\n<p><strong>Cena dopravy<\/strong> \u00a0bude stanovena na z\u00e1klad\u011b vzd\u00e1lenosti\u00a0 z Miro\u0161ovic do m\u00edsta mont\u00e1\u017ee. Kontaktujte n\u00e1s na emailu eshop@anderskafka.cz nebo na tlf. \u010d\u00edsle\u00a0 777 308 585.<\/p>\n","protected":false},"excerpt":{"rendered":"<p>Kompaktn\u00ed, automatizovan\u00fd ochlazovac\u00ed baz\u00e9nek\u00a0SHOKKI ocen\u00edte po saunov\u00e1n\u00ed venku i vevnit\u0159. Pohodln\u011b projde i 80cm dve\u0159mi, zvolit m\u016f\u017eete <strong>nadzemn\u00ed<\/strong> i <strong>zapu\u0161t\u011bnou instalaci.<\/strong> Na obavy z prot\u00e9k\u00e1n\u00ed zapome\u0148te \u2013 odoln\u00fd kompozitov\u00fd materi\u00e1l vani\u010dky toho vydr\u017e\u00ed opravdu hodn\u011b. Sch\u016fdky s protiskluzovou \u00fapravou zase zajist\u00ed bezpe\u010dn\u00fd vstup i v\u00fdstup. Baz\u00e9nek dod\u00e1v\u00e1me od samotn\u00e9ho skeletu po kompletn\u00ed \u0159e\u0161en\u00ed v\u010detn\u011b instalace.<\/p>\n<p>&nbsp;<\/p>\n<p>Vyberte si z <strong>6 granitov\u00fdch barev<\/strong> a dopl\u0148te SHOKKI p\u016fsobiv\u00fdm <strong>LED osv\u011btlen\u00edm<\/strong>, <strong>elektronick\u00fdm syst\u00e9mem pro napou\u0161t\u011bn\u00ed<\/strong>, <strong>vypou\u0161t\u011bn\u00ed i obm\u011bnu<\/strong> vody nebo <strong>termoizola\u010dn\u00edm krytem<\/strong>, kter\u00fd zajist\u00ed ide\u00e1ln\u00ed teplotu a z\u00e1rove\u0148 zabr\u00e1n\u00ed zamrznut\u00ed v p\u0159\u00edpad\u011b venkovn\u00ed instalace.<\/p>\n<p>&nbsp;<\/p>\n<table border=\"0\" width=\"573\" cellspacing=\"0\" cellpadding=\"0\">\n<colgroup>\n<col width=\"225\" \/>\n<col span=\"4\" width=\"87\" \/><\/colgroup>\n<tbody>\n<tr>\n<td class=\"xl63\" width=\"225\" height=\"21\"><strong>V\u00fdbava\/Varianta<\/strong><\/td>\n<td class=\"xl64\" width=\"87\">B<\/td>\n<td class=\"xl64\" width=\"87\"><strong>BF<\/strong><\/td>\n<td class=\"xl64\" width=\"87\"><strong>BFL<\/strong><\/td>\n<td class=\"xl64\" width=\"87\"><strong>BFLE<\/strong><\/td>\n<\/tr>\n<tr>\n<td class=\"xl66\" height=\"21\">PP-E sko\u0159epina<\/td>\n<td class=\"xl65\">ANO<\/td>\n<td class=\"xl65\">ANO<\/td>\n<td class=\"xl65\">ANO<\/td>\n<td class=\"xl65\">ANO<\/td>\n<\/tr>\n<tr>\n<td class=\"xl66\" height=\"21\">Ocelov\u00fd r\u00e1m<\/td>\n<td class=\"xl65\">NE<\/td>\n<td class=\"xl65\">ANO<\/td>\n<td class=\"xl65\">ANO<\/td>\n<td class=\"xl65\">ANO<\/td>\n<\/tr>\n<tr>\n<td class=\"xl66\" height=\"21\">Pur izolace sko\u0159epiny<\/td>\n<td class=\"xl65\">NE<\/td>\n<td class=\"xl65\">ANO<\/td>\n<td class=\"xl65\">ANO<\/td>\n<td class=\"xl65\">ANO<\/td>\n<\/tr>\n<tr>\n<td class=\"xl66\" height=\"21\">Areta\u010dn\u00ed no\u017eky<\/td>\n<td class=\"xl65\">NE<\/td>\n<td class=\"xl65\">ANO<\/td>\n<td class=\"xl65\">ANO<\/td>\n<td class=\"xl65\">ANO<\/td>\n<\/tr>\n<tr>\n<td class=\"xl66\" height=\"21\">Napou\u0161t\u011bc\u00ed tryska<\/td>\n<td class=\"xl65\">NE<\/td>\n<td class=\"xl65\">ANO<\/td>\n<td class=\"xl65\">ANO<\/td>\n<td class=\"xl65\">ANO<\/td>\n<\/tr>\n<tr>\n<td class=\"xl66\" height=\"21\">P\u0159epadov\u00e1 v\u00fdpus\u0165<\/td>\n<td class=\"xl65\">NE<\/td>\n<td class=\"xl65\">ANO<\/td>\n<td class=\"xl65\">ANO<\/td>\n<td class=\"xl65\">ANO<\/td>\n<\/tr>\n<tr>\n<td class=\"xl66\" height=\"21\">Dnov\u00e1 v\u00fdpus\u0165 50 mm<\/td>\n<td class=\"xl65\">NE<\/td>\n<td class=\"xl65\">ANO<\/td>\n<td class=\"xl65\">ANO<\/td>\n<td class=\"xl65\">ANO<\/td>\n<\/tr>\n<tr>\n<td class=\"xl66\" height=\"21\">LED RGB osv\u011btlen\u00ed<\/td>\n<td class=\"xl65\">NE<\/td>\n<td class=\"xl65\">NE<\/td>\n<td class=\"xl65\">ANO<\/td>\n<td class=\"xl65\">ANO<\/td>\n<\/tr>\n<tr>\n<td class=\"xl66\" height=\"21\">Automatick\u00fd syst\u00e9m v\u00fdm\u011bny vody<\/td>\n<td class=\"xl65\">NE<\/td>\n<td class=\"xl65\">NE<\/td>\n<td class=\"xl65\">NE<\/td>\n<td class=\"xl65\">ANO<\/td>\n<\/tr>\n<\/tbody>\n<\/table>\n<p><strong>Vyrobeno v \u010cesk\u00e9 republice<\/strong>, pomoc\u00ed vlastn\u00edch technologi\u00ed s pou\u017eit\u00edm top materi\u00e1l\u016f \u0161etrn\u00fdch k p\u0159\u00edrod\u011b.<\/p>\n","protected":false},"featured_media":7773,"comment_status":"open","ping_status":"closed","template":"","meta":{"site-sidebar-layout":"default","site-content-layout":"default","ast-main-header-display":"","ast-hfb-above-header-display":"","ast-hfb-below-header-display":"","ast-hfb-mobile-header-display":"","site-post-title":"","ast-breadcrumbs-content":"","ast-featured-img":"","footer-sml-layout":"","theme-transparent-header-meta":"","adv-header-id-meta":"","stick-header-meta":"","header-above-stick-meta":"","header-main-stick-meta":"","header-below-stick-meta":""},"location":[],"product_cat":[1134],"product_tag":[1150],"yoast_head":"<!-- This site is optimized with the Yoast SEO plugin v18.5.1 - https:\/\/yoast.com\/wordpress\/plugins\/seo\/ -->\n<title>SHOKKI \u2013 automatizovan\u00fd ochlazovac\u00ed baz\u00e9nek - Anders &amp; Kafka E-SHOP<\/title>\n<meta name=\"description\" content=\"Kompaktn\u00ed, automatizovan\u00fd ochlazovac\u00ed baz\u00e9nek\u00a0SHOKKI ocen\u00edte po saunov\u00e1n\u00ed venku i vevnit\u0159. Pohodln\u011b projde i 80cm dve\u0159mi, zvolit m\u016f\u017eete nadzemn\u00ed i zapu\u0161t\u011bnou instalaci. Na obavy z prot\u00e9k\u00e1n\u00ed zapome\u0148te \u2013 odoln\u00fd kompozitov\u00fd materi\u00e1l vani\u010dky toho vydr\u017e\u00ed opravdu hodn\u011b. Sch\u016fdky s protiskluzovou \u00fapravou zase zajist\u00ed bezpe\u010dn\u00fd vstup i v\u00fdstup. Baz\u00e9nek dod\u00e1v\u00e1me od samotn\u00e9ho skeletu po kompletn\u00ed \u0159e\u0161en\u00ed v\u010detn\u011b instalace.  &nbsp;  Vyberte si z 6 granitov\u00fdch barev a dopl\u0148te SHOKKI p\u016fsobiv\u00fdm LED osv\u011btlen\u00edm, elektronick\u00fdm syst\u00e9mem pro napou\u0161t\u011bn\u00ed, vypou\u0161t\u011bn\u00ed i obm\u011bnu vody nebo termoizola\u010dn\u00edm krytem, kter\u00fd zajist\u00ed ide\u00e1ln\u00ed teplotu a z\u00e1rove\u0148 zabr\u00e1n\u00ed zamrznut\u00ed v p\u0159\u00edpad\u011b venkovn\u00ed instalace.  &nbsp;     V\u00fdbava\/Varianta B BF BFL BFLE   PP-E sko\u0159epina ANO ANO ANO ANO   Ocelov\u00fd r\u00e1m NE ANO ANO ANO   Pur izolace sko\u0159epiny NE ANO ANO ANO   Areta\u010dn\u00ed no\u017eky NE ANO ANO ANO   Napou\u0161t\u011bc\u00ed tryska NE ANO ANO ANO   P\u0159epadov\u00e1 v\u00fdpus\u0165 NE ANO ANO ANO   Dnov\u00e1 v\u00fdpus\u0165 50 mm NE ANO ANO ANO   LED RGB osv\u011btlen\u00ed NE NE ANO ANO   Automatick\u00fd syst\u00e9m v\u00fdm\u011bny vody NE NE NE ANO    Vyrobeno v \u010cesk\u00e9 republice, pomoc\u00ed vlastn\u00edch technologi\u00ed s pou\u017eit\u00edm top materi\u00e1l\u016f \u0161etrn\u00fdch k p\u0159\u00edrod\u011b.\" \/>\n<meta name=\"robots\" content=\"index, follow, max-snippet:-1, max-image-preview:large, max-video-preview:-1\" \/>\n<link rel=\"canonical\" href=\"https:\/\/anderskafka.cz\/eshop\/produkt\/shokki-ochlazovaci-bazenek\/\" \/>\n<meta property=\"og:locale\" content=\"cs_CZ\" \/>\n<meta property=\"og:type\" content=\"article\" \/>\n<meta property=\"og:title\" content=\"SHOKKI \u2013 automatizovan\u00fd ochlazovac\u00ed baz\u00e9nek - Anders &amp; Kafka E-SHOP\" \/>\n<meta property=\"og:description\" content=\"Kompaktn\u00ed, automatizovan\u00fd ochlazovac\u00ed baz\u00e9nek\u00a0SHOKKI ocen\u00edte po saunov\u00e1n\u00ed venku i vevnit\u0159. Pohodln\u011b projde i 80cm dve\u0159mi, zvolit m\u016f\u017eete nadzemn\u00ed i zapu\u0161t\u011bnou instalaci. Na obavy z prot\u00e9k\u00e1n\u00ed zapome\u0148te \u2013 odoln\u00fd kompozitov\u00fd materi\u00e1l vani\u010dky toho vydr\u017e\u00ed opravdu hodn\u011b. Sch\u016fdky s protiskluzovou \u00fapravou zase zajist\u00ed bezpe\u010dn\u00fd vstup i v\u00fdstup. Baz\u00e9nek dod\u00e1v\u00e1me od samotn\u00e9ho skeletu po kompletn\u00ed \u0159e\u0161en\u00ed v\u010detn\u011b instalace.  &nbsp;  Vyberte si z 6 granitov\u00fdch barev a dopl\u0148te SHOKKI p\u016fsobiv\u00fdm LED osv\u011btlen\u00edm, elektronick\u00fdm syst\u00e9mem pro napou\u0161t\u011bn\u00ed, vypou\u0161t\u011bn\u00ed i obm\u011bnu vody nebo termoizola\u010dn\u00edm krytem, kter\u00fd zajist\u00ed ide\u00e1ln\u00ed teplotu a z\u00e1rove\u0148 zabr\u00e1n\u00ed zamrznut\u00ed v p\u0159\u00edpad\u011b venkovn\u00ed instalace.  &nbsp;     V\u00fdbava\/Varianta B BF BFL BFLE   PP-E sko\u0159epina ANO ANO ANO ANO   Ocelov\u00fd r\u00e1m NE ANO ANO ANO   Pur izolace sko\u0159epiny NE ANO ANO ANO   Areta\u010dn\u00ed no\u017eky NE ANO ANO ANO   Napou\u0161t\u011bc\u00ed tryska NE ANO ANO ANO   P\u0159epadov\u00e1 v\u00fdpus\u0165 NE ANO ANO ANO   Dnov\u00e1 v\u00fdpus\u0165 50 mm NE ANO ANO ANO   LED RGB osv\u011btlen\u00ed NE NE ANO ANO   Automatick\u00fd syst\u00e9m v\u00fdm\u011bny vody NE NE NE ANO    Vyrobeno v \u010cesk\u00e9 republice, pomoc\u00ed vlastn\u00edch technologi\u00ed s pou\u017eit\u00edm top materi\u00e1l\u016f \u0161etrn\u00fdch k p\u0159\u00edrod\u011b.\" \/>\n<meta property=\"og:url\" content=\"https:\/\/anderskafka.cz\/eshop\/produkt\/shokki-ochlazovaci-bazenek\/\" \/>\n<meta property=\"og:site_name\" content=\"Anders &amp; Kafka E-SHOP\" \/>\n<meta property=\"article:modified_time\" content=\"2024-12-05T08:42:21+00:00\" \/>\n<meta property=\"og:image\" content=\"https:\/\/anderskafka.cz\/eshop\/wp-content\/uploads\/sites\/3\/2023\/12\/ochlazovacibazenekshokki5-topaz-enhance-1000h.jpg\" \/>\n\t<meta property=\"og:image:width\" content=\"1000\" \/>\n\t<meta property=\"og:image:height\" content=\"1000\" \/>\n\t<meta property=\"og:image:type\" content=\"image\/jpeg\" \/>\n<meta name=\"twitter:card\" content=\"summary_large_image\" \/>\n<meta name=\"twitter:label1\" content=\"Odhadovan\u00e1 doba \u010dten\u00ed\" \/>\n\t<meta name=\"twitter:data1\" content=\"3 minuty\" \/>\n<script type=\"application\/ld+json\" class=\"yoast-schema-graph\">{\"@context\":\"https:\/\/schema.org\",\"@graph\":[{\"@type\":\"WebSite\",\"@id\":\"https:\/\/anderskafka.cz\/eshop\/#website\",\"url\":\"https:\/\/anderskafka.cz\/eshop\/\",\"name\":\"Anders &amp; Kafka E-SHOP\",\"description\":\"Anders &amp; Kafka E-SHOP\",\"potentialAction\":[{\"@type\":\"SearchAction\",\"target\":{\"@type\":\"EntryPoint\",\"urlTemplate\":\"https:\/\/anderskafka.cz\/eshop\/?s={search_term_string}\"},\"query-input\":\"required name=search_term_string\"}],\"inLanguage\":\"cs\"},{\"@type\":\"ImageObject\",\"@id\":\"https:\/\/anderskafka.cz\/eshop\/produkt\/shokki-ochlazovaci-bazenek\/#primaryimage\",\"inLanguage\":\"cs\",\"url\":\"https:\/\/anderskafka.cz\/eshop\/wp-content\/uploads\/sites\/3\/2023\/12\/ochlazovacibazenekshokki5-topaz-enhance-1000h.jpg\",\"contentUrl\":\"https:\/\/anderskafka.cz\/eshop\/wp-content\/uploads\/sites\/3\/2023\/12\/ochlazovacibazenekshokki5-topaz-enhance-1000h.jpg\",\"width\":1000,\"height\":1000},{\"@type\":\"WebPage\",\"@id\":\"https:\/\/anderskafka.cz\/eshop\/produkt\/shokki-ochlazovaci-bazenek\/#webpage\",\"url\":\"https:\/\/anderskafka.cz\/eshop\/produkt\/shokki-ochlazovaci-bazenek\/\",\"name\":\"SHOKKI \u2013 automatizovan\u00fd ochlazovac\u00ed baz\u00e9nek - Anders &amp; Kafka E-SHOP\",\"isPartOf\":{\"@id\":\"https:\/\/anderskafka.cz\/eshop\/#website\"},\"primaryImageOfPage\":{\"@id\":\"https:\/\/anderskafka.cz\/eshop\/produkt\/shokki-ochlazovaci-bazenek\/#primaryimage\"},\"datePublished\":\"2023-12-08T18:53:59+00:00\",\"dateModified\":\"2024-12-05T08:42:21+00:00\",\"description\":\"Kompaktn\u00ed, automatizovan\u00fd ochlazovac\u00ed baz\u00e9nek\u00a0SHOKKI ocen\u00edte po saunov\u00e1n\u00ed venku i vevnit\u0159. Pohodln\u011b projde i 80cm dve\u0159mi, zvolit m\u016f\u017eete nadzemn\u00ed i zapu\u0161t\u011bnou instalaci. Na obavy z prot\u00e9k\u00e1n\u00ed zapome\u0148te \u2013 odoln\u00fd kompozitov\u00fd materi\u00e1l vani\u010dky toho vydr\u017e\u00ed opravdu hodn\u011b. Sch\u016fdky s protiskluzovou \u00fapravou zase zajist\u00ed bezpe\u010dn\u00fd vstup i v\u00fdstup. Baz\u00e9nek dod\u00e1v\u00e1me od samotn\u00e9ho skeletu po kompletn\u00ed \u0159e\u0161en\u00ed v\u010detn\u011b instalace. &nbsp; Vyberte si z 6 granitov\u00fdch barev a dopl\u0148te SHOKKI p\u016fsobiv\u00fdm LED osv\u011btlen\u00edm, elektronick\u00fdm syst\u00e9mem pro napou\u0161t\u011bn\u00ed, vypou\u0161t\u011bn\u00ed i obm\u011bnu vody nebo termoizola\u010dn\u00edm krytem, kter\u00fd zajist\u00ed ide\u00e1ln\u00ed teplotu a z\u00e1rove\u0148 zabr\u00e1n\u00ed zamrznut\u00ed v p\u0159\u00edpad\u011b venkovn\u00ed instalace. &nbsp; V\u00fdbava\/Varianta B BF BFL BFLE PP-E sko\u0159epina ANO ANO ANO ANO Ocelov\u00fd r\u00e1m NE ANO ANO ANO Pur izolace sko\u0159epiny NE ANO ANO ANO Areta\u010dn\u00ed no\u017eky NE ANO ANO ANO Napou\u0161t\u011bc\u00ed tryska NE ANO ANO ANO P\u0159epadov\u00e1 v\u00fdpus\u0165 NE ANO ANO ANO Dnov\u00e1 v\u00fdpus\u0165 50 mm NE ANO ANO ANO LED RGB osv\u011btlen\u00ed NE NE ANO ANO Automatick\u00fd syst\u00e9m v\u00fdm\u011bny vody NE NE NE ANO Vyrobeno v \u010cesk\u00e9 republice, pomoc\u00ed vlastn\u00edch technologi\u00ed s pou\u017eit\u00edm top materi\u00e1l\u016f \u0161etrn\u00fdch k p\u0159\u00edrod\u011b.\",\"breadcrumb\":{\"@id\":\"https:\/\/anderskafka.cz\/eshop\/produkt\/shokki-ochlazovaci-bazenek\/#breadcrumb\"},\"inLanguage\":\"cs\",\"potentialAction\":[{\"@type\":\"ReadAction\",\"target\":[\"https:\/\/anderskafka.cz\/eshop\/produkt\/shokki-ochlazovaci-bazenek\/\"]}]},{\"@type\":\"BreadcrumbList\",\"@id\":\"https:\/\/anderskafka.cz\/eshop\/produkt\/shokki-ochlazovaci-bazenek\/#breadcrumb\",\"itemListElement\":[{\"@type\":\"ListItem\",\"position\":1,\"name\":\"Obchod\",\"item\":\"https:\/\/anderskafka.cz\/eshop\/obchod\/\"},{\"@type\":\"ListItem\",\"position\":2,\"name\":\"SHOKKI \u2013 automatizovan\u00fd ochlazovac\u00ed baz\u00e9nek\"}]}]}<\/script>\n<!-- \/ Yoast SEO plugin. -->","yoast_head_json":{"title":"SHOKKI \u2013 automatizovan\u00fd ochlazovac\u00ed baz\u00e9nek - Anders &amp; Kafka E-SHOP","description":"Kompaktn\u00ed, automatizovan\u00fd ochlazovac\u00ed baz\u00e9nek\u00a0SHOKKI ocen\u00edte po saunov\u00e1n\u00ed venku i vevnit\u0159. Pohodln\u011b projde i 80cm dve\u0159mi, zvolit m\u016f\u017eete nadzemn\u00ed i zapu\u0161t\u011bnou instalaci. Na obavy z prot\u00e9k\u00e1n\u00ed zapome\u0148te \u2013 odoln\u00fd kompozitov\u00fd materi\u00e1l vani\u010dky toho vydr\u017e\u00ed opravdu hodn\u011b. Sch\u016fdky s protiskluzovou \u00fapravou zase zajist\u00ed bezpe\u010dn\u00fd vstup i v\u00fdstup. Baz\u00e9nek dod\u00e1v\u00e1me od samotn\u00e9ho skeletu po kompletn\u00ed \u0159e\u0161en\u00ed v\u010detn\u011b instalace.  &nbsp;  Vyberte si z 6 granitov\u00fdch barev a dopl\u0148te SHOKKI p\u016fsobiv\u00fdm LED osv\u011btlen\u00edm, elektronick\u00fdm syst\u00e9mem pro napou\u0161t\u011bn\u00ed, vypou\u0161t\u011bn\u00ed i obm\u011bnu vody nebo termoizola\u010dn\u00edm krytem, kter\u00fd zajist\u00ed ide\u00e1ln\u00ed teplotu a z\u00e1rove\u0148 zabr\u00e1n\u00ed zamrznut\u00ed v p\u0159\u00edpad\u011b venkovn\u00ed instalace.  &nbsp;     V\u00fdbava\/Varianta B BF BFL BFLE   PP-E sko\u0159epina ANO ANO ANO ANO   Ocelov\u00fd r\u00e1m NE ANO ANO ANO   Pur izolace sko\u0159epiny NE ANO ANO ANO   Areta\u010dn\u00ed no\u017eky NE ANO ANO ANO   Napou\u0161t\u011bc\u00ed tryska NE ANO ANO ANO   P\u0159epadov\u00e1 v\u00fdpus\u0165 NE ANO ANO ANO   Dnov\u00e1 v\u00fdpus\u0165 50 mm NE ANO ANO ANO   LED RGB osv\u011btlen\u00ed NE NE ANO ANO   Automatick\u00fd syst\u00e9m v\u00fdm\u011bny vody NE NE NE ANO    Vyrobeno v \u010cesk\u00e9 republice, pomoc\u00ed vlastn\u00edch technologi\u00ed s pou\u017eit\u00edm top materi\u00e1l\u016f \u0161etrn\u00fdch k p\u0159\u00edrod\u011b.","robots":{"index":"index","follow":"follow","max-snippet":"max-snippet:-1","max-image-preview":"max-image-preview:large","max-video-preview":"max-video-preview:-1"},"canonical":"https:\/\/anderskafka.cz\/eshop\/produkt\/shokki-ochlazovaci-bazenek\/","og_locale":"cs_CZ","og_type":"article","og_title":"SHOKKI \u2013 automatizovan\u00fd ochlazovac\u00ed baz\u00e9nek - Anders &amp; Kafka E-SHOP","og_description":"Kompaktn\u00ed, automatizovan\u00fd ochlazovac\u00ed baz\u00e9nek\u00a0SHOKKI ocen\u00edte po saunov\u00e1n\u00ed venku i vevnit\u0159. Pohodln\u011b projde i 80cm dve\u0159mi, zvolit m\u016f\u017eete nadzemn\u00ed i zapu\u0161t\u011bnou instalaci. Na obavy z prot\u00e9k\u00e1n\u00ed zapome\u0148te \u2013 odoln\u00fd kompozitov\u00fd materi\u00e1l vani\u010dky toho vydr\u017e\u00ed opravdu hodn\u011b. Sch\u016fdky s protiskluzovou \u00fapravou zase zajist\u00ed bezpe\u010dn\u00fd vstup i v\u00fdstup. Baz\u00e9nek dod\u00e1v\u00e1me od samotn\u00e9ho skeletu po kompletn\u00ed \u0159e\u0161en\u00ed v\u010detn\u011b instalace.  &nbsp;  Vyberte si z 6 granitov\u00fdch barev a dopl\u0148te SHOKKI p\u016fsobiv\u00fdm LED osv\u011btlen\u00edm, elektronick\u00fdm syst\u00e9mem pro napou\u0161t\u011bn\u00ed, vypou\u0161t\u011bn\u00ed i obm\u011bnu vody nebo termoizola\u010dn\u00edm krytem, kter\u00fd zajist\u00ed ide\u00e1ln\u00ed teplotu a z\u00e1rove\u0148 zabr\u00e1n\u00ed zamrznut\u00ed v p\u0159\u00edpad\u011b venkovn\u00ed instalace.  &nbsp;     V\u00fdbava\/Varianta B BF BFL BFLE   PP-E sko\u0159epina ANO ANO ANO ANO   Ocelov\u00fd r\u00e1m NE ANO ANO ANO   Pur izolace sko\u0159epiny NE ANO ANO ANO   Areta\u010dn\u00ed no\u017eky NE ANO ANO ANO   Napou\u0161t\u011bc\u00ed tryska NE ANO ANO ANO   P\u0159epadov\u00e1 v\u00fdpus\u0165 NE ANO ANO ANO   Dnov\u00e1 v\u00fdpus\u0165 50 mm NE ANO ANO ANO   LED RGB osv\u011btlen\u00ed NE NE ANO ANO   Automatick\u00fd syst\u00e9m v\u00fdm\u011bny vody NE NE NE ANO    Vyrobeno v \u010cesk\u00e9 republice, pomoc\u00ed vlastn\u00edch technologi\u00ed s pou\u017eit\u00edm top materi\u00e1l\u016f \u0161etrn\u00fdch k p\u0159\u00edrod\u011b.","og_url":"https:\/\/anderskafka.cz\/eshop\/produkt\/shokki-ochlazovaci-bazenek\/","og_site_name":"Anders &amp; Kafka E-SHOP","article_modified_time":"2024-12-05T08:42:21+00:00","og_image":[{"width":1000,"height":1000,"url":"https:\/\/anderskafka.cz\/eshop\/wp-content\/uploads\/sites\/3\/2023\/12\/ochlazovacibazenekshokki5-topaz-enhance-1000h.jpg","type":"image\/jpeg"}],"twitter_card":"summary_large_image","twitter_misc":{"Odhadovan\u00e1 doba \u010dten\u00ed":"3 minuty"},"schema":{"@context":"https:\/\/schema.org","@graph":[{"@type":"WebSite","@id":"https:\/\/anderskafka.cz\/eshop\/#website","url":"https:\/\/anderskafka.cz\/eshop\/","name":"Anders &amp; Kafka E-SHOP","description":"Anders &amp; Kafka E-SHOP","potentialAction":[{"@type":"SearchAction","target":{"@type":"EntryPoint","urlTemplate":"https:\/\/anderskafka.cz\/eshop\/?s={search_term_string}"},"query-input":"required name=search_term_string"}],"inLanguage":"cs"},{"@type":"ImageObject","@id":"https:\/\/anderskafka.cz\/eshop\/produkt\/shokki-ochlazovaci-bazenek\/#primaryimage","inLanguage":"cs","url":"https:\/\/anderskafka.cz\/eshop\/wp-content\/uploads\/sites\/3\/2023\/12\/ochlazovacibazenekshokki5-topaz-enhance-1000h.jpg","contentUrl":"https:\/\/anderskafka.cz\/eshop\/wp-content\/uploads\/sites\/3\/2023\/12\/ochlazovacibazenekshokki5-topaz-enhance-1000h.jpg","width":1000,"height":1000},{"@type":"WebPage","@id":"https:\/\/anderskafka.cz\/eshop\/produkt\/shokki-ochlazovaci-bazenek\/#webpage","url":"https:\/\/anderskafka.cz\/eshop\/produkt\/shokki-ochlazovaci-bazenek\/","name":"SHOKKI \u2013 automatizovan\u00fd ochlazovac\u00ed baz\u00e9nek - Anders &amp; Kafka E-SHOP","isPartOf":{"@id":"https:\/\/anderskafka.cz\/eshop\/#website"},"primaryImageOfPage":{"@id":"https:\/\/anderskafka.cz\/eshop\/produkt\/shokki-ochlazovaci-bazenek\/#primaryimage"},"datePublished":"2023-12-08T18:53:59+00:00","dateModified":"2024-12-05T08:42:21+00:00","description":"Kompaktn\u00ed, automatizovan\u00fd ochlazovac\u00ed baz\u00e9nek\u00a0SHOKKI ocen\u00edte po saunov\u00e1n\u00ed venku i vevnit\u0159. Pohodln\u011b projde i 80cm dve\u0159mi, zvolit m\u016f\u017eete nadzemn\u00ed i zapu\u0161t\u011bnou instalaci. Na obavy z prot\u00e9k\u00e1n\u00ed zapome\u0148te \u2013 odoln\u00fd kompozitov\u00fd materi\u00e1l vani\u010dky toho vydr\u017e\u00ed opravdu hodn\u011b. Sch\u016fdky s protiskluzovou \u00fapravou zase zajist\u00ed bezpe\u010dn\u00fd vstup i v\u00fdstup. Baz\u00e9nek dod\u00e1v\u00e1me od samotn\u00e9ho skeletu po kompletn\u00ed \u0159e\u0161en\u00ed v\u010detn\u011b instalace. &nbsp; Vyberte si z 6 granitov\u00fdch barev a dopl\u0148te SHOKKI p\u016fsobiv\u00fdm LED osv\u011btlen\u00edm, elektronick\u00fdm syst\u00e9mem pro napou\u0161t\u011bn\u00ed, vypou\u0161t\u011bn\u00ed i obm\u011bnu vody nebo termoizola\u010dn\u00edm krytem, kter\u00fd zajist\u00ed ide\u00e1ln\u00ed teplotu a z\u00e1rove\u0148 zabr\u00e1n\u00ed zamrznut\u00ed v p\u0159\u00edpad\u011b venkovn\u00ed instalace. &nbsp; V\u00fdbava\/Varianta B BF BFL BFLE PP-E sko\u0159epina ANO ANO ANO ANO Ocelov\u00fd r\u00e1m NE ANO ANO ANO Pur izolace sko\u0159epiny NE ANO ANO ANO Areta\u010dn\u00ed no\u017eky NE ANO ANO ANO Napou\u0161t\u011bc\u00ed tryska NE ANO ANO ANO P\u0159epadov\u00e1 v\u00fdpus\u0165 NE ANO ANO ANO Dnov\u00e1 v\u00fdpus\u0165 50 mm NE ANO ANO ANO LED RGB osv\u011btlen\u00ed NE NE ANO ANO Automatick\u00fd syst\u00e9m v\u00fdm\u011bny vody NE NE NE ANO Vyrobeno v \u010cesk\u00e9 republice, pomoc\u00ed vlastn\u00edch technologi\u00ed s pou\u017eit\u00edm top materi\u00e1l\u016f \u0161etrn\u00fdch k p\u0159\u00edrod\u011b.","breadcrumb":{"@id":"https:\/\/anderskafka.cz\/eshop\/produkt\/shokki-ochlazovaci-bazenek\/#breadcrumb"},"inLanguage":"cs","potentialAction":[{"@type":"ReadAction","target":["https:\/\/anderskafka.cz\/eshop\/produkt\/shokki-ochlazovaci-bazenek\/"]}]},{"@type":"BreadcrumbList","@id":"https:\/\/anderskafka.cz\/eshop\/produkt\/shokki-ochlazovaci-bazenek\/#breadcrumb","itemListElement":[{"@type":"ListItem","position":1,"name":"Obchod","item":"https:\/\/anderskafka.cz\/eshop\/obchod\/"},{"@type":"ListItem","position":2,"name":"SHOKKI \u2013 automatizovan\u00fd ochlazovac\u00ed baz\u00e9nek"}]}]}},"locations":[],"_links":{"self":[{"href":"https:\/\/anderskafka.cz\/eshop\/wp-json\/wp\/v2\/product\/5746"}],"collection":[{"href":"https:\/\/anderskafka.cz\/eshop\/wp-json\/wp\/v2\/product"}],"about":[{"href":"https:\/\/anderskafka.cz\/eshop\/wp-json\/wp\/v2\/types\/product"}],"replies":[{"embeddable":true,"href":"https:\/\/anderskafka.cz\/eshop\/wp-json\/wp\/v2\/comments?post=5746"}],"wp:featuredmedia":[{"embeddable":true,"href":"https:\/\/anderskafka.cz\/eshop\/wp-json\/wp\/v2\/media\/7773"}],"wp:attachment":[{"href":"https:\/\/anderskafka.cz\/eshop\/wp-json\/wp\/v2\/media?parent=5746"}],"wp:term":[{"taxonomy":"location","embeddable":true,"href":"https:\/\/anderskafka.cz\/eshop\/wp-json\/wp\/v2\/location?post=5746"},{"taxonomy":"product_cat","embeddable":true,"href":"https:\/\/anderskafka.cz\/eshop\/wp-json\/wp\/v2\/product_cat?post=5746"},{"taxonomy":"product_tag","embeddable":true,"href":"https:\/\/anderskafka.cz\/eshop\/wp-json\/wp\/v2\/product_tag?post=5746"}],"curies":[{"name":"wp","href":"https:\/\/api.w.org\/{rel}","templated":true}]}}