{"id":5780,"date":"2023-12-09T13:04:23","date_gmt":"2023-12-09T12:04:23","guid":{"rendered":"https:\/\/anderskafka.cz\/eshop\/?post_type=product&#038;p=5780"},"modified":"2026-02-04T16:17:10","modified_gmt":"2026-02-04T15:17:10","slug":"rento-saunovy-zupan-kenno-cerno-sedy","status":"publish","type":"product","link":"https:\/\/anderskafka.cz\/eshop\/produkt\/rento-saunovy-zupan-kenno-cerno-sedy\/","title":{"rendered":"RENTO saunov\u00fd \u017eupan kenno, \u010derno \u0161ed\u00fd"},"content":{"rendered":"<p>P\u0159\u00edjemn\u011b m\u011bkk\u00fd a pohodln\u00fd \u017eupan s okrajem chambray a opaskem. \u017dupan m\u00e1 v\u00fdborn\u00e9 sac\u00ed vlastnosti a rychle schne. Tento \u017eupan ocen\u00edte nejen v saun\u011b, ale i p\u0159i b\u011b\u017en\u00e9m no\u0161en\u00ed.<br \/>\nSaunov\u00e9 textilie Kenno jsou vyrobeny z recyklovan\u00e9 bavlny, kter\u00e1 dod\u00e1v\u00e1 l\u00e1tce p\u0159irozenou m\u011bkkost a z\u00e1\u0159ivou texturu. Slo\u017een\u00ed 75% recyklovan\u00e1 bavlna, 25% polyester.<br \/>\nP\u0159i p\u00e9\u010di o \u017eupan se \u0159i\u010fte o\u0161et\u0159ovac\u00edmi symboly uveden\u00fdmi na v\u00fdrobku. B\u011b\u017en\u00e9 pran\u00ed na 40 stup\u0148\u016f. \u017dehlete na vysokou teplotu. Neb\u011blit. Nesu\u0161te v su\u0161i\u010dce.<\/p>\n<p>&nbsp;<\/p>\n<p>&nbsp;<\/p>\n<p>&nbsp;<\/p>\n","protected":false},"excerpt":{"rendered":"<p>P\u0159\u00edjemn\u011b m\u011bkk\u00fd a pohodln\u00fd \u017eupan s okrajem chambray a opaskem, kter\u00fd vyu\u017eijete nejen v saun\u011b, ale i p\u0159i b\u011b\u017en\u00e9m no\u0161en\u00ed. Univerz\u00e1ln\u00ed st\u0159ih pro \u017eenu i pro mu\u017ee.<br \/>\nNavr\u017eeno ve Finsku, specialistou na saunov\u00e9 dopl\u0148ky spole\u010dnost\u00ed RENTO. Relaxujte a u\u017e\u00edvejte si harmonii z autentick\u00e9ho z\u00e1\u017eitku finsk\u00e9 sauny.<img loading=\"lazy\" class=\" wp-image-135 aligncenter\" src=\"https:\/\/anderskafka.cz\/eshop\/wp-content\/uploads\/sites\/3\/2022\/06\/DesignFromFinland_web-1-300x300.png\" alt=\"\" width=\"203\" height=\"203\" \/><\/p>\n<p><strong>Tabulka velikost\u00ed<br \/>\n<\/strong><\/p>\n<table width=\"264\">\n<tbody>\n<tr>\n<td width=\"66\"><strong>Velikost (cm)<\/strong><\/td>\n<td style=\"text-align: center\" width=\"66\"><strong>S\/M<\/strong><\/td>\n<td style=\"text-align: center\" width=\"66\"><strong>L\/XL<\/strong><\/td>\n<td style=\"text-align: center\" width=\"66\"><strong>XXL<\/strong><\/td>\n<\/tr>\n<tr>\n<td><strong>D\u00e9lka<\/strong><\/td>\n<td style=\"text-align: center\">114<\/td>\n<td style=\"text-align: center\">120<\/td>\n<td style=\"text-align: center\">134<\/td>\n<\/tr>\n<tr>\n<td><strong>D\u00e9lka ruk\u00e1vu od \u0161vu<\/strong><\/td>\n<td style=\"text-align: center\">47<\/td>\n<td style=\"text-align: center\">47<\/td>\n<td style=\"text-align: center\">60<\/td>\n<\/tr>\n<tr>\n<td style=\"text-align: left\"><strong>\u0160\u00ed\u0159ka<\/strong><\/td>\n<td style=\"text-align: center\">65<\/td>\n<td style=\"text-align: center\">80<\/td>\n<td style=\"text-align: center\">90<\/td>\n<\/tr>\n<\/tbody>\n<\/table>\n","protected":false},"featured_media":10354,"comment_status":"open","ping_status":"closed","template":"","meta":{"site-sidebar-layout":"default","site-content-layout":"default","ast-main-header-display":"","ast-hfb-above-header-display":"","ast-hfb-below-header-display":"","ast-hfb-mobile-header-display":"","site-post-title":"","ast-breadcrumbs-content":"","ast-featured-img":"","footer-sml-layout":"","theme-transparent-header-meta":"","adv-header-id-meta":"","stick-header-meta":"","header-above-stick-meta":"","header-main-stick-meta":"","header-below-stick-meta":""},"location":[],"product_cat":[1551,1640,32],"product_tag":[103],"yoast_head":"<!-- This site is optimized with the Yoast SEO plugin v18.5.1 - https:\/\/yoast.com\/wordpress\/plugins\/seo\/ -->\n<title>RENTO saunov\u00fd \u017eupan kenno, \u010derno \u0161ed\u00fd - Anders &amp; Kafka E-SHOP<\/title>\n<meta name=\"description\" content=\"P\u0159\u00edjemn\u011b m\u011bkk\u00fd a pohodln\u00fd \u017eupan s okrajem chambray a opaskem, kter\u00fd vyu\u017eijete nejen v saun\u011b, ale i p\u0159i b\u011b\u017en\u00e9m no\u0161en\u00ed. Univerz\u00e1ln\u00ed st\u0159ih pro \u017eenu i pro mu\u017ee. Navr\u017eeno ve Finsku, specialistou na saunov\u00e9 dopl\u0148ky spole\u010dnost\u00ed RENTO. Relaxujte a u\u017e\u00edvejte si harmonii z autentick\u00e9ho z\u00e1\u017eitku finsk\u00e9 sauny.  Tabulka velikost\u00ed     Velikost (cm) S\/M L\/XL XXL   D\u00e9lka 114 120 134   D\u00e9lka ruk\u00e1vu od \u0161vu 47 47 60   \u0160\u00ed\u0159ka 65 80 90\" \/>\n<meta name=\"robots\" content=\"index, follow, max-snippet:-1, max-image-preview:large, max-video-preview:-1\" \/>\n<link rel=\"canonical\" href=\"https:\/\/anderskafka.cz\/eshop\/produkt\/rento-saunovy-zupan-kenno-cerno-sedy\/\" \/>\n<meta property=\"og:locale\" content=\"cs_CZ\" \/>\n<meta property=\"og:type\" content=\"article\" \/>\n<meta property=\"og:title\" content=\"RENTO saunov\u00fd \u017eupan kenno, \u010derno \u0161ed\u00fd - Anders &amp; Kafka E-SHOP\" \/>\n<meta property=\"og:description\" content=\"P\u0159\u00edjemn\u011b m\u011bkk\u00fd a pohodln\u00fd \u017eupan s okrajem chambray a opaskem, kter\u00fd vyu\u017eijete nejen v saun\u011b, ale i p\u0159i b\u011b\u017en\u00e9m no\u0161en\u00ed. Univerz\u00e1ln\u00ed st\u0159ih pro \u017eenu i pro mu\u017ee. Navr\u017eeno ve Finsku, specialistou na saunov\u00e9 dopl\u0148ky spole\u010dnost\u00ed RENTO. Relaxujte a u\u017e\u00edvejte si harmonii z autentick\u00e9ho z\u00e1\u017eitku finsk\u00e9 sauny.  Tabulka velikost\u00ed     Velikost (cm) S\/M L\/XL XXL   D\u00e9lka 114 120 134   D\u00e9lka ruk\u00e1vu od \u0161vu 47 47 60   \u0160\u00ed\u0159ka 65 80 90\" \/>\n<meta property=\"og:url\" content=\"https:\/\/anderskafka.cz\/eshop\/produkt\/rento-saunovy-zupan-kenno-cerno-sedy\/\" \/>\n<meta property=\"og:site_name\" content=\"Anders &amp; Kafka E-SHOP\" \/>\n<meta property=\"article:modified_time\" content=\"2026-02-04T15:17:10+00:00\" \/>\n<meta name=\"twitter:card\" content=\"summary_large_image\" \/>\n<meta name=\"twitter:image\" content=\"https:\/\/anderskafka.cz\/eshop\/wp-content\/uploads\/sites\/3\/2023\/12\/RENTO_Kenno_zupansedy_039_AndersKafka.webp\" \/>\n<meta name=\"twitter:label1\" content=\"Odhadovan\u00e1 doba \u010dten\u00ed\" \/>\n\t<meta name=\"twitter:data1\" content=\"1 minuta\" \/>\n<script type=\"application\/ld+json\" class=\"yoast-schema-graph\">{\"@context\":\"https:\/\/schema.org\",\"@graph\":[{\"@type\":\"WebSite\",\"@id\":\"https:\/\/anderskafka.cz\/eshop\/#website\",\"url\":\"https:\/\/anderskafka.cz\/eshop\/\",\"name\":\"Anders &amp; Kafka E-SHOP\",\"description\":\"Anders &amp; Kafka E-SHOP\",\"potentialAction\":[{\"@type\":\"SearchAction\",\"target\":{\"@type\":\"EntryPoint\",\"urlTemplate\":\"https:\/\/anderskafka.cz\/eshop\/?s={search_term_string}\"},\"query-input\":\"required name=search_term_string\"}],\"inLanguage\":\"cs\"},{\"@type\":\"ImageObject\",\"@id\":\"https:\/\/anderskafka.cz\/eshop\/produkt\/rento-saunovy-zupan-kenno-cerno-sedy\/#primaryimage\",\"inLanguage\":\"cs\",\"url\":\"https:\/\/anderskafka.cz\/eshop\/wp-content\/uploads\/sites\/3\/2023\/12\/RENTO_Kenno_zupansedy_039_AndersKafka.webp\",\"contentUrl\":\"https:\/\/anderskafka.cz\/eshop\/wp-content\/uploads\/sites\/3\/2023\/12\/RENTO_Kenno_zupansedy_039_AndersKafka.webp\",\"width\":1650,\"height\":1650},{\"@type\":\"WebPage\",\"@id\":\"https:\/\/anderskafka.cz\/eshop\/produkt\/rento-saunovy-zupan-kenno-cerno-sedy\/#webpage\",\"url\":\"https:\/\/anderskafka.cz\/eshop\/produkt\/rento-saunovy-zupan-kenno-cerno-sedy\/\",\"name\":\"RENTO saunov\u00fd \u017eupan kenno, \u010derno \u0161ed\u00fd - Anders &amp; Kafka E-SHOP\",\"isPartOf\":{\"@id\":\"https:\/\/anderskafka.cz\/eshop\/#website\"},\"primaryImageOfPage\":{\"@id\":\"https:\/\/anderskafka.cz\/eshop\/produkt\/rento-saunovy-zupan-kenno-cerno-sedy\/#primaryimage\"},\"datePublished\":\"2023-12-09T12:04:23+00:00\",\"dateModified\":\"2026-02-04T15:17:10+00:00\",\"description\":\"P\u0159\u00edjemn\u011b m\u011bkk\u00fd a pohodln\u00fd \u017eupan s okrajem chambray a opaskem, kter\u00fd vyu\u017eijete nejen v saun\u011b, ale i p\u0159i b\u011b\u017en\u00e9m no\u0161en\u00ed. Univerz\u00e1ln\u00ed st\u0159ih pro \u017eenu i pro mu\u017ee. Navr\u017eeno ve Finsku, specialistou na saunov\u00e9 dopl\u0148ky spole\u010dnost\u00ed RENTO. Relaxujte a u\u017e\u00edvejte si harmonii z autentick\u00e9ho z\u00e1\u017eitku finsk\u00e9 sauny. Tabulka velikost\u00ed Velikost (cm) S\/M L\/XL XXL D\u00e9lka 114 120 134 D\u00e9lka ruk\u00e1vu od \u0161vu 47 47 60 \u0160\u00ed\u0159ka 65 80 90\",\"breadcrumb\":{\"@id\":\"https:\/\/anderskafka.cz\/eshop\/produkt\/rento-saunovy-zupan-kenno-cerno-sedy\/#breadcrumb\"},\"inLanguage\":\"cs\",\"potentialAction\":[{\"@type\":\"ReadAction\",\"target\":[\"https:\/\/anderskafka.cz\/eshop\/produkt\/rento-saunovy-zupan-kenno-cerno-sedy\/\"]}]},{\"@type\":\"BreadcrumbList\",\"@id\":\"https:\/\/anderskafka.cz\/eshop\/produkt\/rento-saunovy-zupan-kenno-cerno-sedy\/#breadcrumb\",\"itemListElement\":[{\"@type\":\"ListItem\",\"position\":1,\"name\":\"Obchod\",\"item\":\"https:\/\/anderskafka.cz\/eshop\/obchod\/\"},{\"@type\":\"ListItem\",\"position\":2,\"name\":\"RENTO saunov\u00fd \u017eupan kenno, \u010derno \u0161ed\u00fd\"}]}]}<\/script>\n<!-- \/ Yoast SEO plugin. -->","yoast_head_json":{"title":"RENTO saunov\u00fd \u017eupan kenno, \u010derno \u0161ed\u00fd - Anders &amp; Kafka E-SHOP","description":"P\u0159\u00edjemn\u011b m\u011bkk\u00fd a pohodln\u00fd \u017eupan s okrajem chambray a opaskem, kter\u00fd vyu\u017eijete nejen v saun\u011b, ale i p\u0159i b\u011b\u017en\u00e9m no\u0161en\u00ed. Univerz\u00e1ln\u00ed st\u0159ih pro \u017eenu i pro mu\u017ee. Navr\u017eeno ve Finsku, specialistou na saunov\u00e9 dopl\u0148ky spole\u010dnost\u00ed RENTO. Relaxujte a u\u017e\u00edvejte si harmonii z autentick\u00e9ho z\u00e1\u017eitku finsk\u00e9 sauny.  Tabulka velikost\u00ed     Velikost (cm) S\/M L\/XL XXL   D\u00e9lka 114 120 134   D\u00e9lka ruk\u00e1vu od \u0161vu 47 47 60   \u0160\u00ed\u0159ka 65 80 90","robots":{"index":"index","follow":"follow","max-snippet":"max-snippet:-1","max-image-preview":"max-image-preview:large","max-video-preview":"max-video-preview:-1"},"canonical":"https:\/\/anderskafka.cz\/eshop\/produkt\/rento-saunovy-zupan-kenno-cerno-sedy\/","og_locale":"cs_CZ","og_type":"article","og_title":"RENTO saunov\u00fd \u017eupan kenno, \u010derno \u0161ed\u00fd - Anders &amp; Kafka E-SHOP","og_description":"P\u0159\u00edjemn\u011b m\u011bkk\u00fd a pohodln\u00fd \u017eupan s okrajem chambray a opaskem, kter\u00fd vyu\u017eijete nejen v saun\u011b, ale i p\u0159i b\u011b\u017en\u00e9m no\u0161en\u00ed. Univerz\u00e1ln\u00ed st\u0159ih pro \u017eenu i pro mu\u017ee. Navr\u017eeno ve Finsku, specialistou na saunov\u00e9 dopl\u0148ky spole\u010dnost\u00ed RENTO. Relaxujte a u\u017e\u00edvejte si harmonii z autentick\u00e9ho z\u00e1\u017eitku finsk\u00e9 sauny.  Tabulka velikost\u00ed     Velikost (cm) S\/M L\/XL XXL   D\u00e9lka 114 120 134   D\u00e9lka ruk\u00e1vu od \u0161vu 47 47 60   \u0160\u00ed\u0159ka 65 80 90","og_url":"https:\/\/anderskafka.cz\/eshop\/produkt\/rento-saunovy-zupan-kenno-cerno-sedy\/","og_site_name":"Anders &amp; Kafka E-SHOP","article_modified_time":"2026-02-04T15:17:10+00:00","twitter_card":"summary_large_image","twitter_image":"https:\/\/anderskafka.cz\/eshop\/wp-content\/uploads\/sites\/3\/2023\/12\/RENTO_Kenno_zupansedy_039_AndersKafka.webp","twitter_misc":{"Odhadovan\u00e1 doba \u010dten\u00ed":"1 minuta"},"schema":{"@context":"https:\/\/schema.org","@graph":[{"@type":"WebSite","@id":"https:\/\/anderskafka.cz\/eshop\/#website","url":"https:\/\/anderskafka.cz\/eshop\/","name":"Anders &amp; Kafka E-SHOP","description":"Anders &amp; Kafka E-SHOP","potentialAction":[{"@type":"SearchAction","target":{"@type":"EntryPoint","urlTemplate":"https:\/\/anderskafka.cz\/eshop\/?s={search_term_string}"},"query-input":"required name=search_term_string"}],"inLanguage":"cs"},{"@type":"ImageObject","@id":"https:\/\/anderskafka.cz\/eshop\/produkt\/rento-saunovy-zupan-kenno-cerno-sedy\/#primaryimage","inLanguage":"cs","url":"https:\/\/anderskafka.cz\/eshop\/wp-content\/uploads\/sites\/3\/2023\/12\/RENTO_Kenno_zupansedy_039_AndersKafka.webp","contentUrl":"https:\/\/anderskafka.cz\/eshop\/wp-content\/uploads\/sites\/3\/2023\/12\/RENTO_Kenno_zupansedy_039_AndersKafka.webp","width":1650,"height":1650},{"@type":"WebPage","@id":"https:\/\/anderskafka.cz\/eshop\/produkt\/rento-saunovy-zupan-kenno-cerno-sedy\/#webpage","url":"https:\/\/anderskafka.cz\/eshop\/produkt\/rento-saunovy-zupan-kenno-cerno-sedy\/","name":"RENTO saunov\u00fd \u017eupan kenno, \u010derno \u0161ed\u00fd - Anders &amp; Kafka E-SHOP","isPartOf":{"@id":"https:\/\/anderskafka.cz\/eshop\/#website"},"primaryImageOfPage":{"@id":"https:\/\/anderskafka.cz\/eshop\/produkt\/rento-saunovy-zupan-kenno-cerno-sedy\/#primaryimage"},"datePublished":"2023-12-09T12:04:23+00:00","dateModified":"2026-02-04T15:17:10+00:00","description":"P\u0159\u00edjemn\u011b m\u011bkk\u00fd a pohodln\u00fd \u017eupan s okrajem chambray a opaskem, kter\u00fd vyu\u017eijete nejen v saun\u011b, ale i p\u0159i b\u011b\u017en\u00e9m no\u0161en\u00ed. Univerz\u00e1ln\u00ed st\u0159ih pro \u017eenu i pro mu\u017ee. Navr\u017eeno ve Finsku, specialistou na saunov\u00e9 dopl\u0148ky spole\u010dnost\u00ed RENTO. Relaxujte a u\u017e\u00edvejte si harmonii z autentick\u00e9ho z\u00e1\u017eitku finsk\u00e9 sauny. Tabulka velikost\u00ed Velikost (cm) S\/M L\/XL XXL D\u00e9lka 114 120 134 D\u00e9lka ruk\u00e1vu od \u0161vu 47 47 60 \u0160\u00ed\u0159ka 65 80 90","breadcrumb":{"@id":"https:\/\/anderskafka.cz\/eshop\/produkt\/rento-saunovy-zupan-kenno-cerno-sedy\/#breadcrumb"},"inLanguage":"cs","potentialAction":[{"@type":"ReadAction","target":["https:\/\/anderskafka.cz\/eshop\/produkt\/rento-saunovy-zupan-kenno-cerno-sedy\/"]}]},{"@type":"BreadcrumbList","@id":"https:\/\/anderskafka.cz\/eshop\/produkt\/rento-saunovy-zupan-kenno-cerno-sedy\/#breadcrumb","itemListElement":[{"@type":"ListItem","position":1,"name":"Obchod","item":"https:\/\/anderskafka.cz\/eshop\/obchod\/"},{"@type":"ListItem","position":2,"name":"RENTO saunov\u00fd \u017eupan kenno, \u010derno \u0161ed\u00fd"}]}]}},"locations":[],"_links":{"self":[{"href":"https:\/\/anderskafka.cz\/eshop\/wp-json\/wp\/v2\/product\/5780"}],"collection":[{"href":"https:\/\/anderskafka.cz\/eshop\/wp-json\/wp\/v2\/product"}],"about":[{"href":"https:\/\/anderskafka.cz\/eshop\/wp-json\/wp\/v2\/types\/product"}],"replies":[{"embeddable":true,"href":"https:\/\/anderskafka.cz\/eshop\/wp-json\/wp\/v2\/comments?post=5780"}],"wp:featuredmedia":[{"embeddable":true,"href":"https:\/\/anderskafka.cz\/eshop\/wp-json\/wp\/v2\/media\/10354"}],"wp:attachment":[{"href":"https:\/\/anderskafka.cz\/eshop\/wp-json\/wp\/v2\/media?parent=5780"}],"wp:term":[{"taxonomy":"location","embeddable":true,"href":"https:\/\/anderskafka.cz\/eshop\/wp-json\/wp\/v2\/location?post=5780"},{"taxonomy":"product_cat","embeddable":true,"href":"https:\/\/anderskafka.cz\/eshop\/wp-json\/wp\/v2\/product_cat?post=5780"},{"taxonomy":"product_tag","embeddable":true,"href":"https:\/\/anderskafka.cz\/eshop\/wp-json\/wp\/v2\/product_tag?post=5780"}],"curies":[{"name":"wp","href":"https:\/\/api.w.org\/{rel}","templated":true}]}}