{"id":5819,"date":"2023-12-10T15:25:16","date_gmt":"2023-12-10T14:25:16","guid":{"rendered":"https:\/\/anderskafka.cz\/eshop\/?post_type=product&#038;p=5819"},"modified":"2025-11-19T08:24:49","modified_gmt":"2025-11-19T07:24:49","slug":"eliga-posuvna-ventilace-do-sauny-obdelnikoveho-tvaru-s-regulaci-prutoku-vzduchu","status":"publish","type":"product","link":"https:\/\/anderskafka.cz\/eshop\/produkt\/eliga-posuvna-ventilace-do-sauny-obdelnikoveho-tvaru-s-regulaci-prutoku-vzduchu\/","title":{"rendered":"ELIGA posuvn\u00e1 ventilace do sauny obdeln\u00edkov\u00e9ho tvaru s regulac\u00ed pr\u016ftoku vzduchu"},"content":{"rendered":"<p>Posuvn\u00e1 ventilace pro pou\u017eit\u00ed v saun\u011b nebo infrasaun\u011b s mo\u017enost\u00ed regulace pr\u016ftoku vzduchu v saun\u011b. Ventilaci m\u016f\u017eeme um\u00edstit na strop nebo st\u011bnu sauny, aby tak v saun\u011b byla zachov\u00e1na spr\u00e1vn\u00e1 cirkulace vzduchu. Je vyrobena z masivn\u00edho d\u0159eva borovice s rozm\u011bry ventila\u010dn\u00edho otvoru 165&#215;70 mm. D\u00edky pou\u017eit\u00e9mu materi\u00e1lu je mo\u017en\u00e9 m\u0159\u00ed\u017eku instalovat ve vnit\u0159n\u00edm prost\u0159ed\u00ed.<br \/>\nJednoduch\u00e1 mont\u00e1\u017e p\u0159ilepen\u00edm silikonov\u00fdm pevnostn\u00edm lepidlem, doporu\u010dujeme typ Mamut Glue. Sou\u010d\u00e1st\u00ed balen\u00ed je posuvn\u00e1 ventilace.<\/p>\n","protected":false},"excerpt":{"rendered":"<p>Posuvn\u00e1 ventilace \u00a0pro pou\u017eit\u00ed v saun\u011b nebo infrasaun\u011b s mo\u017enost\u00ed regulace pr\u016ftoku vzduchu v saun\u011b. Je vyrobena z masivn\u00edho d\u0159eva borovice.<\/p>\n","protected":false},"featured_media":5824,"comment_status":"open","ping_status":"closed","template":"","meta":{"site-sidebar-layout":"default","site-content-layout":"default","ast-main-header-display":"","ast-hfb-above-header-display":"","ast-hfb-below-header-display":"","ast-hfb-mobile-header-display":"","site-post-title":"","ast-breadcrumbs-content":"","ast-featured-img":"","footer-sml-layout":"","theme-transparent-header-meta":"","adv-header-id-meta":"","stick-header-meta":"","header-above-stick-meta":"","header-main-stick-meta":"","header-below-stick-meta":""},"location":[],"product_cat":[426],"product_tag":[461],"yoast_head":"<!-- This site is optimized with the Yoast SEO plugin v18.5.1 - https:\/\/yoast.com\/wordpress\/plugins\/seo\/ -->\n<title>ELIGA posuvn\u00e1 ventilace do sauny obdeln\u00edkov\u00e9ho tvaru s regulac\u00ed pr\u016ftoku vzduchu - Anders &amp; Kafka E-SHOP<\/title>\n<meta name=\"description\" content=\"Posuvn\u00e1 ventilace \u00a0pro pou\u017eit\u00ed v saun\u011b nebo infrasaun\u011b s mo\u017enost\u00ed regulace pr\u016ftoku vzduchu v saun\u011b. Je vyrobena z masivn\u00edho d\u0159eva borovice.\" \/>\n<meta name=\"robots\" content=\"index, follow, max-snippet:-1, max-image-preview:large, max-video-preview:-1\" \/>\n<link rel=\"canonical\" href=\"https:\/\/anderskafka.cz\/eshop\/produkt\/eliga-posuvna-ventilace-do-sauny-obdelnikoveho-tvaru-s-regulaci-prutoku-vzduchu\/\" \/>\n<meta property=\"og:locale\" content=\"cs_CZ\" \/>\n<meta property=\"og:type\" content=\"article\" \/>\n<meta property=\"og:title\" content=\"ELIGA posuvn\u00e1 ventilace do sauny obdeln\u00edkov\u00e9ho tvaru s regulac\u00ed pr\u016ftoku vzduchu - Anders &amp; Kafka E-SHOP\" \/>\n<meta property=\"og:description\" content=\"Posuvn\u00e1 ventilace \u00a0pro pou\u017eit\u00ed v saun\u011b nebo infrasaun\u011b s mo\u017enost\u00ed regulace pr\u016ftoku vzduchu v saun\u011b. Je vyrobena z masivn\u00edho d\u0159eva borovice.\" \/>\n<meta property=\"og:url\" content=\"https:\/\/anderskafka.cz\/eshop\/produkt\/eliga-posuvna-ventilace-do-sauny-obdelnikoveho-tvaru-s-regulaci-prutoku-vzduchu\/\" \/>\n<meta property=\"og:site_name\" content=\"Anders &amp; Kafka E-SHOP\" \/>\n<meta property=\"article:modified_time\" content=\"2025-11-19T07:24:49+00:00\" \/>\n<meta name=\"twitter:card\" content=\"summary_large_image\" \/>\n<meta name=\"twitter:image\" content=\"https:\/\/anderskafka.cz\/eshop\/wp-content\/uploads\/sites\/3\/2023\/12\/947.webp\" \/>\n<meta name=\"twitter:label1\" content=\"Odhadovan\u00e1 doba \u010dten\u00ed\" \/>\n\t<meta name=\"twitter:data1\" content=\"1 minuta\" \/>\n<script type=\"application\/ld+json\" class=\"yoast-schema-graph\">{\"@context\":\"https:\/\/schema.org\",\"@graph\":[{\"@type\":\"WebSite\",\"@id\":\"https:\/\/anderskafka.cz\/eshop\/#website\",\"url\":\"https:\/\/anderskafka.cz\/eshop\/\",\"name\":\"Anders &amp; Kafka E-SHOP\",\"description\":\"Anders &amp; Kafka E-SHOP\",\"potentialAction\":[{\"@type\":\"SearchAction\",\"target\":{\"@type\":\"EntryPoint\",\"urlTemplate\":\"https:\/\/anderskafka.cz\/eshop\/?s={search_term_string}\"},\"query-input\":\"required name=search_term_string\"}],\"inLanguage\":\"cs\"},{\"@type\":\"ImageObject\",\"@id\":\"https:\/\/anderskafka.cz\/eshop\/produkt\/eliga-posuvna-ventilace-do-sauny-obdelnikoveho-tvaru-s-regulaci-prutoku-vzduchu\/#primaryimage\",\"inLanguage\":\"cs\",\"url\":\"https:\/\/anderskafka.cz\/eshop\/wp-content\/uploads\/sites\/3\/2023\/12\/947.webp\",\"contentUrl\":\"https:\/\/anderskafka.cz\/eshop\/wp-content\/uploads\/sites\/3\/2023\/12\/947.webp\",\"width\":1100,\"height\":1100},{\"@type\":\"WebPage\",\"@id\":\"https:\/\/anderskafka.cz\/eshop\/produkt\/eliga-posuvna-ventilace-do-sauny-obdelnikoveho-tvaru-s-regulaci-prutoku-vzduchu\/#webpage\",\"url\":\"https:\/\/anderskafka.cz\/eshop\/produkt\/eliga-posuvna-ventilace-do-sauny-obdelnikoveho-tvaru-s-regulaci-prutoku-vzduchu\/\",\"name\":\"ELIGA posuvn\u00e1 ventilace do sauny obdeln\u00edkov\u00e9ho tvaru s regulac\u00ed pr\u016ftoku vzduchu - Anders &amp; Kafka E-SHOP\",\"isPartOf\":{\"@id\":\"https:\/\/anderskafka.cz\/eshop\/#website\"},\"primaryImageOfPage\":{\"@id\":\"https:\/\/anderskafka.cz\/eshop\/produkt\/eliga-posuvna-ventilace-do-sauny-obdelnikoveho-tvaru-s-regulaci-prutoku-vzduchu\/#primaryimage\"},\"datePublished\":\"2023-12-10T14:25:16+00:00\",\"dateModified\":\"2025-11-19T07:24:49+00:00\",\"description\":\"Posuvn\u00e1 ventilace \u00a0pro pou\u017eit\u00ed v saun\u011b nebo infrasaun\u011b s mo\u017enost\u00ed regulace pr\u016ftoku vzduchu v saun\u011b. Je vyrobena z masivn\u00edho d\u0159eva borovice.\",\"breadcrumb\":{\"@id\":\"https:\/\/anderskafka.cz\/eshop\/produkt\/eliga-posuvna-ventilace-do-sauny-obdelnikoveho-tvaru-s-regulaci-prutoku-vzduchu\/#breadcrumb\"},\"inLanguage\":\"cs\",\"potentialAction\":[{\"@type\":\"ReadAction\",\"target\":[\"https:\/\/anderskafka.cz\/eshop\/produkt\/eliga-posuvna-ventilace-do-sauny-obdelnikoveho-tvaru-s-regulaci-prutoku-vzduchu\/\"]}]},{\"@type\":\"BreadcrumbList\",\"@id\":\"https:\/\/anderskafka.cz\/eshop\/produkt\/eliga-posuvna-ventilace-do-sauny-obdelnikoveho-tvaru-s-regulaci-prutoku-vzduchu\/#breadcrumb\",\"itemListElement\":[{\"@type\":\"ListItem\",\"position\":1,\"name\":\"Obchod\",\"item\":\"https:\/\/anderskafka.cz\/eshop\/obchod\/\"},{\"@type\":\"ListItem\",\"position\":2,\"name\":\"ELIGA posuvn\u00e1 ventilace do sauny obdeln\u00edkov\u00e9ho tvaru s regulac\u00ed pr\u016ftoku vzduchu\"}]}]}<\/script>\n<!-- \/ Yoast SEO plugin. -->","yoast_head_json":{"title":"ELIGA posuvn\u00e1 ventilace do sauny obdeln\u00edkov\u00e9ho tvaru s regulac\u00ed pr\u016ftoku vzduchu - Anders &amp; Kafka E-SHOP","description":"Posuvn\u00e1 ventilace \u00a0pro pou\u017eit\u00ed v saun\u011b nebo infrasaun\u011b s mo\u017enost\u00ed regulace pr\u016ftoku vzduchu v saun\u011b. Je vyrobena z masivn\u00edho d\u0159eva borovice.","robots":{"index":"index","follow":"follow","max-snippet":"max-snippet:-1","max-image-preview":"max-image-preview:large","max-video-preview":"max-video-preview:-1"},"canonical":"https:\/\/anderskafka.cz\/eshop\/produkt\/eliga-posuvna-ventilace-do-sauny-obdelnikoveho-tvaru-s-regulaci-prutoku-vzduchu\/","og_locale":"cs_CZ","og_type":"article","og_title":"ELIGA posuvn\u00e1 ventilace do sauny obdeln\u00edkov\u00e9ho tvaru s regulac\u00ed pr\u016ftoku vzduchu - Anders &amp; Kafka E-SHOP","og_description":"Posuvn\u00e1 ventilace \u00a0pro pou\u017eit\u00ed v saun\u011b nebo infrasaun\u011b s mo\u017enost\u00ed regulace pr\u016ftoku vzduchu v saun\u011b. Je vyrobena z masivn\u00edho d\u0159eva borovice.","og_url":"https:\/\/anderskafka.cz\/eshop\/produkt\/eliga-posuvna-ventilace-do-sauny-obdelnikoveho-tvaru-s-regulaci-prutoku-vzduchu\/","og_site_name":"Anders &amp; Kafka E-SHOP","article_modified_time":"2025-11-19T07:24:49+00:00","twitter_card":"summary_large_image","twitter_image":"https:\/\/anderskafka.cz\/eshop\/wp-content\/uploads\/sites\/3\/2023\/12\/947.webp","twitter_misc":{"Odhadovan\u00e1 doba \u010dten\u00ed":"1 minuta"},"schema":{"@context":"https:\/\/schema.org","@graph":[{"@type":"WebSite","@id":"https:\/\/anderskafka.cz\/eshop\/#website","url":"https:\/\/anderskafka.cz\/eshop\/","name":"Anders &amp; Kafka E-SHOP","description":"Anders &amp; Kafka E-SHOP","potentialAction":[{"@type":"SearchAction","target":{"@type":"EntryPoint","urlTemplate":"https:\/\/anderskafka.cz\/eshop\/?s={search_term_string}"},"query-input":"required name=search_term_string"}],"inLanguage":"cs"},{"@type":"ImageObject","@id":"https:\/\/anderskafka.cz\/eshop\/produkt\/eliga-posuvna-ventilace-do-sauny-obdelnikoveho-tvaru-s-regulaci-prutoku-vzduchu\/#primaryimage","inLanguage":"cs","url":"https:\/\/anderskafka.cz\/eshop\/wp-content\/uploads\/sites\/3\/2023\/12\/947.webp","contentUrl":"https:\/\/anderskafka.cz\/eshop\/wp-content\/uploads\/sites\/3\/2023\/12\/947.webp","width":1100,"height":1100},{"@type":"WebPage","@id":"https:\/\/anderskafka.cz\/eshop\/produkt\/eliga-posuvna-ventilace-do-sauny-obdelnikoveho-tvaru-s-regulaci-prutoku-vzduchu\/#webpage","url":"https:\/\/anderskafka.cz\/eshop\/produkt\/eliga-posuvna-ventilace-do-sauny-obdelnikoveho-tvaru-s-regulaci-prutoku-vzduchu\/","name":"ELIGA posuvn\u00e1 ventilace do sauny obdeln\u00edkov\u00e9ho tvaru s regulac\u00ed pr\u016ftoku vzduchu - Anders &amp; Kafka E-SHOP","isPartOf":{"@id":"https:\/\/anderskafka.cz\/eshop\/#website"},"primaryImageOfPage":{"@id":"https:\/\/anderskafka.cz\/eshop\/produkt\/eliga-posuvna-ventilace-do-sauny-obdelnikoveho-tvaru-s-regulaci-prutoku-vzduchu\/#primaryimage"},"datePublished":"2023-12-10T14:25:16+00:00","dateModified":"2025-11-19T07:24:49+00:00","description":"Posuvn\u00e1 ventilace \u00a0pro pou\u017eit\u00ed v saun\u011b nebo infrasaun\u011b s mo\u017enost\u00ed regulace pr\u016ftoku vzduchu v saun\u011b. Je vyrobena z masivn\u00edho d\u0159eva borovice.","breadcrumb":{"@id":"https:\/\/anderskafka.cz\/eshop\/produkt\/eliga-posuvna-ventilace-do-sauny-obdelnikoveho-tvaru-s-regulaci-prutoku-vzduchu\/#breadcrumb"},"inLanguage":"cs","potentialAction":[{"@type":"ReadAction","target":["https:\/\/anderskafka.cz\/eshop\/produkt\/eliga-posuvna-ventilace-do-sauny-obdelnikoveho-tvaru-s-regulaci-prutoku-vzduchu\/"]}]},{"@type":"BreadcrumbList","@id":"https:\/\/anderskafka.cz\/eshop\/produkt\/eliga-posuvna-ventilace-do-sauny-obdelnikoveho-tvaru-s-regulaci-prutoku-vzduchu\/#breadcrumb","itemListElement":[{"@type":"ListItem","position":1,"name":"Obchod","item":"https:\/\/anderskafka.cz\/eshop\/obchod\/"},{"@type":"ListItem","position":2,"name":"ELIGA posuvn\u00e1 ventilace do sauny obdeln\u00edkov\u00e9ho tvaru s regulac\u00ed pr\u016ftoku vzduchu"}]}]}},"locations":[],"_links":{"self":[{"href":"https:\/\/anderskafka.cz\/eshop\/wp-json\/wp\/v2\/product\/5819"}],"collection":[{"href":"https:\/\/anderskafka.cz\/eshop\/wp-json\/wp\/v2\/product"}],"about":[{"href":"https:\/\/anderskafka.cz\/eshop\/wp-json\/wp\/v2\/types\/product"}],"replies":[{"embeddable":true,"href":"https:\/\/anderskafka.cz\/eshop\/wp-json\/wp\/v2\/comments?post=5819"}],"wp:featuredmedia":[{"embeddable":true,"href":"https:\/\/anderskafka.cz\/eshop\/wp-json\/wp\/v2\/media\/5824"}],"wp:attachment":[{"href":"https:\/\/anderskafka.cz\/eshop\/wp-json\/wp\/v2\/media?parent=5819"}],"wp:term":[{"taxonomy":"location","embeddable":true,"href":"https:\/\/anderskafka.cz\/eshop\/wp-json\/wp\/v2\/location?post=5819"},{"taxonomy":"product_cat","embeddable":true,"href":"https:\/\/anderskafka.cz\/eshop\/wp-json\/wp\/v2\/product_cat?post=5819"},{"taxonomy":"product_tag","embeddable":true,"href":"https:\/\/anderskafka.cz\/eshop\/wp-json\/wp\/v2\/product_tag?post=5819"}],"curies":[{"name":"wp","href":"https:\/\/api.w.org\/{rel}","templated":true}]}}