{"id":5916,"date":"2023-12-12T11:46:45","date_gmt":"2023-12-12T10:46:45","guid":{"rendered":"https:\/\/anderskafka.cz\/eshop\/?post_type=product&#038;p=5916"},"modified":"2026-02-26T13:43:09","modified_gmt":"2026-02-26T12:43:09","slug":"rento-turban-na-vlasy-kenno-cerno-sedy","status":"publish","type":"product","link":"https:\/\/anderskafka.cz\/eshop\/produkt\/rento-turban-na-vlasy-kenno-cerno-sedy\/","title":{"rendered":"RENTO turban na vlasy kenno, \u010derno \u0161ed\u00fd"},"content":{"rendered":"<p>Tento kr\u00e1sn\u00fd turban na vlasy jemn\u011b vysu\u0161\u00ed Va\u0161e vlasy a ochr\u00e1n\u00ed je v saun\u011b, v\u00ed\u0159ivce nebo p\u0159i o\u0161et\u0159en\u00ed obli\u010deje. Knofl\u00edk pro uchycen\u00ed poutka je vyroben z kokosov\u00e9 sko\u0159\u00e1pky.<br \/>\nTurban ochr\u00e1n\u00ed Va\u0161i hlavu proti p\u0159eh\u0159\u00edv\u00e1n\u00ed a nav\u00edc bude stylov\u00fdm dopl\u0148kem.<br \/>\nSaunov\u00e9 textilie Kenno jsou vyrobeny z recyklovan\u00e9 bavlny, kter\u00e1 dod\u00e1v\u00e1 l\u00e1tce p\u0159irozenou m\u011bkkost a z\u00e1\u0159ivou texturu. Slo\u017een\u00ed 75% recyklovan\u00e1 bavlna, 25% polyester.<br \/>\nP\u0159i p\u00e9\u010di o turban se \u0159i\u010fte o\u0161et\u0159ovac\u00edmi symboly uveden\u00fdmi na v\u00fdrobku. B\u011b\u017en\u00e9 pran\u00ed na 40 stup\u0148\u016f. \u017dehlete na vysokou teplotu. Neb\u011blit. Nesu\u0161te v su\u0161i\u010dce.<\/p>\n<p>Finsk\u00e1 kvalita.<\/p>\n<p>Kilt nen\u00ed sou\u010d\u00e1st\u00ed balen\u00ed.<\/p>\n","protected":false},"excerpt":{"rendered":"<p>Tento kr\u00e1sn\u00fd turban na vlasy jemn\u011b vysu\u0161\u00ed Va\u0161e vlasy a ochr\u00e1n\u00ed je v saun\u011b, v\u00ed\u0159ivce nebo p\u0159i o\u0161et\u0159en\u00ed obli\u010deje. Knofl\u00edk pro uchycen\u00ed poutka je vyroben z kokosov\u00e9 sko\u0159\u00e1pky.<br \/>\nNavr\u017eeno ve Finsku, specialistou na saunov\u00e9 dopl\u0148ky spole\u010dnost\u00ed RENTO. Relaxujte a u\u017e\u00edvejte si harmonii z autentick\u00e9ho z\u00e1\u017eitku finsk\u00e9 sauny.<img loading=\"lazy\" class=\"wp-image-135 aligncenter\" src=\"https:\/\/anderskafka.cz\/eshop\/wp-content\/uploads\/sites\/3\/2022\/06\/DesignFromFinland_web-1-300x300.png\" alt=\"\" width=\"178\" height=\"178\" \/><\/p>\n","protected":false},"featured_media":5920,"comment_status":"open","ping_status":"closed","template":"","meta":{"site-sidebar-layout":"default","site-content-layout":"default","ast-main-header-display":"","ast-hfb-above-header-display":"","ast-hfb-below-header-display":"","ast-hfb-mobile-header-display":"","site-post-title":"","ast-breadcrumbs-content":"","ast-featured-img":"","footer-sml-layout":"","theme-transparent-header-meta":"","adv-header-id-meta":"","stick-header-meta":"","header-above-stick-meta":"","header-main-stick-meta":"","header-below-stick-meta":""},"location":[],"product_cat":[1640,34],"product_tag":[103],"yoast_head":"<!-- This site is optimized with the Yoast SEO plugin v18.5.1 - https:\/\/yoast.com\/wordpress\/plugins\/seo\/ -->\n<title>RENTO turban na vlasy kenno, \u010derno \u0161ed\u00fd - Anders &amp; Kafka E-SHOP<\/title>\n<meta name=\"description\" content=\"Tento kr\u00e1sn\u00fd turban na vlasy jemn\u011b vysu\u0161\u00ed Va\u0161e vlasy a ochr\u00e1n\u00ed je v saun\u011b, v\u00ed\u0159ivce nebo p\u0159i o\u0161et\u0159en\u00ed obli\u010deje. Knofl\u00edk pro uchycen\u00ed poutka je vyroben z kokosov\u00e9 sko\u0159\u00e1pky. Navr\u017eeno ve Finsku, specialistou na saunov\u00e9 dopl\u0148ky spole\u010dnost\u00ed RENTO. Relaxujte a u\u017e\u00edvejte si harmonii z autentick\u00e9ho z\u00e1\u017eitku finsk\u00e9 sauny.\" \/>\n<meta name=\"robots\" content=\"index, follow, max-snippet:-1, max-image-preview:large, max-video-preview:-1\" \/>\n<link rel=\"canonical\" href=\"https:\/\/anderskafka.cz\/eshop\/produkt\/rento-turban-na-vlasy-kenno-cerno-sedy\/\" \/>\n<meta property=\"og:locale\" content=\"cs_CZ\" \/>\n<meta property=\"og:type\" content=\"article\" \/>\n<meta property=\"og:title\" content=\"RENTO turban na vlasy kenno, \u010derno \u0161ed\u00fd - Anders &amp; Kafka E-SHOP\" \/>\n<meta property=\"og:description\" content=\"Tento kr\u00e1sn\u00fd turban na vlasy jemn\u011b vysu\u0161\u00ed Va\u0161e vlasy a ochr\u00e1n\u00ed je v saun\u011b, v\u00ed\u0159ivce nebo p\u0159i o\u0161et\u0159en\u00ed obli\u010deje. Knofl\u00edk pro uchycen\u00ed poutka je vyroben z kokosov\u00e9 sko\u0159\u00e1pky. Navr\u017eeno ve Finsku, specialistou na saunov\u00e9 dopl\u0148ky spole\u010dnost\u00ed RENTO. Relaxujte a u\u017e\u00edvejte si harmonii z autentick\u00e9ho z\u00e1\u017eitku finsk\u00e9 sauny.\" \/>\n<meta property=\"og:url\" content=\"https:\/\/anderskafka.cz\/eshop\/produkt\/rento-turban-na-vlasy-kenno-cerno-sedy\/\" \/>\n<meta property=\"og:site_name\" content=\"Anders &amp; Kafka E-SHOP\" \/>\n<meta property=\"article:modified_time\" content=\"2026-02-26T12:43:09+00:00\" \/>\n<meta property=\"og:image\" content=\"https:\/\/anderskafka.cz\/eshop\/wp-content\/uploads\/sites\/3\/2023\/12\/614577.jpg\" \/>\n\t<meta property=\"og:image:width\" content=\"1450\" \/>\n\t<meta property=\"og:image:height\" content=\"966\" \/>\n\t<meta property=\"og:image:type\" content=\"image\/jpeg\" \/>\n<meta name=\"twitter:card\" content=\"summary_large_image\" \/>\n<meta name=\"twitter:label1\" content=\"Odhadovan\u00e1 doba \u010dten\u00ed\" \/>\n\t<meta name=\"twitter:data1\" content=\"1 minuta\" \/>\n<script type=\"application\/ld+json\" class=\"yoast-schema-graph\">{\"@context\":\"https:\/\/schema.org\",\"@graph\":[{\"@type\":\"WebSite\",\"@id\":\"https:\/\/anderskafka.cz\/eshop\/#website\",\"url\":\"https:\/\/anderskafka.cz\/eshop\/\",\"name\":\"Anders &amp; Kafka E-SHOP\",\"description\":\"Anders &amp; Kafka E-SHOP\",\"potentialAction\":[{\"@type\":\"SearchAction\",\"target\":{\"@type\":\"EntryPoint\",\"urlTemplate\":\"https:\/\/anderskafka.cz\/eshop\/?s={search_term_string}\"},\"query-input\":\"required name=search_term_string\"}],\"inLanguage\":\"cs\"},{\"@type\":\"ImageObject\",\"@id\":\"https:\/\/anderskafka.cz\/eshop\/produkt\/rento-turban-na-vlasy-kenno-cerno-sedy\/#primaryimage\",\"inLanguage\":\"cs\",\"url\":\"https:\/\/anderskafka.cz\/eshop\/wp-content\/uploads\/sites\/3\/2023\/12\/614577.jpg\",\"contentUrl\":\"https:\/\/anderskafka.cz\/eshop\/wp-content\/uploads\/sites\/3\/2023\/12\/614577.jpg\",\"width\":1450,\"height\":966},{\"@type\":\"WebPage\",\"@id\":\"https:\/\/anderskafka.cz\/eshop\/produkt\/rento-turban-na-vlasy-kenno-cerno-sedy\/#webpage\",\"url\":\"https:\/\/anderskafka.cz\/eshop\/produkt\/rento-turban-na-vlasy-kenno-cerno-sedy\/\",\"name\":\"RENTO turban na vlasy kenno, \u010derno \u0161ed\u00fd - Anders &amp; Kafka E-SHOP\",\"isPartOf\":{\"@id\":\"https:\/\/anderskafka.cz\/eshop\/#website\"},\"primaryImageOfPage\":{\"@id\":\"https:\/\/anderskafka.cz\/eshop\/produkt\/rento-turban-na-vlasy-kenno-cerno-sedy\/#primaryimage\"},\"datePublished\":\"2023-12-12T10:46:45+00:00\",\"dateModified\":\"2026-02-26T12:43:09+00:00\",\"description\":\"Tento kr\u00e1sn\u00fd turban na vlasy jemn\u011b vysu\u0161\u00ed Va\u0161e vlasy a ochr\u00e1n\u00ed je v saun\u011b, v\u00ed\u0159ivce nebo p\u0159i o\u0161et\u0159en\u00ed obli\u010deje. Knofl\u00edk pro uchycen\u00ed poutka je vyroben z kokosov\u00e9 sko\u0159\u00e1pky. Navr\u017eeno ve Finsku, specialistou na saunov\u00e9 dopl\u0148ky spole\u010dnost\u00ed RENTO. Relaxujte a u\u017e\u00edvejte si harmonii z autentick\u00e9ho z\u00e1\u017eitku finsk\u00e9 sauny.\",\"breadcrumb\":{\"@id\":\"https:\/\/anderskafka.cz\/eshop\/produkt\/rento-turban-na-vlasy-kenno-cerno-sedy\/#breadcrumb\"},\"inLanguage\":\"cs\",\"potentialAction\":[{\"@type\":\"ReadAction\",\"target\":[\"https:\/\/anderskafka.cz\/eshop\/produkt\/rento-turban-na-vlasy-kenno-cerno-sedy\/\"]}]},{\"@type\":\"BreadcrumbList\",\"@id\":\"https:\/\/anderskafka.cz\/eshop\/produkt\/rento-turban-na-vlasy-kenno-cerno-sedy\/#breadcrumb\",\"itemListElement\":[{\"@type\":\"ListItem\",\"position\":1,\"name\":\"Obchod\",\"item\":\"https:\/\/anderskafka.cz\/eshop\/obchod\/\"},{\"@type\":\"ListItem\",\"position\":2,\"name\":\"RENTO turban na vlasy kenno, \u010derno \u0161ed\u00fd\"}]}]}<\/script>\n<!-- \/ Yoast SEO plugin. -->","yoast_head_json":{"title":"RENTO turban na vlasy kenno, \u010derno \u0161ed\u00fd - Anders &amp; Kafka E-SHOP","description":"Tento kr\u00e1sn\u00fd turban na vlasy jemn\u011b vysu\u0161\u00ed Va\u0161e vlasy a ochr\u00e1n\u00ed je v saun\u011b, v\u00ed\u0159ivce nebo p\u0159i o\u0161et\u0159en\u00ed obli\u010deje. Knofl\u00edk pro uchycen\u00ed poutka je vyroben z kokosov\u00e9 sko\u0159\u00e1pky. Navr\u017eeno ve Finsku, specialistou na saunov\u00e9 dopl\u0148ky spole\u010dnost\u00ed RENTO. Relaxujte a u\u017e\u00edvejte si harmonii z autentick\u00e9ho z\u00e1\u017eitku finsk\u00e9 sauny.","robots":{"index":"index","follow":"follow","max-snippet":"max-snippet:-1","max-image-preview":"max-image-preview:large","max-video-preview":"max-video-preview:-1"},"canonical":"https:\/\/anderskafka.cz\/eshop\/produkt\/rento-turban-na-vlasy-kenno-cerno-sedy\/","og_locale":"cs_CZ","og_type":"article","og_title":"RENTO turban na vlasy kenno, \u010derno \u0161ed\u00fd - Anders &amp; Kafka E-SHOP","og_description":"Tento kr\u00e1sn\u00fd turban na vlasy jemn\u011b vysu\u0161\u00ed Va\u0161e vlasy a ochr\u00e1n\u00ed je v saun\u011b, v\u00ed\u0159ivce nebo p\u0159i o\u0161et\u0159en\u00ed obli\u010deje. Knofl\u00edk pro uchycen\u00ed poutka je vyroben z kokosov\u00e9 sko\u0159\u00e1pky. Navr\u017eeno ve Finsku, specialistou na saunov\u00e9 dopl\u0148ky spole\u010dnost\u00ed RENTO. Relaxujte a u\u017e\u00edvejte si harmonii z autentick\u00e9ho z\u00e1\u017eitku finsk\u00e9 sauny.","og_url":"https:\/\/anderskafka.cz\/eshop\/produkt\/rento-turban-na-vlasy-kenno-cerno-sedy\/","og_site_name":"Anders &amp; Kafka E-SHOP","article_modified_time":"2026-02-26T12:43:09+00:00","og_image":[{"width":1450,"height":966,"url":"https:\/\/anderskafka.cz\/eshop\/wp-content\/uploads\/sites\/3\/2023\/12\/614577.jpg","type":"image\/jpeg"}],"twitter_card":"summary_large_image","twitter_misc":{"Odhadovan\u00e1 doba \u010dten\u00ed":"1 minuta"},"schema":{"@context":"https:\/\/schema.org","@graph":[{"@type":"WebSite","@id":"https:\/\/anderskafka.cz\/eshop\/#website","url":"https:\/\/anderskafka.cz\/eshop\/","name":"Anders &amp; Kafka E-SHOP","description":"Anders &amp; Kafka E-SHOP","potentialAction":[{"@type":"SearchAction","target":{"@type":"EntryPoint","urlTemplate":"https:\/\/anderskafka.cz\/eshop\/?s={search_term_string}"},"query-input":"required name=search_term_string"}],"inLanguage":"cs"},{"@type":"ImageObject","@id":"https:\/\/anderskafka.cz\/eshop\/produkt\/rento-turban-na-vlasy-kenno-cerno-sedy\/#primaryimage","inLanguage":"cs","url":"https:\/\/anderskafka.cz\/eshop\/wp-content\/uploads\/sites\/3\/2023\/12\/614577.jpg","contentUrl":"https:\/\/anderskafka.cz\/eshop\/wp-content\/uploads\/sites\/3\/2023\/12\/614577.jpg","width":1450,"height":966},{"@type":"WebPage","@id":"https:\/\/anderskafka.cz\/eshop\/produkt\/rento-turban-na-vlasy-kenno-cerno-sedy\/#webpage","url":"https:\/\/anderskafka.cz\/eshop\/produkt\/rento-turban-na-vlasy-kenno-cerno-sedy\/","name":"RENTO turban na vlasy kenno, \u010derno \u0161ed\u00fd - Anders &amp; Kafka E-SHOP","isPartOf":{"@id":"https:\/\/anderskafka.cz\/eshop\/#website"},"primaryImageOfPage":{"@id":"https:\/\/anderskafka.cz\/eshop\/produkt\/rento-turban-na-vlasy-kenno-cerno-sedy\/#primaryimage"},"datePublished":"2023-12-12T10:46:45+00:00","dateModified":"2026-02-26T12:43:09+00:00","description":"Tento kr\u00e1sn\u00fd turban na vlasy jemn\u011b vysu\u0161\u00ed Va\u0161e vlasy a ochr\u00e1n\u00ed je v saun\u011b, v\u00ed\u0159ivce nebo p\u0159i o\u0161et\u0159en\u00ed obli\u010deje. Knofl\u00edk pro uchycen\u00ed poutka je vyroben z kokosov\u00e9 sko\u0159\u00e1pky. Navr\u017eeno ve Finsku, specialistou na saunov\u00e9 dopl\u0148ky spole\u010dnost\u00ed RENTO. Relaxujte a u\u017e\u00edvejte si harmonii z autentick\u00e9ho z\u00e1\u017eitku finsk\u00e9 sauny.","breadcrumb":{"@id":"https:\/\/anderskafka.cz\/eshop\/produkt\/rento-turban-na-vlasy-kenno-cerno-sedy\/#breadcrumb"},"inLanguage":"cs","potentialAction":[{"@type":"ReadAction","target":["https:\/\/anderskafka.cz\/eshop\/produkt\/rento-turban-na-vlasy-kenno-cerno-sedy\/"]}]},{"@type":"BreadcrumbList","@id":"https:\/\/anderskafka.cz\/eshop\/produkt\/rento-turban-na-vlasy-kenno-cerno-sedy\/#breadcrumb","itemListElement":[{"@type":"ListItem","position":1,"name":"Obchod","item":"https:\/\/anderskafka.cz\/eshop\/obchod\/"},{"@type":"ListItem","position":2,"name":"RENTO turban na vlasy kenno, \u010derno \u0161ed\u00fd"}]}]}},"locations":[],"_links":{"self":[{"href":"https:\/\/anderskafka.cz\/eshop\/wp-json\/wp\/v2\/product\/5916"}],"collection":[{"href":"https:\/\/anderskafka.cz\/eshop\/wp-json\/wp\/v2\/product"}],"about":[{"href":"https:\/\/anderskafka.cz\/eshop\/wp-json\/wp\/v2\/types\/product"}],"replies":[{"embeddable":true,"href":"https:\/\/anderskafka.cz\/eshop\/wp-json\/wp\/v2\/comments?post=5916"}],"wp:featuredmedia":[{"embeddable":true,"href":"https:\/\/anderskafka.cz\/eshop\/wp-json\/wp\/v2\/media\/5920"}],"wp:attachment":[{"href":"https:\/\/anderskafka.cz\/eshop\/wp-json\/wp\/v2\/media?parent=5916"}],"wp:term":[{"taxonomy":"location","embeddable":true,"href":"https:\/\/anderskafka.cz\/eshop\/wp-json\/wp\/v2\/location?post=5916"},{"taxonomy":"product_cat","embeddable":true,"href":"https:\/\/anderskafka.cz\/eshop\/wp-json\/wp\/v2\/product_cat?post=5916"},{"taxonomy":"product_tag","embeddable":true,"href":"https:\/\/anderskafka.cz\/eshop\/wp-json\/wp\/v2\/product_tag?post=5916"}],"curies":[{"name":"wp","href":"https:\/\/api.w.org\/{rel}","templated":true}]}}