{"id":6117,"date":"2023-12-25T19:31:56","date_gmt":"2023-12-25T18:31:56","guid":{"rendered":"https:\/\/anderskafka.cz\/eshop\/?post_type=product&#038;p=6117"},"modified":"2025-09-18T09:52:24","modified_gmt":"2025-09-18T07:52:24","slug":"eliga-polevaci-vedro-z-nerezovym-o-objemu-75-l","status":"publish","type":"product","link":"https:\/\/anderskafka.cz\/eshop\/produkt\/eliga-polevaci-vedro-z-nerezovym-o-objemu-75-l\/","title":{"rendered":"ELIGA POL\u00c9VAC\u00cd V\u011aDRO \u2013 z nerezu o objemu 7,5 l"},"content":{"rendered":"<p>Kvalitn\u00ed pol\u00e9vac\u00ed v\u011bdro z nerezu. V\u011bdro m\u016f\u017eete upevnit na st\u011bnu nebo strop snadnou mont\u00e1\u017e\u00ed (mont\u00e1\u017en\u00ed \u0161rouby a hmo\u017edinky mus\u00ed odolat zat\u00ed\u017een\u00ed min. 100kg a nejsou sou\u010d\u00e1st\u00ed balen\u00ed). Sou\u010d\u00e1st\u00ed dod\u00e1vky je v\u011bdro, syst\u00e9m napou\u0161t\u011bn\u00ed, \u00a0ta\u017en\u00fd \u0159et\u00edzek o d\u00e9lce cca 700 mm a dr\u017e\u00e1k. V\u0161echny \u00a0\u010d\u00e1sti jsou vyrobeny z nerezov\u00e9 oceli 1.43XX.<\/p>\n<p>Pol\u00e9vac\u00ed v\u011bdro do sauny , kter\u00e9 je vhodn\u00e9 do interi\u00e9ru i exteri\u00e9ru a je vybaveno automatick\u00fdm dopl\u0148ov\u00e1n\u00edm vody formou plov\u00e1ku pomoc\u00ed p\u0159ipojovac\u00ed hadice se z\u00e1vitem 1\/2, s minim\u00e1ln\u00ed d\u00e9lkou p\u0159ipojovac\u00ed hadice 130 cm v p\u0159\u00edpad\u011b n\u00e1st\u011bnce armatury um\u00edstn\u011bn\u00e9 ve stejn\u00e9 \u00farovn\u00ed jako p\u0159ipojovac\u00ed z\u00e1vit na v\u011bdru. V\u00fd\u0161ka m\u00edstnosti by m\u011bla b\u00fdt alespo\u0148 250 cm. Minim\u00e1ln\u00ed v\u00fd\u0161ka ke spodn\u00ed hran\u011b v\u011bdra by m\u011bla b\u00fdt 200 cm. Hladina vody je nastaviteln\u00e1 od 4,5 do 7,5 l (vhodn\u00e9 pro tlak vody 0,5 a\u017e 10 bar), s rychlost\u00ed napou\u0161t\u011bn\u00ed \u00a0cca 7 l\/min. p\u0159i tlaku vody 3 bar, Rozm\u011bry v\u011bdra jsou \u0161 x v cca. 305&#215;270 mm.<\/p>\n<p>VAROVA\u0301NI\u0301: Zkontrolujte, zda je ste\u030cna nebo strop dostatec\u030cne\u030c nosn\u00fd, tenke\u0301 a lehke\u0301 panely nejsou k monta\u0301z\u030ci vhodne\u0301, V\u011bdro nesm\u00ed b\u00fdt um\u00edst\u011bno v chlorov\u00e9m, \u010di soln\u00e9m prost\u0159ed\u00ed, komponenty z\u00a0 nerezov\u00e9 oceli pot\u00e9 podl\u00e9haj\u00ed korozi, nikdy ne\u010dist\u011bte v\u011bdro \u00a0chlorov\u00fdmi \u010distic\u00edmi prost\u0159edky<\/p>\n<p>V p\u0159\u00edpad\u011b nutnosti pou\u017eit\u00ed v\u011bdra v chlorov\u00e9m, \u010di soln\u00e9m prost\u0159ed\u00ed n\u00e1s pros\u00edm kontaktujte s \u017e\u00e1dost\u00ed o individu\u00e1ln\u00edm necen\u011bn\u00ed.<\/p>\n<p>Doporu\u010dujeme v\u011bdro po saunov\u00e1n\u00ed vypr\u00e1zdnit, nenech\u00e1vejte v n\u011bm napu\u0161t\u011bnou vodu, pokud se v\u011bdro nepou\u017e\u00edv\u00e1. K o\u0161et\u0159en\u00ed a \u010dist\u011bn\u00ed v\u011bdra pou\u017eijte p\u0159\u00edpravky ur\u010den\u00e9 pro o\u0161et\u0159en\u00ed nerezov\u00e9 oceli. V\u011bdro doporu\u010dujeme \u00a0pravideln\u011b desinfikovat cca jednou za m\u011bs\u00edc.<\/p>\n","protected":false},"excerpt":{"rendered":"<p style=\"font-weight: 400;text-align: left\">Kvalitn\u00ed pol\u00e9vac\u00ed v\u011bdro z nerezu. V\u011bdro se m\u016f\u017ee upevnit na st\u011bnu nebo strop a je vybaveno automatick\u00fdm dopou\u0161t\u011bn\u00edm.<\/p>\n<p>&nbsp;<\/p>\n<p>N\u011bmeck\u00e1 spole\u010dnost ELIGA Saunatechnik GmbH je specialistou na saunovou techniku &amp; wellness s mnohalet\u00fdmi zku\u0161enostmi a know-how s v\u00fdrobou saunov\u00fdch dopl\u0148k\u016f a technologi\u00ed.<\/p>\n","protected":false},"featured_media":6118,"comment_status":"open","ping_status":"closed","template":"","meta":{"site-sidebar-layout":"default","site-content-layout":"default","ast-main-header-display":"","ast-hfb-above-header-display":"","ast-hfb-below-header-display":"","ast-hfb-mobile-header-display":"","site-post-title":"","ast-breadcrumbs-content":"","ast-featured-img":"","footer-sml-layout":"","theme-transparent-header-meta":"","adv-header-id-meta":"","stick-header-meta":"","header-above-stick-meta":"","header-main-stick-meta":"","header-below-stick-meta":""},"location":[],"product_cat":[1086],"product_tag":[461],"yoast_head":"<!-- This site is optimized with the Yoast SEO plugin v18.5.1 - https:\/\/yoast.com\/wordpress\/plugins\/seo\/ -->\n<title>ELIGA POL\u00c9VAC\u00cd V\u011aDRO \u2013 z nerezu o objemu 7,5 l - Anders &amp; Kafka E-SHOP<\/title>\n<meta name=\"description\" content=\"Kvalitn\u00ed pol\u00e9vac\u00ed v\u011bdro z nerezu. V\u011bdro se m\u016f\u017ee upevnit na st\u011bnu nebo strop a je vybaveno automatick\u00fdm dopou\u0161t\u011bn\u00edm. &nbsp;  N\u011bmeck\u00e1 spole\u010dnost ELIGA Saunatechnik GmbH je specialistou na saunovou techniku &amp; wellness s mnohalet\u00fdmi zku\u0161enostmi a know-how s v\u00fdrobou saunov\u00fdch dopl\u0148k\u016f a technologi\u00ed.\" \/>\n<meta name=\"robots\" content=\"index, follow, max-snippet:-1, max-image-preview:large, max-video-preview:-1\" \/>\n<link rel=\"canonical\" href=\"https:\/\/anderskafka.cz\/eshop\/produkt\/eliga-polevaci-vedro-z-nerezovym-o-objemu-75-l\/\" \/>\n<meta property=\"og:locale\" content=\"cs_CZ\" \/>\n<meta property=\"og:type\" content=\"article\" \/>\n<meta property=\"og:title\" content=\"ELIGA POL\u00c9VAC\u00cd V\u011aDRO \u2013 z nerezu o objemu 7,5 l - Anders &amp; Kafka E-SHOP\" \/>\n<meta property=\"og:description\" content=\"Kvalitn\u00ed pol\u00e9vac\u00ed v\u011bdro z nerezu. V\u011bdro se m\u016f\u017ee upevnit na st\u011bnu nebo strop a je vybaveno automatick\u00fdm dopou\u0161t\u011bn\u00edm. &nbsp;  N\u011bmeck\u00e1 spole\u010dnost ELIGA Saunatechnik GmbH je specialistou na saunovou techniku &amp; wellness s mnohalet\u00fdmi zku\u0161enostmi a know-how s v\u00fdrobou saunov\u00fdch dopl\u0148k\u016f a technologi\u00ed.\" \/>\n<meta property=\"og:url\" content=\"https:\/\/anderskafka.cz\/eshop\/produkt\/eliga-polevaci-vedro-z-nerezovym-o-objemu-75-l\/\" \/>\n<meta property=\"og:site_name\" content=\"Anders &amp; Kafka E-SHOP\" \/>\n<meta property=\"article:modified_time\" content=\"2025-09-18T07:52:24+00:00\" \/>\n<meta property=\"og:image\" content=\"https:\/\/anderskafka.cz\/eshop\/wp-content\/uploads\/sites\/3\/2023\/12\/87039-Schwalleimer-aus-Edelstahl-mit-Haltebugel.jpg\" \/>\n\t<meta property=\"og:image:width\" content=\"1200\" \/>\n\t<meta property=\"og:image:height\" content=\"1119\" \/>\n\t<meta property=\"og:image:type\" content=\"image\/jpeg\" \/>\n<meta name=\"twitter:card\" content=\"summary_large_image\" \/>\n<meta name=\"twitter:label1\" content=\"Odhadovan\u00e1 doba \u010dten\u00ed\" \/>\n\t<meta name=\"twitter:data1\" content=\"2 minuty\" \/>\n<script type=\"application\/ld+json\" class=\"yoast-schema-graph\">{\"@context\":\"https:\/\/schema.org\",\"@graph\":[{\"@type\":\"WebSite\",\"@id\":\"https:\/\/anderskafka.cz\/eshop\/#website\",\"url\":\"https:\/\/anderskafka.cz\/eshop\/\",\"name\":\"Anders &amp; Kafka E-SHOP\",\"description\":\"Anders &amp; Kafka E-SHOP\",\"potentialAction\":[{\"@type\":\"SearchAction\",\"target\":{\"@type\":\"EntryPoint\",\"urlTemplate\":\"https:\/\/anderskafka.cz\/eshop\/?s={search_term_string}\"},\"query-input\":\"required name=search_term_string\"}],\"inLanguage\":\"cs\"},{\"@type\":\"ImageObject\",\"@id\":\"https:\/\/anderskafka.cz\/eshop\/produkt\/eliga-polevaci-vedro-z-nerezovym-o-objemu-75-l\/#primaryimage\",\"inLanguage\":\"cs\",\"url\":\"https:\/\/anderskafka.cz\/eshop\/wp-content\/uploads\/sites\/3\/2023\/12\/87039-Schwalleimer-aus-Edelstahl-mit-Haltebugel.jpg\",\"contentUrl\":\"https:\/\/anderskafka.cz\/eshop\/wp-content\/uploads\/sites\/3\/2023\/12\/87039-Schwalleimer-aus-Edelstahl-mit-Haltebugel.jpg\",\"width\":1200,\"height\":1119},{\"@type\":\"WebPage\",\"@id\":\"https:\/\/anderskafka.cz\/eshop\/produkt\/eliga-polevaci-vedro-z-nerezovym-o-objemu-75-l\/#webpage\",\"url\":\"https:\/\/anderskafka.cz\/eshop\/produkt\/eliga-polevaci-vedro-z-nerezovym-o-objemu-75-l\/\",\"name\":\"ELIGA POL\u00c9VAC\u00cd V\u011aDRO \u2013 z nerezu o objemu 7,5 l - Anders &amp; Kafka E-SHOP\",\"isPartOf\":{\"@id\":\"https:\/\/anderskafka.cz\/eshop\/#website\"},\"primaryImageOfPage\":{\"@id\":\"https:\/\/anderskafka.cz\/eshop\/produkt\/eliga-polevaci-vedro-z-nerezovym-o-objemu-75-l\/#primaryimage\"},\"datePublished\":\"2023-12-25T18:31:56+00:00\",\"dateModified\":\"2025-09-18T07:52:24+00:00\",\"description\":\"Kvalitn\u00ed pol\u00e9vac\u00ed v\u011bdro z nerezu. V\u011bdro se m\u016f\u017ee upevnit na st\u011bnu nebo strop a je vybaveno automatick\u00fdm dopou\u0161t\u011bn\u00edm. &nbsp; N\u011bmeck\u00e1 spole\u010dnost ELIGA Saunatechnik GmbH je specialistou na saunovou techniku &amp; wellness s mnohalet\u00fdmi zku\u0161enostmi a know-how s v\u00fdrobou saunov\u00fdch dopl\u0148k\u016f a technologi\u00ed.\",\"breadcrumb\":{\"@id\":\"https:\/\/anderskafka.cz\/eshop\/produkt\/eliga-polevaci-vedro-z-nerezovym-o-objemu-75-l\/#breadcrumb\"},\"inLanguage\":\"cs\",\"potentialAction\":[{\"@type\":\"ReadAction\",\"target\":[\"https:\/\/anderskafka.cz\/eshop\/produkt\/eliga-polevaci-vedro-z-nerezovym-o-objemu-75-l\/\"]}]},{\"@type\":\"BreadcrumbList\",\"@id\":\"https:\/\/anderskafka.cz\/eshop\/produkt\/eliga-polevaci-vedro-z-nerezovym-o-objemu-75-l\/#breadcrumb\",\"itemListElement\":[{\"@type\":\"ListItem\",\"position\":1,\"name\":\"Obchod\",\"item\":\"https:\/\/anderskafka.cz\/eshop\/obchod\/\"},{\"@type\":\"ListItem\",\"position\":2,\"name\":\"ELIGA POL\u00c9VAC\u00cd V\u011aDRO \u2013 z nerezu o objemu 7,5 l\"}]}]}<\/script>\n<!-- \/ Yoast SEO plugin. -->","yoast_head_json":{"title":"ELIGA POL\u00c9VAC\u00cd V\u011aDRO \u2013 z nerezu o objemu 7,5 l - Anders &amp; Kafka E-SHOP","description":"Kvalitn\u00ed pol\u00e9vac\u00ed v\u011bdro z nerezu. V\u011bdro se m\u016f\u017ee upevnit na st\u011bnu nebo strop a je vybaveno automatick\u00fdm dopou\u0161t\u011bn\u00edm. &nbsp;  N\u011bmeck\u00e1 spole\u010dnost ELIGA Saunatechnik GmbH je specialistou na saunovou techniku &amp; wellness s mnohalet\u00fdmi zku\u0161enostmi a know-how s v\u00fdrobou saunov\u00fdch dopl\u0148k\u016f a technologi\u00ed.","robots":{"index":"index","follow":"follow","max-snippet":"max-snippet:-1","max-image-preview":"max-image-preview:large","max-video-preview":"max-video-preview:-1"},"canonical":"https:\/\/anderskafka.cz\/eshop\/produkt\/eliga-polevaci-vedro-z-nerezovym-o-objemu-75-l\/","og_locale":"cs_CZ","og_type":"article","og_title":"ELIGA POL\u00c9VAC\u00cd V\u011aDRO \u2013 z nerezu o objemu 7,5 l - Anders &amp; Kafka E-SHOP","og_description":"Kvalitn\u00ed pol\u00e9vac\u00ed v\u011bdro z nerezu. V\u011bdro se m\u016f\u017ee upevnit na st\u011bnu nebo strop a je vybaveno automatick\u00fdm dopou\u0161t\u011bn\u00edm. &nbsp;  N\u011bmeck\u00e1 spole\u010dnost ELIGA Saunatechnik GmbH je specialistou na saunovou techniku &amp; wellness s mnohalet\u00fdmi zku\u0161enostmi a know-how s v\u00fdrobou saunov\u00fdch dopl\u0148k\u016f a technologi\u00ed.","og_url":"https:\/\/anderskafka.cz\/eshop\/produkt\/eliga-polevaci-vedro-z-nerezovym-o-objemu-75-l\/","og_site_name":"Anders &amp; Kafka E-SHOP","article_modified_time":"2025-09-18T07:52:24+00:00","og_image":[{"width":1200,"height":1119,"url":"https:\/\/anderskafka.cz\/eshop\/wp-content\/uploads\/sites\/3\/2023\/12\/87039-Schwalleimer-aus-Edelstahl-mit-Haltebugel.jpg","type":"image\/jpeg"}],"twitter_card":"summary_large_image","twitter_misc":{"Odhadovan\u00e1 doba \u010dten\u00ed":"2 minuty"},"schema":{"@context":"https:\/\/schema.org","@graph":[{"@type":"WebSite","@id":"https:\/\/anderskafka.cz\/eshop\/#website","url":"https:\/\/anderskafka.cz\/eshop\/","name":"Anders &amp; Kafka E-SHOP","description":"Anders &amp; Kafka E-SHOP","potentialAction":[{"@type":"SearchAction","target":{"@type":"EntryPoint","urlTemplate":"https:\/\/anderskafka.cz\/eshop\/?s={search_term_string}"},"query-input":"required name=search_term_string"}],"inLanguage":"cs"},{"@type":"ImageObject","@id":"https:\/\/anderskafka.cz\/eshop\/produkt\/eliga-polevaci-vedro-z-nerezovym-o-objemu-75-l\/#primaryimage","inLanguage":"cs","url":"https:\/\/anderskafka.cz\/eshop\/wp-content\/uploads\/sites\/3\/2023\/12\/87039-Schwalleimer-aus-Edelstahl-mit-Haltebugel.jpg","contentUrl":"https:\/\/anderskafka.cz\/eshop\/wp-content\/uploads\/sites\/3\/2023\/12\/87039-Schwalleimer-aus-Edelstahl-mit-Haltebugel.jpg","width":1200,"height":1119},{"@type":"WebPage","@id":"https:\/\/anderskafka.cz\/eshop\/produkt\/eliga-polevaci-vedro-z-nerezovym-o-objemu-75-l\/#webpage","url":"https:\/\/anderskafka.cz\/eshop\/produkt\/eliga-polevaci-vedro-z-nerezovym-o-objemu-75-l\/","name":"ELIGA POL\u00c9VAC\u00cd V\u011aDRO \u2013 z nerezu o objemu 7,5 l - Anders &amp; Kafka E-SHOP","isPartOf":{"@id":"https:\/\/anderskafka.cz\/eshop\/#website"},"primaryImageOfPage":{"@id":"https:\/\/anderskafka.cz\/eshop\/produkt\/eliga-polevaci-vedro-z-nerezovym-o-objemu-75-l\/#primaryimage"},"datePublished":"2023-12-25T18:31:56+00:00","dateModified":"2025-09-18T07:52:24+00:00","description":"Kvalitn\u00ed pol\u00e9vac\u00ed v\u011bdro z nerezu. V\u011bdro se m\u016f\u017ee upevnit na st\u011bnu nebo strop a je vybaveno automatick\u00fdm dopou\u0161t\u011bn\u00edm. &nbsp; N\u011bmeck\u00e1 spole\u010dnost ELIGA Saunatechnik GmbH je specialistou na saunovou techniku &amp; wellness s mnohalet\u00fdmi zku\u0161enostmi a know-how s v\u00fdrobou saunov\u00fdch dopl\u0148k\u016f a technologi\u00ed.","breadcrumb":{"@id":"https:\/\/anderskafka.cz\/eshop\/produkt\/eliga-polevaci-vedro-z-nerezovym-o-objemu-75-l\/#breadcrumb"},"inLanguage":"cs","potentialAction":[{"@type":"ReadAction","target":["https:\/\/anderskafka.cz\/eshop\/produkt\/eliga-polevaci-vedro-z-nerezovym-o-objemu-75-l\/"]}]},{"@type":"BreadcrumbList","@id":"https:\/\/anderskafka.cz\/eshop\/produkt\/eliga-polevaci-vedro-z-nerezovym-o-objemu-75-l\/#breadcrumb","itemListElement":[{"@type":"ListItem","position":1,"name":"Obchod","item":"https:\/\/anderskafka.cz\/eshop\/obchod\/"},{"@type":"ListItem","position":2,"name":"ELIGA POL\u00c9VAC\u00cd V\u011aDRO \u2013 z nerezu o objemu 7,5 l"}]}]}},"locations":[],"_links":{"self":[{"href":"https:\/\/anderskafka.cz\/eshop\/wp-json\/wp\/v2\/product\/6117"}],"collection":[{"href":"https:\/\/anderskafka.cz\/eshop\/wp-json\/wp\/v2\/product"}],"about":[{"href":"https:\/\/anderskafka.cz\/eshop\/wp-json\/wp\/v2\/types\/product"}],"replies":[{"embeddable":true,"href":"https:\/\/anderskafka.cz\/eshop\/wp-json\/wp\/v2\/comments?post=6117"}],"wp:featuredmedia":[{"embeddable":true,"href":"https:\/\/anderskafka.cz\/eshop\/wp-json\/wp\/v2\/media\/6118"}],"wp:attachment":[{"href":"https:\/\/anderskafka.cz\/eshop\/wp-json\/wp\/v2\/media?parent=6117"}],"wp:term":[{"taxonomy":"location","embeddable":true,"href":"https:\/\/anderskafka.cz\/eshop\/wp-json\/wp\/v2\/location?post=6117"},{"taxonomy":"product_cat","embeddable":true,"href":"https:\/\/anderskafka.cz\/eshop\/wp-json\/wp\/v2\/product_cat?post=6117"},{"taxonomy":"product_tag","embeddable":true,"href":"https:\/\/anderskafka.cz\/eshop\/wp-json\/wp\/v2\/product_tag?post=6117"}],"curies":[{"name":"wp","href":"https:\/\/api.w.org\/{rel}","templated":true}]}}