{"id":6147,"date":"2023-12-27T19:01:54","date_gmt":"2023-12-27T18:01:54","guid":{"rendered":"https:\/\/anderskafka.cz\/eshop\/?post_type=product&#038;p=6147"},"modified":"2025-11-18T16:38:20","modified_gmt":"2025-11-18T15:38:20","slug":"sentiotec-polevaci-vedro-z-osiky-o-objemu-18-l","status":"publish","type":"product","link":"https:\/\/anderskafka.cz\/eshop\/produkt\/sentiotec-polevaci-vedro-z-osiky-o-objemu-18-l\/","title":{"rendered":"HARVIA AUSTRIA pol\u00e9vac\u00ed v\u011bdro z osiky o objemu 18L"},"content":{"rendered":"<p>Modern\u00ed pol\u00e9vac\u00ed v\u011bdro z osiky s vnit\u0159n\u00ed plastovou vlo\u017ekou vhodn\u00e9 pro vnit\u0159n\u00ed i venkovn\u00ed pou\u017eit\u00ed. V\u011bdro m\u016f\u017eete upevnit na st\u011bnu nebo strop snadnou mont\u00e1\u017e\u00ed (mont\u00e1\u017en\u00ed \u0161rouby a hmo\u017edinky mus\u00ed odolat zat\u00ed\u017een\u00ed min. 100kg a nejsou sou\u010d\u00e1st\u00ed balen\u00ed). Sou\u010d\u00e1st\u00ed dod\u00e1vky je v\u011bdro, syst\u00e9m napou\u0161t\u011bn\u00ed, \u00a0ta\u017en\u00fd provaz o d\u00e9lce cca 800 mm a dr\u017e\u00e1k.<\/p>\n<p>Modern\u00ed pol\u00e9vac\u00ed v\u011bdro do sauny je vybaveno automatick\u00fdm dopl\u0148ov\u00e1n\u00edm vody formou plov\u00e1ku pomoc\u00ed p\u0159ipojovac\u00ed hadice se z\u00e1vitem 1\/2. V\u00fd\u0161ka m\u00edstnosti by m\u011bla b\u00fdt alespo\u0148 250 cm. Minim\u00e1ln\u00ed v\u00fd\u0161ka ke spodn\u00ed hran\u011b v\u011bdra by m\u011bla b\u00fdt 200 cm.<\/p>\n<p>VAROVA\u0301NI\u0301: Zkontrolujte, zda je ste\u030cna nebo strop dostatec\u030cne\u030c nosn\u00fd, tenke\u0301 a lehke\u0301 panely nejsou k monta\u0301z\u030ci vhodne\u0301.<\/p>\n<p>Pol\u00e9vac\u00ed v\u011bdro je p\u0159\u00edrodn\u00ed produkt vyroben\u00fd ze d\u0159eva a podl\u00e9h\u00e1 tedy p\u0159irozen\u00e9 z\u00e1konnosti. To znamen\u00e1, \u017ee d\u0159evo v z\u00e1vislosti na vlhkosti\/suchu bobtn\u00e1, smr\u0161\u0165uje se nebo tvo\u0159\u00ed praskliny.<\/p>\n<p>Doporu\u010dujeme v\u00fdm\u011bnu vody v p\u0159\u00edpad\u011b, \u017ee nen\u00ed pou\u017e\u00edv\u00e1no v intervalu ne del\u0161\u00ed ne\u017e jeden t\u00fdden. V\u011bdro doporu\u010dujeme \u00a0pravideln\u011b desinfikovat cca jednou za m\u011bs\u00edc.<\/p>\n","protected":false},"excerpt":{"rendered":"<p style=\"font-weight: 400;text-align: left\">Modern\u00ed pol\u00e9vac\u00ed v\u011bdro z osiky s vnit\u0159n\u00ed plastovou vlo\u017ekou vhodn\u00e9 pro vnit\u0159n\u00ed i venkovn\u00ed pou\u017eit\u00ed. V\u011bdro se m\u016f\u017ee upevnit na st\u011bnu nebo strop a je vybaveno automatick\u00fdm dopou\u0161t\u011bn\u00edm.<\/p>\n<p>Spole\u010dnost HARVIA AUSTRIA vyv\u00edj\u00ed a vyr\u00e1b\u00ed kvalitn\u00ed a inovativn\u00ed produkty ur\u010den\u00e9 k tomu, aby Va\u0161e chv\u00edle str\u00e1ven\u00e9 v saun\u011b byly co nejv\u00edce relaxuj\u00edc\u00ed.<br \/>\n<img loading=\"lazy\" class=\"alignnone size-full wp-image-1323 aligncenter\" src=\"https:\/\/anderskafka.cz\/eshop\/wp-content\/uploads\/sites\/3\/2022\/12\/logoHarvia.png\" alt=\"\" width=\"102\" height=\"102\" srcset=\"https:\/\/anderskafka.cz\/eshop\/wp-content\/uploads\/sites\/3\/2022\/12\/logoHarvia.png 102w, https:\/\/anderskafka.cz\/eshop\/wp-content\/uploads\/sites\/3\/2022\/12\/logoHarvia-100x100.png 100w, https:\/\/anderskafka.cz\/eshop\/wp-content\/uploads\/sites\/3\/2022\/12\/logoHarvia-64x64.png 64w\" sizes=\"(max-width: 102px) 100vw, 102px\" \/><\/p>\n","protected":false},"featured_media":6170,"comment_status":"open","ping_status":"closed","template":"","meta":{"site-sidebar-layout":"default","site-content-layout":"default","ast-main-header-display":"","ast-hfb-above-header-display":"","ast-hfb-below-header-display":"","ast-hfb-mobile-header-display":"","site-post-title":"","ast-breadcrumbs-content":"","ast-featured-img":"","footer-sml-layout":"","theme-transparent-header-meta":"","adv-header-id-meta":"","stick-header-meta":"","header-above-stick-meta":"","header-main-stick-meta":"","header-below-stick-meta":""},"location":[],"product_cat":[1086],"product_tag":[324],"yoast_head":"<!-- This site is optimized with the Yoast SEO plugin v18.5.1 - https:\/\/yoast.com\/wordpress\/plugins\/seo\/ -->\n<title>HARVIA AUSTRIA pol\u00e9vac\u00ed v\u011bdro z osiky o objemu 18L - Anders &amp; Kafka E-SHOP<\/title>\n<meta name=\"description\" content=\"Modern\u00ed pol\u00e9vac\u00ed v\u011bdro z osiky s vnit\u0159n\u00ed plastovou vlo\u017ekou vhodn\u00e9 pro vnit\u0159n\u00ed i venkovn\u00ed pou\u017eit\u00ed. V\u011bdro se m\u016f\u017ee upevnit na st\u011bnu nebo strop a je vybaveno automatick\u00fdm dopou\u0161t\u011bn\u00edm. Spole\u010dnost HARVIA AUSTRIA vyv\u00edj\u00ed a vyr\u00e1b\u00ed kvalitn\u00ed a inovativn\u00ed produkty ur\u010den\u00e9 k tomu, aby Va\u0161e chv\u00edle str\u00e1ven\u00e9 v saun\u011b byly co nejv\u00edce relaxuj\u00edc\u00ed.\" \/>\n<meta name=\"robots\" content=\"index, follow, max-snippet:-1, max-image-preview:large, max-video-preview:-1\" \/>\n<link rel=\"canonical\" href=\"https:\/\/anderskafka.cz\/eshop\/produkt\/sentiotec-polevaci-vedro-z-osiky-o-objemu-18-l\/\" \/>\n<meta property=\"og:locale\" content=\"cs_CZ\" \/>\n<meta property=\"og:type\" content=\"article\" \/>\n<meta property=\"og:title\" content=\"HARVIA AUSTRIA pol\u00e9vac\u00ed v\u011bdro z osiky o objemu 18L - Anders &amp; Kafka E-SHOP\" \/>\n<meta property=\"og:description\" content=\"Modern\u00ed pol\u00e9vac\u00ed v\u011bdro z osiky s vnit\u0159n\u00ed plastovou vlo\u017ekou vhodn\u00e9 pro vnit\u0159n\u00ed i venkovn\u00ed pou\u017eit\u00ed. V\u011bdro se m\u016f\u017ee upevnit na st\u011bnu nebo strop a je vybaveno automatick\u00fdm dopou\u0161t\u011bn\u00edm. Spole\u010dnost HARVIA AUSTRIA vyv\u00edj\u00ed a vyr\u00e1b\u00ed kvalitn\u00ed a inovativn\u00ed produkty ur\u010den\u00e9 k tomu, aby Va\u0161e chv\u00edle str\u00e1ven\u00e9 v saun\u011b byly co nejv\u00edce relaxuj\u00edc\u00ed.\" \/>\n<meta property=\"og:url\" content=\"https:\/\/anderskafka.cz\/eshop\/produkt\/sentiotec-polevaci-vedro-z-osiky-o-objemu-18-l\/\" \/>\n<meta property=\"og:site_name\" content=\"Anders &amp; Kafka E-SHOP\" \/>\n<meta property=\"article:modified_time\" content=\"2025-11-18T15:38:20+00:00\" \/>\n<meta property=\"og:image\" content=\"https:\/\/anderskafka.cz\/eshop\/wp-content\/uploads\/sites\/3\/2023\/12\/Sentiotec_Schwalldusche_393-A_p1.png\" \/>\n\t<meta property=\"og:image:width\" content=\"2000\" \/>\n\t<meta property=\"og:image:height\" content=\"2000\" \/>\n\t<meta property=\"og:image:type\" content=\"image\/png\" \/>\n<meta name=\"twitter:card\" content=\"summary_large_image\" \/>\n<meta name=\"twitter:label1\" content=\"Odhadovan\u00e1 doba \u010dten\u00ed\" \/>\n\t<meta name=\"twitter:data1\" content=\"1 minuta\" \/>\n<script type=\"application\/ld+json\" class=\"yoast-schema-graph\">{\"@context\":\"https:\/\/schema.org\",\"@graph\":[{\"@type\":\"WebSite\",\"@id\":\"https:\/\/anderskafka.cz\/eshop\/#website\",\"url\":\"https:\/\/anderskafka.cz\/eshop\/\",\"name\":\"Anders &amp; Kafka E-SHOP\",\"description\":\"Anders &amp; Kafka E-SHOP\",\"potentialAction\":[{\"@type\":\"SearchAction\",\"target\":{\"@type\":\"EntryPoint\",\"urlTemplate\":\"https:\/\/anderskafka.cz\/eshop\/?s={search_term_string}\"},\"query-input\":\"required name=search_term_string\"}],\"inLanguage\":\"cs\"},{\"@type\":\"ImageObject\",\"@id\":\"https:\/\/anderskafka.cz\/eshop\/produkt\/sentiotec-polevaci-vedro-z-osiky-o-objemu-18-l\/#primaryimage\",\"inLanguage\":\"cs\",\"url\":\"https:\/\/anderskafka.cz\/eshop\/wp-content\/uploads\/sites\/3\/2023\/12\/Sentiotec_Schwalldusche_393-A_p1.png\",\"contentUrl\":\"https:\/\/anderskafka.cz\/eshop\/wp-content\/uploads\/sites\/3\/2023\/12\/Sentiotec_Schwalldusche_393-A_p1.png\",\"width\":2000,\"height\":2000},{\"@type\":\"WebPage\",\"@id\":\"https:\/\/anderskafka.cz\/eshop\/produkt\/sentiotec-polevaci-vedro-z-osiky-o-objemu-18-l\/#webpage\",\"url\":\"https:\/\/anderskafka.cz\/eshop\/produkt\/sentiotec-polevaci-vedro-z-osiky-o-objemu-18-l\/\",\"name\":\"HARVIA AUSTRIA pol\u00e9vac\u00ed v\u011bdro z osiky o objemu 18L - Anders &amp; Kafka E-SHOP\",\"isPartOf\":{\"@id\":\"https:\/\/anderskafka.cz\/eshop\/#website\"},\"primaryImageOfPage\":{\"@id\":\"https:\/\/anderskafka.cz\/eshop\/produkt\/sentiotec-polevaci-vedro-z-osiky-o-objemu-18-l\/#primaryimage\"},\"datePublished\":\"2023-12-27T18:01:54+00:00\",\"dateModified\":\"2025-11-18T15:38:20+00:00\",\"description\":\"Modern\u00ed pol\u00e9vac\u00ed v\u011bdro z osiky s vnit\u0159n\u00ed plastovou vlo\u017ekou vhodn\u00e9 pro vnit\u0159n\u00ed i venkovn\u00ed pou\u017eit\u00ed. V\u011bdro se m\u016f\u017ee upevnit na st\u011bnu nebo strop a je vybaveno automatick\u00fdm dopou\u0161t\u011bn\u00edm. Spole\u010dnost HARVIA AUSTRIA vyv\u00edj\u00ed a vyr\u00e1b\u00ed kvalitn\u00ed a inovativn\u00ed produkty ur\u010den\u00e9 k tomu, aby Va\u0161e chv\u00edle str\u00e1ven\u00e9 v saun\u011b byly co nejv\u00edce relaxuj\u00edc\u00ed.\",\"breadcrumb\":{\"@id\":\"https:\/\/anderskafka.cz\/eshop\/produkt\/sentiotec-polevaci-vedro-z-osiky-o-objemu-18-l\/#breadcrumb\"},\"inLanguage\":\"cs\",\"potentialAction\":[{\"@type\":\"ReadAction\",\"target\":[\"https:\/\/anderskafka.cz\/eshop\/produkt\/sentiotec-polevaci-vedro-z-osiky-o-objemu-18-l\/\"]}]},{\"@type\":\"BreadcrumbList\",\"@id\":\"https:\/\/anderskafka.cz\/eshop\/produkt\/sentiotec-polevaci-vedro-z-osiky-o-objemu-18-l\/#breadcrumb\",\"itemListElement\":[{\"@type\":\"ListItem\",\"position\":1,\"name\":\"Obchod\",\"item\":\"https:\/\/anderskafka.cz\/eshop\/obchod\/\"},{\"@type\":\"ListItem\",\"position\":2,\"name\":\"HARVIA AUSTRIA pol\u00e9vac\u00ed v\u011bdro z osiky o objemu 18L\"}]}]}<\/script>\n<!-- \/ Yoast SEO plugin. -->","yoast_head_json":{"title":"HARVIA AUSTRIA pol\u00e9vac\u00ed v\u011bdro z osiky o objemu 18L - Anders &amp; Kafka E-SHOP","description":"Modern\u00ed pol\u00e9vac\u00ed v\u011bdro z osiky s vnit\u0159n\u00ed plastovou vlo\u017ekou vhodn\u00e9 pro vnit\u0159n\u00ed i venkovn\u00ed pou\u017eit\u00ed. V\u011bdro se m\u016f\u017ee upevnit na st\u011bnu nebo strop a je vybaveno automatick\u00fdm dopou\u0161t\u011bn\u00edm. Spole\u010dnost HARVIA AUSTRIA vyv\u00edj\u00ed a vyr\u00e1b\u00ed kvalitn\u00ed a inovativn\u00ed produkty ur\u010den\u00e9 k tomu, aby Va\u0161e chv\u00edle str\u00e1ven\u00e9 v saun\u011b byly co nejv\u00edce relaxuj\u00edc\u00ed.","robots":{"index":"index","follow":"follow","max-snippet":"max-snippet:-1","max-image-preview":"max-image-preview:large","max-video-preview":"max-video-preview:-1"},"canonical":"https:\/\/anderskafka.cz\/eshop\/produkt\/sentiotec-polevaci-vedro-z-osiky-o-objemu-18-l\/","og_locale":"cs_CZ","og_type":"article","og_title":"HARVIA AUSTRIA pol\u00e9vac\u00ed v\u011bdro z osiky o objemu 18L - Anders &amp; Kafka E-SHOP","og_description":"Modern\u00ed pol\u00e9vac\u00ed v\u011bdro z osiky s vnit\u0159n\u00ed plastovou vlo\u017ekou vhodn\u00e9 pro vnit\u0159n\u00ed i venkovn\u00ed pou\u017eit\u00ed. V\u011bdro se m\u016f\u017ee upevnit na st\u011bnu nebo strop a je vybaveno automatick\u00fdm dopou\u0161t\u011bn\u00edm. Spole\u010dnost HARVIA AUSTRIA vyv\u00edj\u00ed a vyr\u00e1b\u00ed kvalitn\u00ed a inovativn\u00ed produkty ur\u010den\u00e9 k tomu, aby Va\u0161e chv\u00edle str\u00e1ven\u00e9 v saun\u011b byly co nejv\u00edce relaxuj\u00edc\u00ed.","og_url":"https:\/\/anderskafka.cz\/eshop\/produkt\/sentiotec-polevaci-vedro-z-osiky-o-objemu-18-l\/","og_site_name":"Anders &amp; Kafka E-SHOP","article_modified_time":"2025-11-18T15:38:20+00:00","og_image":[{"width":2000,"height":2000,"url":"https:\/\/anderskafka.cz\/eshop\/wp-content\/uploads\/sites\/3\/2023\/12\/Sentiotec_Schwalldusche_393-A_p1.png","type":"image\/png"}],"twitter_card":"summary_large_image","twitter_misc":{"Odhadovan\u00e1 doba \u010dten\u00ed":"1 minuta"},"schema":{"@context":"https:\/\/schema.org","@graph":[{"@type":"WebSite","@id":"https:\/\/anderskafka.cz\/eshop\/#website","url":"https:\/\/anderskafka.cz\/eshop\/","name":"Anders &amp; Kafka E-SHOP","description":"Anders &amp; Kafka E-SHOP","potentialAction":[{"@type":"SearchAction","target":{"@type":"EntryPoint","urlTemplate":"https:\/\/anderskafka.cz\/eshop\/?s={search_term_string}"},"query-input":"required name=search_term_string"}],"inLanguage":"cs"},{"@type":"ImageObject","@id":"https:\/\/anderskafka.cz\/eshop\/produkt\/sentiotec-polevaci-vedro-z-osiky-o-objemu-18-l\/#primaryimage","inLanguage":"cs","url":"https:\/\/anderskafka.cz\/eshop\/wp-content\/uploads\/sites\/3\/2023\/12\/Sentiotec_Schwalldusche_393-A_p1.png","contentUrl":"https:\/\/anderskafka.cz\/eshop\/wp-content\/uploads\/sites\/3\/2023\/12\/Sentiotec_Schwalldusche_393-A_p1.png","width":2000,"height":2000},{"@type":"WebPage","@id":"https:\/\/anderskafka.cz\/eshop\/produkt\/sentiotec-polevaci-vedro-z-osiky-o-objemu-18-l\/#webpage","url":"https:\/\/anderskafka.cz\/eshop\/produkt\/sentiotec-polevaci-vedro-z-osiky-o-objemu-18-l\/","name":"HARVIA AUSTRIA pol\u00e9vac\u00ed v\u011bdro z osiky o objemu 18L - Anders &amp; Kafka E-SHOP","isPartOf":{"@id":"https:\/\/anderskafka.cz\/eshop\/#website"},"primaryImageOfPage":{"@id":"https:\/\/anderskafka.cz\/eshop\/produkt\/sentiotec-polevaci-vedro-z-osiky-o-objemu-18-l\/#primaryimage"},"datePublished":"2023-12-27T18:01:54+00:00","dateModified":"2025-11-18T15:38:20+00:00","description":"Modern\u00ed pol\u00e9vac\u00ed v\u011bdro z osiky s vnit\u0159n\u00ed plastovou vlo\u017ekou vhodn\u00e9 pro vnit\u0159n\u00ed i venkovn\u00ed pou\u017eit\u00ed. V\u011bdro se m\u016f\u017ee upevnit na st\u011bnu nebo strop a je vybaveno automatick\u00fdm dopou\u0161t\u011bn\u00edm. Spole\u010dnost HARVIA AUSTRIA vyv\u00edj\u00ed a vyr\u00e1b\u00ed kvalitn\u00ed a inovativn\u00ed produkty ur\u010den\u00e9 k tomu, aby Va\u0161e chv\u00edle str\u00e1ven\u00e9 v saun\u011b byly co nejv\u00edce relaxuj\u00edc\u00ed.","breadcrumb":{"@id":"https:\/\/anderskafka.cz\/eshop\/produkt\/sentiotec-polevaci-vedro-z-osiky-o-objemu-18-l\/#breadcrumb"},"inLanguage":"cs","potentialAction":[{"@type":"ReadAction","target":["https:\/\/anderskafka.cz\/eshop\/produkt\/sentiotec-polevaci-vedro-z-osiky-o-objemu-18-l\/"]}]},{"@type":"BreadcrumbList","@id":"https:\/\/anderskafka.cz\/eshop\/produkt\/sentiotec-polevaci-vedro-z-osiky-o-objemu-18-l\/#breadcrumb","itemListElement":[{"@type":"ListItem","position":1,"name":"Obchod","item":"https:\/\/anderskafka.cz\/eshop\/obchod\/"},{"@type":"ListItem","position":2,"name":"HARVIA AUSTRIA pol\u00e9vac\u00ed v\u011bdro z osiky o objemu 18L"}]}]}},"locations":[],"_links":{"self":[{"href":"https:\/\/anderskafka.cz\/eshop\/wp-json\/wp\/v2\/product\/6147"}],"collection":[{"href":"https:\/\/anderskafka.cz\/eshop\/wp-json\/wp\/v2\/product"}],"about":[{"href":"https:\/\/anderskafka.cz\/eshop\/wp-json\/wp\/v2\/types\/product"}],"replies":[{"embeddable":true,"href":"https:\/\/anderskafka.cz\/eshop\/wp-json\/wp\/v2\/comments?post=6147"}],"wp:featuredmedia":[{"embeddable":true,"href":"https:\/\/anderskafka.cz\/eshop\/wp-json\/wp\/v2\/media\/6170"}],"wp:attachment":[{"href":"https:\/\/anderskafka.cz\/eshop\/wp-json\/wp\/v2\/media?parent=6147"}],"wp:term":[{"taxonomy":"location","embeddable":true,"href":"https:\/\/anderskafka.cz\/eshop\/wp-json\/wp\/v2\/location?post=6147"},{"taxonomy":"product_cat","embeddable":true,"href":"https:\/\/anderskafka.cz\/eshop\/wp-json\/wp\/v2\/product_cat?post=6147"},{"taxonomy":"product_tag","embeddable":true,"href":"https:\/\/anderskafka.cz\/eshop\/wp-json\/wp\/v2\/product_tag?post=6147"}],"curies":[{"name":"wp","href":"https:\/\/api.w.org\/{rel}","templated":true}]}}