{"id":6148,"date":"2023-12-27T19:16:56","date_gmt":"2023-12-27T18:16:56","guid":{"rendered":"https:\/\/anderskafka.cz\/eshop\/?post_type=product&#038;p=6148"},"modified":"2026-03-26T08:11:53","modified_gmt":"2026-03-26T07:11:53","slug":"veba-moderni-pansky-vaflovy-kilt-ze-100-bavlny-smetanovy","status":"publish","type":"product","link":"https:\/\/anderskafka.cz\/eshop\/produkt\/veba-moderni-pansky-vaflovy-kilt-ze-100-bavlny-smetanovy\/","title":{"rendered":"VEBA modern\u00ed p\u00e1nsk\u00fd vaflov\u00fd kilt ze 100% bavlny smetanov\u00fd"},"content":{"rendered":"<p>Lehk\u00e9, sav\u00e9 a dob\u0159e skladn\u00e9 saunov\u00e9 bedern\u00ed rou\u0161ky, vhodn\u00e9 nejen k obl\u00edben\u00e9mu saunov\u00e1n\u00ed, ale i pro zahalen\u00ed v l\u00e9t\u011b u baz\u00e9nu.<\/p>\n<p>vel. M: vel. 153, obvod pasu: 92 &#8211; 102 cm x v\u00fd\u0161ka 61 cm (such\u00fd zip cca 20cm)<br \/>\nvel. L: vel. 158, obvod pasu: 98 &#8211; 108 \u00a0cm x v\u00fd\u0161ka 65 cm (such\u00fd zip cca 20cm)<br \/>\nvel.\u00a0XL: vel. 162, obvod pasu: 102 &#8211; 112 cm x v\u00fd\u0161ka 69 cm (such\u00fd zip cca 20cm)<\/p>\n<p>P\u0159i p\u00e9\u010di o kilt se \u0159i\u010fte o\u0161et\u0159ovac\u00edmi symboly uveden\u00fdmi na kiltu.<\/p>\n","protected":false},"excerpt":{"rendered":"<p>Lehk\u00fd, sav\u00fd, skladn\u00fd vaflov\u00fd kilt v p\u00e1nsk\u00e9m proveden\u00ed vhodn\u00fd k saunov\u00e1n\u00ed i k baz\u00e9nu.<\/p>\n<p>Vyrobeno v \u010cech\u00e1ch spole\u010dnost\u00ed Veba s tradic\u00ed v\u00fdroby kvalitn\u00edch textili\u00ed od roku 1856.<\/p>\n<p>Doporu\u010dujeme objednat men\u0161\u00ed velikost.<\/p>\n<p><img loading=\"lazy\" class=\"alignnone size-full wp-image-1674 aligncenter\" src=\"https:\/\/anderskafka.cz\/eshop\/wp-content\/uploads\/sites\/3\/2023\/02\/01-veba-tradicni-cesky-vyrobce.png\" alt=\"\" width=\"200\" height=\"200\" srcset=\"https:\/\/anderskafka.cz\/eshop\/wp-content\/uploads\/sites\/3\/2023\/02\/01-veba-tradicni-cesky-vyrobce.png 200w, https:\/\/anderskafka.cz\/eshop\/wp-content\/uploads\/sites\/3\/2023\/02\/01-veba-tradicni-cesky-vyrobce-150x150.png 150w, https:\/\/anderskafka.cz\/eshop\/wp-content\/uploads\/sites\/3\/2023\/02\/01-veba-tradicni-cesky-vyrobce-100x100.png 100w, https:\/\/anderskafka.cz\/eshop\/wp-content\/uploads\/sites\/3\/2023\/02\/01-veba-tradicni-cesky-vyrobce-64x64.png 64w\" sizes=\"(max-width: 200px) 100vw, 200px\" \/><\/p>\n","protected":false},"featured_media":10303,"comment_status":"open","ping_status":"closed","template":"","meta":{"site-sidebar-layout":"default","site-content-layout":"default","ast-main-header-display":"","ast-hfb-above-header-display":"","ast-hfb-below-header-display":"","ast-hfb-mobile-header-display":"","site-post-title":"","ast-breadcrumbs-content":"","ast-featured-img":"","footer-sml-layout":"","theme-transparent-header-meta":"","adv-header-id-meta":"","stick-header-meta":"","header-above-stick-meta":"","header-main-stick-meta":"","header-below-stick-meta":""},"location":[],"product_cat":[1673,1551,33],"product_tag":[519],"yoast_head":"<!-- This site is optimized with the Yoast SEO plugin v18.5.1 - https:\/\/yoast.com\/wordpress\/plugins\/seo\/ -->\n<title>VEBA modern\u00ed p\u00e1nsk\u00fd vaflov\u00fd kilt ze 100% bavlny smetanov\u00fd - Anders &amp; Kafka E-SHOP<\/title>\n<meta name=\"description\" content=\"Lehk\u00fd, sav\u00fd, skladn\u00fd vaflov\u00fd kilt v p\u00e1nsk\u00e9m proveden\u00ed vhodn\u00fd k saunov\u00e1n\u00ed i k baz\u00e9nu.  Vyrobeno v \u010cech\u00e1ch spole\u010dnost\u00ed Veba s tradic\u00ed v\u00fdroby kvalitn\u00edch textili\u00ed od roku 1856.  Doporu\u010dujeme objednat men\u0161\u00ed velikost.\" \/>\n<meta name=\"robots\" content=\"index, follow, max-snippet:-1, max-image-preview:large, max-video-preview:-1\" \/>\n<link rel=\"canonical\" href=\"https:\/\/anderskafka.cz\/eshop\/produkt\/veba-moderni-pansky-vaflovy-kilt-ze-100-bavlny-smetanovy\/\" \/>\n<meta property=\"og:locale\" content=\"cs_CZ\" \/>\n<meta property=\"og:type\" content=\"article\" \/>\n<meta property=\"og:title\" content=\"VEBA modern\u00ed p\u00e1nsk\u00fd vaflov\u00fd kilt ze 100% bavlny smetanov\u00fd - Anders &amp; Kafka E-SHOP\" \/>\n<meta property=\"og:description\" content=\"Lehk\u00fd, sav\u00fd, skladn\u00fd vaflov\u00fd kilt v p\u00e1nsk\u00e9m proveden\u00ed vhodn\u00fd k saunov\u00e1n\u00ed i k baz\u00e9nu.  Vyrobeno v \u010cech\u00e1ch spole\u010dnost\u00ed Veba s tradic\u00ed v\u00fdroby kvalitn\u00edch textili\u00ed od roku 1856.  Doporu\u010dujeme objednat men\u0161\u00ed velikost.\" \/>\n<meta property=\"og:url\" content=\"https:\/\/anderskafka.cz\/eshop\/produkt\/veba-moderni-pansky-vaflovy-kilt-ze-100-bavlny-smetanovy\/\" \/>\n<meta property=\"og:site_name\" content=\"Anders &amp; Kafka E-SHOP\" \/>\n<meta property=\"article:modified_time\" content=\"2026-03-26T07:11:53+00:00\" \/>\n<meta name=\"twitter:card\" content=\"summary_large_image\" \/>\n<meta name=\"twitter:image\" content=\"https:\/\/anderskafka.cz\/eshop\/wp-content\/uploads\/sites\/3\/2023\/12\/VEBA_pansky_kilt-smetanovy_AndersKafka-8.webp\" \/>\n<meta name=\"twitter:label1\" content=\"Odhadovan\u00e1 doba \u010dten\u00ed\" \/>\n\t<meta name=\"twitter:data1\" content=\"1 minuta\" \/>\n<script type=\"application\/ld+json\" class=\"yoast-schema-graph\">{\"@context\":\"https:\/\/schema.org\",\"@graph\":[{\"@type\":\"WebSite\",\"@id\":\"https:\/\/anderskafka.cz\/eshop\/#website\",\"url\":\"https:\/\/anderskafka.cz\/eshop\/\",\"name\":\"Anders &amp; Kafka E-SHOP\",\"description\":\"Anders &amp; Kafka E-SHOP\",\"potentialAction\":[{\"@type\":\"SearchAction\",\"target\":{\"@type\":\"EntryPoint\",\"urlTemplate\":\"https:\/\/anderskafka.cz\/eshop\/?s={search_term_string}\"},\"query-input\":\"required name=search_term_string\"}],\"inLanguage\":\"cs\"},{\"@type\":\"ImageObject\",\"@id\":\"https:\/\/anderskafka.cz\/eshop\/produkt\/veba-moderni-pansky-vaflovy-kilt-ze-100-bavlny-smetanovy\/#primaryimage\",\"inLanguage\":\"cs\",\"url\":\"https:\/\/anderskafka.cz\/eshop\/wp-content\/uploads\/sites\/3\/2023\/12\/VEBA_pansky_kilt-smetanovy_AndersKafka-8.webp\",\"contentUrl\":\"https:\/\/anderskafka.cz\/eshop\/wp-content\/uploads\/sites\/3\/2023\/12\/VEBA_pansky_kilt-smetanovy_AndersKafka-8.webp\",\"width\":1500,\"height\":1500},{\"@type\":\"WebPage\",\"@id\":\"https:\/\/anderskafka.cz\/eshop\/produkt\/veba-moderni-pansky-vaflovy-kilt-ze-100-bavlny-smetanovy\/#webpage\",\"url\":\"https:\/\/anderskafka.cz\/eshop\/produkt\/veba-moderni-pansky-vaflovy-kilt-ze-100-bavlny-smetanovy\/\",\"name\":\"VEBA modern\u00ed p\u00e1nsk\u00fd vaflov\u00fd kilt ze 100% bavlny smetanov\u00fd - Anders &amp; Kafka E-SHOP\",\"isPartOf\":{\"@id\":\"https:\/\/anderskafka.cz\/eshop\/#website\"},\"primaryImageOfPage\":{\"@id\":\"https:\/\/anderskafka.cz\/eshop\/produkt\/veba-moderni-pansky-vaflovy-kilt-ze-100-bavlny-smetanovy\/#primaryimage\"},\"datePublished\":\"2023-12-27T18:16:56+00:00\",\"dateModified\":\"2026-03-26T07:11:53+00:00\",\"description\":\"Lehk\u00fd, sav\u00fd, skladn\u00fd vaflov\u00fd kilt v p\u00e1nsk\u00e9m proveden\u00ed vhodn\u00fd k saunov\u00e1n\u00ed i k baz\u00e9nu. Vyrobeno v \u010cech\u00e1ch spole\u010dnost\u00ed Veba s tradic\u00ed v\u00fdroby kvalitn\u00edch textili\u00ed od roku 1856. Doporu\u010dujeme objednat men\u0161\u00ed velikost.\",\"breadcrumb\":{\"@id\":\"https:\/\/anderskafka.cz\/eshop\/produkt\/veba-moderni-pansky-vaflovy-kilt-ze-100-bavlny-smetanovy\/#breadcrumb\"},\"inLanguage\":\"cs\",\"potentialAction\":[{\"@type\":\"ReadAction\",\"target\":[\"https:\/\/anderskafka.cz\/eshop\/produkt\/veba-moderni-pansky-vaflovy-kilt-ze-100-bavlny-smetanovy\/\"]}]},{\"@type\":\"BreadcrumbList\",\"@id\":\"https:\/\/anderskafka.cz\/eshop\/produkt\/veba-moderni-pansky-vaflovy-kilt-ze-100-bavlny-smetanovy\/#breadcrumb\",\"itemListElement\":[{\"@type\":\"ListItem\",\"position\":1,\"name\":\"Obchod\",\"item\":\"https:\/\/anderskafka.cz\/eshop\/obchod\/\"},{\"@type\":\"ListItem\",\"position\":2,\"name\":\"VEBA modern\u00ed p\u00e1nsk\u00fd vaflov\u00fd kilt ze 100% bavlny smetanov\u00fd\"}]}]}<\/script>\n<!-- \/ Yoast SEO plugin. -->","yoast_head_json":{"title":"VEBA modern\u00ed p\u00e1nsk\u00fd vaflov\u00fd kilt ze 100% bavlny smetanov\u00fd - Anders &amp; Kafka E-SHOP","description":"Lehk\u00fd, sav\u00fd, skladn\u00fd vaflov\u00fd kilt v p\u00e1nsk\u00e9m proveden\u00ed vhodn\u00fd k saunov\u00e1n\u00ed i k baz\u00e9nu.  Vyrobeno v \u010cech\u00e1ch spole\u010dnost\u00ed Veba s tradic\u00ed v\u00fdroby kvalitn\u00edch textili\u00ed od roku 1856.  Doporu\u010dujeme objednat men\u0161\u00ed velikost.","robots":{"index":"index","follow":"follow","max-snippet":"max-snippet:-1","max-image-preview":"max-image-preview:large","max-video-preview":"max-video-preview:-1"},"canonical":"https:\/\/anderskafka.cz\/eshop\/produkt\/veba-moderni-pansky-vaflovy-kilt-ze-100-bavlny-smetanovy\/","og_locale":"cs_CZ","og_type":"article","og_title":"VEBA modern\u00ed p\u00e1nsk\u00fd vaflov\u00fd kilt ze 100% bavlny smetanov\u00fd - Anders &amp; Kafka E-SHOP","og_description":"Lehk\u00fd, sav\u00fd, skladn\u00fd vaflov\u00fd kilt v p\u00e1nsk\u00e9m proveden\u00ed vhodn\u00fd k saunov\u00e1n\u00ed i k baz\u00e9nu.  Vyrobeno v \u010cech\u00e1ch spole\u010dnost\u00ed Veba s tradic\u00ed v\u00fdroby kvalitn\u00edch textili\u00ed od roku 1856.  Doporu\u010dujeme objednat men\u0161\u00ed velikost.","og_url":"https:\/\/anderskafka.cz\/eshop\/produkt\/veba-moderni-pansky-vaflovy-kilt-ze-100-bavlny-smetanovy\/","og_site_name":"Anders &amp; Kafka E-SHOP","article_modified_time":"2026-03-26T07:11:53+00:00","twitter_card":"summary_large_image","twitter_image":"https:\/\/anderskafka.cz\/eshop\/wp-content\/uploads\/sites\/3\/2023\/12\/VEBA_pansky_kilt-smetanovy_AndersKafka-8.webp","twitter_misc":{"Odhadovan\u00e1 doba \u010dten\u00ed":"1 minuta"},"schema":{"@context":"https:\/\/schema.org","@graph":[{"@type":"WebSite","@id":"https:\/\/anderskafka.cz\/eshop\/#website","url":"https:\/\/anderskafka.cz\/eshop\/","name":"Anders &amp; Kafka E-SHOP","description":"Anders &amp; Kafka E-SHOP","potentialAction":[{"@type":"SearchAction","target":{"@type":"EntryPoint","urlTemplate":"https:\/\/anderskafka.cz\/eshop\/?s={search_term_string}"},"query-input":"required name=search_term_string"}],"inLanguage":"cs"},{"@type":"ImageObject","@id":"https:\/\/anderskafka.cz\/eshop\/produkt\/veba-moderni-pansky-vaflovy-kilt-ze-100-bavlny-smetanovy\/#primaryimage","inLanguage":"cs","url":"https:\/\/anderskafka.cz\/eshop\/wp-content\/uploads\/sites\/3\/2023\/12\/VEBA_pansky_kilt-smetanovy_AndersKafka-8.webp","contentUrl":"https:\/\/anderskafka.cz\/eshop\/wp-content\/uploads\/sites\/3\/2023\/12\/VEBA_pansky_kilt-smetanovy_AndersKafka-8.webp","width":1500,"height":1500},{"@type":"WebPage","@id":"https:\/\/anderskafka.cz\/eshop\/produkt\/veba-moderni-pansky-vaflovy-kilt-ze-100-bavlny-smetanovy\/#webpage","url":"https:\/\/anderskafka.cz\/eshop\/produkt\/veba-moderni-pansky-vaflovy-kilt-ze-100-bavlny-smetanovy\/","name":"VEBA modern\u00ed p\u00e1nsk\u00fd vaflov\u00fd kilt ze 100% bavlny smetanov\u00fd - Anders &amp; Kafka E-SHOP","isPartOf":{"@id":"https:\/\/anderskafka.cz\/eshop\/#website"},"primaryImageOfPage":{"@id":"https:\/\/anderskafka.cz\/eshop\/produkt\/veba-moderni-pansky-vaflovy-kilt-ze-100-bavlny-smetanovy\/#primaryimage"},"datePublished":"2023-12-27T18:16:56+00:00","dateModified":"2026-03-26T07:11:53+00:00","description":"Lehk\u00fd, sav\u00fd, skladn\u00fd vaflov\u00fd kilt v p\u00e1nsk\u00e9m proveden\u00ed vhodn\u00fd k saunov\u00e1n\u00ed i k baz\u00e9nu. Vyrobeno v \u010cech\u00e1ch spole\u010dnost\u00ed Veba s tradic\u00ed v\u00fdroby kvalitn\u00edch textili\u00ed od roku 1856. Doporu\u010dujeme objednat men\u0161\u00ed velikost.","breadcrumb":{"@id":"https:\/\/anderskafka.cz\/eshop\/produkt\/veba-moderni-pansky-vaflovy-kilt-ze-100-bavlny-smetanovy\/#breadcrumb"},"inLanguage":"cs","potentialAction":[{"@type":"ReadAction","target":["https:\/\/anderskafka.cz\/eshop\/produkt\/veba-moderni-pansky-vaflovy-kilt-ze-100-bavlny-smetanovy\/"]}]},{"@type":"BreadcrumbList","@id":"https:\/\/anderskafka.cz\/eshop\/produkt\/veba-moderni-pansky-vaflovy-kilt-ze-100-bavlny-smetanovy\/#breadcrumb","itemListElement":[{"@type":"ListItem","position":1,"name":"Obchod","item":"https:\/\/anderskafka.cz\/eshop\/obchod\/"},{"@type":"ListItem","position":2,"name":"VEBA modern\u00ed p\u00e1nsk\u00fd vaflov\u00fd kilt ze 100% bavlny smetanov\u00fd"}]}]}},"locations":[],"_links":{"self":[{"href":"https:\/\/anderskafka.cz\/eshop\/wp-json\/wp\/v2\/product\/6148"}],"collection":[{"href":"https:\/\/anderskafka.cz\/eshop\/wp-json\/wp\/v2\/product"}],"about":[{"href":"https:\/\/anderskafka.cz\/eshop\/wp-json\/wp\/v2\/types\/product"}],"replies":[{"embeddable":true,"href":"https:\/\/anderskafka.cz\/eshop\/wp-json\/wp\/v2\/comments?post=6148"}],"wp:featuredmedia":[{"embeddable":true,"href":"https:\/\/anderskafka.cz\/eshop\/wp-json\/wp\/v2\/media\/10303"}],"wp:attachment":[{"href":"https:\/\/anderskafka.cz\/eshop\/wp-json\/wp\/v2\/media?parent=6148"}],"wp:term":[{"taxonomy":"location","embeddable":true,"href":"https:\/\/anderskafka.cz\/eshop\/wp-json\/wp\/v2\/location?post=6148"},{"taxonomy":"product_cat","embeddable":true,"href":"https:\/\/anderskafka.cz\/eshop\/wp-json\/wp\/v2\/product_cat?post=6148"},{"taxonomy":"product_tag","embeddable":true,"href":"https:\/\/anderskafka.cz\/eshop\/wp-json\/wp\/v2\/product_tag?post=6148"}],"curies":[{"name":"wp","href":"https:\/\/api.w.org\/{rel}","templated":true}]}}