{"id":6194,"date":"2024-01-02T14:57:59","date_gmt":"2024-01-02T13:57:59","guid":{"rendered":"https:\/\/anderskafka.cz\/eshop\/?post_type=product&#038;p=6194"},"modified":"2026-02-04T13:00:07","modified_gmt":"2026-02-04T12:00:07","slug":"sentiotec-drevena-stanice-z-borovice-pro-mereni-klimatu-v-saune","status":"publish","type":"product","link":"https:\/\/anderskafka.cz\/eshop\/produkt\/sentiotec-drevena-stanice-z-borovice-pro-mereni-klimatu-v-saune\/","title":{"rendered":"HARVIA AUSTRIA d\u0159ev\u011bn\u00e1 stanice z borovice pro m\u011b\u0159en\u00ed klimatu v saun\u011b"},"content":{"rendered":"<p>Stanice pro m\u011b\u0159en\u00ed teploty a vhlkosti v saun\u011b. Kruhov\u00fd cifern\u00edk je osazen\u00fd v d\u0159ev\u011bn\u00e9m r\u00e1mu o velikosti 175 x 175 mm z masivn\u00edho kusu borovice.<br \/>\nTeplom\u011br a vlhkom\u011br s rozsahem m\u011b\u0159en\u00ed 20 \u2013 120 \u00b0C \/ 0 \u2013 100 % rel. vlhkosti vzduchu. Na zadn\u00ed stran\u011b je z\u00e1v\u011bs na ze\u010f. Stanici um\u00edst\u011bte cca 25 cm pod strop sauny, v \u017e\u00e1dn\u00e9m p\u0159\u00edpad\u011b ne nad saunov\u00e9 topidlo nebo p\u0159\u00edmo vedle topidla.<\/p>\n","protected":false},"excerpt":{"rendered":"<p>Stanice pro m\u011b\u0159en\u00ed teploty a vhlkosti v saun\u011b. Kruhov\u00fd cifern\u00edk je osazen\u00fd v d\u0159ev\u011bn\u00e9m r\u00e1mu o velikosti 175 x 175 mm z masivn\u00edho kusu borovice.<br \/>\nSpole\u010dnost HARVIA AUSTRIA vyv\u00edj\u00ed a vyr\u00e1b\u00ed kvalitn\u00ed a inovativn\u00ed produkty ur\u010den\u00e9 k tomu, aby Va\u0161e chv\u00edle str\u00e1ven\u00e9 v saun\u011b byly co nejv\u00edce relaxuj\u00edc\u00ed.<br \/>\n<img loading=\"lazy\" class=\"size-full wp-image-1323 aligncenter\" src=\"https:\/\/anderskafka.cz\/eshop\/wp-content\/uploads\/sites\/3\/2022\/12\/logoHarvia.png\" alt=\"\" width=\"102\" height=\"102\" srcset=\"https:\/\/anderskafka.cz\/eshop\/wp-content\/uploads\/sites\/3\/2022\/12\/logoHarvia.png 102w, https:\/\/anderskafka.cz\/eshop\/wp-content\/uploads\/sites\/3\/2022\/12\/logoHarvia-100x100.png 100w, https:\/\/anderskafka.cz\/eshop\/wp-content\/uploads\/sites\/3\/2022\/12\/logoHarvia-64x64.png 64w\" sizes=\"(max-width: 102px) 100vw, 102px\" \/><\/p>\n","protected":false},"featured_media":6196,"comment_status":"open","ping_status":"closed","template":"","meta":{"site-sidebar-layout":"default","site-content-layout":"default","ast-main-header-display":"","ast-hfb-above-header-display":"","ast-hfb-below-header-display":"","ast-hfb-mobile-header-display":"","site-post-title":"","ast-breadcrumbs-content":"","ast-featured-img":"","footer-sml-layout":"","theme-transparent-header-meta":"","adv-header-id-meta":"","stick-header-meta":"","header-above-stick-meta":"","header-main-stick-meta":"","header-below-stick-meta":""},"location":[],"product_cat":[442],"product_tag":[324],"yoast_head":"<!-- This site is optimized with the Yoast SEO plugin v18.5.1 - https:\/\/yoast.com\/wordpress\/plugins\/seo\/ -->\n<title>HARVIA AUSTRIA d\u0159ev\u011bn\u00e1 stanice z borovice pro m\u011b\u0159en\u00ed klimatu v saun\u011b - Anders &amp; Kafka E-SHOP<\/title>\n<meta name=\"description\" content=\"Stanice pro m\u011b\u0159en\u00ed teploty a vhlkosti v saun\u011b. Kruhov\u00fd cifern\u00edk je osazen\u00fd v d\u0159ev\u011bn\u00e9m r\u00e1mu o velikosti 175 x 175 mm z masivn\u00edho kusu borovice. Spole\u010dnost HARVIA AUSTRIA vyv\u00edj\u00ed a vyr\u00e1b\u00ed kvalitn\u00ed a inovativn\u00ed produkty ur\u010den\u00e9 k tomu, aby Va\u0161e chv\u00edle str\u00e1ven\u00e9 v saun\u011b byly co nejv\u00edce relaxuj\u00edc\u00ed.\" \/>\n<meta name=\"robots\" content=\"index, follow, max-snippet:-1, max-image-preview:large, max-video-preview:-1\" \/>\n<link rel=\"canonical\" href=\"https:\/\/anderskafka.cz\/eshop\/produkt\/sentiotec-drevena-stanice-z-borovice-pro-mereni-klimatu-v-saune\/\" \/>\n<meta property=\"og:locale\" content=\"cs_CZ\" \/>\n<meta property=\"og:type\" content=\"article\" \/>\n<meta property=\"og:title\" content=\"HARVIA AUSTRIA d\u0159ev\u011bn\u00e1 stanice z borovice pro m\u011b\u0159en\u00ed klimatu v saun\u011b - Anders &amp; Kafka E-SHOP\" \/>\n<meta property=\"og:description\" content=\"Stanice pro m\u011b\u0159en\u00ed teploty a vhlkosti v saun\u011b. Kruhov\u00fd cifern\u00edk je osazen\u00fd v d\u0159ev\u011bn\u00e9m r\u00e1mu o velikosti 175 x 175 mm z masivn\u00edho kusu borovice. Spole\u010dnost HARVIA AUSTRIA vyv\u00edj\u00ed a vyr\u00e1b\u00ed kvalitn\u00ed a inovativn\u00ed produkty ur\u010den\u00e9 k tomu, aby Va\u0161e chv\u00edle str\u00e1ven\u00e9 v saun\u011b byly co nejv\u00edce relaxuj\u00edc\u00ed.\" \/>\n<meta property=\"og:url\" content=\"https:\/\/anderskafka.cz\/eshop\/produkt\/sentiotec-drevena-stanice-z-borovice-pro-mereni-klimatu-v-saune\/\" \/>\n<meta property=\"og:site_name\" content=\"Anders &amp; Kafka E-SHOP\" \/>\n<meta property=\"article:modified_time\" content=\"2026-02-04T12:00:07+00:00\" \/>\n<meta property=\"og:image\" content=\"https:\/\/anderskafka.cz\/eshop\/wp-content\/uploads\/sites\/3\/2024\/01\/1-028-174_281-thep.png\" \/>\n\t<meta property=\"og:image:width\" content=\"515\" \/>\n\t<meta property=\"og:image:height\" content=\"550\" \/>\n\t<meta property=\"og:image:type\" content=\"image\/png\" \/>\n<meta name=\"twitter:card\" content=\"summary_large_image\" \/>\n<meta name=\"twitter:label1\" content=\"Odhadovan\u00e1 doba \u010dten\u00ed\" \/>\n\t<meta name=\"twitter:data1\" content=\"1 minuta\" \/>\n<script type=\"application\/ld+json\" class=\"yoast-schema-graph\">{\"@context\":\"https:\/\/schema.org\",\"@graph\":[{\"@type\":\"WebSite\",\"@id\":\"https:\/\/anderskafka.cz\/eshop\/#website\",\"url\":\"https:\/\/anderskafka.cz\/eshop\/\",\"name\":\"Anders &amp; Kafka E-SHOP\",\"description\":\"Anders &amp; Kafka E-SHOP\",\"potentialAction\":[{\"@type\":\"SearchAction\",\"target\":{\"@type\":\"EntryPoint\",\"urlTemplate\":\"https:\/\/anderskafka.cz\/eshop\/?s={search_term_string}\"},\"query-input\":\"required name=search_term_string\"}],\"inLanguage\":\"cs\"},{\"@type\":\"ImageObject\",\"@id\":\"https:\/\/anderskafka.cz\/eshop\/produkt\/sentiotec-drevena-stanice-z-borovice-pro-mereni-klimatu-v-saune\/#primaryimage\",\"inLanguage\":\"cs\",\"url\":\"https:\/\/anderskafka.cz\/eshop\/wp-content\/uploads\/sites\/3\/2024\/01\/1-028-174_281-thep.png\",\"contentUrl\":\"https:\/\/anderskafka.cz\/eshop\/wp-content\/uploads\/sites\/3\/2024\/01\/1-028-174_281-thep.png\",\"width\":515,\"height\":550},{\"@type\":\"WebPage\",\"@id\":\"https:\/\/anderskafka.cz\/eshop\/produkt\/sentiotec-drevena-stanice-z-borovice-pro-mereni-klimatu-v-saune\/#webpage\",\"url\":\"https:\/\/anderskafka.cz\/eshop\/produkt\/sentiotec-drevena-stanice-z-borovice-pro-mereni-klimatu-v-saune\/\",\"name\":\"HARVIA AUSTRIA d\u0159ev\u011bn\u00e1 stanice z borovice pro m\u011b\u0159en\u00ed klimatu v saun\u011b - Anders &amp; Kafka E-SHOP\",\"isPartOf\":{\"@id\":\"https:\/\/anderskafka.cz\/eshop\/#website\"},\"primaryImageOfPage\":{\"@id\":\"https:\/\/anderskafka.cz\/eshop\/produkt\/sentiotec-drevena-stanice-z-borovice-pro-mereni-klimatu-v-saune\/#primaryimage\"},\"datePublished\":\"2024-01-02T13:57:59+00:00\",\"dateModified\":\"2026-02-04T12:00:07+00:00\",\"description\":\"Stanice pro m\u011b\u0159en\u00ed teploty a vhlkosti v saun\u011b. Kruhov\u00fd cifern\u00edk je osazen\u00fd v d\u0159ev\u011bn\u00e9m r\u00e1mu o velikosti 175 x 175 mm z masivn\u00edho kusu borovice. Spole\u010dnost HARVIA AUSTRIA vyv\u00edj\u00ed a vyr\u00e1b\u00ed kvalitn\u00ed a inovativn\u00ed produkty ur\u010den\u00e9 k tomu, aby Va\u0161e chv\u00edle str\u00e1ven\u00e9 v saun\u011b byly co nejv\u00edce relaxuj\u00edc\u00ed.\",\"breadcrumb\":{\"@id\":\"https:\/\/anderskafka.cz\/eshop\/produkt\/sentiotec-drevena-stanice-z-borovice-pro-mereni-klimatu-v-saune\/#breadcrumb\"},\"inLanguage\":\"cs\",\"potentialAction\":[{\"@type\":\"ReadAction\",\"target\":[\"https:\/\/anderskafka.cz\/eshop\/produkt\/sentiotec-drevena-stanice-z-borovice-pro-mereni-klimatu-v-saune\/\"]}]},{\"@type\":\"BreadcrumbList\",\"@id\":\"https:\/\/anderskafka.cz\/eshop\/produkt\/sentiotec-drevena-stanice-z-borovice-pro-mereni-klimatu-v-saune\/#breadcrumb\",\"itemListElement\":[{\"@type\":\"ListItem\",\"position\":1,\"name\":\"Obchod\",\"item\":\"https:\/\/anderskafka.cz\/eshop\/obchod\/\"},{\"@type\":\"ListItem\",\"position\":2,\"name\":\"HARVIA AUSTRIA d\u0159ev\u011bn\u00e1 stanice z borovice pro m\u011b\u0159en\u00ed klimatu v saun\u011b\"}]}]}<\/script>\n<!-- \/ Yoast SEO plugin. -->","yoast_head_json":{"title":"HARVIA AUSTRIA d\u0159ev\u011bn\u00e1 stanice z borovice pro m\u011b\u0159en\u00ed klimatu v saun\u011b - Anders &amp; Kafka E-SHOP","description":"Stanice pro m\u011b\u0159en\u00ed teploty a vhlkosti v saun\u011b. Kruhov\u00fd cifern\u00edk je osazen\u00fd v d\u0159ev\u011bn\u00e9m r\u00e1mu o velikosti 175 x 175 mm z masivn\u00edho kusu borovice. Spole\u010dnost HARVIA AUSTRIA vyv\u00edj\u00ed a vyr\u00e1b\u00ed kvalitn\u00ed a inovativn\u00ed produkty ur\u010den\u00e9 k tomu, aby Va\u0161e chv\u00edle str\u00e1ven\u00e9 v saun\u011b byly co nejv\u00edce relaxuj\u00edc\u00ed.","robots":{"index":"index","follow":"follow","max-snippet":"max-snippet:-1","max-image-preview":"max-image-preview:large","max-video-preview":"max-video-preview:-1"},"canonical":"https:\/\/anderskafka.cz\/eshop\/produkt\/sentiotec-drevena-stanice-z-borovice-pro-mereni-klimatu-v-saune\/","og_locale":"cs_CZ","og_type":"article","og_title":"HARVIA AUSTRIA d\u0159ev\u011bn\u00e1 stanice z borovice pro m\u011b\u0159en\u00ed klimatu v saun\u011b - Anders &amp; Kafka E-SHOP","og_description":"Stanice pro m\u011b\u0159en\u00ed teploty a vhlkosti v saun\u011b. Kruhov\u00fd cifern\u00edk je osazen\u00fd v d\u0159ev\u011bn\u00e9m r\u00e1mu o velikosti 175 x 175 mm z masivn\u00edho kusu borovice. Spole\u010dnost HARVIA AUSTRIA vyv\u00edj\u00ed a vyr\u00e1b\u00ed kvalitn\u00ed a inovativn\u00ed produkty ur\u010den\u00e9 k tomu, aby Va\u0161e chv\u00edle str\u00e1ven\u00e9 v saun\u011b byly co nejv\u00edce relaxuj\u00edc\u00ed.","og_url":"https:\/\/anderskafka.cz\/eshop\/produkt\/sentiotec-drevena-stanice-z-borovice-pro-mereni-klimatu-v-saune\/","og_site_name":"Anders &amp; Kafka E-SHOP","article_modified_time":"2026-02-04T12:00:07+00:00","og_image":[{"width":515,"height":550,"url":"https:\/\/anderskafka.cz\/eshop\/wp-content\/uploads\/sites\/3\/2024\/01\/1-028-174_281-thep.png","type":"image\/png"}],"twitter_card":"summary_large_image","twitter_misc":{"Odhadovan\u00e1 doba \u010dten\u00ed":"1 minuta"},"schema":{"@context":"https:\/\/schema.org","@graph":[{"@type":"WebSite","@id":"https:\/\/anderskafka.cz\/eshop\/#website","url":"https:\/\/anderskafka.cz\/eshop\/","name":"Anders &amp; Kafka E-SHOP","description":"Anders &amp; Kafka E-SHOP","potentialAction":[{"@type":"SearchAction","target":{"@type":"EntryPoint","urlTemplate":"https:\/\/anderskafka.cz\/eshop\/?s={search_term_string}"},"query-input":"required name=search_term_string"}],"inLanguage":"cs"},{"@type":"ImageObject","@id":"https:\/\/anderskafka.cz\/eshop\/produkt\/sentiotec-drevena-stanice-z-borovice-pro-mereni-klimatu-v-saune\/#primaryimage","inLanguage":"cs","url":"https:\/\/anderskafka.cz\/eshop\/wp-content\/uploads\/sites\/3\/2024\/01\/1-028-174_281-thep.png","contentUrl":"https:\/\/anderskafka.cz\/eshop\/wp-content\/uploads\/sites\/3\/2024\/01\/1-028-174_281-thep.png","width":515,"height":550},{"@type":"WebPage","@id":"https:\/\/anderskafka.cz\/eshop\/produkt\/sentiotec-drevena-stanice-z-borovice-pro-mereni-klimatu-v-saune\/#webpage","url":"https:\/\/anderskafka.cz\/eshop\/produkt\/sentiotec-drevena-stanice-z-borovice-pro-mereni-klimatu-v-saune\/","name":"HARVIA AUSTRIA d\u0159ev\u011bn\u00e1 stanice z borovice pro m\u011b\u0159en\u00ed klimatu v saun\u011b - Anders &amp; Kafka E-SHOP","isPartOf":{"@id":"https:\/\/anderskafka.cz\/eshop\/#website"},"primaryImageOfPage":{"@id":"https:\/\/anderskafka.cz\/eshop\/produkt\/sentiotec-drevena-stanice-z-borovice-pro-mereni-klimatu-v-saune\/#primaryimage"},"datePublished":"2024-01-02T13:57:59+00:00","dateModified":"2026-02-04T12:00:07+00:00","description":"Stanice pro m\u011b\u0159en\u00ed teploty a vhlkosti v saun\u011b. Kruhov\u00fd cifern\u00edk je osazen\u00fd v d\u0159ev\u011bn\u00e9m r\u00e1mu o velikosti 175 x 175 mm z masivn\u00edho kusu borovice. Spole\u010dnost HARVIA AUSTRIA vyv\u00edj\u00ed a vyr\u00e1b\u00ed kvalitn\u00ed a inovativn\u00ed produkty ur\u010den\u00e9 k tomu, aby Va\u0161e chv\u00edle str\u00e1ven\u00e9 v saun\u011b byly co nejv\u00edce relaxuj\u00edc\u00ed.","breadcrumb":{"@id":"https:\/\/anderskafka.cz\/eshop\/produkt\/sentiotec-drevena-stanice-z-borovice-pro-mereni-klimatu-v-saune\/#breadcrumb"},"inLanguage":"cs","potentialAction":[{"@type":"ReadAction","target":["https:\/\/anderskafka.cz\/eshop\/produkt\/sentiotec-drevena-stanice-z-borovice-pro-mereni-klimatu-v-saune\/"]}]},{"@type":"BreadcrumbList","@id":"https:\/\/anderskafka.cz\/eshop\/produkt\/sentiotec-drevena-stanice-z-borovice-pro-mereni-klimatu-v-saune\/#breadcrumb","itemListElement":[{"@type":"ListItem","position":1,"name":"Obchod","item":"https:\/\/anderskafka.cz\/eshop\/obchod\/"},{"@type":"ListItem","position":2,"name":"HARVIA AUSTRIA d\u0159ev\u011bn\u00e1 stanice z borovice pro m\u011b\u0159en\u00ed klimatu v saun\u011b"}]}]}},"locations":[],"_links":{"self":[{"href":"https:\/\/anderskafka.cz\/eshop\/wp-json\/wp\/v2\/product\/6194"}],"collection":[{"href":"https:\/\/anderskafka.cz\/eshop\/wp-json\/wp\/v2\/product"}],"about":[{"href":"https:\/\/anderskafka.cz\/eshop\/wp-json\/wp\/v2\/types\/product"}],"replies":[{"embeddable":true,"href":"https:\/\/anderskafka.cz\/eshop\/wp-json\/wp\/v2\/comments?post=6194"}],"wp:featuredmedia":[{"embeddable":true,"href":"https:\/\/anderskafka.cz\/eshop\/wp-json\/wp\/v2\/media\/6196"}],"wp:attachment":[{"href":"https:\/\/anderskafka.cz\/eshop\/wp-json\/wp\/v2\/media?parent=6194"}],"wp:term":[{"taxonomy":"location","embeddable":true,"href":"https:\/\/anderskafka.cz\/eshop\/wp-json\/wp\/v2\/location?post=6194"},{"taxonomy":"product_cat","embeddable":true,"href":"https:\/\/anderskafka.cz\/eshop\/wp-json\/wp\/v2\/product_cat?post=6194"},{"taxonomy":"product_tag","embeddable":true,"href":"https:\/\/anderskafka.cz\/eshop\/wp-json\/wp\/v2\/product_tag?post=6194"}],"curies":[{"name":"wp","href":"https:\/\/api.w.org\/{rel}","templated":true}]}}