{"id":6197,"date":"2024-01-02T15:20:59","date_gmt":"2024-01-02T14:20:59","guid":{"rendered":"https:\/\/anderskafka.cz\/eshop\/?post_type=product&#038;p=6197"},"modified":"2026-02-23T15:50:23","modified_gmt":"2026-02-23T14:50:23","slug":"sentiotec-saunova-odparovaci-aroma-nadoba-valcova-o-objemu-07-l","status":"publish","type":"product","link":"https:\/\/anderskafka.cz\/eshop\/produkt\/sentiotec-saunova-odparovaci-aroma-nadoba-valcova-o-objemu-07-l\/","title":{"rendered":"HARVIA AUSTRIA saunov\u00e1 zvlh\u010dovac\u00ed a aroma n\u00e1doba v\u00e1lcov\u00e1 o objemu 0,7 L"},"content":{"rendered":"<p>Zvlh\u010dovac\u00ed a odpa\u0159ovac\u00ed n\u00e1doba do sauny. Slou\u017e\u00ed k zvlh\u010den\u00ed vzduchu v saun\u011b a odpa\u0159ov\u00e1n\u00ed vonn\u00fdch esenc\u00ed, \u010d\u00edm\u017e vnesete do sauny je\u0161t\u011b v\u00edce p\u0159\u00edrody. \u00da\u010dink\u016f v\u00fdrobku se dos\u00e1hne rozpou\u0161t\u011bn\u00edm vonn\u00fdch esenc\u00ed, bylinek, jin\u00fdch vonn\u00fdch l\u00e1tek ve vod\u011b. Zvy\u0161ov\u00e1n\u00edm v\u00fdkonu topn\u00e9ho za\u0159\u00edzen\u00ed sauny je voda oh\u0159\u00edv\u00e1na tak, aby se tyto l\u00e1tky uvol\u0148ovaly v saun\u011b spolu s vypa\u0159uj\u00edc\u00ed se vodou.<\/p>\n<p>Vyrobeno z \u00a0kvalitn\u00edho materi\u00e1lu. N\u00e1dobu um\u00edst\u011bte mezi kameny va\u0161eho saunov\u00e9ho topidla.<\/p>\n","protected":false},"excerpt":{"rendered":"<p>Zvlh\u010dovac\u00ed a odpa\u0159ovac\u00ed n\u00e1doba do sauny. Slou\u017e\u00ed k zvlh\u010den\u00ed vzduchu a \u00a0k odpa\u0159ov\u00e1n\u00ed vonn\u00fdch esenc\u00ed, \u010d\u00edm\u017e vnesete do sauny je\u0161t\u011b v\u00edce p\u0159\u00edrody. \u00da\u010dink\u016f v\u00fdrobku se dos\u00e1hne rozpou\u0161t\u011bn\u00edm vonn\u00fdch esenc\u00ed, bylinek, jin\u00fdch vonn\u00fdch l\u00e1tek ve vod\u011b. Zvy\u0161ov\u00e1n\u00edm v\u00fdkonu topn\u00e9ho za\u0159\u00edzen\u00ed sauny je voda oh\u0159\u00edv\u00e1na tak, aby se tyto l\u00e1tky uvol\u0148ovaly v saun\u011b spolu s vypa\u0159uj\u00edc\u00ed se vodou.<\/p>\n<p>Spole\u010dnost HARVIA AUSTRIA vyv\u00edj\u00ed a vyr\u00e1b\u00ed kvalitn\u00ed a inovativn\u00ed produkty ur\u010den\u00e9 k tomu, aby Va\u0161e chv\u00edle str\u00e1ven\u00e9 v saun\u011b byly co nejv\u00edce relaxuj\u00edc\u00ed.<br \/>\n<img loading=\"lazy\" class=\"alignnone size-full wp-image-1323 aligncenter\" src=\"https:\/\/anderskafka.cz\/eshop\/wp-content\/uploads\/sites\/3\/2022\/12\/logoHarvia.png\" alt=\"\" width=\"102\" height=\"102\" srcset=\"https:\/\/anderskafka.cz\/eshop\/wp-content\/uploads\/sites\/3\/2022\/12\/logoHarvia.png 102w, https:\/\/anderskafka.cz\/eshop\/wp-content\/uploads\/sites\/3\/2022\/12\/logoHarvia-100x100.png 100w, https:\/\/anderskafka.cz\/eshop\/wp-content\/uploads\/sites\/3\/2022\/12\/logoHarvia-64x64.png 64w\" sizes=\"(max-width: 102px) 100vw, 102px\" \/><\/p>\n","protected":false},"featured_media":6204,"comment_status":"open","ping_status":"closed","template":"","meta":{"site-sidebar-layout":"default","site-content-layout":"default","ast-main-header-display":"","ast-hfb-above-header-display":"","ast-hfb-below-header-display":"","ast-hfb-mobile-header-display":"","site-post-title":"","ast-breadcrumbs-content":"","ast-featured-img":"","footer-sml-layout":"","theme-transparent-header-meta":"","adv-header-id-meta":"","stick-header-meta":"","header-above-stick-meta":"","header-main-stick-meta":"","header-below-stick-meta":""},"location":[],"product_cat":[303],"product_tag":[324],"yoast_head":"<!-- This site is optimized with the Yoast SEO plugin v18.5.1 - https:\/\/yoast.com\/wordpress\/plugins\/seo\/ -->\n<title>HARVIA AUSTRIA saunov\u00e1 zvlh\u010dovac\u00ed a aroma n\u00e1doba v\u00e1lcov\u00e1 o objemu 0,7 L - Anders &amp; Kafka E-SHOP<\/title>\n<meta name=\"description\" content=\"Zvlh\u010dovac\u00ed a odpa\u0159ovac\u00ed n\u00e1doba do sauny. Slou\u017e\u00ed k zvlh\u010den\u00ed vzduchu a \u00a0k odpa\u0159ov\u00e1n\u00ed vonn\u00fdch esenc\u00ed, \u010d\u00edm\u017e vnesete do sauny je\u0161t\u011b v\u00edce p\u0159\u00edrody. \u00da\u010dink\u016f v\u00fdrobku se dos\u00e1hne rozpou\u0161t\u011bn\u00edm vonn\u00fdch esenc\u00ed, bylinek, jin\u00fdch vonn\u00fdch l\u00e1tek ve vod\u011b. Zvy\u0161ov\u00e1n\u00edm v\u00fdkonu topn\u00e9ho za\u0159\u00edzen\u00ed sauny je voda oh\u0159\u00edv\u00e1na tak, aby se tyto l\u00e1tky uvol\u0148ovaly v saun\u011b spolu s vypa\u0159uj\u00edc\u00ed se vodou.  Spole\u010dnost HARVIA AUSTRIA vyv\u00edj\u00ed a vyr\u00e1b\u00ed kvalitn\u00ed a inovativn\u00ed produkty ur\u010den\u00e9 k tomu, aby Va\u0161e chv\u00edle str\u00e1ven\u00e9 v saun\u011b byly co nejv\u00edce relaxuj\u00edc\u00ed.\" \/>\n<meta name=\"robots\" content=\"index, follow, max-snippet:-1, max-image-preview:large, max-video-preview:-1\" \/>\n<link rel=\"canonical\" href=\"https:\/\/anderskafka.cz\/eshop\/produkt\/sentiotec-saunova-odparovaci-aroma-nadoba-valcova-o-objemu-07-l\/\" \/>\n<meta property=\"og:locale\" content=\"cs_CZ\" \/>\n<meta property=\"og:type\" content=\"article\" \/>\n<meta property=\"og:title\" content=\"HARVIA AUSTRIA saunov\u00e1 zvlh\u010dovac\u00ed a aroma n\u00e1doba v\u00e1lcov\u00e1 o objemu 0,7 L - Anders &amp; Kafka E-SHOP\" \/>\n<meta property=\"og:description\" content=\"Zvlh\u010dovac\u00ed a odpa\u0159ovac\u00ed n\u00e1doba do sauny. Slou\u017e\u00ed k zvlh\u010den\u00ed vzduchu a \u00a0k odpa\u0159ov\u00e1n\u00ed vonn\u00fdch esenc\u00ed, \u010d\u00edm\u017e vnesete do sauny je\u0161t\u011b v\u00edce p\u0159\u00edrody. \u00da\u010dink\u016f v\u00fdrobku se dos\u00e1hne rozpou\u0161t\u011bn\u00edm vonn\u00fdch esenc\u00ed, bylinek, jin\u00fdch vonn\u00fdch l\u00e1tek ve vod\u011b. Zvy\u0161ov\u00e1n\u00edm v\u00fdkonu topn\u00e9ho za\u0159\u00edzen\u00ed sauny je voda oh\u0159\u00edv\u00e1na tak, aby se tyto l\u00e1tky uvol\u0148ovaly v saun\u011b spolu s vypa\u0159uj\u00edc\u00ed se vodou.  Spole\u010dnost HARVIA AUSTRIA vyv\u00edj\u00ed a vyr\u00e1b\u00ed kvalitn\u00ed a inovativn\u00ed produkty ur\u010den\u00e9 k tomu, aby Va\u0161e chv\u00edle str\u00e1ven\u00e9 v saun\u011b byly co nejv\u00edce relaxuj\u00edc\u00ed.\" \/>\n<meta property=\"og:url\" content=\"https:\/\/anderskafka.cz\/eshop\/produkt\/sentiotec-saunova-odparovaci-aroma-nadoba-valcova-o-objemu-07-l\/\" \/>\n<meta property=\"og:site_name\" content=\"Anders &amp; Kafka E-SHOP\" \/>\n<meta property=\"article:modified_time\" content=\"2026-02-23T14:50:23+00:00\" \/>\n<meta property=\"og:image\" content=\"https:\/\/anderskafka.cz\/eshop\/wp-content\/uploads\/sites\/3\/2024\/01\/Sentiotec_Luftbefeuchter_HP01-070_p1-2.png\" \/>\n\t<meta property=\"og:image:width\" content=\"1328\" \/>\n\t<meta property=\"og:image:height\" content=\"1328\" \/>\n\t<meta property=\"og:image:type\" content=\"image\/png\" \/>\n<meta name=\"twitter:card\" content=\"summary_large_image\" \/>\n<meta name=\"twitter:label1\" content=\"Odhadovan\u00e1 doba \u010dten\u00ed\" \/>\n\t<meta name=\"twitter:data1\" content=\"1 minuta\" \/>\n<script type=\"application\/ld+json\" class=\"yoast-schema-graph\">{\"@context\":\"https:\/\/schema.org\",\"@graph\":[{\"@type\":\"WebSite\",\"@id\":\"https:\/\/anderskafka.cz\/eshop\/#website\",\"url\":\"https:\/\/anderskafka.cz\/eshop\/\",\"name\":\"Anders &amp; Kafka E-SHOP\",\"description\":\"Anders &amp; Kafka E-SHOP\",\"potentialAction\":[{\"@type\":\"SearchAction\",\"target\":{\"@type\":\"EntryPoint\",\"urlTemplate\":\"https:\/\/anderskafka.cz\/eshop\/?s={search_term_string}\"},\"query-input\":\"required name=search_term_string\"}],\"inLanguage\":\"cs\"},{\"@type\":\"ImageObject\",\"@id\":\"https:\/\/anderskafka.cz\/eshop\/produkt\/sentiotec-saunova-odparovaci-aroma-nadoba-valcova-o-objemu-07-l\/#primaryimage\",\"inLanguage\":\"cs\",\"url\":\"https:\/\/anderskafka.cz\/eshop\/wp-content\/uploads\/sites\/3\/2024\/01\/Sentiotec_Luftbefeuchter_HP01-070_p1-2.png\",\"contentUrl\":\"https:\/\/anderskafka.cz\/eshop\/wp-content\/uploads\/sites\/3\/2024\/01\/Sentiotec_Luftbefeuchter_HP01-070_p1-2.png\",\"width\":1328,\"height\":1328},{\"@type\":\"WebPage\",\"@id\":\"https:\/\/anderskafka.cz\/eshop\/produkt\/sentiotec-saunova-odparovaci-aroma-nadoba-valcova-o-objemu-07-l\/#webpage\",\"url\":\"https:\/\/anderskafka.cz\/eshop\/produkt\/sentiotec-saunova-odparovaci-aroma-nadoba-valcova-o-objemu-07-l\/\",\"name\":\"HARVIA AUSTRIA saunov\u00e1 zvlh\u010dovac\u00ed a aroma n\u00e1doba v\u00e1lcov\u00e1 o objemu 0,7 L - Anders &amp; Kafka E-SHOP\",\"isPartOf\":{\"@id\":\"https:\/\/anderskafka.cz\/eshop\/#website\"},\"primaryImageOfPage\":{\"@id\":\"https:\/\/anderskafka.cz\/eshop\/produkt\/sentiotec-saunova-odparovaci-aroma-nadoba-valcova-o-objemu-07-l\/#primaryimage\"},\"datePublished\":\"2024-01-02T14:20:59+00:00\",\"dateModified\":\"2026-02-23T14:50:23+00:00\",\"description\":\"Zvlh\u010dovac\u00ed a odpa\u0159ovac\u00ed n\u00e1doba do sauny. Slou\u017e\u00ed k zvlh\u010den\u00ed vzduchu a \u00a0k odpa\u0159ov\u00e1n\u00ed vonn\u00fdch esenc\u00ed, \u010d\u00edm\u017e vnesete do sauny je\u0161t\u011b v\u00edce p\u0159\u00edrody. \u00da\u010dink\u016f v\u00fdrobku se dos\u00e1hne rozpou\u0161t\u011bn\u00edm vonn\u00fdch esenc\u00ed, bylinek, jin\u00fdch vonn\u00fdch l\u00e1tek ve vod\u011b. Zvy\u0161ov\u00e1n\u00edm v\u00fdkonu topn\u00e9ho za\u0159\u00edzen\u00ed sauny je voda oh\u0159\u00edv\u00e1na tak, aby se tyto l\u00e1tky uvol\u0148ovaly v saun\u011b spolu s vypa\u0159uj\u00edc\u00ed se vodou. Spole\u010dnost HARVIA AUSTRIA vyv\u00edj\u00ed a vyr\u00e1b\u00ed kvalitn\u00ed a inovativn\u00ed produkty ur\u010den\u00e9 k tomu, aby Va\u0161e chv\u00edle str\u00e1ven\u00e9 v saun\u011b byly co nejv\u00edce relaxuj\u00edc\u00ed.\",\"breadcrumb\":{\"@id\":\"https:\/\/anderskafka.cz\/eshop\/produkt\/sentiotec-saunova-odparovaci-aroma-nadoba-valcova-o-objemu-07-l\/#breadcrumb\"},\"inLanguage\":\"cs\",\"potentialAction\":[{\"@type\":\"ReadAction\",\"target\":[\"https:\/\/anderskafka.cz\/eshop\/produkt\/sentiotec-saunova-odparovaci-aroma-nadoba-valcova-o-objemu-07-l\/\"]}]},{\"@type\":\"BreadcrumbList\",\"@id\":\"https:\/\/anderskafka.cz\/eshop\/produkt\/sentiotec-saunova-odparovaci-aroma-nadoba-valcova-o-objemu-07-l\/#breadcrumb\",\"itemListElement\":[{\"@type\":\"ListItem\",\"position\":1,\"name\":\"Obchod\",\"item\":\"https:\/\/anderskafka.cz\/eshop\/obchod\/\"},{\"@type\":\"ListItem\",\"position\":2,\"name\":\"HARVIA AUSTRIA saunov\u00e1 zvlh\u010dovac\u00ed a aroma n\u00e1doba v\u00e1lcov\u00e1 o objemu 0,7 L\"}]}]}<\/script>\n<!-- \/ Yoast SEO plugin. -->","yoast_head_json":{"title":"HARVIA AUSTRIA saunov\u00e1 zvlh\u010dovac\u00ed a aroma n\u00e1doba v\u00e1lcov\u00e1 o objemu 0,7 L - Anders &amp; Kafka E-SHOP","description":"Zvlh\u010dovac\u00ed a odpa\u0159ovac\u00ed n\u00e1doba do sauny. Slou\u017e\u00ed k zvlh\u010den\u00ed vzduchu a \u00a0k odpa\u0159ov\u00e1n\u00ed vonn\u00fdch esenc\u00ed, \u010d\u00edm\u017e vnesete do sauny je\u0161t\u011b v\u00edce p\u0159\u00edrody. \u00da\u010dink\u016f v\u00fdrobku se dos\u00e1hne rozpou\u0161t\u011bn\u00edm vonn\u00fdch esenc\u00ed, bylinek, jin\u00fdch vonn\u00fdch l\u00e1tek ve vod\u011b. Zvy\u0161ov\u00e1n\u00edm v\u00fdkonu topn\u00e9ho za\u0159\u00edzen\u00ed sauny je voda oh\u0159\u00edv\u00e1na tak, aby se tyto l\u00e1tky uvol\u0148ovaly v saun\u011b spolu s vypa\u0159uj\u00edc\u00ed se vodou.  Spole\u010dnost HARVIA AUSTRIA vyv\u00edj\u00ed a vyr\u00e1b\u00ed kvalitn\u00ed a inovativn\u00ed produkty ur\u010den\u00e9 k tomu, aby Va\u0161e chv\u00edle str\u00e1ven\u00e9 v saun\u011b byly co nejv\u00edce relaxuj\u00edc\u00ed.","robots":{"index":"index","follow":"follow","max-snippet":"max-snippet:-1","max-image-preview":"max-image-preview:large","max-video-preview":"max-video-preview:-1"},"canonical":"https:\/\/anderskafka.cz\/eshop\/produkt\/sentiotec-saunova-odparovaci-aroma-nadoba-valcova-o-objemu-07-l\/","og_locale":"cs_CZ","og_type":"article","og_title":"HARVIA AUSTRIA saunov\u00e1 zvlh\u010dovac\u00ed a aroma n\u00e1doba v\u00e1lcov\u00e1 o objemu 0,7 L - Anders &amp; Kafka E-SHOP","og_description":"Zvlh\u010dovac\u00ed a odpa\u0159ovac\u00ed n\u00e1doba do sauny. Slou\u017e\u00ed k zvlh\u010den\u00ed vzduchu a \u00a0k odpa\u0159ov\u00e1n\u00ed vonn\u00fdch esenc\u00ed, \u010d\u00edm\u017e vnesete do sauny je\u0161t\u011b v\u00edce p\u0159\u00edrody. \u00da\u010dink\u016f v\u00fdrobku se dos\u00e1hne rozpou\u0161t\u011bn\u00edm vonn\u00fdch esenc\u00ed, bylinek, jin\u00fdch vonn\u00fdch l\u00e1tek ve vod\u011b. Zvy\u0161ov\u00e1n\u00edm v\u00fdkonu topn\u00e9ho za\u0159\u00edzen\u00ed sauny je voda oh\u0159\u00edv\u00e1na tak, aby se tyto l\u00e1tky uvol\u0148ovaly v saun\u011b spolu s vypa\u0159uj\u00edc\u00ed se vodou.  Spole\u010dnost HARVIA AUSTRIA vyv\u00edj\u00ed a vyr\u00e1b\u00ed kvalitn\u00ed a inovativn\u00ed produkty ur\u010den\u00e9 k tomu, aby Va\u0161e chv\u00edle str\u00e1ven\u00e9 v saun\u011b byly co nejv\u00edce relaxuj\u00edc\u00ed.","og_url":"https:\/\/anderskafka.cz\/eshop\/produkt\/sentiotec-saunova-odparovaci-aroma-nadoba-valcova-o-objemu-07-l\/","og_site_name":"Anders &amp; Kafka E-SHOP","article_modified_time":"2026-02-23T14:50:23+00:00","og_image":[{"width":1328,"height":1328,"url":"https:\/\/anderskafka.cz\/eshop\/wp-content\/uploads\/sites\/3\/2024\/01\/Sentiotec_Luftbefeuchter_HP01-070_p1-2.png","type":"image\/png"}],"twitter_card":"summary_large_image","twitter_misc":{"Odhadovan\u00e1 doba \u010dten\u00ed":"1 minuta"},"schema":{"@context":"https:\/\/schema.org","@graph":[{"@type":"WebSite","@id":"https:\/\/anderskafka.cz\/eshop\/#website","url":"https:\/\/anderskafka.cz\/eshop\/","name":"Anders &amp; Kafka E-SHOP","description":"Anders &amp; Kafka E-SHOP","potentialAction":[{"@type":"SearchAction","target":{"@type":"EntryPoint","urlTemplate":"https:\/\/anderskafka.cz\/eshop\/?s={search_term_string}"},"query-input":"required name=search_term_string"}],"inLanguage":"cs"},{"@type":"ImageObject","@id":"https:\/\/anderskafka.cz\/eshop\/produkt\/sentiotec-saunova-odparovaci-aroma-nadoba-valcova-o-objemu-07-l\/#primaryimage","inLanguage":"cs","url":"https:\/\/anderskafka.cz\/eshop\/wp-content\/uploads\/sites\/3\/2024\/01\/Sentiotec_Luftbefeuchter_HP01-070_p1-2.png","contentUrl":"https:\/\/anderskafka.cz\/eshop\/wp-content\/uploads\/sites\/3\/2024\/01\/Sentiotec_Luftbefeuchter_HP01-070_p1-2.png","width":1328,"height":1328},{"@type":"WebPage","@id":"https:\/\/anderskafka.cz\/eshop\/produkt\/sentiotec-saunova-odparovaci-aroma-nadoba-valcova-o-objemu-07-l\/#webpage","url":"https:\/\/anderskafka.cz\/eshop\/produkt\/sentiotec-saunova-odparovaci-aroma-nadoba-valcova-o-objemu-07-l\/","name":"HARVIA AUSTRIA saunov\u00e1 zvlh\u010dovac\u00ed a aroma n\u00e1doba v\u00e1lcov\u00e1 o objemu 0,7 L - Anders &amp; Kafka E-SHOP","isPartOf":{"@id":"https:\/\/anderskafka.cz\/eshop\/#website"},"primaryImageOfPage":{"@id":"https:\/\/anderskafka.cz\/eshop\/produkt\/sentiotec-saunova-odparovaci-aroma-nadoba-valcova-o-objemu-07-l\/#primaryimage"},"datePublished":"2024-01-02T14:20:59+00:00","dateModified":"2026-02-23T14:50:23+00:00","description":"Zvlh\u010dovac\u00ed a odpa\u0159ovac\u00ed n\u00e1doba do sauny. Slou\u017e\u00ed k zvlh\u010den\u00ed vzduchu a \u00a0k odpa\u0159ov\u00e1n\u00ed vonn\u00fdch esenc\u00ed, \u010d\u00edm\u017e vnesete do sauny je\u0161t\u011b v\u00edce p\u0159\u00edrody. \u00da\u010dink\u016f v\u00fdrobku se dos\u00e1hne rozpou\u0161t\u011bn\u00edm vonn\u00fdch esenc\u00ed, bylinek, jin\u00fdch vonn\u00fdch l\u00e1tek ve vod\u011b. Zvy\u0161ov\u00e1n\u00edm v\u00fdkonu topn\u00e9ho za\u0159\u00edzen\u00ed sauny je voda oh\u0159\u00edv\u00e1na tak, aby se tyto l\u00e1tky uvol\u0148ovaly v saun\u011b spolu s vypa\u0159uj\u00edc\u00ed se vodou. Spole\u010dnost HARVIA AUSTRIA vyv\u00edj\u00ed a vyr\u00e1b\u00ed kvalitn\u00ed a inovativn\u00ed produkty ur\u010den\u00e9 k tomu, aby Va\u0161e chv\u00edle str\u00e1ven\u00e9 v saun\u011b byly co nejv\u00edce relaxuj\u00edc\u00ed.","breadcrumb":{"@id":"https:\/\/anderskafka.cz\/eshop\/produkt\/sentiotec-saunova-odparovaci-aroma-nadoba-valcova-o-objemu-07-l\/#breadcrumb"},"inLanguage":"cs","potentialAction":[{"@type":"ReadAction","target":["https:\/\/anderskafka.cz\/eshop\/produkt\/sentiotec-saunova-odparovaci-aroma-nadoba-valcova-o-objemu-07-l\/"]}]},{"@type":"BreadcrumbList","@id":"https:\/\/anderskafka.cz\/eshop\/produkt\/sentiotec-saunova-odparovaci-aroma-nadoba-valcova-o-objemu-07-l\/#breadcrumb","itemListElement":[{"@type":"ListItem","position":1,"name":"Obchod","item":"https:\/\/anderskafka.cz\/eshop\/obchod\/"},{"@type":"ListItem","position":2,"name":"HARVIA AUSTRIA saunov\u00e1 zvlh\u010dovac\u00ed a aroma n\u00e1doba v\u00e1lcov\u00e1 o objemu 0,7 L"}]}]}},"locations":[],"_links":{"self":[{"href":"https:\/\/anderskafka.cz\/eshop\/wp-json\/wp\/v2\/product\/6197"}],"collection":[{"href":"https:\/\/anderskafka.cz\/eshop\/wp-json\/wp\/v2\/product"}],"about":[{"href":"https:\/\/anderskafka.cz\/eshop\/wp-json\/wp\/v2\/types\/product"}],"replies":[{"embeddable":true,"href":"https:\/\/anderskafka.cz\/eshop\/wp-json\/wp\/v2\/comments?post=6197"}],"wp:featuredmedia":[{"embeddable":true,"href":"https:\/\/anderskafka.cz\/eshop\/wp-json\/wp\/v2\/media\/6204"}],"wp:attachment":[{"href":"https:\/\/anderskafka.cz\/eshop\/wp-json\/wp\/v2\/media?parent=6197"}],"wp:term":[{"taxonomy":"location","embeddable":true,"href":"https:\/\/anderskafka.cz\/eshop\/wp-json\/wp\/v2\/location?post=6197"},{"taxonomy":"product_cat","embeddable":true,"href":"https:\/\/anderskafka.cz\/eshop\/wp-json\/wp\/v2\/product_cat?post=6197"},{"taxonomy":"product_tag","embeddable":true,"href":"https:\/\/anderskafka.cz\/eshop\/wp-json\/wp\/v2\/product_tag?post=6197"}],"curies":[{"name":"wp","href":"https:\/\/api.w.org\/{rel}","templated":true}]}}