{"id":6259,"date":"2024-01-04T20:56:32","date_gmt":"2024-01-04T19:56:32","guid":{"rendered":"https:\/\/anderskafka.cz\/eshop\/?post_type=product&#038;p=6259"},"modified":"2026-02-26T14:28:06","modified_gmt":"2026-02-26T13:28:06","slug":"huum-pridavny-vykonovy-modul-18-50-kw","status":"publish","type":"product","link":"https:\/\/anderskafka.cz\/eshop\/produkt\/huum-pridavny-vykonovy-modul-18-50-kw\/","title":{"rendered":"HUUM p\u0159\u00eddavn\u00fd v\u00fdkonov\u00fd modul 18 \u2013 50 KW"},"content":{"rendered":"<p>Di\u0301ky tomuto pr\u030ci\u0301davne\u0301mu vy\u0301konove\u0301mu modulu lze zvy\u0301s\u030cit maxima\u0301lni\u0301 spi\u0301naci\u0301 vy\u0301kon topidla u \u0159\u00eddic\u00edch jednotek z 18 kW na 50 kW.<\/p>\n<p>Tento modul spolupracuje s \u0159\u00eddic\u00edmi jednotkami \u0159ady HUUM UKU.<\/p>\n","protected":false},"excerpt":{"rendered":"<p>Di\u0301ky tomuto pr\u030ci\u0301davne\u0301mu vy\u0301konove\u0301mu modulu lze zvy\u0301s\u030cit maxima\u0301lni\u0301 spi\u0301naci\u0301 vy\u0301kon topidla u \u0159\u00eddic\u00edch jednotek z 18 kW na 50 kW.<\/p>\n<p>Tento modul\u00a0 spolupracuje s \u0159\u00eddic\u00edmi jednotkami \u0159ady HUUM UKU.<\/p>\n<p style=\"text-align: left;\">Saunov\u00e9 produkty spole\u010dnosti HUUM inspirovan\u00e9 p\u0159\u00edrodou kombinuj\u00ed starod\u00e1vn\u00e9 estonsk\u00e9 saunov\u00e9 d\u011bdictv\u00ed, m\u00edrnou p\u00e1ru a modern\u00ed technologii.<\/p>\n<p style=\"text-align: center;\"><img loading=\"lazy\" class=\"size-full wp-image-4250 aligncenter\" src=\"https:\/\/anderskafka.cz\/eshop\/wp-content\/uploads\/sites\/3\/2023\/10\/Unknown-2.png\" alt=\"\" width=\"225\" height=\"225\" srcset=\"https:\/\/anderskafka.cz\/eshop\/wp-content\/uploads\/sites\/3\/2023\/10\/Unknown-2.png 225w, https:\/\/anderskafka.cz\/eshop\/wp-content\/uploads\/sites\/3\/2023\/10\/Unknown-2-150x150.png 150w, https:\/\/anderskafka.cz\/eshop\/wp-content\/uploads\/sites\/3\/2023\/10\/Unknown-2-100x100.png 100w, https:\/\/anderskafka.cz\/eshop\/wp-content\/uploads\/sites\/3\/2023\/10\/Unknown-2-64x64.png 64w\" sizes=\"(max-width: 225px) 100vw, 225px\" \/><\/p>\n","protected":false},"featured_media":6260,"comment_status":"open","ping_status":"closed","template":"","meta":{"site-sidebar-layout":"default","site-content-layout":"default","ast-main-header-display":"","ast-hfb-above-header-display":"","ast-hfb-below-header-display":"","ast-hfb-mobile-header-display":"","site-post-title":"","ast-breadcrumbs-content":"","ast-featured-img":"","footer-sml-layout":"","theme-transparent-header-meta":"","adv-header-id-meta":"","stick-header-meta":"","header-above-stick-meta":"","header-main-stick-meta":"","header-below-stick-meta":""},"location":[1492,1491],"product_cat":[543],"product_tag":[1028],"yoast_head":"<!-- This site is optimized with the Yoast SEO plugin v18.5.1 - https:\/\/yoast.com\/wordpress\/plugins\/seo\/ -->\n<title>HUUM p\u0159\u00eddavn\u00fd v\u00fdkonov\u00fd modul 18 \u2013 50 KW - Anders &amp; Kafka E-SHOP<\/title>\n<meta name=\"description\" content=\"Di\u0301ky tomuto pr\u030ci\u0301davne\u0301mu vy\u0301konove\u0301mu modulu lze zvy\u0301s\u030cit maxima\u0301lni\u0301 spi\u0301naci\u0301 vy\u0301kon topidla u \u0159\u00eddic\u00edch jednotek z 18 kW na 50 kW.  Tento modul\u00a0 spolupracuje s \u0159\u00eddic\u00edmi jednotkami \u0159ady HUUM UKU. Saunov\u00e9 produkty spole\u010dnosti HUUM inspirovan\u00e9 p\u0159\u00edrodou kombinuj\u00ed starod\u00e1vn\u00e9 estonsk\u00e9 saunov\u00e9 d\u011bdictv\u00ed, m\u00edrnou p\u00e1ru a modern\u00ed technologii.\" \/>\n<meta name=\"robots\" content=\"index, follow, max-snippet:-1, max-image-preview:large, max-video-preview:-1\" \/>\n<link rel=\"canonical\" href=\"https:\/\/anderskafka.cz\/eshop\/produkt\/huum-pridavny-vykonovy-modul-18-50-kw\/\" \/>\n<meta property=\"og:locale\" content=\"cs_CZ\" \/>\n<meta property=\"og:type\" content=\"article\" \/>\n<meta property=\"og:title\" content=\"HUUM p\u0159\u00eddavn\u00fd v\u00fdkonov\u00fd modul 18 \u2013 50 KW - Anders &amp; Kafka E-SHOP\" \/>\n<meta property=\"og:description\" content=\"Di\u0301ky tomuto pr\u030ci\u0301davne\u0301mu vy\u0301konove\u0301mu modulu lze zvy\u0301s\u030cit maxima\u0301lni\u0301 spi\u0301naci\u0301 vy\u0301kon topidla u \u0159\u00eddic\u00edch jednotek z 18 kW na 50 kW.  Tento modul\u00a0 spolupracuje s \u0159\u00eddic\u00edmi jednotkami \u0159ady HUUM UKU. Saunov\u00e9 produkty spole\u010dnosti HUUM inspirovan\u00e9 p\u0159\u00edrodou kombinuj\u00ed starod\u00e1vn\u00e9 estonsk\u00e9 saunov\u00e9 d\u011bdictv\u00ed, m\u00edrnou p\u00e1ru a modern\u00ed technologii.\" \/>\n<meta property=\"og:url\" content=\"https:\/\/anderskafka.cz\/eshop\/produkt\/huum-pridavny-vykonovy-modul-18-50-kw\/\" \/>\n<meta property=\"og:site_name\" content=\"Anders &amp; Kafka E-SHOP\" \/>\n<meta property=\"article:modified_time\" content=\"2026-02-26T13:28:06+00:00\" \/>\n<meta name=\"twitter:card\" content=\"summary_large_image\" \/>\n<meta name=\"twitter:image\" content=\"https:\/\/anderskafka.cz\/eshop\/wp-content\/uploads\/sites\/3\/2024\/01\/extension-box-eu-web.png.webp\" \/>\n<meta name=\"twitter:label1\" content=\"Odhadovan\u00e1 doba \u010dten\u00ed\" \/>\n\t<meta name=\"twitter:data1\" content=\"1 minuta\" \/>\n<script type=\"application\/ld+json\" class=\"yoast-schema-graph\">{\"@context\":\"https:\/\/schema.org\",\"@graph\":[{\"@type\":\"WebSite\",\"@id\":\"https:\/\/anderskafka.cz\/eshop\/#website\",\"url\":\"https:\/\/anderskafka.cz\/eshop\/\",\"name\":\"Anders &amp; Kafka E-SHOP\",\"description\":\"Anders &amp; Kafka E-SHOP\",\"potentialAction\":[{\"@type\":\"SearchAction\",\"target\":{\"@type\":\"EntryPoint\",\"urlTemplate\":\"https:\/\/anderskafka.cz\/eshop\/?s={search_term_string}\"},\"query-input\":\"required name=search_term_string\"}],\"inLanguage\":\"cs\"},{\"@type\":\"ImageObject\",\"@id\":\"https:\/\/anderskafka.cz\/eshop\/produkt\/huum-pridavny-vykonovy-modul-18-50-kw\/#primaryimage\",\"inLanguage\":\"cs\",\"url\":\"https:\/\/anderskafka.cz\/eshop\/wp-content\/uploads\/sites\/3\/2024\/01\/extension-box-eu-web.png.webp\",\"contentUrl\":\"https:\/\/anderskafka.cz\/eshop\/wp-content\/uploads\/sites\/3\/2024\/01\/extension-box-eu-web.png.webp\",\"width\":1259,\"height\":1259},{\"@type\":\"WebPage\",\"@id\":\"https:\/\/anderskafka.cz\/eshop\/produkt\/huum-pridavny-vykonovy-modul-18-50-kw\/#webpage\",\"url\":\"https:\/\/anderskafka.cz\/eshop\/produkt\/huum-pridavny-vykonovy-modul-18-50-kw\/\",\"name\":\"HUUM p\u0159\u00eddavn\u00fd v\u00fdkonov\u00fd modul 18 \u2013 50 KW - Anders &amp; Kafka E-SHOP\",\"isPartOf\":{\"@id\":\"https:\/\/anderskafka.cz\/eshop\/#website\"},\"primaryImageOfPage\":{\"@id\":\"https:\/\/anderskafka.cz\/eshop\/produkt\/huum-pridavny-vykonovy-modul-18-50-kw\/#primaryimage\"},\"datePublished\":\"2024-01-04T19:56:32+00:00\",\"dateModified\":\"2026-02-26T13:28:06+00:00\",\"description\":\"Di\u0301ky tomuto pr\u030ci\u0301davne\u0301mu vy\u0301konove\u0301mu modulu lze zvy\u0301s\u030cit maxima\u0301lni\u0301 spi\u0301naci\u0301 vy\u0301kon topidla u \u0159\u00eddic\u00edch jednotek z 18 kW na 50 kW. Tento modul\u00a0 spolupracuje s \u0159\u00eddic\u00edmi jednotkami \u0159ady HUUM UKU. Saunov\u00e9 produkty spole\u010dnosti HUUM inspirovan\u00e9 p\u0159\u00edrodou kombinuj\u00ed starod\u00e1vn\u00e9 estonsk\u00e9 saunov\u00e9 d\u011bdictv\u00ed, m\u00edrnou p\u00e1ru a modern\u00ed technologii.\",\"breadcrumb\":{\"@id\":\"https:\/\/anderskafka.cz\/eshop\/produkt\/huum-pridavny-vykonovy-modul-18-50-kw\/#breadcrumb\"},\"inLanguage\":\"cs\",\"potentialAction\":[{\"@type\":\"ReadAction\",\"target\":[\"https:\/\/anderskafka.cz\/eshop\/produkt\/huum-pridavny-vykonovy-modul-18-50-kw\/\"]}]},{\"@type\":\"BreadcrumbList\",\"@id\":\"https:\/\/anderskafka.cz\/eshop\/produkt\/huum-pridavny-vykonovy-modul-18-50-kw\/#breadcrumb\",\"itemListElement\":[{\"@type\":\"ListItem\",\"position\":1,\"name\":\"Obchod\",\"item\":\"https:\/\/anderskafka.cz\/eshop\/obchod\/\"},{\"@type\":\"ListItem\",\"position\":2,\"name\":\"HUUM p\u0159\u00eddavn\u00fd v\u00fdkonov\u00fd modul 18 \u2013 50 KW\"}]}]}<\/script>\n<!-- \/ Yoast SEO plugin. -->","yoast_head_json":{"title":"HUUM p\u0159\u00eddavn\u00fd v\u00fdkonov\u00fd modul 18 \u2013 50 KW - Anders &amp; Kafka E-SHOP","description":"Di\u0301ky tomuto pr\u030ci\u0301davne\u0301mu vy\u0301konove\u0301mu modulu lze zvy\u0301s\u030cit maxima\u0301lni\u0301 spi\u0301naci\u0301 vy\u0301kon topidla u \u0159\u00eddic\u00edch jednotek z 18 kW na 50 kW.  Tento modul\u00a0 spolupracuje s \u0159\u00eddic\u00edmi jednotkami \u0159ady HUUM UKU. Saunov\u00e9 produkty spole\u010dnosti HUUM inspirovan\u00e9 p\u0159\u00edrodou kombinuj\u00ed starod\u00e1vn\u00e9 estonsk\u00e9 saunov\u00e9 d\u011bdictv\u00ed, m\u00edrnou p\u00e1ru a modern\u00ed technologii.","robots":{"index":"index","follow":"follow","max-snippet":"max-snippet:-1","max-image-preview":"max-image-preview:large","max-video-preview":"max-video-preview:-1"},"canonical":"https:\/\/anderskafka.cz\/eshop\/produkt\/huum-pridavny-vykonovy-modul-18-50-kw\/","og_locale":"cs_CZ","og_type":"article","og_title":"HUUM p\u0159\u00eddavn\u00fd v\u00fdkonov\u00fd modul 18 \u2013 50 KW - Anders &amp; Kafka E-SHOP","og_description":"Di\u0301ky tomuto pr\u030ci\u0301davne\u0301mu vy\u0301konove\u0301mu modulu lze zvy\u0301s\u030cit maxima\u0301lni\u0301 spi\u0301naci\u0301 vy\u0301kon topidla u \u0159\u00eddic\u00edch jednotek z 18 kW na 50 kW.  Tento modul\u00a0 spolupracuje s \u0159\u00eddic\u00edmi jednotkami \u0159ady HUUM UKU. Saunov\u00e9 produkty spole\u010dnosti HUUM inspirovan\u00e9 p\u0159\u00edrodou kombinuj\u00ed starod\u00e1vn\u00e9 estonsk\u00e9 saunov\u00e9 d\u011bdictv\u00ed, m\u00edrnou p\u00e1ru a modern\u00ed technologii.","og_url":"https:\/\/anderskafka.cz\/eshop\/produkt\/huum-pridavny-vykonovy-modul-18-50-kw\/","og_site_name":"Anders &amp; Kafka E-SHOP","article_modified_time":"2026-02-26T13:28:06+00:00","twitter_card":"summary_large_image","twitter_image":"https:\/\/anderskafka.cz\/eshop\/wp-content\/uploads\/sites\/3\/2024\/01\/extension-box-eu-web.png.webp","twitter_misc":{"Odhadovan\u00e1 doba \u010dten\u00ed":"1 minuta"},"schema":{"@context":"https:\/\/schema.org","@graph":[{"@type":"WebSite","@id":"https:\/\/anderskafka.cz\/eshop\/#website","url":"https:\/\/anderskafka.cz\/eshop\/","name":"Anders &amp; Kafka E-SHOP","description":"Anders &amp; Kafka E-SHOP","potentialAction":[{"@type":"SearchAction","target":{"@type":"EntryPoint","urlTemplate":"https:\/\/anderskafka.cz\/eshop\/?s={search_term_string}"},"query-input":"required name=search_term_string"}],"inLanguage":"cs"},{"@type":"ImageObject","@id":"https:\/\/anderskafka.cz\/eshop\/produkt\/huum-pridavny-vykonovy-modul-18-50-kw\/#primaryimage","inLanguage":"cs","url":"https:\/\/anderskafka.cz\/eshop\/wp-content\/uploads\/sites\/3\/2024\/01\/extension-box-eu-web.png.webp","contentUrl":"https:\/\/anderskafka.cz\/eshop\/wp-content\/uploads\/sites\/3\/2024\/01\/extension-box-eu-web.png.webp","width":1259,"height":1259},{"@type":"WebPage","@id":"https:\/\/anderskafka.cz\/eshop\/produkt\/huum-pridavny-vykonovy-modul-18-50-kw\/#webpage","url":"https:\/\/anderskafka.cz\/eshop\/produkt\/huum-pridavny-vykonovy-modul-18-50-kw\/","name":"HUUM p\u0159\u00eddavn\u00fd v\u00fdkonov\u00fd modul 18 \u2013 50 KW - Anders &amp; Kafka E-SHOP","isPartOf":{"@id":"https:\/\/anderskafka.cz\/eshop\/#website"},"primaryImageOfPage":{"@id":"https:\/\/anderskafka.cz\/eshop\/produkt\/huum-pridavny-vykonovy-modul-18-50-kw\/#primaryimage"},"datePublished":"2024-01-04T19:56:32+00:00","dateModified":"2026-02-26T13:28:06+00:00","description":"Di\u0301ky tomuto pr\u030ci\u0301davne\u0301mu vy\u0301konove\u0301mu modulu lze zvy\u0301s\u030cit maxima\u0301lni\u0301 spi\u0301naci\u0301 vy\u0301kon topidla u \u0159\u00eddic\u00edch jednotek z 18 kW na 50 kW. Tento modul\u00a0 spolupracuje s \u0159\u00eddic\u00edmi jednotkami \u0159ady HUUM UKU. Saunov\u00e9 produkty spole\u010dnosti HUUM inspirovan\u00e9 p\u0159\u00edrodou kombinuj\u00ed starod\u00e1vn\u00e9 estonsk\u00e9 saunov\u00e9 d\u011bdictv\u00ed, m\u00edrnou p\u00e1ru a modern\u00ed technologii.","breadcrumb":{"@id":"https:\/\/anderskafka.cz\/eshop\/produkt\/huum-pridavny-vykonovy-modul-18-50-kw\/#breadcrumb"},"inLanguage":"cs","potentialAction":[{"@type":"ReadAction","target":["https:\/\/anderskafka.cz\/eshop\/produkt\/huum-pridavny-vykonovy-modul-18-50-kw\/"]}]},{"@type":"BreadcrumbList","@id":"https:\/\/anderskafka.cz\/eshop\/produkt\/huum-pridavny-vykonovy-modul-18-50-kw\/#breadcrumb","itemListElement":[{"@type":"ListItem","position":1,"name":"Obchod","item":"https:\/\/anderskafka.cz\/eshop\/obchod\/"},{"@type":"ListItem","position":2,"name":"HUUM p\u0159\u00eddavn\u00fd v\u00fdkonov\u00fd modul 18 \u2013 50 KW"}]}]}},"locations":[{"id":1492,"name":"HUUM sklad","slug":"huum-sklad","quantity":""},{"id":1491,"name":"Sklad AndersKafka","slug":"sklad-anderskafka","quantity":""}],"_links":{"self":[{"href":"https:\/\/anderskafka.cz\/eshop\/wp-json\/wp\/v2\/product\/6259"}],"collection":[{"href":"https:\/\/anderskafka.cz\/eshop\/wp-json\/wp\/v2\/product"}],"about":[{"href":"https:\/\/anderskafka.cz\/eshop\/wp-json\/wp\/v2\/types\/product"}],"replies":[{"embeddable":true,"href":"https:\/\/anderskafka.cz\/eshop\/wp-json\/wp\/v2\/comments?post=6259"}],"wp:featuredmedia":[{"embeddable":true,"href":"https:\/\/anderskafka.cz\/eshop\/wp-json\/wp\/v2\/media\/6260"}],"wp:attachment":[{"href":"https:\/\/anderskafka.cz\/eshop\/wp-json\/wp\/v2\/media?parent=6259"}],"wp:term":[{"taxonomy":"location","embeddable":true,"href":"https:\/\/anderskafka.cz\/eshop\/wp-json\/wp\/v2\/location?post=6259"},{"taxonomy":"product_cat","embeddable":true,"href":"https:\/\/anderskafka.cz\/eshop\/wp-json\/wp\/v2\/product_cat?post=6259"},{"taxonomy":"product_tag","embeddable":true,"href":"https:\/\/anderskafka.cz\/eshop\/wp-json\/wp\/v2\/product_tag?post=6259"}],"curies":[{"name":"wp","href":"https:\/\/api.w.org\/{rel}","templated":true}]}}