{"id":6298,"date":"2024-01-10T21:18:27","date_gmt":"2024-01-10T20:18:27","guid":{"rendered":"https:\/\/anderskafka.cz\/eshop\/?post_type=product&#038;p=6298"},"modified":"2026-03-26T11:01:30","modified_gmt":"2026-03-26T10:01:30","slug":"lacaform-chemosan-univerzalni-bezchlorova-desinfekce-do-wellness-a-fitness-provozu-obsah-baleni-1-10-l-kopirovat","status":"publish","type":"product","link":"https:\/\/anderskafka.cz\/eshop\/produkt\/lacaform-chemosan-univerzalni-bezchlorova-desinfekce-do-wellness-a-fitness-provozu-obsah-baleni-1-10-l-kopirovat\/","title":{"rendered":"LACAFORM \u2013 CHEMOSAN, univerz\u00e1ln\u00ed bezchlorov\u00e1 desinfekce do wellness a fitness provoz\u016f, obsah balen\u00ed 1\/10 l"},"content":{"rendered":"<p>Univerz\u00e1ln\u00ed bezchl\u00f3rov\u00e1 dezinfekce pro v\u0161echny typy ploch ve wellness a fitness provozech v\u010detn\u011b sol\u00e1ri\u00ed. Koncentr\u00e1t \u0159editeln\u00fd od 0,5 do 0,075%. Von\u00ed po eukalyptu, nepo\u0161kozuje citliv\u00e9 materi\u00e1ly.<\/p>\n<p>Unik\u00e1tn\u00ed dezinfekce pro v\u0161echny plochy ve wellness provozu &#8211; od sol\u00e1ri\u00ed, saun, fitness za\u0159\u00edzen\u00ed a\u017e po podlahy.<\/p>\n<p>5 ml p\u0159\u00edpravku roz\u0159e\u010fte v litru vody. Takto p\u0159ipraven\u00fd roztok sta\u010d\u00ed k okam\u017eit\u00e9 dezinfekci ploch, kter\u00e9 jsou n\u00e1sledn\u011b vyu\u017e\u00edv\u00e1ny dal\u0161\u00edm klientem wellness (sol\u00e1ria, fitness stroje). Pro plochy, na kter\u00fdch m\u016f\u017ee dezinfekce p\u016fsobit 4 hodiny (ve\u010dern\u00ed dezinfekce podlah a pod.) sta\u010d\u00ed p\u0159ipravit roztok s 0,75 ml p\u0159\u00edpravku do 1 l vody.<\/p>\n<p>Dezinfekce neobsahuje chl\u00f3r a je velmi \u0161etrn\u00e1 k o\u0161et\u0159ovan\u00fdm materi\u00e1l\u016fm. Zanech\u00e1v\u00e1 v prostoru p\u0159\u00edjemnou eukalyptovou v\u016fni.<\/p>\n<p><strong>Dostupn\u00e9 v balen\u00ed:<\/strong> 1 l, 10 l<\/p>\n<p>&nbsp;<\/p>\n<p><strong>Pou\u017e\u00edvejte biocidn\u00ed p\u0159\u00edpravky bezpe\u010dn\u011b. P\u0159ed pou\u017eit\u00edm si v\u017edy p\u0159e\u010dt\u011bte \u00fadaje na obalu a p\u0159ipojen\u00e9 informace o p\u0159\u00edpravku.<\/strong><\/p>\n","protected":false},"excerpt":{"rendered":"<div id=\"product-description-short\">\n<p>Unik\u00e1tn\u00ed dezinfekce pro v\u0161echny plochy ve wellness provozu &#8211; od sol\u00e1ri\u00ed, saun, fitness za\u0159\u00edzen\u00ed a\u017e po podlahy.<\/p>\n<\/div>\n<p>CHEMOFORM AG je n\u011bmeck\u00e1 spole\u010dnost specializuj\u00edc\u00ed se na v\u00fdvoj a v\u00fdrobu chemick\u00fdch p\u0159\u00edpravk\u016f pro wellness s v\u00edce jak 55 letou tradic\u00ed.<\/p>\n<p><img loading=\"lazy\" class=\"alignnone size-full wp-image-1496 aligncenter\" src=\"https:\/\/anderskafka.cz\/eshop\/wp-content\/uploads\/sites\/3\/2022\/12\/made-in-germany-label-icon-of-german-flag-map-vector-22965302.jpg\" alt=\"\" width=\"250\" height=\"250\" srcset=\"https:\/\/anderskafka.cz\/eshop\/wp-content\/uploads\/sites\/3\/2022\/12\/made-in-germany-label-icon-of-german-flag-map-vector-22965302.jpg 250w, https:\/\/anderskafka.cz\/eshop\/wp-content\/uploads\/sites\/3\/2022\/12\/made-in-germany-label-icon-of-german-flag-map-vector-22965302-150x150.jpg 150w, https:\/\/anderskafka.cz\/eshop\/wp-content\/uploads\/sites\/3\/2022\/12\/made-in-germany-label-icon-of-german-flag-map-vector-22965302-100x100.jpg 100w, https:\/\/anderskafka.cz\/eshop\/wp-content\/uploads\/sites\/3\/2022\/12\/made-in-germany-label-icon-of-german-flag-map-vector-22965302-64x64.jpg 64w\" sizes=\"(max-width: 250px) 100vw, 250px\" \/><\/p>\n","protected":false},"featured_media":6302,"comment_status":"open","ping_status":"closed","template":"","meta":{"site-sidebar-layout":"default","site-content-layout":"default","ast-main-header-display":"","ast-hfb-above-header-display":"","ast-hfb-below-header-display":"","ast-hfb-mobile-header-display":"disabled","site-post-title":"","ast-breadcrumbs-content":"","ast-featured-img":"","footer-sml-layout":"","theme-transparent-header-meta":"","adv-header-id-meta":"","stick-header-meta":"","header-above-stick-meta":"","header-main-stick-meta":"","header-below-stick-meta":""},"location":[],"product_cat":[50],"product_tag":[1248],"yoast_head":"<!-- This site is optimized with the Yoast SEO plugin v18.5.1 - https:\/\/yoast.com\/wordpress\/plugins\/seo\/ -->\n<title>LACAFORM \u2013 CHEMOSAN, univerz\u00e1ln\u00ed bezchlorov\u00e1 desinfekce do wellness a fitness provoz\u016f, obsah balen\u00ed 1\/10 l - Anders &amp; Kafka E-SHOP<\/title>\n<meta name=\"description\" content=\"Unik\u00e1tn\u00ed dezinfekce pro v\u0161echny plochy ve wellness provozu - od sol\u00e1ri\u00ed, saun, fitness za\u0159\u00edzen\u00ed a\u017e po podlahy.   CHEMOFORM AG je n\u011bmeck\u00e1 spole\u010dnost specializuj\u00edc\u00ed se na v\u00fdvoj a v\u00fdrobu chemick\u00fdch p\u0159\u00edpravk\u016f pro wellness s v\u00edce jak 55 letou tradic\u00ed.\" \/>\n<meta name=\"robots\" content=\"index, follow, max-snippet:-1, max-image-preview:large, max-video-preview:-1\" \/>\n<link rel=\"canonical\" href=\"https:\/\/anderskafka.cz\/eshop\/produkt\/lacaform-chemosan-univerzalni-bezchlorova-desinfekce-do-wellness-a-fitness-provozu-obsah-baleni-1-10-l-kopirovat\/\" \/>\n<meta property=\"og:locale\" content=\"cs_CZ\" \/>\n<meta property=\"og:type\" content=\"article\" \/>\n<meta property=\"og:title\" content=\"LACAFORM \u2013 CHEMOSAN, univerz\u00e1ln\u00ed bezchlorov\u00e1 desinfekce do wellness a fitness provoz\u016f, obsah balen\u00ed 1\/10 l - Anders &amp; Kafka E-SHOP\" \/>\n<meta property=\"og:description\" content=\"Unik\u00e1tn\u00ed dezinfekce pro v\u0161echny plochy ve wellness provozu - od sol\u00e1ri\u00ed, saun, fitness za\u0159\u00edzen\u00ed a\u017e po podlahy.   CHEMOFORM AG je n\u011bmeck\u00e1 spole\u010dnost specializuj\u00edc\u00ed se na v\u00fdvoj a v\u00fdrobu chemick\u00fdch p\u0159\u00edpravk\u016f pro wellness s v\u00edce jak 55 letou tradic\u00ed.\" \/>\n<meta property=\"og:url\" content=\"https:\/\/anderskafka.cz\/eshop\/produkt\/lacaform-chemosan-univerzalni-bezchlorova-desinfekce-do-wellness-a-fitness-provozu-obsah-baleni-1-10-l-kopirovat\/\" \/>\n<meta property=\"og:site_name\" content=\"Anders &amp; Kafka E-SHOP\" \/>\n<meta property=\"article:modified_time\" content=\"2026-03-26T10:01:30+00:00\" \/>\n<meta name=\"twitter:card\" content=\"summary_large_image\" \/>\n<meta name=\"twitter:image\" content=\"https:\/\/anderskafka.cz\/eshop\/wp-content\/uploads\/sites\/3\/2024\/01\/1135.webp\" \/>\n<meta name=\"twitter:label1\" content=\"Odhadovan\u00e1 doba \u010dten\u00ed\" \/>\n\t<meta name=\"twitter:data1\" content=\"1 minuta\" \/>\n<script type=\"application\/ld+json\" class=\"yoast-schema-graph\">{\"@context\":\"https:\/\/schema.org\",\"@graph\":[{\"@type\":\"WebSite\",\"@id\":\"https:\/\/anderskafka.cz\/eshop\/#website\",\"url\":\"https:\/\/anderskafka.cz\/eshop\/\",\"name\":\"Anders &amp; Kafka E-SHOP\",\"description\":\"Anders &amp; Kafka E-SHOP\",\"potentialAction\":[{\"@type\":\"SearchAction\",\"target\":{\"@type\":\"EntryPoint\",\"urlTemplate\":\"https:\/\/anderskafka.cz\/eshop\/?s={search_term_string}\"},\"query-input\":\"required name=search_term_string\"}],\"inLanguage\":\"cs\"},{\"@type\":\"ImageObject\",\"@id\":\"https:\/\/anderskafka.cz\/eshop\/produkt\/lacaform-chemosan-univerzalni-bezchlorova-desinfekce-do-wellness-a-fitness-provozu-obsah-baleni-1-10-l-kopirovat\/#primaryimage\",\"inLanguage\":\"cs\",\"url\":\"https:\/\/anderskafka.cz\/eshop\/wp-content\/uploads\/sites\/3\/2024\/01\/1135.webp\",\"contentUrl\":\"https:\/\/anderskafka.cz\/eshop\/wp-content\/uploads\/sites\/3\/2024\/01\/1135.webp\",\"width\":1024,\"height\":1024},{\"@type\":\"WebPage\",\"@id\":\"https:\/\/anderskafka.cz\/eshop\/produkt\/lacaform-chemosan-univerzalni-bezchlorova-desinfekce-do-wellness-a-fitness-provozu-obsah-baleni-1-10-l-kopirovat\/#webpage\",\"url\":\"https:\/\/anderskafka.cz\/eshop\/produkt\/lacaform-chemosan-univerzalni-bezchlorova-desinfekce-do-wellness-a-fitness-provozu-obsah-baleni-1-10-l-kopirovat\/\",\"name\":\"LACAFORM \u2013 CHEMOSAN, univerz\u00e1ln\u00ed bezchlorov\u00e1 desinfekce do wellness a fitness provoz\u016f, obsah balen\u00ed 1\/10 l - Anders &amp; Kafka E-SHOP\",\"isPartOf\":{\"@id\":\"https:\/\/anderskafka.cz\/eshop\/#website\"},\"primaryImageOfPage\":{\"@id\":\"https:\/\/anderskafka.cz\/eshop\/produkt\/lacaform-chemosan-univerzalni-bezchlorova-desinfekce-do-wellness-a-fitness-provozu-obsah-baleni-1-10-l-kopirovat\/#primaryimage\"},\"datePublished\":\"2024-01-10T20:18:27+00:00\",\"dateModified\":\"2026-03-26T10:01:30+00:00\",\"description\":\"Unik\u00e1tn\u00ed dezinfekce pro v\u0161echny plochy ve wellness provozu - od sol\u00e1ri\u00ed, saun, fitness za\u0159\u00edzen\u00ed a\u017e po podlahy. CHEMOFORM AG je n\u011bmeck\u00e1 spole\u010dnost specializuj\u00edc\u00ed se na v\u00fdvoj a v\u00fdrobu chemick\u00fdch p\u0159\u00edpravk\u016f pro wellness s v\u00edce jak 55 letou tradic\u00ed.\",\"breadcrumb\":{\"@id\":\"https:\/\/anderskafka.cz\/eshop\/produkt\/lacaform-chemosan-univerzalni-bezchlorova-desinfekce-do-wellness-a-fitness-provozu-obsah-baleni-1-10-l-kopirovat\/#breadcrumb\"},\"inLanguage\":\"cs\",\"potentialAction\":[{\"@type\":\"ReadAction\",\"target\":[\"https:\/\/anderskafka.cz\/eshop\/produkt\/lacaform-chemosan-univerzalni-bezchlorova-desinfekce-do-wellness-a-fitness-provozu-obsah-baleni-1-10-l-kopirovat\/\"]}]},{\"@type\":\"BreadcrumbList\",\"@id\":\"https:\/\/anderskafka.cz\/eshop\/produkt\/lacaform-chemosan-univerzalni-bezchlorova-desinfekce-do-wellness-a-fitness-provozu-obsah-baleni-1-10-l-kopirovat\/#breadcrumb\",\"itemListElement\":[{\"@type\":\"ListItem\",\"position\":1,\"name\":\"Obchod\",\"item\":\"https:\/\/anderskafka.cz\/eshop\/obchod\/\"},{\"@type\":\"ListItem\",\"position\":2,\"name\":\"LACAFORM \u2013 CHEMOSAN, univerz\u00e1ln\u00ed bezchlorov\u00e1 desinfekce do wellness a fitness provoz\u016f, obsah balen\u00ed 1\/10 l\"}]}]}<\/script>\n<!-- \/ Yoast SEO plugin. -->","yoast_head_json":{"title":"LACAFORM \u2013 CHEMOSAN, univerz\u00e1ln\u00ed bezchlorov\u00e1 desinfekce do wellness a fitness provoz\u016f, obsah balen\u00ed 1\/10 l - Anders &amp; Kafka E-SHOP","description":"Unik\u00e1tn\u00ed dezinfekce pro v\u0161echny plochy ve wellness provozu - od sol\u00e1ri\u00ed, saun, fitness za\u0159\u00edzen\u00ed a\u017e po podlahy.   CHEMOFORM AG je n\u011bmeck\u00e1 spole\u010dnost specializuj\u00edc\u00ed se na v\u00fdvoj a v\u00fdrobu chemick\u00fdch p\u0159\u00edpravk\u016f pro wellness s v\u00edce jak 55 letou tradic\u00ed.","robots":{"index":"index","follow":"follow","max-snippet":"max-snippet:-1","max-image-preview":"max-image-preview:large","max-video-preview":"max-video-preview:-1"},"canonical":"https:\/\/anderskafka.cz\/eshop\/produkt\/lacaform-chemosan-univerzalni-bezchlorova-desinfekce-do-wellness-a-fitness-provozu-obsah-baleni-1-10-l-kopirovat\/","og_locale":"cs_CZ","og_type":"article","og_title":"LACAFORM \u2013 CHEMOSAN, univerz\u00e1ln\u00ed bezchlorov\u00e1 desinfekce do wellness a fitness provoz\u016f, obsah balen\u00ed 1\/10 l - Anders &amp; Kafka E-SHOP","og_description":"Unik\u00e1tn\u00ed dezinfekce pro v\u0161echny plochy ve wellness provozu - od sol\u00e1ri\u00ed, saun, fitness za\u0159\u00edzen\u00ed a\u017e po podlahy.   CHEMOFORM AG je n\u011bmeck\u00e1 spole\u010dnost specializuj\u00edc\u00ed se na v\u00fdvoj a v\u00fdrobu chemick\u00fdch p\u0159\u00edpravk\u016f pro wellness s v\u00edce jak 55 letou tradic\u00ed.","og_url":"https:\/\/anderskafka.cz\/eshop\/produkt\/lacaform-chemosan-univerzalni-bezchlorova-desinfekce-do-wellness-a-fitness-provozu-obsah-baleni-1-10-l-kopirovat\/","og_site_name":"Anders &amp; Kafka E-SHOP","article_modified_time":"2026-03-26T10:01:30+00:00","twitter_card":"summary_large_image","twitter_image":"https:\/\/anderskafka.cz\/eshop\/wp-content\/uploads\/sites\/3\/2024\/01\/1135.webp","twitter_misc":{"Odhadovan\u00e1 doba \u010dten\u00ed":"1 minuta"},"schema":{"@context":"https:\/\/schema.org","@graph":[{"@type":"WebSite","@id":"https:\/\/anderskafka.cz\/eshop\/#website","url":"https:\/\/anderskafka.cz\/eshop\/","name":"Anders &amp; Kafka E-SHOP","description":"Anders &amp; Kafka E-SHOP","potentialAction":[{"@type":"SearchAction","target":{"@type":"EntryPoint","urlTemplate":"https:\/\/anderskafka.cz\/eshop\/?s={search_term_string}"},"query-input":"required name=search_term_string"}],"inLanguage":"cs"},{"@type":"ImageObject","@id":"https:\/\/anderskafka.cz\/eshop\/produkt\/lacaform-chemosan-univerzalni-bezchlorova-desinfekce-do-wellness-a-fitness-provozu-obsah-baleni-1-10-l-kopirovat\/#primaryimage","inLanguage":"cs","url":"https:\/\/anderskafka.cz\/eshop\/wp-content\/uploads\/sites\/3\/2024\/01\/1135.webp","contentUrl":"https:\/\/anderskafka.cz\/eshop\/wp-content\/uploads\/sites\/3\/2024\/01\/1135.webp","width":1024,"height":1024},{"@type":"WebPage","@id":"https:\/\/anderskafka.cz\/eshop\/produkt\/lacaform-chemosan-univerzalni-bezchlorova-desinfekce-do-wellness-a-fitness-provozu-obsah-baleni-1-10-l-kopirovat\/#webpage","url":"https:\/\/anderskafka.cz\/eshop\/produkt\/lacaform-chemosan-univerzalni-bezchlorova-desinfekce-do-wellness-a-fitness-provozu-obsah-baleni-1-10-l-kopirovat\/","name":"LACAFORM \u2013 CHEMOSAN, univerz\u00e1ln\u00ed bezchlorov\u00e1 desinfekce do wellness a fitness provoz\u016f, obsah balen\u00ed 1\/10 l - Anders &amp; Kafka E-SHOP","isPartOf":{"@id":"https:\/\/anderskafka.cz\/eshop\/#website"},"primaryImageOfPage":{"@id":"https:\/\/anderskafka.cz\/eshop\/produkt\/lacaform-chemosan-univerzalni-bezchlorova-desinfekce-do-wellness-a-fitness-provozu-obsah-baleni-1-10-l-kopirovat\/#primaryimage"},"datePublished":"2024-01-10T20:18:27+00:00","dateModified":"2026-03-26T10:01:30+00:00","description":"Unik\u00e1tn\u00ed dezinfekce pro v\u0161echny plochy ve wellness provozu - od sol\u00e1ri\u00ed, saun, fitness za\u0159\u00edzen\u00ed a\u017e po podlahy. CHEMOFORM AG je n\u011bmeck\u00e1 spole\u010dnost specializuj\u00edc\u00ed se na v\u00fdvoj a v\u00fdrobu chemick\u00fdch p\u0159\u00edpravk\u016f pro wellness s v\u00edce jak 55 letou tradic\u00ed.","breadcrumb":{"@id":"https:\/\/anderskafka.cz\/eshop\/produkt\/lacaform-chemosan-univerzalni-bezchlorova-desinfekce-do-wellness-a-fitness-provozu-obsah-baleni-1-10-l-kopirovat\/#breadcrumb"},"inLanguage":"cs","potentialAction":[{"@type":"ReadAction","target":["https:\/\/anderskafka.cz\/eshop\/produkt\/lacaform-chemosan-univerzalni-bezchlorova-desinfekce-do-wellness-a-fitness-provozu-obsah-baleni-1-10-l-kopirovat\/"]}]},{"@type":"BreadcrumbList","@id":"https:\/\/anderskafka.cz\/eshop\/produkt\/lacaform-chemosan-univerzalni-bezchlorova-desinfekce-do-wellness-a-fitness-provozu-obsah-baleni-1-10-l-kopirovat\/#breadcrumb","itemListElement":[{"@type":"ListItem","position":1,"name":"Obchod","item":"https:\/\/anderskafka.cz\/eshop\/obchod\/"},{"@type":"ListItem","position":2,"name":"LACAFORM \u2013 CHEMOSAN, univerz\u00e1ln\u00ed bezchlorov\u00e1 desinfekce do wellness a fitness provoz\u016f, obsah balen\u00ed 1\/10 l"}]}]}},"locations":[],"_links":{"self":[{"href":"https:\/\/anderskafka.cz\/eshop\/wp-json\/wp\/v2\/product\/6298"}],"collection":[{"href":"https:\/\/anderskafka.cz\/eshop\/wp-json\/wp\/v2\/product"}],"about":[{"href":"https:\/\/anderskafka.cz\/eshop\/wp-json\/wp\/v2\/types\/product"}],"replies":[{"embeddable":true,"href":"https:\/\/anderskafka.cz\/eshop\/wp-json\/wp\/v2\/comments?post=6298"}],"wp:featuredmedia":[{"embeddable":true,"href":"https:\/\/anderskafka.cz\/eshop\/wp-json\/wp\/v2\/media\/6302"}],"wp:attachment":[{"href":"https:\/\/anderskafka.cz\/eshop\/wp-json\/wp\/v2\/media?parent=6298"}],"wp:term":[{"taxonomy":"location","embeddable":true,"href":"https:\/\/anderskafka.cz\/eshop\/wp-json\/wp\/v2\/location?post=6298"},{"taxonomy":"product_cat","embeddable":true,"href":"https:\/\/anderskafka.cz\/eshop\/wp-json\/wp\/v2\/product_cat?post=6298"},{"taxonomy":"product_tag","embeddable":true,"href":"https:\/\/anderskafka.cz\/eshop\/wp-json\/wp\/v2\/product_tag?post=6298"}],"curies":[{"name":"wp","href":"https:\/\/api.w.org\/{rel}","templated":true}]}}