{"id":6381,"date":"2024-01-15T21:52:19","date_gmt":"2024-01-15T20:52:19","guid":{"rendered":"https:\/\/anderskafka.cz\/eshop\/?post_type=product&#038;p=6381"},"modified":"2025-09-25T15:05:46","modified_gmt":"2025-09-25T13:05:46","slug":"rento-stojan-na-palivove-drivi-z-leskle-oceli","status":"publish","type":"product","link":"https:\/\/anderskafka.cz\/eshop\/produkt\/rento-stojan-na-palivove-drivi-z-leskle-oceli\/","title":{"rendered":"RENTO stojan na palivov\u00e9 d\u0159\u00edv\u00ed z leskl\u00e9 oceli"},"content":{"rendered":"<p>Nad\u010dasov\u00fd design v kombinaci s u\u017eivatelsky p\u0159\u00edjemn\u00fdmi tvary. Stojan na palivov\u00e9 d\u0159\u00edv\u00ed je vyroben z leskl\u00e9 oceli a rukoje\u0165 je vyrobena z b\u0159\u00edzy.<br \/>\nPraktick\u00fd, skl\u00e1dac\u00ed stojan na palivov\u00e9 d\u0159\u00edv\u00ed. Snadn\u00e9 sestaven\u00ed. V\u010detn\u011b \u0161roub\u016f.<br \/>\nKe stojanu \u00a0se velmi hod\u00ed designov\u00e1 nab\u011bra\u010dka, v\u011bdro a teplom\u011br stejn\u00e9 edice.<br \/>\nFinsk\u00e1 kvalita.<br \/>\nV\u011bdro, nab\u011bra\u010dka \u00a0ani teplom\u011br nen\u00ed sou\u010d\u00e1st\u00ed balen\u00ed.<\/p>\n","protected":false},"excerpt":{"rendered":"<p>Stojan na palivov\u00e9 d\u0159\u00edv\u00ed je vyroben z leskl\u00e9 oceli a rukoje\u0165 je vyrobena z b\u0159\u00edzy.<br \/>\nInspirov\u00e1no p\u0159\u00edrodou. Navr\u017eeno ve Finsku, specialistou na saunov\u00e9 dopl\u0148ky spole\u010dnost\u00ed RENTO.<br \/>\nTento stojan na palivov\u00e9 d\u0159\u00edv\u00ed z v\u00fdro\u010dn\u00ed kolekce Rento X Harri Koskinen m\u00e1 stylov\u00fd a jednoduch\u00fd design v souladu se skandin\u00e1vskou designovou estetikou typickou pro tohoto n\u00e1vrh\u00e1\u0159e. P\u0159irozenou volbou design\u00e9ra pro na\u0161i speci\u00e1ln\u00ed v\u00fdro\u010dn\u00ed kolekci byl proto Harri Koskinen, pr\u016fkopn\u00edk modern\u00edho finsk\u00e9ho designu, s bohatou mezin\u00e1rodn\u00ed kari\u00e9rou. Design v\u017edy hr\u00e1l d\u016fle\u017eitou roli v produktech spole\u010dnosti Rento. Kr\u00e1sn\u00fd vzhled nesta\u010d\u00ed. V\u00fdrobek mus\u00ed tak\u00e9 fungovat p\u0159i ka\u017edodenn\u00edm pou\u017e\u00edv\u00e1n\u00ed. Kvalitn\u00ed design lze vyc\u00edtit ze snadn\u00e9ho ovl\u00e1d\u00e1n\u00ed.<br \/>\n<img loading=\"lazy\" class=\"wp-image-135 aligncenter\" src=\"https:\/\/anderskafka.cz\/eshop\/wp-content\/uploads\/sites\/3\/2022\/06\/DesignFromFinland_web-1-300x300.png\" alt=\"\" width=\"178\" height=\"178\" \/><\/p>\n","protected":false},"featured_media":6385,"comment_status":"open","ping_status":"closed","template":"","meta":{"site-sidebar-layout":"default","site-content-layout":"default","ast-main-header-display":"","ast-hfb-above-header-display":"","ast-hfb-below-header-display":"","ast-hfb-mobile-header-display":"","site-post-title":"","ast-breadcrumbs-content":"","ast-featured-img":"","footer-sml-layout":"","theme-transparent-header-meta":"","adv-header-id-meta":"","stick-header-meta":"","header-above-stick-meta":"","header-main-stick-meta":"","header-below-stick-meta":""},"location":[],"product_cat":[1640,1185],"product_tag":[103],"yoast_head":"<!-- This site is optimized with the Yoast SEO plugin v18.5.1 - https:\/\/yoast.com\/wordpress\/plugins\/seo\/ -->\n<title>RENTO stojan na palivov\u00e9 d\u0159\u00edv\u00ed z leskl\u00e9 oceli - Anders &amp; Kafka E-SHOP<\/title>\n<meta name=\"description\" content=\"Stojan na palivov\u00e9 d\u0159\u00edv\u00ed je vyroben z leskl\u00e9 oceli a rukoje\u0165 je vyrobena z b\u0159\u00edzy. Inspirov\u00e1no p\u0159\u00edrodou. Navr\u017eeno ve Finsku, specialistou na saunov\u00e9 dopl\u0148ky spole\u010dnost\u00ed RENTO. Tento stojan na palivov\u00e9 d\u0159\u00edv\u00ed z v\u00fdro\u010dn\u00ed kolekce Rento X Harri Koskinen m\u00e1 stylov\u00fd a jednoduch\u00fd design v souladu se skandin\u00e1vskou designovou estetikou typickou pro tohoto n\u00e1vrh\u00e1\u0159e. P\u0159irozenou volbou design\u00e9ra pro na\u0161i speci\u00e1ln\u00ed v\u00fdro\u010dn\u00ed kolekci byl proto Harri Koskinen, pr\u016fkopn\u00edk modern\u00edho finsk\u00e9ho designu, s bohatou mezin\u00e1rodn\u00ed kari\u00e9rou. Design v\u017edy hr\u00e1l d\u016fle\u017eitou roli v produktech spole\u010dnosti Rento. Kr\u00e1sn\u00fd vzhled nesta\u010d\u00ed. V\u00fdrobek mus\u00ed tak\u00e9 fungovat p\u0159i ka\u017edodenn\u00edm pou\u017e\u00edv\u00e1n\u00ed. Kvalitn\u00ed design lze vyc\u00edtit ze snadn\u00e9ho ovl\u00e1d\u00e1n\u00ed.\" \/>\n<meta name=\"robots\" content=\"index, follow, max-snippet:-1, max-image-preview:large, max-video-preview:-1\" \/>\n<link rel=\"canonical\" href=\"https:\/\/anderskafka.cz\/eshop\/produkt\/rento-stojan-na-palivove-drivi-z-leskle-oceli\/\" \/>\n<meta property=\"og:locale\" content=\"cs_CZ\" \/>\n<meta property=\"og:type\" content=\"article\" \/>\n<meta property=\"og:title\" content=\"RENTO stojan na palivov\u00e9 d\u0159\u00edv\u00ed z leskl\u00e9 oceli - Anders &amp; Kafka E-SHOP\" \/>\n<meta property=\"og:description\" content=\"Stojan na palivov\u00e9 d\u0159\u00edv\u00ed je vyroben z leskl\u00e9 oceli a rukoje\u0165 je vyrobena z b\u0159\u00edzy. Inspirov\u00e1no p\u0159\u00edrodou. Navr\u017eeno ve Finsku, specialistou na saunov\u00e9 dopl\u0148ky spole\u010dnost\u00ed RENTO. Tento stojan na palivov\u00e9 d\u0159\u00edv\u00ed z v\u00fdro\u010dn\u00ed kolekce Rento X Harri Koskinen m\u00e1 stylov\u00fd a jednoduch\u00fd design v souladu se skandin\u00e1vskou designovou estetikou typickou pro tohoto n\u00e1vrh\u00e1\u0159e. P\u0159irozenou volbou design\u00e9ra pro na\u0161i speci\u00e1ln\u00ed v\u00fdro\u010dn\u00ed kolekci byl proto Harri Koskinen, pr\u016fkopn\u00edk modern\u00edho finsk\u00e9ho designu, s bohatou mezin\u00e1rodn\u00ed kari\u00e9rou. Design v\u017edy hr\u00e1l d\u016fle\u017eitou roli v produktech spole\u010dnosti Rento. Kr\u00e1sn\u00fd vzhled nesta\u010d\u00ed. V\u00fdrobek mus\u00ed tak\u00e9 fungovat p\u0159i ka\u017edodenn\u00edm pou\u017e\u00edv\u00e1n\u00ed. Kvalitn\u00ed design lze vyc\u00edtit ze snadn\u00e9ho ovl\u00e1d\u00e1n\u00ed.\" \/>\n<meta property=\"og:url\" content=\"https:\/\/anderskafka.cz\/eshop\/produkt\/rento-stojan-na-palivove-drivi-z-leskle-oceli\/\" \/>\n<meta property=\"og:site_name\" content=\"Anders &amp; Kafka E-SHOP\" \/>\n<meta property=\"article:modified_time\" content=\"2025-09-25T13:05:46+00:00\" \/>\n<meta property=\"og:image\" content=\"https:\/\/anderskafka.cz\/eshop\/wp-content\/uploads\/sites\/3\/2024\/01\/317980.jpg\" \/>\n\t<meta property=\"og:image:width\" content=\"1450\" \/>\n\t<meta property=\"og:image:height\" content=\"967\" \/>\n\t<meta property=\"og:image:type\" content=\"image\/jpeg\" \/>\n<meta name=\"twitter:card\" content=\"summary_large_image\" \/>\n<meta name=\"twitter:label1\" content=\"Odhadovan\u00e1 doba \u010dten\u00ed\" \/>\n\t<meta name=\"twitter:data1\" content=\"1 minuta\" \/>\n<script type=\"application\/ld+json\" class=\"yoast-schema-graph\">{\"@context\":\"https:\/\/schema.org\",\"@graph\":[{\"@type\":\"WebSite\",\"@id\":\"https:\/\/anderskafka.cz\/eshop\/#website\",\"url\":\"https:\/\/anderskafka.cz\/eshop\/\",\"name\":\"Anders &amp; Kafka E-SHOP\",\"description\":\"Anders &amp; Kafka E-SHOP\",\"potentialAction\":[{\"@type\":\"SearchAction\",\"target\":{\"@type\":\"EntryPoint\",\"urlTemplate\":\"https:\/\/anderskafka.cz\/eshop\/?s={search_term_string}\"},\"query-input\":\"required name=search_term_string\"}],\"inLanguage\":\"cs\"},{\"@type\":\"ImageObject\",\"@id\":\"https:\/\/anderskafka.cz\/eshop\/produkt\/rento-stojan-na-palivove-drivi-z-leskle-oceli\/#primaryimage\",\"inLanguage\":\"cs\",\"url\":\"https:\/\/anderskafka.cz\/eshop\/wp-content\/uploads\/sites\/3\/2024\/01\/317980.jpg\",\"contentUrl\":\"https:\/\/anderskafka.cz\/eshop\/wp-content\/uploads\/sites\/3\/2024\/01\/317980.jpg\",\"width\":1450,\"height\":967},{\"@type\":\"WebPage\",\"@id\":\"https:\/\/anderskafka.cz\/eshop\/produkt\/rento-stojan-na-palivove-drivi-z-leskle-oceli\/#webpage\",\"url\":\"https:\/\/anderskafka.cz\/eshop\/produkt\/rento-stojan-na-palivove-drivi-z-leskle-oceli\/\",\"name\":\"RENTO stojan na palivov\u00e9 d\u0159\u00edv\u00ed z leskl\u00e9 oceli - Anders &amp; Kafka E-SHOP\",\"isPartOf\":{\"@id\":\"https:\/\/anderskafka.cz\/eshop\/#website\"},\"primaryImageOfPage\":{\"@id\":\"https:\/\/anderskafka.cz\/eshop\/produkt\/rento-stojan-na-palivove-drivi-z-leskle-oceli\/#primaryimage\"},\"datePublished\":\"2024-01-15T20:52:19+00:00\",\"dateModified\":\"2025-09-25T13:05:46+00:00\",\"description\":\"Stojan na palivov\u00e9 d\u0159\u00edv\u00ed je vyroben z leskl\u00e9 oceli a rukoje\u0165 je vyrobena z b\u0159\u00edzy. Inspirov\u00e1no p\u0159\u00edrodou. Navr\u017eeno ve Finsku, specialistou na saunov\u00e9 dopl\u0148ky spole\u010dnost\u00ed RENTO. Tento stojan na palivov\u00e9 d\u0159\u00edv\u00ed z v\u00fdro\u010dn\u00ed kolekce Rento X Harri Koskinen m\u00e1 stylov\u00fd a jednoduch\u00fd design v souladu se skandin\u00e1vskou designovou estetikou typickou pro tohoto n\u00e1vrh\u00e1\u0159e. P\u0159irozenou volbou design\u00e9ra pro na\u0161i speci\u00e1ln\u00ed v\u00fdro\u010dn\u00ed kolekci byl proto Harri Koskinen, pr\u016fkopn\u00edk modern\u00edho finsk\u00e9ho designu, s bohatou mezin\u00e1rodn\u00ed kari\u00e9rou. Design v\u017edy hr\u00e1l d\u016fle\u017eitou roli v produktech spole\u010dnosti Rento. Kr\u00e1sn\u00fd vzhled nesta\u010d\u00ed. V\u00fdrobek mus\u00ed tak\u00e9 fungovat p\u0159i ka\u017edodenn\u00edm pou\u017e\u00edv\u00e1n\u00ed. Kvalitn\u00ed design lze vyc\u00edtit ze snadn\u00e9ho ovl\u00e1d\u00e1n\u00ed.\",\"breadcrumb\":{\"@id\":\"https:\/\/anderskafka.cz\/eshop\/produkt\/rento-stojan-na-palivove-drivi-z-leskle-oceli\/#breadcrumb\"},\"inLanguage\":\"cs\",\"potentialAction\":[{\"@type\":\"ReadAction\",\"target\":[\"https:\/\/anderskafka.cz\/eshop\/produkt\/rento-stojan-na-palivove-drivi-z-leskle-oceli\/\"]}]},{\"@type\":\"BreadcrumbList\",\"@id\":\"https:\/\/anderskafka.cz\/eshop\/produkt\/rento-stojan-na-palivove-drivi-z-leskle-oceli\/#breadcrumb\",\"itemListElement\":[{\"@type\":\"ListItem\",\"position\":1,\"name\":\"Obchod\",\"item\":\"https:\/\/anderskafka.cz\/eshop\/obchod\/\"},{\"@type\":\"ListItem\",\"position\":2,\"name\":\"RENTO stojan na palivov\u00e9 d\u0159\u00edv\u00ed z leskl\u00e9 oceli\"}]}]}<\/script>\n<!-- \/ Yoast SEO plugin. -->","yoast_head_json":{"title":"RENTO stojan na palivov\u00e9 d\u0159\u00edv\u00ed z leskl\u00e9 oceli - Anders &amp; Kafka E-SHOP","description":"Stojan na palivov\u00e9 d\u0159\u00edv\u00ed je vyroben z leskl\u00e9 oceli a rukoje\u0165 je vyrobena z b\u0159\u00edzy. Inspirov\u00e1no p\u0159\u00edrodou. Navr\u017eeno ve Finsku, specialistou na saunov\u00e9 dopl\u0148ky spole\u010dnost\u00ed RENTO. Tento stojan na palivov\u00e9 d\u0159\u00edv\u00ed z v\u00fdro\u010dn\u00ed kolekce Rento X Harri Koskinen m\u00e1 stylov\u00fd a jednoduch\u00fd design v souladu se skandin\u00e1vskou designovou estetikou typickou pro tohoto n\u00e1vrh\u00e1\u0159e. P\u0159irozenou volbou design\u00e9ra pro na\u0161i speci\u00e1ln\u00ed v\u00fdro\u010dn\u00ed kolekci byl proto Harri Koskinen, pr\u016fkopn\u00edk modern\u00edho finsk\u00e9ho designu, s bohatou mezin\u00e1rodn\u00ed kari\u00e9rou. Design v\u017edy hr\u00e1l d\u016fle\u017eitou roli v produktech spole\u010dnosti Rento. Kr\u00e1sn\u00fd vzhled nesta\u010d\u00ed. V\u00fdrobek mus\u00ed tak\u00e9 fungovat p\u0159i ka\u017edodenn\u00edm pou\u017e\u00edv\u00e1n\u00ed. Kvalitn\u00ed design lze vyc\u00edtit ze snadn\u00e9ho ovl\u00e1d\u00e1n\u00ed.","robots":{"index":"index","follow":"follow","max-snippet":"max-snippet:-1","max-image-preview":"max-image-preview:large","max-video-preview":"max-video-preview:-1"},"canonical":"https:\/\/anderskafka.cz\/eshop\/produkt\/rento-stojan-na-palivove-drivi-z-leskle-oceli\/","og_locale":"cs_CZ","og_type":"article","og_title":"RENTO stojan na palivov\u00e9 d\u0159\u00edv\u00ed z leskl\u00e9 oceli - Anders &amp; Kafka E-SHOP","og_description":"Stojan na palivov\u00e9 d\u0159\u00edv\u00ed je vyroben z leskl\u00e9 oceli a rukoje\u0165 je vyrobena z b\u0159\u00edzy. Inspirov\u00e1no p\u0159\u00edrodou. Navr\u017eeno ve Finsku, specialistou na saunov\u00e9 dopl\u0148ky spole\u010dnost\u00ed RENTO. Tento stojan na palivov\u00e9 d\u0159\u00edv\u00ed z v\u00fdro\u010dn\u00ed kolekce Rento X Harri Koskinen m\u00e1 stylov\u00fd a jednoduch\u00fd design v souladu se skandin\u00e1vskou designovou estetikou typickou pro tohoto n\u00e1vrh\u00e1\u0159e. P\u0159irozenou volbou design\u00e9ra pro na\u0161i speci\u00e1ln\u00ed v\u00fdro\u010dn\u00ed kolekci byl proto Harri Koskinen, pr\u016fkopn\u00edk modern\u00edho finsk\u00e9ho designu, s bohatou mezin\u00e1rodn\u00ed kari\u00e9rou. Design v\u017edy hr\u00e1l d\u016fle\u017eitou roli v produktech spole\u010dnosti Rento. Kr\u00e1sn\u00fd vzhled nesta\u010d\u00ed. V\u00fdrobek mus\u00ed tak\u00e9 fungovat p\u0159i ka\u017edodenn\u00edm pou\u017e\u00edv\u00e1n\u00ed. Kvalitn\u00ed design lze vyc\u00edtit ze snadn\u00e9ho ovl\u00e1d\u00e1n\u00ed.","og_url":"https:\/\/anderskafka.cz\/eshop\/produkt\/rento-stojan-na-palivove-drivi-z-leskle-oceli\/","og_site_name":"Anders &amp; Kafka E-SHOP","article_modified_time":"2025-09-25T13:05:46+00:00","og_image":[{"width":1450,"height":967,"url":"https:\/\/anderskafka.cz\/eshop\/wp-content\/uploads\/sites\/3\/2024\/01\/317980.jpg","type":"image\/jpeg"}],"twitter_card":"summary_large_image","twitter_misc":{"Odhadovan\u00e1 doba \u010dten\u00ed":"1 minuta"},"schema":{"@context":"https:\/\/schema.org","@graph":[{"@type":"WebSite","@id":"https:\/\/anderskafka.cz\/eshop\/#website","url":"https:\/\/anderskafka.cz\/eshop\/","name":"Anders &amp; Kafka E-SHOP","description":"Anders &amp; Kafka E-SHOP","potentialAction":[{"@type":"SearchAction","target":{"@type":"EntryPoint","urlTemplate":"https:\/\/anderskafka.cz\/eshop\/?s={search_term_string}"},"query-input":"required name=search_term_string"}],"inLanguage":"cs"},{"@type":"ImageObject","@id":"https:\/\/anderskafka.cz\/eshop\/produkt\/rento-stojan-na-palivove-drivi-z-leskle-oceli\/#primaryimage","inLanguage":"cs","url":"https:\/\/anderskafka.cz\/eshop\/wp-content\/uploads\/sites\/3\/2024\/01\/317980.jpg","contentUrl":"https:\/\/anderskafka.cz\/eshop\/wp-content\/uploads\/sites\/3\/2024\/01\/317980.jpg","width":1450,"height":967},{"@type":"WebPage","@id":"https:\/\/anderskafka.cz\/eshop\/produkt\/rento-stojan-na-palivove-drivi-z-leskle-oceli\/#webpage","url":"https:\/\/anderskafka.cz\/eshop\/produkt\/rento-stojan-na-palivove-drivi-z-leskle-oceli\/","name":"RENTO stojan na palivov\u00e9 d\u0159\u00edv\u00ed z leskl\u00e9 oceli - Anders &amp; Kafka E-SHOP","isPartOf":{"@id":"https:\/\/anderskafka.cz\/eshop\/#website"},"primaryImageOfPage":{"@id":"https:\/\/anderskafka.cz\/eshop\/produkt\/rento-stojan-na-palivove-drivi-z-leskle-oceli\/#primaryimage"},"datePublished":"2024-01-15T20:52:19+00:00","dateModified":"2025-09-25T13:05:46+00:00","description":"Stojan na palivov\u00e9 d\u0159\u00edv\u00ed je vyroben z leskl\u00e9 oceli a rukoje\u0165 je vyrobena z b\u0159\u00edzy. Inspirov\u00e1no p\u0159\u00edrodou. Navr\u017eeno ve Finsku, specialistou na saunov\u00e9 dopl\u0148ky spole\u010dnost\u00ed RENTO. Tento stojan na palivov\u00e9 d\u0159\u00edv\u00ed z v\u00fdro\u010dn\u00ed kolekce Rento X Harri Koskinen m\u00e1 stylov\u00fd a jednoduch\u00fd design v souladu se skandin\u00e1vskou designovou estetikou typickou pro tohoto n\u00e1vrh\u00e1\u0159e. P\u0159irozenou volbou design\u00e9ra pro na\u0161i speci\u00e1ln\u00ed v\u00fdro\u010dn\u00ed kolekci byl proto Harri Koskinen, pr\u016fkopn\u00edk modern\u00edho finsk\u00e9ho designu, s bohatou mezin\u00e1rodn\u00ed kari\u00e9rou. Design v\u017edy hr\u00e1l d\u016fle\u017eitou roli v produktech spole\u010dnosti Rento. Kr\u00e1sn\u00fd vzhled nesta\u010d\u00ed. V\u00fdrobek mus\u00ed tak\u00e9 fungovat p\u0159i ka\u017edodenn\u00edm pou\u017e\u00edv\u00e1n\u00ed. Kvalitn\u00ed design lze vyc\u00edtit ze snadn\u00e9ho ovl\u00e1d\u00e1n\u00ed.","breadcrumb":{"@id":"https:\/\/anderskafka.cz\/eshop\/produkt\/rento-stojan-na-palivove-drivi-z-leskle-oceli\/#breadcrumb"},"inLanguage":"cs","potentialAction":[{"@type":"ReadAction","target":["https:\/\/anderskafka.cz\/eshop\/produkt\/rento-stojan-na-palivove-drivi-z-leskle-oceli\/"]}]},{"@type":"BreadcrumbList","@id":"https:\/\/anderskafka.cz\/eshop\/produkt\/rento-stojan-na-palivove-drivi-z-leskle-oceli\/#breadcrumb","itemListElement":[{"@type":"ListItem","position":1,"name":"Obchod","item":"https:\/\/anderskafka.cz\/eshop\/obchod\/"},{"@type":"ListItem","position":2,"name":"RENTO stojan na palivov\u00e9 d\u0159\u00edv\u00ed z leskl\u00e9 oceli"}]}]}},"locations":[],"_links":{"self":[{"href":"https:\/\/anderskafka.cz\/eshop\/wp-json\/wp\/v2\/product\/6381"}],"collection":[{"href":"https:\/\/anderskafka.cz\/eshop\/wp-json\/wp\/v2\/product"}],"about":[{"href":"https:\/\/anderskafka.cz\/eshop\/wp-json\/wp\/v2\/types\/product"}],"replies":[{"embeddable":true,"href":"https:\/\/anderskafka.cz\/eshop\/wp-json\/wp\/v2\/comments?post=6381"}],"wp:featuredmedia":[{"embeddable":true,"href":"https:\/\/anderskafka.cz\/eshop\/wp-json\/wp\/v2\/media\/6385"}],"wp:attachment":[{"href":"https:\/\/anderskafka.cz\/eshop\/wp-json\/wp\/v2\/media?parent=6381"}],"wp:term":[{"taxonomy":"location","embeddable":true,"href":"https:\/\/anderskafka.cz\/eshop\/wp-json\/wp\/v2\/location?post=6381"},{"taxonomy":"product_cat","embeddable":true,"href":"https:\/\/anderskafka.cz\/eshop\/wp-json\/wp\/v2\/product_cat?post=6381"},{"taxonomy":"product_tag","embeddable":true,"href":"https:\/\/anderskafka.cz\/eshop\/wp-json\/wp\/v2\/product_tag?post=6381"}],"curies":[{"name":"wp","href":"https:\/\/api.w.org\/{rel}","templated":true}]}}