{"id":6387,"date":"2024-01-15T23:14:42","date_gmt":"2024-01-15T22:14:42","guid":{"rendered":"https:\/\/anderskafka.cz\/eshop\/?post_type=product&#038;p=6387"},"modified":"2026-02-04T12:26:13","modified_gmt":"2026-02-04T11:26:13","slug":"sentiotec-whp1500-dvouplastovy-kominovy-set-z-nerezove-oceli-pro-strechy-s-uhlem-10-a-vice","status":"publish","type":"product","link":"https:\/\/anderskafka.cz\/eshop\/produkt\/sentiotec-whp1500-dvouplastovy-kominovy-set-z-nerezove-oceli-pro-strechy-s-uhlem-10-a-vice\/","title":{"rendered":"HARVIA AUSTRIA whp1500 &#8211; dvoupl\u00e1\u0161\u0165ov\u00fd kom\u00ednov\u00fd set z nerezov\u00e9 oceli pro rovn\u00e9\/\u0161ikm\u00e9 st\u0159echy ve st\u0159\u00edbrn\u00e9\/\u010dern\u00e9 barv\u011b"},"content":{"rendered":"<p style=\"font-weight: 400\">Vysoce kvalitn\u00ed kom\u00ednov\u00fd set WHP1500 z nerezov\u00e9 oceli v \u010dern\u00e9 a st\u0159\u00edbrn\u00e9 barv\u011b.<\/p>\n<p style=\"font-weight: 400\">Obsahuje: 1,5 m dlouh\u00fd dvoupl\u00e1\u0161\u0165ov\u00fd kom\u00edn, 0,2 m dlouh\u00fd jednopl\u00e1\u0161\u0165ov\u00fd kom\u00edn, nerezov\u00fd lem kolem kom\u00ednu z vnit\u0159n\u00ed strany sauny, ochrann\u00fd a izola\u010dn\u00ed lem kolem kom\u00ednu s upev\u0148ovac\u00edmi sponami , \u00a0gumov\u00fd lem \u00a0s upev\u0148ovac\u00ed sponou na st\u0159echu sauny a \u00a0ukon\u010dovac\u00ed krytku kom\u00ednu proti de\u0161ti.<\/p>\n<p style=\"font-weight: 400\">Vnit\u0159n\u00ed pr\u016fm\u011br kom\u00ednu 115 mm.<br \/>\nVynikaj\u00edc\u00ed pom\u011br cena &#8211; kvalita\/v\u00fdkon.<br \/>\nRychl\u00e1 a snadn\u00e1 mont\u00e1\u017e.<br \/>\nSet je navr\u017een\u00fd pro pou\u017eit\u00ed u \u0161ikm\u00fdch st\u0159ech s \u00fahlem 10\u00b0 a v\u00edce, pro pou\u017eit\u00ed kom\u00ednov\u00e9ho setu u rovn\u00fdch st\u0159ech \u00a0je nutn\u00e9 doobjednat gumov\u00fd lem \u00a0WHM 24.<\/p>\n<div>\n<div><\/div>\n<\/div>\n","protected":false},"excerpt":{"rendered":"<div>\n<p>Vysoce kvalitn\u00ed kom\u00ednov\u00fd set WHP1500 z nerezov\u00e9 oceli v \u010dern\u00e9 a st\u0159\u00edbrn\u00e9 barv\u011b.<\/p>\n<\/div>\n<div>\n<p>Spole\u010dnost HARVIA AUSTRIA vyv\u00edj\u00ed a vyr\u00e1b\u00ed kvalitn\u00ed a inovativn\u00ed produkty ur\u010den\u00e9 k tomu, aby Va\u0161e chv\u00edle str\u00e1ven\u00e9 v saun\u011b byly co nejv\u00edce relaxuj\u00edc\u00ed.<br \/>\n<img loading=\"lazy\" class=\"alignnone size-full wp-image-1323 aligncenter\" src=\"https:\/\/anderskafka.cz\/eshop\/wp-content\/uploads\/sites\/3\/2022\/12\/logoHarvia.png\" alt=\"\" width=\"102\" height=\"102\" srcset=\"https:\/\/anderskafka.cz\/eshop\/wp-content\/uploads\/sites\/3\/2022\/12\/logoHarvia.png 102w, https:\/\/anderskafka.cz\/eshop\/wp-content\/uploads\/sites\/3\/2022\/12\/logoHarvia-100x100.png 100w, https:\/\/anderskafka.cz\/eshop\/wp-content\/uploads\/sites\/3\/2022\/12\/logoHarvia-64x64.png 64w\" sizes=\"(max-width: 102px) 100vw, 102px\" \/><\/p>\n<\/div>\n","protected":false},"featured_media":12456,"comment_status":"open","ping_status":"closed","template":"","meta":{"site-sidebar-layout":"default","site-content-layout":"default","ast-main-header-display":"","ast-hfb-above-header-display":"","ast-hfb-below-header-display":"","ast-hfb-mobile-header-display":"","site-post-title":"","ast-breadcrumbs-content":"","ast-featured-img":"","footer-sml-layout":"","theme-transparent-header-meta":"","adv-header-id-meta":"","stick-header-meta":"","header-above-stick-meta":"","header-main-stick-meta":"","header-below-stick-meta":""},"location":[],"product_cat":[1185],"product_tag":[324],"yoast_head":"<!-- This site is optimized with the Yoast SEO plugin v18.5.1 - https:\/\/yoast.com\/wordpress\/plugins\/seo\/ -->\n<title>HARVIA AUSTRIA whp1500 - dvoupl\u00e1\u0161\u0165ov\u00fd kom\u00ednov\u00fd set z nerezov\u00e9 oceli pro rovn\u00e9\/\u0161ikm\u00e9 st\u0159echy ve st\u0159\u00edbrn\u00e9\/\u010dern\u00e9 barv\u011b - Anders &amp; Kafka E-SHOP<\/title>\n<meta name=\"description\" content=\"Vysoce kvalitn\u00ed kom\u00ednov\u00fd set WHP1500 z nerezov\u00e9 oceli v \u010dern\u00e9 a st\u0159\u00edbrn\u00e9 barv\u011b.     Spole\u010dnost HARVIA AUSTRIA vyv\u00edj\u00ed a vyr\u00e1b\u00ed kvalitn\u00ed a inovativn\u00ed produkty ur\u010den\u00e9 k tomu, aby Va\u0161e chv\u00edle str\u00e1ven\u00e9 v saun\u011b byly co nejv\u00edce relaxuj\u00edc\u00ed.\" \/>\n<meta name=\"robots\" content=\"index, follow, max-snippet:-1, max-image-preview:large, max-video-preview:-1\" \/>\n<link rel=\"canonical\" href=\"https:\/\/anderskafka.cz\/eshop\/produkt\/sentiotec-whp1500-dvouplastovy-kominovy-set-z-nerezove-oceli-pro-strechy-s-uhlem-10-a-vice\/\" \/>\n<meta property=\"og:locale\" content=\"cs_CZ\" \/>\n<meta property=\"og:type\" content=\"article\" \/>\n<meta property=\"og:title\" content=\"HARVIA AUSTRIA whp1500 - dvoupl\u00e1\u0161\u0165ov\u00fd kom\u00ednov\u00fd set z nerezov\u00e9 oceli pro rovn\u00e9\/\u0161ikm\u00e9 st\u0159echy ve st\u0159\u00edbrn\u00e9\/\u010dern\u00e9 barv\u011b - Anders &amp; Kafka E-SHOP\" \/>\n<meta property=\"og:description\" content=\"Vysoce kvalitn\u00ed kom\u00ednov\u00fd set WHP1500 z nerezov\u00e9 oceli v \u010dern\u00e9 a st\u0159\u00edbrn\u00e9 barv\u011b.     Spole\u010dnost HARVIA AUSTRIA vyv\u00edj\u00ed a vyr\u00e1b\u00ed kvalitn\u00ed a inovativn\u00ed produkty ur\u010den\u00e9 k tomu, aby Va\u0161e chv\u00edle str\u00e1ven\u00e9 v saun\u011b byly co nejv\u00edce relaxuj\u00edc\u00ed.\" \/>\n<meta property=\"og:url\" content=\"https:\/\/anderskafka.cz\/eshop\/produkt\/sentiotec-whp1500-dvouplastovy-kominovy-set-z-nerezove-oceli-pro-strechy-s-uhlem-10-a-vice\/\" \/>\n<meta property=\"og:site_name\" content=\"Anders &amp; Kafka E-SHOP\" \/>\n<meta property=\"article:modified_time\" content=\"2026-02-04T11:26:13+00:00\" \/>\n<meta name=\"twitter:card\" content=\"summary_large_image\" \/>\n<meta name=\"twitter:image\" content=\"https:\/\/anderskafka.cz\/eshop\/wp-content\/uploads\/sites\/3\/2024\/01\/HARVIAAUSTRIA_kominwhp1500bs-whp1500stribrny_AndersKafka.webp\" \/>\n<meta name=\"twitter:label1\" content=\"Odhadovan\u00e1 doba \u010dten\u00ed\" \/>\n\t<meta name=\"twitter:data1\" content=\"1 minuta\" \/>\n<script type=\"application\/ld+json\" class=\"yoast-schema-graph\">{\"@context\":\"https:\/\/schema.org\",\"@graph\":[{\"@type\":\"WebSite\",\"@id\":\"https:\/\/anderskafka.cz\/eshop\/#website\",\"url\":\"https:\/\/anderskafka.cz\/eshop\/\",\"name\":\"Anders &amp; Kafka E-SHOP\",\"description\":\"Anders &amp; Kafka E-SHOP\",\"potentialAction\":[{\"@type\":\"SearchAction\",\"target\":{\"@type\":\"EntryPoint\",\"urlTemplate\":\"https:\/\/anderskafka.cz\/eshop\/?s={search_term_string}\"},\"query-input\":\"required name=search_term_string\"}],\"inLanguage\":\"cs\"},{\"@type\":\"ImageObject\",\"@id\":\"https:\/\/anderskafka.cz\/eshop\/produkt\/sentiotec-whp1500-dvouplastovy-kominovy-set-z-nerezove-oceli-pro-strechy-s-uhlem-10-a-vice\/#primaryimage\",\"inLanguage\":\"cs\",\"url\":\"https:\/\/anderskafka.cz\/eshop\/wp-content\/uploads\/sites\/3\/2024\/01\/HARVIAAUSTRIA_kominwhp1500bs-whp1500stribrny_AndersKafka.webp\",\"contentUrl\":\"https:\/\/anderskafka.cz\/eshop\/wp-content\/uploads\/sites\/3\/2024\/01\/HARVIAAUSTRIA_kominwhp1500bs-whp1500stribrny_AndersKafka.webp\",\"width\":1500,\"height\":1500},{\"@type\":\"WebPage\",\"@id\":\"https:\/\/anderskafka.cz\/eshop\/produkt\/sentiotec-whp1500-dvouplastovy-kominovy-set-z-nerezove-oceli-pro-strechy-s-uhlem-10-a-vice\/#webpage\",\"url\":\"https:\/\/anderskafka.cz\/eshop\/produkt\/sentiotec-whp1500-dvouplastovy-kominovy-set-z-nerezove-oceli-pro-strechy-s-uhlem-10-a-vice\/\",\"name\":\"HARVIA AUSTRIA whp1500 - dvoupl\u00e1\u0161\u0165ov\u00fd kom\u00ednov\u00fd set z nerezov\u00e9 oceli pro rovn\u00e9\/\u0161ikm\u00e9 st\u0159echy ve st\u0159\u00edbrn\u00e9\/\u010dern\u00e9 barv\u011b - Anders &amp; Kafka E-SHOP\",\"isPartOf\":{\"@id\":\"https:\/\/anderskafka.cz\/eshop\/#website\"},\"primaryImageOfPage\":{\"@id\":\"https:\/\/anderskafka.cz\/eshop\/produkt\/sentiotec-whp1500-dvouplastovy-kominovy-set-z-nerezove-oceli-pro-strechy-s-uhlem-10-a-vice\/#primaryimage\"},\"datePublished\":\"2024-01-15T22:14:42+00:00\",\"dateModified\":\"2026-02-04T11:26:13+00:00\",\"description\":\"Vysoce kvalitn\u00ed kom\u00ednov\u00fd set WHP1500 z nerezov\u00e9 oceli v \u010dern\u00e9 a st\u0159\u00edbrn\u00e9 barv\u011b. Spole\u010dnost HARVIA AUSTRIA vyv\u00edj\u00ed a vyr\u00e1b\u00ed kvalitn\u00ed a inovativn\u00ed produkty ur\u010den\u00e9 k tomu, aby Va\u0161e chv\u00edle str\u00e1ven\u00e9 v saun\u011b byly co nejv\u00edce relaxuj\u00edc\u00ed.\",\"breadcrumb\":{\"@id\":\"https:\/\/anderskafka.cz\/eshop\/produkt\/sentiotec-whp1500-dvouplastovy-kominovy-set-z-nerezove-oceli-pro-strechy-s-uhlem-10-a-vice\/#breadcrumb\"},\"inLanguage\":\"cs\",\"potentialAction\":[{\"@type\":\"ReadAction\",\"target\":[\"https:\/\/anderskafka.cz\/eshop\/produkt\/sentiotec-whp1500-dvouplastovy-kominovy-set-z-nerezove-oceli-pro-strechy-s-uhlem-10-a-vice\/\"]}]},{\"@type\":\"BreadcrumbList\",\"@id\":\"https:\/\/anderskafka.cz\/eshop\/produkt\/sentiotec-whp1500-dvouplastovy-kominovy-set-z-nerezove-oceli-pro-strechy-s-uhlem-10-a-vice\/#breadcrumb\",\"itemListElement\":[{\"@type\":\"ListItem\",\"position\":1,\"name\":\"Obchod\",\"item\":\"https:\/\/anderskafka.cz\/eshop\/obchod\/\"},{\"@type\":\"ListItem\",\"position\":2,\"name\":\"HARVIA AUSTRIA whp1500 &#8211; dvoupl\u00e1\u0161\u0165ov\u00fd kom\u00ednov\u00fd set z nerezov\u00e9 oceli pro rovn\u00e9\/\u0161ikm\u00e9 st\u0159echy ve st\u0159\u00edbrn\u00e9\/\u010dern\u00e9 barv\u011b\"}]}]}<\/script>\n<!-- \/ Yoast SEO plugin. -->","yoast_head_json":{"title":"HARVIA AUSTRIA whp1500 - dvoupl\u00e1\u0161\u0165ov\u00fd kom\u00ednov\u00fd set z nerezov\u00e9 oceli pro rovn\u00e9\/\u0161ikm\u00e9 st\u0159echy ve st\u0159\u00edbrn\u00e9\/\u010dern\u00e9 barv\u011b - Anders &amp; Kafka E-SHOP","description":"Vysoce kvalitn\u00ed kom\u00ednov\u00fd set WHP1500 z nerezov\u00e9 oceli v \u010dern\u00e9 a st\u0159\u00edbrn\u00e9 barv\u011b.     Spole\u010dnost HARVIA AUSTRIA vyv\u00edj\u00ed a vyr\u00e1b\u00ed kvalitn\u00ed a inovativn\u00ed produkty ur\u010den\u00e9 k tomu, aby Va\u0161e chv\u00edle str\u00e1ven\u00e9 v saun\u011b byly co nejv\u00edce relaxuj\u00edc\u00ed.","robots":{"index":"index","follow":"follow","max-snippet":"max-snippet:-1","max-image-preview":"max-image-preview:large","max-video-preview":"max-video-preview:-1"},"canonical":"https:\/\/anderskafka.cz\/eshop\/produkt\/sentiotec-whp1500-dvouplastovy-kominovy-set-z-nerezove-oceli-pro-strechy-s-uhlem-10-a-vice\/","og_locale":"cs_CZ","og_type":"article","og_title":"HARVIA AUSTRIA whp1500 - dvoupl\u00e1\u0161\u0165ov\u00fd kom\u00ednov\u00fd set z nerezov\u00e9 oceli pro rovn\u00e9\/\u0161ikm\u00e9 st\u0159echy ve st\u0159\u00edbrn\u00e9\/\u010dern\u00e9 barv\u011b - Anders &amp; Kafka E-SHOP","og_description":"Vysoce kvalitn\u00ed kom\u00ednov\u00fd set WHP1500 z nerezov\u00e9 oceli v \u010dern\u00e9 a st\u0159\u00edbrn\u00e9 barv\u011b.     Spole\u010dnost HARVIA AUSTRIA vyv\u00edj\u00ed a vyr\u00e1b\u00ed kvalitn\u00ed a inovativn\u00ed produkty ur\u010den\u00e9 k tomu, aby Va\u0161e chv\u00edle str\u00e1ven\u00e9 v saun\u011b byly co nejv\u00edce relaxuj\u00edc\u00ed.","og_url":"https:\/\/anderskafka.cz\/eshop\/produkt\/sentiotec-whp1500-dvouplastovy-kominovy-set-z-nerezove-oceli-pro-strechy-s-uhlem-10-a-vice\/","og_site_name":"Anders &amp; Kafka E-SHOP","article_modified_time":"2026-02-04T11:26:13+00:00","twitter_card":"summary_large_image","twitter_image":"https:\/\/anderskafka.cz\/eshop\/wp-content\/uploads\/sites\/3\/2024\/01\/HARVIAAUSTRIA_kominwhp1500bs-whp1500stribrny_AndersKafka.webp","twitter_misc":{"Odhadovan\u00e1 doba \u010dten\u00ed":"1 minuta"},"schema":{"@context":"https:\/\/schema.org","@graph":[{"@type":"WebSite","@id":"https:\/\/anderskafka.cz\/eshop\/#website","url":"https:\/\/anderskafka.cz\/eshop\/","name":"Anders &amp; Kafka E-SHOP","description":"Anders &amp; Kafka E-SHOP","potentialAction":[{"@type":"SearchAction","target":{"@type":"EntryPoint","urlTemplate":"https:\/\/anderskafka.cz\/eshop\/?s={search_term_string}"},"query-input":"required name=search_term_string"}],"inLanguage":"cs"},{"@type":"ImageObject","@id":"https:\/\/anderskafka.cz\/eshop\/produkt\/sentiotec-whp1500-dvouplastovy-kominovy-set-z-nerezove-oceli-pro-strechy-s-uhlem-10-a-vice\/#primaryimage","inLanguage":"cs","url":"https:\/\/anderskafka.cz\/eshop\/wp-content\/uploads\/sites\/3\/2024\/01\/HARVIAAUSTRIA_kominwhp1500bs-whp1500stribrny_AndersKafka.webp","contentUrl":"https:\/\/anderskafka.cz\/eshop\/wp-content\/uploads\/sites\/3\/2024\/01\/HARVIAAUSTRIA_kominwhp1500bs-whp1500stribrny_AndersKafka.webp","width":1500,"height":1500},{"@type":"WebPage","@id":"https:\/\/anderskafka.cz\/eshop\/produkt\/sentiotec-whp1500-dvouplastovy-kominovy-set-z-nerezove-oceli-pro-strechy-s-uhlem-10-a-vice\/#webpage","url":"https:\/\/anderskafka.cz\/eshop\/produkt\/sentiotec-whp1500-dvouplastovy-kominovy-set-z-nerezove-oceli-pro-strechy-s-uhlem-10-a-vice\/","name":"HARVIA AUSTRIA whp1500 - dvoupl\u00e1\u0161\u0165ov\u00fd kom\u00ednov\u00fd set z nerezov\u00e9 oceli pro rovn\u00e9\/\u0161ikm\u00e9 st\u0159echy ve st\u0159\u00edbrn\u00e9\/\u010dern\u00e9 barv\u011b - Anders &amp; Kafka E-SHOP","isPartOf":{"@id":"https:\/\/anderskafka.cz\/eshop\/#website"},"primaryImageOfPage":{"@id":"https:\/\/anderskafka.cz\/eshop\/produkt\/sentiotec-whp1500-dvouplastovy-kominovy-set-z-nerezove-oceli-pro-strechy-s-uhlem-10-a-vice\/#primaryimage"},"datePublished":"2024-01-15T22:14:42+00:00","dateModified":"2026-02-04T11:26:13+00:00","description":"Vysoce kvalitn\u00ed kom\u00ednov\u00fd set WHP1500 z nerezov\u00e9 oceli v \u010dern\u00e9 a st\u0159\u00edbrn\u00e9 barv\u011b. Spole\u010dnost HARVIA AUSTRIA vyv\u00edj\u00ed a vyr\u00e1b\u00ed kvalitn\u00ed a inovativn\u00ed produkty ur\u010den\u00e9 k tomu, aby Va\u0161e chv\u00edle str\u00e1ven\u00e9 v saun\u011b byly co nejv\u00edce relaxuj\u00edc\u00ed.","breadcrumb":{"@id":"https:\/\/anderskafka.cz\/eshop\/produkt\/sentiotec-whp1500-dvouplastovy-kominovy-set-z-nerezove-oceli-pro-strechy-s-uhlem-10-a-vice\/#breadcrumb"},"inLanguage":"cs","potentialAction":[{"@type":"ReadAction","target":["https:\/\/anderskafka.cz\/eshop\/produkt\/sentiotec-whp1500-dvouplastovy-kominovy-set-z-nerezove-oceli-pro-strechy-s-uhlem-10-a-vice\/"]}]},{"@type":"BreadcrumbList","@id":"https:\/\/anderskafka.cz\/eshop\/produkt\/sentiotec-whp1500-dvouplastovy-kominovy-set-z-nerezove-oceli-pro-strechy-s-uhlem-10-a-vice\/#breadcrumb","itemListElement":[{"@type":"ListItem","position":1,"name":"Obchod","item":"https:\/\/anderskafka.cz\/eshop\/obchod\/"},{"@type":"ListItem","position":2,"name":"HARVIA AUSTRIA whp1500 &#8211; dvoupl\u00e1\u0161\u0165ov\u00fd kom\u00ednov\u00fd set z nerezov\u00e9 oceli pro rovn\u00e9\/\u0161ikm\u00e9 st\u0159echy ve st\u0159\u00edbrn\u00e9\/\u010dern\u00e9 barv\u011b"}]}]}},"locations":[],"_links":{"self":[{"href":"https:\/\/anderskafka.cz\/eshop\/wp-json\/wp\/v2\/product\/6387"}],"collection":[{"href":"https:\/\/anderskafka.cz\/eshop\/wp-json\/wp\/v2\/product"}],"about":[{"href":"https:\/\/anderskafka.cz\/eshop\/wp-json\/wp\/v2\/types\/product"}],"replies":[{"embeddable":true,"href":"https:\/\/anderskafka.cz\/eshop\/wp-json\/wp\/v2\/comments?post=6387"}],"wp:featuredmedia":[{"embeddable":true,"href":"https:\/\/anderskafka.cz\/eshop\/wp-json\/wp\/v2\/media\/12456"}],"wp:attachment":[{"href":"https:\/\/anderskafka.cz\/eshop\/wp-json\/wp\/v2\/media?parent=6387"}],"wp:term":[{"taxonomy":"location","embeddable":true,"href":"https:\/\/anderskafka.cz\/eshop\/wp-json\/wp\/v2\/location?post=6387"},{"taxonomy":"product_cat","embeddable":true,"href":"https:\/\/anderskafka.cz\/eshop\/wp-json\/wp\/v2\/product_cat?post=6387"},{"taxonomy":"product_tag","embeddable":true,"href":"https:\/\/anderskafka.cz\/eshop\/wp-json\/wp\/v2\/product_tag?post=6387"}],"curies":[{"name":"wp","href":"https:\/\/api.w.org\/{rel}","templated":true}]}}