{"id":6566,"date":"2024-02-06T11:29:26","date_gmt":"2024-02-06T10:29:26","guid":{"rendered":"https:\/\/anderskafka.cz\/eshop\/?post_type=product&#038;p=6566"},"modified":"2026-02-14T08:12:10","modified_gmt":"2026-02-14T07:12:10","slug":"veba-moderni-vaflovy-rucnik-osuska-ze-100-bavlny-smetanova","status":"publish","type":"product","link":"https:\/\/anderskafka.cz\/eshop\/produkt\/veba-moderni-vaflovy-rucnik-osuska-ze-100-bavlny-smetanova\/","title":{"rendered":"VEBA modern\u00ed vaflov\u00fd ru\u010dn\u00edk \/ osu\u0161ka ze 100% bavlny smetanov\u00e1"},"content":{"rendered":"<p><span style=\"font-size: 16px;\">Praktick\u00e9, velmi dob\u0159e skladn\u00e9, m\u011bkk\u00e9 a vysoce sav\u00e9 ru\u010dn\u00edky a osu\u0161ky s vaflov\u00fdm vzorem. Tento jemn\u00fd mas\u00e1\u017en\u00ed vzorek vafl\u00ed kombinujeme se savost\u00ed bavlny a t\u00edm V\u00e1m nab\u00edz\u00edme p\u0159\u00edjemn\u00fd komfort po koupeli \u010di pobytu v saun\u011b. D\u00edky dobr\u00e9 skladnosti je vhodn\u00e9 pou\u017eit\u00ed na cestov\u00e1n\u00ed. Do osu\u0161ky i ru\u010dn\u00edku se zahal\u00edte nebo je m\u016f\u017eete pou\u017e\u00edt jako podlo\u017eku.<\/span><\/p>\n<div class=\"woocommerce-tabs wc-tabs-wrapper\">\n<div id=\"tab-description\" class=\"woocommerce-Tabs-panel woocommerce-Tabs-panel--description panel entry-content wc-tab\" role=\"tabpanel\" aria-labelledby=\"tab-title-description\">\n<p>P\u0159i p\u00e9\u010di o osu\u0161ku \u010di ru\u010dn\u00edk se \u0159i\u010fte o\u0161et\u0159ovac\u00edmi symboly uveden\u00fdmi na v\u00fdrobku.<\/p>\n<\/div>\n<\/div>\n","protected":false},"excerpt":{"rendered":"<p>Praktick\u00e9, velmi dob\u0159e skladn\u00e9, sav\u00e9 a rychleschnouc\u00ed bavln\u011bn\u00e9 ru\u010dn\u00edky a osu\u0161ky s vaflov\u00fdm vzorem a rozm\u011bry 46 x 100 cm a 100 x 146 cm.<br \/>\nVyrobeno v \u010cech\u00e1ch spole\u010dnost\u00ed Veba s tradic\u00ed v\u00fdroby kvalitn\u00edch textili\u00ed od roku 1856.<br \/>\n<img loading=\"lazy\" class=\"size-full wp-image-1674 aligncenter\" src=\"https:\/\/anderskafka.cz\/eshop\/wp-content\/uploads\/sites\/3\/2023\/02\/01-veba-tradicni-cesky-vyrobce.png\" alt=\"\" width=\"200\" height=\"200\" srcset=\"https:\/\/anderskafka.cz\/eshop\/wp-content\/uploads\/sites\/3\/2023\/02\/01-veba-tradicni-cesky-vyrobce.png 200w, https:\/\/anderskafka.cz\/eshop\/wp-content\/uploads\/sites\/3\/2023\/02\/01-veba-tradicni-cesky-vyrobce-150x150.png 150w, https:\/\/anderskafka.cz\/eshop\/wp-content\/uploads\/sites\/3\/2023\/02\/01-veba-tradicni-cesky-vyrobce-100x100.png 100w, https:\/\/anderskafka.cz\/eshop\/wp-content\/uploads\/sites\/3\/2023\/02\/01-veba-tradicni-cesky-vyrobce-64x64.png 64w\" sizes=\"(max-width: 200px) 100vw, 200px\" \/><\/p>\n","protected":false},"featured_media":6569,"comment_status":"open","ping_status":"closed","template":"","meta":{"site-sidebar-layout":"default","site-content-layout":"default","ast-main-header-display":"","ast-hfb-above-header-display":"","ast-hfb-below-header-display":"","ast-hfb-mobile-header-display":"","site-post-title":"","ast-breadcrumbs-content":"","ast-featured-img":"","footer-sml-layout":"","theme-transparent-header-meta":"","adv-header-id-meta":"","stick-header-meta":"","header-above-stick-meta":"","header-main-stick-meta":"","header-below-stick-meta":""},"location":[],"product_cat":[30],"product_tag":[519],"yoast_head":"<!-- This site is optimized with the Yoast SEO plugin v18.5.1 - https:\/\/yoast.com\/wordpress\/plugins\/seo\/ -->\n<title>VEBA modern\u00ed vaflov\u00fd ru\u010dn\u00edk \/ osu\u0161ka ze 100% bavlny smetanov\u00e1 - Anders &amp; Kafka E-SHOP<\/title>\n<meta name=\"description\" content=\"Praktick\u00e9, velmi dob\u0159e skladn\u00e9, sav\u00e9 a rychleschnouc\u00ed bavln\u011bn\u00e9 ru\u010dn\u00edky a osu\u0161ky s vaflov\u00fdm vzorem a rozm\u011bry 46 x 100 cm a 100 x 146 cm. Vyrobeno v \u010cech\u00e1ch spole\u010dnost\u00ed Veba s tradic\u00ed v\u00fdroby kvalitn\u00edch textili\u00ed od roku 1856.\" \/>\n<meta name=\"robots\" content=\"index, follow, max-snippet:-1, max-image-preview:large, max-video-preview:-1\" \/>\n<link rel=\"canonical\" href=\"https:\/\/anderskafka.cz\/eshop\/produkt\/veba-moderni-vaflovy-rucnik-osuska-ze-100-bavlny-smetanova\/\" \/>\n<meta property=\"og:locale\" content=\"cs_CZ\" \/>\n<meta property=\"og:type\" content=\"article\" \/>\n<meta property=\"og:title\" content=\"VEBA modern\u00ed vaflov\u00fd ru\u010dn\u00edk \/ osu\u0161ka ze 100% bavlny smetanov\u00e1 - Anders &amp; Kafka E-SHOP\" \/>\n<meta property=\"og:description\" content=\"Praktick\u00e9, velmi dob\u0159e skladn\u00e9, sav\u00e9 a rychleschnouc\u00ed bavln\u011bn\u00e9 ru\u010dn\u00edky a osu\u0161ky s vaflov\u00fdm vzorem a rozm\u011bry 46 x 100 cm a 100 x 146 cm. Vyrobeno v \u010cech\u00e1ch spole\u010dnost\u00ed Veba s tradic\u00ed v\u00fdroby kvalitn\u00edch textili\u00ed od roku 1856.\" \/>\n<meta property=\"og:url\" content=\"https:\/\/anderskafka.cz\/eshop\/produkt\/veba-moderni-vaflovy-rucnik-osuska-ze-100-bavlny-smetanova\/\" \/>\n<meta property=\"og:site_name\" content=\"Anders &amp; Kafka E-SHOP\" \/>\n<meta property=\"article:modified_time\" content=\"2026-02-14T07:12:10+00:00\" \/>\n<meta property=\"og:image\" content=\"https:\/\/anderskafka.cz\/eshop\/wp-content\/uploads\/sites\/3\/2024\/02\/53438569247_72d3cd7f9f_c.jpg\" \/>\n\t<meta property=\"og:image:width\" content=\"800\" \/>\n\t<meta property=\"og:image:height\" content=\"800\" \/>\n\t<meta property=\"og:image:type\" content=\"image\/jpeg\" \/>\n<meta name=\"twitter:card\" content=\"summary_large_image\" \/>\n<meta name=\"twitter:label1\" content=\"Odhadovan\u00e1 doba \u010dten\u00ed\" \/>\n\t<meta name=\"twitter:data1\" content=\"1 minuta\" \/>\n<script type=\"application\/ld+json\" class=\"yoast-schema-graph\">{\"@context\":\"https:\/\/schema.org\",\"@graph\":[{\"@type\":\"WebSite\",\"@id\":\"https:\/\/anderskafka.cz\/eshop\/#website\",\"url\":\"https:\/\/anderskafka.cz\/eshop\/\",\"name\":\"Anders &amp; Kafka E-SHOP\",\"description\":\"Anders &amp; Kafka E-SHOP\",\"potentialAction\":[{\"@type\":\"SearchAction\",\"target\":{\"@type\":\"EntryPoint\",\"urlTemplate\":\"https:\/\/anderskafka.cz\/eshop\/?s={search_term_string}\"},\"query-input\":\"required name=search_term_string\"}],\"inLanguage\":\"cs\"},{\"@type\":\"ImageObject\",\"@id\":\"https:\/\/anderskafka.cz\/eshop\/produkt\/veba-moderni-vaflovy-rucnik-osuska-ze-100-bavlny-smetanova\/#primaryimage\",\"inLanguage\":\"cs\",\"url\":\"https:\/\/anderskafka.cz\/eshop\/wp-content\/uploads\/sites\/3\/2024\/02\/53438569247_72d3cd7f9f_c.jpg\",\"contentUrl\":\"https:\/\/anderskafka.cz\/eshop\/wp-content\/uploads\/sites\/3\/2024\/02\/53438569247_72d3cd7f9f_c.jpg\",\"width\":800,\"height\":800},{\"@type\":\"WebPage\",\"@id\":\"https:\/\/anderskafka.cz\/eshop\/produkt\/veba-moderni-vaflovy-rucnik-osuska-ze-100-bavlny-smetanova\/#webpage\",\"url\":\"https:\/\/anderskafka.cz\/eshop\/produkt\/veba-moderni-vaflovy-rucnik-osuska-ze-100-bavlny-smetanova\/\",\"name\":\"VEBA modern\u00ed vaflov\u00fd ru\u010dn\u00edk \/ osu\u0161ka ze 100% bavlny smetanov\u00e1 - Anders &amp; Kafka E-SHOP\",\"isPartOf\":{\"@id\":\"https:\/\/anderskafka.cz\/eshop\/#website\"},\"primaryImageOfPage\":{\"@id\":\"https:\/\/anderskafka.cz\/eshop\/produkt\/veba-moderni-vaflovy-rucnik-osuska-ze-100-bavlny-smetanova\/#primaryimage\"},\"datePublished\":\"2024-02-06T10:29:26+00:00\",\"dateModified\":\"2026-02-14T07:12:10+00:00\",\"description\":\"Praktick\u00e9, velmi dob\u0159e skladn\u00e9, sav\u00e9 a rychleschnouc\u00ed bavln\u011bn\u00e9 ru\u010dn\u00edky a osu\u0161ky s vaflov\u00fdm vzorem a rozm\u011bry 46 x 100 cm a 100 x 146 cm. Vyrobeno v \u010cech\u00e1ch spole\u010dnost\u00ed Veba s tradic\u00ed v\u00fdroby kvalitn\u00edch textili\u00ed od roku 1856.\",\"breadcrumb\":{\"@id\":\"https:\/\/anderskafka.cz\/eshop\/produkt\/veba-moderni-vaflovy-rucnik-osuska-ze-100-bavlny-smetanova\/#breadcrumb\"},\"inLanguage\":\"cs\",\"potentialAction\":[{\"@type\":\"ReadAction\",\"target\":[\"https:\/\/anderskafka.cz\/eshop\/produkt\/veba-moderni-vaflovy-rucnik-osuska-ze-100-bavlny-smetanova\/\"]}]},{\"@type\":\"BreadcrumbList\",\"@id\":\"https:\/\/anderskafka.cz\/eshop\/produkt\/veba-moderni-vaflovy-rucnik-osuska-ze-100-bavlny-smetanova\/#breadcrumb\",\"itemListElement\":[{\"@type\":\"ListItem\",\"position\":1,\"name\":\"Obchod\",\"item\":\"https:\/\/anderskafka.cz\/eshop\/obchod\/\"},{\"@type\":\"ListItem\",\"position\":2,\"name\":\"VEBA modern\u00ed vaflov\u00fd ru\u010dn\u00edk \/ osu\u0161ka ze 100% bavlny smetanov\u00e1\"}]}]}<\/script>\n<!-- \/ Yoast SEO plugin. -->","yoast_head_json":{"title":"VEBA modern\u00ed vaflov\u00fd ru\u010dn\u00edk \/ osu\u0161ka ze 100% bavlny smetanov\u00e1 - Anders &amp; Kafka E-SHOP","description":"Praktick\u00e9, velmi dob\u0159e skladn\u00e9, sav\u00e9 a rychleschnouc\u00ed bavln\u011bn\u00e9 ru\u010dn\u00edky a osu\u0161ky s vaflov\u00fdm vzorem a rozm\u011bry 46 x 100 cm a 100 x 146 cm. Vyrobeno v \u010cech\u00e1ch spole\u010dnost\u00ed Veba s tradic\u00ed v\u00fdroby kvalitn\u00edch textili\u00ed od roku 1856.","robots":{"index":"index","follow":"follow","max-snippet":"max-snippet:-1","max-image-preview":"max-image-preview:large","max-video-preview":"max-video-preview:-1"},"canonical":"https:\/\/anderskafka.cz\/eshop\/produkt\/veba-moderni-vaflovy-rucnik-osuska-ze-100-bavlny-smetanova\/","og_locale":"cs_CZ","og_type":"article","og_title":"VEBA modern\u00ed vaflov\u00fd ru\u010dn\u00edk \/ osu\u0161ka ze 100% bavlny smetanov\u00e1 - Anders &amp; Kafka E-SHOP","og_description":"Praktick\u00e9, velmi dob\u0159e skladn\u00e9, sav\u00e9 a rychleschnouc\u00ed bavln\u011bn\u00e9 ru\u010dn\u00edky a osu\u0161ky s vaflov\u00fdm vzorem a rozm\u011bry 46 x 100 cm a 100 x 146 cm. Vyrobeno v \u010cech\u00e1ch spole\u010dnost\u00ed Veba s tradic\u00ed v\u00fdroby kvalitn\u00edch textili\u00ed od roku 1856.","og_url":"https:\/\/anderskafka.cz\/eshop\/produkt\/veba-moderni-vaflovy-rucnik-osuska-ze-100-bavlny-smetanova\/","og_site_name":"Anders &amp; Kafka E-SHOP","article_modified_time":"2026-02-14T07:12:10+00:00","og_image":[{"width":800,"height":800,"url":"https:\/\/anderskafka.cz\/eshop\/wp-content\/uploads\/sites\/3\/2024\/02\/53438569247_72d3cd7f9f_c.jpg","type":"image\/jpeg"}],"twitter_card":"summary_large_image","twitter_misc":{"Odhadovan\u00e1 doba \u010dten\u00ed":"1 minuta"},"schema":{"@context":"https:\/\/schema.org","@graph":[{"@type":"WebSite","@id":"https:\/\/anderskafka.cz\/eshop\/#website","url":"https:\/\/anderskafka.cz\/eshop\/","name":"Anders &amp; Kafka E-SHOP","description":"Anders &amp; Kafka E-SHOP","potentialAction":[{"@type":"SearchAction","target":{"@type":"EntryPoint","urlTemplate":"https:\/\/anderskafka.cz\/eshop\/?s={search_term_string}"},"query-input":"required name=search_term_string"}],"inLanguage":"cs"},{"@type":"ImageObject","@id":"https:\/\/anderskafka.cz\/eshop\/produkt\/veba-moderni-vaflovy-rucnik-osuska-ze-100-bavlny-smetanova\/#primaryimage","inLanguage":"cs","url":"https:\/\/anderskafka.cz\/eshop\/wp-content\/uploads\/sites\/3\/2024\/02\/53438569247_72d3cd7f9f_c.jpg","contentUrl":"https:\/\/anderskafka.cz\/eshop\/wp-content\/uploads\/sites\/3\/2024\/02\/53438569247_72d3cd7f9f_c.jpg","width":800,"height":800},{"@type":"WebPage","@id":"https:\/\/anderskafka.cz\/eshop\/produkt\/veba-moderni-vaflovy-rucnik-osuska-ze-100-bavlny-smetanova\/#webpage","url":"https:\/\/anderskafka.cz\/eshop\/produkt\/veba-moderni-vaflovy-rucnik-osuska-ze-100-bavlny-smetanova\/","name":"VEBA modern\u00ed vaflov\u00fd ru\u010dn\u00edk \/ osu\u0161ka ze 100% bavlny smetanov\u00e1 - Anders &amp; Kafka E-SHOP","isPartOf":{"@id":"https:\/\/anderskafka.cz\/eshop\/#website"},"primaryImageOfPage":{"@id":"https:\/\/anderskafka.cz\/eshop\/produkt\/veba-moderni-vaflovy-rucnik-osuska-ze-100-bavlny-smetanova\/#primaryimage"},"datePublished":"2024-02-06T10:29:26+00:00","dateModified":"2026-02-14T07:12:10+00:00","description":"Praktick\u00e9, velmi dob\u0159e skladn\u00e9, sav\u00e9 a rychleschnouc\u00ed bavln\u011bn\u00e9 ru\u010dn\u00edky a osu\u0161ky s vaflov\u00fdm vzorem a rozm\u011bry 46 x 100 cm a 100 x 146 cm. Vyrobeno v \u010cech\u00e1ch spole\u010dnost\u00ed Veba s tradic\u00ed v\u00fdroby kvalitn\u00edch textili\u00ed od roku 1856.","breadcrumb":{"@id":"https:\/\/anderskafka.cz\/eshop\/produkt\/veba-moderni-vaflovy-rucnik-osuska-ze-100-bavlny-smetanova\/#breadcrumb"},"inLanguage":"cs","potentialAction":[{"@type":"ReadAction","target":["https:\/\/anderskafka.cz\/eshop\/produkt\/veba-moderni-vaflovy-rucnik-osuska-ze-100-bavlny-smetanova\/"]}]},{"@type":"BreadcrumbList","@id":"https:\/\/anderskafka.cz\/eshop\/produkt\/veba-moderni-vaflovy-rucnik-osuska-ze-100-bavlny-smetanova\/#breadcrumb","itemListElement":[{"@type":"ListItem","position":1,"name":"Obchod","item":"https:\/\/anderskafka.cz\/eshop\/obchod\/"},{"@type":"ListItem","position":2,"name":"VEBA modern\u00ed vaflov\u00fd ru\u010dn\u00edk \/ osu\u0161ka ze 100% bavlny smetanov\u00e1"}]}]}},"locations":[],"_links":{"self":[{"href":"https:\/\/anderskafka.cz\/eshop\/wp-json\/wp\/v2\/product\/6566"}],"collection":[{"href":"https:\/\/anderskafka.cz\/eshop\/wp-json\/wp\/v2\/product"}],"about":[{"href":"https:\/\/anderskafka.cz\/eshop\/wp-json\/wp\/v2\/types\/product"}],"replies":[{"embeddable":true,"href":"https:\/\/anderskafka.cz\/eshop\/wp-json\/wp\/v2\/comments?post=6566"}],"wp:featuredmedia":[{"embeddable":true,"href":"https:\/\/anderskafka.cz\/eshop\/wp-json\/wp\/v2\/media\/6569"}],"wp:attachment":[{"href":"https:\/\/anderskafka.cz\/eshop\/wp-json\/wp\/v2\/media?parent=6566"}],"wp:term":[{"taxonomy":"location","embeddable":true,"href":"https:\/\/anderskafka.cz\/eshop\/wp-json\/wp\/v2\/location?post=6566"},{"taxonomy":"product_cat","embeddable":true,"href":"https:\/\/anderskafka.cz\/eshop\/wp-json\/wp\/v2\/product_cat?post=6566"},{"taxonomy":"product_tag","embeddable":true,"href":"https:\/\/anderskafka.cz\/eshop\/wp-json\/wp\/v2\/product_tag?post=6566"}],"curies":[{"name":"wp","href":"https:\/\/api.w.org\/{rel}","templated":true}]}}