{"id":6820,"date":"2024-02-22T21:01:55","date_gmt":"2024-02-22T20:01:55","guid":{"rendered":"https:\/\/anderskafka.cz\/eshop\/?post_type=product&#038;p=6820"},"modified":"2026-04-02T18:10:28","modified_gmt":"2026-04-02T16:10:28","slug":"vms-timber-interierova-infrasauna-aria","status":"publish","type":"product","link":"https:\/\/anderskafka.cz\/eshop\/produkt\/vms-timber-interierova-infrasauna-aria\/","title":{"rendered":"Interi\u00e9rov\u00e1 infrasauna LAWA z thermowoodu \u2013 v\u010detn\u011b dopravy ve smontovan\u00e9m stavu"},"content":{"rendered":"<p><strong>Vn\u011bj\u0161\u00ed rozm\u011bry infrasauny:<\/strong> \u0161\u00ed\u0159ka 104 cm, hloubka 92 cm a v\u00fd\u0161ka 208 cm.<br \/>\nInfrasauna <span style=\"font-size: 16px\">je vyroben\u00e1 z masivu thermosmrku<\/span><span style=\"font-size: 16px\"> tlou\u0161\u0165ky 40 mm , smrkov\u00e9 palubky jsou pohledov\u011b upraveny z obou stran.<\/span><\/p>\n<ul>\n<li>Vnit\u0159n\u00ed rozm\u011bry: \u0160: 96 cm | H: 82 cm | V: 194 cm<\/li>\n<li>V\u00e1ha sauny: 350 kg<\/li>\n<li>Objem sauny: 1,5 m3<\/li>\n<li>V\u00fdkon z\u00e1\u0159i\u010d\u016f: 1600 W<\/li>\n<li>Vhodn\u00e9 pro: 1 osobu<\/li>\n<li>Infra z\u00e1\u0159i\u010de: 4 x Harvia infra\u010derven\u00fd Carbon 380 W \u0161ed\u00fd, 1 x EOS IR \u00a090 W<\/li>\n<li>\u0158\u00edd\u00edc\u00ed jednotka: Harvia Xenio Infra CX36I \u010dern\u00e1<\/li>\n<li>40mm termo r\u00e1m ze seversk\u00e9ho smrku<\/li>\n<li>D\u0159ev\u011bn\u00e9 z\u00e1kladov\u00e9 nosn\u00edky<\/li>\n<li>Saunov\u00e1 lavice z thermo osiky se zaoblenou \u010deln\u00ed hranou<\/li>\n<li>Podlaha z thermo osiky<\/li>\n<li>Dve\u0159e do sauny z t\u00f3novan\u00e9ho tvrzen\u00e9ho skla 8mm<\/li>\n<li>Ventila\u010dn\u00ed m\u0159\u00ed\u017eka<\/li>\n<li>LED osv\u011btlen\u00ed v saun\u011b<\/li>\n<\/ul>\n<p>Pro <em><strong>z<\/strong><\/em><strong>provozn\u011bn\u00ed <\/strong>infrasauny je pot\u0159eba m\u00edt v m\u00edst\u011b instalace infrasauny el. p\u0159\u00edvod 230V s ji\u0161t\u011bn\u00edm min. 1x20A. I<strong>nfrasaunu Lawa obdr\u017e\u00edte ve smontovan\u00e9m stavu <\/strong>a je typu<strong> PLUG &amp; PLAY. <\/strong>Elektrick\u00e9 p\u0159ipojen\u00ed sm\u00ed prov\u00e1d\u011bt pouze kvalifikovan\u00e1 osoba.<\/p>\n<p>Prostor, ve kter\u00e9 bude sauna instalov\u00e1na, mus\u00ed b\u00fdt such\u00fd a mus\u00ed zajistit odpov\u00eddaj\u00edc\u00ed mno\u017estv\u00ed vzduchu \u00a0s pevnou, vodot\u011bsnou a rovnou podlahou. Doporu\u010dujeme keramickou nebo kamennou dla\u017ebu. Pro mont\u00e1\u017e sauny je nutn\u00e1 minim\u00e1ln\u00ed v\u00fd\u0161ka m\u00edstnosti 230 cm. Ka\u017ed\u00e1 st\u011bna sauny mus\u00ed b\u00fdt minim\u00e1ln\u011b ve vzd\u00e1lenosti \u00a05 cm od st\u011bn v prostoru, kde bude sauna um\u00edst\u011bna. D\u00e1 se bezprobl\u00e9mov\u011b um\u00edstit na krytou terasu nebo i balk\u00f3n.<\/p>\n<h3><strong>VMS Timber<\/strong><\/h3>\n<p>VMS Timber je loty\u0161sk\u00e1 spole\u010dnost inspirovan\u00e1 p\u0159\u00edrodou a tradicemi baltsk\u00e9 sauny, jej\u00ed\u017e v\u00fdrobky vytv\u00e1\u0159\u00ed p\u0159\u00edle\u017eitost pro jedine\u010dn\u00fd wellness z\u00e1\u017eitek. Jde o zodpov\u011bdn\u011b zpracovan\u00fd p\u0159\u00edrodn\u00ed materi\u00e1l, kter\u00fd zt\u011bles\u0148uje kvalitu, estetiku a design severn\u00ed Evropy.<\/p>\n<p><img src=\"https:\/\/anderskafka.cz\/eshop\/wp-content\/uploads\/sites\/3\/2024\/06\/Anderskafka-objednate-relaxujete-PC.jpg\" \/><\/p>\n<p>Spole\u010dnost Anders&amp;Kafka V\u00e1m nab\u00edz\u00ed dod\u00e1n\u00ed saun Lawa<strong>\u00a0v\u010detn\u011b dovozu, ve smontovan\u00e9m stavu. <\/strong>Cena zahrnuje dopravu (na nejbli\u017e\u0161\u00ed m\u00edsto ve\u0159ejn\u00e9 komunikace k m\u00edstu instalace), smontovanou saunu v\u010detn\u011b zvolen\u00e9ho dodate\u010dn\u00e9ho vybaven\u00ed a je v\u010detn\u011b 12%\u00a0 DPH v p\u0159\u00edpad\u011b dod\u00e1vky \u00a0do rodinn\u00e9ho domu, kde celkov\u00e1 podlahov\u00e1 plocha nep\u0159es\u00e1hne 350m<sup>2 \u00a0<\/sup>nebo bytu, kde celkov\u00e1 podlahov\u00e1 plocha nep\u0159es\u00e1hne 120m<sup>2 <\/sup>dle \u00a0\u00a748a, odst. 1 Z\u00e1kona o DPH a \u00a7121, odst. 1 Z\u00e1kona \u010d. 40\/1964 Sb. Ob\u010dansk\u00e9ho z\u00e1kon\u00edku. V opa\u010dn\u00e9m p\u0159\u00edpad\u011b by se musela aplikovat sazba DPH ve v\u00fd\u0161\u0161i 21%.<\/p>\n","protected":false},"excerpt":{"rendered":"<p>Voln\u011b stoj\u00edc\u00ed infrasauna pro 1 osobu v jednoduch\u00e9m designu z masivn\u00edho thermo smrkov\u00e9ho d\u0159eva o tlou\u0161\u0165ce 40 mm. Interi\u00e9r z thermo osiky a modern\u00ed, zdrav\u00ed prosp\u011b\u0161n\u00e9 technologie zaji\u0161\u0165uj\u00ed dlouhou \u017eivotnost a pohodln\u00e9 ovl\u00e1d\u00e1n\u00ed. Celoprosklen\u00e1 \u010deln\u00ed plocha a bezr\u00e1mov\u00e9 dve\u0159e s 8mm kalen\u00fdm sklem a d\u0159ev\u011bn\u00fdm madlem dod\u00e1vaj\u00ed saun\u011b pocit vzdu\u0161nosti a otev\u0159enosti. D\u00edky kompaktn\u00edm rozm\u011br\u016fm se hod\u00ed i do men\u0161\u00edch byt\u016f a dom\u016f.<\/p>\n<p>&nbsp;<\/p>\n<h6><strong>THERMOWOOD<\/strong><\/h6>\n<p>Oproti klasick\u00e9 smrkov\u00e9 saun\u011b je zde velk\u00e1 v\u00fdhoda opracov\u00e1n\u00ed seversk\u00e9ho smrku metodou ThermoWood\u00ae. Tento materi\u00e1l p\u0159i s\u00edle 40 mm spolu s precizn\u00edm \u0159emesln\u00fdm zpracov\u00e1n\u00edm zajist\u00ed velice dlouhou \u017eivotnost v\u00fdrobku, nadstandartn\u00ed kvalitu a v\u00fdbornou izolaci. Sauna z thermowood je v\u00fdborn\u00e1 investice a stoj\u00ed to za p\u0159\u00edplatek.<br \/>\n&nbsp;<\/p>\n<p><button class=\"button poptavka\" style=\"border-radius: 3px; padding: 12px 24px; font-weight: 400; font-size: 14px; letter-spacing: 1px; background-color: #f96d3b; color: #fff; border: none; cursor: pointer;\" aria-label=\"Otev\u0159\u00edt\"> M\u00e1m z\u00e1jem o tento produkt <\/button><\/p>\n<p>&nbsp;<\/p>\n<p><span style=\"color: #339966\"><strong>Zde si zvolte povrchovou \u00fapravu:<\/strong><\/span><\/p>\n<p>&nbsp;<\/p>\n","protected":false},"featured_media":6821,"comment_status":"open","ping_status":"closed","template":"","meta":{"site-sidebar-layout":"default","site-content-layout":"default","ast-main-header-display":"","ast-hfb-above-header-display":"","ast-hfb-below-header-display":"","ast-hfb-mobile-header-display":"","site-post-title":"","ast-breadcrumbs-content":"","ast-featured-img":"","footer-sml-layout":"","theme-transparent-header-meta":"","adv-header-id-meta":"","stick-header-meta":"","header-above-stick-meta":"","header-main-stick-meta":"","header-below-stick-meta":""},"location":[],"product_cat":[547,1462],"product_tag":[812],"yoast_head":"<!-- This site is optimized with the Yoast SEO plugin v18.5.1 - https:\/\/yoast.com\/wordpress\/plugins\/seo\/ -->\n<title>Interi\u00e9rov\u00e1 infrasauna LAWA z thermowoodu \u2013 v\u010detn\u011b dopravy ve smontovan\u00e9m stavu - Anders &amp; Kafka E-SHOP<\/title>\n<meta name=\"description\" content=\"Voln\u011b stoj\u00edc\u00ed infrasauna pro 1 osobu v jednoduch\u00e9m designu z masivn\u00edho thermo smrkov\u00e9ho d\u0159eva o tlou\u0161\u0165ce 40 mm. Interi\u00e9r z thermo osiky a modern\u00ed, zdrav\u00ed prosp\u011b\u0161n\u00e9 technologie zaji\u0161\u0165uj\u00ed dlouhou \u017eivotnost a pohodln\u00e9 ovl\u00e1d\u00e1n\u00ed. Celoprosklen\u00e1 \u010deln\u00ed plocha a bezr\u00e1mov\u00e9 dve\u0159e s 8mm kalen\u00fdm sklem a d\u0159ev\u011bn\u00fdm madlem dod\u00e1vaj\u00ed saun\u011b pocit vzdu\u0161nosti a otev\u0159enosti. D\u00edky kompaktn\u00edm rozm\u011br\u016fm se hod\u00ed i do men\u0161\u00edch byt\u016f a dom\u016f.  &nbsp; THERMOWOOD Oproti klasick\u00e9 smrkov\u00e9 saun\u011b je zde velk\u00e1 v\u00fdhoda opracov\u00e1n\u00ed seversk\u00e9ho smrku metodou ThermoWood\u00ae. Tento materi\u00e1l p\u0159i s\u00edle 40 mm spolu s precizn\u00edm \u0159emesln\u00fdm zpracov\u00e1n\u00edm zajist\u00ed velice dlouhou \u017eivotnost v\u00fdrobku, nadstandartn\u00ed kvalitu a v\u00fdbornou izolaci. Sauna z thermowood je v\u00fdborn\u00e1 investice a stoj\u00ed to za p\u0159\u00edplatek. &nbsp;   M\u00e1m z\u00e1jem o tento produkt   &nbsp;  Zde si zvolte povrchovou \u00fapravu:  &nbsp;\" \/>\n<meta name=\"robots\" content=\"index, follow, max-snippet:-1, max-image-preview:large, max-video-preview:-1\" \/>\n<link rel=\"canonical\" href=\"https:\/\/anderskafka.cz\/eshop\/produkt\/vms-timber-interierova-infrasauna-aria\/\" \/>\n<meta property=\"og:locale\" content=\"cs_CZ\" \/>\n<meta property=\"og:type\" content=\"article\" \/>\n<meta property=\"og:title\" content=\"Interi\u00e9rov\u00e1 infrasauna LAWA z thermowoodu \u2013 v\u010detn\u011b dopravy ve smontovan\u00e9m stavu - Anders &amp; Kafka E-SHOP\" \/>\n<meta property=\"og:description\" content=\"Voln\u011b stoj\u00edc\u00ed infrasauna pro 1 osobu v jednoduch\u00e9m designu z masivn\u00edho thermo smrkov\u00e9ho d\u0159eva o tlou\u0161\u0165ce 40 mm. Interi\u00e9r z thermo osiky a modern\u00ed, zdrav\u00ed prosp\u011b\u0161n\u00e9 technologie zaji\u0161\u0165uj\u00ed dlouhou \u017eivotnost a pohodln\u00e9 ovl\u00e1d\u00e1n\u00ed. Celoprosklen\u00e1 \u010deln\u00ed plocha a bezr\u00e1mov\u00e9 dve\u0159e s 8mm kalen\u00fdm sklem a d\u0159ev\u011bn\u00fdm madlem dod\u00e1vaj\u00ed saun\u011b pocit vzdu\u0161nosti a otev\u0159enosti. D\u00edky kompaktn\u00edm rozm\u011br\u016fm se hod\u00ed i do men\u0161\u00edch byt\u016f a dom\u016f.  &nbsp; THERMOWOOD Oproti klasick\u00e9 smrkov\u00e9 saun\u011b je zde velk\u00e1 v\u00fdhoda opracov\u00e1n\u00ed seversk\u00e9ho smrku metodou ThermoWood\u00ae. Tento materi\u00e1l p\u0159i s\u00edle 40 mm spolu s precizn\u00edm \u0159emesln\u00fdm zpracov\u00e1n\u00edm zajist\u00ed velice dlouhou \u017eivotnost v\u00fdrobku, nadstandartn\u00ed kvalitu a v\u00fdbornou izolaci. Sauna z thermowood je v\u00fdborn\u00e1 investice a stoj\u00ed to za p\u0159\u00edplatek. &nbsp;   M\u00e1m z\u00e1jem o tento produkt   &nbsp;  Zde si zvolte povrchovou \u00fapravu:  &nbsp;\" \/>\n<meta property=\"og:url\" content=\"https:\/\/anderskafka.cz\/eshop\/produkt\/vms-timber-interierova-infrasauna-aria\/\" \/>\n<meta property=\"og:site_name\" content=\"Anders &amp; Kafka E-SHOP\" \/>\n<meta property=\"article:modified_time\" content=\"2026-04-02T16:10:28+00:00\" \/>\n<meta property=\"og:image\" content=\"https:\/\/anderskafka.cz\/eshop\/wp-content\/uploads\/sites\/3\/2024\/02\/bT2bel.jpg\" \/>\n\t<meta property=\"og:image:width\" content=\"1024\" \/>\n\t<meta property=\"og:image:height\" content=\"1024\" \/>\n\t<meta property=\"og:image:type\" content=\"image\/jpeg\" \/>\n<meta name=\"twitter:card\" content=\"summary_large_image\" \/>\n<meta name=\"twitter:label1\" content=\"Odhadovan\u00e1 doba \u010dten\u00ed\" \/>\n\t<meta name=\"twitter:data1\" content=\"3 minuty\" \/>\n<script type=\"application\/ld+json\" class=\"yoast-schema-graph\">{\"@context\":\"https:\/\/schema.org\",\"@graph\":[{\"@type\":\"WebSite\",\"@id\":\"https:\/\/anderskafka.cz\/eshop\/#website\",\"url\":\"https:\/\/anderskafka.cz\/eshop\/\",\"name\":\"Anders &amp; Kafka E-SHOP\",\"description\":\"Anders &amp; Kafka E-SHOP\",\"potentialAction\":[{\"@type\":\"SearchAction\",\"target\":{\"@type\":\"EntryPoint\",\"urlTemplate\":\"https:\/\/anderskafka.cz\/eshop\/?s={search_term_string}\"},\"query-input\":\"required name=search_term_string\"}],\"inLanguage\":\"cs\"},{\"@type\":\"ImageObject\",\"@id\":\"https:\/\/anderskafka.cz\/eshop\/produkt\/vms-timber-interierova-infrasauna-aria\/#primaryimage\",\"inLanguage\":\"cs\",\"url\":\"https:\/\/anderskafka.cz\/eshop\/wp-content\/uploads\/sites\/3\/2024\/02\/bT2bel.jpg\",\"contentUrl\":\"https:\/\/anderskafka.cz\/eshop\/wp-content\/uploads\/sites\/3\/2024\/02\/bT2bel.jpg\",\"width\":1024,\"height\":1024},{\"@type\":\"WebPage\",\"@id\":\"https:\/\/anderskafka.cz\/eshop\/produkt\/vms-timber-interierova-infrasauna-aria\/#webpage\",\"url\":\"https:\/\/anderskafka.cz\/eshop\/produkt\/vms-timber-interierova-infrasauna-aria\/\",\"name\":\"Interi\u00e9rov\u00e1 infrasauna LAWA z thermowoodu \u2013 v\u010detn\u011b dopravy ve smontovan\u00e9m stavu - Anders &amp; Kafka E-SHOP\",\"isPartOf\":{\"@id\":\"https:\/\/anderskafka.cz\/eshop\/#website\"},\"primaryImageOfPage\":{\"@id\":\"https:\/\/anderskafka.cz\/eshop\/produkt\/vms-timber-interierova-infrasauna-aria\/#primaryimage\"},\"datePublished\":\"2024-02-22T20:01:55+00:00\",\"dateModified\":\"2026-04-02T16:10:28+00:00\",\"description\":\"Voln\u011b stoj\u00edc\u00ed infrasauna pro 1 osobu v jednoduch\u00e9m designu z masivn\u00edho thermo smrkov\u00e9ho d\u0159eva o tlou\u0161\u0165ce 40 mm. Interi\u00e9r z thermo osiky a modern\u00ed, zdrav\u00ed prosp\u011b\u0161n\u00e9 technologie zaji\u0161\u0165uj\u00ed dlouhou \u017eivotnost a pohodln\u00e9 ovl\u00e1d\u00e1n\u00ed. Celoprosklen\u00e1 \u010deln\u00ed plocha a bezr\u00e1mov\u00e9 dve\u0159e s 8mm kalen\u00fdm sklem a d\u0159ev\u011bn\u00fdm madlem dod\u00e1vaj\u00ed saun\u011b pocit vzdu\u0161nosti a otev\u0159enosti. D\u00edky kompaktn\u00edm rozm\u011br\u016fm se hod\u00ed i do men\u0161\u00edch byt\u016f a dom\u016f. &nbsp; THERMOWOOD Oproti klasick\u00e9 smrkov\u00e9 saun\u011b je zde velk\u00e1 v\u00fdhoda opracov\u00e1n\u00ed seversk\u00e9ho smrku metodou ThermoWood\u00ae. Tento materi\u00e1l p\u0159i s\u00edle 40 mm spolu s precizn\u00edm \u0159emesln\u00fdm zpracov\u00e1n\u00edm zajist\u00ed velice dlouhou \u017eivotnost v\u00fdrobku, nadstandartn\u00ed kvalitu a v\u00fdbornou izolaci. Sauna z thermowood je v\u00fdborn\u00e1 investice a stoj\u00ed to za p\u0159\u00edplatek. &nbsp; M\u00e1m z\u00e1jem o tento produkt &nbsp; Zde si zvolte povrchovou \u00fapravu: &nbsp;\",\"breadcrumb\":{\"@id\":\"https:\/\/anderskafka.cz\/eshop\/produkt\/vms-timber-interierova-infrasauna-aria\/#breadcrumb\"},\"inLanguage\":\"cs\",\"potentialAction\":[{\"@type\":\"ReadAction\",\"target\":[\"https:\/\/anderskafka.cz\/eshop\/produkt\/vms-timber-interierova-infrasauna-aria\/\"]}]},{\"@type\":\"BreadcrumbList\",\"@id\":\"https:\/\/anderskafka.cz\/eshop\/produkt\/vms-timber-interierova-infrasauna-aria\/#breadcrumb\",\"itemListElement\":[{\"@type\":\"ListItem\",\"position\":1,\"name\":\"Obchod\",\"item\":\"https:\/\/anderskafka.cz\/eshop\/obchod\/\"},{\"@type\":\"ListItem\",\"position\":2,\"name\":\"Interi\u00e9rov\u00e1 infrasauna LAWA z thermowoodu \u2013 v\u010detn\u011b dopravy ve smontovan\u00e9m stavu\"}]}]}<\/script>\n<!-- \/ Yoast SEO plugin. -->","yoast_head_json":{"title":"Interi\u00e9rov\u00e1 infrasauna LAWA z thermowoodu \u2013 v\u010detn\u011b dopravy ve smontovan\u00e9m stavu - Anders &amp; Kafka E-SHOP","description":"Voln\u011b stoj\u00edc\u00ed infrasauna pro 1 osobu v jednoduch\u00e9m designu z masivn\u00edho thermo smrkov\u00e9ho d\u0159eva o tlou\u0161\u0165ce 40 mm. Interi\u00e9r z thermo osiky a modern\u00ed, zdrav\u00ed prosp\u011b\u0161n\u00e9 technologie zaji\u0161\u0165uj\u00ed dlouhou \u017eivotnost a pohodln\u00e9 ovl\u00e1d\u00e1n\u00ed. Celoprosklen\u00e1 \u010deln\u00ed plocha a bezr\u00e1mov\u00e9 dve\u0159e s 8mm kalen\u00fdm sklem a d\u0159ev\u011bn\u00fdm madlem dod\u00e1vaj\u00ed saun\u011b pocit vzdu\u0161nosti a otev\u0159enosti. D\u00edky kompaktn\u00edm rozm\u011br\u016fm se hod\u00ed i do men\u0161\u00edch byt\u016f a dom\u016f.  &nbsp; THERMOWOOD Oproti klasick\u00e9 smrkov\u00e9 saun\u011b je zde velk\u00e1 v\u00fdhoda opracov\u00e1n\u00ed seversk\u00e9ho smrku metodou ThermoWood\u00ae. Tento materi\u00e1l p\u0159i s\u00edle 40 mm spolu s precizn\u00edm \u0159emesln\u00fdm zpracov\u00e1n\u00edm zajist\u00ed velice dlouhou \u017eivotnost v\u00fdrobku, nadstandartn\u00ed kvalitu a v\u00fdbornou izolaci. Sauna z thermowood je v\u00fdborn\u00e1 investice a stoj\u00ed to za p\u0159\u00edplatek. &nbsp;   M\u00e1m z\u00e1jem o tento produkt   &nbsp;  Zde si zvolte povrchovou \u00fapravu:  &nbsp;","robots":{"index":"index","follow":"follow","max-snippet":"max-snippet:-1","max-image-preview":"max-image-preview:large","max-video-preview":"max-video-preview:-1"},"canonical":"https:\/\/anderskafka.cz\/eshop\/produkt\/vms-timber-interierova-infrasauna-aria\/","og_locale":"cs_CZ","og_type":"article","og_title":"Interi\u00e9rov\u00e1 infrasauna LAWA z thermowoodu \u2013 v\u010detn\u011b dopravy ve smontovan\u00e9m stavu - Anders &amp; Kafka E-SHOP","og_description":"Voln\u011b stoj\u00edc\u00ed infrasauna pro 1 osobu v jednoduch\u00e9m designu z masivn\u00edho thermo smrkov\u00e9ho d\u0159eva o tlou\u0161\u0165ce 40 mm. Interi\u00e9r z thermo osiky a modern\u00ed, zdrav\u00ed prosp\u011b\u0161n\u00e9 technologie zaji\u0161\u0165uj\u00ed dlouhou \u017eivotnost a pohodln\u00e9 ovl\u00e1d\u00e1n\u00ed. Celoprosklen\u00e1 \u010deln\u00ed plocha a bezr\u00e1mov\u00e9 dve\u0159e s 8mm kalen\u00fdm sklem a d\u0159ev\u011bn\u00fdm madlem dod\u00e1vaj\u00ed saun\u011b pocit vzdu\u0161nosti a otev\u0159enosti. D\u00edky kompaktn\u00edm rozm\u011br\u016fm se hod\u00ed i do men\u0161\u00edch byt\u016f a dom\u016f.  &nbsp; THERMOWOOD Oproti klasick\u00e9 smrkov\u00e9 saun\u011b je zde velk\u00e1 v\u00fdhoda opracov\u00e1n\u00ed seversk\u00e9ho smrku metodou ThermoWood\u00ae. Tento materi\u00e1l p\u0159i s\u00edle 40 mm spolu s precizn\u00edm \u0159emesln\u00fdm zpracov\u00e1n\u00edm zajist\u00ed velice dlouhou \u017eivotnost v\u00fdrobku, nadstandartn\u00ed kvalitu a v\u00fdbornou izolaci. Sauna z thermowood je v\u00fdborn\u00e1 investice a stoj\u00ed to za p\u0159\u00edplatek. &nbsp;   M\u00e1m z\u00e1jem o tento produkt   &nbsp;  Zde si zvolte povrchovou \u00fapravu:  &nbsp;","og_url":"https:\/\/anderskafka.cz\/eshop\/produkt\/vms-timber-interierova-infrasauna-aria\/","og_site_name":"Anders &amp; Kafka E-SHOP","article_modified_time":"2026-04-02T16:10:28+00:00","og_image":[{"width":1024,"height":1024,"url":"https:\/\/anderskafka.cz\/eshop\/wp-content\/uploads\/sites\/3\/2024\/02\/bT2bel.jpg","type":"image\/jpeg"}],"twitter_card":"summary_large_image","twitter_misc":{"Odhadovan\u00e1 doba \u010dten\u00ed":"3 minuty"},"schema":{"@context":"https:\/\/schema.org","@graph":[{"@type":"WebSite","@id":"https:\/\/anderskafka.cz\/eshop\/#website","url":"https:\/\/anderskafka.cz\/eshop\/","name":"Anders &amp; Kafka E-SHOP","description":"Anders &amp; Kafka E-SHOP","potentialAction":[{"@type":"SearchAction","target":{"@type":"EntryPoint","urlTemplate":"https:\/\/anderskafka.cz\/eshop\/?s={search_term_string}"},"query-input":"required name=search_term_string"}],"inLanguage":"cs"},{"@type":"ImageObject","@id":"https:\/\/anderskafka.cz\/eshop\/produkt\/vms-timber-interierova-infrasauna-aria\/#primaryimage","inLanguage":"cs","url":"https:\/\/anderskafka.cz\/eshop\/wp-content\/uploads\/sites\/3\/2024\/02\/bT2bel.jpg","contentUrl":"https:\/\/anderskafka.cz\/eshop\/wp-content\/uploads\/sites\/3\/2024\/02\/bT2bel.jpg","width":1024,"height":1024},{"@type":"WebPage","@id":"https:\/\/anderskafka.cz\/eshop\/produkt\/vms-timber-interierova-infrasauna-aria\/#webpage","url":"https:\/\/anderskafka.cz\/eshop\/produkt\/vms-timber-interierova-infrasauna-aria\/","name":"Interi\u00e9rov\u00e1 infrasauna LAWA z thermowoodu \u2013 v\u010detn\u011b dopravy ve smontovan\u00e9m stavu - Anders &amp; Kafka E-SHOP","isPartOf":{"@id":"https:\/\/anderskafka.cz\/eshop\/#website"},"primaryImageOfPage":{"@id":"https:\/\/anderskafka.cz\/eshop\/produkt\/vms-timber-interierova-infrasauna-aria\/#primaryimage"},"datePublished":"2024-02-22T20:01:55+00:00","dateModified":"2026-04-02T16:10:28+00:00","description":"Voln\u011b stoj\u00edc\u00ed infrasauna pro 1 osobu v jednoduch\u00e9m designu z masivn\u00edho thermo smrkov\u00e9ho d\u0159eva o tlou\u0161\u0165ce 40 mm. Interi\u00e9r z thermo osiky a modern\u00ed, zdrav\u00ed prosp\u011b\u0161n\u00e9 technologie zaji\u0161\u0165uj\u00ed dlouhou \u017eivotnost a pohodln\u00e9 ovl\u00e1d\u00e1n\u00ed. Celoprosklen\u00e1 \u010deln\u00ed plocha a bezr\u00e1mov\u00e9 dve\u0159e s 8mm kalen\u00fdm sklem a d\u0159ev\u011bn\u00fdm madlem dod\u00e1vaj\u00ed saun\u011b pocit vzdu\u0161nosti a otev\u0159enosti. D\u00edky kompaktn\u00edm rozm\u011br\u016fm se hod\u00ed i do men\u0161\u00edch byt\u016f a dom\u016f. &nbsp; THERMOWOOD Oproti klasick\u00e9 smrkov\u00e9 saun\u011b je zde velk\u00e1 v\u00fdhoda opracov\u00e1n\u00ed seversk\u00e9ho smrku metodou ThermoWood\u00ae. Tento materi\u00e1l p\u0159i s\u00edle 40 mm spolu s precizn\u00edm \u0159emesln\u00fdm zpracov\u00e1n\u00edm zajist\u00ed velice dlouhou \u017eivotnost v\u00fdrobku, nadstandartn\u00ed kvalitu a v\u00fdbornou izolaci. Sauna z thermowood je v\u00fdborn\u00e1 investice a stoj\u00ed to za p\u0159\u00edplatek. &nbsp; M\u00e1m z\u00e1jem o tento produkt &nbsp; Zde si zvolte povrchovou \u00fapravu: &nbsp;","breadcrumb":{"@id":"https:\/\/anderskafka.cz\/eshop\/produkt\/vms-timber-interierova-infrasauna-aria\/#breadcrumb"},"inLanguage":"cs","potentialAction":[{"@type":"ReadAction","target":["https:\/\/anderskafka.cz\/eshop\/produkt\/vms-timber-interierova-infrasauna-aria\/"]}]},{"@type":"BreadcrumbList","@id":"https:\/\/anderskafka.cz\/eshop\/produkt\/vms-timber-interierova-infrasauna-aria\/#breadcrumb","itemListElement":[{"@type":"ListItem","position":1,"name":"Obchod","item":"https:\/\/anderskafka.cz\/eshop\/obchod\/"},{"@type":"ListItem","position":2,"name":"Interi\u00e9rov\u00e1 infrasauna LAWA z thermowoodu \u2013 v\u010detn\u011b dopravy ve smontovan\u00e9m stavu"}]}]}},"locations":[],"_links":{"self":[{"href":"https:\/\/anderskafka.cz\/eshop\/wp-json\/wp\/v2\/product\/6820"}],"collection":[{"href":"https:\/\/anderskafka.cz\/eshop\/wp-json\/wp\/v2\/product"}],"about":[{"href":"https:\/\/anderskafka.cz\/eshop\/wp-json\/wp\/v2\/types\/product"}],"replies":[{"embeddable":true,"href":"https:\/\/anderskafka.cz\/eshop\/wp-json\/wp\/v2\/comments?post=6820"}],"wp:featuredmedia":[{"embeddable":true,"href":"https:\/\/anderskafka.cz\/eshop\/wp-json\/wp\/v2\/media\/6821"}],"wp:attachment":[{"href":"https:\/\/anderskafka.cz\/eshop\/wp-json\/wp\/v2\/media?parent=6820"}],"wp:term":[{"taxonomy":"location","embeddable":true,"href":"https:\/\/anderskafka.cz\/eshop\/wp-json\/wp\/v2\/location?post=6820"},{"taxonomy":"product_cat","embeddable":true,"href":"https:\/\/anderskafka.cz\/eshop\/wp-json\/wp\/v2\/product_cat?post=6820"},{"taxonomy":"product_tag","embeddable":true,"href":"https:\/\/anderskafka.cz\/eshop\/wp-json\/wp\/v2\/product_tag?post=6820"}],"curies":[{"name":"wp","href":"https:\/\/api.w.org\/{rel}","templated":true}]}}