{"id":6870,"date":"2024-02-25T20:45:51","date_gmt":"2024-02-25T19:45:51","guid":{"rendered":"https:\/\/anderskafka.cz\/eshop\/?post_type=product&#038;p=6870"},"modified":"2026-04-02T15:45:54","modified_gmt":"2026-04-02T13:45:54","slug":"sentiotec-wave-podhlavnik-do-sauny-z-cedru","status":"publish","type":"product","link":"https:\/\/anderskafka.cz\/eshop\/produkt\/sentiotec-wave-podhlavnik-do-sauny-z-cedru\/","title":{"rendered":"SAWO wave \u2013 podhlavn\u00edk do sauny z cedru"},"content":{"rendered":"<p>Podhlavn\u00edk navr\u017een\u00fd pro pohodlnou podp\u011bru hlavy v jednoduch\u00e9m designu vlny. Je navr\u017een tak, aby se V\u00e1m v saun\u011b pohodln\u011b le\u017eelo a mohli jste si naplno vychutnat chv\u00edli relaxace.<\/p>\n","protected":false},"excerpt":{"rendered":"<p>Podhlavn\u00edk navr\u017een\u00fd pro pohodlnou podp\u011bru hlavy v jednoduch\u00e9m designu vlny. Je navr\u017een tak, aby se V\u00e1m v saun\u011b pohodln\u011b le\u017eelo a mohli jste si naplno vychutnat chv\u00edli relaxace.<br \/>\n<img loading=\"lazy\" class=\"aligncenter wp-image-10063\" src=\"https:\/\/anderskafka.cz\/eshop\/wp-content\/uploads\/sites\/3\/2023\/03\/SAWO_logo_AndersKafka-1-300x193.webp\" alt=\"\" width=\"170\" height=\"110\" srcset=\"https:\/\/anderskafka.cz\/eshop\/wp-content\/uploads\/sites\/3\/2023\/03\/SAWO_logo_AndersKafka-1-300x193.webp 300w, https:\/\/anderskafka.cz\/eshop\/wp-content\/uploads\/sites\/3\/2023\/03\/SAWO_logo_AndersKafka-1-1024x660.webp 1024w, https:\/\/anderskafka.cz\/eshop\/wp-content\/uploads\/sites\/3\/2023\/03\/SAWO_logo_AndersKafka-1-768x495.webp 768w, https:\/\/anderskafka.cz\/eshop\/wp-content\/uploads\/sites\/3\/2023\/03\/SAWO_logo_AndersKafka-1-700x451.webp 700w, https:\/\/anderskafka.cz\/eshop\/wp-content\/uploads\/sites\/3\/2023\/03\/SAWO_logo_AndersKafka-1-64x41.webp 64w, https:\/\/anderskafka.cz\/eshop\/wp-content\/uploads\/sites\/3\/2023\/03\/SAWO_logo_AndersKafka-1.webp 1500w\" sizes=\"(max-width: 170px) 100vw, 170px\" \/><\/p>\n","protected":false},"featured_media":6868,"comment_status":"open","ping_status":"closed","template":"","meta":{"site-sidebar-layout":"default","site-content-layout":"default","ast-main-header-display":"","ast-hfb-above-header-display":"","ast-hfb-below-header-display":"","ast-hfb-mobile-header-display":"","site-post-title":"","ast-breadcrumbs-content":"","ast-featured-img":"","footer-sml-layout":"","theme-transparent-header-meta":"","adv-header-id-meta":"","stick-header-meta":"","header-above-stick-meta":"","header-main-stick-meta":"","header-below-stick-meta":""},"location":[],"product_cat":[105],"product_tag":[1091],"yoast_head":"<!-- This site is optimized with the Yoast SEO plugin v18.5.1 - https:\/\/yoast.com\/wordpress\/plugins\/seo\/ -->\n<title>SAWO wave \u2013 podhlavn\u00edk do sauny z cedru - Anders &amp; Kafka E-SHOP<\/title>\n<meta name=\"description\" content=\"Podhlavn\u00edk navr\u017een\u00fd pro pohodlnou podp\u011bru hlavy v jednoduch\u00e9m designu vlny. Je navr\u017een tak, aby se V\u00e1m v saun\u011b pohodln\u011b le\u017eelo a mohli jste si naplno vychutnat chv\u00edli relaxace.\" \/>\n<meta name=\"robots\" content=\"index, follow, max-snippet:-1, max-image-preview:large, max-video-preview:-1\" \/>\n<link rel=\"canonical\" href=\"https:\/\/anderskafka.cz\/eshop\/produkt\/sentiotec-wave-podhlavnik-do-sauny-z-cedru\/\" \/>\n<meta property=\"og:locale\" content=\"cs_CZ\" \/>\n<meta property=\"og:type\" content=\"article\" \/>\n<meta property=\"og:title\" content=\"SAWO wave \u2013 podhlavn\u00edk do sauny z cedru - Anders &amp; Kafka E-SHOP\" \/>\n<meta property=\"og:description\" content=\"Podhlavn\u00edk navr\u017een\u00fd pro pohodlnou podp\u011bru hlavy v jednoduch\u00e9m designu vlny. Je navr\u017een tak, aby se V\u00e1m v saun\u011b pohodln\u011b le\u017eelo a mohli jste si naplno vychutnat chv\u00edli relaxace.\" \/>\n<meta property=\"og:url\" content=\"https:\/\/anderskafka.cz\/eshop\/produkt\/sentiotec-wave-podhlavnik-do-sauny-z-cedru\/\" \/>\n<meta property=\"og:site_name\" content=\"Anders &amp; Kafka E-SHOP\" \/>\n<meta property=\"article:modified_time\" content=\"2026-04-02T13:45:54+00:00\" \/>\n<meta property=\"og:image\" content=\"https:\/\/anderskafka.cz\/eshop\/wp-content\/uploads\/sites\/3\/2024\/02\/3795-2.png\" \/>\n\t<meta property=\"og:image:width\" content=\"615\" \/>\n\t<meta property=\"og:image:height\" content=\"617\" \/>\n\t<meta property=\"og:image:type\" content=\"image\/png\" \/>\n<meta name=\"twitter:card\" content=\"summary_large_image\" \/>\n<meta name=\"twitter:label1\" content=\"Odhadovan\u00e1 doba \u010dten\u00ed\" \/>\n\t<meta name=\"twitter:data1\" content=\"1 minuta\" \/>\n<script type=\"application\/ld+json\" class=\"yoast-schema-graph\">{\"@context\":\"https:\/\/schema.org\",\"@graph\":[{\"@type\":\"WebSite\",\"@id\":\"https:\/\/anderskafka.cz\/eshop\/#website\",\"url\":\"https:\/\/anderskafka.cz\/eshop\/\",\"name\":\"Anders &amp; Kafka E-SHOP\",\"description\":\"Anders &amp; Kafka E-SHOP\",\"potentialAction\":[{\"@type\":\"SearchAction\",\"target\":{\"@type\":\"EntryPoint\",\"urlTemplate\":\"https:\/\/anderskafka.cz\/eshop\/?s={search_term_string}\"},\"query-input\":\"required name=search_term_string\"}],\"inLanguage\":\"cs\"},{\"@type\":\"ImageObject\",\"@id\":\"https:\/\/anderskafka.cz\/eshop\/produkt\/sentiotec-wave-podhlavnik-do-sauny-z-cedru\/#primaryimage\",\"inLanguage\":\"cs\",\"url\":\"https:\/\/anderskafka.cz\/eshop\/wp-content\/uploads\/sites\/3\/2024\/02\/3795-2.png\",\"contentUrl\":\"https:\/\/anderskafka.cz\/eshop\/wp-content\/uploads\/sites\/3\/2024\/02\/3795-2.png\",\"width\":615,\"height\":617},{\"@type\":\"WebPage\",\"@id\":\"https:\/\/anderskafka.cz\/eshop\/produkt\/sentiotec-wave-podhlavnik-do-sauny-z-cedru\/#webpage\",\"url\":\"https:\/\/anderskafka.cz\/eshop\/produkt\/sentiotec-wave-podhlavnik-do-sauny-z-cedru\/\",\"name\":\"SAWO wave \u2013 podhlavn\u00edk do sauny z cedru - Anders &amp; Kafka E-SHOP\",\"isPartOf\":{\"@id\":\"https:\/\/anderskafka.cz\/eshop\/#website\"},\"primaryImageOfPage\":{\"@id\":\"https:\/\/anderskafka.cz\/eshop\/produkt\/sentiotec-wave-podhlavnik-do-sauny-z-cedru\/#primaryimage\"},\"datePublished\":\"2024-02-25T19:45:51+00:00\",\"dateModified\":\"2026-04-02T13:45:54+00:00\",\"description\":\"Podhlavn\u00edk navr\u017een\u00fd pro pohodlnou podp\u011bru hlavy v jednoduch\u00e9m designu vlny. Je navr\u017een tak, aby se V\u00e1m v saun\u011b pohodln\u011b le\u017eelo a mohli jste si naplno vychutnat chv\u00edli relaxace.\",\"breadcrumb\":{\"@id\":\"https:\/\/anderskafka.cz\/eshop\/produkt\/sentiotec-wave-podhlavnik-do-sauny-z-cedru\/#breadcrumb\"},\"inLanguage\":\"cs\",\"potentialAction\":[{\"@type\":\"ReadAction\",\"target\":[\"https:\/\/anderskafka.cz\/eshop\/produkt\/sentiotec-wave-podhlavnik-do-sauny-z-cedru\/\"]}]},{\"@type\":\"BreadcrumbList\",\"@id\":\"https:\/\/anderskafka.cz\/eshop\/produkt\/sentiotec-wave-podhlavnik-do-sauny-z-cedru\/#breadcrumb\",\"itemListElement\":[{\"@type\":\"ListItem\",\"position\":1,\"name\":\"Obchod\",\"item\":\"https:\/\/anderskafka.cz\/eshop\/obchod\/\"},{\"@type\":\"ListItem\",\"position\":2,\"name\":\"SAWO wave \u2013 podhlavn\u00edk do sauny z cedru\"}]}]}<\/script>\n<!-- \/ Yoast SEO plugin. -->","yoast_head_json":{"title":"SAWO wave \u2013 podhlavn\u00edk do sauny z cedru - Anders &amp; Kafka E-SHOP","description":"Podhlavn\u00edk navr\u017een\u00fd pro pohodlnou podp\u011bru hlavy v jednoduch\u00e9m designu vlny. Je navr\u017een tak, aby se V\u00e1m v saun\u011b pohodln\u011b le\u017eelo a mohli jste si naplno vychutnat chv\u00edli relaxace.","robots":{"index":"index","follow":"follow","max-snippet":"max-snippet:-1","max-image-preview":"max-image-preview:large","max-video-preview":"max-video-preview:-1"},"canonical":"https:\/\/anderskafka.cz\/eshop\/produkt\/sentiotec-wave-podhlavnik-do-sauny-z-cedru\/","og_locale":"cs_CZ","og_type":"article","og_title":"SAWO wave \u2013 podhlavn\u00edk do sauny z cedru - Anders &amp; Kafka E-SHOP","og_description":"Podhlavn\u00edk navr\u017een\u00fd pro pohodlnou podp\u011bru hlavy v jednoduch\u00e9m designu vlny. Je navr\u017een tak, aby se V\u00e1m v saun\u011b pohodln\u011b le\u017eelo a mohli jste si naplno vychutnat chv\u00edli relaxace.","og_url":"https:\/\/anderskafka.cz\/eshop\/produkt\/sentiotec-wave-podhlavnik-do-sauny-z-cedru\/","og_site_name":"Anders &amp; Kafka E-SHOP","article_modified_time":"2026-04-02T13:45:54+00:00","og_image":[{"width":615,"height":617,"url":"https:\/\/anderskafka.cz\/eshop\/wp-content\/uploads\/sites\/3\/2024\/02\/3795-2.png","type":"image\/png"}],"twitter_card":"summary_large_image","twitter_misc":{"Odhadovan\u00e1 doba \u010dten\u00ed":"1 minuta"},"schema":{"@context":"https:\/\/schema.org","@graph":[{"@type":"WebSite","@id":"https:\/\/anderskafka.cz\/eshop\/#website","url":"https:\/\/anderskafka.cz\/eshop\/","name":"Anders &amp; Kafka E-SHOP","description":"Anders &amp; Kafka E-SHOP","potentialAction":[{"@type":"SearchAction","target":{"@type":"EntryPoint","urlTemplate":"https:\/\/anderskafka.cz\/eshop\/?s={search_term_string}"},"query-input":"required name=search_term_string"}],"inLanguage":"cs"},{"@type":"ImageObject","@id":"https:\/\/anderskafka.cz\/eshop\/produkt\/sentiotec-wave-podhlavnik-do-sauny-z-cedru\/#primaryimage","inLanguage":"cs","url":"https:\/\/anderskafka.cz\/eshop\/wp-content\/uploads\/sites\/3\/2024\/02\/3795-2.png","contentUrl":"https:\/\/anderskafka.cz\/eshop\/wp-content\/uploads\/sites\/3\/2024\/02\/3795-2.png","width":615,"height":617},{"@type":"WebPage","@id":"https:\/\/anderskafka.cz\/eshop\/produkt\/sentiotec-wave-podhlavnik-do-sauny-z-cedru\/#webpage","url":"https:\/\/anderskafka.cz\/eshop\/produkt\/sentiotec-wave-podhlavnik-do-sauny-z-cedru\/","name":"SAWO wave \u2013 podhlavn\u00edk do sauny z cedru - Anders &amp; Kafka E-SHOP","isPartOf":{"@id":"https:\/\/anderskafka.cz\/eshop\/#website"},"primaryImageOfPage":{"@id":"https:\/\/anderskafka.cz\/eshop\/produkt\/sentiotec-wave-podhlavnik-do-sauny-z-cedru\/#primaryimage"},"datePublished":"2024-02-25T19:45:51+00:00","dateModified":"2026-04-02T13:45:54+00:00","description":"Podhlavn\u00edk navr\u017een\u00fd pro pohodlnou podp\u011bru hlavy v jednoduch\u00e9m designu vlny. Je navr\u017een tak, aby se V\u00e1m v saun\u011b pohodln\u011b le\u017eelo a mohli jste si naplno vychutnat chv\u00edli relaxace.","breadcrumb":{"@id":"https:\/\/anderskafka.cz\/eshop\/produkt\/sentiotec-wave-podhlavnik-do-sauny-z-cedru\/#breadcrumb"},"inLanguage":"cs","potentialAction":[{"@type":"ReadAction","target":["https:\/\/anderskafka.cz\/eshop\/produkt\/sentiotec-wave-podhlavnik-do-sauny-z-cedru\/"]}]},{"@type":"BreadcrumbList","@id":"https:\/\/anderskafka.cz\/eshop\/produkt\/sentiotec-wave-podhlavnik-do-sauny-z-cedru\/#breadcrumb","itemListElement":[{"@type":"ListItem","position":1,"name":"Obchod","item":"https:\/\/anderskafka.cz\/eshop\/obchod\/"},{"@type":"ListItem","position":2,"name":"SAWO wave \u2013 podhlavn\u00edk do sauny z cedru"}]}]}},"locations":[],"_links":{"self":[{"href":"https:\/\/anderskafka.cz\/eshop\/wp-json\/wp\/v2\/product\/6870"}],"collection":[{"href":"https:\/\/anderskafka.cz\/eshop\/wp-json\/wp\/v2\/product"}],"about":[{"href":"https:\/\/anderskafka.cz\/eshop\/wp-json\/wp\/v2\/types\/product"}],"replies":[{"embeddable":true,"href":"https:\/\/anderskafka.cz\/eshop\/wp-json\/wp\/v2\/comments?post=6870"}],"wp:featuredmedia":[{"embeddable":true,"href":"https:\/\/anderskafka.cz\/eshop\/wp-json\/wp\/v2\/media\/6868"}],"wp:attachment":[{"href":"https:\/\/anderskafka.cz\/eshop\/wp-json\/wp\/v2\/media?parent=6870"}],"wp:term":[{"taxonomy":"location","embeddable":true,"href":"https:\/\/anderskafka.cz\/eshop\/wp-json\/wp\/v2\/location?post=6870"},{"taxonomy":"product_cat","embeddable":true,"href":"https:\/\/anderskafka.cz\/eshop\/wp-json\/wp\/v2\/product_cat?post=6870"},{"taxonomy":"product_tag","embeddable":true,"href":"https:\/\/anderskafka.cz\/eshop\/wp-json\/wp\/v2\/product_tag?post=6870"}],"curies":[{"name":"wp","href":"https:\/\/api.w.org\/{rel}","templated":true}]}}