{"id":6913,"date":"2024-02-29T18:20:10","date_gmt":"2024-02-29T17:20:10","guid":{"rendered":"https:\/\/anderskafka.cz\/eshop\/?post_type=product&#038;p=6913"},"modified":"2026-01-27T16:48:39","modified_gmt":"2026-01-27T15:48:39","slug":"tfa-elegantni-stanice-pro-mereni-klimatu-v-saune","status":"publish","type":"product","link":"https:\/\/anderskafka.cz\/eshop\/produkt\/tfa-elegantni-stanice-pro-mereni-klimatu-v-saune\/","title":{"rendered":"TFA elegantn\u00ed stanice pro m\u011b\u0159en\u00ed klimatu v saun\u011b"},"content":{"rendered":"<p>Stanice modern\u00edho vzhledu pro m\u011b\u0159en\u00ed teploty a vhlkosti v saun\u011b. Kruhov\u00fd cifern\u00edk pr\u016fm\u011bru 132 mm . Teplom\u011br a vlhkom\u011br s rozsahem m\u011b\u0159en\u00ed 20 &#8211; 120 \u00b0C \/ 0 &#8211; 100 % rel. vlhkosti vzduchu. Na zadn\u00ed stran\u011b je z\u00e1v\u011bs na ze\u010f. Stanici um\u00edst\u011bte cca 25 cm pod strop sauny, v \u017e\u00e1dn\u00e9m p\u0159\u00edpad\u011b ne nad saunov\u00e9 topidlo nebo p\u0159\u00edmo vedle topidla.<\/p>\n<p>&nbsp;<\/p>\n<p>Saunov\u00e1n\u00ed V\u00e1s udr\u017euje v kondici a p\u0159isp\u00edv\u00e1 Va\u0161emu zdrav\u00ed, je v\u0161ak nutn\u00e9, aby se teplota a vlhkost pohybovaly ve spr\u00e1vn\u00e9m rozmez\u00ed. Pro zaji\u0161t\u011bn\u00ed a udr\u017een\u00ed ide\u00e1ln\u00edch podm\u00ednek v saun\u011b je pot\u0159eba pou\u017e\u00edvat kvalitn\u00ed m\u011b\u0159\u00edc\u00ed za\u0159\u00edzen\u00ed.<\/p>\n<p>D\u00edky speci\u00e1ln\u00edmu testov\u00e1n\u00ed a pou\u017eit\u00ed tepeln\u011b odolny\u0301ch materi\u00e1l\u016f je tento produkt vyroben tak, aby V\u00e1m pomohl hodnoty v saun\u011b spolehliv\u011b kontrolovat.<\/p>\n<p>Mechanick\u00e9 bimetalov\u00e9 teplom\u011bry se pou\u017e\u00edvaj\u00ed pro m\u011b\u0159en\u00ed teploty, proto\u017ee jsou schopn\u00e9 zaznamenat rychle se m\u011bn\u00edc\u00ed teploty v saun\u011b. Pou\u017eit\u00ed rtu\u0165ovy\u0301ch \u010di lihovy\u0301ch teplom\u011br\u016f v saun\u00e1ch se nedoporu\u010duje kv\u016fli jejich konstrukci a nebezpe\u010d\u00ed jejich rozbit\u00ed.<\/p>\n<p>Relativn\u00ed vlhkost vzduchu je m\u011b\u0159ena vlhkom\u011brem se synteticky\u0301m vl\u00e1knem, ktery\u0301 je vyroben speci\u00e1ln\u011b pro sauny.<\/p>\n<p>Aby za\u0159\u00edzen\u00ed spr\u00e1vn\u011b fungovalo:<\/p>\n<p>\u2022 Teplom\u011bry a vlhkom\u011bry jsou nastaveny z vy\u0301roby. Pokud pot\u0159ebujete p\u0159esnost m\u011b\u0159idla p\u0159ezkou\u0161et, polo\u017ete ho na 30 minut vedle referen\u010dn\u00edho m\u011b\u0159idla a porovnejte hodnotu. P\u0159\u00edpadn\u00e9 odchylky lze upravit na zadn\u00ed stran\u011b oto\u010den\u00edm nastavovac\u00edho \u0161roubku maly\u0301m \u0161roubov\u00e1kem.<\/p>\n<p>\u2022 Ka\u017edy\u0301 vlhkom\u011br je t\u0159eba pravideln\u011b regenerovat. Zabalte ho na 20 minut do mokr\u00e9ho ru\u010dn\u00edku. Po uplynut\u00ed t\u00e9to doby by m\u011bl vlhkom\u011br ukazovat 90-99% vlhkosti prost\u0159ed\u00ed. Pokud tomu tak nen\u00ed, nastavte vlhkom\u011br pomoc\u00ed \u0161roubku v otvoru na zadn\u00ed stran\u011b (95%)<\/p>\n","protected":false},"excerpt":{"rendered":"<p>Stanice modern\u00edho vzhledu pro m\u011b\u0159en\u00ed teploty a vhlkosti v saun\u011b. Kruhov\u00fd cifern\u00edk pr\u016fm\u011bru 132 mm \u00a0a hloubky 33 mm.<\/p>\n<p>N\u011bmeck\u00e1 spole\u010dnost TFA \u00a0je specialistou na v\u00fdrobu m\u011b\u0159\u00edc\u00ed techniky \u00a0s mnohalet\u00fdmi zku\u0161enostmi a know-how s v\u00fdrobou saunov\u00fdch m\u011b\u0159idel.<img loading=\"lazy\" class=\"size-full wp-image-1496 aligncenter\" src=\"https:\/\/anderskafka.cz\/eshop\/wp-content\/uploads\/sites\/3\/2022\/12\/made-in-germany-label-icon-of-german-flag-map-vector-22965302.jpg\" alt=\"\" width=\"250\" height=\"250\" srcset=\"https:\/\/anderskafka.cz\/eshop\/wp-content\/uploads\/sites\/3\/2022\/12\/made-in-germany-label-icon-of-german-flag-map-vector-22965302.jpg 250w, https:\/\/anderskafka.cz\/eshop\/wp-content\/uploads\/sites\/3\/2022\/12\/made-in-germany-label-icon-of-german-flag-map-vector-22965302-150x150.jpg 150w, https:\/\/anderskafka.cz\/eshop\/wp-content\/uploads\/sites\/3\/2022\/12\/made-in-germany-label-icon-of-german-flag-map-vector-22965302-100x100.jpg 100w, https:\/\/anderskafka.cz\/eshop\/wp-content\/uploads\/sites\/3\/2022\/12\/made-in-germany-label-icon-of-german-flag-map-vector-22965302-64x64.jpg 64w\" sizes=\"(max-width: 250px) 100vw, 250px\" \/><\/p>\n<p>&nbsp;<\/p>\n","protected":false},"featured_media":6915,"comment_status":"open","ping_status":"closed","template":"","meta":{"site-sidebar-layout":"default","site-content-layout":"default","ast-main-header-display":"","ast-hfb-above-header-display":"","ast-hfb-below-header-display":"","ast-hfb-mobile-header-display":"","site-post-title":"","ast-breadcrumbs-content":"","ast-featured-img":"","footer-sml-layout":"","theme-transparent-header-meta":"","adv-header-id-meta":"","stick-header-meta":"","header-above-stick-meta":"","header-main-stick-meta":"","header-below-stick-meta":""},"location":[],"product_cat":[442],"product_tag":[1320],"yoast_head":"<!-- This site is optimized with the Yoast SEO plugin v18.5.1 - https:\/\/yoast.com\/wordpress\/plugins\/seo\/ -->\n<title>TFA elegantn\u00ed stanice pro m\u011b\u0159en\u00ed klimatu v saun\u011b - Anders &amp; Kafka E-SHOP<\/title>\n<meta name=\"description\" content=\"Stanice modern\u00edho vzhledu pro m\u011b\u0159en\u00ed teploty a vhlkosti v saun\u011b. Kruhov\u00fd cifern\u00edk pr\u016fm\u011bru 132 mm \u00a0a hloubky 33 mm.  N\u011bmeck\u00e1 spole\u010dnost TFA \u00a0je specialistou na v\u00fdrobu m\u011b\u0159\u00edc\u00ed techniky \u00a0s mnohalet\u00fdmi zku\u0161enostmi a know-how s v\u00fdrobou saunov\u00fdch m\u011b\u0159idel.  &nbsp;\" \/>\n<meta name=\"robots\" content=\"index, follow, max-snippet:-1, max-image-preview:large, max-video-preview:-1\" \/>\n<link rel=\"canonical\" href=\"https:\/\/anderskafka.cz\/eshop\/produkt\/tfa-elegantni-stanice-pro-mereni-klimatu-v-saune\/\" \/>\n<meta property=\"og:locale\" content=\"cs_CZ\" \/>\n<meta property=\"og:type\" content=\"article\" \/>\n<meta property=\"og:title\" content=\"TFA elegantn\u00ed stanice pro m\u011b\u0159en\u00ed klimatu v saun\u011b - Anders &amp; Kafka E-SHOP\" \/>\n<meta property=\"og:description\" content=\"Stanice modern\u00edho vzhledu pro m\u011b\u0159en\u00ed teploty a vhlkosti v saun\u011b. Kruhov\u00fd cifern\u00edk pr\u016fm\u011bru 132 mm \u00a0a hloubky 33 mm.  N\u011bmeck\u00e1 spole\u010dnost TFA \u00a0je specialistou na v\u00fdrobu m\u011b\u0159\u00edc\u00ed techniky \u00a0s mnohalet\u00fdmi zku\u0161enostmi a know-how s v\u00fdrobou saunov\u00fdch m\u011b\u0159idel.  &nbsp;\" \/>\n<meta property=\"og:url\" content=\"https:\/\/anderskafka.cz\/eshop\/produkt\/tfa-elegantni-stanice-pro-mereni-klimatu-v-saune\/\" \/>\n<meta property=\"og:site_name\" content=\"Anders &amp; Kafka E-SHOP\" \/>\n<meta property=\"article:modified_time\" content=\"2026-01-27T15:48:39+00:00\" \/>\n<meta property=\"og:image\" content=\"https:\/\/anderskafka.cz\/eshop\/wp-content\/uploads\/sites\/3\/2024\/02\/TFA-40.1032-Kombinace-teplomer-vlhkomer-do-sauny-_5412.jpg\" \/>\n\t<meta property=\"og:image:width\" content=\"1500\" \/>\n\t<meta property=\"og:image:height\" content=\"1500\" \/>\n\t<meta property=\"og:image:type\" content=\"image\/jpeg\" \/>\n<meta name=\"twitter:card\" content=\"summary_large_image\" \/>\n<meta name=\"twitter:label1\" content=\"Odhadovan\u00e1 doba \u010dten\u00ed\" \/>\n\t<meta name=\"twitter:data1\" content=\"2 minuty\" \/>\n<script type=\"application\/ld+json\" class=\"yoast-schema-graph\">{\"@context\":\"https:\/\/schema.org\",\"@graph\":[{\"@type\":\"WebSite\",\"@id\":\"https:\/\/anderskafka.cz\/eshop\/#website\",\"url\":\"https:\/\/anderskafka.cz\/eshop\/\",\"name\":\"Anders &amp; Kafka E-SHOP\",\"description\":\"Anders &amp; Kafka E-SHOP\",\"potentialAction\":[{\"@type\":\"SearchAction\",\"target\":{\"@type\":\"EntryPoint\",\"urlTemplate\":\"https:\/\/anderskafka.cz\/eshop\/?s={search_term_string}\"},\"query-input\":\"required name=search_term_string\"}],\"inLanguage\":\"cs\"},{\"@type\":\"ImageObject\",\"@id\":\"https:\/\/anderskafka.cz\/eshop\/produkt\/tfa-elegantni-stanice-pro-mereni-klimatu-v-saune\/#primaryimage\",\"inLanguage\":\"cs\",\"url\":\"https:\/\/anderskafka.cz\/eshop\/wp-content\/uploads\/sites\/3\/2024\/02\/TFA-40.1032-Kombinace-teplomer-vlhkomer-do-sauny-_5412.jpg\",\"contentUrl\":\"https:\/\/anderskafka.cz\/eshop\/wp-content\/uploads\/sites\/3\/2024\/02\/TFA-40.1032-Kombinace-teplomer-vlhkomer-do-sauny-_5412.jpg\",\"width\":1500,\"height\":1500},{\"@type\":\"WebPage\",\"@id\":\"https:\/\/anderskafka.cz\/eshop\/produkt\/tfa-elegantni-stanice-pro-mereni-klimatu-v-saune\/#webpage\",\"url\":\"https:\/\/anderskafka.cz\/eshop\/produkt\/tfa-elegantni-stanice-pro-mereni-klimatu-v-saune\/\",\"name\":\"TFA elegantn\u00ed stanice pro m\u011b\u0159en\u00ed klimatu v saun\u011b - Anders &amp; Kafka E-SHOP\",\"isPartOf\":{\"@id\":\"https:\/\/anderskafka.cz\/eshop\/#website\"},\"primaryImageOfPage\":{\"@id\":\"https:\/\/anderskafka.cz\/eshop\/produkt\/tfa-elegantni-stanice-pro-mereni-klimatu-v-saune\/#primaryimage\"},\"datePublished\":\"2024-02-29T17:20:10+00:00\",\"dateModified\":\"2026-01-27T15:48:39+00:00\",\"description\":\"Stanice modern\u00edho vzhledu pro m\u011b\u0159en\u00ed teploty a vhlkosti v saun\u011b. Kruhov\u00fd cifern\u00edk pr\u016fm\u011bru 132 mm \u00a0a hloubky 33 mm. N\u011bmeck\u00e1 spole\u010dnost TFA \u00a0je specialistou na v\u00fdrobu m\u011b\u0159\u00edc\u00ed techniky \u00a0s mnohalet\u00fdmi zku\u0161enostmi a know-how s v\u00fdrobou saunov\u00fdch m\u011b\u0159idel. &nbsp;\",\"breadcrumb\":{\"@id\":\"https:\/\/anderskafka.cz\/eshop\/produkt\/tfa-elegantni-stanice-pro-mereni-klimatu-v-saune\/#breadcrumb\"},\"inLanguage\":\"cs\",\"potentialAction\":[{\"@type\":\"ReadAction\",\"target\":[\"https:\/\/anderskafka.cz\/eshop\/produkt\/tfa-elegantni-stanice-pro-mereni-klimatu-v-saune\/\"]}]},{\"@type\":\"BreadcrumbList\",\"@id\":\"https:\/\/anderskafka.cz\/eshop\/produkt\/tfa-elegantni-stanice-pro-mereni-klimatu-v-saune\/#breadcrumb\",\"itemListElement\":[{\"@type\":\"ListItem\",\"position\":1,\"name\":\"Obchod\",\"item\":\"https:\/\/anderskafka.cz\/eshop\/obchod\/\"},{\"@type\":\"ListItem\",\"position\":2,\"name\":\"TFA elegantn\u00ed stanice pro m\u011b\u0159en\u00ed klimatu v saun\u011b\"}]}]}<\/script>\n<!-- \/ Yoast SEO plugin. -->","yoast_head_json":{"title":"TFA elegantn\u00ed stanice pro m\u011b\u0159en\u00ed klimatu v saun\u011b - Anders &amp; Kafka E-SHOP","description":"Stanice modern\u00edho vzhledu pro m\u011b\u0159en\u00ed teploty a vhlkosti v saun\u011b. Kruhov\u00fd cifern\u00edk pr\u016fm\u011bru 132 mm \u00a0a hloubky 33 mm.  N\u011bmeck\u00e1 spole\u010dnost TFA \u00a0je specialistou na v\u00fdrobu m\u011b\u0159\u00edc\u00ed techniky \u00a0s mnohalet\u00fdmi zku\u0161enostmi a know-how s v\u00fdrobou saunov\u00fdch m\u011b\u0159idel.  &nbsp;","robots":{"index":"index","follow":"follow","max-snippet":"max-snippet:-1","max-image-preview":"max-image-preview:large","max-video-preview":"max-video-preview:-1"},"canonical":"https:\/\/anderskafka.cz\/eshop\/produkt\/tfa-elegantni-stanice-pro-mereni-klimatu-v-saune\/","og_locale":"cs_CZ","og_type":"article","og_title":"TFA elegantn\u00ed stanice pro m\u011b\u0159en\u00ed klimatu v saun\u011b - Anders &amp; Kafka E-SHOP","og_description":"Stanice modern\u00edho vzhledu pro m\u011b\u0159en\u00ed teploty a vhlkosti v saun\u011b. Kruhov\u00fd cifern\u00edk pr\u016fm\u011bru 132 mm \u00a0a hloubky 33 mm.  N\u011bmeck\u00e1 spole\u010dnost TFA \u00a0je specialistou na v\u00fdrobu m\u011b\u0159\u00edc\u00ed techniky \u00a0s mnohalet\u00fdmi zku\u0161enostmi a know-how s v\u00fdrobou saunov\u00fdch m\u011b\u0159idel.  &nbsp;","og_url":"https:\/\/anderskafka.cz\/eshop\/produkt\/tfa-elegantni-stanice-pro-mereni-klimatu-v-saune\/","og_site_name":"Anders &amp; Kafka E-SHOP","article_modified_time":"2026-01-27T15:48:39+00:00","og_image":[{"width":1500,"height":1500,"url":"https:\/\/anderskafka.cz\/eshop\/wp-content\/uploads\/sites\/3\/2024\/02\/TFA-40.1032-Kombinace-teplomer-vlhkomer-do-sauny-_5412.jpg","type":"image\/jpeg"}],"twitter_card":"summary_large_image","twitter_misc":{"Odhadovan\u00e1 doba \u010dten\u00ed":"2 minuty"},"schema":{"@context":"https:\/\/schema.org","@graph":[{"@type":"WebSite","@id":"https:\/\/anderskafka.cz\/eshop\/#website","url":"https:\/\/anderskafka.cz\/eshop\/","name":"Anders &amp; Kafka E-SHOP","description":"Anders &amp; Kafka E-SHOP","potentialAction":[{"@type":"SearchAction","target":{"@type":"EntryPoint","urlTemplate":"https:\/\/anderskafka.cz\/eshop\/?s={search_term_string}"},"query-input":"required name=search_term_string"}],"inLanguage":"cs"},{"@type":"ImageObject","@id":"https:\/\/anderskafka.cz\/eshop\/produkt\/tfa-elegantni-stanice-pro-mereni-klimatu-v-saune\/#primaryimage","inLanguage":"cs","url":"https:\/\/anderskafka.cz\/eshop\/wp-content\/uploads\/sites\/3\/2024\/02\/TFA-40.1032-Kombinace-teplomer-vlhkomer-do-sauny-_5412.jpg","contentUrl":"https:\/\/anderskafka.cz\/eshop\/wp-content\/uploads\/sites\/3\/2024\/02\/TFA-40.1032-Kombinace-teplomer-vlhkomer-do-sauny-_5412.jpg","width":1500,"height":1500},{"@type":"WebPage","@id":"https:\/\/anderskafka.cz\/eshop\/produkt\/tfa-elegantni-stanice-pro-mereni-klimatu-v-saune\/#webpage","url":"https:\/\/anderskafka.cz\/eshop\/produkt\/tfa-elegantni-stanice-pro-mereni-klimatu-v-saune\/","name":"TFA elegantn\u00ed stanice pro m\u011b\u0159en\u00ed klimatu v saun\u011b - Anders &amp; Kafka E-SHOP","isPartOf":{"@id":"https:\/\/anderskafka.cz\/eshop\/#website"},"primaryImageOfPage":{"@id":"https:\/\/anderskafka.cz\/eshop\/produkt\/tfa-elegantni-stanice-pro-mereni-klimatu-v-saune\/#primaryimage"},"datePublished":"2024-02-29T17:20:10+00:00","dateModified":"2026-01-27T15:48:39+00:00","description":"Stanice modern\u00edho vzhledu pro m\u011b\u0159en\u00ed teploty a vhlkosti v saun\u011b. Kruhov\u00fd cifern\u00edk pr\u016fm\u011bru 132 mm \u00a0a hloubky 33 mm. N\u011bmeck\u00e1 spole\u010dnost TFA \u00a0je specialistou na v\u00fdrobu m\u011b\u0159\u00edc\u00ed techniky \u00a0s mnohalet\u00fdmi zku\u0161enostmi a know-how s v\u00fdrobou saunov\u00fdch m\u011b\u0159idel. &nbsp;","breadcrumb":{"@id":"https:\/\/anderskafka.cz\/eshop\/produkt\/tfa-elegantni-stanice-pro-mereni-klimatu-v-saune\/#breadcrumb"},"inLanguage":"cs","potentialAction":[{"@type":"ReadAction","target":["https:\/\/anderskafka.cz\/eshop\/produkt\/tfa-elegantni-stanice-pro-mereni-klimatu-v-saune\/"]}]},{"@type":"BreadcrumbList","@id":"https:\/\/anderskafka.cz\/eshop\/produkt\/tfa-elegantni-stanice-pro-mereni-klimatu-v-saune\/#breadcrumb","itemListElement":[{"@type":"ListItem","position":1,"name":"Obchod","item":"https:\/\/anderskafka.cz\/eshop\/obchod\/"},{"@type":"ListItem","position":2,"name":"TFA elegantn\u00ed stanice pro m\u011b\u0159en\u00ed klimatu v saun\u011b"}]}]}},"locations":[],"_links":{"self":[{"href":"https:\/\/anderskafka.cz\/eshop\/wp-json\/wp\/v2\/product\/6913"}],"collection":[{"href":"https:\/\/anderskafka.cz\/eshop\/wp-json\/wp\/v2\/product"}],"about":[{"href":"https:\/\/anderskafka.cz\/eshop\/wp-json\/wp\/v2\/types\/product"}],"replies":[{"embeddable":true,"href":"https:\/\/anderskafka.cz\/eshop\/wp-json\/wp\/v2\/comments?post=6913"}],"wp:featuredmedia":[{"embeddable":true,"href":"https:\/\/anderskafka.cz\/eshop\/wp-json\/wp\/v2\/media\/6915"}],"wp:attachment":[{"href":"https:\/\/anderskafka.cz\/eshop\/wp-json\/wp\/v2\/media?parent=6913"}],"wp:term":[{"taxonomy":"location","embeddable":true,"href":"https:\/\/anderskafka.cz\/eshop\/wp-json\/wp\/v2\/location?post=6913"},{"taxonomy":"product_cat","embeddable":true,"href":"https:\/\/anderskafka.cz\/eshop\/wp-json\/wp\/v2\/product_cat?post=6913"},{"taxonomy":"product_tag","embeddable":true,"href":"https:\/\/anderskafka.cz\/eshop\/wp-json\/wp\/v2\/product_tag?post=6913"}],"curies":[{"name":"wp","href":"https:\/\/api.w.org\/{rel}","templated":true}]}}