{"id":6955,"date":"2024-03-06T11:51:35","date_gmt":"2024-03-06T10:51:35","guid":{"rendered":"https:\/\/anderskafka.cz\/eshop\/?post_type=product&#038;p=6955"},"modified":"2025-08-24T20:34:20","modified_gmt":"2025-08-24T18:34:20","slug":"doterra-deep-blue","status":"publish","type":"product","link":"https:\/\/anderskafka.cz\/eshop\/produkt\/doterra-deep-blue\/","title":{"rendered":"Esenci\u00e1ln\u00ed olej d\u014dTERRA\u2122 Deep Blue 5 ml"},"content":{"rendered":"<p>D\u014dTERRA\u2122 esenci\u00e1ln\u00ed olej Deep Blue &#8211; sm\u011bs pro \u00falevu. Tato sm\u011bs\u00a0esenci\u00e1ln\u00edch olej\u016f Deep Blue spojuje rostlinn\u00e9 extrakty a\u00a0esenci\u00e1ln\u00ed oleje zn\u00e1m\u00e9 svou schopnost\u00ed zklid\u0148ovat a\u00a0zchlazovat klouby a\u00a0svaly. Uvol\u0148uje z\u00e1da, nohy a\u00a0chodidla, d\u00edky \u010demu\u017e je ide\u00e1ln\u00ed sou\u010d\u00e1st\u00ed mas\u00e1\u017ee po sportov\u00e1n\u00ed. Po dlouh\u00e9m dni vmas\u00edrujte do oblasti p\u00e1te\u0159e. Po dlouh\u00fdch hodin\u00e1ch u\u00a0po\u010d\u00edta\u010de vet\u0159ete esenci\u00e1ln\u00ed olej Deep Blue do prst\u016f, z\u00e1p\u011bst\u00ed, ramen a\u00a0\u0161\u00edje. P\u0159i r\u016fstov\u00fdch bolestech namas\u00edrujte p\u00e1r kapkami nosn\u00e9ho oleje s kapkou Deep Blue d\u011btsk\u00e9 kon\u010detiny p\u0159ed span\u00edm.<\/p>\n<p>POU\u017dIT\u00cd<\/p>\n<p>P\u0159idejte p\u00e1r kapek do saunov\u00e9ho v\u011bdra s vodou a postupn\u011b nal\u00e9vejte na rozp\u00e1len\u00e9 saunov\u00e9 kameny.<br \/>\nInhalujte p\u0159\u00edmo z lahvi\u010dky. Nakapejte do vody v difuz\u00e9ru.<br \/>\nNa mas\u00e1\u017e i koupel sm\u00edchejte 1 &#8211; 3 kapky s nosn\u00fdm olejem.<\/p>\n<p>Citliv\u00e1 poko\u017eka m\u016f\u017ee reagovat podr\u00e1\u017ed\u011bn\u00edm. Uchov\u00e1vejte mimo dosah d\u011bt\u00ed.<\/p>\n<p>&nbsp;<\/p>\n<div>\n<p>Obsah t\u00e9to webov\u00e9 str\u00e1nky vych\u00e1z\u00ed z n\u00e1zor\u016f spole\u010dnosti doTERRA.<\/p>\n<\/div>\n","protected":false},"excerpt":{"rendered":"<p>D\u014dTERRA\u2122 esenci\u00e1ln\u00ed olej Deep Blue &#8211; sm\u011bs pro \u00falevu. Tato sm\u011bs\u00a0esenci\u00e1ln\u00edch olej\u016f Deep Blue spojuje rostlinn\u00e9 extrakty a\u00a0esenci\u00e1ln\u00ed oleje zn\u00e1m\u00e9 svou schopnost\u00ed zklid\u0148ovat a\u00a0zchlazovat klouby a\u00a0svaly. Emo\u010dn\u011b podporuje pos\u00edlen\u00ed, p\u0159ijet\u00ed, zklidn\u011bn\u00ed, vyrovn\u00e1n\u00ed a uzdraven\u00ed se.<\/p>\n<p>P\u0159idejte p\u00e1r kapek do saunov\u00e9ho v\u011bdra s vodou a postupn\u011b nal\u00e9vejte na rozp\u00e1len\u00e9 saunov\u00e9 kameny.<\/p>\n<p>&nbsp;<\/p>\n","protected":false},"featured_media":7056,"comment_status":"open","ping_status":"closed","template":"","meta":{"site-sidebar-layout":"default","site-content-layout":"default","ast-main-header-display":"","ast-hfb-above-header-display":"","ast-hfb-below-header-display":"","ast-hfb-mobile-header-display":"","site-post-title":"","ast-breadcrumbs-content":"","ast-featured-img":"","footer-sml-layout":"","theme-transparent-header-meta":"","adv-header-id-meta":"","stick-header-meta":"","header-above-stick-meta":"","header-main-stick-meta":"","header-below-stick-meta":""},"location":[],"product_cat":[959],"product_tag":[958],"yoast_head":"<!-- This site is optimized with the Yoast SEO plugin v18.5.1 - https:\/\/yoast.com\/wordpress\/plugins\/seo\/ -->\n<title>Esenci\u00e1ln\u00ed olej d\u014dTERRA\u2122 Deep Blue 5 ml - Anders &amp; Kafka E-SHOP<\/title>\n<meta name=\"description\" content=\"D\u014dTERRA\u2122 esenci\u00e1ln\u00ed olej Deep Blue - sm\u011bs pro \u00falevu. Tato sm\u011bs\u00a0esenci\u00e1ln\u00edch olej\u016f Deep Blue spojuje rostlinn\u00e9 extrakty a\u00a0esenci\u00e1ln\u00ed oleje zn\u00e1m\u00e9 svou schopnost\u00ed zklid\u0148ovat a\u00a0zchlazovat klouby a\u00a0svaly. Emo\u010dn\u011b podporuje pos\u00edlen\u00ed, p\u0159ijet\u00ed, zklidn\u011bn\u00ed, vyrovn\u00e1n\u00ed a uzdraven\u00ed se.  P\u0159idejte p\u00e1r kapek do saunov\u00e9ho v\u011bdra s vodou a postupn\u011b nal\u00e9vejte na rozp\u00e1len\u00e9 saunov\u00e9 kameny.  &nbsp;\" \/>\n<meta name=\"robots\" content=\"index, follow, max-snippet:-1, max-image-preview:large, max-video-preview:-1\" \/>\n<link rel=\"canonical\" href=\"https:\/\/anderskafka.cz\/eshop\/produkt\/doterra-deep-blue\/\" \/>\n<meta property=\"og:locale\" content=\"cs_CZ\" \/>\n<meta property=\"og:type\" content=\"article\" \/>\n<meta property=\"og:title\" content=\"Esenci\u00e1ln\u00ed olej d\u014dTERRA\u2122 Deep Blue 5 ml - Anders &amp; Kafka E-SHOP\" \/>\n<meta property=\"og:description\" content=\"D\u014dTERRA\u2122 esenci\u00e1ln\u00ed olej Deep Blue - sm\u011bs pro \u00falevu. Tato sm\u011bs\u00a0esenci\u00e1ln\u00edch olej\u016f Deep Blue spojuje rostlinn\u00e9 extrakty a\u00a0esenci\u00e1ln\u00ed oleje zn\u00e1m\u00e9 svou schopnost\u00ed zklid\u0148ovat a\u00a0zchlazovat klouby a\u00a0svaly. Emo\u010dn\u011b podporuje pos\u00edlen\u00ed, p\u0159ijet\u00ed, zklidn\u011bn\u00ed, vyrovn\u00e1n\u00ed a uzdraven\u00ed se.  P\u0159idejte p\u00e1r kapek do saunov\u00e9ho v\u011bdra s vodou a postupn\u011b nal\u00e9vejte na rozp\u00e1len\u00e9 saunov\u00e9 kameny.  &nbsp;\" \/>\n<meta property=\"og:url\" content=\"https:\/\/anderskafka.cz\/eshop\/produkt\/doterra-deep-blue\/\" \/>\n<meta property=\"og:site_name\" content=\"Anders &amp; Kafka E-SHOP\" \/>\n<meta property=\"article:modified_time\" content=\"2025-08-24T18:34:20+00:00\" \/>\n<meta property=\"og:image\" content=\"https:\/\/anderskafka.cz\/eshop\/wp-content\/uploads\/sites\/3\/2024\/03\/EU_Deep-Blue_5ml_CMYK-2-e1726590197210.jpg\" \/>\n\t<meta property=\"og:image:width\" content=\"1080\" \/>\n\t<meta property=\"og:image:height\" content=\"1080\" \/>\n\t<meta property=\"og:image:type\" content=\"image\/jpeg\" \/>\n<meta name=\"twitter:card\" content=\"summary_large_image\" \/>\n<meta name=\"twitter:label1\" content=\"Odhadovan\u00e1 doba \u010dten\u00ed\" \/>\n\t<meta name=\"twitter:data1\" content=\"1 minuta\" \/>\n<script type=\"application\/ld+json\" class=\"yoast-schema-graph\">{\"@context\":\"https:\/\/schema.org\",\"@graph\":[{\"@type\":\"WebSite\",\"@id\":\"https:\/\/anderskafka.cz\/eshop\/#website\",\"url\":\"https:\/\/anderskafka.cz\/eshop\/\",\"name\":\"Anders &amp; Kafka E-SHOP\",\"description\":\"Anders &amp; Kafka E-SHOP\",\"potentialAction\":[{\"@type\":\"SearchAction\",\"target\":{\"@type\":\"EntryPoint\",\"urlTemplate\":\"https:\/\/anderskafka.cz\/eshop\/?s={search_term_string}\"},\"query-input\":\"required name=search_term_string\"}],\"inLanguage\":\"cs\"},{\"@type\":\"ImageObject\",\"@id\":\"https:\/\/anderskafka.cz\/eshop\/produkt\/doterra-deep-blue\/#primaryimage\",\"inLanguage\":\"cs\",\"url\":\"https:\/\/anderskafka.cz\/eshop\/wp-content\/uploads\/sites\/3\/2024\/03\/EU_Deep-Blue_5ml_CMYK-2-e1726590197210.jpg\",\"contentUrl\":\"https:\/\/anderskafka.cz\/eshop\/wp-content\/uploads\/sites\/3\/2024\/03\/EU_Deep-Blue_5ml_CMYK-2-e1726590197210.jpg\",\"width\":1080,\"height\":1080},{\"@type\":\"WebPage\",\"@id\":\"https:\/\/anderskafka.cz\/eshop\/produkt\/doterra-deep-blue\/#webpage\",\"url\":\"https:\/\/anderskafka.cz\/eshop\/produkt\/doterra-deep-blue\/\",\"name\":\"Esenci\u00e1ln\u00ed olej d\u014dTERRA\u2122 Deep Blue 5 ml - Anders &amp; Kafka E-SHOP\",\"isPartOf\":{\"@id\":\"https:\/\/anderskafka.cz\/eshop\/#website\"},\"primaryImageOfPage\":{\"@id\":\"https:\/\/anderskafka.cz\/eshop\/produkt\/doterra-deep-blue\/#primaryimage\"},\"datePublished\":\"2024-03-06T10:51:35+00:00\",\"dateModified\":\"2025-08-24T18:34:20+00:00\",\"description\":\"D\u014dTERRA\u2122 esenci\u00e1ln\u00ed olej Deep Blue - sm\u011bs pro \u00falevu. Tato sm\u011bs\u00a0esenci\u00e1ln\u00edch olej\u016f Deep Blue spojuje rostlinn\u00e9 extrakty a\u00a0esenci\u00e1ln\u00ed oleje zn\u00e1m\u00e9 svou schopnost\u00ed zklid\u0148ovat a\u00a0zchlazovat klouby a\u00a0svaly. Emo\u010dn\u011b podporuje pos\u00edlen\u00ed, p\u0159ijet\u00ed, zklidn\u011bn\u00ed, vyrovn\u00e1n\u00ed a uzdraven\u00ed se. P\u0159idejte p\u00e1r kapek do saunov\u00e9ho v\u011bdra s vodou a postupn\u011b nal\u00e9vejte na rozp\u00e1len\u00e9 saunov\u00e9 kameny. &nbsp;\",\"breadcrumb\":{\"@id\":\"https:\/\/anderskafka.cz\/eshop\/produkt\/doterra-deep-blue\/#breadcrumb\"},\"inLanguage\":\"cs\",\"potentialAction\":[{\"@type\":\"ReadAction\",\"target\":[\"https:\/\/anderskafka.cz\/eshop\/produkt\/doterra-deep-blue\/\"]}]},{\"@type\":\"BreadcrumbList\",\"@id\":\"https:\/\/anderskafka.cz\/eshop\/produkt\/doterra-deep-blue\/#breadcrumb\",\"itemListElement\":[{\"@type\":\"ListItem\",\"position\":1,\"name\":\"Obchod\",\"item\":\"https:\/\/anderskafka.cz\/eshop\/obchod\/\"},{\"@type\":\"ListItem\",\"position\":2,\"name\":\"Esenci\u00e1ln\u00ed olej d\u014dTERRA\u2122 Deep Blue 5 ml\"}]}]}<\/script>\n<!-- \/ Yoast SEO plugin. -->","yoast_head_json":{"title":"Esenci\u00e1ln\u00ed olej d\u014dTERRA\u2122 Deep Blue 5 ml - Anders &amp; Kafka E-SHOP","description":"D\u014dTERRA\u2122 esenci\u00e1ln\u00ed olej Deep Blue - sm\u011bs pro \u00falevu. Tato sm\u011bs\u00a0esenci\u00e1ln\u00edch olej\u016f Deep Blue spojuje rostlinn\u00e9 extrakty a\u00a0esenci\u00e1ln\u00ed oleje zn\u00e1m\u00e9 svou schopnost\u00ed zklid\u0148ovat a\u00a0zchlazovat klouby a\u00a0svaly. Emo\u010dn\u011b podporuje pos\u00edlen\u00ed, p\u0159ijet\u00ed, zklidn\u011bn\u00ed, vyrovn\u00e1n\u00ed a uzdraven\u00ed se.  P\u0159idejte p\u00e1r kapek do saunov\u00e9ho v\u011bdra s vodou a postupn\u011b nal\u00e9vejte na rozp\u00e1len\u00e9 saunov\u00e9 kameny.  &nbsp;","robots":{"index":"index","follow":"follow","max-snippet":"max-snippet:-1","max-image-preview":"max-image-preview:large","max-video-preview":"max-video-preview:-1"},"canonical":"https:\/\/anderskafka.cz\/eshop\/produkt\/doterra-deep-blue\/","og_locale":"cs_CZ","og_type":"article","og_title":"Esenci\u00e1ln\u00ed olej d\u014dTERRA\u2122 Deep Blue 5 ml - Anders &amp; Kafka E-SHOP","og_description":"D\u014dTERRA\u2122 esenci\u00e1ln\u00ed olej Deep Blue - sm\u011bs pro \u00falevu. Tato sm\u011bs\u00a0esenci\u00e1ln\u00edch olej\u016f Deep Blue spojuje rostlinn\u00e9 extrakty a\u00a0esenci\u00e1ln\u00ed oleje zn\u00e1m\u00e9 svou schopnost\u00ed zklid\u0148ovat a\u00a0zchlazovat klouby a\u00a0svaly. Emo\u010dn\u011b podporuje pos\u00edlen\u00ed, p\u0159ijet\u00ed, zklidn\u011bn\u00ed, vyrovn\u00e1n\u00ed a uzdraven\u00ed se.  P\u0159idejte p\u00e1r kapek do saunov\u00e9ho v\u011bdra s vodou a postupn\u011b nal\u00e9vejte na rozp\u00e1len\u00e9 saunov\u00e9 kameny.  &nbsp;","og_url":"https:\/\/anderskafka.cz\/eshop\/produkt\/doterra-deep-blue\/","og_site_name":"Anders &amp; Kafka E-SHOP","article_modified_time":"2025-08-24T18:34:20+00:00","og_image":[{"width":1080,"height":1080,"url":"https:\/\/anderskafka.cz\/eshop\/wp-content\/uploads\/sites\/3\/2024\/03\/EU_Deep-Blue_5ml_CMYK-2-e1726590197210.jpg","type":"image\/jpeg"}],"twitter_card":"summary_large_image","twitter_misc":{"Odhadovan\u00e1 doba \u010dten\u00ed":"1 minuta"},"schema":{"@context":"https:\/\/schema.org","@graph":[{"@type":"WebSite","@id":"https:\/\/anderskafka.cz\/eshop\/#website","url":"https:\/\/anderskafka.cz\/eshop\/","name":"Anders &amp; Kafka E-SHOP","description":"Anders &amp; Kafka E-SHOP","potentialAction":[{"@type":"SearchAction","target":{"@type":"EntryPoint","urlTemplate":"https:\/\/anderskafka.cz\/eshop\/?s={search_term_string}"},"query-input":"required name=search_term_string"}],"inLanguage":"cs"},{"@type":"ImageObject","@id":"https:\/\/anderskafka.cz\/eshop\/produkt\/doterra-deep-blue\/#primaryimage","inLanguage":"cs","url":"https:\/\/anderskafka.cz\/eshop\/wp-content\/uploads\/sites\/3\/2024\/03\/EU_Deep-Blue_5ml_CMYK-2-e1726590197210.jpg","contentUrl":"https:\/\/anderskafka.cz\/eshop\/wp-content\/uploads\/sites\/3\/2024\/03\/EU_Deep-Blue_5ml_CMYK-2-e1726590197210.jpg","width":1080,"height":1080},{"@type":"WebPage","@id":"https:\/\/anderskafka.cz\/eshop\/produkt\/doterra-deep-blue\/#webpage","url":"https:\/\/anderskafka.cz\/eshop\/produkt\/doterra-deep-blue\/","name":"Esenci\u00e1ln\u00ed olej d\u014dTERRA\u2122 Deep Blue 5 ml - Anders &amp; Kafka E-SHOP","isPartOf":{"@id":"https:\/\/anderskafka.cz\/eshop\/#website"},"primaryImageOfPage":{"@id":"https:\/\/anderskafka.cz\/eshop\/produkt\/doterra-deep-blue\/#primaryimage"},"datePublished":"2024-03-06T10:51:35+00:00","dateModified":"2025-08-24T18:34:20+00:00","description":"D\u014dTERRA\u2122 esenci\u00e1ln\u00ed olej Deep Blue - sm\u011bs pro \u00falevu. Tato sm\u011bs\u00a0esenci\u00e1ln\u00edch olej\u016f Deep Blue spojuje rostlinn\u00e9 extrakty a\u00a0esenci\u00e1ln\u00ed oleje zn\u00e1m\u00e9 svou schopnost\u00ed zklid\u0148ovat a\u00a0zchlazovat klouby a\u00a0svaly. Emo\u010dn\u011b podporuje pos\u00edlen\u00ed, p\u0159ijet\u00ed, zklidn\u011bn\u00ed, vyrovn\u00e1n\u00ed a uzdraven\u00ed se. P\u0159idejte p\u00e1r kapek do saunov\u00e9ho v\u011bdra s vodou a postupn\u011b nal\u00e9vejte na rozp\u00e1len\u00e9 saunov\u00e9 kameny. &nbsp;","breadcrumb":{"@id":"https:\/\/anderskafka.cz\/eshop\/produkt\/doterra-deep-blue\/#breadcrumb"},"inLanguage":"cs","potentialAction":[{"@type":"ReadAction","target":["https:\/\/anderskafka.cz\/eshop\/produkt\/doterra-deep-blue\/"]}]},{"@type":"BreadcrumbList","@id":"https:\/\/anderskafka.cz\/eshop\/produkt\/doterra-deep-blue\/#breadcrumb","itemListElement":[{"@type":"ListItem","position":1,"name":"Obchod","item":"https:\/\/anderskafka.cz\/eshop\/obchod\/"},{"@type":"ListItem","position":2,"name":"Esenci\u00e1ln\u00ed olej d\u014dTERRA\u2122 Deep Blue 5 ml"}]}]}},"locations":[],"_links":{"self":[{"href":"https:\/\/anderskafka.cz\/eshop\/wp-json\/wp\/v2\/product\/6955"}],"collection":[{"href":"https:\/\/anderskafka.cz\/eshop\/wp-json\/wp\/v2\/product"}],"about":[{"href":"https:\/\/anderskafka.cz\/eshop\/wp-json\/wp\/v2\/types\/product"}],"replies":[{"embeddable":true,"href":"https:\/\/anderskafka.cz\/eshop\/wp-json\/wp\/v2\/comments?post=6955"}],"wp:featuredmedia":[{"embeddable":true,"href":"https:\/\/anderskafka.cz\/eshop\/wp-json\/wp\/v2\/media\/7056"}],"wp:attachment":[{"href":"https:\/\/anderskafka.cz\/eshop\/wp-json\/wp\/v2\/media?parent=6955"}],"wp:term":[{"taxonomy":"location","embeddable":true,"href":"https:\/\/anderskafka.cz\/eshop\/wp-json\/wp\/v2\/location?post=6955"},{"taxonomy":"product_cat","embeddable":true,"href":"https:\/\/anderskafka.cz\/eshop\/wp-json\/wp\/v2\/product_cat?post=6955"},{"taxonomy":"product_tag","embeddable":true,"href":"https:\/\/anderskafka.cz\/eshop\/wp-json\/wp\/v2\/product_tag?post=6955"}],"curies":[{"name":"wp","href":"https:\/\/api.w.org\/{rel}","templated":true}]}}