{"id":6988,"date":"2024-03-09T14:58:34","date_gmt":"2024-03-09T13:58:34","guid":{"rendered":"https:\/\/anderskafka.cz\/eshop\/?post_type=product&#038;p=6988"},"modified":"2025-12-09T20:50:36","modified_gmt":"2025-12-09T19:50:36","slug":"vms-saunas-relaxacni-lehatko-s-polohovatelnou-operkou-z-masivu-thermosmrku-kopirovat","status":"publish","type":"product","link":"https:\/\/anderskafka.cz\/eshop\/produkt\/vms-saunas-relaxacni-lehatko-s-polohovatelnou-operkou-z-masivu-thermosmrku-kopirovat\/","title":{"rendered":"Relaxa\u010dn\u00ed leh\u00e1tko s polohovatelnou op\u011brkou z masivu thermosmrku"},"content":{"rendered":"<p>Relaxa\u010dn\u00ed leh\u00e1tko s elegantn\u00edm lamelov\u00fdm designem spojuje styl s pohodl\u00edm. Jeho ergonomick\u00fd design s polohovatelnou op\u011brkou napom\u00e1h\u00e1 k dokonal\u00e9 relaxaci va\u0161eho t\u011bla. Lehac\u00ed plocha V\u00e1m d\u00edky \u0161irok\u00fdm lamel\u00e1m zajist\u00ed dostate\u010dn\u00fd prostor a pohodl\u00ed p\u0159i odpo\u010dinku. Manipulaci s leh\u00e1tkem v\u00e1m usnadn\u00ed \u00a0dv\u011b kole\u010dka.<\/p>\n<p>Relaxa\u010dn\u00ed leh\u00e1tko je vyrobeno z kvalitn\u00edho seversk\u00e9ho smrku upraven\u00e9 metodou <strong>ThermoWood\u00ae<\/strong>\u00a0 o s\u00edle 40 mm. kter\u00e1 zajist\u00ed velkou trvanlivost a \u017eivotnost leh\u00e1tka.<\/p>\n<p>Tato technologie poch\u00e1z\u00ed z Finska. Jde o jednoduch\u00fd a naprosto ekologick\u00fd zp\u016fsob, jak p\u0159ipravit evropsk\u00e9 d\u0159evo tak, aby m\u011blo vlastnosti srovnateln\u00e9 se vz\u00e1cn\u00fdmi exotick\u00fdmi d\u0159evinami.<\/p>\n<p>Spo\u010d\u00edv\u00e1 v tom, \u017ee se ka\u017ed\u00fd jednotliv\u00fd kus tepeln\u011b uprav\u00ed horkem a p\u00e1rou p\u0159i teplot\u011b 180 \u2013 220\u00b0C, d\u00edky \u010demu\u017e z\u00edsk\u00e1 nov\u00e9 fyzik\u00e1ln\u00ed a mechanick\u00e9 vlastnosti \u2013 zcela bez chemik\u00e1li\u00ed. Ze d\u0159eva se t\u00edmto vypud\u00ed prysky\u0159ice a zm\u011bn\u00ed se jeho bun\u011b\u010dn\u00e1 struktura, co\u017e vede ke:<\/p>\n<p>\u2013 sn\u00ed\u017een\u00e9 nas\u00e1kavosti (je velmi odoln\u00e9 v\u016f\u010di okoln\u00ed vlhkosti)<br \/>\n\u2013 sn\u00ed\u017een\u00e9 vodivosti (hod\u00ed se tak na saunov\u00e9 obklady a lavice, jeliko\u017e se tolik nerozpaluje)<br \/>\n\u2013 st\u00e1losti (d\u00e1le se nem\u011bn\u00ed, nepracuje, nekrout\u00ed se)<br \/>\n\u2013 suchosti (jeho vlhkost se permanentn\u011b sn\u00ed\u017e\u00ed na cca 5%)<br \/>\n\u2013 odolnosti v\u016f\u010di \u0161k\u016fdc\u016fm (neobsahuje l\u00e1tky, kter\u00fdmi se \u017eiv\u00ed d\u0159evokazn\u00e9 houby \u010di hmyz)<br \/>\n\u2013 lehkosti<br \/>\n\u2013 tmav\u0161\u00edmu, luxusn\u011bj\u0161\u00edmu vzhledu<\/p>\n<p>Bez jak\u00fdchkoliv \u00faprav by takov\u00e9 d\u0159evo m\u011blo v perfektn\u00edm stavu vydr\u017eet minim\u00e1ln\u011b 20 let. B\u011bhem \u010dasu se na n\u011bm vytvo\u0159\u00ed pouze \u0161ed\u00e1 patina, kter\u00e1 v\u0161ak nem\u00e1 na jeho vlastnosti vliv. Pokud se v\u00e1m patina nel\u00edb\u00ed, d\u00e1 se j\u00ed zabr\u00e1nit pou\u017eit\u00edm oleje nebo vosku.<\/p>\n<p>Relaxa\u010dn\u00ed leh\u00e1tko se dod\u00e1v\u00e1 smontovan\u00e9.<\/p>\n<p>D\u00e9lka: 191 cm, \u0160\u00ed\u0159ka: 60 cm, V\u00fd\u0161ka: 40 cm<br \/>\n3-\u00farov\u0148ov\u00e9 nastaviteln\u00e9 op\u011bradlo<br \/>\n2 zadn\u00ed kole\u010dka pro snadn\u00fd pohyb<\/p>\n","protected":false},"excerpt":{"rendered":"<p>Kvalitn\u00ed relaxa\u010dn\u00ed leh\u00e1tko, ergonomick\u00e9 s polohovatelnou op\u011brkou zad vyroben\u00e9 z masivu thermosmrku, kter\u00e9 je vhodn\u00e9 do odpo\u010dinkov\u00fdch z\u00f3n ve wellness za\u0159\u00edzen\u00edch nebo jako pln\u011b funk\u010dn\u00ed zahradn\u00ed n\u00e1bytek.<\/p>\n<p>VMS Saunas, je loty\u0161sk\u00e1 spole\u010dnost inspirovan\u00e1 p\u0159\u00edrodou a tradicemi baltsk\u00e9 sauny, jej\u00ed\u017e v\u00fdrobky vytv\u00e1\u0159\u00ed p\u0159\u00edle\u017eitost pro jedine\u010dn\u00fd wellness z\u00e1\u017eitek. Jde o zodpov\u011bdn\u011b zpracovan\u00fd p\u0159\u00edrodn\u00ed materi\u00e1l, kter\u00fd zt\u011bles\u0148uje kvalitu, estetiku a design severn\u00ed Evropy.<\/p>\n<p>&nbsp;<\/p>\n<p><img loading=\"lazy\" class=\"wp-image-9802 alignleft\" src=\"https:\/\/anderskafka.cz\/eshop\/wp-content\/uploads\/sites\/3\/2024\/03\/Showroom-AK-150x150.jpg\" alt=\"\" width=\"60\" height=\"60\" srcset=\"https:\/\/anderskafka.cz\/eshop\/wp-content\/uploads\/sites\/3\/2024\/03\/Showroom-AK-150x150.jpg 150w, https:\/\/anderskafka.cz\/eshop\/wp-content\/uploads\/sites\/3\/2024\/03\/Showroom-AK-300x300.jpg 300w, https:\/\/anderskafka.cz\/eshop\/wp-content\/uploads\/sites\/3\/2024\/03\/Showroom-AK-100x100.jpg 100w, https:\/\/anderskafka.cz\/eshop\/wp-content\/uploads\/sites\/3\/2024\/03\/Showroom-AK-50x50.jpg 50w, https:\/\/anderskafka.cz\/eshop\/wp-content\/uploads\/sites\/3\/2024\/03\/Showroom-AK-64x64.jpg 64w, https:\/\/anderskafka.cz\/eshop\/wp-content\/uploads\/sites\/3\/2024\/03\/Showroom-AK.jpg 351w\" sizes=\"(max-width: 60px) 100vw, 60px\" \/> <strong>SHOWROOM<\/strong> Tuto saunu si m\u016f\u017eete prohl\u00e9dnout na \u017eivo v na\u0161em nov\u00e9m showroomu.<br \/>\n<em>P\u0159ed n\u00e1v\u0161t\u011bvou si pros\u00edm domluvte term\u00edn, abychom se v\u00e1m mohli v\u011bnovat.<\/em> <strong><a href=\"tel:+420724672331\">+420 724 672 331<\/a><\/strong><\/p>\n<p>&nbsp;<\/p>\n<p><span style=\"color: #339966;\"><strong>Zde si zvolte povrchovou \u00fapravu va\u0161eho relaxa\u010dn\u00edho leh\u00e1tka.<\/strong><\/span><\/p>\n<p>&nbsp;<\/p>\n","protected":false},"featured_media":6992,"comment_status":"open","ping_status":"closed","template":"","meta":{"site-sidebar-layout":"default","site-content-layout":"default","ast-main-header-display":"","ast-hfb-above-header-display":"","ast-hfb-below-header-display":"","ast-hfb-mobile-header-display":"","site-post-title":"","ast-breadcrumbs-content":"","ast-featured-img":"","footer-sml-layout":"","theme-transparent-header-meta":"","adv-header-id-meta":"","stick-header-meta":"","header-above-stick-meta":"","header-main-stick-meta":"","header-below-stick-meta":""},"location":[],"product_cat":[1335,411],"product_tag":[812],"yoast_head":"<!-- This site is optimized with the Yoast SEO plugin v18.5.1 - https:\/\/yoast.com\/wordpress\/plugins\/seo\/ -->\n<title>Relaxa\u010dn\u00ed leh\u00e1tko s polohovatelnou op\u011brkou z masivu thermosmrku - Anders &amp; Kafka E-SHOP<\/title>\n<meta name=\"description\" content=\"Kvalitn\u00ed relaxa\u010dn\u00ed leh\u00e1tko, ergonomick\u00e9 s polohovatelnou op\u011brkou zad vyroben\u00e9 z masivu thermosmrku, kter\u00e9 je vhodn\u00e9 do odpo\u010dinkov\u00fdch z\u00f3n ve wellness za\u0159\u00edzen\u00edch nebo jako pln\u011b funk\u010dn\u00ed zahradn\u00ed n\u00e1bytek.  VMS Saunas, je loty\u0161sk\u00e1 spole\u010dnost inspirovan\u00e1 p\u0159\u00edrodou a tradicemi baltsk\u00e9 sauny, jej\u00ed\u017e v\u00fdrobky vytv\u00e1\u0159\u00ed p\u0159\u00edle\u017eitost pro jedine\u010dn\u00fd wellness z\u00e1\u017eitek. Jde o zodpov\u011bdn\u011b zpracovan\u00fd p\u0159\u00edrodn\u00ed materi\u00e1l, kter\u00fd zt\u011bles\u0148uje kvalitu, estetiku a design severn\u00ed Evropy.  &nbsp;   SHOWROOM Tuto saunu si m\u016f\u017eete prohl\u00e9dnout na \u017eivo v na\u0161em nov\u00e9m showroomu. P\u0159ed n\u00e1v\u0161t\u011bvou si pros\u00edm domluvte term\u00edn, abychom se v\u00e1m mohli v\u011bnovat. +420 724 672 331  &nbsp;  Zde si zvolte povrchovou \u00fapravu va\u0161eho relaxa\u010dn\u00edho leh\u00e1tka.  &nbsp;\" \/>\n<meta name=\"robots\" content=\"index, follow, max-snippet:-1, max-image-preview:large, max-video-preview:-1\" \/>\n<link rel=\"canonical\" href=\"https:\/\/anderskafka.cz\/eshop\/produkt\/vms-saunas-relaxacni-lehatko-s-polohovatelnou-operkou-z-masivu-thermosmrku-kopirovat\/\" \/>\n<meta property=\"og:locale\" content=\"cs_CZ\" \/>\n<meta property=\"og:type\" content=\"article\" \/>\n<meta property=\"og:title\" content=\"Relaxa\u010dn\u00ed leh\u00e1tko s polohovatelnou op\u011brkou z masivu thermosmrku - Anders &amp; Kafka E-SHOP\" \/>\n<meta property=\"og:description\" content=\"Kvalitn\u00ed relaxa\u010dn\u00ed leh\u00e1tko, ergonomick\u00e9 s polohovatelnou op\u011brkou zad vyroben\u00e9 z masivu thermosmrku, kter\u00e9 je vhodn\u00e9 do odpo\u010dinkov\u00fdch z\u00f3n ve wellness za\u0159\u00edzen\u00edch nebo jako pln\u011b funk\u010dn\u00ed zahradn\u00ed n\u00e1bytek.  VMS Saunas, je loty\u0161sk\u00e1 spole\u010dnost inspirovan\u00e1 p\u0159\u00edrodou a tradicemi baltsk\u00e9 sauny, jej\u00ed\u017e v\u00fdrobky vytv\u00e1\u0159\u00ed p\u0159\u00edle\u017eitost pro jedine\u010dn\u00fd wellness z\u00e1\u017eitek. Jde o zodpov\u011bdn\u011b zpracovan\u00fd p\u0159\u00edrodn\u00ed materi\u00e1l, kter\u00fd zt\u011bles\u0148uje kvalitu, estetiku a design severn\u00ed Evropy.  &nbsp;   SHOWROOM Tuto saunu si m\u016f\u017eete prohl\u00e9dnout na \u017eivo v na\u0161em nov\u00e9m showroomu. P\u0159ed n\u00e1v\u0161t\u011bvou si pros\u00edm domluvte term\u00edn, abychom se v\u00e1m mohli v\u011bnovat. +420 724 672 331  &nbsp;  Zde si zvolte povrchovou \u00fapravu va\u0161eho relaxa\u010dn\u00edho leh\u00e1tka.  &nbsp;\" \/>\n<meta property=\"og:url\" content=\"https:\/\/anderskafka.cz\/eshop\/produkt\/vms-saunas-relaxacni-lehatko-s-polohovatelnou-operkou-z-masivu-thermosmrku-kopirovat\/\" \/>\n<meta property=\"og:site_name\" content=\"Anders &amp; Kafka E-SHOP\" \/>\n<meta property=\"article:modified_time\" content=\"2025-12-09T19:50:36+00:00\" \/>\n<meta property=\"og:image\" content=\"https:\/\/anderskafka.cz\/eshop\/wp-content\/uploads\/sites\/3\/2024\/03\/CH-2-e-2.jpg\" \/>\n\t<meta property=\"og:image:width\" content=\"836\" \/>\n\t<meta property=\"og:image:height\" content=\"835\" \/>\n\t<meta property=\"og:image:type\" content=\"image\/jpeg\" \/>\n<meta name=\"twitter:card\" content=\"summary_large_image\" \/>\n<meta name=\"twitter:label1\" content=\"Odhadovan\u00e1 doba \u010dten\u00ed\" \/>\n\t<meta name=\"twitter:data1\" content=\"2 minuty\" \/>\n<script type=\"application\/ld+json\" class=\"yoast-schema-graph\">{\"@context\":\"https:\/\/schema.org\",\"@graph\":[{\"@type\":\"WebSite\",\"@id\":\"https:\/\/anderskafka.cz\/eshop\/#website\",\"url\":\"https:\/\/anderskafka.cz\/eshop\/\",\"name\":\"Anders &amp; Kafka E-SHOP\",\"description\":\"Anders &amp; Kafka E-SHOP\",\"potentialAction\":[{\"@type\":\"SearchAction\",\"target\":{\"@type\":\"EntryPoint\",\"urlTemplate\":\"https:\/\/anderskafka.cz\/eshop\/?s={search_term_string}\"},\"query-input\":\"required name=search_term_string\"}],\"inLanguage\":\"cs\"},{\"@type\":\"ImageObject\",\"@id\":\"https:\/\/anderskafka.cz\/eshop\/produkt\/vms-saunas-relaxacni-lehatko-s-polohovatelnou-operkou-z-masivu-thermosmrku-kopirovat\/#primaryimage\",\"inLanguage\":\"cs\",\"url\":\"https:\/\/anderskafka.cz\/eshop\/wp-content\/uploads\/sites\/3\/2024\/03\/CH-2-e-2.jpg\",\"contentUrl\":\"https:\/\/anderskafka.cz\/eshop\/wp-content\/uploads\/sites\/3\/2024\/03\/CH-2-e-2.jpg\",\"width\":836,\"height\":835},{\"@type\":\"WebPage\",\"@id\":\"https:\/\/anderskafka.cz\/eshop\/produkt\/vms-saunas-relaxacni-lehatko-s-polohovatelnou-operkou-z-masivu-thermosmrku-kopirovat\/#webpage\",\"url\":\"https:\/\/anderskafka.cz\/eshop\/produkt\/vms-saunas-relaxacni-lehatko-s-polohovatelnou-operkou-z-masivu-thermosmrku-kopirovat\/\",\"name\":\"Relaxa\u010dn\u00ed leh\u00e1tko s polohovatelnou op\u011brkou z masivu thermosmrku - Anders &amp; Kafka E-SHOP\",\"isPartOf\":{\"@id\":\"https:\/\/anderskafka.cz\/eshop\/#website\"},\"primaryImageOfPage\":{\"@id\":\"https:\/\/anderskafka.cz\/eshop\/produkt\/vms-saunas-relaxacni-lehatko-s-polohovatelnou-operkou-z-masivu-thermosmrku-kopirovat\/#primaryimage\"},\"datePublished\":\"2024-03-09T13:58:34+00:00\",\"dateModified\":\"2025-12-09T19:50:36+00:00\",\"description\":\"Kvalitn\u00ed relaxa\u010dn\u00ed leh\u00e1tko, ergonomick\u00e9 s polohovatelnou op\u011brkou zad vyroben\u00e9 z masivu thermosmrku, kter\u00e9 je vhodn\u00e9 do odpo\u010dinkov\u00fdch z\u00f3n ve wellness za\u0159\u00edzen\u00edch nebo jako pln\u011b funk\u010dn\u00ed zahradn\u00ed n\u00e1bytek. VMS Saunas, je loty\u0161sk\u00e1 spole\u010dnost inspirovan\u00e1 p\u0159\u00edrodou a tradicemi baltsk\u00e9 sauny, jej\u00ed\u017e v\u00fdrobky vytv\u00e1\u0159\u00ed p\u0159\u00edle\u017eitost pro jedine\u010dn\u00fd wellness z\u00e1\u017eitek. Jde o zodpov\u011bdn\u011b zpracovan\u00fd p\u0159\u00edrodn\u00ed materi\u00e1l, kter\u00fd zt\u011bles\u0148uje kvalitu, estetiku a design severn\u00ed Evropy. &nbsp; SHOWROOM Tuto saunu si m\u016f\u017eete prohl\u00e9dnout na \u017eivo v na\u0161em nov\u00e9m showroomu. P\u0159ed n\u00e1v\u0161t\u011bvou si pros\u00edm domluvte term\u00edn, abychom se v\u00e1m mohli v\u011bnovat. +420 724 672 331 &nbsp; Zde si zvolte povrchovou \u00fapravu va\u0161eho relaxa\u010dn\u00edho leh\u00e1tka. &nbsp;\",\"breadcrumb\":{\"@id\":\"https:\/\/anderskafka.cz\/eshop\/produkt\/vms-saunas-relaxacni-lehatko-s-polohovatelnou-operkou-z-masivu-thermosmrku-kopirovat\/#breadcrumb\"},\"inLanguage\":\"cs\",\"potentialAction\":[{\"@type\":\"ReadAction\",\"target\":[\"https:\/\/anderskafka.cz\/eshop\/produkt\/vms-saunas-relaxacni-lehatko-s-polohovatelnou-operkou-z-masivu-thermosmrku-kopirovat\/\"]}]},{\"@type\":\"BreadcrumbList\",\"@id\":\"https:\/\/anderskafka.cz\/eshop\/produkt\/vms-saunas-relaxacni-lehatko-s-polohovatelnou-operkou-z-masivu-thermosmrku-kopirovat\/#breadcrumb\",\"itemListElement\":[{\"@type\":\"ListItem\",\"position\":1,\"name\":\"Obchod\",\"item\":\"https:\/\/anderskafka.cz\/eshop\/obchod\/\"},{\"@type\":\"ListItem\",\"position\":2,\"name\":\"Relaxa\u010dn\u00ed leh\u00e1tko s polohovatelnou op\u011brkou z masivu thermosmrku\"}]}]}<\/script>\n<!-- \/ Yoast SEO plugin. -->","yoast_head_json":{"title":"Relaxa\u010dn\u00ed leh\u00e1tko s polohovatelnou op\u011brkou z masivu thermosmrku - Anders &amp; Kafka E-SHOP","description":"Kvalitn\u00ed relaxa\u010dn\u00ed leh\u00e1tko, ergonomick\u00e9 s polohovatelnou op\u011brkou zad vyroben\u00e9 z masivu thermosmrku, kter\u00e9 je vhodn\u00e9 do odpo\u010dinkov\u00fdch z\u00f3n ve wellness za\u0159\u00edzen\u00edch nebo jako pln\u011b funk\u010dn\u00ed zahradn\u00ed n\u00e1bytek.  VMS Saunas, je loty\u0161sk\u00e1 spole\u010dnost inspirovan\u00e1 p\u0159\u00edrodou a tradicemi baltsk\u00e9 sauny, jej\u00ed\u017e v\u00fdrobky vytv\u00e1\u0159\u00ed p\u0159\u00edle\u017eitost pro jedine\u010dn\u00fd wellness z\u00e1\u017eitek. Jde o zodpov\u011bdn\u011b zpracovan\u00fd p\u0159\u00edrodn\u00ed materi\u00e1l, kter\u00fd zt\u011bles\u0148uje kvalitu, estetiku a design severn\u00ed Evropy.  &nbsp;   SHOWROOM Tuto saunu si m\u016f\u017eete prohl\u00e9dnout na \u017eivo v na\u0161em nov\u00e9m showroomu. P\u0159ed n\u00e1v\u0161t\u011bvou si pros\u00edm domluvte term\u00edn, abychom se v\u00e1m mohli v\u011bnovat. +420 724 672 331  &nbsp;  Zde si zvolte povrchovou \u00fapravu va\u0161eho relaxa\u010dn\u00edho leh\u00e1tka.  &nbsp;","robots":{"index":"index","follow":"follow","max-snippet":"max-snippet:-1","max-image-preview":"max-image-preview:large","max-video-preview":"max-video-preview:-1"},"canonical":"https:\/\/anderskafka.cz\/eshop\/produkt\/vms-saunas-relaxacni-lehatko-s-polohovatelnou-operkou-z-masivu-thermosmrku-kopirovat\/","og_locale":"cs_CZ","og_type":"article","og_title":"Relaxa\u010dn\u00ed leh\u00e1tko s polohovatelnou op\u011brkou z masivu thermosmrku - Anders &amp; Kafka E-SHOP","og_description":"Kvalitn\u00ed relaxa\u010dn\u00ed leh\u00e1tko, ergonomick\u00e9 s polohovatelnou op\u011brkou zad vyroben\u00e9 z masivu thermosmrku, kter\u00e9 je vhodn\u00e9 do odpo\u010dinkov\u00fdch z\u00f3n ve wellness za\u0159\u00edzen\u00edch nebo jako pln\u011b funk\u010dn\u00ed zahradn\u00ed n\u00e1bytek.  VMS Saunas, je loty\u0161sk\u00e1 spole\u010dnost inspirovan\u00e1 p\u0159\u00edrodou a tradicemi baltsk\u00e9 sauny, jej\u00ed\u017e v\u00fdrobky vytv\u00e1\u0159\u00ed p\u0159\u00edle\u017eitost pro jedine\u010dn\u00fd wellness z\u00e1\u017eitek. Jde o zodpov\u011bdn\u011b zpracovan\u00fd p\u0159\u00edrodn\u00ed materi\u00e1l, kter\u00fd zt\u011bles\u0148uje kvalitu, estetiku a design severn\u00ed Evropy.  &nbsp;   SHOWROOM Tuto saunu si m\u016f\u017eete prohl\u00e9dnout na \u017eivo v na\u0161em nov\u00e9m showroomu. P\u0159ed n\u00e1v\u0161t\u011bvou si pros\u00edm domluvte term\u00edn, abychom se v\u00e1m mohli v\u011bnovat. +420 724 672 331  &nbsp;  Zde si zvolte povrchovou \u00fapravu va\u0161eho relaxa\u010dn\u00edho leh\u00e1tka.  &nbsp;","og_url":"https:\/\/anderskafka.cz\/eshop\/produkt\/vms-saunas-relaxacni-lehatko-s-polohovatelnou-operkou-z-masivu-thermosmrku-kopirovat\/","og_site_name":"Anders &amp; Kafka E-SHOP","article_modified_time":"2025-12-09T19:50:36+00:00","og_image":[{"width":836,"height":835,"url":"https:\/\/anderskafka.cz\/eshop\/wp-content\/uploads\/sites\/3\/2024\/03\/CH-2-e-2.jpg","type":"image\/jpeg"}],"twitter_card":"summary_large_image","twitter_misc":{"Odhadovan\u00e1 doba \u010dten\u00ed":"2 minuty"},"schema":{"@context":"https:\/\/schema.org","@graph":[{"@type":"WebSite","@id":"https:\/\/anderskafka.cz\/eshop\/#website","url":"https:\/\/anderskafka.cz\/eshop\/","name":"Anders &amp; Kafka E-SHOP","description":"Anders &amp; Kafka E-SHOP","potentialAction":[{"@type":"SearchAction","target":{"@type":"EntryPoint","urlTemplate":"https:\/\/anderskafka.cz\/eshop\/?s={search_term_string}"},"query-input":"required name=search_term_string"}],"inLanguage":"cs"},{"@type":"ImageObject","@id":"https:\/\/anderskafka.cz\/eshop\/produkt\/vms-saunas-relaxacni-lehatko-s-polohovatelnou-operkou-z-masivu-thermosmrku-kopirovat\/#primaryimage","inLanguage":"cs","url":"https:\/\/anderskafka.cz\/eshop\/wp-content\/uploads\/sites\/3\/2024\/03\/CH-2-e-2.jpg","contentUrl":"https:\/\/anderskafka.cz\/eshop\/wp-content\/uploads\/sites\/3\/2024\/03\/CH-2-e-2.jpg","width":836,"height":835},{"@type":"WebPage","@id":"https:\/\/anderskafka.cz\/eshop\/produkt\/vms-saunas-relaxacni-lehatko-s-polohovatelnou-operkou-z-masivu-thermosmrku-kopirovat\/#webpage","url":"https:\/\/anderskafka.cz\/eshop\/produkt\/vms-saunas-relaxacni-lehatko-s-polohovatelnou-operkou-z-masivu-thermosmrku-kopirovat\/","name":"Relaxa\u010dn\u00ed leh\u00e1tko s polohovatelnou op\u011brkou z masivu thermosmrku - Anders &amp; Kafka E-SHOP","isPartOf":{"@id":"https:\/\/anderskafka.cz\/eshop\/#website"},"primaryImageOfPage":{"@id":"https:\/\/anderskafka.cz\/eshop\/produkt\/vms-saunas-relaxacni-lehatko-s-polohovatelnou-operkou-z-masivu-thermosmrku-kopirovat\/#primaryimage"},"datePublished":"2024-03-09T13:58:34+00:00","dateModified":"2025-12-09T19:50:36+00:00","description":"Kvalitn\u00ed relaxa\u010dn\u00ed leh\u00e1tko, ergonomick\u00e9 s polohovatelnou op\u011brkou zad vyroben\u00e9 z masivu thermosmrku, kter\u00e9 je vhodn\u00e9 do odpo\u010dinkov\u00fdch z\u00f3n ve wellness za\u0159\u00edzen\u00edch nebo jako pln\u011b funk\u010dn\u00ed zahradn\u00ed n\u00e1bytek. VMS Saunas, je loty\u0161sk\u00e1 spole\u010dnost inspirovan\u00e1 p\u0159\u00edrodou a tradicemi baltsk\u00e9 sauny, jej\u00ed\u017e v\u00fdrobky vytv\u00e1\u0159\u00ed p\u0159\u00edle\u017eitost pro jedine\u010dn\u00fd wellness z\u00e1\u017eitek. Jde o zodpov\u011bdn\u011b zpracovan\u00fd p\u0159\u00edrodn\u00ed materi\u00e1l, kter\u00fd zt\u011bles\u0148uje kvalitu, estetiku a design severn\u00ed Evropy. &nbsp; SHOWROOM Tuto saunu si m\u016f\u017eete prohl\u00e9dnout na \u017eivo v na\u0161em nov\u00e9m showroomu. P\u0159ed n\u00e1v\u0161t\u011bvou si pros\u00edm domluvte term\u00edn, abychom se v\u00e1m mohli v\u011bnovat. +420 724 672 331 &nbsp; Zde si zvolte povrchovou \u00fapravu va\u0161eho relaxa\u010dn\u00edho leh\u00e1tka. &nbsp;","breadcrumb":{"@id":"https:\/\/anderskafka.cz\/eshop\/produkt\/vms-saunas-relaxacni-lehatko-s-polohovatelnou-operkou-z-masivu-thermosmrku-kopirovat\/#breadcrumb"},"inLanguage":"cs","potentialAction":[{"@type":"ReadAction","target":["https:\/\/anderskafka.cz\/eshop\/produkt\/vms-saunas-relaxacni-lehatko-s-polohovatelnou-operkou-z-masivu-thermosmrku-kopirovat\/"]}]},{"@type":"BreadcrumbList","@id":"https:\/\/anderskafka.cz\/eshop\/produkt\/vms-saunas-relaxacni-lehatko-s-polohovatelnou-operkou-z-masivu-thermosmrku-kopirovat\/#breadcrumb","itemListElement":[{"@type":"ListItem","position":1,"name":"Obchod","item":"https:\/\/anderskafka.cz\/eshop\/obchod\/"},{"@type":"ListItem","position":2,"name":"Relaxa\u010dn\u00ed leh\u00e1tko s polohovatelnou op\u011brkou z masivu thermosmrku"}]}]}},"locations":[],"_links":{"self":[{"href":"https:\/\/anderskafka.cz\/eshop\/wp-json\/wp\/v2\/product\/6988"}],"collection":[{"href":"https:\/\/anderskafka.cz\/eshop\/wp-json\/wp\/v2\/product"}],"about":[{"href":"https:\/\/anderskafka.cz\/eshop\/wp-json\/wp\/v2\/types\/product"}],"replies":[{"embeddable":true,"href":"https:\/\/anderskafka.cz\/eshop\/wp-json\/wp\/v2\/comments?post=6988"}],"wp:featuredmedia":[{"embeddable":true,"href":"https:\/\/anderskafka.cz\/eshop\/wp-json\/wp\/v2\/media\/6992"}],"wp:attachment":[{"href":"https:\/\/anderskafka.cz\/eshop\/wp-json\/wp\/v2\/media?parent=6988"}],"wp:term":[{"taxonomy":"location","embeddable":true,"href":"https:\/\/anderskafka.cz\/eshop\/wp-json\/wp\/v2\/location?post=6988"},{"taxonomy":"product_cat","embeddable":true,"href":"https:\/\/anderskafka.cz\/eshop\/wp-json\/wp\/v2\/product_cat?post=6988"},{"taxonomy":"product_tag","embeddable":true,"href":"https:\/\/anderskafka.cz\/eshop\/wp-json\/wp\/v2\/product_tag?post=6988"}],"curies":[{"name":"wp","href":"https:\/\/api.w.org\/{rel}","templated":true}]}}