{"id":7003,"date":"2024-03-09T20:29:30","date_gmt":"2024-03-09T19:29:30","guid":{"rendered":"https:\/\/anderskafka.cz\/eshop\/?post_type=product&#038;p=7003"},"modified":"2025-08-07T14:33:22","modified_gmt":"2025-08-07T12:33:22","slug":"vms-saunas-rain-shower-sudova-sprcha-z-thermowoodu","status":"publish","type":"product","link":"https:\/\/anderskafka.cz\/eshop\/produkt\/vms-saunas-rain-shower-sudova-sprcha-z-thermowoodu\/","title":{"rendered":"RAIN SHOWER \u2013 sudov\u00e1 sprcha z thermowoodu\u00ae"},"content":{"rendered":"<p>Sudov\u00e9 sprchy \u00a0 jsou vyrobeny z kvalitn\u00edho seversk\u00e9ho smrku upraven\u00e9 metodou <strong>ThermoWood\u00ae<\/strong>\u00a0 o s\u00edle 40 mm.<\/p>\n<p>Tato technologie poch\u00e1z\u00ed z Finska. Jde o jednoduch\u00fd a naprosto ekologick\u00fd zp\u016fsob, jak p\u0159ipravit evropsk\u00e9 d\u0159evo tak, aby m\u011blo vlastnosti srovnateln\u00e9 se vz\u00e1cn\u00fdmi exotick\u00fdmi d\u0159evinami.<\/p>\n<p>Spo\u010d\u00edv\u00e1 v tom, \u017ee se ka\u017ed\u00fd jednotliv\u00fd kus tepeln\u011b uprav\u00ed horkem a p\u00e1rou p\u0159i teplot\u011b 180 \u2013 220\u00b0C, d\u00edky \u010demu\u017e z\u00edsk\u00e1 nov\u00e9 fyzik\u00e1ln\u00ed a mechanick\u00e9 vlastnosti \u2013 zcela bez chemik\u00e1li\u00ed. Ze d\u0159eva se t\u00edmto vypud\u00ed prysky\u0159ice a zm\u011bn\u00ed se jeho bun\u011b\u010dn\u00e1 struktura, co\u017e vede ke:<\/p>\n<p>\u2013 sn\u00ed\u017een\u00e9 nas\u00e1kavosti (je velmi odoln\u00e9 v\u016f\u010di okoln\u00ed vlhkosti)<br \/>\n\u2013 sn\u00ed\u017een\u00e9 vodivosti (hod\u00ed se tak na saunov\u00e9 obklady a lavice, jeliko\u017e se tolik nerozpaluje)<br \/>\n\u2013 st\u00e1losti (d\u00e1le se nem\u011bn\u00ed, nepracuje, nekrout\u00ed se)<br \/>\n\u2013 suchosti (jeho vlhkost se permanentn\u011b sn\u00ed\u017e\u00ed na cca 5%)<br \/>\n\u2013 odolnosti v\u016f\u010di \u0161k\u016fdc\u016fm (neobsahuje l\u00e1tky, kter\u00fdmi se \u017eiv\u00ed d\u0159evokazn\u00e9 houby \u010di hmyz)<br \/>\n\u2013 lehkosti<br \/>\n\u2013 tmav\u0161\u00edmu, luxusn\u011bj\u0161\u00edmu vzhledu<\/p>\n<p>Bez jak\u00fdchkoliv \u00faprav by takov\u00e9 d\u0159evo m\u011blo v perfektn\u00edm stavu vydr\u017eet minim\u00e1ln\u011b 20 let. B\u011bhem \u010dasu se na n\u011bm vytvo\u0159\u00ed pouze \u0161ed\u00e1 patina, kter\u00e1 v\u0161ak nem\u00e1 na jeho vlastnosti vliv. Pokud se v\u00e1m patina nel\u00edb\u00ed, d\u00e1 se j\u00ed zabr\u00e1nit pou\u017eit\u00edm oleje nebo vosku.<\/p>\n<p><strong>Rozsah doda\u0301vky:<\/strong><\/p>\n<p>Sudov\u00e1 sprcha se s\u00edlou d\u0159eva Thermowood 4O mm v rozmontovan\u00e9m stavu<br \/>\n2 z\u00e1kladov\u00e9 tr\u00e1my<br \/>\n2 nerezov\u00e9 \u00a0obru\u010de s nastaviteln\u00fdmi z\u00e1mky k upevn\u011bn\u00ed konstrukce<br \/>\nProstorn\u00e1 vnit\u0159n\u00ed sprcha o pr\u016fm\u011bru 99 cm<br \/>\nVelkorys\u00e1 vnit\u0159n\u00ed v\u00fd\u0161ka 207 cm<br \/>\nMo\u017enost sprchov\u00e1n\u00ed teplou a studenou vodou<br \/>\nVysokotlak\u00e1 de\u0161\u0165ov\u00e1 sprchov\u00e1 hlavice a p\u0159\u00eddavn\u00e1 nastaviteln\u00e1 ru\u010dn\u00ed sprchov\u00e1 hlavice<br \/>\nVodot\u011bsn\u00e1 a protiskluzov\u00e1 ut\u011bsn\u011bn\u00e1 pry\u017eov\u00e1 podlaha<br \/>\nVn\u011bj\u0161\u00ed rozm\u011bry &#8211; V\u00fd\u0161ka: 225 cm, \u0160\u00ed\u0159ka: 107 cm, Hloubka: 107 cm<\/p>\n<p>&nbsp;<\/p>\n<p><strong>Sprcha <\/strong><strong>\u00a0se dod\u00e1v\u00e1 ve smontovan\u00e9m stavu<\/strong>. Z\u00e1kladov\u00e9 tr\u00e1my doporu\u010dujeme um\u00edstit na zhutn\u011bn\u00fd ter\u00e9n, nejl\u00e9pe na betonov\u00e9 patky, dla\u017edice nebo st\u011brkov\u00e9 lo\u017ee.<\/p>\n<p>Spole\u010dnost Anders&amp;Kafka V\u00e1m tak\u00e9 nab\u00edz\u00ed dod\u00e1n\u00ed t\u00e9to sauny<strong> v\u010detn\u011b dovozu, mont\u00e1\u017ee a instalace. <\/strong>V p\u0159\u00edpad\u011b dod\u00e1vky sprchy s mont\u00e1\u017e\u00ed do rodinn\u00e9ho domu, kde celkov\u00e1 podlahov\u00e1 plocha nep\u0159es\u00e1hne 350m<sup>2 \u00a0<\/sup>nebo bytu, kde celkov\u00e1 podlahov\u00e1 plocha nep\u0159es\u00e1hne 120m<sup>2 <\/sup>dle \u00a0\u00a748a, odst. 1 Z\u00e1kona o DPH a \u00a7121, odst. 1 Z\u00e1kona \u010d. 40\/1964 Sb. Ob\u010dansk\u00e9ho z\u00e1kon\u00edku, \u00a0se pak bude aplikovat DPH pouze ve v\u00fd\u0161i 12%.<\/p>\n<p><strong>Cena dopravy<\/strong>,<strong>\u00a0mont\u00e1\u017ee a instalace<\/strong> bude stanovena na z\u00e1klad\u011b vzd\u00e1lenosti z Miro\u0161ovic do m\u00edsta mont\u00e1\u017ee. Kontaktujte n\u00e1s na emailu office@anderskafka.cz.<\/p>\n<p><strong>Objedn\u00e1te, dovezeme, smontujeme, zapoj\u00edme, uklid\u00edme a po p\u00e1r hodin\u00e1ch se ji\u017e sprchujete.<\/strong><\/p>\n","protected":false},"excerpt":{"rendered":"<p>Luxusn\u00ed venkovn\u00ed sudov\u00e9 sprchy jsou vyrobeny z kvalitn\u00edho seversk\u00e9ho smrku upraven\u00e9ho metodou <strong>ThermoWood\u00ae<\/strong>\u00a0 o s\u00edle 40 mm. Tento materi\u00e1l spolu s precizn\u00edm \u0159emesln\u00fdm zpracov\u00e1n\u00ed zaru\u010duje vysokou \u017eivotnost.<\/p>\n<p>Dop\u0159ejte si esenci p\u0159\u00edrodn\u00ed kr\u00e1sy a vstupte do sv\u011bta \u010dist\u00e9ho klidu s otev\u0159en\u00fdm konceptem de\u0161\u0165ov\u00e9 sprchy, kter\u00fd \u00a0bez probl\u00e9m\u016f splyne s okoln\u00ed p\u0159\u00edrodou.<\/p>\n<p>VMS Timber, je loty\u0161sk\u00e1 spole\u010dnost inspirovan\u00e1 p\u0159\u00edrodou a tradicemi baltsk\u00e9 sauny, jej\u00ed\u017e v\u00fdrobky vytv\u00e1\u0159\u00ed p\u0159\u00edle\u017eitost pro jedine\u010dn\u00fd wellness z\u00e1\u017eitek. Jde o zodpov\u011bdn\u011b zpracovan\u00fd p\u0159\u00edrodn\u00ed materi\u00e1l, kter\u00fd zt\u011bles\u0148uje kvalitu, estetiku a design severn\u00ed Evropy.<\/p>\n<p>&nbsp;<\/p>\n<p><span style=\"color: #339966;\"><strong>Zde si zvolte povrchovou \u00fapravu \u00a0Va\u0161\u00ed \u00a0venkovn\u00ed sprchy.<\/strong><\/span><\/p>\n<p>&nbsp;<\/p>\n","protected":false},"featured_media":7065,"comment_status":"open","ping_status":"closed","template":"","meta":{"site-sidebar-layout":"default","site-content-layout":"default","ast-main-header-display":"","ast-hfb-above-header-display":"","ast-hfb-below-header-display":"","ast-hfb-mobile-header-display":"","site-post-title":"","ast-breadcrumbs-content":"","ast-featured-img":"","footer-sml-layout":"","theme-transparent-header-meta":"","adv-header-id-meta":"","stick-header-meta":"","header-above-stick-meta":"","header-main-stick-meta":"","header-below-stick-meta":""},"location":[],"product_cat":[1253],"product_tag":[812],"yoast_head":"<!-- This site is optimized with the Yoast SEO plugin v18.5.1 - https:\/\/yoast.com\/wordpress\/plugins\/seo\/ -->\n<title>RAIN SHOWER \u2013 sudov\u00e1 sprcha z thermowoodu\u00ae - Anders &amp; Kafka E-SHOP<\/title>\n<meta name=\"description\" content=\"Luxusn\u00ed venkovn\u00ed sudov\u00e9 sprchy jsou vyrobeny z kvalitn\u00edho seversk\u00e9ho smrku upraven\u00e9ho metodou ThermoWood\u00ae\u00a0 o s\u00edle 40 mm. Tento materi\u00e1l spolu s precizn\u00edm \u0159emesln\u00fdm zpracov\u00e1n\u00ed zaru\u010duje vysokou \u017eivotnost.  Dop\u0159ejte si esenci p\u0159\u00edrodn\u00ed kr\u00e1sy a vstupte do sv\u011bta \u010dist\u00e9ho klidu s otev\u0159en\u00fdm konceptem de\u0161\u0165ov\u00e9 sprchy, kter\u00fd \u00a0bez probl\u00e9m\u016f splyne s okoln\u00ed p\u0159\u00edrodou.  VMS Timber, je loty\u0161sk\u00e1 spole\u010dnost inspirovan\u00e1 p\u0159\u00edrodou a tradicemi baltsk\u00e9 sauny, jej\u00ed\u017e v\u00fdrobky vytv\u00e1\u0159\u00ed p\u0159\u00edle\u017eitost pro jedine\u010dn\u00fd wellness z\u00e1\u017eitek. Jde o zodpov\u011bdn\u011b zpracovan\u00fd p\u0159\u00edrodn\u00ed materi\u00e1l, kter\u00fd zt\u011bles\u0148uje kvalitu, estetiku a design severn\u00ed Evropy.  &nbsp;  Zde si zvolte povrchovou \u00fapravu \u00a0Va\u0161\u00ed \u00a0venkovn\u00ed sprchy.  &nbsp;\" \/>\n<meta name=\"robots\" content=\"index, follow, max-snippet:-1, max-image-preview:large, max-video-preview:-1\" \/>\n<link rel=\"canonical\" href=\"https:\/\/anderskafka.cz\/eshop\/produkt\/vms-saunas-rain-shower-sudova-sprcha-z-thermowoodu\/\" \/>\n<meta property=\"og:locale\" content=\"cs_CZ\" \/>\n<meta property=\"og:type\" content=\"article\" \/>\n<meta property=\"og:title\" content=\"RAIN SHOWER \u2013 sudov\u00e1 sprcha z thermowoodu\u00ae - Anders &amp; Kafka E-SHOP\" \/>\n<meta property=\"og:description\" content=\"Luxusn\u00ed venkovn\u00ed sudov\u00e9 sprchy jsou vyrobeny z kvalitn\u00edho seversk\u00e9ho smrku upraven\u00e9ho metodou ThermoWood\u00ae\u00a0 o s\u00edle 40 mm. Tento materi\u00e1l spolu s precizn\u00edm \u0159emesln\u00fdm zpracov\u00e1n\u00ed zaru\u010duje vysokou \u017eivotnost.  Dop\u0159ejte si esenci p\u0159\u00edrodn\u00ed kr\u00e1sy a vstupte do sv\u011bta \u010dist\u00e9ho klidu s otev\u0159en\u00fdm konceptem de\u0161\u0165ov\u00e9 sprchy, kter\u00fd \u00a0bez probl\u00e9m\u016f splyne s okoln\u00ed p\u0159\u00edrodou.  VMS Timber, je loty\u0161sk\u00e1 spole\u010dnost inspirovan\u00e1 p\u0159\u00edrodou a tradicemi baltsk\u00e9 sauny, jej\u00ed\u017e v\u00fdrobky vytv\u00e1\u0159\u00ed p\u0159\u00edle\u017eitost pro jedine\u010dn\u00fd wellness z\u00e1\u017eitek. Jde o zodpov\u011bdn\u011b zpracovan\u00fd p\u0159\u00edrodn\u00ed materi\u00e1l, kter\u00fd zt\u011bles\u0148uje kvalitu, estetiku a design severn\u00ed Evropy.  &nbsp;  Zde si zvolte povrchovou \u00fapravu \u00a0Va\u0161\u00ed \u00a0venkovn\u00ed sprchy.  &nbsp;\" \/>\n<meta property=\"og:url\" content=\"https:\/\/anderskafka.cz\/eshop\/produkt\/vms-saunas-rain-shower-sudova-sprcha-z-thermowoodu\/\" \/>\n<meta property=\"og:site_name\" content=\"Anders &amp; Kafka E-SHOP\" \/>\n<meta property=\"article:modified_time\" content=\"2025-08-07T12:33:22+00:00\" \/>\n<meta property=\"og:image\" content=\"https:\/\/anderskafka.cz\/eshop\/wp-content\/uploads\/sites\/3\/2024\/03\/rain-shower-11.png\" \/>\n\t<meta property=\"og:image:width\" content=\"1024\" \/>\n\t<meta property=\"og:image:height\" content=\"1024\" \/>\n\t<meta property=\"og:image:type\" content=\"image\/png\" \/>\n<meta name=\"twitter:card\" content=\"summary_large_image\" \/>\n<meta name=\"twitter:label1\" content=\"Odhadovan\u00e1 doba \u010dten\u00ed\" \/>\n\t<meta name=\"twitter:data1\" content=\"3 minuty\" \/>\n<script type=\"application\/ld+json\" class=\"yoast-schema-graph\">{\"@context\":\"https:\/\/schema.org\",\"@graph\":[{\"@type\":\"WebSite\",\"@id\":\"https:\/\/anderskafka.cz\/eshop\/#website\",\"url\":\"https:\/\/anderskafka.cz\/eshop\/\",\"name\":\"Anders &amp; Kafka E-SHOP\",\"description\":\"Anders &amp; Kafka E-SHOP\",\"potentialAction\":[{\"@type\":\"SearchAction\",\"target\":{\"@type\":\"EntryPoint\",\"urlTemplate\":\"https:\/\/anderskafka.cz\/eshop\/?s={search_term_string}\"},\"query-input\":\"required name=search_term_string\"}],\"inLanguage\":\"cs\"},{\"@type\":\"ImageObject\",\"@id\":\"https:\/\/anderskafka.cz\/eshop\/produkt\/vms-saunas-rain-shower-sudova-sprcha-z-thermowoodu\/#primaryimage\",\"inLanguage\":\"cs\",\"url\":\"https:\/\/anderskafka.cz\/eshop\/wp-content\/uploads\/sites\/3\/2024\/03\/rain-shower-11.png\",\"contentUrl\":\"https:\/\/anderskafka.cz\/eshop\/wp-content\/uploads\/sites\/3\/2024\/03\/rain-shower-11.png\",\"width\":1024,\"height\":1024},{\"@type\":\"WebPage\",\"@id\":\"https:\/\/anderskafka.cz\/eshop\/produkt\/vms-saunas-rain-shower-sudova-sprcha-z-thermowoodu\/#webpage\",\"url\":\"https:\/\/anderskafka.cz\/eshop\/produkt\/vms-saunas-rain-shower-sudova-sprcha-z-thermowoodu\/\",\"name\":\"RAIN SHOWER \u2013 sudov\u00e1 sprcha z thermowoodu\u00ae - Anders &amp; Kafka E-SHOP\",\"isPartOf\":{\"@id\":\"https:\/\/anderskafka.cz\/eshop\/#website\"},\"primaryImageOfPage\":{\"@id\":\"https:\/\/anderskafka.cz\/eshop\/produkt\/vms-saunas-rain-shower-sudova-sprcha-z-thermowoodu\/#primaryimage\"},\"datePublished\":\"2024-03-09T19:29:30+00:00\",\"dateModified\":\"2025-08-07T12:33:22+00:00\",\"description\":\"Luxusn\u00ed venkovn\u00ed sudov\u00e9 sprchy jsou vyrobeny z kvalitn\u00edho seversk\u00e9ho smrku upraven\u00e9ho metodou ThermoWood\u00ae\u00a0 o s\u00edle 40 mm. Tento materi\u00e1l spolu s precizn\u00edm \u0159emesln\u00fdm zpracov\u00e1n\u00ed zaru\u010duje vysokou \u017eivotnost. Dop\u0159ejte si esenci p\u0159\u00edrodn\u00ed kr\u00e1sy a vstupte do sv\u011bta \u010dist\u00e9ho klidu s otev\u0159en\u00fdm konceptem de\u0161\u0165ov\u00e9 sprchy, kter\u00fd \u00a0bez probl\u00e9m\u016f splyne s okoln\u00ed p\u0159\u00edrodou. VMS Timber, je loty\u0161sk\u00e1 spole\u010dnost inspirovan\u00e1 p\u0159\u00edrodou a tradicemi baltsk\u00e9 sauny, jej\u00ed\u017e v\u00fdrobky vytv\u00e1\u0159\u00ed p\u0159\u00edle\u017eitost pro jedine\u010dn\u00fd wellness z\u00e1\u017eitek. Jde o zodpov\u011bdn\u011b zpracovan\u00fd p\u0159\u00edrodn\u00ed materi\u00e1l, kter\u00fd zt\u011bles\u0148uje kvalitu, estetiku a design severn\u00ed Evropy. &nbsp; Zde si zvolte povrchovou \u00fapravu \u00a0Va\u0161\u00ed \u00a0venkovn\u00ed sprchy. &nbsp;\",\"breadcrumb\":{\"@id\":\"https:\/\/anderskafka.cz\/eshop\/produkt\/vms-saunas-rain-shower-sudova-sprcha-z-thermowoodu\/#breadcrumb\"},\"inLanguage\":\"cs\",\"potentialAction\":[{\"@type\":\"ReadAction\",\"target\":[\"https:\/\/anderskafka.cz\/eshop\/produkt\/vms-saunas-rain-shower-sudova-sprcha-z-thermowoodu\/\"]}]},{\"@type\":\"BreadcrumbList\",\"@id\":\"https:\/\/anderskafka.cz\/eshop\/produkt\/vms-saunas-rain-shower-sudova-sprcha-z-thermowoodu\/#breadcrumb\",\"itemListElement\":[{\"@type\":\"ListItem\",\"position\":1,\"name\":\"Obchod\",\"item\":\"https:\/\/anderskafka.cz\/eshop\/obchod\/\"},{\"@type\":\"ListItem\",\"position\":2,\"name\":\"RAIN SHOWER \u2013 sudov\u00e1 sprcha z thermowoodu\u00ae\"}]}]}<\/script>\n<!-- \/ Yoast SEO plugin. -->","yoast_head_json":{"title":"RAIN SHOWER \u2013 sudov\u00e1 sprcha z thermowoodu\u00ae - Anders &amp; Kafka E-SHOP","description":"Luxusn\u00ed venkovn\u00ed sudov\u00e9 sprchy jsou vyrobeny z kvalitn\u00edho seversk\u00e9ho smrku upraven\u00e9ho metodou ThermoWood\u00ae\u00a0 o s\u00edle 40 mm. Tento materi\u00e1l spolu s precizn\u00edm \u0159emesln\u00fdm zpracov\u00e1n\u00ed zaru\u010duje vysokou \u017eivotnost.  Dop\u0159ejte si esenci p\u0159\u00edrodn\u00ed kr\u00e1sy a vstupte do sv\u011bta \u010dist\u00e9ho klidu s otev\u0159en\u00fdm konceptem de\u0161\u0165ov\u00e9 sprchy, kter\u00fd \u00a0bez probl\u00e9m\u016f splyne s okoln\u00ed p\u0159\u00edrodou.  VMS Timber, je loty\u0161sk\u00e1 spole\u010dnost inspirovan\u00e1 p\u0159\u00edrodou a tradicemi baltsk\u00e9 sauny, jej\u00ed\u017e v\u00fdrobky vytv\u00e1\u0159\u00ed p\u0159\u00edle\u017eitost pro jedine\u010dn\u00fd wellness z\u00e1\u017eitek. Jde o zodpov\u011bdn\u011b zpracovan\u00fd p\u0159\u00edrodn\u00ed materi\u00e1l, kter\u00fd zt\u011bles\u0148uje kvalitu, estetiku a design severn\u00ed Evropy.  &nbsp;  Zde si zvolte povrchovou \u00fapravu \u00a0Va\u0161\u00ed \u00a0venkovn\u00ed sprchy.  &nbsp;","robots":{"index":"index","follow":"follow","max-snippet":"max-snippet:-1","max-image-preview":"max-image-preview:large","max-video-preview":"max-video-preview:-1"},"canonical":"https:\/\/anderskafka.cz\/eshop\/produkt\/vms-saunas-rain-shower-sudova-sprcha-z-thermowoodu\/","og_locale":"cs_CZ","og_type":"article","og_title":"RAIN SHOWER \u2013 sudov\u00e1 sprcha z thermowoodu\u00ae - Anders &amp; Kafka E-SHOP","og_description":"Luxusn\u00ed venkovn\u00ed sudov\u00e9 sprchy jsou vyrobeny z kvalitn\u00edho seversk\u00e9ho smrku upraven\u00e9ho metodou ThermoWood\u00ae\u00a0 o s\u00edle 40 mm. Tento materi\u00e1l spolu s precizn\u00edm \u0159emesln\u00fdm zpracov\u00e1n\u00ed zaru\u010duje vysokou \u017eivotnost.  Dop\u0159ejte si esenci p\u0159\u00edrodn\u00ed kr\u00e1sy a vstupte do sv\u011bta \u010dist\u00e9ho klidu s otev\u0159en\u00fdm konceptem de\u0161\u0165ov\u00e9 sprchy, kter\u00fd \u00a0bez probl\u00e9m\u016f splyne s okoln\u00ed p\u0159\u00edrodou.  VMS Timber, je loty\u0161sk\u00e1 spole\u010dnost inspirovan\u00e1 p\u0159\u00edrodou a tradicemi baltsk\u00e9 sauny, jej\u00ed\u017e v\u00fdrobky vytv\u00e1\u0159\u00ed p\u0159\u00edle\u017eitost pro jedine\u010dn\u00fd wellness z\u00e1\u017eitek. Jde o zodpov\u011bdn\u011b zpracovan\u00fd p\u0159\u00edrodn\u00ed materi\u00e1l, kter\u00fd zt\u011bles\u0148uje kvalitu, estetiku a design severn\u00ed Evropy.  &nbsp;  Zde si zvolte povrchovou \u00fapravu \u00a0Va\u0161\u00ed \u00a0venkovn\u00ed sprchy.  &nbsp;","og_url":"https:\/\/anderskafka.cz\/eshop\/produkt\/vms-saunas-rain-shower-sudova-sprcha-z-thermowoodu\/","og_site_name":"Anders &amp; Kafka E-SHOP","article_modified_time":"2025-08-07T12:33:22+00:00","og_image":[{"width":1024,"height":1024,"url":"https:\/\/anderskafka.cz\/eshop\/wp-content\/uploads\/sites\/3\/2024\/03\/rain-shower-11.png","type":"image\/png"}],"twitter_card":"summary_large_image","twitter_misc":{"Odhadovan\u00e1 doba \u010dten\u00ed":"3 minuty"},"schema":{"@context":"https:\/\/schema.org","@graph":[{"@type":"WebSite","@id":"https:\/\/anderskafka.cz\/eshop\/#website","url":"https:\/\/anderskafka.cz\/eshop\/","name":"Anders &amp; Kafka E-SHOP","description":"Anders &amp; Kafka E-SHOP","potentialAction":[{"@type":"SearchAction","target":{"@type":"EntryPoint","urlTemplate":"https:\/\/anderskafka.cz\/eshop\/?s={search_term_string}"},"query-input":"required name=search_term_string"}],"inLanguage":"cs"},{"@type":"ImageObject","@id":"https:\/\/anderskafka.cz\/eshop\/produkt\/vms-saunas-rain-shower-sudova-sprcha-z-thermowoodu\/#primaryimage","inLanguage":"cs","url":"https:\/\/anderskafka.cz\/eshop\/wp-content\/uploads\/sites\/3\/2024\/03\/rain-shower-11.png","contentUrl":"https:\/\/anderskafka.cz\/eshop\/wp-content\/uploads\/sites\/3\/2024\/03\/rain-shower-11.png","width":1024,"height":1024},{"@type":"WebPage","@id":"https:\/\/anderskafka.cz\/eshop\/produkt\/vms-saunas-rain-shower-sudova-sprcha-z-thermowoodu\/#webpage","url":"https:\/\/anderskafka.cz\/eshop\/produkt\/vms-saunas-rain-shower-sudova-sprcha-z-thermowoodu\/","name":"RAIN SHOWER \u2013 sudov\u00e1 sprcha z thermowoodu\u00ae - Anders &amp; Kafka E-SHOP","isPartOf":{"@id":"https:\/\/anderskafka.cz\/eshop\/#website"},"primaryImageOfPage":{"@id":"https:\/\/anderskafka.cz\/eshop\/produkt\/vms-saunas-rain-shower-sudova-sprcha-z-thermowoodu\/#primaryimage"},"datePublished":"2024-03-09T19:29:30+00:00","dateModified":"2025-08-07T12:33:22+00:00","description":"Luxusn\u00ed venkovn\u00ed sudov\u00e9 sprchy jsou vyrobeny z kvalitn\u00edho seversk\u00e9ho smrku upraven\u00e9ho metodou ThermoWood\u00ae\u00a0 o s\u00edle 40 mm. Tento materi\u00e1l spolu s precizn\u00edm \u0159emesln\u00fdm zpracov\u00e1n\u00ed zaru\u010duje vysokou \u017eivotnost. Dop\u0159ejte si esenci p\u0159\u00edrodn\u00ed kr\u00e1sy a vstupte do sv\u011bta \u010dist\u00e9ho klidu s otev\u0159en\u00fdm konceptem de\u0161\u0165ov\u00e9 sprchy, kter\u00fd \u00a0bez probl\u00e9m\u016f splyne s okoln\u00ed p\u0159\u00edrodou. VMS Timber, je loty\u0161sk\u00e1 spole\u010dnost inspirovan\u00e1 p\u0159\u00edrodou a tradicemi baltsk\u00e9 sauny, jej\u00ed\u017e v\u00fdrobky vytv\u00e1\u0159\u00ed p\u0159\u00edle\u017eitost pro jedine\u010dn\u00fd wellness z\u00e1\u017eitek. Jde o zodpov\u011bdn\u011b zpracovan\u00fd p\u0159\u00edrodn\u00ed materi\u00e1l, kter\u00fd zt\u011bles\u0148uje kvalitu, estetiku a design severn\u00ed Evropy. &nbsp; Zde si zvolte povrchovou \u00fapravu \u00a0Va\u0161\u00ed \u00a0venkovn\u00ed sprchy. &nbsp;","breadcrumb":{"@id":"https:\/\/anderskafka.cz\/eshop\/produkt\/vms-saunas-rain-shower-sudova-sprcha-z-thermowoodu\/#breadcrumb"},"inLanguage":"cs","potentialAction":[{"@type":"ReadAction","target":["https:\/\/anderskafka.cz\/eshop\/produkt\/vms-saunas-rain-shower-sudova-sprcha-z-thermowoodu\/"]}]},{"@type":"BreadcrumbList","@id":"https:\/\/anderskafka.cz\/eshop\/produkt\/vms-saunas-rain-shower-sudova-sprcha-z-thermowoodu\/#breadcrumb","itemListElement":[{"@type":"ListItem","position":1,"name":"Obchod","item":"https:\/\/anderskafka.cz\/eshop\/obchod\/"},{"@type":"ListItem","position":2,"name":"RAIN SHOWER \u2013 sudov\u00e1 sprcha z thermowoodu\u00ae"}]}]}},"locations":[],"_links":{"self":[{"href":"https:\/\/anderskafka.cz\/eshop\/wp-json\/wp\/v2\/product\/7003"}],"collection":[{"href":"https:\/\/anderskafka.cz\/eshop\/wp-json\/wp\/v2\/product"}],"about":[{"href":"https:\/\/anderskafka.cz\/eshop\/wp-json\/wp\/v2\/types\/product"}],"replies":[{"embeddable":true,"href":"https:\/\/anderskafka.cz\/eshop\/wp-json\/wp\/v2\/comments?post=7003"}],"wp:featuredmedia":[{"embeddable":true,"href":"https:\/\/anderskafka.cz\/eshop\/wp-json\/wp\/v2\/media\/7065"}],"wp:attachment":[{"href":"https:\/\/anderskafka.cz\/eshop\/wp-json\/wp\/v2\/media?parent=7003"}],"wp:term":[{"taxonomy":"location","embeddable":true,"href":"https:\/\/anderskafka.cz\/eshop\/wp-json\/wp\/v2\/location?post=7003"},{"taxonomy":"product_cat","embeddable":true,"href":"https:\/\/anderskafka.cz\/eshop\/wp-json\/wp\/v2\/product_cat?post=7003"},{"taxonomy":"product_tag","embeddable":true,"href":"https:\/\/anderskafka.cz\/eshop\/wp-json\/wp\/v2\/product_tag?post=7003"}],"curies":[{"name":"wp","href":"https:\/\/api.w.org\/{rel}","templated":true}]}}