{"id":7029,"date":"2024-03-12T12:25:11","date_gmt":"2024-03-12T11:25:11","guid":{"rendered":"https:\/\/anderskafka.cz\/eshop\/?post_type=product&#038;p=7029"},"modified":"2025-10-09T09:37:10","modified_gmt":"2025-10-09T07:37:10","slug":"doterra-tea-tree-15-ml","status":"publish","type":"product","link":"https:\/\/anderskafka.cz\/eshop\/produkt\/doterra-tea-tree-15-ml\/","title":{"rendered":"Esenci\u00e1ln\u00ed olej d\u014dTERRA\u2122 Tea Tree 15 ml"},"content":{"rendered":"<p>D\u014dTERRA\u2122 esenci\u00e1ln\u00ed olej Tea Tree &#8211; Melaleuca je zn\u00e1m\u00fd sv\u00fdmi o\u010distn\u00fdmi a omlazuj\u00edc\u00edmi \u00fa\u010dinky. Podporuje imunitn\u00ed syst\u00e9m, \u010dist\u00ed poko\u017eku, kter\u00e9 dod\u00e1v\u00e1 obnovou sv\u011b\u017eest a podporuje zdravou ple\u0165. \u010cist\u00ed a osv\u011b\u017euje vzduch. Uklid\u0148uje.<\/p>\n<p>\u00c9terick\u00fd olej \u010dajovn\u00edku se pou\u017e\u00edv\u00e1 ke zklidn\u011bn\u00ed podr\u00e1\u017ed\u011bn\u00e9 poko\u017eky. M\u00e1 siln\u00e9 protiz\u00e1n\u011btliv\u00e9 vlastnosti. Pom\u00e1h\u00e1 uvolnit napjat\u00e9 svaly. Je skv\u011bl\u00fdm p\u0159\u00edrodn\u00edm repelentem &#8211; proti kom\u00e1r\u016fm a kl\u00ed\u0161\u0165at\u016fm. Ide\u00e1ln\u00ed pro desinfekci drobn\u00fdch ranek. M\u016f\u017ee pomoci ke sn\u00ed\u017een\u00ed stresu a uklidn\u011bn\u00ed.<\/p>\n<p>&nbsp;<\/p>\n<p>POU\u017dIT\u00cd<\/p>\n<p>P\u0159idejte p\u00e1r kapek do saunov\u00e9ho v\u011bdra s vodou a postupn\u011b nal\u00e9vejte na rozp\u00e1len\u00e9 saunov\u00e9 kameny.<br \/>\nNakapejte do vody v difuz\u00e9ru.<br \/>\nK lok\u00e1ln\u00edmu pou\u017eit\u00ed na poko\u017ece.<br \/>\nNa mas\u00e1\u017e i koupel sm\u00edchejte p\u00e1r kapek s nosn\u00fdm olejem.<\/p>\n<p>Citliv\u00e1 poko\u017eka m\u016f\u017ee reagovat podr\u00e1\u017ed\u011bn\u00edm &#8211; proto p\u0159i pou\u017e\u00edv\u00e1n\u00ed \u0159e\u010fte v nosn\u00e9m oleji. Uchov\u00e1vejte mimo dosah d\u011bt\u00ed.<\/p>\n<p>&nbsp;<\/p>\n<div>\n<p>Obsah t\u00e9to webov\u00e9 str\u00e1nky vych\u00e1z\u00ed z n\u00e1zor\u016f spole\u010dnosti doTERRA.<\/p>\n<\/div>\n","protected":false},"excerpt":{"rendered":"<p>D\u014dTERRA\u2122 esenci\u00e1ln\u00ed olej Tea Tree &#8211; Melaleuca je zn\u00e1m\u00fd sv\u00fdmi o\u010distn\u00fdmi a omlazuj\u00edc\u00edmi \u00fa\u010dinky. Podporuje imunitn\u00ed syst\u00e9m, \u010dist\u00ed poko\u017eku, kter\u00e9 dod\u00e1v\u00e1 obnovou sv\u011b\u017eest a podporuje zdravou ple\u0165. \u010cist\u00ed a osv\u011b\u017euje vzduch. Uklid\u0148uje.<\/p>\n<p>P\u0159idejte p\u00e1r kapek do saunov\u00e9ho v\u011bdra s vodou a postupn\u011b nal\u00e9vejte na rozp\u00e1len\u00e9 saunov\u00e9 kameny.<\/p>\n<p>&nbsp;<\/p>\n","protected":false},"featured_media":8022,"comment_status":"open","ping_status":"closed","template":"","meta":{"site-sidebar-layout":"default","site-content-layout":"default","ast-main-header-display":"","ast-hfb-above-header-display":"","ast-hfb-below-header-display":"","ast-hfb-mobile-header-display":"","site-post-title":"","ast-breadcrumbs-content":"","ast-featured-img":"","footer-sml-layout":"","theme-transparent-header-meta":"","adv-header-id-meta":"","stick-header-meta":"","header-above-stick-meta":"","header-main-stick-meta":"","header-below-stick-meta":""},"location":[],"product_cat":[959],"product_tag":[958],"yoast_head":"<!-- This site is optimized with the Yoast SEO plugin v18.5.1 - https:\/\/yoast.com\/wordpress\/plugins\/seo\/ -->\n<title>Esenci\u00e1ln\u00ed olej d\u014dTERRA\u2122 Tea Tree 15 ml - Anders &amp; Kafka E-SHOP<\/title>\n<meta name=\"description\" content=\"D\u014dTERRA\u2122 esenci\u00e1ln\u00ed olej Tea Tree - Melaleuca je zn\u00e1m\u00fd sv\u00fdmi o\u010distn\u00fdmi a omlazuj\u00edc\u00edmi \u00fa\u010dinky. Podporuje imunitn\u00ed syst\u00e9m, \u010dist\u00ed poko\u017eku, kter\u00e9 dod\u00e1v\u00e1 obnovou sv\u011b\u017eest a podporuje zdravou ple\u0165. \u010cist\u00ed a osv\u011b\u017euje vzduch. Uklid\u0148uje.  P\u0159idejte p\u00e1r kapek do saunov\u00e9ho v\u011bdra s vodou a postupn\u011b nal\u00e9vejte na rozp\u00e1len\u00e9 saunov\u00e9 kameny.  &nbsp;\" \/>\n<meta name=\"robots\" content=\"index, follow, max-snippet:-1, max-image-preview:large, max-video-preview:-1\" \/>\n<link rel=\"canonical\" href=\"https:\/\/anderskafka.cz\/eshop\/produkt\/doterra-tea-tree-15-ml\/\" \/>\n<meta property=\"og:locale\" content=\"cs_CZ\" \/>\n<meta property=\"og:type\" content=\"article\" \/>\n<meta property=\"og:title\" content=\"Esenci\u00e1ln\u00ed olej d\u014dTERRA\u2122 Tea Tree 15 ml - Anders &amp; Kafka E-SHOP\" \/>\n<meta property=\"og:description\" content=\"D\u014dTERRA\u2122 esenci\u00e1ln\u00ed olej Tea Tree - Melaleuca je zn\u00e1m\u00fd sv\u00fdmi o\u010distn\u00fdmi a omlazuj\u00edc\u00edmi \u00fa\u010dinky. Podporuje imunitn\u00ed syst\u00e9m, \u010dist\u00ed poko\u017eku, kter\u00e9 dod\u00e1v\u00e1 obnovou sv\u011b\u017eest a podporuje zdravou ple\u0165. \u010cist\u00ed a osv\u011b\u017euje vzduch. Uklid\u0148uje.  P\u0159idejte p\u00e1r kapek do saunov\u00e9ho v\u011bdra s vodou a postupn\u011b nal\u00e9vejte na rozp\u00e1len\u00e9 saunov\u00e9 kameny.  &nbsp;\" \/>\n<meta property=\"og:url\" content=\"https:\/\/anderskafka.cz\/eshop\/produkt\/doterra-tea-tree-15-ml\/\" \/>\n<meta property=\"og:site_name\" content=\"Anders &amp; Kafka E-SHOP\" \/>\n<meta property=\"article:modified_time\" content=\"2025-10-09T07:37:10+00:00\" \/>\n<meta property=\"og:image\" content=\"https:\/\/anderskafka.cz\/eshop\/wp-content\/uploads\/sites\/3\/2024\/09\/Tea_Tree_15ml.png\" \/>\n\t<meta property=\"og:image:width\" content=\"1080\" \/>\n\t<meta property=\"og:image:height\" content=\"1080\" \/>\n\t<meta property=\"og:image:type\" content=\"image\/png\" \/>\n<meta name=\"twitter:card\" content=\"summary_large_image\" \/>\n<meta name=\"twitter:label1\" content=\"Odhadovan\u00e1 doba \u010dten\u00ed\" \/>\n\t<meta name=\"twitter:data1\" content=\"1 minuta\" \/>\n<script type=\"application\/ld+json\" class=\"yoast-schema-graph\">{\"@context\":\"https:\/\/schema.org\",\"@graph\":[{\"@type\":\"WebSite\",\"@id\":\"https:\/\/anderskafka.cz\/eshop\/#website\",\"url\":\"https:\/\/anderskafka.cz\/eshop\/\",\"name\":\"Anders &amp; Kafka E-SHOP\",\"description\":\"Anders &amp; Kafka E-SHOP\",\"potentialAction\":[{\"@type\":\"SearchAction\",\"target\":{\"@type\":\"EntryPoint\",\"urlTemplate\":\"https:\/\/anderskafka.cz\/eshop\/?s={search_term_string}\"},\"query-input\":\"required name=search_term_string\"}],\"inLanguage\":\"cs\"},{\"@type\":\"ImageObject\",\"@id\":\"https:\/\/anderskafka.cz\/eshop\/produkt\/doterra-tea-tree-15-ml\/#primaryimage\",\"inLanguage\":\"cs\",\"url\":\"https:\/\/anderskafka.cz\/eshop\/wp-content\/uploads\/sites\/3\/2024\/09\/Tea_Tree_15ml.png\",\"contentUrl\":\"https:\/\/anderskafka.cz\/eshop\/wp-content\/uploads\/sites\/3\/2024\/09\/Tea_Tree_15ml.png\",\"width\":1080,\"height\":1080},{\"@type\":\"WebPage\",\"@id\":\"https:\/\/anderskafka.cz\/eshop\/produkt\/doterra-tea-tree-15-ml\/#webpage\",\"url\":\"https:\/\/anderskafka.cz\/eshop\/produkt\/doterra-tea-tree-15-ml\/\",\"name\":\"Esenci\u00e1ln\u00ed olej d\u014dTERRA\u2122 Tea Tree 15 ml - Anders &amp; Kafka E-SHOP\",\"isPartOf\":{\"@id\":\"https:\/\/anderskafka.cz\/eshop\/#website\"},\"primaryImageOfPage\":{\"@id\":\"https:\/\/anderskafka.cz\/eshop\/produkt\/doterra-tea-tree-15-ml\/#primaryimage\"},\"datePublished\":\"2024-03-12T11:25:11+00:00\",\"dateModified\":\"2025-10-09T07:37:10+00:00\",\"description\":\"D\u014dTERRA\u2122 esenci\u00e1ln\u00ed olej Tea Tree - Melaleuca je zn\u00e1m\u00fd sv\u00fdmi o\u010distn\u00fdmi a omlazuj\u00edc\u00edmi \u00fa\u010dinky. Podporuje imunitn\u00ed syst\u00e9m, \u010dist\u00ed poko\u017eku, kter\u00e9 dod\u00e1v\u00e1 obnovou sv\u011b\u017eest a podporuje zdravou ple\u0165. \u010cist\u00ed a osv\u011b\u017euje vzduch. Uklid\u0148uje. P\u0159idejte p\u00e1r kapek do saunov\u00e9ho v\u011bdra s vodou a postupn\u011b nal\u00e9vejte na rozp\u00e1len\u00e9 saunov\u00e9 kameny. &nbsp;\",\"breadcrumb\":{\"@id\":\"https:\/\/anderskafka.cz\/eshop\/produkt\/doterra-tea-tree-15-ml\/#breadcrumb\"},\"inLanguage\":\"cs\",\"potentialAction\":[{\"@type\":\"ReadAction\",\"target\":[\"https:\/\/anderskafka.cz\/eshop\/produkt\/doterra-tea-tree-15-ml\/\"]}]},{\"@type\":\"BreadcrumbList\",\"@id\":\"https:\/\/anderskafka.cz\/eshop\/produkt\/doterra-tea-tree-15-ml\/#breadcrumb\",\"itemListElement\":[{\"@type\":\"ListItem\",\"position\":1,\"name\":\"Obchod\",\"item\":\"https:\/\/anderskafka.cz\/eshop\/obchod\/\"},{\"@type\":\"ListItem\",\"position\":2,\"name\":\"Esenci\u00e1ln\u00ed olej d\u014dTERRA\u2122 Tea Tree 15 ml\"}]}]}<\/script>\n<!-- \/ Yoast SEO plugin. -->","yoast_head_json":{"title":"Esenci\u00e1ln\u00ed olej d\u014dTERRA\u2122 Tea Tree 15 ml - Anders &amp; Kafka E-SHOP","description":"D\u014dTERRA\u2122 esenci\u00e1ln\u00ed olej Tea Tree - Melaleuca je zn\u00e1m\u00fd sv\u00fdmi o\u010distn\u00fdmi a omlazuj\u00edc\u00edmi \u00fa\u010dinky. Podporuje imunitn\u00ed syst\u00e9m, \u010dist\u00ed poko\u017eku, kter\u00e9 dod\u00e1v\u00e1 obnovou sv\u011b\u017eest a podporuje zdravou ple\u0165. \u010cist\u00ed a osv\u011b\u017euje vzduch. Uklid\u0148uje.  P\u0159idejte p\u00e1r kapek do saunov\u00e9ho v\u011bdra s vodou a postupn\u011b nal\u00e9vejte na rozp\u00e1len\u00e9 saunov\u00e9 kameny.  &nbsp;","robots":{"index":"index","follow":"follow","max-snippet":"max-snippet:-1","max-image-preview":"max-image-preview:large","max-video-preview":"max-video-preview:-1"},"canonical":"https:\/\/anderskafka.cz\/eshop\/produkt\/doterra-tea-tree-15-ml\/","og_locale":"cs_CZ","og_type":"article","og_title":"Esenci\u00e1ln\u00ed olej d\u014dTERRA\u2122 Tea Tree 15 ml - Anders &amp; Kafka E-SHOP","og_description":"D\u014dTERRA\u2122 esenci\u00e1ln\u00ed olej Tea Tree - Melaleuca je zn\u00e1m\u00fd sv\u00fdmi o\u010distn\u00fdmi a omlazuj\u00edc\u00edmi \u00fa\u010dinky. Podporuje imunitn\u00ed syst\u00e9m, \u010dist\u00ed poko\u017eku, kter\u00e9 dod\u00e1v\u00e1 obnovou sv\u011b\u017eest a podporuje zdravou ple\u0165. \u010cist\u00ed a osv\u011b\u017euje vzduch. Uklid\u0148uje.  P\u0159idejte p\u00e1r kapek do saunov\u00e9ho v\u011bdra s vodou a postupn\u011b nal\u00e9vejte na rozp\u00e1len\u00e9 saunov\u00e9 kameny.  &nbsp;","og_url":"https:\/\/anderskafka.cz\/eshop\/produkt\/doterra-tea-tree-15-ml\/","og_site_name":"Anders &amp; Kafka E-SHOP","article_modified_time":"2025-10-09T07:37:10+00:00","og_image":[{"width":1080,"height":1080,"url":"https:\/\/anderskafka.cz\/eshop\/wp-content\/uploads\/sites\/3\/2024\/09\/Tea_Tree_15ml.png","type":"image\/png"}],"twitter_card":"summary_large_image","twitter_misc":{"Odhadovan\u00e1 doba \u010dten\u00ed":"1 minuta"},"schema":{"@context":"https:\/\/schema.org","@graph":[{"@type":"WebSite","@id":"https:\/\/anderskafka.cz\/eshop\/#website","url":"https:\/\/anderskafka.cz\/eshop\/","name":"Anders &amp; Kafka E-SHOP","description":"Anders &amp; Kafka E-SHOP","potentialAction":[{"@type":"SearchAction","target":{"@type":"EntryPoint","urlTemplate":"https:\/\/anderskafka.cz\/eshop\/?s={search_term_string}"},"query-input":"required name=search_term_string"}],"inLanguage":"cs"},{"@type":"ImageObject","@id":"https:\/\/anderskafka.cz\/eshop\/produkt\/doterra-tea-tree-15-ml\/#primaryimage","inLanguage":"cs","url":"https:\/\/anderskafka.cz\/eshop\/wp-content\/uploads\/sites\/3\/2024\/09\/Tea_Tree_15ml.png","contentUrl":"https:\/\/anderskafka.cz\/eshop\/wp-content\/uploads\/sites\/3\/2024\/09\/Tea_Tree_15ml.png","width":1080,"height":1080},{"@type":"WebPage","@id":"https:\/\/anderskafka.cz\/eshop\/produkt\/doterra-tea-tree-15-ml\/#webpage","url":"https:\/\/anderskafka.cz\/eshop\/produkt\/doterra-tea-tree-15-ml\/","name":"Esenci\u00e1ln\u00ed olej d\u014dTERRA\u2122 Tea Tree 15 ml - Anders &amp; Kafka E-SHOP","isPartOf":{"@id":"https:\/\/anderskafka.cz\/eshop\/#website"},"primaryImageOfPage":{"@id":"https:\/\/anderskafka.cz\/eshop\/produkt\/doterra-tea-tree-15-ml\/#primaryimage"},"datePublished":"2024-03-12T11:25:11+00:00","dateModified":"2025-10-09T07:37:10+00:00","description":"D\u014dTERRA\u2122 esenci\u00e1ln\u00ed olej Tea Tree - Melaleuca je zn\u00e1m\u00fd sv\u00fdmi o\u010distn\u00fdmi a omlazuj\u00edc\u00edmi \u00fa\u010dinky. Podporuje imunitn\u00ed syst\u00e9m, \u010dist\u00ed poko\u017eku, kter\u00e9 dod\u00e1v\u00e1 obnovou sv\u011b\u017eest a podporuje zdravou ple\u0165. \u010cist\u00ed a osv\u011b\u017euje vzduch. Uklid\u0148uje. P\u0159idejte p\u00e1r kapek do saunov\u00e9ho v\u011bdra s vodou a postupn\u011b nal\u00e9vejte na rozp\u00e1len\u00e9 saunov\u00e9 kameny. &nbsp;","breadcrumb":{"@id":"https:\/\/anderskafka.cz\/eshop\/produkt\/doterra-tea-tree-15-ml\/#breadcrumb"},"inLanguage":"cs","potentialAction":[{"@type":"ReadAction","target":["https:\/\/anderskafka.cz\/eshop\/produkt\/doterra-tea-tree-15-ml\/"]}]},{"@type":"BreadcrumbList","@id":"https:\/\/anderskafka.cz\/eshop\/produkt\/doterra-tea-tree-15-ml\/#breadcrumb","itemListElement":[{"@type":"ListItem","position":1,"name":"Obchod","item":"https:\/\/anderskafka.cz\/eshop\/obchod\/"},{"@type":"ListItem","position":2,"name":"Esenci\u00e1ln\u00ed olej d\u014dTERRA\u2122 Tea Tree 15 ml"}]}]}},"locations":[],"_links":{"self":[{"href":"https:\/\/anderskafka.cz\/eshop\/wp-json\/wp\/v2\/product\/7029"}],"collection":[{"href":"https:\/\/anderskafka.cz\/eshop\/wp-json\/wp\/v2\/product"}],"about":[{"href":"https:\/\/anderskafka.cz\/eshop\/wp-json\/wp\/v2\/types\/product"}],"replies":[{"embeddable":true,"href":"https:\/\/anderskafka.cz\/eshop\/wp-json\/wp\/v2\/comments?post=7029"}],"wp:featuredmedia":[{"embeddable":true,"href":"https:\/\/anderskafka.cz\/eshop\/wp-json\/wp\/v2\/media\/8022"}],"wp:attachment":[{"href":"https:\/\/anderskafka.cz\/eshop\/wp-json\/wp\/v2\/media?parent=7029"}],"wp:term":[{"taxonomy":"location","embeddable":true,"href":"https:\/\/anderskafka.cz\/eshop\/wp-json\/wp\/v2\/location?post=7029"},{"taxonomy":"product_cat","embeddable":true,"href":"https:\/\/anderskafka.cz\/eshop\/wp-json\/wp\/v2\/product_cat?post=7029"},{"taxonomy":"product_tag","embeddable":true,"href":"https:\/\/anderskafka.cz\/eshop\/wp-json\/wp\/v2\/product_tag?post=7029"}],"curies":[{"name":"wp","href":"https:\/\/api.w.org\/{rel}","templated":true}]}}